{"id":74788,"date":"2026-05-12T15:26:08","date_gmt":"2026-05-12T12:26:08","guid":{"rendered":"https:\/\/biljardi.fi\/?post_type=product&#038;p=74788"},"modified":"2026-05-12T15:29:20","modified_gmt":"2026-05-12T12:29:20","slug":"mezz-avant-avt-24k-w2-pool-butt","status":"publish","type":"product","link":"https:\/\/biljardi.fi\/en\/product\/mezz-avant-avt-24k-w2-pool-butt\/","title":{"rendered":"Mezz Avant AVT-24K\/W2 pool butt"},"content":{"rendered":"<p>Mezz Avant AVT-24K\/W2 pool butt<\/p>\n<p>THE WEIGHT AND BALANCE YOU DESIRE<\/p>\n<p>The revolutionary AVANT with its Dual Loading System offers unparalleled customizability allowing the AVANT cue to be balanced and weight adjusted at the same time. Optimum weight and balance can be achieved through 8 different bolts which can be inserted in butt end and forearm to adapt the weight and balance in 0.25oz increments. In addition, the AVANT comes standard with the X bumper, so the Mezz extensions (sold separately) can be installed.<\/p>\n<p>*The AVANT is sold as a butt only model. Player may purchase any shaft of their choice and hence further the experience of having a truly original cue.<\/p>\n<div class=\"contents\">\n<div class=\"content\">\n<div class=\"message\">The Dual Load System offers unparalleled customizability allowing the cue to be balanced and weight adjusted at the same time without sacrificing the total weight of the cue.<br \/>\nOptimum weight and balance can be achieved through 8 different bolts which can be inserted in butt end and forearm to adapt the weight and balance in 0.25oz increments.<\/div>\n<div>\n<p class=\"title\">Forearm Loading System<\/p>\n<p class=\"text\">By splitting the center of the butt, a weight bolt can be inserted in the forearm section.<\/p>\n<p class=\"title\">Butt end Loading System<\/p>\n<p class=\"text\">Remove the X-bumper and a weight bolt can be inserted in the butt end section.<\/p>\n<\/div>\n<\/div>\n<\/div>\n<section id=\"spec\" class=\"column\">\n<h1 class=\"column-title\">Specs<\/h1>\n<div class=\"content column\">\n<table class=\"data style-1\" border=\"0\" width=\"100%\" cellspacing=\"0\" cellpadding=\"5\">\n<tbody>\n<tr>\n<th scope=\"row\" align=\"left\" valign=\"top\" nowrap=\"nowrap\" width=\"25%\">Joint<\/th>\n<td>Wavy 2<\/td>\n<\/tr>\n<tr>\n<th scope=\"row\" align=\"left\" valign=\"top\" nowrap=\"nowrap\" width=\"25%\">Butt length<\/th>\n<td>737mm (29.0inch)<\/td>\n<\/tr>\n<tr>\n<th scope=\"row\" align=\"left\" valign=\"top\" nowrap=\"nowrap\" width=\"25%\">Grip<\/th>\n<td>Irish linen<\/td>\n<\/tr>\n<tr>\n<th scope=\"row\" align=\"left\" valign=\"top\" nowrap=\"nowrap\" width=\"25%\">Bumper<\/th>\n<td>X-Bumper<\/td>\n<\/tr>\n<tr>\n<th scope=\"row\" align=\"left\" valign=\"top\" nowrap=\"nowrap\" width=\"25%\">Weight<\/th>\n<td>435g (15oz)<\/td>\n<\/tr>\n<\/tbody>\n<\/table>\n<\/div>\n<\/section>\n<section id=\"material\" class=\"column\">\n<h1 class=\"column-title\">Material<\/h1>\n<div class=\"contents column\">\n<div class=\"content column\">\n<table class=\"data style-1\" border=\"0\" width=\"100%\" cellspacing=\"0\" cellpadding=\"5\">\n<tbody>\n<tr>\n<th scope=\"row\" align=\"left\" valign=\"top\" nowrap=\"nowrap\" width=\"25%\">Forearm<\/th>\n<td>Composite wood (Black)<\/td>\n<\/tr>\n<tr>\n<th scope=\"row\" align=\"left\" valign=\"top\" nowrap=\"nowrap\" width=\"25%\">Forearm Inlays<\/th>\n<td>Juma, Black dragon Juma, Paua shell<\/td>\n<\/tr>\n<tr>\n<th scope=\"row\" align=\"left\" valign=\"top\" nowrap=\"nowrap\" width=\"25%\">Butt Sleeve<\/th>\n<td>Composite wood (Black)<\/td>\n<\/tr>\n<tr>\n<th scope=\"row\" align=\"left\" valign=\"top\" nowrap=\"nowrap\" width=\"25%\">Butt Sleeve Inlays<\/th>\n<td>Black dragon Juma<\/td>\n<\/tr>\n<\/tbody>\n<\/table>\n<p>&nbsp;<\/p>\n<\/div>\n<\/div>\n<\/section>\n","protected":false},"excerpt":{"rendered":"<p>Mezz Avant AVT-24K\/W2 pool butt THE WEIGHT AND BALANCE YOU DESIRE The revolutionary AVANT with its Dual Loading System offers unparalleled customizability allowing the AVANT cue to be balanced and weight adjusted at the same time. Optimum weight and balance can be achieved through 8 different bolts which can be inserted in butt end and [&hellip;]<\/p>\n","protected":false},"featured_media":74789,"comment_status":"closed","ping_status":"closed","template":"","meta":[],"product_brand":[2245],"product_cat":[2071],"product_tag":[],"giftcard-category":[],"class_list":{"0":"post-74788","1":"product","2":"type-product","3":"status-publish","4":"has-post-thumbnail","6":"product_brand-mezz","7":"product_cat-pool-cues","9":"first","10":"instock","11":"taxable","12":"shipping-taxable","13":"purchasable","14":"product-type-simple"},"exclude_global_add_ons":false,"addons":[],"yoast_head":"<!-- This site is optimized with the Yoast SEO plugin v27.6 - https:\/\/yoast.com\/product\/yoast-seo-wordpress\/ -->\n<title>[wpseo_titles]title-Tuote<\/title>\n<meta name=\"description\" content=\"[wpseo_titles]metadesc-Tuote\" \/>\n<meta name=\"robots\" content=\"index, follow, max-snippet:-1, max-image-preview:large, max-video-preview:-1\" \/>\n<link rel=\"canonical\" href=\"https:\/\/biljardi.fi\/en\/product\/mezz-avant-avt-24k-w2-pool-butt\/\" \/>\n<meta property=\"og:locale\" content=\"en_US\" \/>\n<meta property=\"og:type\" content=\"article\" \/>\n<meta property=\"og:title\" content=\"[wpseo_titles]title-Tuote\" \/>\n<meta property=\"og:description\" content=\"[wpseo_titles]metadesc-Tuote\" \/>\n<meta property=\"og:url\" content=\"https:\/\/biljardi.fi\/en\/product\/mezz-avant-avt-24k-w2-pool-butt\/\" \/>\n<meta property=\"og:site_name\" content=\"Suomen Biljardimyynti Oy\" \/>\n<meta property=\"article:modified_time\" content=\"2026-05-12T12:29:20+00:00\" \/>\n<meta property=\"og:image\" content=\"https:\/\/biljardi.fi\/wp-content\/uploads\/2026\/05\/AVT-24K_W2.png\" \/>\n\t<meta property=\"og:image:width\" content=\"1920\" \/>\n\t<meta property=\"og:image:height\" content=\"897\" \/>\n\t<meta property=\"og:image:type\" content=\"image\/png\" \/>\n<meta name=\"twitter:card\" content=\"summary_large_image\" \/>\n<meta name=\"twitter:label1\" content=\"Est. reading time\" \/>\n\t<meta name=\"twitter:data1\" content=\"2 minutes\" \/>\n<script type=\"application\/ld+json\" class=\"yoast-schema-graph\">{\"@context\":\"https:\\\/\\\/schema.org\",\"@graph\":[{\"@type\":\"WebPage\",\"@id\":\"https:\\\/\\\/biljardi.fi\\\/en\\\/product\\\/mezz-avant-avt-24k-w2-pool-butt\\\/\",\"url\":\"https:\\\/\\\/biljardi.fi\\\/en\\\/product\\\/mezz-avant-avt-24k-w2-pool-butt\\\/\",\"name\":\"[wpseo_titles]title-Tuote\",\"isPartOf\":{\"@id\":\"https:\\\/\\\/biljardi.fi\\\/en\\\/#website\"},\"primaryImageOfPage\":{\"@id\":\"https:\\\/\\\/biljardi.fi\\\/en\\\/product\\\/mezz-avant-avt-24k-w2-pool-butt\\\/#primaryimage\"},\"image\":{\"@id\":\"https:\\\/\\\/biljardi.fi\\\/en\\\/product\\\/mezz-avant-avt-24k-w2-pool-butt\\\/#primaryimage\"},\"thumbnailUrl\":\"https:\\\/\\\/biljardi.fi\\\/wp-content\\\/uploads\\\/2026\\\/05\\\/AVT-24K_W2.png\",\"datePublished\":\"2026-05-12T12:26:08+00:00\",\"dateModified\":\"2026-05-12T12:29:20+00:00\",\"description\":\"[wpseo_titles]metadesc-Tuote\",\"breadcrumb\":{\"@id\":\"https:\\\/\\\/biljardi.fi\\\/en\\\/product\\\/mezz-avant-avt-24k-w2-pool-butt\\\/#breadcrumb\"},\"inLanguage\":\"en-US\",\"potentialAction\":[{\"@type\":\"ReadAction\",\"target\":[\"https:\\\/\\\/biljardi.fi\\\/en\\\/product\\\/mezz-avant-avt-24k-w2-pool-butt\\\/\"]}]},{\"@type\":\"ImageObject\",\"inLanguage\":\"en-US\",\"@id\":\"https:\\\/\\\/biljardi.fi\\\/en\\\/product\\\/mezz-avant-avt-24k-w2-pool-butt\\\/#primaryimage\",\"url\":\"https:\\\/\\\/biljardi.fi\\\/wp-content\\\/uploads\\\/2026\\\/05\\\/AVT-24K_W2.png\",\"contentUrl\":\"https:\\\/\\\/biljardi.fi\\\/wp-content\\\/uploads\\\/2026\\\/05\\\/AVT-24K_W2.png\",\"width\":1920,\"height\":897},{\"@type\":\"BreadcrumbList\",\"@id\":\"https:\\\/\\\/biljardi.fi\\\/en\\\/product\\\/mezz-avant-avt-24k-w2-pool-butt\\\/#breadcrumb\",\"itemListElement\":[{\"@type\":\"ListItem\",\"position\":1,\"name\":\"Etusivu\",\"item\":\"https:\\\/\\\/biljardi.fi\\\/en\\\/home\\\/\"},{\"@type\":\"ListItem\",\"position\":2,\"name\":\"Shop\",\"item\":\"https:\\\/\\\/biljardi.fi\\\/en\\\/shop\\\/\"},{\"@type\":\"ListItem\",\"position\":3,\"name\":\"Mezz Avant AVT-24K\\\/W2 pool butt\"}]},{\"@type\":\"WebSite\",\"@id\":\"https:\\\/\\\/biljardi.fi\\\/en\\\/#website\",\"url\":\"https:\\\/\\\/biljardi.fi\\\/en\\\/\",\"name\":\"Suomen Biljardimyynti Oy\",\"description\":\"Biljardip\u00f6yd\u00e4t, Biljardi, Darts, Ilmakiekko, P\u00f6yt\u00e4jalkapallo\",\"publisher\":{\"@id\":\"https:\\\/\\\/biljardi.fi\\\/en\\\/#organization\"},\"potentialAction\":[{\"@type\":\"SearchAction\",\"target\":{\"@type\":\"EntryPoint\",\"urlTemplate\":\"https:\\\/\\\/biljardi.fi\\\/en\\\/?s={search_term_string}\"},\"query-input\":{\"@type\":\"PropertyValueSpecification\",\"valueRequired\":true,\"valueName\":\"search_term_string\"}}],\"inLanguage\":\"en-US\"},{\"@type\":\"Organization\",\"@id\":\"https:\\\/\\\/biljardi.fi\\\/en\\\/#organization\",\"name\":\"Suomen Biljardimyynti Oy\",\"url\":\"https:\\\/\\\/biljardi.fi\\\/en\\\/\",\"logo\":{\"@type\":\"ImageObject\",\"inLanguage\":\"en-US\",\"@id\":\"https:\\\/\\\/biljardi.fi\\\/en\\\/#\\\/schema\\\/logo\\\/image\\\/\",\"url\":\"https:\\\/\\\/biljardi.fi\\\/wp-content\\\/uploads\\\/2025\\\/10\\\/logo_uus-1.png\",\"contentUrl\":\"https:\\\/\\\/biljardi.fi\\\/wp-content\\\/uploads\\\/2025\\\/10\\\/logo_uus-1.png\",\"width\":360,\"height\":94,\"caption\":\"Suomen Biljardimyynti Oy\"},\"image\":{\"@id\":\"https:\\\/\\\/biljardi.fi\\\/en\\\/#\\\/schema\\\/logo\\\/image\\\/\"}}]}<\/script>\n<!-- \/ Yoast SEO plugin. -->","yoast_head_json":{"title":"[wpseo_titles]title-Tuote","description":"[wpseo_titles]metadesc-Tuote","robots":{"index":"index","follow":"follow","max-snippet":"max-snippet:-1","max-image-preview":"max-image-preview:large","max-video-preview":"max-video-preview:-1"},"canonical":"https:\/\/biljardi.fi\/en\/product\/mezz-avant-avt-24k-w2-pool-butt\/","og_locale":"en_US","og_type":"article","og_title":"[wpseo_titles]title-Tuote","og_description":"[wpseo_titles]metadesc-Tuote","og_url":"https:\/\/biljardi.fi\/en\/product\/mezz-avant-avt-24k-w2-pool-butt\/","og_site_name":"Suomen Biljardimyynti Oy","article_modified_time":"2026-05-12T12:29:20+00:00","og_image":[{"width":1920,"height":897,"url":"https:\/\/biljardi.fi\/wp-content\/uploads\/2026\/05\/AVT-24K_W2.png","type":"image\/png"}],"twitter_card":"summary_large_image","twitter_misc":{"Est. reading time":"2 minutes"},"schema":{"@context":"https:\/\/schema.org","@graph":[{"@type":"WebPage","@id":"https:\/\/biljardi.fi\/en\/product\/mezz-avant-avt-24k-w2-pool-butt\/","url":"https:\/\/biljardi.fi\/en\/product\/mezz-avant-avt-24k-w2-pool-butt\/","name":"[wpseo_titles]title-Tuote","isPartOf":{"@id":"https:\/\/biljardi.fi\/en\/#website"},"primaryImageOfPage":{"@id":"https:\/\/biljardi.fi\/en\/product\/mezz-avant-avt-24k-w2-pool-butt\/#primaryimage"},"image":{"@id":"https:\/\/biljardi.fi\/en\/product\/mezz-avant-avt-24k-w2-pool-butt\/#primaryimage"},"thumbnailUrl":"https:\/\/biljardi.fi\/wp-content\/uploads\/2026\/05\/AVT-24K_W2.png","datePublished":"2026-05-12T12:26:08+00:00","dateModified":"2026-05-12T12:29:20+00:00","description":"[wpseo_titles]metadesc-Tuote","breadcrumb":{"@id":"https:\/\/biljardi.fi\/en\/product\/mezz-avant-avt-24k-w2-pool-butt\/#breadcrumb"},"inLanguage":"en-US","potentialAction":[{"@type":"ReadAction","target":["https:\/\/biljardi.fi\/en\/product\/mezz-avant-avt-24k-w2-pool-butt\/"]}]},{"@type":"ImageObject","inLanguage":"en-US","@id":"https:\/\/biljardi.fi\/en\/product\/mezz-avant-avt-24k-w2-pool-butt\/#primaryimage","url":"https:\/\/biljardi.fi\/wp-content\/uploads\/2026\/05\/AVT-24K_W2.png","contentUrl":"https:\/\/biljardi.fi\/wp-content\/uploads\/2026\/05\/AVT-24K_W2.png","width":1920,"height":897},{"@type":"BreadcrumbList","@id":"https:\/\/biljardi.fi\/en\/product\/mezz-avant-avt-24k-w2-pool-butt\/#breadcrumb","itemListElement":[{"@type":"ListItem","position":1,"name":"Etusivu","item":"https:\/\/biljardi.fi\/en\/home\/"},{"@type":"ListItem","position":2,"name":"Shop","item":"https:\/\/biljardi.fi\/en\/shop\/"},{"@type":"ListItem","position":3,"name":"Mezz Avant AVT-24K\/W2 pool butt"}]},{"@type":"WebSite","@id":"https:\/\/biljardi.fi\/en\/#website","url":"https:\/\/biljardi.fi\/en\/","name":"Suomen Biljardimyynti Oy","description":"Biljardip\u00f6yd\u00e4t, Biljardi, Darts, Ilmakiekko, P\u00f6yt\u00e4jalkapallo","publisher":{"@id":"https:\/\/biljardi.fi\/en\/#organization"},"potentialAction":[{"@type":"SearchAction","target":{"@type":"EntryPoint","urlTemplate":"https:\/\/biljardi.fi\/en\/?s={search_term_string}"},"query-input":{"@type":"PropertyValueSpecification","valueRequired":true,"valueName":"search_term_string"}}],"inLanguage":"en-US"},{"@type":"Organization","@id":"https:\/\/biljardi.fi\/en\/#organization","name":"Suomen Biljardimyynti Oy","url":"https:\/\/biljardi.fi\/en\/","logo":{"@type":"ImageObject","inLanguage":"en-US","@id":"https:\/\/biljardi.fi\/en\/#\/schema\/logo\/image\/","url":"https:\/\/biljardi.fi\/wp-content\/uploads\/2025\/10\/logo_uus-1.png","contentUrl":"https:\/\/biljardi.fi\/wp-content\/uploads\/2025\/10\/logo_uus-1.png","width":360,"height":94,"caption":"Suomen Biljardimyynti Oy"},"image":{"@id":"https:\/\/biljardi.fi\/en\/#\/schema\/logo\/image\/"}}]}},"_links":{"self":[{"href":"https:\/\/biljardi.fi\/en\/wp-json\/wp\/v2\/product\/74788","targetHints":{"allow":["GET"]}}],"collection":[{"href":"https:\/\/biljardi.fi\/en\/wp-json\/wp\/v2\/product"}],"about":[{"href":"https:\/\/biljardi.fi\/en\/wp-json\/wp\/v2\/types\/product"}],"replies":[{"embeddable":true,"href":"https:\/\/biljardi.fi\/en\/wp-json\/wp\/v2\/comments?post=74788"}],"wp:featuredmedia":[{"embeddable":true,"href":"https:\/\/biljardi.fi\/en\/wp-json\/wp\/v2\/media\/74789"}],"wp:attachment":[{"href":"https:\/\/biljardi.fi\/en\/wp-json\/wp\/v2\/media?parent=74788"}],"wp:term":[{"taxonomy":"product_brand","embeddable":true,"href":"https:\/\/biljardi.fi\/en\/wp-json\/wp\/v2\/product_brand?post=74788"},{"taxonomy":"product_cat","embeddable":true,"href":"https:\/\/biljardi.fi\/en\/wp-json\/wp\/v2\/product_cat?post=74788"},{"taxonomy":"product_tag","embeddable":true,"href":"https:\/\/biljardi.fi\/en\/wp-json\/wp\/v2\/product_tag?post=74788"},{"taxonomy":"giftcard-category","embeddable":true,"href":"https:\/\/biljardi.fi\/en\/wp-json\/wp\/v2\/giftcard-category?post=74788"}],"curies":[{"name":"wp","href":"https:\/\/api.w.org\/{rel}","templated":true}]}}