{"id":74664,"date":"2026-05-08T12:17:38","date_gmt":"2026-05-08T09:17:38","guid":{"rendered":"https:\/\/biljardi.fi\/?post_type=product&#038;p=74664"},"modified":"2026-05-08T12:17:41","modified_gmt":"2026-05-08T09:17:41","slug":"bulls-advantage-8-dartboard","status":"publish","type":"product","link":"https:\/\/biljardi.fi\/en\/product\/bulls-advantage-8-dartboard\/","title":{"rendered":"Bull&#8217;s Advantage 8 Dartboard"},"content":{"rendered":"<h2>Bull\u2019s Advantage 8 Dartboard<\/h2>\n<p>Introducing the Bull\u2019s Advantage 8 Dartboard,<strong>\u00a0<\/strong>the next generation in professional dartboard technology and the official successor to the Advantage 701. Designed for top-level performance and trusted for use by the Dutch Darts Federation (NDB) and others, this board delivers exceptional durability, precision, and innovation for serious players.<\/p>\n<p>The Advantage 8 builds on everything that made the 701 a success, while introducing a revolutionary\u00a0<strong>360\u00b0 symmetrical design<\/strong>\u00a0that allows the board to be rotated endlessly without affecting alignment or playability. This significantly extends the board\u2019s lifespan and ensures a consistently fresh playing surface.<\/p>\n<h3>Key Features<\/h3>\n<ul>\n<li><strong>360\u00b0 Rotatable &amp; Symmetrical Design:<\/strong>\u00a0The perfectly symmetrical layout allows you to rotate the board freely, distributing wear evenly and maintaining professional accuracy over time.<\/li>\n<li><strong>Professional-Grade Quality:<\/strong>\u00a0Approved for use by the NDB and suitable for tournament and league play.<\/li>\n<li><strong>High-Density African Sisal:<\/strong>\u00a0Made from premium-grade sisal for outstanding durability, self-healing properties, and consistent dart penetration.<\/li>\n<li><strong>Ultra-Thin Wire System:<\/strong>\u00a0Precision-engineered thin wiring reduces bounce-outs and maximizes scoring potential.<\/li>\n<li><strong>Hardened Bullseye &amp; Outer Bull:<\/strong>\u00a0Features a fully hardened bull and outer bull for longevity and consistent performance.<\/li>\n<li><strong>Modern Number Ring:<\/strong>\u00a0Stylish, straight number ring designed for clarity, durability, and a clean professional look.<\/li>\n<li><strong>Stable Wall Mounting:<\/strong>\u00a0Supplied with the U Fixing Bracket system for fast, secure, and stable installation.<\/li>\n<li><strong>Dampened rotation screws:<\/strong>\u00a0Sound-dampening rotation screws for reduced impact noise during play.<\/li>\n<\/ul>\n<h3>Designed for Performance<\/h3>\n<p>Whether you play competitively or recreationally, the Bull\u2019s Advantage 8 Dartboard delivers a premium playing experience with minimal bounce-outs, excellent visibility, and long-term reliability.<\/p>\n<h3>The Ultimate Choice for Serious Players<\/h3>\n<p>With its innovative 360\u00b0 rotation, professional approval, and refined construction, the Bull\u2019s Advantage 8 is the perfect upgrade for players who demand the best from their equipment.<\/p>\n","protected":false},"excerpt":{"rendered":"<p>Bull\u2019s Advantage 8 Dartboard Introducing the Bull\u2019s Advantage 8 Dartboard,\u00a0the next generation in professional dartboard technology and the official successor to the Advantage 701. Designed for top-level performance and trusted for use by the Dutch Darts Federation (NDB) and others, this board delivers exceptional durability, precision, and innovation for serious players. The Advantage 8 builds [&hellip;]<\/p>\n","protected":false},"featured_media":74668,"comment_status":"closed","ping_status":"closed","template":"","meta":[],"product_brand":[2241],"product_cat":[2146],"product_tag":[2238,2147],"giftcard-category":[],"class_list":{"0":"post-74664","1":"product","2":"type-product","3":"status-publish","4":"has-post-thumbnail","6":"product_brand-bulls","7":"product_cat-dartboards","8":"product_tag-harrows","9":"product_tag-winmau","11":"first","12":"instock","13":"taxable","14":"shipping-taxable","15":"purchasable","16":"product-type-simple"},"exclude_global_add_ons":[],"addons":[],"yoast_head":"<!-- This site is optimized with the Yoast SEO plugin v27.6 - https:\/\/yoast.com\/product\/yoast-seo-wordpress\/ -->\n<title>[wpseo_titles]title-Tuote<\/title>\n<meta name=\"description\" content=\"[wpseo_titles]metadesc-Tuote\" \/>\n<meta name=\"robots\" content=\"index, follow, max-snippet:-1, max-image-preview:large, max-video-preview:-1\" \/>\n<link rel=\"canonical\" href=\"https:\/\/biljardi.fi\/en\/product\/bulls-advantage-8-dartboard\/\" \/>\n<meta property=\"og:locale\" content=\"en_US\" \/>\n<meta property=\"og:type\" content=\"article\" \/>\n<meta property=\"og:title\" content=\"[wpseo_titles]title-Tuote\" \/>\n<meta property=\"og:description\" content=\"[wpseo_titles]metadesc-Tuote\" \/>\n<meta property=\"og:url\" content=\"https:\/\/biljardi.fi\/en\/product\/bulls-advantage-8-dartboard\/\" \/>\n<meta property=\"og:site_name\" content=\"Suomen Biljardimyynti Oy\" \/>\n<meta property=\"article:modified_time\" content=\"2026-05-08T09:17:41+00:00\" \/>\n<meta property=\"og:image\" content=\"https:\/\/biljardi.fi\/wp-content\/uploads\/2026\/05\/bull-s-advantage-8-dartboard-5.jpg\" \/>\n\t<meta property=\"og:image:width\" content=\"1200\" \/>\n\t<meta property=\"og:image:height\" content=\"1200\" \/>\n\t<meta property=\"og:image:type\" content=\"image\/jpeg\" \/>\n<meta name=\"twitter:card\" content=\"summary_large_image\" \/>\n<meta name=\"twitter:label1\" content=\"Est. reading time\" \/>\n\t<meta name=\"twitter:data1\" content=\"2 minutes\" \/>\n<script type=\"application\/ld+json\" class=\"yoast-schema-graph\">{\"@context\":\"https:\\\/\\\/schema.org\",\"@graph\":[{\"@type\":\"WebPage\",\"@id\":\"https:\\\/\\\/biljardi.fi\\\/en\\\/product\\\/bulls-advantage-8-dartboard\\\/\",\"url\":\"https:\\\/\\\/biljardi.fi\\\/en\\\/product\\\/bulls-advantage-8-dartboard\\\/\",\"name\":\"[wpseo_titles]title-Tuote\",\"isPartOf\":{\"@id\":\"https:\\\/\\\/biljardi.fi\\\/en\\\/#website\"},\"primaryImageOfPage\":{\"@id\":\"https:\\\/\\\/biljardi.fi\\\/en\\\/product\\\/bulls-advantage-8-dartboard\\\/#primaryimage\"},\"image\":{\"@id\":\"https:\\\/\\\/biljardi.fi\\\/en\\\/product\\\/bulls-advantage-8-dartboard\\\/#primaryimage\"},\"thumbnailUrl\":\"https:\\\/\\\/biljardi.fi\\\/wp-content\\\/uploads\\\/2026\\\/05\\\/bull-s-advantage-8-dartboard-5.jpg\",\"datePublished\":\"2026-05-08T09:17:38+00:00\",\"dateModified\":\"2026-05-08T09:17:41+00:00\",\"description\":\"[wpseo_titles]metadesc-Tuote\",\"breadcrumb\":{\"@id\":\"https:\\\/\\\/biljardi.fi\\\/en\\\/product\\\/bulls-advantage-8-dartboard\\\/#breadcrumb\"},\"inLanguage\":\"en-US\",\"potentialAction\":[{\"@type\":\"ReadAction\",\"target\":[\"https:\\\/\\\/biljardi.fi\\\/en\\\/product\\\/bulls-advantage-8-dartboard\\\/\"]}]},{\"@type\":\"ImageObject\",\"inLanguage\":\"en-US\",\"@id\":\"https:\\\/\\\/biljardi.fi\\\/en\\\/product\\\/bulls-advantage-8-dartboard\\\/#primaryimage\",\"url\":\"https:\\\/\\\/biljardi.fi\\\/wp-content\\\/uploads\\\/2026\\\/05\\\/bull-s-advantage-8-dartboard-5.jpg\",\"contentUrl\":\"https:\\\/\\\/biljardi.fi\\\/wp-content\\\/uploads\\\/2026\\\/05\\\/bull-s-advantage-8-dartboard-5.jpg\",\"width\":1200,\"height\":1200},{\"@type\":\"BreadcrumbList\",\"@id\":\"https:\\\/\\\/biljardi.fi\\\/en\\\/product\\\/bulls-advantage-8-dartboard\\\/#breadcrumb\",\"itemListElement\":[{\"@type\":\"ListItem\",\"position\":1,\"name\":\"Etusivu\",\"item\":\"https:\\\/\\\/biljardi.fi\\\/en\\\/home\\\/\"},{\"@type\":\"ListItem\",\"position\":2,\"name\":\"Shop\",\"item\":\"https:\\\/\\\/biljardi.fi\\\/en\\\/shop\\\/\"},{\"@type\":\"ListItem\",\"position\":3,\"name\":\"Bull&#8217;s Advantage 8 Dartboard\"}]},{\"@type\":\"WebSite\",\"@id\":\"https:\\\/\\\/biljardi.fi\\\/en\\\/#website\",\"url\":\"https:\\\/\\\/biljardi.fi\\\/en\\\/\",\"name\":\"Suomen Biljardimyynti Oy\",\"description\":\"Biljardip\u00f6yd\u00e4t, Biljardi, Darts, Ilmakiekko, P\u00f6yt\u00e4jalkapallo\",\"publisher\":{\"@id\":\"https:\\\/\\\/biljardi.fi\\\/en\\\/#organization\"},\"potentialAction\":[{\"@type\":\"SearchAction\",\"target\":{\"@type\":\"EntryPoint\",\"urlTemplate\":\"https:\\\/\\\/biljardi.fi\\\/en\\\/?s={search_term_string}\"},\"query-input\":{\"@type\":\"PropertyValueSpecification\",\"valueRequired\":true,\"valueName\":\"search_term_string\"}}],\"inLanguage\":\"en-US\"},{\"@type\":\"Organization\",\"@id\":\"https:\\\/\\\/biljardi.fi\\\/en\\\/#organization\",\"name\":\"Suomen Biljardimyynti Oy\",\"url\":\"https:\\\/\\\/biljardi.fi\\\/en\\\/\",\"logo\":{\"@type\":\"ImageObject\",\"inLanguage\":\"en-US\",\"@id\":\"https:\\\/\\\/biljardi.fi\\\/en\\\/#\\\/schema\\\/logo\\\/image\\\/\",\"url\":\"https:\\\/\\\/biljardi.fi\\\/wp-content\\\/uploads\\\/2025\\\/10\\\/logo_uus-1.png\",\"contentUrl\":\"https:\\\/\\\/biljardi.fi\\\/wp-content\\\/uploads\\\/2025\\\/10\\\/logo_uus-1.png\",\"width\":360,\"height\":94,\"caption\":\"Suomen Biljardimyynti Oy\"},\"image\":{\"@id\":\"https:\\\/\\\/biljardi.fi\\\/en\\\/#\\\/schema\\\/logo\\\/image\\\/\"}}]}<\/script>\n<!-- \/ Yoast SEO plugin. -->","yoast_head_json":{"title":"[wpseo_titles]title-Tuote","description":"[wpseo_titles]metadesc-Tuote","robots":{"index":"index","follow":"follow","max-snippet":"max-snippet:-1","max-image-preview":"max-image-preview:large","max-video-preview":"max-video-preview:-1"},"canonical":"https:\/\/biljardi.fi\/en\/product\/bulls-advantage-8-dartboard\/","og_locale":"en_US","og_type":"article","og_title":"[wpseo_titles]title-Tuote","og_description":"[wpseo_titles]metadesc-Tuote","og_url":"https:\/\/biljardi.fi\/en\/product\/bulls-advantage-8-dartboard\/","og_site_name":"Suomen Biljardimyynti Oy","article_modified_time":"2026-05-08T09:17:41+00:00","og_image":[{"width":1200,"height":1200,"url":"https:\/\/biljardi.fi\/wp-content\/uploads\/2026\/05\/bull-s-advantage-8-dartboard-5.jpg","type":"image\/jpeg"}],"twitter_card":"summary_large_image","twitter_misc":{"Est. reading time":"2 minutes"},"schema":{"@context":"https:\/\/schema.org","@graph":[{"@type":"WebPage","@id":"https:\/\/biljardi.fi\/en\/product\/bulls-advantage-8-dartboard\/","url":"https:\/\/biljardi.fi\/en\/product\/bulls-advantage-8-dartboard\/","name":"[wpseo_titles]title-Tuote","isPartOf":{"@id":"https:\/\/biljardi.fi\/en\/#website"},"primaryImageOfPage":{"@id":"https:\/\/biljardi.fi\/en\/product\/bulls-advantage-8-dartboard\/#primaryimage"},"image":{"@id":"https:\/\/biljardi.fi\/en\/product\/bulls-advantage-8-dartboard\/#primaryimage"},"thumbnailUrl":"https:\/\/biljardi.fi\/wp-content\/uploads\/2026\/05\/bull-s-advantage-8-dartboard-5.jpg","datePublished":"2026-05-08T09:17:38+00:00","dateModified":"2026-05-08T09:17:41+00:00","description":"[wpseo_titles]metadesc-Tuote","breadcrumb":{"@id":"https:\/\/biljardi.fi\/en\/product\/bulls-advantage-8-dartboard\/#breadcrumb"},"inLanguage":"en-US","potentialAction":[{"@type":"ReadAction","target":["https:\/\/biljardi.fi\/en\/product\/bulls-advantage-8-dartboard\/"]}]},{"@type":"ImageObject","inLanguage":"en-US","@id":"https:\/\/biljardi.fi\/en\/product\/bulls-advantage-8-dartboard\/#primaryimage","url":"https:\/\/biljardi.fi\/wp-content\/uploads\/2026\/05\/bull-s-advantage-8-dartboard-5.jpg","contentUrl":"https:\/\/biljardi.fi\/wp-content\/uploads\/2026\/05\/bull-s-advantage-8-dartboard-5.jpg","width":1200,"height":1200},{"@type":"BreadcrumbList","@id":"https:\/\/biljardi.fi\/en\/product\/bulls-advantage-8-dartboard\/#breadcrumb","itemListElement":[{"@type":"ListItem","position":1,"name":"Etusivu","item":"https:\/\/biljardi.fi\/en\/home\/"},{"@type":"ListItem","position":2,"name":"Shop","item":"https:\/\/biljardi.fi\/en\/shop\/"},{"@type":"ListItem","position":3,"name":"Bull&#8217;s Advantage 8 Dartboard"}]},{"@type":"WebSite","@id":"https:\/\/biljardi.fi\/en\/#website","url":"https:\/\/biljardi.fi\/en\/","name":"Suomen Biljardimyynti Oy","description":"Biljardip\u00f6yd\u00e4t, Biljardi, Darts, Ilmakiekko, P\u00f6yt\u00e4jalkapallo","publisher":{"@id":"https:\/\/biljardi.fi\/en\/#organization"},"potentialAction":[{"@type":"SearchAction","target":{"@type":"EntryPoint","urlTemplate":"https:\/\/biljardi.fi\/en\/?s={search_term_string}"},"query-input":{"@type":"PropertyValueSpecification","valueRequired":true,"valueName":"search_term_string"}}],"inLanguage":"en-US"},{"@type":"Organization","@id":"https:\/\/biljardi.fi\/en\/#organization","name":"Suomen Biljardimyynti Oy","url":"https:\/\/biljardi.fi\/en\/","logo":{"@type":"ImageObject","inLanguage":"en-US","@id":"https:\/\/biljardi.fi\/en\/#\/schema\/logo\/image\/","url":"https:\/\/biljardi.fi\/wp-content\/uploads\/2025\/10\/logo_uus-1.png","contentUrl":"https:\/\/biljardi.fi\/wp-content\/uploads\/2025\/10\/logo_uus-1.png","width":360,"height":94,"caption":"Suomen Biljardimyynti Oy"},"image":{"@id":"https:\/\/biljardi.fi\/en\/#\/schema\/logo\/image\/"}}]}},"_links":{"self":[{"href":"https:\/\/biljardi.fi\/en\/wp-json\/wp\/v2\/product\/74664","targetHints":{"allow":["GET"]}}],"collection":[{"href":"https:\/\/biljardi.fi\/en\/wp-json\/wp\/v2\/product"}],"about":[{"href":"https:\/\/biljardi.fi\/en\/wp-json\/wp\/v2\/types\/product"}],"replies":[{"embeddable":true,"href":"https:\/\/biljardi.fi\/en\/wp-json\/wp\/v2\/comments?post=74664"}],"wp:featuredmedia":[{"embeddable":true,"href":"https:\/\/biljardi.fi\/en\/wp-json\/wp\/v2\/media\/74668"}],"wp:attachment":[{"href":"https:\/\/biljardi.fi\/en\/wp-json\/wp\/v2\/media?parent=74664"}],"wp:term":[{"taxonomy":"product_brand","embeddable":true,"href":"https:\/\/biljardi.fi\/en\/wp-json\/wp\/v2\/product_brand?post=74664"},{"taxonomy":"product_cat","embeddable":true,"href":"https:\/\/biljardi.fi\/en\/wp-json\/wp\/v2\/product_cat?post=74664"},{"taxonomy":"product_tag","embeddable":true,"href":"https:\/\/biljardi.fi\/en\/wp-json\/wp\/v2\/product_tag?post=74664"},{"taxonomy":"giftcard-category","embeddable":true,"href":"https:\/\/biljardi.fi\/en\/wp-json\/wp\/v2\/giftcard-category?post=74664"}],"curies":[{"name":"wp","href":"https:\/\/api.w.org\/{rel}","templated":true}]}}