{"id":74654,"date":"2021-01-30T02:17:24","date_gmt":"2021-01-30T00:17:24","guid":{"rendered":"https:\/\/biljardi.fi\/tuote\/bulls-shark-pro-2026-darts-board\/"},"modified":"2021-01-30T02:17:24","modified_gmt":"2021-01-30T00:17:24","slug":"bulls-shark-pro-2026-darts-board","status":"publish","type":"product","link":"https:\/\/biljardi.fi\/en\/product\/bulls-shark-pro-2026-darts-board\/","title":{"rendered":"Bull&#8217;s Shark Pro 2026 darts board"},"content":{"rendered":"<p>Bull&#8217;s Shark Pro 2026 darts board.<\/p>\n<p>Revised model!<\/p>\n<ul>\n<li><strong>360 degree symmetrical perimeter and improved printing!  <\/strong><\/li>\n<li><strong>Razor thin embedded threading!  <\/strong><\/li>\n<li><strong>Suitable for professional, public and home use!<\/strong><\/li>\n<li><strong>Sustainable!<\/strong><\/li>\n<li><strong>Clear and distinctive segmentation!<\/strong><\/li>\n<\/ul>\n","protected":false},"excerpt":{"rendered":"<p>Bull&#8217;s Shark Pro 2026 darts board. Revised model! 360 degree symmetrical perimeter and improved printing! Razor thin embedded threading! Suitable for professional, public and home use! Sustainable! Clear and distinctive segmentation!<\/p>\n","protected":false},"featured_media":74662,"comment_status":"open","ping_status":"closed","template":"","meta":[],"product_brand":[],"product_cat":[2146],"product_tag":[],"giftcard-category":[],"class_list":{"0":"post-74654","1":"product","2":"type-product","3":"status-publish","4":"has-post-thumbnail","6":"product_cat-dartboards","8":"first","9":"instock","10":"taxable","11":"shipping-taxable","12":"purchasable","13":"product-type-simple"},"exclude_global_add_ons":[],"addons":[],"yoast_head":"<!-- This site is optimized with the Yoast SEO plugin v27.6 - https:\/\/yoast.com\/product\/yoast-seo-wordpress\/ -->\n<title>[wpseo_titles]title-Tuote<\/title>\n<meta name=\"description\" content=\"[wpseo_titles]metadesc-Tuote\" \/>\n<meta name=\"robots\" content=\"index, follow, max-snippet:-1, max-image-preview:large, max-video-preview:-1\" \/>\n<link rel=\"canonical\" href=\"https:\/\/biljardi.fi\/en\/product\/bulls-shark-pro-2026-darts-board\/\" \/>\n<meta property=\"og:locale\" content=\"en_US\" \/>\n<meta property=\"og:type\" content=\"article\" \/>\n<meta property=\"og:title\" content=\"[wpseo_titles]title-Tuote\" \/>\n<meta property=\"og:description\" content=\"[wpseo_titles]metadesc-Tuote\" \/>\n<meta property=\"og:url\" content=\"https:\/\/biljardi.fi\/en\/product\/bulls-shark-pro-2026-darts-board\/\" \/>\n<meta property=\"og:site_name\" content=\"Suomen Biljardimyynti Oy\" \/>\n<meta property=\"og:image\" content=\"https:\/\/biljardi.fi\/wp-content\/uploads\/2021\/01\/bull-s-shark-pro-dartboard-1.jpg\" \/>\n\t<meta property=\"og:image:width\" content=\"1200\" \/>\n\t<meta property=\"og:image:height\" content=\"1200\" \/>\n\t<meta property=\"og:image:type\" content=\"image\/jpeg\" \/>\n<meta name=\"twitter:card\" content=\"summary_large_image\" \/>\n<script type=\"application\/ld+json\" class=\"yoast-schema-graph\">{\"@context\":\"https:\\\/\\\/schema.org\",\"@graph\":[{\"@type\":\"WebPage\",\"@id\":\"https:\\\/\\\/biljardi.fi\\\/en\\\/product\\\/bulls-shark-pro-2026-darts-board\\\/\",\"url\":\"https:\\\/\\\/biljardi.fi\\\/en\\\/product\\\/bulls-shark-pro-2026-darts-board\\\/\",\"name\":\"[wpseo_titles]title-Tuote\",\"isPartOf\":{\"@id\":\"https:\\\/\\\/biljardi.fi\\\/en\\\/#website\"},\"primaryImageOfPage\":{\"@id\":\"https:\\\/\\\/biljardi.fi\\\/en\\\/product\\\/bulls-shark-pro-2026-darts-board\\\/#primaryimage\"},\"image\":{\"@id\":\"https:\\\/\\\/biljardi.fi\\\/en\\\/product\\\/bulls-shark-pro-2026-darts-board\\\/#primaryimage\"},\"thumbnailUrl\":\"https:\\\/\\\/biljardi.fi\\\/wp-content\\\/uploads\\\/2021\\\/01\\\/bull-s-shark-pro-dartboard-1.jpg\",\"datePublished\":\"2021-01-30T00:17:24+00:00\",\"description\":\"[wpseo_titles]metadesc-Tuote\",\"breadcrumb\":{\"@id\":\"https:\\\/\\\/biljardi.fi\\\/en\\\/product\\\/bulls-shark-pro-2026-darts-board\\\/#breadcrumb\"},\"inLanguage\":\"en-US\",\"potentialAction\":[{\"@type\":\"ReadAction\",\"target\":[\"https:\\\/\\\/biljardi.fi\\\/en\\\/product\\\/bulls-shark-pro-2026-darts-board\\\/\"]}]},{\"@type\":\"ImageObject\",\"inLanguage\":\"en-US\",\"@id\":\"https:\\\/\\\/biljardi.fi\\\/en\\\/product\\\/bulls-shark-pro-2026-darts-board\\\/#primaryimage\",\"url\":\"https:\\\/\\\/biljardi.fi\\\/wp-content\\\/uploads\\\/2021\\\/01\\\/bull-s-shark-pro-dartboard-1.jpg\",\"contentUrl\":\"https:\\\/\\\/biljardi.fi\\\/wp-content\\\/uploads\\\/2021\\\/01\\\/bull-s-shark-pro-dartboard-1.jpg\",\"width\":1200,\"height\":1200},{\"@type\":\"BreadcrumbList\",\"@id\":\"https:\\\/\\\/biljardi.fi\\\/en\\\/product\\\/bulls-shark-pro-2026-darts-board\\\/#breadcrumb\",\"itemListElement\":[{\"@type\":\"ListItem\",\"position\":1,\"name\":\"Etusivu\",\"item\":\"https:\\\/\\\/biljardi.fi\\\/en\\\/home\\\/\"},{\"@type\":\"ListItem\",\"position\":2,\"name\":\"Shop\",\"item\":\"https:\\\/\\\/biljardi.fi\\\/en\\\/shop\\\/\"},{\"@type\":\"ListItem\",\"position\":3,\"name\":\"Bull&#8217;s Shark Pro 2026 darts board\"}]},{\"@type\":\"WebSite\",\"@id\":\"https:\\\/\\\/biljardi.fi\\\/en\\\/#website\",\"url\":\"https:\\\/\\\/biljardi.fi\\\/en\\\/\",\"name\":\"Suomen Biljardimyynti Oy\",\"description\":\"Biljardip\u00f6yd\u00e4t, Biljardi, Darts, Ilmakiekko, P\u00f6yt\u00e4jalkapallo\",\"publisher\":{\"@id\":\"https:\\\/\\\/biljardi.fi\\\/en\\\/#organization\"},\"potentialAction\":[{\"@type\":\"SearchAction\",\"target\":{\"@type\":\"EntryPoint\",\"urlTemplate\":\"https:\\\/\\\/biljardi.fi\\\/en\\\/?s={search_term_string}\"},\"query-input\":{\"@type\":\"PropertyValueSpecification\",\"valueRequired\":true,\"valueName\":\"search_term_string\"}}],\"inLanguage\":\"en-US\"},{\"@type\":\"Organization\",\"@id\":\"https:\\\/\\\/biljardi.fi\\\/en\\\/#organization\",\"name\":\"Suomen Biljardimyynti Oy\",\"url\":\"https:\\\/\\\/biljardi.fi\\\/en\\\/\",\"logo\":{\"@type\":\"ImageObject\",\"inLanguage\":\"en-US\",\"@id\":\"https:\\\/\\\/biljardi.fi\\\/en\\\/#\\\/schema\\\/logo\\\/image\\\/\",\"url\":\"https:\\\/\\\/biljardi.fi\\\/wp-content\\\/uploads\\\/2025\\\/10\\\/logo_uus-1.png\",\"contentUrl\":\"https:\\\/\\\/biljardi.fi\\\/wp-content\\\/uploads\\\/2025\\\/10\\\/logo_uus-1.png\",\"width\":360,\"height\":94,\"caption\":\"Suomen Biljardimyynti Oy\"},\"image\":{\"@id\":\"https:\\\/\\\/biljardi.fi\\\/en\\\/#\\\/schema\\\/logo\\\/image\\\/\"}}]}<\/script>\n<!-- \/ Yoast SEO plugin. -->","yoast_head_json":{"title":"[wpseo_titles]title-Tuote","description":"[wpseo_titles]metadesc-Tuote","robots":{"index":"index","follow":"follow","max-snippet":"max-snippet:-1","max-image-preview":"max-image-preview:large","max-video-preview":"max-video-preview:-1"},"canonical":"https:\/\/biljardi.fi\/en\/product\/bulls-shark-pro-2026-darts-board\/","og_locale":"en_US","og_type":"article","og_title":"[wpseo_titles]title-Tuote","og_description":"[wpseo_titles]metadesc-Tuote","og_url":"https:\/\/biljardi.fi\/en\/product\/bulls-shark-pro-2026-darts-board\/","og_site_name":"Suomen Biljardimyynti Oy","og_image":[{"width":1200,"height":1200,"url":"https:\/\/biljardi.fi\/wp-content\/uploads\/2021\/01\/bull-s-shark-pro-dartboard-1.jpg","type":"image\/jpeg"}],"twitter_card":"summary_large_image","schema":{"@context":"https:\/\/schema.org","@graph":[{"@type":"WebPage","@id":"https:\/\/biljardi.fi\/en\/product\/bulls-shark-pro-2026-darts-board\/","url":"https:\/\/biljardi.fi\/en\/product\/bulls-shark-pro-2026-darts-board\/","name":"[wpseo_titles]title-Tuote","isPartOf":{"@id":"https:\/\/biljardi.fi\/en\/#website"},"primaryImageOfPage":{"@id":"https:\/\/biljardi.fi\/en\/product\/bulls-shark-pro-2026-darts-board\/#primaryimage"},"image":{"@id":"https:\/\/biljardi.fi\/en\/product\/bulls-shark-pro-2026-darts-board\/#primaryimage"},"thumbnailUrl":"https:\/\/biljardi.fi\/wp-content\/uploads\/2021\/01\/bull-s-shark-pro-dartboard-1.jpg","datePublished":"2021-01-30T00:17:24+00:00","description":"[wpseo_titles]metadesc-Tuote","breadcrumb":{"@id":"https:\/\/biljardi.fi\/en\/product\/bulls-shark-pro-2026-darts-board\/#breadcrumb"},"inLanguage":"en-US","potentialAction":[{"@type":"ReadAction","target":["https:\/\/biljardi.fi\/en\/product\/bulls-shark-pro-2026-darts-board\/"]}]},{"@type":"ImageObject","inLanguage":"en-US","@id":"https:\/\/biljardi.fi\/en\/product\/bulls-shark-pro-2026-darts-board\/#primaryimage","url":"https:\/\/biljardi.fi\/wp-content\/uploads\/2021\/01\/bull-s-shark-pro-dartboard-1.jpg","contentUrl":"https:\/\/biljardi.fi\/wp-content\/uploads\/2021\/01\/bull-s-shark-pro-dartboard-1.jpg","width":1200,"height":1200},{"@type":"BreadcrumbList","@id":"https:\/\/biljardi.fi\/en\/product\/bulls-shark-pro-2026-darts-board\/#breadcrumb","itemListElement":[{"@type":"ListItem","position":1,"name":"Etusivu","item":"https:\/\/biljardi.fi\/en\/home\/"},{"@type":"ListItem","position":2,"name":"Shop","item":"https:\/\/biljardi.fi\/en\/shop\/"},{"@type":"ListItem","position":3,"name":"Bull&#8217;s Shark Pro 2026 darts board"}]},{"@type":"WebSite","@id":"https:\/\/biljardi.fi\/en\/#website","url":"https:\/\/biljardi.fi\/en\/","name":"Suomen Biljardimyynti Oy","description":"Biljardip\u00f6yd\u00e4t, Biljardi, Darts, Ilmakiekko, P\u00f6yt\u00e4jalkapallo","publisher":{"@id":"https:\/\/biljardi.fi\/en\/#organization"},"potentialAction":[{"@type":"SearchAction","target":{"@type":"EntryPoint","urlTemplate":"https:\/\/biljardi.fi\/en\/?s={search_term_string}"},"query-input":{"@type":"PropertyValueSpecification","valueRequired":true,"valueName":"search_term_string"}}],"inLanguage":"en-US"},{"@type":"Organization","@id":"https:\/\/biljardi.fi\/en\/#organization","name":"Suomen Biljardimyynti Oy","url":"https:\/\/biljardi.fi\/en\/","logo":{"@type":"ImageObject","inLanguage":"en-US","@id":"https:\/\/biljardi.fi\/en\/#\/schema\/logo\/image\/","url":"https:\/\/biljardi.fi\/wp-content\/uploads\/2025\/10\/logo_uus-1.png","contentUrl":"https:\/\/biljardi.fi\/wp-content\/uploads\/2025\/10\/logo_uus-1.png","width":360,"height":94,"caption":"Suomen Biljardimyynti Oy"},"image":{"@id":"https:\/\/biljardi.fi\/en\/#\/schema\/logo\/image\/"}}]}},"_links":{"self":[{"href":"https:\/\/biljardi.fi\/en\/wp-json\/wp\/v2\/product\/74654","targetHints":{"allow":["GET"]}}],"collection":[{"href":"https:\/\/biljardi.fi\/en\/wp-json\/wp\/v2\/product"}],"about":[{"href":"https:\/\/biljardi.fi\/en\/wp-json\/wp\/v2\/types\/product"}],"replies":[{"embeddable":true,"href":"https:\/\/biljardi.fi\/en\/wp-json\/wp\/v2\/comments?post=74654"}],"wp:featuredmedia":[{"embeddable":true,"href":"https:\/\/biljardi.fi\/en\/wp-json\/wp\/v2\/media\/74662"}],"wp:attachment":[{"href":"https:\/\/biljardi.fi\/en\/wp-json\/wp\/v2\/media?parent=74654"}],"wp:term":[{"taxonomy":"product_brand","embeddable":true,"href":"https:\/\/biljardi.fi\/en\/wp-json\/wp\/v2\/product_brand?post=74654"},{"taxonomy":"product_cat","embeddable":true,"href":"https:\/\/biljardi.fi\/en\/wp-json\/wp\/v2\/product_cat?post=74654"},{"taxonomy":"product_tag","embeddable":true,"href":"https:\/\/biljardi.fi\/en\/wp-json\/wp\/v2\/product_tag?post=74654"},{"taxonomy":"giftcard-category","embeddable":true,"href":"https:\/\/biljardi.fi\/en\/wp-json\/wp\/v2\/giftcard-category?post=74654"}],"curies":[{"name":"wp","href":"https:\/\/api.w.org\/{rel}","templated":true}]}}