{"id":74522,"date":"2026-04-25T14:59:39","date_gmt":"2026-04-25T11:59:39","guid":{"rendered":"https:\/\/biljardi.fi\/?post_type=product&#038;p=74522"},"modified":"2026-04-25T15:02:40","modified_gmt":"2026-04-25T12:02:40","slug":"target-scope-02-sp-steel-tip-dart","status":"publish","type":"product","link":"https:\/\/biljardi.fi\/en\/tuote\/target-scope-02-sp-steel-tip-dart\/","title":{"rendered":"Target Scope 02 SP Steel Tip dart"},"content":{"rendered":"<div class=\"product-info-wrapper\">\n<div class=\"product media\"><\/div>\n<\/div>\n<div class=\"product info detailed\">\n<div class=\"product data items\" role=\"tablist\" data-mage-init=\"{&quot;tabs&quot;:{&quot;openedState&quot;:&quot;active&quot;}}\" data-a11y-selectable=\"[role=&quot;tab&quot;]\">\n<div id=\"description\" class=\"data item content\" aria-labelledby=\"tab-label-description-title\" data-role=\"content\" aria-hidden=\"false\">\n<div class=\"more-information\">\n<div class=\"product-attributes\">\n<div class=\"product attribute description\">\n<div class=\"value\">\n<div data-content-type=\"row\" data-appearance=\"contained\" data-element=\"main\">\n<div data-enable-parallax=\"0\" data-parallax-speed=\"0.5\" data-background-images=\"{}\" data-background-type=\"image\" data-video-loop=\"true\" data-video-play-only-visible=\"true\" data-video-lazy-load=\"true\" data-video-fallback-src=\"\" data-element=\"inner\" data-pb-style=\"HYHJP7L\">\n<div data-content-type=\"text\" data-appearance=\"default\" data-element=\"main\">\n<p>The Scope dart range is inspired by the intricate textures, features, and colours found in the finest photographic equipment. Each dart in this collection is crafted with a focus on detail, mirroring the qualities, elements, and the precision of high-end photography.<\/p>\n<p>The Scope 02 dart barrel boasts a tapered nose, crafted from 90% tungsten for exceptional balance and durability. Expertly milled radial grooves at the front and nano grooves toward the rear provide enhanced finger grip for improved control. The barrel is then sandblasted and finished with a sleek black PVD coating, offering superior durability and a refined matte finish. Flecks of red are added to the design, delivering a striking pop of colour that elevates the barrel\u2019s visual appeal.<\/p>\n<p>Target\u2019s 26mm smooth Swiss Points are included in the set, incorporating a patented locking mechanism, allowing for effortless switching of dart points. The taper and thread technology provide a secure and locked-in position, delivering stability and precision during every throw. Use the included Swiss Point Tool for effortless tip changes in seconds.<\/p>\n<p>The short Pro Grip Tag shafts (34mm) are made with a nylon compound, using a special moulding process. Incorporating a nib by the shaft petals and O-rings, facilitating easy flight insertion and grip strength. The precision moulded 2BA thread ensures that the shaft is compatible with all 2BA thread barrels.<\/p>\n<p>Completing the set with No.6 Pro Ultra Scope flights, featuring a spot UV print, which adds an additional layer of coating to the 100-micron material flight, improving shaft grip and adds an extra layer of protection against wear and tear to the printed design.<\/p>\n<\/div>\n<\/div>\n<\/div>\n<\/div>\n<\/div>\n<div class=\"more-information\">\n<div class=\"product-attributes\">\n<h3>Specifications<\/h3>\n<ul>\n<li>Barrel Coating\n<div class=\"att-data\">PVD Black Coating<\/div>\n<\/li>\n<li>Colour\n<div class=\"att-data\">Silver<\/div>\n<\/li>\n<li>Dart Material\n<div class=\"att-data\">90% Tungsten<\/div>\n<\/li>\n<li>Point Type\n<div class=\"att-data\">Swiss Point<\/div>\n<\/li>\n<li>Point Length\n<div class=\"att-data\">26mm<\/div>\n<\/li>\n<li>Flight Shape\n<div class=\"att-data\">No.2<\/div>\n<\/li>\n<li>Shaft Brand\n<div class=\"att-data\">Pro Grip<\/div>\n<\/li>\n<li>Shaft Length\n<div class=\"att-data\">Short<\/div>\n<\/li>\n<\/ul>\n<div class=\"in-box \">\n<h3>What\u2019s In The Box<\/h3>\n<div class=\"whatsinthebox-pdp\">\n<div data-content-type=\"html\" data-appearance=\"default\" data-element=\"main\" data-decoded=\"true\">\n<ul>\n<li>3x 90% Tungsten Scope 02 dart barrels<\/li>\n<li>3x 26mm Black Swiss Points<\/li>\n<li>3x Short Pro Grip Tag Shafts (34mm)<\/li>\n<li>3x Pro Ultra Scope No.6 Flights<\/li>\n<li>1x Swiss Point Tool<\/li>\n<\/ul>\n<table>\n<thead>\n<tr>\n<th>Dart Weight<\/th>\n<th>Barrel Length<\/th>\n<th>Barrel Diameter<\/th>\n<th>Flight Shape<\/th>\n<th>Point Length<\/th>\n<th>Shaft Length<\/th>\n<th>Color<\/th>\n<th>Code<\/th>\n<\/tr>\n<\/thead>\n<tbody>\n<tr>\n<td>\n<div>23g<\/div>\n<div>24g<\/div>\n<div>25g<\/div>\n<\/td>\n<td>\n<div>50mm<\/div>\n<div>50mm<\/div>\n<div>50mm<\/div>\n<\/td>\n<td>\n<div>7.2mm<\/div>\n<div>7.4mm<\/div>\n<div>7.6mm<\/div>\n<\/td>\n<td>\n<div>No.6<\/div>\n<div>No.6<\/div>\n<div>No.6<\/div>\n<\/td>\n<td>\n<div>26mm<\/div>\n<div>26mm<\/div>\n<div>26mm<\/div>\n<\/td>\n<td>\n<div>Short<\/div>\n<div>Short<\/div>\n<div>Short<\/div>\n<\/td>\n<td>\n<div>Black<\/div>\n<div>Silver<\/div>\n<div>Black<\/div>\n<\/td>\n<td>\n<div>190334<\/div>\n<div>190335<\/div>\n<div>190336<\/div>\n<\/td>\n<\/tr>\n<\/tbody>\n<\/table>\n<\/div>\n<\/div>\n<\/div>\n<\/div>\n<\/div>\n<\/div>\n<\/div>\n<\/div>\n<\/div>\n<\/div>\n","protected":false},"excerpt":{"rendered":"<div class=\"product attribute overview\">\n<div class=\"short-desc\">\n<p>Engineered for the perfect balance with simple yet elegant grip offering enhanced accuracy and control with every throw.<\/p>\n<\/div>\n<\/div>\n","protected":false},"featured_media":74525,"comment_status":"closed","ping_status":"closed","template":"","meta":{"_improvement_type_select":"improve_an_existing","_thumb_yes_seoaic":false,"_frame_yes_seoaic":false,"seoaic_generate_description":"","seoaic_improve_instructions_prompt":"","seoaic_rollback_content_improvement":"","seoaic_idea_thumbnail_generator":"","thumbnail_generated":false,"thumbnail_generate_prompt":"","seoaic_article_description":""},"product_brand":[1823],"product_cat":[2045],"product_tag":[],"giftcard-category":[],"class_list":{"0":"post-74522","1":"product","2":"type-product","3":"status-publish","4":"has-post-thumbnail","6":"product_brand-target-darts","7":"product_cat-darts-2","9":"first","10":"instock","11":"taxable","12":"shipping-taxable","13":"purchasable","14":"product-type-simple"},"exclude_global_add_ons":false,"addons":[{"name":"Weight","type":"multiple_choice","position":0,"required":false,"title_format":"heading","default":"","description_enable":false,"description":"","placeholder_enable":false,"placeholder":"","display":"select","restrictions_type":"any_text","adjust_price":false,"price":"","price_type":"flat_fee","restrictions":false,"min":"0","max":"0","options":[{"label":"23 g","price":"","price_type":"flat_fee","image":0,"visibility":true},{"label":"24 g","price":"","price_type":"flat_fee","image":0,"visibility":true},{"label":"25 g","price":"","price_type":"flat_fee","image":0,"visibility":true}],"id":1776436923}],"yoast_head":"<!-- This site is optimized with the Yoast SEO plugin v27.4 - https:\/\/yoast.com\/product\/yoast-seo-wordpress\/ -->\n<title>[wpseo_titles]title-Tuote<\/title>\n<meta name=\"robots\" content=\"index, follow, max-snippet:-1, max-image-preview:large, max-video-preview:-1\" \/>\n<link rel=\"canonical\" href=\"https:\/\/biljardi.fi\/en\/tuote\/target-scope-02-sp-steel-tip-dart\/\" \/>\n<meta property=\"og:locale\" content=\"en_US\" \/>\n<meta property=\"og:type\" content=\"article\" \/>\n<meta property=\"og:title\" content=\"[wpseo_titles]title-Tuote\" \/>\n<meta property=\"og:description\" content=\"Engineered for the perfect balance with simple yet elegant grip offering enhanced accuracy and control with every throw.\" \/>\n<meta property=\"og:url\" content=\"https:\/\/biljardi.fi\/en\/tuote\/target-scope-02-sp-steel-tip-dart\/\" \/>\n<meta property=\"og:site_name\" content=\"Suomen Biljardimyynti Oy\" \/>\n<meta property=\"article:modified_time\" content=\"2026-04-25T12:02:40+00:00\" \/>\n<meta property=\"og:image\" content=\"https:\/\/biljardi.fi\/wp-content\/uploads\/2026\/04\/scope-02-sp-01_1.webp\" \/>\n\t<meta property=\"og:image:width\" content=\"1120\" \/>\n\t<meta property=\"og:image:height\" content=\"923\" \/>\n\t<meta property=\"og:image:type\" content=\"image\/webp\" \/>\n<meta name=\"twitter:card\" content=\"summary_large_image\" \/>\n<meta name=\"twitter:label1\" content=\"Est. reading time\" \/>\n\t<meta name=\"twitter:data1\" content=\"3 minutes\" \/>\n<script type=\"application\/ld+json\" class=\"yoast-schema-graph\">{\"@context\":\"https:\\\/\\\/schema.org\",\"@graph\":[{\"@type\":\"WebPage\",\"@id\":\"https:\\\/\\\/biljardi.fi\\\/en\\\/tuote\\\/target-scope-02-sp-steel-tip-dart\\\/\",\"url\":\"https:\\\/\\\/biljardi.fi\\\/en\\\/tuote\\\/target-scope-02-sp-steel-tip-dart\\\/\",\"name\":\"[wpseo_titles]title-Tuote\",\"isPartOf\":{\"@id\":\"https:\\\/\\\/biljardi.fi\\\/en\\\/#website\"},\"primaryImageOfPage\":{\"@id\":\"https:\\\/\\\/biljardi.fi\\\/en\\\/tuote\\\/target-scope-02-sp-steel-tip-dart\\\/#primaryimage\"},\"image\":{\"@id\":\"https:\\\/\\\/biljardi.fi\\\/en\\\/tuote\\\/target-scope-02-sp-steel-tip-dart\\\/#primaryimage\"},\"thumbnailUrl\":\"https:\\\/\\\/biljardi.fi\\\/wp-content\\\/uploads\\\/2026\\\/04\\\/scope-02-sp-01_1.webp\",\"datePublished\":\"2026-04-25T11:59:39+00:00\",\"dateModified\":\"2026-04-25T12:02:40+00:00\",\"breadcrumb\":{\"@id\":\"https:\\\/\\\/biljardi.fi\\\/en\\\/tuote\\\/target-scope-02-sp-steel-tip-dart\\\/#breadcrumb\"},\"inLanguage\":\"en-US\",\"potentialAction\":[{\"@type\":\"ReadAction\",\"target\":[\"https:\\\/\\\/biljardi.fi\\\/en\\\/tuote\\\/target-scope-02-sp-steel-tip-dart\\\/\"]}]},{\"@type\":\"ImageObject\",\"inLanguage\":\"en-US\",\"@id\":\"https:\\\/\\\/biljardi.fi\\\/en\\\/tuote\\\/target-scope-02-sp-steel-tip-dart\\\/#primaryimage\",\"url\":\"https:\\\/\\\/biljardi.fi\\\/wp-content\\\/uploads\\\/2026\\\/04\\\/scope-02-sp-01_1.webp\",\"contentUrl\":\"https:\\\/\\\/biljardi.fi\\\/wp-content\\\/uploads\\\/2026\\\/04\\\/scope-02-sp-01_1.webp\",\"width\":1120,\"height\":923},{\"@type\":\"BreadcrumbList\",\"@id\":\"https:\\\/\\\/biljardi.fi\\\/en\\\/tuote\\\/target-scope-02-sp-steel-tip-dart\\\/#breadcrumb\",\"itemListElement\":[{\"@type\":\"ListItem\",\"position\":1,\"name\":\"Home\",\"item\":\"https:\\\/\\\/biljardi.fi\\\/en\\\/home\\\/\"},{\"@type\":\"ListItem\",\"position\":2,\"name\":\"Shop\",\"item\":\"https:\\\/\\\/biljardi.fi\\\/en\\\/shop\\\/\"},{\"@type\":\"ListItem\",\"position\":3,\"name\":\"Target Scope 02 SP Steel Tip dart\"}]},{\"@type\":\"WebSite\",\"@id\":\"https:\\\/\\\/biljardi.fi\\\/en\\\/#website\",\"url\":\"https:\\\/\\\/biljardi.fi\\\/en\\\/\",\"name\":\"Suomen Biljardimyynti Oy\",\"description\":\"Biljardip\u00f6yd\u00e4t, Biljardi, Darts, Ilmakiekko, P\u00f6yt\u00e4jalkapallo\",\"publisher\":{\"@id\":\"https:\\\/\\\/biljardi.fi\\\/en\\\/#organization\"},\"potentialAction\":[{\"@type\":\"SearchAction\",\"target\":{\"@type\":\"EntryPoint\",\"urlTemplate\":\"https:\\\/\\\/biljardi.fi\\\/en\\\/?s={search_term_string}\"},\"query-input\":{\"@type\":\"PropertyValueSpecification\",\"valueRequired\":true,\"valueName\":\"search_term_string\"}}],\"inLanguage\":\"en-US\"},{\"@type\":\"Organization\",\"@id\":\"https:\\\/\\\/biljardi.fi\\\/en\\\/#organization\",\"name\":\"Suomen Biljardimyynti Oy\",\"url\":\"https:\\\/\\\/biljardi.fi\\\/en\\\/\",\"logo\":{\"@type\":\"ImageObject\",\"inLanguage\":\"en-US\",\"@id\":\"https:\\\/\\\/biljardi.fi\\\/en\\\/#\\\/schema\\\/logo\\\/image\\\/\",\"url\":\"https:\\\/\\\/biljardi.fi\\\/wp-content\\\/uploads\\\/2025\\\/10\\\/logo_uus-1.png\",\"contentUrl\":\"https:\\\/\\\/biljardi.fi\\\/wp-content\\\/uploads\\\/2025\\\/10\\\/logo_uus-1.png\",\"width\":360,\"height\":94,\"caption\":\"Suomen Biljardimyynti Oy\"},\"image\":{\"@id\":\"https:\\\/\\\/biljardi.fi\\\/en\\\/#\\\/schema\\\/logo\\\/image\\\/\"}}]}<\/script>\n<!-- \/ Yoast SEO plugin. -->","yoast_head_json":{"title":"[wpseo_titles]title-Tuote","robots":{"index":"index","follow":"follow","max-snippet":"max-snippet:-1","max-image-preview":"max-image-preview:large","max-video-preview":"max-video-preview:-1"},"canonical":"https:\/\/biljardi.fi\/en\/tuote\/target-scope-02-sp-steel-tip-dart\/","og_locale":"en_US","og_type":"article","og_title":"[wpseo_titles]title-Tuote","og_description":"Engineered for the perfect balance with simple yet elegant grip offering enhanced accuracy and control with every throw.","og_url":"https:\/\/biljardi.fi\/en\/tuote\/target-scope-02-sp-steel-tip-dart\/","og_site_name":"Suomen Biljardimyynti Oy","article_modified_time":"2026-04-25T12:02:40+00:00","og_image":[{"width":1120,"height":923,"url":"https:\/\/biljardi.fi\/wp-content\/uploads\/2026\/04\/scope-02-sp-01_1.webp","type":"image\/webp"}],"twitter_card":"summary_large_image","twitter_misc":{"Est. reading time":"3 minutes"},"schema":{"@context":"https:\/\/schema.org","@graph":[{"@type":"WebPage","@id":"https:\/\/biljardi.fi\/en\/tuote\/target-scope-02-sp-steel-tip-dart\/","url":"https:\/\/biljardi.fi\/en\/tuote\/target-scope-02-sp-steel-tip-dart\/","name":"[wpseo_titles]title-Tuote","isPartOf":{"@id":"https:\/\/biljardi.fi\/en\/#website"},"primaryImageOfPage":{"@id":"https:\/\/biljardi.fi\/en\/tuote\/target-scope-02-sp-steel-tip-dart\/#primaryimage"},"image":{"@id":"https:\/\/biljardi.fi\/en\/tuote\/target-scope-02-sp-steel-tip-dart\/#primaryimage"},"thumbnailUrl":"https:\/\/biljardi.fi\/wp-content\/uploads\/2026\/04\/scope-02-sp-01_1.webp","datePublished":"2026-04-25T11:59:39+00:00","dateModified":"2026-04-25T12:02:40+00:00","breadcrumb":{"@id":"https:\/\/biljardi.fi\/en\/tuote\/target-scope-02-sp-steel-tip-dart\/#breadcrumb"},"inLanguage":"en-US","potentialAction":[{"@type":"ReadAction","target":["https:\/\/biljardi.fi\/en\/tuote\/target-scope-02-sp-steel-tip-dart\/"]}]},{"@type":"ImageObject","inLanguage":"en-US","@id":"https:\/\/biljardi.fi\/en\/tuote\/target-scope-02-sp-steel-tip-dart\/#primaryimage","url":"https:\/\/biljardi.fi\/wp-content\/uploads\/2026\/04\/scope-02-sp-01_1.webp","contentUrl":"https:\/\/biljardi.fi\/wp-content\/uploads\/2026\/04\/scope-02-sp-01_1.webp","width":1120,"height":923},{"@type":"BreadcrumbList","@id":"https:\/\/biljardi.fi\/en\/tuote\/target-scope-02-sp-steel-tip-dart\/#breadcrumb","itemListElement":[{"@type":"ListItem","position":1,"name":"Home","item":"https:\/\/biljardi.fi\/en\/home\/"},{"@type":"ListItem","position":2,"name":"Shop","item":"https:\/\/biljardi.fi\/en\/shop\/"},{"@type":"ListItem","position":3,"name":"Target Scope 02 SP Steel Tip dart"}]},{"@type":"WebSite","@id":"https:\/\/biljardi.fi\/en\/#website","url":"https:\/\/biljardi.fi\/en\/","name":"Suomen Biljardimyynti Oy","description":"Biljardip\u00f6yd\u00e4t, Biljardi, Darts, Ilmakiekko, P\u00f6yt\u00e4jalkapallo","publisher":{"@id":"https:\/\/biljardi.fi\/en\/#organization"},"potentialAction":[{"@type":"SearchAction","target":{"@type":"EntryPoint","urlTemplate":"https:\/\/biljardi.fi\/en\/?s={search_term_string}"},"query-input":{"@type":"PropertyValueSpecification","valueRequired":true,"valueName":"search_term_string"}}],"inLanguage":"en-US"},{"@type":"Organization","@id":"https:\/\/biljardi.fi\/en\/#organization","name":"Suomen Biljardimyynti Oy","url":"https:\/\/biljardi.fi\/en\/","logo":{"@type":"ImageObject","inLanguage":"en-US","@id":"https:\/\/biljardi.fi\/en\/#\/schema\/logo\/image\/","url":"https:\/\/biljardi.fi\/wp-content\/uploads\/2025\/10\/logo_uus-1.png","contentUrl":"https:\/\/biljardi.fi\/wp-content\/uploads\/2025\/10\/logo_uus-1.png","width":360,"height":94,"caption":"Suomen Biljardimyynti Oy"},"image":{"@id":"https:\/\/biljardi.fi\/en\/#\/schema\/logo\/image\/"}}]}},"_links":{"self":[{"href":"https:\/\/biljardi.fi\/en\/wp-json\/wp\/v2\/product\/74522","targetHints":{"allow":["GET"]}}],"collection":[{"href":"https:\/\/biljardi.fi\/en\/wp-json\/wp\/v2\/product"}],"about":[{"href":"https:\/\/biljardi.fi\/en\/wp-json\/wp\/v2\/types\/product"}],"replies":[{"embeddable":true,"href":"https:\/\/biljardi.fi\/en\/wp-json\/wp\/v2\/comments?post=74522"}],"wp:featuredmedia":[{"embeddable":true,"href":"https:\/\/biljardi.fi\/en\/wp-json\/wp\/v2\/media\/74525"}],"wp:attachment":[{"href":"https:\/\/biljardi.fi\/en\/wp-json\/wp\/v2\/media?parent=74522"}],"wp:term":[{"taxonomy":"product_brand","embeddable":true,"href":"https:\/\/biljardi.fi\/en\/wp-json\/wp\/v2\/product_brand?post=74522"},{"taxonomy":"product_cat","embeddable":true,"href":"https:\/\/biljardi.fi\/en\/wp-json\/wp\/v2\/product_cat?post=74522"},{"taxonomy":"product_tag","embeddable":true,"href":"https:\/\/biljardi.fi\/en\/wp-json\/wp\/v2\/product_tag?post=74522"},{"taxonomy":"giftcard-category","embeddable":true,"href":"https:\/\/biljardi.fi\/en\/wp-json\/wp\/v2\/giftcard-category?post=74522"}],"curies":[{"name":"wp","href":"https:\/\/api.w.org\/{rel}","templated":true}]}}