{"id":74504,"date":"2026-04-25T13:23:37","date_gmt":"2026-04-25T10:23:37","guid":{"rendered":"https:\/\/biljardi.fi\/?post_type=product&#038;p=74504"},"modified":"2026-04-25T13:27:44","modified_gmt":"2026-04-25T10:27:44","slug":"target-bolide-void-04-sp-steel-tip-dart","status":"publish","type":"product","link":"https:\/\/biljardi.fi\/en\/tuote\/target-bolide-void-04-sp-steel-tip-dart\/","title":{"rendered":"Target Bolide Void 04 SP Steel Tip dart"},"content":{"rendered":"<div class=\"product attribute description\">\n<div class=\"value\">\n<div data-content-type=\"html\" data-appearance=\"default\" data-element=\"main\" data-decoded=\"true\">\n<div class=\"more-information\">\n<div class=\"product-attributes\">\n<div class=\"in-box \">\n<div class=\"more-information\">\n<div class=\"product-attributes\">\n<div class=\"in-box \">\n<div class=\"product attribute description\">\n<div class=\"value\">\n<div data-content-type=\"row\" data-appearance=\"contained\" data-element=\"main\">\n<div data-enable-parallax=\"0\" data-parallax-speed=\"0.5\" data-background-images=\"{}\" data-background-type=\"image\" data-video-loop=\"true\" data-video-play-only-visible=\"true\" data-video-lazy-load=\"true\" data-video-fallback-src=\"\" data-element=\"inner\" data-pb-style=\"A90DU41\">\n<div data-content-type=\"text\" data-appearance=\"default\" data-element=\"main\">\n<p>A revolutionary dart set designed for ultimate precision and performance. The Bolide Void 04 SP has been crafted with unparalleled expertise and innovation promising to elevate your game to new heights.<\/p>\n<p>Featuring a stunning black titanium coating for an extra layer of durability and enhanced aesthetic, the sandblasted radial grooves grip allows for greater control giving you the confidence to throw with pinpoint accuracy. Engineered for precision, the 90% tungsten barrels are complemented with the popular Pro Grip shafts and Bolide Void edition No.6 flights, and finished with Target&#8217;s patented 26mm black Swiss Points for a completely interchangeable dart.<\/p>\n<\/div>\n<\/div>\n<\/div>\n<\/div>\n<\/div>\n<div class=\"more-information\">\n<div class=\"product-attributes\">\n<h3>Specifications<\/h3>\n<ul>\n<li>Barrel Coating\n<div class=\"att-data\">Black Titanium Nitride<\/div>\n<\/li>\n<li>Barrel Length\n<div class=\"att-data\">51mm<\/div>\n<\/li>\n<li>Colour\n<div class=\"att-data\">Black<\/div>\n<\/li>\n<li>Dart Material\n<div class=\"att-data\">90% Tungsten<\/div>\n<\/li>\n<li>Point Type\n<div class=\"att-data\">Swiss Point<\/div>\n<\/li>\n<li>Point Length\n<div class=\"att-data\">26mm<\/div>\n<\/li>\n<li>Flight Shape\n<div class=\"att-data\">No.6<\/div>\n<\/li>\n<li>Shaft Brand\n<div class=\"att-data\">Pro Grip<\/div>\n<\/li>\n<li>Shaft Length\n<div class=\"att-data\">Short<\/div>\n<\/li>\n<\/ul>\n<\/div>\n<\/div>\n<h3>What\u2019s In The Box<\/h3>\n<div class=\"whatsinthebox-pdp\">\n<div data-content-type=\"html\" data-appearance=\"default\" data-element=\"main\" data-decoded=\"true\">\n<ul>\n<li>3 x Bolide Void 03 Dart Barrels<\/li>\n<li>3 x 26mm Swiss Points &#8211; Black<\/li>\n<li>3 x Short Pro Grip &#8211; Yellow<\/li>\n<li>3 x Bolide Void Pro.Ultra No.6 Flights<\/li>\n<li>1 x Swiss Point Tool<\/li>\n<\/ul>\n<table>\n<thead>\n<tr>\n<th>Dart Weight<\/th>\n<th>Barrel Length<\/th>\n<th>Barrel Diameter<\/th>\n<th>Flight Shape<\/th>\n<th>Point Length<\/th>\n<th>Shaft Length<\/th>\n<th>Color<\/th>\n<th>Code<\/th>\n<\/tr>\n<\/thead>\n<tbody>\n<tr>\n<td>\n<div>21g<\/div>\n<div>23g<\/div>\n<div>25g<\/div>\n<\/td>\n<td>\n<div>51mm<\/div>\n<div>51mm<\/div>\n<div>51mm<\/div>\n<\/td>\n<td>\n<div>6.6mm<\/div>\n<div>6.8mm<\/div>\n<div>6.9mm<\/div>\n<\/td>\n<td>\n<div>No.6<\/div>\n<div>No.6<\/div>\n<div>No.6<\/div>\n<\/td>\n<td>\n<div>26mm<\/div>\n<div>26mm<\/div>\n<div>26mm<\/div>\n<\/td>\n<td>\n<div>Short<\/div>\n<div>Short<\/div>\n<div>Short<\/div>\n<\/td>\n<td>\n<div>Black<\/div>\n<div>Black<\/div>\n<div>Black<\/div>\n<\/td>\n<td>\n<div>190268<\/div>\n<div>190269<\/div>\n<div>190270<\/div>\n<\/td>\n<\/tr>\n<\/tbody>\n<\/table>\n<\/div>\n<\/div>\n<\/div>\n<\/div>\n<\/div>\n<\/div>\n<\/div>\n<\/div>\n<\/div>\n<\/div>\n<\/div>\n","protected":false},"excerpt":{"rendered":"<div class=\"product attribute overview\">\n<div class=\"short-desc\">\n<p>Engineered for the perfect balance with simple yet elegant grip offering enhanced accuracy and control with every throw.<\/p>\n<\/div>\n<\/div>\n","protected":false},"featured_media":74507,"comment_status":"closed","ping_status":"closed","template":"","meta":{"_improvement_type_select":"improve_an_existing","_thumb_yes_seoaic":false,"_frame_yes_seoaic":false,"seoaic_generate_description":"","seoaic_improve_instructions_prompt":"","seoaic_rollback_content_improvement":"","seoaic_idea_thumbnail_generator":"","thumbnail_generated":false,"thumbnail_generate_prompt":"","seoaic_article_description":""},"product_brand":[1823],"product_cat":[2045],"product_tag":[],"giftcard-category":[],"class_list":{"0":"post-74504","1":"product","2":"type-product","3":"status-publish","4":"has-post-thumbnail","6":"product_brand-target-darts","7":"product_cat-darts-2","9":"first","10":"instock","11":"taxable","12":"shipping-taxable","13":"purchasable","14":"product-type-simple"},"exclude_global_add_ons":false,"addons":[{"name":"Weight","type":"multiple_choice","position":0,"required":true,"title_format":"heading","default":"","description_enable":false,"description":"","placeholder_enable":false,"placeholder":"","display":"select","restrictions_type":"any_text","adjust_price":false,"price":"","price_type":"flat_fee","restrictions":false,"min":"0","max":"0","options":[{"label":"23 g","price":"","price_type":"flat_fee","image":0,"visibility":true},{"label":"25 g","price":"","price_type":"flat_fee","image":0,"visibility":true}],"id":1776436923}],"yoast_head":"<!-- This site is optimized with the Yoast SEO plugin v27.4 - https:\/\/yoast.com\/product\/yoast-seo-wordpress\/ -->\n<title>[wpseo_titles]title-Tuote<\/title>\n<meta name=\"robots\" content=\"index, follow, max-snippet:-1, max-image-preview:large, max-video-preview:-1\" \/>\n<link rel=\"canonical\" href=\"https:\/\/biljardi.fi\/en\/tuote\/target-bolide-void-04-sp-steel-tip-dart\/\" \/>\n<meta property=\"og:locale\" content=\"en_US\" \/>\n<meta property=\"og:type\" content=\"article\" \/>\n<meta property=\"og:title\" content=\"[wpseo_titles]title-Tuote\" \/>\n<meta property=\"og:description\" content=\"Engineered for the perfect balance with simple yet elegant grip offering enhanced accuracy and control with every throw.\" \/>\n<meta property=\"og:url\" content=\"https:\/\/biljardi.fi\/en\/tuote\/target-bolide-void-04-sp-steel-tip-dart\/\" \/>\n<meta property=\"og:site_name\" content=\"Suomen Biljardimyynti Oy\" \/>\n<meta property=\"article:modified_time\" content=\"2026-04-25T10:27:44+00:00\" \/>\n<meta property=\"og:image\" content=\"https:\/\/biljardi.fi\/wp-content\/uploads\/2026\/04\/bolide-void-04-sp-darts-set-box-contents-main-image_1.webp\" \/>\n\t<meta property=\"og:image:width\" content=\"1200\" \/>\n\t<meta property=\"og:image:height\" content=\"989\" \/>\n\t<meta property=\"og:image:type\" content=\"image\/webp\" \/>\n<meta name=\"twitter:card\" content=\"summary_large_image\" \/>\n<meta name=\"twitter:label1\" content=\"Est. reading time\" \/>\n\t<meta name=\"twitter:data1\" content=\"2 minutes\" \/>\n<script type=\"application\/ld+json\" class=\"yoast-schema-graph\">{\"@context\":\"https:\\\/\\\/schema.org\",\"@graph\":[{\"@type\":\"WebPage\",\"@id\":\"https:\\\/\\\/biljardi.fi\\\/en\\\/tuote\\\/target-bolide-void-04-sp-steel-tip-dart\\\/\",\"url\":\"https:\\\/\\\/biljardi.fi\\\/en\\\/tuote\\\/target-bolide-void-04-sp-steel-tip-dart\\\/\",\"name\":\"[wpseo_titles]title-Tuote\",\"isPartOf\":{\"@id\":\"https:\\\/\\\/biljardi.fi\\\/en\\\/#website\"},\"primaryImageOfPage\":{\"@id\":\"https:\\\/\\\/biljardi.fi\\\/en\\\/tuote\\\/target-bolide-void-04-sp-steel-tip-dart\\\/#primaryimage\"},\"image\":{\"@id\":\"https:\\\/\\\/biljardi.fi\\\/en\\\/tuote\\\/target-bolide-void-04-sp-steel-tip-dart\\\/#primaryimage\"},\"thumbnailUrl\":\"https:\\\/\\\/biljardi.fi\\\/wp-content\\\/uploads\\\/2026\\\/04\\\/bolide-void-04-sp-darts-set-box-contents-main-image_1.webp\",\"datePublished\":\"2026-04-25T10:23:37+00:00\",\"dateModified\":\"2026-04-25T10:27:44+00:00\",\"breadcrumb\":{\"@id\":\"https:\\\/\\\/biljardi.fi\\\/en\\\/tuote\\\/target-bolide-void-04-sp-steel-tip-dart\\\/#breadcrumb\"},\"inLanguage\":\"en-US\",\"potentialAction\":[{\"@type\":\"ReadAction\",\"target\":[\"https:\\\/\\\/biljardi.fi\\\/en\\\/tuote\\\/target-bolide-void-04-sp-steel-tip-dart\\\/\"]}]},{\"@type\":\"ImageObject\",\"inLanguage\":\"en-US\",\"@id\":\"https:\\\/\\\/biljardi.fi\\\/en\\\/tuote\\\/target-bolide-void-04-sp-steel-tip-dart\\\/#primaryimage\",\"url\":\"https:\\\/\\\/biljardi.fi\\\/wp-content\\\/uploads\\\/2026\\\/04\\\/bolide-void-04-sp-darts-set-box-contents-main-image_1.webp\",\"contentUrl\":\"https:\\\/\\\/biljardi.fi\\\/wp-content\\\/uploads\\\/2026\\\/04\\\/bolide-void-04-sp-darts-set-box-contents-main-image_1.webp\",\"width\":1200,\"height\":989},{\"@type\":\"BreadcrumbList\",\"@id\":\"https:\\\/\\\/biljardi.fi\\\/en\\\/tuote\\\/target-bolide-void-04-sp-steel-tip-dart\\\/#breadcrumb\",\"itemListElement\":[{\"@type\":\"ListItem\",\"position\":1,\"name\":\"Home\",\"item\":\"https:\\\/\\\/biljardi.fi\\\/en\\\/home\\\/\"},{\"@type\":\"ListItem\",\"position\":2,\"name\":\"Shop\",\"item\":\"https:\\\/\\\/biljardi.fi\\\/en\\\/shop\\\/\"},{\"@type\":\"ListItem\",\"position\":3,\"name\":\"Target Bolide Void 04 SP Steel Tip dart\"}]},{\"@type\":\"WebSite\",\"@id\":\"https:\\\/\\\/biljardi.fi\\\/en\\\/#website\",\"url\":\"https:\\\/\\\/biljardi.fi\\\/en\\\/\",\"name\":\"Suomen Biljardimyynti Oy\",\"description\":\"Biljardip\u00f6yd\u00e4t, Biljardi, Darts, Ilmakiekko, P\u00f6yt\u00e4jalkapallo\",\"publisher\":{\"@id\":\"https:\\\/\\\/biljardi.fi\\\/en\\\/#organization\"},\"potentialAction\":[{\"@type\":\"SearchAction\",\"target\":{\"@type\":\"EntryPoint\",\"urlTemplate\":\"https:\\\/\\\/biljardi.fi\\\/en\\\/?s={search_term_string}\"},\"query-input\":{\"@type\":\"PropertyValueSpecification\",\"valueRequired\":true,\"valueName\":\"search_term_string\"}}],\"inLanguage\":\"en-US\"},{\"@type\":\"Organization\",\"@id\":\"https:\\\/\\\/biljardi.fi\\\/en\\\/#organization\",\"name\":\"Suomen Biljardimyynti Oy\",\"url\":\"https:\\\/\\\/biljardi.fi\\\/en\\\/\",\"logo\":{\"@type\":\"ImageObject\",\"inLanguage\":\"en-US\",\"@id\":\"https:\\\/\\\/biljardi.fi\\\/en\\\/#\\\/schema\\\/logo\\\/image\\\/\",\"url\":\"https:\\\/\\\/biljardi.fi\\\/wp-content\\\/uploads\\\/2025\\\/10\\\/logo_uus-1.png\",\"contentUrl\":\"https:\\\/\\\/biljardi.fi\\\/wp-content\\\/uploads\\\/2025\\\/10\\\/logo_uus-1.png\",\"width\":360,\"height\":94,\"caption\":\"Suomen Biljardimyynti Oy\"},\"image\":{\"@id\":\"https:\\\/\\\/biljardi.fi\\\/en\\\/#\\\/schema\\\/logo\\\/image\\\/\"}}]}<\/script>\n<!-- \/ Yoast SEO plugin. -->","yoast_head_json":{"title":"[wpseo_titles]title-Tuote","robots":{"index":"index","follow":"follow","max-snippet":"max-snippet:-1","max-image-preview":"max-image-preview:large","max-video-preview":"max-video-preview:-1"},"canonical":"https:\/\/biljardi.fi\/en\/tuote\/target-bolide-void-04-sp-steel-tip-dart\/","og_locale":"en_US","og_type":"article","og_title":"[wpseo_titles]title-Tuote","og_description":"Engineered for the perfect balance with simple yet elegant grip offering enhanced accuracy and control with every throw.","og_url":"https:\/\/biljardi.fi\/en\/tuote\/target-bolide-void-04-sp-steel-tip-dart\/","og_site_name":"Suomen Biljardimyynti Oy","article_modified_time":"2026-04-25T10:27:44+00:00","og_image":[{"width":1200,"height":989,"url":"https:\/\/biljardi.fi\/wp-content\/uploads\/2026\/04\/bolide-void-04-sp-darts-set-box-contents-main-image_1.webp","type":"image\/webp"}],"twitter_card":"summary_large_image","twitter_misc":{"Est. reading time":"2 minutes"},"schema":{"@context":"https:\/\/schema.org","@graph":[{"@type":"WebPage","@id":"https:\/\/biljardi.fi\/en\/tuote\/target-bolide-void-04-sp-steel-tip-dart\/","url":"https:\/\/biljardi.fi\/en\/tuote\/target-bolide-void-04-sp-steel-tip-dart\/","name":"[wpseo_titles]title-Tuote","isPartOf":{"@id":"https:\/\/biljardi.fi\/en\/#website"},"primaryImageOfPage":{"@id":"https:\/\/biljardi.fi\/en\/tuote\/target-bolide-void-04-sp-steel-tip-dart\/#primaryimage"},"image":{"@id":"https:\/\/biljardi.fi\/en\/tuote\/target-bolide-void-04-sp-steel-tip-dart\/#primaryimage"},"thumbnailUrl":"https:\/\/biljardi.fi\/wp-content\/uploads\/2026\/04\/bolide-void-04-sp-darts-set-box-contents-main-image_1.webp","datePublished":"2026-04-25T10:23:37+00:00","dateModified":"2026-04-25T10:27:44+00:00","breadcrumb":{"@id":"https:\/\/biljardi.fi\/en\/tuote\/target-bolide-void-04-sp-steel-tip-dart\/#breadcrumb"},"inLanguage":"en-US","potentialAction":[{"@type":"ReadAction","target":["https:\/\/biljardi.fi\/en\/tuote\/target-bolide-void-04-sp-steel-tip-dart\/"]}]},{"@type":"ImageObject","inLanguage":"en-US","@id":"https:\/\/biljardi.fi\/en\/tuote\/target-bolide-void-04-sp-steel-tip-dart\/#primaryimage","url":"https:\/\/biljardi.fi\/wp-content\/uploads\/2026\/04\/bolide-void-04-sp-darts-set-box-contents-main-image_1.webp","contentUrl":"https:\/\/biljardi.fi\/wp-content\/uploads\/2026\/04\/bolide-void-04-sp-darts-set-box-contents-main-image_1.webp","width":1200,"height":989},{"@type":"BreadcrumbList","@id":"https:\/\/biljardi.fi\/en\/tuote\/target-bolide-void-04-sp-steel-tip-dart\/#breadcrumb","itemListElement":[{"@type":"ListItem","position":1,"name":"Home","item":"https:\/\/biljardi.fi\/en\/home\/"},{"@type":"ListItem","position":2,"name":"Shop","item":"https:\/\/biljardi.fi\/en\/shop\/"},{"@type":"ListItem","position":3,"name":"Target Bolide Void 04 SP Steel Tip dart"}]},{"@type":"WebSite","@id":"https:\/\/biljardi.fi\/en\/#website","url":"https:\/\/biljardi.fi\/en\/","name":"Suomen Biljardimyynti Oy","description":"Biljardip\u00f6yd\u00e4t, Biljardi, Darts, Ilmakiekko, P\u00f6yt\u00e4jalkapallo","publisher":{"@id":"https:\/\/biljardi.fi\/en\/#organization"},"potentialAction":[{"@type":"SearchAction","target":{"@type":"EntryPoint","urlTemplate":"https:\/\/biljardi.fi\/en\/?s={search_term_string}"},"query-input":{"@type":"PropertyValueSpecification","valueRequired":true,"valueName":"search_term_string"}}],"inLanguage":"en-US"},{"@type":"Organization","@id":"https:\/\/biljardi.fi\/en\/#organization","name":"Suomen Biljardimyynti Oy","url":"https:\/\/biljardi.fi\/en\/","logo":{"@type":"ImageObject","inLanguage":"en-US","@id":"https:\/\/biljardi.fi\/en\/#\/schema\/logo\/image\/","url":"https:\/\/biljardi.fi\/wp-content\/uploads\/2025\/10\/logo_uus-1.png","contentUrl":"https:\/\/biljardi.fi\/wp-content\/uploads\/2025\/10\/logo_uus-1.png","width":360,"height":94,"caption":"Suomen Biljardimyynti Oy"},"image":{"@id":"https:\/\/biljardi.fi\/en\/#\/schema\/logo\/image\/"}}]}},"_links":{"self":[{"href":"https:\/\/biljardi.fi\/en\/wp-json\/wp\/v2\/product\/74504","targetHints":{"allow":["GET"]}}],"collection":[{"href":"https:\/\/biljardi.fi\/en\/wp-json\/wp\/v2\/product"}],"about":[{"href":"https:\/\/biljardi.fi\/en\/wp-json\/wp\/v2\/types\/product"}],"replies":[{"embeddable":true,"href":"https:\/\/biljardi.fi\/en\/wp-json\/wp\/v2\/comments?post=74504"}],"wp:featuredmedia":[{"embeddable":true,"href":"https:\/\/biljardi.fi\/en\/wp-json\/wp\/v2\/media\/74507"}],"wp:attachment":[{"href":"https:\/\/biljardi.fi\/en\/wp-json\/wp\/v2\/media?parent=74504"}],"wp:term":[{"taxonomy":"product_brand","embeddable":true,"href":"https:\/\/biljardi.fi\/en\/wp-json\/wp\/v2\/product_brand?post=74504"},{"taxonomy":"product_cat","embeddable":true,"href":"https:\/\/biljardi.fi\/en\/wp-json\/wp\/v2\/product_cat?post=74504"},{"taxonomy":"product_tag","embeddable":true,"href":"https:\/\/biljardi.fi\/en\/wp-json\/wp\/v2\/product_tag?post=74504"},{"taxonomy":"giftcard-category","embeddable":true,"href":"https:\/\/biljardi.fi\/en\/wp-json\/wp\/v2\/giftcard-category?post=74504"}],"curies":[{"name":"wp","href":"https:\/\/api.w.org\/{rel}","templated":true}]}}