{"id":74444,"date":"2026-04-17T14:48:12","date_gmt":"2026-04-17T11:48:12","guid":{"rendered":"https:\/\/biljardi.fi\/?post_type=product&#038;p=74444"},"modified":"2026-04-17T14:52:30","modified_gmt":"2026-04-17T11:52:30","slug":"target-luke-littler-loadout-sp-steel-tip-dart","status":"publish","type":"product","link":"https:\/\/biljardi.fi\/en\/tuote\/target-luke-littler-loadout-sp-steel-tip-dart\/","title":{"rendered":"Target Luke Littler Loadout SP Steel Tip dart"},"content":{"rendered":"<div class=\"product attribute description\">\n<div class=\"value\">\n<div data-content-type=\"html\" data-appearance=\"default\" data-element=\"main\" data-decoded=\"true\">\n<p>Target Luke Littler Loadout SP Steel Tip dart<\/p>\n<div class=\"product attribute description\">\n<div class=\"value\">\n<div data-content-type=\"html\" data-appearance=\"default\" data-element=\"main\" data-decoded=\"true\">\n<p>Introducing the Luke Littler Loadout Steel Tip Darts, a collaborative design with the 2024 PDC World Championship finalist. The dart set includes a 90% Tungsten straight barrel 52mm in length, featuring radial grooves for enhanced finger grip. Throughout the sleek design, you&#8217;ll find small pops within the grooves of Nuke\u2019s signature purple and yellow colours.<\/p>\n<p>The 26mm Black Swiss Point, utilizing Swiss Point Technology, allows for easy point switching, and its flush integration with the barrel adds to the set&#8217;s sleek appearance. The set includes a Short Pro Grip Shaft for a seamless lead-in and a firm flight grip, minimizing fallouts.<\/p>\n<p>Completing the ensemble are the Nuke Pro.Ultra No.2 Flights, created with a spot UV print for enhanced durability. This comprehensive dart set embodies precision, style, and durability, making it the ultimate choice for players seeking top-tier performance.<\/p>\n<\/div>\n<\/div>\n<\/div>\n<div class=\"more-information\">\n<div class=\"product-attributes\">\n<h3>Specifications<\/h3>\n<ul>\n<li>Barrel Coating\n<div class=\"att-data\">Natural<\/div>\n<\/li>\n<li>Barrel Length\n<div class=\"att-data\">52mm<\/div>\n<\/li>\n<li>Player Range\n<div class=\"att-data\">Luke Littler<\/div>\n<\/li>\n<li>Colour\n<div class=\"att-data\">Silver<\/div>\n<\/li>\n<li>Dart Material\n<div class=\"att-data\">90% Tungsten<\/div>\n<\/li>\n<li>Point Type\n<div class=\"att-data\">Swiss Point<\/div>\n<\/li>\n<li>Point Length\n<div class=\"att-data\">26mm<\/div>\n<\/li>\n<li>Flight Shape\n<div class=\"att-data\">No.2<\/div>\n<\/li>\n<li>Shaft Brand\n<div class=\"att-data\">Pro Grip<\/div>\n<\/li>\n<li>Shaft Length\n<div class=\"att-data\">Short<\/div>\n<\/li>\n<\/ul>\n<div class=\"in-box \">\n<h3>What\u2019s In The Box<\/h3>\n<div class=\"whatsinthebox-pdp\">\n<div data-content-type=\"html\" data-appearance=\"default\" data-element=\"main\" data-decoded=\"true\">\n<ul>\n<li>3 x Luke Littler Loadout Dart Barrels<\/li>\n<li>3 x 26mm Swiss Dart Points in Black<\/li>\n<li>3 x Short Pro Grip Dart Shafts in Yellow<\/li>\n<li>3 x Luke Littler Edition No.2 Dart Flights<\/li>\n<li>1 x Swiss Point Tool<\/li>\n<\/ul>\n<\/div>\n<\/div>\n<\/div>\n<\/div>\n<\/div>\n<div data-content-type=\"html\" data-appearance=\"default\" data-element=\"main\" data-decoded=\"true\"><\/div>\n<div class=\"more-information\">\n<div class=\"product-attributes\">\n<div class=\"in-box \">\n<div class=\"whatsinthebox-pdp\">\n<div data-content-type=\"html\" data-appearance=\"default\" data-element=\"main\" data-decoded=\"true\">\n<div class=\"product info detailed\">\n<div class=\"product data items\" role=\"tablist\" data-mage-init=\"{&quot;tabs&quot;:{&quot;openedState&quot;:&quot;active&quot;}}\" data-a11y-selectable=\"[role=&quot;tab&quot;]\">\n<div id=\"explore-range\" class=\"data item content\" aria-labelledby=\"tab-label-explore-range-title\" data-role=\"content\" aria-hidden=\"false\">\n<div class=\"explore-range-data\">\n<table>\n<thead>\n<tr>\n<th>Dart Weight<\/th>\n<th>Barrel Length<\/th>\n<th>Barrel Diameter<\/th>\n<th>Flight Shape<\/th>\n<th>Point Length<\/th>\n<th>Shaft Length<\/th>\n<th>Color<\/th>\n<th>Code<\/th>\n<\/tr>\n<\/thead>\n<tbody>\n<tr>\n<td>\n<div>22g<\/div>\n<div>23g<\/div>\n<div>24g<\/div>\n<\/td>\n<td>\n<div>52mm<\/div>\n<div>52mm<\/div>\n<div>52mm<\/div>\n<\/td>\n<td>\n<div>6.3mm<\/div>\n<div>6.5mm<\/div>\n<div>6.6mm<\/div>\n<\/td>\n<td>\n<div>No.2<\/div>\n<div>No.2<\/div>\n<div>No.2<\/div>\n<\/td>\n<td>\n<div>26mm<\/div>\n<div>26mm<\/div>\n<div>26mm<\/div>\n<\/td>\n<td>\n<div>Short<\/div>\n<div>Short<\/div>\n<div>Short<\/div>\n<\/td>\n<td>\n<div>Silver<\/div>\n<div>Silver<\/div>\n<div>Silver<\/div>\n<\/td>\n<td>\n<div>190350<\/div>\n<div>190351<\/div>\n<div>190352<\/div>\n<\/td>\n<\/tr>\n<\/tbody>\n<\/table>\n<\/div>\n<\/div>\n<div id=\"tab-label-deliveryreturns\" class=\"data item title last\" tabindex=\"-1\" role=\"tab\" data-role=\"collapsible\" data-trigger=\"true\" data-collapsible=\"true\" aria-expanded=\"false\"><\/div>\n<\/div>\n<\/div>\n<\/div>\n<\/div>\n<\/div>\n<\/div>\n<\/div>\n<\/div>\n<\/div>\n<\/div>\n","protected":false},"excerpt":{"rendered":"<div class=\"product attribute overview\">\n<div class=\"short-desc\">\n<p>Engineered for the perfect balance with simple yet elegant grip offering enhanced accuracy and control with every throw.<\/p>\n<\/div>\n<\/div>\n","protected":false},"featured_media":74447,"comment_status":"closed","ping_status":"closed","template":"","meta":{"_improvement_type_select":"improve_an_existing","_thumb_yes_seoaic":false,"_frame_yes_seoaic":false,"seoaic_generate_description":"","seoaic_improve_instructions_prompt":"","seoaic_rollback_content_improvement":"","seoaic_idea_thumbnail_generator":"","thumbnail_generated":false,"thumbnail_generate_prompt":"","seoaic_article_description":""},"product_brand":[1823],"product_cat":[2045],"product_tag":[],"giftcard-category":[],"class_list":{"0":"post-74444","1":"product","2":"type-product","3":"status-publish","4":"has-post-thumbnail","6":"product_brand-target-darts","7":"product_cat-darts-2","9":"first","10":"instock","11":"taxable","12":"shipping-taxable","13":"purchasable","14":"product-type-simple"},"exclude_global_add_ons":false,"addons":[{"name":"Weight","type":"multiple_choice","position":0,"required":true,"title_format":"heading","default":"","description_enable":false,"description":"","placeholder_enable":false,"placeholder":"","display":"select","restrictions_type":"any_text","adjust_price":false,"price":"","price_type":"flat_fee","restrictions":false,"min":"0","max":"0","options":[{"label":"22 g","price":"","price_type":"flat_fee","image":0,"visibility":true},{"label":"23 g","price":"","price_type":"flat_fee","image":0,"visibility":true},{"label":"24 g","price":"","price_type":"flat_fee","image":0,"visibility":true}],"id":1776436923}],"yoast_head":"<!-- This site is optimized with the Yoast SEO plugin v27.4 - https:\/\/yoast.com\/product\/yoast-seo-wordpress\/ -->\n<title>[wpseo_titles]title-Tuote<\/title>\n<meta name=\"robots\" content=\"index, follow, max-snippet:-1, max-image-preview:large, max-video-preview:-1\" \/>\n<link rel=\"canonical\" href=\"https:\/\/biljardi.fi\/en\/tuote\/target-luke-littler-loadout-sp-steel-tip-dart\/\" \/>\n<meta property=\"og:locale\" content=\"en_US\" \/>\n<meta property=\"og:type\" content=\"article\" \/>\n<meta property=\"og:title\" content=\"[wpseo_titles]title-Tuote\" \/>\n<meta property=\"og:description\" content=\"Engineered for the perfect balance with simple yet elegant grip offering enhanced accuracy and control with every throw.\" \/>\n<meta property=\"og:url\" content=\"https:\/\/biljardi.fi\/en\/tuote\/target-luke-littler-loadout-sp-steel-tip-dart\/\" \/>\n<meta property=\"og:site_name\" content=\"Suomen Biljardimyynti Oy\" \/>\n<meta property=\"article:modified_time\" content=\"2026-04-17T11:52:30+00:00\" \/>\n<meta property=\"og:image\" content=\"https:\/\/biljardi.fi\/wp-content\/uploads\/2026\/04\/luke-littler-loadout-sp-darts-set-box-contents-main-image_1.webp\" \/>\n\t<meta property=\"og:image:width\" content=\"1456\" \/>\n\t<meta property=\"og:image:height\" content=\"1200\" \/>\n\t<meta property=\"og:image:type\" content=\"image\/webp\" \/>\n<meta name=\"twitter:card\" content=\"summary_large_image\" \/>\n<meta name=\"twitter:label1\" content=\"Est. reading time\" \/>\n\t<meta name=\"twitter:data1\" content=\"2 minutes\" \/>\n<script type=\"application\/ld+json\" class=\"yoast-schema-graph\">{\"@context\":\"https:\\\/\\\/schema.org\",\"@graph\":[{\"@type\":\"WebPage\",\"@id\":\"https:\\\/\\\/biljardi.fi\\\/en\\\/tuote\\\/target-luke-littler-loadout-sp-steel-tip-dart\\\/\",\"url\":\"https:\\\/\\\/biljardi.fi\\\/en\\\/tuote\\\/target-luke-littler-loadout-sp-steel-tip-dart\\\/\",\"name\":\"[wpseo_titles]title-Tuote\",\"isPartOf\":{\"@id\":\"https:\\\/\\\/biljardi.fi\\\/en\\\/#website\"},\"primaryImageOfPage\":{\"@id\":\"https:\\\/\\\/biljardi.fi\\\/en\\\/tuote\\\/target-luke-littler-loadout-sp-steel-tip-dart\\\/#primaryimage\"},\"image\":{\"@id\":\"https:\\\/\\\/biljardi.fi\\\/en\\\/tuote\\\/target-luke-littler-loadout-sp-steel-tip-dart\\\/#primaryimage\"},\"thumbnailUrl\":\"https:\\\/\\\/biljardi.fi\\\/wp-content\\\/uploads\\\/2026\\\/04\\\/luke-littler-loadout-sp-darts-set-box-contents-main-image_1.webp\",\"datePublished\":\"2026-04-17T11:48:12+00:00\",\"dateModified\":\"2026-04-17T11:52:30+00:00\",\"breadcrumb\":{\"@id\":\"https:\\\/\\\/biljardi.fi\\\/en\\\/tuote\\\/target-luke-littler-loadout-sp-steel-tip-dart\\\/#breadcrumb\"},\"inLanguage\":\"en-US\",\"potentialAction\":[{\"@type\":\"ReadAction\",\"target\":[\"https:\\\/\\\/biljardi.fi\\\/en\\\/tuote\\\/target-luke-littler-loadout-sp-steel-tip-dart\\\/\"]}]},{\"@type\":\"ImageObject\",\"inLanguage\":\"en-US\",\"@id\":\"https:\\\/\\\/biljardi.fi\\\/en\\\/tuote\\\/target-luke-littler-loadout-sp-steel-tip-dart\\\/#primaryimage\",\"url\":\"https:\\\/\\\/biljardi.fi\\\/wp-content\\\/uploads\\\/2026\\\/04\\\/luke-littler-loadout-sp-darts-set-box-contents-main-image_1.webp\",\"contentUrl\":\"https:\\\/\\\/biljardi.fi\\\/wp-content\\\/uploads\\\/2026\\\/04\\\/luke-littler-loadout-sp-darts-set-box-contents-main-image_1.webp\",\"width\":1456,\"height\":1200},{\"@type\":\"BreadcrumbList\",\"@id\":\"https:\\\/\\\/biljardi.fi\\\/en\\\/tuote\\\/target-luke-littler-loadout-sp-steel-tip-dart\\\/#breadcrumb\",\"itemListElement\":[{\"@type\":\"ListItem\",\"position\":1,\"name\":\"Home\",\"item\":\"https:\\\/\\\/biljardi.fi\\\/en\\\/home\\\/\"},{\"@type\":\"ListItem\",\"position\":2,\"name\":\"Shop\",\"item\":\"https:\\\/\\\/biljardi.fi\\\/en\\\/shop\\\/\"},{\"@type\":\"ListItem\",\"position\":3,\"name\":\"Target Luke Littler Loadout SP Steel Tip dart\"}]},{\"@type\":\"WebSite\",\"@id\":\"https:\\\/\\\/biljardi.fi\\\/en\\\/#website\",\"url\":\"https:\\\/\\\/biljardi.fi\\\/en\\\/\",\"name\":\"Suomen Biljardimyynti Oy\",\"description\":\"Biljardip\u00f6yd\u00e4t, Biljardi, Darts, Ilmakiekko, P\u00f6yt\u00e4jalkapallo\",\"publisher\":{\"@id\":\"https:\\\/\\\/biljardi.fi\\\/en\\\/#organization\"},\"potentialAction\":[{\"@type\":\"SearchAction\",\"target\":{\"@type\":\"EntryPoint\",\"urlTemplate\":\"https:\\\/\\\/biljardi.fi\\\/en\\\/?s={search_term_string}\"},\"query-input\":{\"@type\":\"PropertyValueSpecification\",\"valueRequired\":true,\"valueName\":\"search_term_string\"}}],\"inLanguage\":\"en-US\"},{\"@type\":\"Organization\",\"@id\":\"https:\\\/\\\/biljardi.fi\\\/en\\\/#organization\",\"name\":\"Suomen Biljardimyynti Oy\",\"url\":\"https:\\\/\\\/biljardi.fi\\\/en\\\/\",\"logo\":{\"@type\":\"ImageObject\",\"inLanguage\":\"en-US\",\"@id\":\"https:\\\/\\\/biljardi.fi\\\/en\\\/#\\\/schema\\\/logo\\\/image\\\/\",\"url\":\"https:\\\/\\\/biljardi.fi\\\/wp-content\\\/uploads\\\/2025\\\/10\\\/logo_uus-1.png\",\"contentUrl\":\"https:\\\/\\\/biljardi.fi\\\/wp-content\\\/uploads\\\/2025\\\/10\\\/logo_uus-1.png\",\"width\":360,\"height\":94,\"caption\":\"Suomen Biljardimyynti Oy\"},\"image\":{\"@id\":\"https:\\\/\\\/biljardi.fi\\\/en\\\/#\\\/schema\\\/logo\\\/image\\\/\"}}]}<\/script>\n<!-- \/ Yoast SEO plugin. -->","yoast_head_json":{"title":"[wpseo_titles]title-Tuote","robots":{"index":"index","follow":"follow","max-snippet":"max-snippet:-1","max-image-preview":"max-image-preview:large","max-video-preview":"max-video-preview:-1"},"canonical":"https:\/\/biljardi.fi\/en\/tuote\/target-luke-littler-loadout-sp-steel-tip-dart\/","og_locale":"en_US","og_type":"article","og_title":"[wpseo_titles]title-Tuote","og_description":"Engineered for the perfect balance with simple yet elegant grip offering enhanced accuracy and control with every throw.","og_url":"https:\/\/biljardi.fi\/en\/tuote\/target-luke-littler-loadout-sp-steel-tip-dart\/","og_site_name":"Suomen Biljardimyynti Oy","article_modified_time":"2026-04-17T11:52:30+00:00","og_image":[{"width":1456,"height":1200,"url":"https:\/\/biljardi.fi\/wp-content\/uploads\/2026\/04\/luke-littler-loadout-sp-darts-set-box-contents-main-image_1.webp","type":"image\/webp"}],"twitter_card":"summary_large_image","twitter_misc":{"Est. reading time":"2 minutes"},"schema":{"@context":"https:\/\/schema.org","@graph":[{"@type":"WebPage","@id":"https:\/\/biljardi.fi\/en\/tuote\/target-luke-littler-loadout-sp-steel-tip-dart\/","url":"https:\/\/biljardi.fi\/en\/tuote\/target-luke-littler-loadout-sp-steel-tip-dart\/","name":"[wpseo_titles]title-Tuote","isPartOf":{"@id":"https:\/\/biljardi.fi\/en\/#website"},"primaryImageOfPage":{"@id":"https:\/\/biljardi.fi\/en\/tuote\/target-luke-littler-loadout-sp-steel-tip-dart\/#primaryimage"},"image":{"@id":"https:\/\/biljardi.fi\/en\/tuote\/target-luke-littler-loadout-sp-steel-tip-dart\/#primaryimage"},"thumbnailUrl":"https:\/\/biljardi.fi\/wp-content\/uploads\/2026\/04\/luke-littler-loadout-sp-darts-set-box-contents-main-image_1.webp","datePublished":"2026-04-17T11:48:12+00:00","dateModified":"2026-04-17T11:52:30+00:00","breadcrumb":{"@id":"https:\/\/biljardi.fi\/en\/tuote\/target-luke-littler-loadout-sp-steel-tip-dart\/#breadcrumb"},"inLanguage":"en-US","potentialAction":[{"@type":"ReadAction","target":["https:\/\/biljardi.fi\/en\/tuote\/target-luke-littler-loadout-sp-steel-tip-dart\/"]}]},{"@type":"ImageObject","inLanguage":"en-US","@id":"https:\/\/biljardi.fi\/en\/tuote\/target-luke-littler-loadout-sp-steel-tip-dart\/#primaryimage","url":"https:\/\/biljardi.fi\/wp-content\/uploads\/2026\/04\/luke-littler-loadout-sp-darts-set-box-contents-main-image_1.webp","contentUrl":"https:\/\/biljardi.fi\/wp-content\/uploads\/2026\/04\/luke-littler-loadout-sp-darts-set-box-contents-main-image_1.webp","width":1456,"height":1200},{"@type":"BreadcrumbList","@id":"https:\/\/biljardi.fi\/en\/tuote\/target-luke-littler-loadout-sp-steel-tip-dart\/#breadcrumb","itemListElement":[{"@type":"ListItem","position":1,"name":"Home","item":"https:\/\/biljardi.fi\/en\/home\/"},{"@type":"ListItem","position":2,"name":"Shop","item":"https:\/\/biljardi.fi\/en\/shop\/"},{"@type":"ListItem","position":3,"name":"Target Luke Littler Loadout SP Steel Tip dart"}]},{"@type":"WebSite","@id":"https:\/\/biljardi.fi\/en\/#website","url":"https:\/\/biljardi.fi\/en\/","name":"Suomen Biljardimyynti Oy","description":"Biljardip\u00f6yd\u00e4t, Biljardi, Darts, Ilmakiekko, P\u00f6yt\u00e4jalkapallo","publisher":{"@id":"https:\/\/biljardi.fi\/en\/#organization"},"potentialAction":[{"@type":"SearchAction","target":{"@type":"EntryPoint","urlTemplate":"https:\/\/biljardi.fi\/en\/?s={search_term_string}"},"query-input":{"@type":"PropertyValueSpecification","valueRequired":true,"valueName":"search_term_string"}}],"inLanguage":"en-US"},{"@type":"Organization","@id":"https:\/\/biljardi.fi\/en\/#organization","name":"Suomen Biljardimyynti Oy","url":"https:\/\/biljardi.fi\/en\/","logo":{"@type":"ImageObject","inLanguage":"en-US","@id":"https:\/\/biljardi.fi\/en\/#\/schema\/logo\/image\/","url":"https:\/\/biljardi.fi\/wp-content\/uploads\/2025\/10\/logo_uus-1.png","contentUrl":"https:\/\/biljardi.fi\/wp-content\/uploads\/2025\/10\/logo_uus-1.png","width":360,"height":94,"caption":"Suomen Biljardimyynti Oy"},"image":{"@id":"https:\/\/biljardi.fi\/en\/#\/schema\/logo\/image\/"}}]}},"_links":{"self":[{"href":"https:\/\/biljardi.fi\/en\/wp-json\/wp\/v2\/product\/74444","targetHints":{"allow":["GET"]}}],"collection":[{"href":"https:\/\/biljardi.fi\/en\/wp-json\/wp\/v2\/product"}],"about":[{"href":"https:\/\/biljardi.fi\/en\/wp-json\/wp\/v2\/types\/product"}],"replies":[{"embeddable":true,"href":"https:\/\/biljardi.fi\/en\/wp-json\/wp\/v2\/comments?post=74444"}],"wp:featuredmedia":[{"embeddable":true,"href":"https:\/\/biljardi.fi\/en\/wp-json\/wp\/v2\/media\/74447"}],"wp:attachment":[{"href":"https:\/\/biljardi.fi\/en\/wp-json\/wp\/v2\/media?parent=74444"}],"wp:term":[{"taxonomy":"product_brand","embeddable":true,"href":"https:\/\/biljardi.fi\/en\/wp-json\/wp\/v2\/product_brand?post=74444"},{"taxonomy":"product_cat","embeddable":true,"href":"https:\/\/biljardi.fi\/en\/wp-json\/wp\/v2\/product_cat?post=74444"},{"taxonomy":"product_tag","embeddable":true,"href":"https:\/\/biljardi.fi\/en\/wp-json\/wp\/v2\/product_tag?post=74444"},{"taxonomy":"giftcard-category","embeddable":true,"href":"https:\/\/biljardi.fi\/en\/wp-json\/wp\/v2\/giftcard-category?post=74444"}],"curies":[{"name":"wp","href":"https:\/\/api.w.org\/{rel}","templated":true}]}}