{"id":74357,"date":"2026-04-04T14:31:27","date_gmt":"2026-04-04T11:31:27","guid":{"rendered":"https:\/\/biljardi.fi\/?post_type=product&#038;p=74357"},"modified":"2026-04-04T14:34:20","modified_gmt":"2026-04-04T11:34:20","slug":"used-sound-leisure-mardi-gras-cd-jukebox-kopio","status":"publish","type":"product","link":"https:\/\/biljardi.fi\/en\/tuote\/used-sound-leisure-mardi-gras-cd-jukebox-kopio\/","title":{"rendered":"Used NSM Thunder CD jukebox"},"content":{"rendered":"<p>Used NSM Thunder CD jukebox<\/p>\n<p>A jukebox with 100 CDs in good condition. Full of discs. <\/p>\n<p>The stand is also included in the price.<\/p>\n<p>The Jukebox is well maintained and in good condition.<\/p>\n<p>Welcome to visit our shop!<\/p>\n","protected":false},"excerpt":{"rendered":"<p>Used NSM Thunder CD jukebox A jukebox with 100 CDs in good condition. Full of discs. The stand is also included in the price. The Jukebox is well maintained and in good condition. Welcome to visit our shop!<\/p>\n","protected":false},"featured_media":74359,"comment_status":"open","ping_status":"closed","template":"","meta":{"_improvement_type_select":"improve_an_existing","_thumb_yes_seoaic":false,"_frame_yes_seoaic":false,"seoaic_generate_description":"","seoaic_improve_instructions_prompt":"","seoaic_rollback_content_improvement":"","seoaic_idea_thumbnail_generator":"","thumbnail_generated":false,"thumbnail_generate_prompt":"","seoaic_article_description":""},"product_brand":[],"product_cat":[2049],"product_tag":[],"giftcard-category":[],"class_list":{"0":"post-74357","1":"product","2":"type-product","3":"status-publish","4":"has-post-thumbnail","6":"product_cat-used","8":"first","9":"instock","10":"taxable","11":"shipping-taxable","12":"purchasable","13":"product-type-simple"},"exclude_global_add_ons":[],"addons":[],"yoast_head":"<!-- This site is optimized with the Yoast SEO plugin v27.3 - https:\/\/yoast.com\/product\/yoast-seo-wordpress\/ -->\n<title>[wpseo_titles]title-Tuote<\/title>\n<meta name=\"robots\" content=\"index, follow, max-snippet:-1, max-image-preview:large, max-video-preview:-1\" \/>\n<link rel=\"canonical\" href=\"https:\/\/biljardi.fi\/en\/tuote\/used-sound-leisure-mardi-gras-cd-jukebox-kopio\/\" \/>\n<meta property=\"og:locale\" content=\"en_US\" \/>\n<meta property=\"og:type\" content=\"article\" \/>\n<meta property=\"og:title\" content=\"[wpseo_titles]title-Tuote\" \/>\n<meta property=\"og:description\" content=\"Used NSM Thunder CD jukebox A jukebox with 100 CDs in good condition. Full of discs. The stand is also included in the price. The Jukebox is well maintained and in good condition. Welcome to visit our shop!\" \/>\n<meta property=\"og:url\" content=\"https:\/\/biljardi.fi\/en\/tuote\/used-sound-leisure-mardi-gras-cd-jukebox-kopio\/\" \/>\n<meta property=\"og:site_name\" content=\"Suomen Biljardimyynti Oy\" \/>\n<meta property=\"article:modified_time\" content=\"2026-04-04T11:34:20+00:00\" \/>\n<meta property=\"og:image\" content=\"https:\/\/biljardi.fi\/wp-content\/uploads\/2026\/04\/IMG_3122.jpeg\" \/>\n\t<meta property=\"og:image:width\" content=\"480\" \/>\n\t<meta property=\"og:image:height\" content=\"640\" \/>\n\t<meta property=\"og:image:type\" content=\"image\/jpeg\" \/>\n<meta name=\"twitter:card\" content=\"summary_large_image\" \/>\n<script type=\"application\/ld+json\" class=\"yoast-schema-graph\">{\"@context\":\"https:\\\/\\\/schema.org\",\"@graph\":[{\"@type\":\"WebPage\",\"@id\":\"https:\\\/\\\/biljardi.fi\\\/en\\\/tuote\\\/used-sound-leisure-mardi-gras-cd-jukebox-kopio\\\/\",\"url\":\"https:\\\/\\\/biljardi.fi\\\/en\\\/tuote\\\/used-sound-leisure-mardi-gras-cd-jukebox-kopio\\\/\",\"name\":\"[wpseo_titles]title-Tuote\",\"isPartOf\":{\"@id\":\"https:\\\/\\\/biljardi.fi\\\/en\\\/#website\"},\"primaryImageOfPage\":{\"@id\":\"https:\\\/\\\/biljardi.fi\\\/en\\\/tuote\\\/used-sound-leisure-mardi-gras-cd-jukebox-kopio\\\/#primaryimage\"},\"image\":{\"@id\":\"https:\\\/\\\/biljardi.fi\\\/en\\\/tuote\\\/used-sound-leisure-mardi-gras-cd-jukebox-kopio\\\/#primaryimage\"},\"thumbnailUrl\":\"https:\\\/\\\/biljardi.fi\\\/wp-content\\\/uploads\\\/2026\\\/04\\\/IMG_3122.jpeg\",\"datePublished\":\"2026-04-04T11:31:27+00:00\",\"dateModified\":\"2026-04-04T11:34:20+00:00\",\"breadcrumb\":{\"@id\":\"https:\\\/\\\/biljardi.fi\\\/en\\\/tuote\\\/used-sound-leisure-mardi-gras-cd-jukebox-kopio\\\/#breadcrumb\"},\"inLanguage\":\"en-US\",\"potentialAction\":[{\"@type\":\"ReadAction\",\"target\":[\"https:\\\/\\\/biljardi.fi\\\/en\\\/tuote\\\/used-sound-leisure-mardi-gras-cd-jukebox-kopio\\\/\"]}]},{\"@type\":\"ImageObject\",\"inLanguage\":\"en-US\",\"@id\":\"https:\\\/\\\/biljardi.fi\\\/en\\\/tuote\\\/used-sound-leisure-mardi-gras-cd-jukebox-kopio\\\/#primaryimage\",\"url\":\"https:\\\/\\\/biljardi.fi\\\/wp-content\\\/uploads\\\/2026\\\/04\\\/IMG_3122.jpeg\",\"contentUrl\":\"https:\\\/\\\/biljardi.fi\\\/wp-content\\\/uploads\\\/2026\\\/04\\\/IMG_3122.jpeg\",\"width\":480,\"height\":640},{\"@type\":\"BreadcrumbList\",\"@id\":\"https:\\\/\\\/biljardi.fi\\\/en\\\/tuote\\\/used-sound-leisure-mardi-gras-cd-jukebox-kopio\\\/#breadcrumb\",\"itemListElement\":[{\"@type\":\"ListItem\",\"position\":1,\"name\":\"Home\",\"item\":\"https:\\\/\\\/biljardi.fi\\\/en\\\/home\\\/\"},{\"@type\":\"ListItem\",\"position\":2,\"name\":\"Shop\",\"item\":\"https:\\\/\\\/biljardi.fi\\\/en\\\/shop\\\/\"},{\"@type\":\"ListItem\",\"position\":3,\"name\":\"Used NSM Thunder CD jukebox\"}]},{\"@type\":\"WebSite\",\"@id\":\"https:\\\/\\\/biljardi.fi\\\/en\\\/#website\",\"url\":\"https:\\\/\\\/biljardi.fi\\\/en\\\/\",\"name\":\"Suomen Biljardimyynti Oy\",\"description\":\"Biljardip\u00f6yd\u00e4t, Biljardi, Darts, Ilmakiekko, P\u00f6yt\u00e4jalkapallo\",\"publisher\":{\"@id\":\"https:\\\/\\\/biljardi.fi\\\/en\\\/#organization\"},\"potentialAction\":[{\"@type\":\"SearchAction\",\"target\":{\"@type\":\"EntryPoint\",\"urlTemplate\":\"https:\\\/\\\/biljardi.fi\\\/en\\\/?s={search_term_string}\"},\"query-input\":{\"@type\":\"PropertyValueSpecification\",\"valueRequired\":true,\"valueName\":\"search_term_string\"}}],\"inLanguage\":\"en-US\"},{\"@type\":\"Organization\",\"@id\":\"https:\\\/\\\/biljardi.fi\\\/en\\\/#organization\",\"name\":\"Suomen Biljardimyynti Oy\",\"url\":\"https:\\\/\\\/biljardi.fi\\\/en\\\/\",\"logo\":{\"@type\":\"ImageObject\",\"inLanguage\":\"en-US\",\"@id\":\"https:\\\/\\\/biljardi.fi\\\/en\\\/#\\\/schema\\\/logo\\\/image\\\/\",\"url\":\"https:\\\/\\\/biljardi.fi\\\/wp-content\\\/uploads\\\/2025\\\/10\\\/logo_uus-1.png\",\"contentUrl\":\"https:\\\/\\\/biljardi.fi\\\/wp-content\\\/uploads\\\/2025\\\/10\\\/logo_uus-1.png\",\"width\":360,\"height\":94,\"caption\":\"Suomen Biljardimyynti Oy\"},\"image\":{\"@id\":\"https:\\\/\\\/biljardi.fi\\\/en\\\/#\\\/schema\\\/logo\\\/image\\\/\"}}]}<\/script>\n<!-- \/ Yoast SEO plugin. -->","yoast_head_json":{"title":"[wpseo_titles]title-Tuote","robots":{"index":"index","follow":"follow","max-snippet":"max-snippet:-1","max-image-preview":"max-image-preview:large","max-video-preview":"max-video-preview:-1"},"canonical":"https:\/\/biljardi.fi\/en\/tuote\/used-sound-leisure-mardi-gras-cd-jukebox-kopio\/","og_locale":"en_US","og_type":"article","og_title":"[wpseo_titles]title-Tuote","og_description":"Used NSM Thunder CD jukebox A jukebox with 100 CDs in good condition. Full of discs. The stand is also included in the price. The Jukebox is well maintained and in good condition. Welcome to visit our shop!","og_url":"https:\/\/biljardi.fi\/en\/tuote\/used-sound-leisure-mardi-gras-cd-jukebox-kopio\/","og_site_name":"Suomen Biljardimyynti Oy","article_modified_time":"2026-04-04T11:34:20+00:00","og_image":[{"width":480,"height":640,"url":"https:\/\/biljardi.fi\/wp-content\/uploads\/2026\/04\/IMG_3122.jpeg","type":"image\/jpeg"}],"twitter_card":"summary_large_image","schema":{"@context":"https:\/\/schema.org","@graph":[{"@type":"WebPage","@id":"https:\/\/biljardi.fi\/en\/tuote\/used-sound-leisure-mardi-gras-cd-jukebox-kopio\/","url":"https:\/\/biljardi.fi\/en\/tuote\/used-sound-leisure-mardi-gras-cd-jukebox-kopio\/","name":"[wpseo_titles]title-Tuote","isPartOf":{"@id":"https:\/\/biljardi.fi\/en\/#website"},"primaryImageOfPage":{"@id":"https:\/\/biljardi.fi\/en\/tuote\/used-sound-leisure-mardi-gras-cd-jukebox-kopio\/#primaryimage"},"image":{"@id":"https:\/\/biljardi.fi\/en\/tuote\/used-sound-leisure-mardi-gras-cd-jukebox-kopio\/#primaryimage"},"thumbnailUrl":"https:\/\/biljardi.fi\/wp-content\/uploads\/2026\/04\/IMG_3122.jpeg","datePublished":"2026-04-04T11:31:27+00:00","dateModified":"2026-04-04T11:34:20+00:00","breadcrumb":{"@id":"https:\/\/biljardi.fi\/en\/tuote\/used-sound-leisure-mardi-gras-cd-jukebox-kopio\/#breadcrumb"},"inLanguage":"en-US","potentialAction":[{"@type":"ReadAction","target":["https:\/\/biljardi.fi\/en\/tuote\/used-sound-leisure-mardi-gras-cd-jukebox-kopio\/"]}]},{"@type":"ImageObject","inLanguage":"en-US","@id":"https:\/\/biljardi.fi\/en\/tuote\/used-sound-leisure-mardi-gras-cd-jukebox-kopio\/#primaryimage","url":"https:\/\/biljardi.fi\/wp-content\/uploads\/2026\/04\/IMG_3122.jpeg","contentUrl":"https:\/\/biljardi.fi\/wp-content\/uploads\/2026\/04\/IMG_3122.jpeg","width":480,"height":640},{"@type":"BreadcrumbList","@id":"https:\/\/biljardi.fi\/en\/tuote\/used-sound-leisure-mardi-gras-cd-jukebox-kopio\/#breadcrumb","itemListElement":[{"@type":"ListItem","position":1,"name":"Home","item":"https:\/\/biljardi.fi\/en\/home\/"},{"@type":"ListItem","position":2,"name":"Shop","item":"https:\/\/biljardi.fi\/en\/shop\/"},{"@type":"ListItem","position":3,"name":"Used NSM Thunder CD jukebox"}]},{"@type":"WebSite","@id":"https:\/\/biljardi.fi\/en\/#website","url":"https:\/\/biljardi.fi\/en\/","name":"Suomen Biljardimyynti Oy","description":"Biljardip\u00f6yd\u00e4t, Biljardi, Darts, Ilmakiekko, P\u00f6yt\u00e4jalkapallo","publisher":{"@id":"https:\/\/biljardi.fi\/en\/#organization"},"potentialAction":[{"@type":"SearchAction","target":{"@type":"EntryPoint","urlTemplate":"https:\/\/biljardi.fi\/en\/?s={search_term_string}"},"query-input":{"@type":"PropertyValueSpecification","valueRequired":true,"valueName":"search_term_string"}}],"inLanguage":"en-US"},{"@type":"Organization","@id":"https:\/\/biljardi.fi\/en\/#organization","name":"Suomen Biljardimyynti Oy","url":"https:\/\/biljardi.fi\/en\/","logo":{"@type":"ImageObject","inLanguage":"en-US","@id":"https:\/\/biljardi.fi\/en\/#\/schema\/logo\/image\/","url":"https:\/\/biljardi.fi\/wp-content\/uploads\/2025\/10\/logo_uus-1.png","contentUrl":"https:\/\/biljardi.fi\/wp-content\/uploads\/2025\/10\/logo_uus-1.png","width":360,"height":94,"caption":"Suomen Biljardimyynti Oy"},"image":{"@id":"https:\/\/biljardi.fi\/en\/#\/schema\/logo\/image\/"}}]}},"_links":{"self":[{"href":"https:\/\/biljardi.fi\/en\/wp-json\/wp\/v2\/product\/74357","targetHints":{"allow":["GET"]}}],"collection":[{"href":"https:\/\/biljardi.fi\/en\/wp-json\/wp\/v2\/product"}],"about":[{"href":"https:\/\/biljardi.fi\/en\/wp-json\/wp\/v2\/types\/product"}],"replies":[{"embeddable":true,"href":"https:\/\/biljardi.fi\/en\/wp-json\/wp\/v2\/comments?post=74357"}],"wp:featuredmedia":[{"embeddable":true,"href":"https:\/\/biljardi.fi\/en\/wp-json\/wp\/v2\/media\/74359"}],"wp:attachment":[{"href":"https:\/\/biljardi.fi\/en\/wp-json\/wp\/v2\/media?parent=74357"}],"wp:term":[{"taxonomy":"product_brand","embeddable":true,"href":"https:\/\/biljardi.fi\/en\/wp-json\/wp\/v2\/product_brand?post=74357"},{"taxonomy":"product_cat","embeddable":true,"href":"https:\/\/biljardi.fi\/en\/wp-json\/wp\/v2\/product_cat?post=74357"},{"taxonomy":"product_tag","embeddable":true,"href":"https:\/\/biljardi.fi\/en\/wp-json\/wp\/v2\/product_tag?post=74357"},{"taxonomy":"giftcard-category","embeddable":true,"href":"https:\/\/biljardi.fi\/en\/wp-json\/wp\/v2\/giftcard-category?post=74357"}],"curies":[{"name":"wp","href":"https:\/\/api.w.org\/{rel}","templated":true}]}}