{"id":74302,"date":"2026-04-02T10:52:03","date_gmt":"2026-04-02T07:52:03","guid":{"rendered":"https:\/\/biljardi.fi\/?post_type=product&#038;p=74302"},"modified":"2026-04-02T10:57:46","modified_gmt":"2026-04-02T07:57:46","slug":"used-pronto-diner-7-pool-table-kopio","status":"publish","type":"product","link":"https:\/\/biljardi.fi\/en\/tuote\/used-pronto-diner-7-pool-table-kopio\/","title":{"rendered":"New New Jersey Diner 7&#8242; pool table"},"content":{"rendered":"<pre id=\"tw-target-text\" class=\"tw-data-text tw-text-large tw-ta\" dir=\"ltr\" tabindex=\"-1\" role=\"text\" data-placeholder=\"K\u00e4\u00e4nn\u00f6s\" data-ved=\"2ahUKEwiEtPOP186TAxW4JBAIHaJINu4Q3ewLegQIDBAX\" aria-label=\"K\u00e4\u00e4nnetty teksti: Yksityiskohtainen tuotekuvaus New Jerseyn biljardip\u00f6yt\u00e4 T\u00e4ydellinen yhdistelm\u00e4 ruokap\u00f6yt\u00e4\u00e4 ja biljardip\u00f6yt\u00e4\u00e4. T\u00e4m\u00e4 p\u00f6yt\u00e4 on yhdistelm\u00e4 ruostumattomasta ter\u00e4ksest\u00e4 valmistettua pintak\u00e4sittely\u00e4 ja korkeakiiltoista mustaa lakkaa. Pelialue 200 x 100 cm (ihanteelliset huoneen mitat 500 x 400 cm) Pudotuskorit Korkealaatuinen ty\u00f6j\u00e4lki 3-osainen liuskekivipelilauta (19 mm) P\u00e4\u00e4llinen\/ruokalauta sis\u00e4ltyy p\u00f6yd\u00e4n hintaan Huippuluokan kumipehmusteet Simonis-kangas sis\u00e4ltyy hintaan Hinta ei sis\u00e4ll\u00e4 penkkej\u00e4 Kuljetus, kokoaminen ja pelitarvikkeet eiv\u00e4t sis\u00e4lly p\u00f6yd\u00e4n hintaan.\"><span class=\"Y2IQFc\" lang=\"fi\">The perfect combination of dining table and pool table.\n\nThis table is a combination of stainless steel and high gloss black lacquer. The legs are made of steel and the wooden parts are black lacquered wood. \n\nOnly 1 of these on sale!\n\nPlaying area 200 x 100 cm\n3-piece slate board (19 mm)\nCover included in the table price\nTop-quality light rubbers\nSimonis 860 Royal Blue sold included in the price\nPrice does not include benches<\/span><\/pre>\n<p>&nbsp;<\/p>\n<p>&nbsp;<\/p>\n","protected":false},"excerpt":{"rendered":"<p>The perfect combination of dining table and pool table. This table is a combination of stainless steel and high gloss black lacquer. The legs are made of steel and the wooden parts are black lacquered wood. Only 1 of these on sale! Playing area 200 x 100 cm 3-piece slate board (19 mm) Cover included [&hellip;]<\/p>\n","protected":false},"featured_media":74306,"comment_status":"open","ping_status":"closed","template":"","meta":{"_improvement_type_select":"improve_an_existing","_thumb_yes_seoaic":false,"_frame_yes_seoaic":false,"seoaic_generate_description":"","seoaic_improve_instructions_prompt":"","seoaic_rollback_content_improvement":"","seoaic_idea_thumbnail_generator":"","thumbnail_generated":false,"thumbnail_generate_prompt":"","seoaic_article_description":""},"product_brand":[],"product_cat":[2049,2050],"product_tag":[2015,2016,2014],"giftcard-category":[],"class_list":{"0":"post-74302","1":"product","2":"type-product","3":"status-publish","4":"has-post-thumbnail","6":"product_cat-used","7":"product_cat-used-billiard-tables","8":"product_tag-billiard-sales","9":"product_tag-billiard-table","10":"product_tag-billiards","11":"pa_koko-2024","13":"first","14":"instock","15":"purchasable","16":"product-type-simple"},"exclude_global_add_ons":[],"addons":[],"yoast_head":"<!-- This site is optimized with the Yoast SEO plugin v27.3 - https:\/\/yoast.com\/product\/yoast-seo-wordpress\/ -->\n<title>[wpseo_titles]title-Tuote<\/title>\n<meta name=\"robots\" content=\"index, follow, max-snippet:-1, max-image-preview:large, max-video-preview:-1\" \/>\n<link rel=\"canonical\" href=\"https:\/\/biljardi.fi\/en\/tuote\/used-pronto-diner-7-pool-table-kopio\/\" \/>\n<meta property=\"og:locale\" content=\"en_US\" \/>\n<meta property=\"og:type\" content=\"article\" \/>\n<meta property=\"og:title\" content=\"[wpseo_titles]title-Tuote\" \/>\n<meta property=\"og:description\" content=\"The perfect combination of dining table and pool table. This table is a combination of stainless steel and high gloss black lacquer. The legs are made of steel and the wooden parts are black lacquered wood. Only 1 of these on sale! Playing area 200 x 100 cm 3-piece slate board (19 mm) Cover included [&hellip;]\" \/>\n<meta property=\"og:url\" content=\"https:\/\/biljardi.fi\/en\/tuote\/used-pronto-diner-7-pool-table-kopio\/\" \/>\n<meta property=\"og:site_name\" content=\"Suomen Biljardimyynti Oy\" \/>\n<meta property=\"article:modified_time\" content=\"2026-04-02T07:57:46+00:00\" \/>\n<meta property=\"og:image\" content=\"https:\/\/biljardi.fi\/wp-content\/uploads\/2026\/04\/35031-1_kulecnikovy-stul-pool-jidelni-new-yersey-7ft.webp\" \/>\n\t<meta property=\"og:image:width\" content=\"1024\" \/>\n\t<meta property=\"og:image:height\" content=\"768\" \/>\n\t<meta property=\"og:image:type\" content=\"image\/webp\" \/>\n<meta name=\"twitter:card\" content=\"summary_large_image\" \/>\n<script type=\"application\/ld+json\" class=\"yoast-schema-graph\">{\"@context\":\"https:\\\/\\\/schema.org\",\"@graph\":[{\"@type\":\"WebPage\",\"@id\":\"https:\\\/\\\/biljardi.fi\\\/en\\\/tuote\\\/used-pronto-diner-7-pool-table-kopio\\\/\",\"url\":\"https:\\\/\\\/biljardi.fi\\\/en\\\/tuote\\\/used-pronto-diner-7-pool-table-kopio\\\/\",\"name\":\"[wpseo_titles]title-Tuote\",\"isPartOf\":{\"@id\":\"https:\\\/\\\/biljardi.fi\\\/en\\\/#website\"},\"primaryImageOfPage\":{\"@id\":\"https:\\\/\\\/biljardi.fi\\\/en\\\/tuote\\\/used-pronto-diner-7-pool-table-kopio\\\/#primaryimage\"},\"image\":{\"@id\":\"https:\\\/\\\/biljardi.fi\\\/en\\\/tuote\\\/used-pronto-diner-7-pool-table-kopio\\\/#primaryimage\"},\"thumbnailUrl\":\"https:\\\/\\\/biljardi.fi\\\/wp-content\\\/uploads\\\/2026\\\/04\\\/35031-1_kulecnikovy-stul-pool-jidelni-new-yersey-7ft.webp\",\"datePublished\":\"2026-04-02T07:52:03+00:00\",\"dateModified\":\"2026-04-02T07:57:46+00:00\",\"breadcrumb\":{\"@id\":\"https:\\\/\\\/biljardi.fi\\\/en\\\/tuote\\\/used-pronto-diner-7-pool-table-kopio\\\/#breadcrumb\"},\"inLanguage\":\"en-US\",\"potentialAction\":[{\"@type\":\"ReadAction\",\"target\":[\"https:\\\/\\\/biljardi.fi\\\/en\\\/tuote\\\/used-pronto-diner-7-pool-table-kopio\\\/\"]}]},{\"@type\":\"ImageObject\",\"inLanguage\":\"en-US\",\"@id\":\"https:\\\/\\\/biljardi.fi\\\/en\\\/tuote\\\/used-pronto-diner-7-pool-table-kopio\\\/#primaryimage\",\"url\":\"https:\\\/\\\/biljardi.fi\\\/wp-content\\\/uploads\\\/2026\\\/04\\\/35031-1_kulecnikovy-stul-pool-jidelni-new-yersey-7ft.webp\",\"contentUrl\":\"https:\\\/\\\/biljardi.fi\\\/wp-content\\\/uploads\\\/2026\\\/04\\\/35031-1_kulecnikovy-stul-pool-jidelni-new-yersey-7ft.webp\",\"width\":1024,\"height\":768},{\"@type\":\"BreadcrumbList\",\"@id\":\"https:\\\/\\\/biljardi.fi\\\/en\\\/tuote\\\/used-pronto-diner-7-pool-table-kopio\\\/#breadcrumb\",\"itemListElement\":[{\"@type\":\"ListItem\",\"position\":1,\"name\":\"Home\",\"item\":\"https:\\\/\\\/biljardi.fi\\\/en\\\/home\\\/\"},{\"@type\":\"ListItem\",\"position\":2,\"name\":\"Shop\",\"item\":\"https:\\\/\\\/biljardi.fi\\\/en\\\/shop\\\/\"},{\"@type\":\"ListItem\",\"position\":3,\"name\":\"New New Jersey Diner 7&#8242; pool table\"}]},{\"@type\":\"WebSite\",\"@id\":\"https:\\\/\\\/biljardi.fi\\\/en\\\/#website\",\"url\":\"https:\\\/\\\/biljardi.fi\\\/en\\\/\",\"name\":\"Suomen Biljardimyynti Oy\",\"description\":\"Biljardip\u00f6yd\u00e4t, Biljardi, Darts, Ilmakiekko, P\u00f6yt\u00e4jalkapallo\",\"publisher\":{\"@id\":\"https:\\\/\\\/biljardi.fi\\\/en\\\/#organization\"},\"potentialAction\":[{\"@type\":\"SearchAction\",\"target\":{\"@type\":\"EntryPoint\",\"urlTemplate\":\"https:\\\/\\\/biljardi.fi\\\/en\\\/?s={search_term_string}\"},\"query-input\":{\"@type\":\"PropertyValueSpecification\",\"valueRequired\":true,\"valueName\":\"search_term_string\"}}],\"inLanguage\":\"en-US\"},{\"@type\":\"Organization\",\"@id\":\"https:\\\/\\\/biljardi.fi\\\/en\\\/#organization\",\"name\":\"Suomen Biljardimyynti Oy\",\"url\":\"https:\\\/\\\/biljardi.fi\\\/en\\\/\",\"logo\":{\"@type\":\"ImageObject\",\"inLanguage\":\"en-US\",\"@id\":\"https:\\\/\\\/biljardi.fi\\\/en\\\/#\\\/schema\\\/logo\\\/image\\\/\",\"url\":\"https:\\\/\\\/biljardi.fi\\\/wp-content\\\/uploads\\\/2025\\\/10\\\/logo_uus-1.png\",\"contentUrl\":\"https:\\\/\\\/biljardi.fi\\\/wp-content\\\/uploads\\\/2025\\\/10\\\/logo_uus-1.png\",\"width\":360,\"height\":94,\"caption\":\"Suomen Biljardimyynti Oy\"},\"image\":{\"@id\":\"https:\\\/\\\/biljardi.fi\\\/en\\\/#\\\/schema\\\/logo\\\/image\\\/\"}}]}<\/script>\n<!-- \/ Yoast SEO plugin. -->","yoast_head_json":{"title":"[wpseo_titles]title-Tuote","robots":{"index":"index","follow":"follow","max-snippet":"max-snippet:-1","max-image-preview":"max-image-preview:large","max-video-preview":"max-video-preview:-1"},"canonical":"https:\/\/biljardi.fi\/en\/tuote\/used-pronto-diner-7-pool-table-kopio\/","og_locale":"en_US","og_type":"article","og_title":"[wpseo_titles]title-Tuote","og_description":"The perfect combination of dining table and pool table. This table is a combination of stainless steel and high gloss black lacquer. The legs are made of steel and the wooden parts are black lacquered wood. Only 1 of these on sale! Playing area 200 x 100 cm 3-piece slate board (19 mm) Cover included [&hellip;]","og_url":"https:\/\/biljardi.fi\/en\/tuote\/used-pronto-diner-7-pool-table-kopio\/","og_site_name":"Suomen Biljardimyynti Oy","article_modified_time":"2026-04-02T07:57:46+00:00","og_image":[{"width":1024,"height":768,"url":"https:\/\/biljardi.fi\/wp-content\/uploads\/2026\/04\/35031-1_kulecnikovy-stul-pool-jidelni-new-yersey-7ft.webp","type":"image\/webp"}],"twitter_card":"summary_large_image","schema":{"@context":"https:\/\/schema.org","@graph":[{"@type":"WebPage","@id":"https:\/\/biljardi.fi\/en\/tuote\/used-pronto-diner-7-pool-table-kopio\/","url":"https:\/\/biljardi.fi\/en\/tuote\/used-pronto-diner-7-pool-table-kopio\/","name":"[wpseo_titles]title-Tuote","isPartOf":{"@id":"https:\/\/biljardi.fi\/en\/#website"},"primaryImageOfPage":{"@id":"https:\/\/biljardi.fi\/en\/tuote\/used-pronto-diner-7-pool-table-kopio\/#primaryimage"},"image":{"@id":"https:\/\/biljardi.fi\/en\/tuote\/used-pronto-diner-7-pool-table-kopio\/#primaryimage"},"thumbnailUrl":"https:\/\/biljardi.fi\/wp-content\/uploads\/2026\/04\/35031-1_kulecnikovy-stul-pool-jidelni-new-yersey-7ft.webp","datePublished":"2026-04-02T07:52:03+00:00","dateModified":"2026-04-02T07:57:46+00:00","breadcrumb":{"@id":"https:\/\/biljardi.fi\/en\/tuote\/used-pronto-diner-7-pool-table-kopio\/#breadcrumb"},"inLanguage":"en-US","potentialAction":[{"@type":"ReadAction","target":["https:\/\/biljardi.fi\/en\/tuote\/used-pronto-diner-7-pool-table-kopio\/"]}]},{"@type":"ImageObject","inLanguage":"en-US","@id":"https:\/\/biljardi.fi\/en\/tuote\/used-pronto-diner-7-pool-table-kopio\/#primaryimage","url":"https:\/\/biljardi.fi\/wp-content\/uploads\/2026\/04\/35031-1_kulecnikovy-stul-pool-jidelni-new-yersey-7ft.webp","contentUrl":"https:\/\/biljardi.fi\/wp-content\/uploads\/2026\/04\/35031-1_kulecnikovy-stul-pool-jidelni-new-yersey-7ft.webp","width":1024,"height":768},{"@type":"BreadcrumbList","@id":"https:\/\/biljardi.fi\/en\/tuote\/used-pronto-diner-7-pool-table-kopio\/#breadcrumb","itemListElement":[{"@type":"ListItem","position":1,"name":"Home","item":"https:\/\/biljardi.fi\/en\/home\/"},{"@type":"ListItem","position":2,"name":"Shop","item":"https:\/\/biljardi.fi\/en\/shop\/"},{"@type":"ListItem","position":3,"name":"New New Jersey Diner 7&#8242; pool table"}]},{"@type":"WebSite","@id":"https:\/\/biljardi.fi\/en\/#website","url":"https:\/\/biljardi.fi\/en\/","name":"Suomen Biljardimyynti Oy","description":"Biljardip\u00f6yd\u00e4t, Biljardi, Darts, Ilmakiekko, P\u00f6yt\u00e4jalkapallo","publisher":{"@id":"https:\/\/biljardi.fi\/en\/#organization"},"potentialAction":[{"@type":"SearchAction","target":{"@type":"EntryPoint","urlTemplate":"https:\/\/biljardi.fi\/en\/?s={search_term_string}"},"query-input":{"@type":"PropertyValueSpecification","valueRequired":true,"valueName":"search_term_string"}}],"inLanguage":"en-US"},{"@type":"Organization","@id":"https:\/\/biljardi.fi\/en\/#organization","name":"Suomen Biljardimyynti Oy","url":"https:\/\/biljardi.fi\/en\/","logo":{"@type":"ImageObject","inLanguage":"en-US","@id":"https:\/\/biljardi.fi\/en\/#\/schema\/logo\/image\/","url":"https:\/\/biljardi.fi\/wp-content\/uploads\/2025\/10\/logo_uus-1.png","contentUrl":"https:\/\/biljardi.fi\/wp-content\/uploads\/2025\/10\/logo_uus-1.png","width":360,"height":94,"caption":"Suomen Biljardimyynti Oy"},"image":{"@id":"https:\/\/biljardi.fi\/en\/#\/schema\/logo\/image\/"}}]}},"_links":{"self":[{"href":"https:\/\/biljardi.fi\/en\/wp-json\/wp\/v2\/product\/74302","targetHints":{"allow":["GET"]}}],"collection":[{"href":"https:\/\/biljardi.fi\/en\/wp-json\/wp\/v2\/product"}],"about":[{"href":"https:\/\/biljardi.fi\/en\/wp-json\/wp\/v2\/types\/product"}],"replies":[{"embeddable":true,"href":"https:\/\/biljardi.fi\/en\/wp-json\/wp\/v2\/comments?post=74302"}],"wp:featuredmedia":[{"embeddable":true,"href":"https:\/\/biljardi.fi\/en\/wp-json\/wp\/v2\/media\/74306"}],"wp:attachment":[{"href":"https:\/\/biljardi.fi\/en\/wp-json\/wp\/v2\/media?parent=74302"}],"wp:term":[{"taxonomy":"product_brand","embeddable":true,"href":"https:\/\/biljardi.fi\/en\/wp-json\/wp\/v2\/product_brand?post=74302"},{"taxonomy":"product_cat","embeddable":true,"href":"https:\/\/biljardi.fi\/en\/wp-json\/wp\/v2\/product_cat?post=74302"},{"taxonomy":"product_tag","embeddable":true,"href":"https:\/\/biljardi.fi\/en\/wp-json\/wp\/v2\/product_tag?post=74302"},{"taxonomy":"giftcard-category","embeddable":true,"href":"https:\/\/biljardi.fi\/en\/wp-json\/wp\/v2\/giftcard-category?post=74302"}],"curies":[{"name":"wp","href":"https:\/\/api.w.org\/{rel}","templated":true}]}}