{"id":74271,"date":"2026-03-31T12:28:37","date_gmt":"2026-03-31T09:28:37","guid":{"rendered":"https:\/\/biljardi.fi\/?post_type=product&#038;p=74271"},"modified":"2026-03-31T18:16:00","modified_gmt":"2026-03-31T15:16:00","slug":"exo-01-sp-23g-steel-tip-dart","status":"publish","type":"product","link":"https:\/\/biljardi.fi\/en\/tuote\/exo-01-sp-23g-steel-tip-dart\/","title":{"rendered":"EXO 01 SP 23g Steel Tip dart"},"content":{"rendered":"<div class=\"product attribute description\">\n<div class=\"value\">\n<div data-content-type=\"html\" data-appearance=\"default\" data-element=\"main\" data-decoded=\"true\">\n<p>Engineered for the perfect balance between weight and barrel slimness, the EXO darts range features a simple, yet elegant radial-grooved grip. Crafted with a 90% tungsten barrel, offering players enhanced accuracy and control with every throw.<\/p>\n<p>The cutting-edge Swiss Point Technology allows you to easily switch your dart point using the tool provided. The taper and thread technology ensure a secure and locked-in position, providing stability and precision during play.<\/p>\n<p>Choose from three distinct traditional barrel designs in the EXO Edition steel tip darts, each intricate barrel designs feature a natural Tungsten finish, seamlessly integrating radial grooves and a continuous ringed grip. The EXO 01 boasts a straight barrel with a rounded nose, offering a classic feel and consistent grip.<\/p>\n<p>The EXO darts feature a No.6 EXO Edition Pro Ultra flight, complementing to the subtle, yet elegant theme. The short Pro Grip shaft is moulded to enhance a seamless lead-in and better controlled throw. Crafted from a durable nylon compound, it ensures excellent flight gripping strength to minimize fallouts.<\/p>\n<h3>Specifications<\/h3>\n<ul>\n<li>Barrel Coating Natural<\/li>\n<li>Barrel Length 50.5mm<\/li>\n<li>Colour Silver<\/li>\n<li>Dart Material 90% Tungsten<\/li>\n<li>Point Type Swiss Point<\/li>\n<li>Point Length 26mm<\/li>\n<li>Flight Shape No.6<\/li>\n<li>Shaft Brand Pro Grip<\/li>\n<li>Shaft Length Short<\/li>\n<\/ul>\n<\/div>\n<\/div>\n<\/div>\n","protected":false},"excerpt":{"rendered":"<div class=\"product attribute overview\">\n<div class=\"short-desc\">\n<p>Engineered for the perfect balance with simple yet elegant grip offering enhanced accuracy and control with every throw.<\/p>\n<\/div>\n<\/div>\n","protected":false},"featured_media":74272,"comment_status":"closed","ping_status":"closed","template":"","meta":{"_improvement_type_select":"improve_an_existing","_thumb_yes_seoaic":false,"_frame_yes_seoaic":false,"seoaic_generate_description":"","seoaic_improve_instructions_prompt":"","seoaic_rollback_content_improvement":"","seoaic_idea_thumbnail_generator":"","thumbnail_generated":false,"thumbnail_generate_prompt":"","seoaic_article_description":""},"product_brand":[1823],"product_cat":[2035,2045],"product_tag":[],"giftcard-category":[],"class_list":{"0":"post-74271","1":"product","2":"type-product","3":"status-publish","4":"has-post-thumbnail","6":"product_brand-target-darts","7":"product_cat-darts","8":"product_cat-darts-2","10":"first","11":"instock","12":"taxable","13":"shipping-taxable","14":"purchasable","15":"product-type-simple"},"exclude_global_add_ons":[],"addons":[],"yoast_head":"<!-- This site is optimized with the Yoast SEO plugin v27.3 - https:\/\/yoast.com\/product\/yoast-seo-wordpress\/ -->\n<title>[wpseo_titles]title-Tuote<\/title>\n<meta name=\"robots\" content=\"index, follow, max-snippet:-1, max-image-preview:large, max-video-preview:-1\" \/>\n<link rel=\"canonical\" href=\"https:\/\/biljardi.fi\/en\/tuote\/exo-01-sp-23g-steel-tip-dart\/\" \/>\n<meta property=\"og:locale\" content=\"en_US\" \/>\n<meta property=\"og:type\" content=\"article\" \/>\n<meta property=\"og:title\" content=\"[wpseo_titles]title-Tuote\" \/>\n<meta property=\"og:description\" content=\"Engineered for the perfect balance with simple yet elegant grip offering enhanced accuracy and control with every throw.\" \/>\n<meta property=\"og:url\" content=\"https:\/\/biljardi.fi\/en\/tuote\/exo-01-sp-23g-steel-tip-dart\/\" \/>\n<meta property=\"og:site_name\" content=\"Suomen Biljardimyynti Oy\" \/>\n<meta property=\"article:modified_time\" content=\"2026-03-31T15:16:00+00:00\" \/>\n<meta property=\"og:image\" content=\"https:\/\/biljardi.fi\/wp-content\/uploads\/2026\/03\/target-darts-exo-01-steel-tip-10-1.webp\" \/>\n\t<meta property=\"og:image:width\" content=\"1456\" \/>\n\t<meta property=\"og:image:height\" content=\"1200\" \/>\n\t<meta property=\"og:image:type\" content=\"image\/webp\" \/>\n<meta name=\"twitter:card\" content=\"summary_large_image\" \/>\n<meta name=\"twitter:label1\" content=\"Est. reading time\" \/>\n\t<meta name=\"twitter:data1\" content=\"2 minutes\" \/>\n<script type=\"application\/ld+json\" class=\"yoast-schema-graph\">{\"@context\":\"https:\\\/\\\/schema.org\",\"@graph\":[{\"@type\":\"WebPage\",\"@id\":\"https:\\\/\\\/biljardi.fi\\\/en\\\/tuote\\\/exo-01-sp-23g-steel-tip-dart\\\/\",\"url\":\"https:\\\/\\\/biljardi.fi\\\/en\\\/tuote\\\/exo-01-sp-23g-steel-tip-dart\\\/\",\"name\":\"[wpseo_titles]title-Tuote\",\"isPartOf\":{\"@id\":\"https:\\\/\\\/biljardi.fi\\\/en\\\/#website\"},\"primaryImageOfPage\":{\"@id\":\"https:\\\/\\\/biljardi.fi\\\/en\\\/tuote\\\/exo-01-sp-23g-steel-tip-dart\\\/#primaryimage\"},\"image\":{\"@id\":\"https:\\\/\\\/biljardi.fi\\\/en\\\/tuote\\\/exo-01-sp-23g-steel-tip-dart\\\/#primaryimage\"},\"thumbnailUrl\":\"https:\\\/\\\/biljardi.fi\\\/wp-content\\\/uploads\\\/2026\\\/03\\\/target-darts-exo-01-steel-tip-10-1.webp\",\"datePublished\":\"2026-03-31T09:28:37+00:00\",\"dateModified\":\"2026-03-31T15:16:00+00:00\",\"breadcrumb\":{\"@id\":\"https:\\\/\\\/biljardi.fi\\\/en\\\/tuote\\\/exo-01-sp-23g-steel-tip-dart\\\/#breadcrumb\"},\"inLanguage\":\"en-US\",\"potentialAction\":[{\"@type\":\"ReadAction\",\"target\":[\"https:\\\/\\\/biljardi.fi\\\/en\\\/tuote\\\/exo-01-sp-23g-steel-tip-dart\\\/\"]}]},{\"@type\":\"ImageObject\",\"inLanguage\":\"en-US\",\"@id\":\"https:\\\/\\\/biljardi.fi\\\/en\\\/tuote\\\/exo-01-sp-23g-steel-tip-dart\\\/#primaryimage\",\"url\":\"https:\\\/\\\/biljardi.fi\\\/wp-content\\\/uploads\\\/2026\\\/03\\\/target-darts-exo-01-steel-tip-10-1.webp\",\"contentUrl\":\"https:\\\/\\\/biljardi.fi\\\/wp-content\\\/uploads\\\/2026\\\/03\\\/target-darts-exo-01-steel-tip-10-1.webp\",\"width\":1456,\"height\":1200},{\"@type\":\"BreadcrumbList\",\"@id\":\"https:\\\/\\\/biljardi.fi\\\/en\\\/tuote\\\/exo-01-sp-23g-steel-tip-dart\\\/#breadcrumb\",\"itemListElement\":[{\"@type\":\"ListItem\",\"position\":1,\"name\":\"Home\",\"item\":\"https:\\\/\\\/biljardi.fi\\\/en\\\/home\\\/\"},{\"@type\":\"ListItem\",\"position\":2,\"name\":\"Shop\",\"item\":\"https:\\\/\\\/biljardi.fi\\\/en\\\/shop\\\/\"},{\"@type\":\"ListItem\",\"position\":3,\"name\":\"EXO 01 SP 23g Steel Tip dart\"}]},{\"@type\":\"WebSite\",\"@id\":\"https:\\\/\\\/biljardi.fi\\\/en\\\/#website\",\"url\":\"https:\\\/\\\/biljardi.fi\\\/en\\\/\",\"name\":\"Suomen Biljardimyynti Oy\",\"description\":\"Biljardip\u00f6yd\u00e4t, Biljardi, Darts, Ilmakiekko, P\u00f6yt\u00e4jalkapallo\",\"publisher\":{\"@id\":\"https:\\\/\\\/biljardi.fi\\\/en\\\/#organization\"},\"potentialAction\":[{\"@type\":\"SearchAction\",\"target\":{\"@type\":\"EntryPoint\",\"urlTemplate\":\"https:\\\/\\\/biljardi.fi\\\/en\\\/?s={search_term_string}\"},\"query-input\":{\"@type\":\"PropertyValueSpecification\",\"valueRequired\":true,\"valueName\":\"search_term_string\"}}],\"inLanguage\":\"en-US\"},{\"@type\":\"Organization\",\"@id\":\"https:\\\/\\\/biljardi.fi\\\/en\\\/#organization\",\"name\":\"Suomen Biljardimyynti Oy\",\"url\":\"https:\\\/\\\/biljardi.fi\\\/en\\\/\",\"logo\":{\"@type\":\"ImageObject\",\"inLanguage\":\"en-US\",\"@id\":\"https:\\\/\\\/biljardi.fi\\\/en\\\/#\\\/schema\\\/logo\\\/image\\\/\",\"url\":\"https:\\\/\\\/biljardi.fi\\\/wp-content\\\/uploads\\\/2025\\\/10\\\/logo_uus-1.png\",\"contentUrl\":\"https:\\\/\\\/biljardi.fi\\\/wp-content\\\/uploads\\\/2025\\\/10\\\/logo_uus-1.png\",\"width\":360,\"height\":94,\"caption\":\"Suomen Biljardimyynti Oy\"},\"image\":{\"@id\":\"https:\\\/\\\/biljardi.fi\\\/en\\\/#\\\/schema\\\/logo\\\/image\\\/\"}}]}<\/script>\n<!-- \/ Yoast SEO plugin. -->","yoast_head_json":{"title":"[wpseo_titles]title-Tuote","robots":{"index":"index","follow":"follow","max-snippet":"max-snippet:-1","max-image-preview":"max-image-preview:large","max-video-preview":"max-video-preview:-1"},"canonical":"https:\/\/biljardi.fi\/en\/tuote\/exo-01-sp-23g-steel-tip-dart\/","og_locale":"en_US","og_type":"article","og_title":"[wpseo_titles]title-Tuote","og_description":"Engineered for the perfect balance with simple yet elegant grip offering enhanced accuracy and control with every throw.","og_url":"https:\/\/biljardi.fi\/en\/tuote\/exo-01-sp-23g-steel-tip-dart\/","og_site_name":"Suomen Biljardimyynti Oy","article_modified_time":"2026-03-31T15:16:00+00:00","og_image":[{"width":1456,"height":1200,"url":"https:\/\/biljardi.fi\/wp-content\/uploads\/2026\/03\/target-darts-exo-01-steel-tip-10-1.webp","type":"image\/webp"}],"twitter_card":"summary_large_image","twitter_misc":{"Est. reading time":"2 minutes"},"schema":{"@context":"https:\/\/schema.org","@graph":[{"@type":"WebPage","@id":"https:\/\/biljardi.fi\/en\/tuote\/exo-01-sp-23g-steel-tip-dart\/","url":"https:\/\/biljardi.fi\/en\/tuote\/exo-01-sp-23g-steel-tip-dart\/","name":"[wpseo_titles]title-Tuote","isPartOf":{"@id":"https:\/\/biljardi.fi\/en\/#website"},"primaryImageOfPage":{"@id":"https:\/\/biljardi.fi\/en\/tuote\/exo-01-sp-23g-steel-tip-dart\/#primaryimage"},"image":{"@id":"https:\/\/biljardi.fi\/en\/tuote\/exo-01-sp-23g-steel-tip-dart\/#primaryimage"},"thumbnailUrl":"https:\/\/biljardi.fi\/wp-content\/uploads\/2026\/03\/target-darts-exo-01-steel-tip-10-1.webp","datePublished":"2026-03-31T09:28:37+00:00","dateModified":"2026-03-31T15:16:00+00:00","breadcrumb":{"@id":"https:\/\/biljardi.fi\/en\/tuote\/exo-01-sp-23g-steel-tip-dart\/#breadcrumb"},"inLanguage":"en-US","potentialAction":[{"@type":"ReadAction","target":["https:\/\/biljardi.fi\/en\/tuote\/exo-01-sp-23g-steel-tip-dart\/"]}]},{"@type":"ImageObject","inLanguage":"en-US","@id":"https:\/\/biljardi.fi\/en\/tuote\/exo-01-sp-23g-steel-tip-dart\/#primaryimage","url":"https:\/\/biljardi.fi\/wp-content\/uploads\/2026\/03\/target-darts-exo-01-steel-tip-10-1.webp","contentUrl":"https:\/\/biljardi.fi\/wp-content\/uploads\/2026\/03\/target-darts-exo-01-steel-tip-10-1.webp","width":1456,"height":1200},{"@type":"BreadcrumbList","@id":"https:\/\/biljardi.fi\/en\/tuote\/exo-01-sp-23g-steel-tip-dart\/#breadcrumb","itemListElement":[{"@type":"ListItem","position":1,"name":"Home","item":"https:\/\/biljardi.fi\/en\/home\/"},{"@type":"ListItem","position":2,"name":"Shop","item":"https:\/\/biljardi.fi\/en\/shop\/"},{"@type":"ListItem","position":3,"name":"EXO 01 SP 23g Steel Tip dart"}]},{"@type":"WebSite","@id":"https:\/\/biljardi.fi\/en\/#website","url":"https:\/\/biljardi.fi\/en\/","name":"Suomen Biljardimyynti Oy","description":"Biljardip\u00f6yd\u00e4t, Biljardi, Darts, Ilmakiekko, P\u00f6yt\u00e4jalkapallo","publisher":{"@id":"https:\/\/biljardi.fi\/en\/#organization"},"potentialAction":[{"@type":"SearchAction","target":{"@type":"EntryPoint","urlTemplate":"https:\/\/biljardi.fi\/en\/?s={search_term_string}"},"query-input":{"@type":"PropertyValueSpecification","valueRequired":true,"valueName":"search_term_string"}}],"inLanguage":"en-US"},{"@type":"Organization","@id":"https:\/\/biljardi.fi\/en\/#organization","name":"Suomen Biljardimyynti Oy","url":"https:\/\/biljardi.fi\/en\/","logo":{"@type":"ImageObject","inLanguage":"en-US","@id":"https:\/\/biljardi.fi\/en\/#\/schema\/logo\/image\/","url":"https:\/\/biljardi.fi\/wp-content\/uploads\/2025\/10\/logo_uus-1.png","contentUrl":"https:\/\/biljardi.fi\/wp-content\/uploads\/2025\/10\/logo_uus-1.png","width":360,"height":94,"caption":"Suomen Biljardimyynti Oy"},"image":{"@id":"https:\/\/biljardi.fi\/en\/#\/schema\/logo\/image\/"}}]}},"_links":{"self":[{"href":"https:\/\/biljardi.fi\/en\/wp-json\/wp\/v2\/product\/74271","targetHints":{"allow":["GET"]}}],"collection":[{"href":"https:\/\/biljardi.fi\/en\/wp-json\/wp\/v2\/product"}],"about":[{"href":"https:\/\/biljardi.fi\/en\/wp-json\/wp\/v2\/types\/product"}],"replies":[{"embeddable":true,"href":"https:\/\/biljardi.fi\/en\/wp-json\/wp\/v2\/comments?post=74271"}],"wp:featuredmedia":[{"embeddable":true,"href":"https:\/\/biljardi.fi\/en\/wp-json\/wp\/v2\/media\/74272"}],"wp:attachment":[{"href":"https:\/\/biljardi.fi\/en\/wp-json\/wp\/v2\/media?parent=74271"}],"wp:term":[{"taxonomy":"product_brand","embeddable":true,"href":"https:\/\/biljardi.fi\/en\/wp-json\/wp\/v2\/product_brand?post=74271"},{"taxonomy":"product_cat","embeddable":true,"href":"https:\/\/biljardi.fi\/en\/wp-json\/wp\/v2\/product_cat?post=74271"},{"taxonomy":"product_tag","embeddable":true,"href":"https:\/\/biljardi.fi\/en\/wp-json\/wp\/v2\/product_tag?post=74271"},{"taxonomy":"giftcard-category","embeddable":true,"href":"https:\/\/biljardi.fi\/en\/wp-json\/wp\/v2\/giftcard-category?post=74271"}],"curies":[{"name":"wp","href":"https:\/\/api.w.org\/{rel}","templated":true}]}}