{"id":74133,"date":"2025-03-08T12:40:38","date_gmt":"2025-03-08T10:40:38","guid":{"rendered":"https:\/\/biljardi.fi\/tuote\/vision-x-diner-7-8-pool-table\/"},"modified":"2025-03-08T12:40:38","modified_gmt":"2025-03-08T10:40:38","slug":"vision-x-diner-7-8-pool-table","status":"publish","type":"product","link":"https:\/\/biljardi.fi\/en\/product\/vision-x-diner-7-8-pool-table\/","title":{"rendered":"Vision X Diner 7&#8242;, 8&#8242; pool table"},"content":{"rendered":"<p>Vision X Diner 7&#8242;, 8&#8242; pool table<\/p>\n<p>A stunning Vision X Diner pool table packed with great features. Use it as a regular dining table or even a meeting table, and when you lift off the top, a full-fledged slate-bed pool table is revealed underneath! No need for a separate pool room anymore. If your space fits a table, it fits a pool table too!   <\/p>\n<p>The Vision Diner table combines beautiful hardwood and metal materials. You can choose the table color from a wide range of options in many different shades. The table is finished to a very high standard and the materials are premium quality.  <\/p>\n<p><span class=\"HwtZe\" lang=\"fi\"><span class=\"jCAhz ChMk0b\"><span class=\"ryNqvb\">A unique feature of the Vision X Diner table is that the legs are mounted in the center of the table instead of at the corners, as usual.<\/span><\/span> <span class=\"jCAhz ChMk0b\"><span class=\"ryNqvb\">For this purpose, special crossbeams have been designed for the Pronto Vision frame. <\/span><\/span><span class=\"jCAhz ChMk0b\"><span class=\"ryNqvb\">The tabletop is the same as on the Pronto Vision Diner table. <\/span><\/span><span class=\"jCAhz\"><span class=\"ryNqvb\">The legs are made of solid wood.<\/span><\/span><\/span><\/p>\n<p>Matching benches in the same color are also available. The table is made in the EU. <\/p>\n<p>What\u2019s included in the playing equipment packages <span style=\"color: #0000ff;\"><a style=\"color: #0000ff;\" href=\"http:\/\/www.suomenbiljardimyynti.fi\/images\/Varustepaketit.htm\" target=\"_blank\" rel=\"noopener noreferrer\">here<\/a><\/span>.<\/p>\n<p>Simonis 760\/860 cloth <span style=\"color: #0000ff;\"><a style=\"color: #0000ff;\" href=\"http:\/\/www.simoniscloth.com\/simonis-styles\" target=\"_blank\" rel=\"noopener noreferrer\">color options<\/a><strong>.<\/strong><\/span><\/p>\n<p>Download the <span style=\"color: #0000ff;\"><a style=\"color: #0000ff;\" href=\"https:\/\/biljardi.fi\/wp-content\/uploads\/2017\/04\/Billard-Dining-tables-catalog-2016.pdf\" target=\"_blank\" rel=\"noopener noreferrer\">brochure.<\/a><\/span><\/p>\n","protected":false},"excerpt":{"rendered":"<p>Vision X Diner 7&#8242;, 8&#8242; pool table A stunning Vision X Diner pool table packed with great features. Use it as a regular dining table or even a meeting table, and when you lift off the top, a full-fledged slate-bed pool table is revealed underneath! No need for a separate pool room anymore. If your [&hellip;]<\/p>\n","protected":false},"featured_media":66614,"comment_status":"open","ping_status":"closed","template":"","meta":[],"product_brand":[],"product_cat":[2011,2110,2013,2025,2012],"product_tag":[2015,2016,2014,2052],"giftcard-category":[],"class_list":{"0":"post-74133","1":"product","2":"type-product","3":"status-publish","4":"has-post-thumbnail","6":"product_cat-billiards","7":"product_cat-diner-tables","8":"product_cat-pool-tables","9":"product_cat-pool-tables-2","10":"product_cat-slate-tables","11":"product_tag-billiard-sales","12":"product_tag-billiard-table","13":"product_tag-billiards","14":"product_tag-billiards-2","15":"pa_koko-2067","16":"pa_koko-2024","17":"pa_koko-2001","18":"pa_vari-black","19":"pa_vari-brown","20":"pa_vari-gray","21":"pa_vari-green","22":"pa_vari-red","23":"pa_vari-white","24":"pa_vari-yellow","26":"first","27":"onbackorder","28":"taxable","29":"shipping-taxable","30":"purchasable","31":"product-type-simple"},"exclude_global_add_ons":false,"addons":[{"name":"Table size","type":"multiple_choice","position":0,"required":false,"title_format":"heading","default":"","description_enable":false,"description":null,"placeholder_enable":false,"placeholder":null,"display":"select","restrictions_type":"any_text","adjust_price":false,"price":"","price_type":"flat_fee","restrictions":false,"min":"0","max":"0","options":[{"label":"7\u2019","price":"","price_type":"quantity_based","image":0,"visibility":true},{"label":"8\u2019","price":"500","price_type":"quantity_based","image":0,"visibility":true}],"id":1695912458},{"name":"Material of visible wooden parts","type":"multiple_choice","position":1,"required":false,"title_format":"heading","default":"","description_enable":false,"description":null,"placeholder_enable":false,"placeholder":null,"display":"select","restrictions_type":"any_text","adjust_price":false,"price":"","price_type":"flat_fee","restrictions":false,"min":"0","max":"0","options":[{"label":"Birch","price":"","price_type":"quantity_based","image":0,"visibility":true},{"label":"Ash","price":"299","price_type":"quantity_based","image":0,"visibility":true},{"label":"Oak","price":"499","price_type":"quantity_based","image":0,"visibility":true}],"id":1695912460},{"name":"Cover top","type":"multiple_choice","position":2,"required":false,"title_format":"heading","default":"","description_enable":false,"description":null,"placeholder_enable":false,"placeholder":null,"display":"select","restrictions_type":"any_text","adjust_price":false,"price":"","price_type":"flat_fee","restrictions":false,"min":"0","max":"0","options":[{"label":"Frame-colored wooden top","price":"","price_type":"quantity_based","image":0,"visibility":true},{"label":"Frosted glass top","price":"","price_type":"quantity_based","image":0,"visibility":true},{"label":"Clear glass top","price":"","price_type":"quantity_based","image":0,"visibility":true},{"label":"Colored glass top (underside film-coated in an optional RAL color)","price":"","price_type":"flat_fee","image":0,"visibility":true},{"label":"Frame-colored wooden top with metal inlays (squares)","price":"150","price_type":"flat_fee","image":0,"visibility":true},{"label":"Frame-colored wooden top with metal inlays (corner lines)","price":"150","price_type":"flat_fee","image":0,"visibility":true},{"label":"Patterned frosted glass top (squares)","price":"100","price_type":"flat_fee","image":0,"visibility":true},{"label":"Patterned frosted glass top (frames)","price":"100","price_type":"flat_fee","image":0,"visibility":true},{"label":"Glass top with a chessboard pattern","price":"200","price_type":"flat_fee","image":0,"visibility":true},{"label":"Glass top, black-red wave pattern (sizes 7' and 8' only)","price":"100","price_type":"flat_fee","image":0,"visibility":true},{"label":"Glass top, black-white wave pattern (sizes 7' and 8' only)","price":"100","price_type":"flat_fee","image":0,"visibility":true},{"label":"Glass top, black-gray wave pattern (sizes 7' and 8' only)","price":"100","price_type":"flat_fee","image":0,"visibility":true},{"label":"Poker top (sizes 6', 7' and 8' only)","price":"250","price_type":"quantity_based","image":0,"visibility":true},{"label":"Table tennis top","price":"","price_type":"quantity_based","image":0,"visibility":true}],"id":1695912461},{"name":"Poker top cloth color","type":"multiple_choice","position":3,"required":false,"title_format":"heading","default":"","description_enable":false,"description":null,"placeholder_enable":false,"placeholder":null,"display":"select","restrictions_type":"any_text","adjust_price":false,"price":"","price_type":"flat_fee","restrictions":false,"min":"0","max":"0","options":[{"label":"Green","price":"","price_type":"quantity_based","image":0,"visibility":true},{"label":"Red","price":"","price_type":"quantity_based","image":0,"visibility":true}],"id":1695912462},{"name":"Painted glass top RAL color","type":"custom_text","position":4,"required":true,"title_format":"heading","default":"","description_enable":true,"description":"Choose a color from the color chart below","placeholder_enable":false,"placeholder":null,"display":"select","restrictions_type":"any_text","adjust_price":false,"price":"","price_type":"flat_fee","restrictions":true,"min":"0","max":"10","options":[],"id":1695912463},{"name":"Table color","type":"heading","position":5,"required":false,"title_format":"label","default":"","description_enable":true,"description":"Choose the table color from the color charts in the image menu. Available in both stained lacquer and painted finish (RAL colors). ","placeholder_enable":false,"placeholder":null,"display":"select","restrictions_type":"any_text","adjust_price":false,"price":"","price_type":"flat_fee","restrictions":false,"min":"0","max":"0","options":[],"id":1695912464},{"name":"Table color","type":"custom_textarea","position":6,"required":true,"title_format":"hide","default":"","description_enable":false,"description":null,"placeholder_enable":false,"placeholder":null,"display":"select","restrictions_type":"any_text","adjust_price":false,"price":"","price_type":"quantity_based","restrictions":true,"min":"1","max":"10","options":[],"id":1695912465},{"name":"Finish","type":"multiple_choice","position":7,"required":false,"title_format":"heading","default":"","description_enable":false,"description":null,"placeholder_enable":false,"placeholder":null,"display":"select","restrictions_type":"any_text","adjust_price":false,"price":"","price_type":"flat_fee","restrictions":false,"min":"0","max":"0","options":[{"label":"Lacquered, matte","price":"","price_type":"quantity_based","image":0,"visibility":true},{"label":"Lacquered, satin","price":"","price_type":"quantity_based","image":0,"visibility":true},{"label":"Natural, unstained oiled wood","price":"","price_type":"quantity_based","image":0,"visibility":true},{"label":"Lacquered, gloss","price":"299","price_type":"quantity_based","image":0,"visibility":true},{"label":"Lacquered, ultra-gloss","price":"699","price_type":"quantity_based","image":0,"visibility":true}],"id":1695912466},{"name":"Sight dots on the rails","type":"checkbox","position":8,"required":false,"title_format":"heading","default":"","description_enable":false,"description":null,"placeholder_enable":false,"placeholder":null,"display":"select","restrictions_type":"any_text","adjust_price":false,"price":"","price_type":"flat_fee","restrictions":false,"min":"0","max":"0","options":[{"label":"Sight dots","price":"79","price_type":"flat_fee","image":0,"visibility":true}],"id":1695912472}],"yoast_head":"<!-- This site is optimized with the Yoast SEO plugin v27.6 - https:\/\/yoast.com\/product\/yoast-seo-wordpress\/ -->\n<title>[wpseo_titles]title-Tuote<\/title>\n<meta name=\"description\" content=\"[wpseo_titles]metadesc-Tuote\" \/>\n<meta name=\"robots\" content=\"index, follow, max-snippet:-1, max-image-preview:large, max-video-preview:-1\" \/>\n<link rel=\"canonical\" href=\"https:\/\/biljardi.fi\/en\/product\/vision-x-diner-7-8-pool-table\/\" \/>\n<meta property=\"og:locale\" content=\"en_US\" \/>\n<meta property=\"og:type\" content=\"article\" \/>\n<meta property=\"og:title\" content=\"[wpseo_titles]title-Tuote\" \/>\n<meta property=\"og:description\" content=\"[wpseo_titles]metadesc-Tuote\" \/>\n<meta property=\"og:url\" content=\"https:\/\/biljardi.fi\/en\/product\/vision-x-diner-7-8-pool-table\/\" \/>\n<meta property=\"og:site_name\" content=\"Suomen Biljardimyynti Oy\" \/>\n<meta property=\"og:image\" content=\"https:\/\/biljardi.fi\/wp-content\/uploads\/2025\/03\/Billiard-table-Pronto-Vision-X-web1.jpg.webp\" \/>\n\t<meta property=\"og:image:width\" content=\"1304\" \/>\n\t<meta property=\"og:image:height\" content=\"735\" \/>\n\t<meta property=\"og:image:type\" content=\"image\/webp\" \/>\n<meta name=\"twitter:card\" content=\"summary_large_image\" \/>\n<meta name=\"twitter:label1\" content=\"Est. reading time\" \/>\n\t<meta name=\"twitter:data1\" content=\"1 minute\" \/>\n<script type=\"application\/ld+json\" class=\"yoast-schema-graph\">{\"@context\":\"https:\\\/\\\/schema.org\",\"@graph\":[{\"@type\":\"WebPage\",\"@id\":\"https:\\\/\\\/biljardi.fi\\\/en\\\/product\\\/vision-x-diner-7-8-pool-table\\\/\",\"url\":\"https:\\\/\\\/biljardi.fi\\\/en\\\/product\\\/vision-x-diner-7-8-pool-table\\\/\",\"name\":\"[wpseo_titles]title-Tuote\",\"isPartOf\":{\"@id\":\"https:\\\/\\\/biljardi.fi\\\/en\\\/#website\"},\"primaryImageOfPage\":{\"@id\":\"https:\\\/\\\/biljardi.fi\\\/en\\\/product\\\/vision-x-diner-7-8-pool-table\\\/#primaryimage\"},\"image\":{\"@id\":\"https:\\\/\\\/biljardi.fi\\\/en\\\/product\\\/vision-x-diner-7-8-pool-table\\\/#primaryimage\"},\"thumbnailUrl\":\"https:\\\/\\\/biljardi.fi\\\/wp-content\\\/uploads\\\/2025\\\/03\\\/Billiard-table-Pronto-Vision-X-web1.jpg.webp\",\"datePublished\":\"2025-03-08T10:40:38+00:00\",\"description\":\"[wpseo_titles]metadesc-Tuote\",\"breadcrumb\":{\"@id\":\"https:\\\/\\\/biljardi.fi\\\/en\\\/product\\\/vision-x-diner-7-8-pool-table\\\/#breadcrumb\"},\"inLanguage\":\"en-US\",\"potentialAction\":[{\"@type\":\"ReadAction\",\"target\":[\"https:\\\/\\\/biljardi.fi\\\/en\\\/product\\\/vision-x-diner-7-8-pool-table\\\/\"]}]},{\"@type\":\"ImageObject\",\"inLanguage\":\"en-US\",\"@id\":\"https:\\\/\\\/biljardi.fi\\\/en\\\/product\\\/vision-x-diner-7-8-pool-table\\\/#primaryimage\",\"url\":\"https:\\\/\\\/biljardi.fi\\\/wp-content\\\/uploads\\\/2025\\\/03\\\/Billiard-table-Pronto-Vision-X-web1.jpg.webp\",\"contentUrl\":\"https:\\\/\\\/biljardi.fi\\\/wp-content\\\/uploads\\\/2025\\\/03\\\/Billiard-table-Pronto-Vision-X-web1.jpg.webp\",\"width\":1304,\"height\":735},{\"@type\":\"BreadcrumbList\",\"@id\":\"https:\\\/\\\/biljardi.fi\\\/en\\\/product\\\/vision-x-diner-7-8-pool-table\\\/#breadcrumb\",\"itemListElement\":[{\"@type\":\"ListItem\",\"position\":1,\"name\":\"Etusivu\",\"item\":\"https:\\\/\\\/biljardi.fi\\\/en\\\/home\\\/\"},{\"@type\":\"ListItem\",\"position\":2,\"name\":\"Shop\",\"item\":\"https:\\\/\\\/biljardi.fi\\\/en\\\/shop\\\/\"},{\"@type\":\"ListItem\",\"position\":3,\"name\":\"Vision X Diner 7&#8242;, 8&#8242; pool table\"}]},{\"@type\":\"WebSite\",\"@id\":\"https:\\\/\\\/biljardi.fi\\\/en\\\/#website\",\"url\":\"https:\\\/\\\/biljardi.fi\\\/en\\\/\",\"name\":\"Suomen Biljardimyynti Oy\",\"description\":\"Biljardip\u00f6yd\u00e4t, Biljardi, Darts, Ilmakiekko, P\u00f6yt\u00e4jalkapallo\",\"publisher\":{\"@id\":\"https:\\\/\\\/biljardi.fi\\\/en\\\/#organization\"},\"potentialAction\":[{\"@type\":\"SearchAction\",\"target\":{\"@type\":\"EntryPoint\",\"urlTemplate\":\"https:\\\/\\\/biljardi.fi\\\/en\\\/?s={search_term_string}\"},\"query-input\":{\"@type\":\"PropertyValueSpecification\",\"valueRequired\":true,\"valueName\":\"search_term_string\"}}],\"inLanguage\":\"en-US\"},{\"@type\":\"Organization\",\"@id\":\"https:\\\/\\\/biljardi.fi\\\/en\\\/#organization\",\"name\":\"Suomen Biljardimyynti Oy\",\"url\":\"https:\\\/\\\/biljardi.fi\\\/en\\\/\",\"logo\":{\"@type\":\"ImageObject\",\"inLanguage\":\"en-US\",\"@id\":\"https:\\\/\\\/biljardi.fi\\\/en\\\/#\\\/schema\\\/logo\\\/image\\\/\",\"url\":\"https:\\\/\\\/biljardi.fi\\\/wp-content\\\/uploads\\\/2025\\\/10\\\/logo_uus-1.png\",\"contentUrl\":\"https:\\\/\\\/biljardi.fi\\\/wp-content\\\/uploads\\\/2025\\\/10\\\/logo_uus-1.png\",\"width\":360,\"height\":94,\"caption\":\"Suomen Biljardimyynti Oy\"},\"image\":{\"@id\":\"https:\\\/\\\/biljardi.fi\\\/en\\\/#\\\/schema\\\/logo\\\/image\\\/\"}}]}<\/script>\n<!-- \/ Yoast SEO plugin. -->","yoast_head_json":{"title":"[wpseo_titles]title-Tuote","description":"[wpseo_titles]metadesc-Tuote","robots":{"index":"index","follow":"follow","max-snippet":"max-snippet:-1","max-image-preview":"max-image-preview:large","max-video-preview":"max-video-preview:-1"},"canonical":"https:\/\/biljardi.fi\/en\/product\/vision-x-diner-7-8-pool-table\/","og_locale":"en_US","og_type":"article","og_title":"[wpseo_titles]title-Tuote","og_description":"[wpseo_titles]metadesc-Tuote","og_url":"https:\/\/biljardi.fi\/en\/product\/vision-x-diner-7-8-pool-table\/","og_site_name":"Suomen Biljardimyynti Oy","og_image":[{"width":1304,"height":735,"url":"https:\/\/biljardi.fi\/wp-content\/uploads\/2025\/03\/Billiard-table-Pronto-Vision-X-web1.jpg.webp","type":"image\/webp"}],"twitter_card":"summary_large_image","twitter_misc":{"Est. reading time":"1 minute"},"schema":{"@context":"https:\/\/schema.org","@graph":[{"@type":"WebPage","@id":"https:\/\/biljardi.fi\/en\/product\/vision-x-diner-7-8-pool-table\/","url":"https:\/\/biljardi.fi\/en\/product\/vision-x-diner-7-8-pool-table\/","name":"[wpseo_titles]title-Tuote","isPartOf":{"@id":"https:\/\/biljardi.fi\/en\/#website"},"primaryImageOfPage":{"@id":"https:\/\/biljardi.fi\/en\/product\/vision-x-diner-7-8-pool-table\/#primaryimage"},"image":{"@id":"https:\/\/biljardi.fi\/en\/product\/vision-x-diner-7-8-pool-table\/#primaryimage"},"thumbnailUrl":"https:\/\/biljardi.fi\/wp-content\/uploads\/2025\/03\/Billiard-table-Pronto-Vision-X-web1.jpg.webp","datePublished":"2025-03-08T10:40:38+00:00","description":"[wpseo_titles]metadesc-Tuote","breadcrumb":{"@id":"https:\/\/biljardi.fi\/en\/product\/vision-x-diner-7-8-pool-table\/#breadcrumb"},"inLanguage":"en-US","potentialAction":[{"@type":"ReadAction","target":["https:\/\/biljardi.fi\/en\/product\/vision-x-diner-7-8-pool-table\/"]}]},{"@type":"ImageObject","inLanguage":"en-US","@id":"https:\/\/biljardi.fi\/en\/product\/vision-x-diner-7-8-pool-table\/#primaryimage","url":"https:\/\/biljardi.fi\/wp-content\/uploads\/2025\/03\/Billiard-table-Pronto-Vision-X-web1.jpg.webp","contentUrl":"https:\/\/biljardi.fi\/wp-content\/uploads\/2025\/03\/Billiard-table-Pronto-Vision-X-web1.jpg.webp","width":1304,"height":735},{"@type":"BreadcrumbList","@id":"https:\/\/biljardi.fi\/en\/product\/vision-x-diner-7-8-pool-table\/#breadcrumb","itemListElement":[{"@type":"ListItem","position":1,"name":"Etusivu","item":"https:\/\/biljardi.fi\/en\/home\/"},{"@type":"ListItem","position":2,"name":"Shop","item":"https:\/\/biljardi.fi\/en\/shop\/"},{"@type":"ListItem","position":3,"name":"Vision X Diner 7&#8242;, 8&#8242; pool table"}]},{"@type":"WebSite","@id":"https:\/\/biljardi.fi\/en\/#website","url":"https:\/\/biljardi.fi\/en\/","name":"Suomen Biljardimyynti Oy","description":"Biljardip\u00f6yd\u00e4t, Biljardi, Darts, Ilmakiekko, P\u00f6yt\u00e4jalkapallo","publisher":{"@id":"https:\/\/biljardi.fi\/en\/#organization"},"potentialAction":[{"@type":"SearchAction","target":{"@type":"EntryPoint","urlTemplate":"https:\/\/biljardi.fi\/en\/?s={search_term_string}"},"query-input":{"@type":"PropertyValueSpecification","valueRequired":true,"valueName":"search_term_string"}}],"inLanguage":"en-US"},{"@type":"Organization","@id":"https:\/\/biljardi.fi\/en\/#organization","name":"Suomen Biljardimyynti Oy","url":"https:\/\/biljardi.fi\/en\/","logo":{"@type":"ImageObject","inLanguage":"en-US","@id":"https:\/\/biljardi.fi\/en\/#\/schema\/logo\/image\/","url":"https:\/\/biljardi.fi\/wp-content\/uploads\/2025\/10\/logo_uus-1.png","contentUrl":"https:\/\/biljardi.fi\/wp-content\/uploads\/2025\/10\/logo_uus-1.png","width":360,"height":94,"caption":"Suomen Biljardimyynti Oy"},"image":{"@id":"https:\/\/biljardi.fi\/en\/#\/schema\/logo\/image\/"}}]}},"_links":{"self":[{"href":"https:\/\/biljardi.fi\/en\/wp-json\/wp\/v2\/product\/74133","targetHints":{"allow":["GET"]}}],"collection":[{"href":"https:\/\/biljardi.fi\/en\/wp-json\/wp\/v2\/product"}],"about":[{"href":"https:\/\/biljardi.fi\/en\/wp-json\/wp\/v2\/types\/product"}],"replies":[{"embeddable":true,"href":"https:\/\/biljardi.fi\/en\/wp-json\/wp\/v2\/comments?post=74133"}],"wp:featuredmedia":[{"embeddable":true,"href":"https:\/\/biljardi.fi\/en\/wp-json\/wp\/v2\/media\/66614"}],"wp:attachment":[{"href":"https:\/\/biljardi.fi\/en\/wp-json\/wp\/v2\/media?parent=74133"}],"wp:term":[{"taxonomy":"product_brand","embeddable":true,"href":"https:\/\/biljardi.fi\/en\/wp-json\/wp\/v2\/product_brand?post=74133"},{"taxonomy":"product_cat","embeddable":true,"href":"https:\/\/biljardi.fi\/en\/wp-json\/wp\/v2\/product_cat?post=74133"},{"taxonomy":"product_tag","embeddable":true,"href":"https:\/\/biljardi.fi\/en\/wp-json\/wp\/v2\/product_tag?post=74133"},{"taxonomy":"giftcard-category","embeddable":true,"href":"https:\/\/biljardi.fi\/en\/wp-json\/wp\/v2\/giftcard-category?post=74133"}],"curies":[{"name":"wp","href":"https:\/\/api.w.org\/{rel}","templated":true}]}}