{"id":74078,"date":"2025-08-21T16:28:17","date_gmt":"2025-08-21T13:28:17","guid":{"rendered":"https:\/\/biljardi.fi\/tuote\/billiard-chalk-taom-v10-blue\/"},"modified":"2025-08-21T16:28:17","modified_gmt":"2025-08-21T13:28:17","slug":"billiard-chalk-taom-v10-blue","status":"publish","type":"product","link":"https:\/\/biljardi.fi\/en\/tuote\/billiard-chalk-taom-v10-blue\/","title":{"rendered":"Billiard Chalk Taom V10 Blue"},"content":{"rendered":"<p>Billiard chalk Taom V10 blue.<\/p>\n<div class=\"woocommerce-product-details__short-description\">\n<p><span class=\"VIiyi\" lang=\"fi\"><span class=\"JLqJ4b\" data-language-for-alternatives=\"fi\" data-language-to-translate-into=\"en\" data-phrase-index=\"0\">Taom V10 chalk is the latest masterpiece from Taom engineers. This chalk provides extreme grip and produces very little chalk residue. V10 has been developed with the world&#8217;s top professionals. Works with all types of tips, from hard to soft. The chalk can be used in all billiard games: pool, snooker, pyramid, kaisa, carom.     <\/span><\/span><\/p>\n<p><span class=\"VIiyi\" lang=\"fi\"><span class=\"JLqJ4b\" data-language-for-alternatives=\"fi\" data-language-to-translate-into=\"en\" data-phrase-index=\"0\">&#8220;V10 is in my opinion the best chalk I&#8217;ve used since turning professional! It gives excellent grip and is the cleanest chalk ever.&#8221; -Mark Selby World No. 1 &#8211;   <\/span><\/span><\/p>\n<p><span class=\"VIiyi\" lang=\"fi\"><span class=\"JLqJ4b\" data-language-for-alternatives=\"fi\" data-language-to-translate-into=\"en\" data-phrase-index=\"0\">&#8220;I&#8217;ve used every chalk that Taom has brought to market, and each time they&#8217;ve gotten better and better. Taom listens to player feedback and improves it time after time. V10 (which I used in the 2021 World Championship) is the best and I&#8217;ve used it ever since I tried it for the first time.&#8221; -Stuart Bingham, World Snooker Champion <\/span><\/span><\/p>\n<p><span class=\"VIiyi\" lang=\"fi\"><span class=\"JLqJ4b\" data-language-for-alternatives=\"fi\" data-language-to-translate-into=\"en\" data-phrase-index=\"0\">&#8220;Best chalk ever, I love it.&#8221; -John Higgins, 4x World Snooker Champion <\/span><\/span><\/p>\n<p><span class=\"VIiyi\" lang=\"fi\"><span class=\"JLqJ4b\" data-language-for-alternatives=\"fi\" data-language-to-translate-into=\"en\" data-phrase-index=\"0\">&#8220;V10 is the next step in Taom&#8217;s evolution. You get even better grip without compromising control and clean contact with the ball&#8221; -Mika Immonen, 3x World Pool Champion- <\/span><\/span><\/p>\n<p>&nbsp;<\/p>\n<p>Taom V10 is now available to test in our store!<\/p>\n<p>Price per piece.<\/p>\n<p>&nbsp;<\/p>\n<\/div>\n","protected":false},"excerpt":{"rendered":"<p>Billiard chalk Taom V10 blue. Taom V10 chalk is the latest masterpiece from Taom engineers. This chalk provides extreme grip and produces very little chalk residue. V10 has been developed with the world&#8217;s top professionals. Works with all types of tips, from hard to soft. The chalk can be used in all billiard games: pool, [&hellip;]<\/p>\n","protected":false},"featured_media":68229,"comment_status":"closed","ping_status":"closed","template":"","meta":{"_improvement_type_select":"improve_an_existing","_thumb_yes_seoaic":false,"_frame_yes_seoaic":false,"seoaic_generate_description":"","seoaic_improve_instructions_prompt":"","seoaic_rollback_content_improvement":"","seoaic_idea_thumbnail_generator":"","thumbnail_generated":false,"thumbnail_generate_prompt":"","seoaic_article_description":""},"product_brand":[],"product_cat":[2020,2011,2033],"product_tag":[],"giftcard-category":[],"class_list":{"0":"post-74078","1":"product","2":"type-product","3":"status-publish","4":"has-post-thumbnail","6":"product_cat-accessories","7":"product_cat-billiards","8":"product_cat-other-accessories","10":"first","11":"instock","12":"taxable","13":"shipping-taxable","14":"purchasable","15":"product-type-simple"},"exclude_global_add_ons":[],"addons":[],"yoast_head":"<!-- This site is optimized with the Yoast SEO plugin v27.3 - https:\/\/yoast.com\/product\/yoast-seo-wordpress\/ -->\n<title>[wpseo_titles]title-Tuote<\/title>\n<meta name=\"robots\" content=\"index, follow, max-snippet:-1, max-image-preview:large, max-video-preview:-1\" \/>\n<link rel=\"canonical\" href=\"https:\/\/biljardi.fi\/en\/tuote\/billiard-chalk-taom-v10-blue\/\" \/>\n<meta property=\"og:locale\" content=\"en_US\" \/>\n<meta property=\"og:type\" content=\"article\" \/>\n<meta property=\"og:title\" content=\"[wpseo_titles]title-Tuote\" \/>\n<meta property=\"og:description\" content=\"Billiard chalk Taom V10 blue. Taom V10 chalk is the latest masterpiece from Taom engineers. This chalk provides extreme grip and produces very little chalk residue. V10 has been developed with the world&#8217;s top professionals. Works with all types of tips, from hard to soft. The chalk can be used in all billiard games: pool, [&hellip;]\" \/>\n<meta property=\"og:url\" content=\"https:\/\/biljardi.fi\/en\/tuote\/billiard-chalk-taom-v10-blue\/\" \/>\n<meta property=\"og:site_name\" content=\"Suomen Biljardimyynti Oy\" \/>\n<meta property=\"og:image\" content=\"https:\/\/biljardi.fi\/wp-content\/uploads\/2021\/09\/TAOM_White_Chalk_V10Blue_x1_1.jpg\" \/>\n\t<meta property=\"og:image:width\" content=\"2500\" \/>\n\t<meta property=\"og:image:height\" content=\"2500\" \/>\n\t<meta property=\"og:image:type\" content=\"image\/jpeg\" \/>\n<meta name=\"twitter:card\" content=\"summary_large_image\" \/>\n<meta name=\"twitter:label1\" content=\"Est. reading time\" \/>\n\t<meta name=\"twitter:data1\" content=\"1 minute\" \/>\n<script type=\"application\/ld+json\" class=\"yoast-schema-graph\">{\"@context\":\"https:\\\/\\\/schema.org\",\"@graph\":[{\"@type\":\"WebPage\",\"@id\":\"https:\\\/\\\/biljardi.fi\\\/en\\\/tuote\\\/billiard-chalk-taom-v10-blue\\\/\",\"url\":\"https:\\\/\\\/biljardi.fi\\\/en\\\/tuote\\\/billiard-chalk-taom-v10-blue\\\/\",\"name\":\"[wpseo_titles]title-Tuote\",\"isPartOf\":{\"@id\":\"https:\\\/\\\/biljardi.fi\\\/en\\\/#website\"},\"primaryImageOfPage\":{\"@id\":\"https:\\\/\\\/biljardi.fi\\\/en\\\/tuote\\\/billiard-chalk-taom-v10-blue\\\/#primaryimage\"},\"image\":{\"@id\":\"https:\\\/\\\/biljardi.fi\\\/en\\\/tuote\\\/billiard-chalk-taom-v10-blue\\\/#primaryimage\"},\"thumbnailUrl\":\"https:\\\/\\\/biljardi.fi\\\/wp-content\\\/uploads\\\/2021\\\/09\\\/TAOM_White_Chalk_V10Blue_x1_1.jpg\",\"datePublished\":\"2025-08-21T13:28:17+00:00\",\"breadcrumb\":{\"@id\":\"https:\\\/\\\/biljardi.fi\\\/en\\\/tuote\\\/billiard-chalk-taom-v10-blue\\\/#breadcrumb\"},\"inLanguage\":\"en-US\",\"potentialAction\":[{\"@type\":\"ReadAction\",\"target\":[\"https:\\\/\\\/biljardi.fi\\\/en\\\/tuote\\\/billiard-chalk-taom-v10-blue\\\/\"]}]},{\"@type\":\"ImageObject\",\"inLanguage\":\"en-US\",\"@id\":\"https:\\\/\\\/biljardi.fi\\\/en\\\/tuote\\\/billiard-chalk-taom-v10-blue\\\/#primaryimage\",\"url\":\"https:\\\/\\\/biljardi.fi\\\/wp-content\\\/uploads\\\/2021\\\/09\\\/TAOM_White_Chalk_V10Blue_x1_1.jpg\",\"contentUrl\":\"https:\\\/\\\/biljardi.fi\\\/wp-content\\\/uploads\\\/2021\\\/09\\\/TAOM_White_Chalk_V10Blue_x1_1.jpg\",\"width\":2500,\"height\":2500},{\"@type\":\"BreadcrumbList\",\"@id\":\"https:\\\/\\\/biljardi.fi\\\/en\\\/tuote\\\/billiard-chalk-taom-v10-blue\\\/#breadcrumb\",\"itemListElement\":[{\"@type\":\"ListItem\",\"position\":1,\"name\":\"Home\",\"item\":\"https:\\\/\\\/biljardi.fi\\\/en\\\/home\\\/\"},{\"@type\":\"ListItem\",\"position\":2,\"name\":\"Shop\",\"item\":\"https:\\\/\\\/biljardi.fi\\\/en\\\/shop\\\/\"},{\"@type\":\"ListItem\",\"position\":3,\"name\":\"Billiard Chalk Taom V10 Blue\"}]},{\"@type\":\"WebSite\",\"@id\":\"https:\\\/\\\/biljardi.fi\\\/en\\\/#website\",\"url\":\"https:\\\/\\\/biljardi.fi\\\/en\\\/\",\"name\":\"Suomen Biljardimyynti Oy\",\"description\":\"Biljardip\u00f6yd\u00e4t, Biljardi, Darts, Ilmakiekko, P\u00f6yt\u00e4jalkapallo\",\"publisher\":{\"@id\":\"https:\\\/\\\/biljardi.fi\\\/en\\\/#organization\"},\"potentialAction\":[{\"@type\":\"SearchAction\",\"target\":{\"@type\":\"EntryPoint\",\"urlTemplate\":\"https:\\\/\\\/biljardi.fi\\\/en\\\/?s={search_term_string}\"},\"query-input\":{\"@type\":\"PropertyValueSpecification\",\"valueRequired\":true,\"valueName\":\"search_term_string\"}}],\"inLanguage\":\"en-US\"},{\"@type\":\"Organization\",\"@id\":\"https:\\\/\\\/biljardi.fi\\\/en\\\/#organization\",\"name\":\"Suomen Biljardimyynti Oy\",\"url\":\"https:\\\/\\\/biljardi.fi\\\/en\\\/\",\"logo\":{\"@type\":\"ImageObject\",\"inLanguage\":\"en-US\",\"@id\":\"https:\\\/\\\/biljardi.fi\\\/en\\\/#\\\/schema\\\/logo\\\/image\\\/\",\"url\":\"https:\\\/\\\/biljardi.fi\\\/wp-content\\\/uploads\\\/2025\\\/10\\\/logo_uus-1.png\",\"contentUrl\":\"https:\\\/\\\/biljardi.fi\\\/wp-content\\\/uploads\\\/2025\\\/10\\\/logo_uus-1.png\",\"width\":360,\"height\":94,\"caption\":\"Suomen Biljardimyynti Oy\"},\"image\":{\"@id\":\"https:\\\/\\\/biljardi.fi\\\/en\\\/#\\\/schema\\\/logo\\\/image\\\/\"}}]}<\/script>\n<!-- \/ Yoast SEO plugin. -->","yoast_head_json":{"title":"[wpseo_titles]title-Tuote","robots":{"index":"index","follow":"follow","max-snippet":"max-snippet:-1","max-image-preview":"max-image-preview:large","max-video-preview":"max-video-preview:-1"},"canonical":"https:\/\/biljardi.fi\/en\/tuote\/billiard-chalk-taom-v10-blue\/","og_locale":"en_US","og_type":"article","og_title":"[wpseo_titles]title-Tuote","og_description":"Billiard chalk Taom V10 blue. Taom V10 chalk is the latest masterpiece from Taom engineers. This chalk provides extreme grip and produces very little chalk residue. V10 has been developed with the world&#8217;s top professionals. Works with all types of tips, from hard to soft. The chalk can be used in all billiard games: pool, [&hellip;]","og_url":"https:\/\/biljardi.fi\/en\/tuote\/billiard-chalk-taom-v10-blue\/","og_site_name":"Suomen Biljardimyynti Oy","og_image":[{"width":2500,"height":2500,"url":"https:\/\/biljardi.fi\/wp-content\/uploads\/2021\/09\/TAOM_White_Chalk_V10Blue_x1_1.jpg","type":"image\/jpeg"}],"twitter_card":"summary_large_image","twitter_misc":{"Est. reading time":"1 minute"},"schema":{"@context":"https:\/\/schema.org","@graph":[{"@type":"WebPage","@id":"https:\/\/biljardi.fi\/en\/tuote\/billiard-chalk-taom-v10-blue\/","url":"https:\/\/biljardi.fi\/en\/tuote\/billiard-chalk-taom-v10-blue\/","name":"[wpseo_titles]title-Tuote","isPartOf":{"@id":"https:\/\/biljardi.fi\/en\/#website"},"primaryImageOfPage":{"@id":"https:\/\/biljardi.fi\/en\/tuote\/billiard-chalk-taom-v10-blue\/#primaryimage"},"image":{"@id":"https:\/\/biljardi.fi\/en\/tuote\/billiard-chalk-taom-v10-blue\/#primaryimage"},"thumbnailUrl":"https:\/\/biljardi.fi\/wp-content\/uploads\/2021\/09\/TAOM_White_Chalk_V10Blue_x1_1.jpg","datePublished":"2025-08-21T13:28:17+00:00","breadcrumb":{"@id":"https:\/\/biljardi.fi\/en\/tuote\/billiard-chalk-taom-v10-blue\/#breadcrumb"},"inLanguage":"en-US","potentialAction":[{"@type":"ReadAction","target":["https:\/\/biljardi.fi\/en\/tuote\/billiard-chalk-taom-v10-blue\/"]}]},{"@type":"ImageObject","inLanguage":"en-US","@id":"https:\/\/biljardi.fi\/en\/tuote\/billiard-chalk-taom-v10-blue\/#primaryimage","url":"https:\/\/biljardi.fi\/wp-content\/uploads\/2021\/09\/TAOM_White_Chalk_V10Blue_x1_1.jpg","contentUrl":"https:\/\/biljardi.fi\/wp-content\/uploads\/2021\/09\/TAOM_White_Chalk_V10Blue_x1_1.jpg","width":2500,"height":2500},{"@type":"BreadcrumbList","@id":"https:\/\/biljardi.fi\/en\/tuote\/billiard-chalk-taom-v10-blue\/#breadcrumb","itemListElement":[{"@type":"ListItem","position":1,"name":"Home","item":"https:\/\/biljardi.fi\/en\/home\/"},{"@type":"ListItem","position":2,"name":"Shop","item":"https:\/\/biljardi.fi\/en\/shop\/"},{"@type":"ListItem","position":3,"name":"Billiard Chalk Taom V10 Blue"}]},{"@type":"WebSite","@id":"https:\/\/biljardi.fi\/en\/#website","url":"https:\/\/biljardi.fi\/en\/","name":"Suomen Biljardimyynti Oy","description":"Biljardip\u00f6yd\u00e4t, Biljardi, Darts, Ilmakiekko, P\u00f6yt\u00e4jalkapallo","publisher":{"@id":"https:\/\/biljardi.fi\/en\/#organization"},"potentialAction":[{"@type":"SearchAction","target":{"@type":"EntryPoint","urlTemplate":"https:\/\/biljardi.fi\/en\/?s={search_term_string}"},"query-input":{"@type":"PropertyValueSpecification","valueRequired":true,"valueName":"search_term_string"}}],"inLanguage":"en-US"},{"@type":"Organization","@id":"https:\/\/biljardi.fi\/en\/#organization","name":"Suomen Biljardimyynti Oy","url":"https:\/\/biljardi.fi\/en\/","logo":{"@type":"ImageObject","inLanguage":"en-US","@id":"https:\/\/biljardi.fi\/en\/#\/schema\/logo\/image\/","url":"https:\/\/biljardi.fi\/wp-content\/uploads\/2025\/10\/logo_uus-1.png","contentUrl":"https:\/\/biljardi.fi\/wp-content\/uploads\/2025\/10\/logo_uus-1.png","width":360,"height":94,"caption":"Suomen Biljardimyynti Oy"},"image":{"@id":"https:\/\/biljardi.fi\/en\/#\/schema\/logo\/image\/"}}]}},"_links":{"self":[{"href":"https:\/\/biljardi.fi\/en\/wp-json\/wp\/v2\/product\/74078","targetHints":{"allow":["GET"]}}],"collection":[{"href":"https:\/\/biljardi.fi\/en\/wp-json\/wp\/v2\/product"}],"about":[{"href":"https:\/\/biljardi.fi\/en\/wp-json\/wp\/v2\/types\/product"}],"replies":[{"embeddable":true,"href":"https:\/\/biljardi.fi\/en\/wp-json\/wp\/v2\/comments?post=74078"}],"wp:featuredmedia":[{"embeddable":true,"href":"https:\/\/biljardi.fi\/en\/wp-json\/wp\/v2\/media\/68229"}],"wp:attachment":[{"href":"https:\/\/biljardi.fi\/en\/wp-json\/wp\/v2\/media?parent=74078"}],"wp:term":[{"taxonomy":"product_brand","embeddable":true,"href":"https:\/\/biljardi.fi\/en\/wp-json\/wp\/v2\/product_brand?post=74078"},{"taxonomy":"product_cat","embeddable":true,"href":"https:\/\/biljardi.fi\/en\/wp-json\/wp\/v2\/product_cat?post=74078"},{"taxonomy":"product_tag","embeddable":true,"href":"https:\/\/biljardi.fi\/en\/wp-json\/wp\/v2\/product_tag?post=74078"},{"taxonomy":"giftcard-category","embeddable":true,"href":"https:\/\/biljardi.fi\/en\/wp-json\/wp\/v2\/giftcard-category?post=74078"}],"curies":[{"name":"wp","href":"https:\/\/api.w.org\/{rel}","templated":true}]}}