{"id":74038,"date":"2025-12-15T13:56:56","date_gmt":"2025-12-15T11:56:56","guid":{"rendered":"https:\/\/biljardi.fi\/tuote\/star-wars-x-wing-90-swiss-point-24g-steel-tip-dart\/"},"modified":"2025-12-15T13:56:56","modified_gmt":"2025-12-15T11:56:56","slug":"star-wars-x-wing-90-swiss-point-24g-steel-tip-dart","status":"publish","type":"product","link":"https:\/\/biljardi.fi\/en\/tuote\/star-wars-x-wing-90-swiss-point-24g-steel-tip-dart\/","title":{"rendered":"Star Wars X-Wing 90% Swiss Point 24g steel tip dart"},"content":{"rendered":"<p>Star Wars X-Wing 90% Swiss Point 24g steel tip dart<\/p>\n<p><span class=\"HwtZe\" lang=\"fi\"><span class=\"jCAhz ChMk0b\"><span class=\"ryNqvb\">A tribute to the Rebel starfighter! Represent the Rebels with STAR WARS\u2122 |<\/span><\/span> <span class=\"jCAhz ChMk0b\"><span class=\"ryNqvb\">TARGET X-Wing steel tip darts made from 90% tungsten. <\/span><\/span><span class=\"jCAhz ChMk0b\"><span class=\"ryNqvb\">Inspired by the starfighter that symbolizes courage, hope, and rebellion, this dart set combines design and performance.<\/span><\/span><span class=\"jCAhz ChMk0b\"><span class=\"ryNqvb\"> The 90% tungsten barrel features a distinctive, precision-milled profile and radial grip, offering excellent control and consistency with every throw.<\/span><\/span> <span class=\"jCAhz ChMk0b\"><span class=\"ryNqvb\">Its refined weight distribution ensures a smooth throw and accuracy, while the polished, battle-ready finish represents the sleek form of the legendary X-Wing fighter.<\/span><\/span> <\/span><\/p>\n<p><span class=\"HwtZe\" lang=\"fi\"><span class=\"jCAhz ChMk0b\"><span class=\"ryNqvb\">Equipped with 30 mm silver GRD Swiss Points, the darts use Target&#8217;s patented Swiss Point technology, offering a secure, aerodynamic fit and quick, tool-assisted replacement.<\/span><\/span> <span class=\"jCAhz ChMk0b\"><span class=\"ryNqvb\">Laser-engraved grooves enhance grip, reinforcing both performance and style.<\/span><\/span> <span class=\"jCAhz ChMk0b\"><span class=\"ryNqvb\">Finished with detailed X-Wing artwork, the setup offers aerodynamic stability and a striking appearance.<\/span><\/span><span class=\"jCAhz ChMk0b\"><span class=\"ryNqvb\">  Includes 1 month access to DartCounter.<\/span><\/span> <span class=\"jCAhz\"><span class=\"ryNqvb\">Compete online, track your stats, and challenge players across the galaxy in camera match mode \u2013 where precision meets rebellion.<\/span><\/span><\/span><\/p>\n<ul>\n<li>Tungsten 90%<\/li>\n<li>Barrel length 52 mm<\/li>\n<li>Short K-Flex shaft<\/li>\n<li>Point 30 mm<\/li>\n<li>Free DartCounter access for one month!<\/li>\n<\/ul>\n","protected":false},"excerpt":{"rendered":"<p>Star Wars X-Wing 90% Swiss Point 24g steel tip dart A tribute to the Rebel starfighter! Represent the Rebels with STAR WARS\u2122 | TARGET X-Wing steel tip darts made from 90% tungsten. Inspired by the starfighter that symbolizes courage, hope, and rebellion, this dart set combines design and performance. The 90% tungsten barrel features a [&hellip;]<\/p>\n","protected":false},"featured_media":70114,"comment_status":"open","ping_status":"closed","template":"","meta":{"_improvement_type_select":"improve_an_existing","_thumb_yes_seoaic":false,"_frame_yes_seoaic":false,"seoaic_generate_description":"","seoaic_improve_instructions_prompt":"","seoaic_rollback_content_improvement":"","seoaic_idea_thumbnail_generator":"","thumbnail_generated":false,"thumbnail_generate_prompt":"","seoaic_article_description":""},"product_brand":[],"product_cat":[2045],"product_tag":[],"giftcard-category":[],"class_list":{"0":"post-74038","1":"product","2":"type-product","3":"status-publish","4":"has-post-thumbnail","6":"product_cat-darts-2","8":"first","9":"instock","10":"taxable","11":"shipping-taxable","12":"purchasable","13":"product-type-simple"},"exclude_global_add_ons":[],"addons":[],"yoast_head":"<!-- This site is optimized with the Yoast SEO plugin v27.3 - https:\/\/yoast.com\/product\/yoast-seo-wordpress\/ -->\n<title>[wpseo_titles]title-Tuote<\/title>\n<meta name=\"robots\" content=\"index, follow, max-snippet:-1, max-image-preview:large, max-video-preview:-1\" \/>\n<link rel=\"canonical\" href=\"https:\/\/biljardi.fi\/en\/tuote\/star-wars-x-wing-90-swiss-point-24g-steel-tip-dart\/\" \/>\n<meta property=\"og:locale\" content=\"en_US\" \/>\n<meta property=\"og:type\" content=\"article\" \/>\n<meta property=\"og:title\" content=\"[wpseo_titles]title-Tuote\" \/>\n<meta property=\"og:description\" content=\"Star Wars X-Wing 90% Swiss Point 24g steel tip dart A tribute to the Rebel starfighter! Represent the Rebels with STAR WARS\u2122 | TARGET X-Wing steel tip darts made from 90% tungsten. Inspired by the starfighter that symbolizes courage, hope, and rebellion, this dart set combines design and performance. The 90% tungsten barrel features a [&hellip;]\" \/>\n<meta property=\"og:url\" content=\"https:\/\/biljardi.fi\/en\/tuote\/star-wars-x-wing-90-swiss-point-24g-steel-tip-dart\/\" \/>\n<meta property=\"og:site_name\" content=\"Suomen Biljardimyynti Oy\" \/>\n<meta property=\"og:image\" content=\"https:\/\/biljardi.fi\/wp-content\/uploads\/2025\/12\/target-darts-star-wars-x-wing-22g-sp-steel-tip-darts_1_.webp\" \/>\n\t<meta property=\"og:image:width\" content=\"1600\" \/>\n\t<meta property=\"og:image:height\" content=\"1600\" \/>\n\t<meta property=\"og:image:type\" content=\"image\/webp\" \/>\n<meta name=\"twitter:card\" content=\"summary_large_image\" \/>\n<meta name=\"twitter:label1\" content=\"Est. reading time\" \/>\n\t<meta name=\"twitter:data1\" content=\"1 minute\" \/>\n<script type=\"application\/ld+json\" class=\"yoast-schema-graph\">{\"@context\":\"https:\\\/\\\/schema.org\",\"@graph\":[{\"@type\":\"WebPage\",\"@id\":\"https:\\\/\\\/biljardi.fi\\\/en\\\/tuote\\\/star-wars-x-wing-90-swiss-point-24g-steel-tip-dart\\\/\",\"url\":\"https:\\\/\\\/biljardi.fi\\\/en\\\/tuote\\\/star-wars-x-wing-90-swiss-point-24g-steel-tip-dart\\\/\",\"name\":\"[wpseo_titles]title-Tuote\",\"isPartOf\":{\"@id\":\"https:\\\/\\\/biljardi.fi\\\/en\\\/#website\"},\"primaryImageOfPage\":{\"@id\":\"https:\\\/\\\/biljardi.fi\\\/en\\\/tuote\\\/star-wars-x-wing-90-swiss-point-24g-steel-tip-dart\\\/#primaryimage\"},\"image\":{\"@id\":\"https:\\\/\\\/biljardi.fi\\\/en\\\/tuote\\\/star-wars-x-wing-90-swiss-point-24g-steel-tip-dart\\\/#primaryimage\"},\"thumbnailUrl\":\"https:\\\/\\\/biljardi.fi\\\/wp-content\\\/uploads\\\/2025\\\/12\\\/target-darts-star-wars-x-wing-22g-sp-steel-tip-darts_1_.webp\",\"datePublished\":\"2025-12-15T11:56:56+00:00\",\"breadcrumb\":{\"@id\":\"https:\\\/\\\/biljardi.fi\\\/en\\\/tuote\\\/star-wars-x-wing-90-swiss-point-24g-steel-tip-dart\\\/#breadcrumb\"},\"inLanguage\":\"en-US\",\"potentialAction\":[{\"@type\":\"ReadAction\",\"target\":[\"https:\\\/\\\/biljardi.fi\\\/en\\\/tuote\\\/star-wars-x-wing-90-swiss-point-24g-steel-tip-dart\\\/\"]}]},{\"@type\":\"ImageObject\",\"inLanguage\":\"en-US\",\"@id\":\"https:\\\/\\\/biljardi.fi\\\/en\\\/tuote\\\/star-wars-x-wing-90-swiss-point-24g-steel-tip-dart\\\/#primaryimage\",\"url\":\"https:\\\/\\\/biljardi.fi\\\/wp-content\\\/uploads\\\/2025\\\/12\\\/target-darts-star-wars-x-wing-22g-sp-steel-tip-darts_1_.webp\",\"contentUrl\":\"https:\\\/\\\/biljardi.fi\\\/wp-content\\\/uploads\\\/2025\\\/12\\\/target-darts-star-wars-x-wing-22g-sp-steel-tip-darts_1_.webp\",\"width\":1600,\"height\":1600},{\"@type\":\"BreadcrumbList\",\"@id\":\"https:\\\/\\\/biljardi.fi\\\/en\\\/tuote\\\/star-wars-x-wing-90-swiss-point-24g-steel-tip-dart\\\/#breadcrumb\",\"itemListElement\":[{\"@type\":\"ListItem\",\"position\":1,\"name\":\"Home\",\"item\":\"https:\\\/\\\/biljardi.fi\\\/en\\\/home\\\/\"},{\"@type\":\"ListItem\",\"position\":2,\"name\":\"Shop\",\"item\":\"https:\\\/\\\/biljardi.fi\\\/en\\\/shop\\\/\"},{\"@type\":\"ListItem\",\"position\":3,\"name\":\"Star Wars X-Wing 90% Swiss Point 24g steel tip dart\"}]},{\"@type\":\"WebSite\",\"@id\":\"https:\\\/\\\/biljardi.fi\\\/en\\\/#website\",\"url\":\"https:\\\/\\\/biljardi.fi\\\/en\\\/\",\"name\":\"Suomen Biljardimyynti Oy\",\"description\":\"Biljardip\u00f6yd\u00e4t, Biljardi, Darts, Ilmakiekko, P\u00f6yt\u00e4jalkapallo\",\"publisher\":{\"@id\":\"https:\\\/\\\/biljardi.fi\\\/en\\\/#organization\"},\"potentialAction\":[{\"@type\":\"SearchAction\",\"target\":{\"@type\":\"EntryPoint\",\"urlTemplate\":\"https:\\\/\\\/biljardi.fi\\\/en\\\/?s={search_term_string}\"},\"query-input\":{\"@type\":\"PropertyValueSpecification\",\"valueRequired\":true,\"valueName\":\"search_term_string\"}}],\"inLanguage\":\"en-US\"},{\"@type\":\"Organization\",\"@id\":\"https:\\\/\\\/biljardi.fi\\\/en\\\/#organization\",\"name\":\"Suomen Biljardimyynti Oy\",\"url\":\"https:\\\/\\\/biljardi.fi\\\/en\\\/\",\"logo\":{\"@type\":\"ImageObject\",\"inLanguage\":\"en-US\",\"@id\":\"https:\\\/\\\/biljardi.fi\\\/en\\\/#\\\/schema\\\/logo\\\/image\\\/\",\"url\":\"https:\\\/\\\/biljardi.fi\\\/wp-content\\\/uploads\\\/2025\\\/10\\\/logo_uus-1.png\",\"contentUrl\":\"https:\\\/\\\/biljardi.fi\\\/wp-content\\\/uploads\\\/2025\\\/10\\\/logo_uus-1.png\",\"width\":360,\"height\":94,\"caption\":\"Suomen Biljardimyynti Oy\"},\"image\":{\"@id\":\"https:\\\/\\\/biljardi.fi\\\/en\\\/#\\\/schema\\\/logo\\\/image\\\/\"}}]}<\/script>\n<!-- \/ Yoast SEO plugin. -->","yoast_head_json":{"title":"[wpseo_titles]title-Tuote","robots":{"index":"index","follow":"follow","max-snippet":"max-snippet:-1","max-image-preview":"max-image-preview:large","max-video-preview":"max-video-preview:-1"},"canonical":"https:\/\/biljardi.fi\/en\/tuote\/star-wars-x-wing-90-swiss-point-24g-steel-tip-dart\/","og_locale":"en_US","og_type":"article","og_title":"[wpseo_titles]title-Tuote","og_description":"Star Wars X-Wing 90% Swiss Point 24g steel tip dart A tribute to the Rebel starfighter! Represent the Rebels with STAR WARS\u2122 | TARGET X-Wing steel tip darts made from 90% tungsten. Inspired by the starfighter that symbolizes courage, hope, and rebellion, this dart set combines design and performance. The 90% tungsten barrel features a [&hellip;]","og_url":"https:\/\/biljardi.fi\/en\/tuote\/star-wars-x-wing-90-swiss-point-24g-steel-tip-dart\/","og_site_name":"Suomen Biljardimyynti Oy","og_image":[{"width":1600,"height":1600,"url":"https:\/\/biljardi.fi\/wp-content\/uploads\/2025\/12\/target-darts-star-wars-x-wing-22g-sp-steel-tip-darts_1_.webp","type":"image\/webp"}],"twitter_card":"summary_large_image","twitter_misc":{"Est. reading time":"1 minute"},"schema":{"@context":"https:\/\/schema.org","@graph":[{"@type":"WebPage","@id":"https:\/\/biljardi.fi\/en\/tuote\/star-wars-x-wing-90-swiss-point-24g-steel-tip-dart\/","url":"https:\/\/biljardi.fi\/en\/tuote\/star-wars-x-wing-90-swiss-point-24g-steel-tip-dart\/","name":"[wpseo_titles]title-Tuote","isPartOf":{"@id":"https:\/\/biljardi.fi\/en\/#website"},"primaryImageOfPage":{"@id":"https:\/\/biljardi.fi\/en\/tuote\/star-wars-x-wing-90-swiss-point-24g-steel-tip-dart\/#primaryimage"},"image":{"@id":"https:\/\/biljardi.fi\/en\/tuote\/star-wars-x-wing-90-swiss-point-24g-steel-tip-dart\/#primaryimage"},"thumbnailUrl":"https:\/\/biljardi.fi\/wp-content\/uploads\/2025\/12\/target-darts-star-wars-x-wing-22g-sp-steel-tip-darts_1_.webp","datePublished":"2025-12-15T11:56:56+00:00","breadcrumb":{"@id":"https:\/\/biljardi.fi\/en\/tuote\/star-wars-x-wing-90-swiss-point-24g-steel-tip-dart\/#breadcrumb"},"inLanguage":"en-US","potentialAction":[{"@type":"ReadAction","target":["https:\/\/biljardi.fi\/en\/tuote\/star-wars-x-wing-90-swiss-point-24g-steel-tip-dart\/"]}]},{"@type":"ImageObject","inLanguage":"en-US","@id":"https:\/\/biljardi.fi\/en\/tuote\/star-wars-x-wing-90-swiss-point-24g-steel-tip-dart\/#primaryimage","url":"https:\/\/biljardi.fi\/wp-content\/uploads\/2025\/12\/target-darts-star-wars-x-wing-22g-sp-steel-tip-darts_1_.webp","contentUrl":"https:\/\/biljardi.fi\/wp-content\/uploads\/2025\/12\/target-darts-star-wars-x-wing-22g-sp-steel-tip-darts_1_.webp","width":1600,"height":1600},{"@type":"BreadcrumbList","@id":"https:\/\/biljardi.fi\/en\/tuote\/star-wars-x-wing-90-swiss-point-24g-steel-tip-dart\/#breadcrumb","itemListElement":[{"@type":"ListItem","position":1,"name":"Home","item":"https:\/\/biljardi.fi\/en\/home\/"},{"@type":"ListItem","position":2,"name":"Shop","item":"https:\/\/biljardi.fi\/en\/shop\/"},{"@type":"ListItem","position":3,"name":"Star Wars X-Wing 90% Swiss Point 24g steel tip dart"}]},{"@type":"WebSite","@id":"https:\/\/biljardi.fi\/en\/#website","url":"https:\/\/biljardi.fi\/en\/","name":"Suomen Biljardimyynti Oy","description":"Biljardip\u00f6yd\u00e4t, Biljardi, Darts, Ilmakiekko, P\u00f6yt\u00e4jalkapallo","publisher":{"@id":"https:\/\/biljardi.fi\/en\/#organization"},"potentialAction":[{"@type":"SearchAction","target":{"@type":"EntryPoint","urlTemplate":"https:\/\/biljardi.fi\/en\/?s={search_term_string}"},"query-input":{"@type":"PropertyValueSpecification","valueRequired":true,"valueName":"search_term_string"}}],"inLanguage":"en-US"},{"@type":"Organization","@id":"https:\/\/biljardi.fi\/en\/#organization","name":"Suomen Biljardimyynti Oy","url":"https:\/\/biljardi.fi\/en\/","logo":{"@type":"ImageObject","inLanguage":"en-US","@id":"https:\/\/biljardi.fi\/en\/#\/schema\/logo\/image\/","url":"https:\/\/biljardi.fi\/wp-content\/uploads\/2025\/10\/logo_uus-1.png","contentUrl":"https:\/\/biljardi.fi\/wp-content\/uploads\/2025\/10\/logo_uus-1.png","width":360,"height":94,"caption":"Suomen Biljardimyynti Oy"},"image":{"@id":"https:\/\/biljardi.fi\/en\/#\/schema\/logo\/image\/"}}]}},"_links":{"self":[{"href":"https:\/\/biljardi.fi\/en\/wp-json\/wp\/v2\/product\/74038","targetHints":{"allow":["GET"]}}],"collection":[{"href":"https:\/\/biljardi.fi\/en\/wp-json\/wp\/v2\/product"}],"about":[{"href":"https:\/\/biljardi.fi\/en\/wp-json\/wp\/v2\/types\/product"}],"replies":[{"embeddable":true,"href":"https:\/\/biljardi.fi\/en\/wp-json\/wp\/v2\/comments?post=74038"}],"wp:featuredmedia":[{"embeddable":true,"href":"https:\/\/biljardi.fi\/en\/wp-json\/wp\/v2\/media\/70114"}],"wp:attachment":[{"href":"https:\/\/biljardi.fi\/en\/wp-json\/wp\/v2\/media?parent=74038"}],"wp:term":[{"taxonomy":"product_brand","embeddable":true,"href":"https:\/\/biljardi.fi\/en\/wp-json\/wp\/v2\/product_brand?post=74038"},{"taxonomy":"product_cat","embeddable":true,"href":"https:\/\/biljardi.fi\/en\/wp-json\/wp\/v2\/product_cat?post=74038"},{"taxonomy":"product_tag","embeddable":true,"href":"https:\/\/biljardi.fi\/en\/wp-json\/wp\/v2\/product_tag?post=74038"},{"taxonomy":"giftcard-category","embeddable":true,"href":"https:\/\/biljardi.fi\/en\/wp-json\/wp\/v2\/giftcard-category?post=74038"}],"curies":[{"name":"wp","href":"https:\/\/api.w.org\/{rel}","templated":true}]}}