{"id":73924,"date":"2020-06-18T20:36:32","date_gmt":"2020-06-18T20:36:32","guid":{"rendered":"https:\/\/biljardi.fi\/tuote\/provijus-7-8-9-10-12-snooker-table\/"},"modified":"2020-06-18T20:36:32","modified_gmt":"2020-06-18T17:36:32","slug":"provijus-7-8-9-10-12-snooker-table","status":"publish","type":"product","link":"https:\/\/biljardi.fi\/en\/product\/provijus-7-8-9-10-12-snooker-table\/","title":{"rendered":"Provijus 7&#8242;, 8&#8242;, 9&#8242;, 10&#8242;, 12&#8242; snooker table"},"content":{"rendered":"<p>Provijus 7&#8242;, 8&#8242;, 9&#8242;, 10&#8242;, 12&#8242; snooker table.<\/p>\n<p>Magnificent Provijus snooker table with plenty of great features. The table color and materials can be chosen from numerous options and in many different colors. Provijus is a top-quality billiard table with high-grade 44 mm slate and Northern Rubber cushions. Incredibly beautiful solid wood finish! The table exudes European quality and classic appearance.    <\/p>\n<p>Price includes Strachan snooker cloth.<\/p>\n<p>&nbsp;<\/p>\n","protected":false},"excerpt":{"rendered":"<p>Provijus 7&#8242;, 8&#8242;, 9&#8242;, 10&#8242;, 12&#8242; snooker table. Magnificent Provijus snooker table with plenty of great features. The table color and materials can be chosen from numerous options and in many different colors. Provijus is a top-quality billiard table with high-grade 44 mm slate and Northern Rubber cushions. Incredibly beautiful solid wood finish! The table [&hellip;]<\/p>\n","protected":false},"featured_media":56169,"comment_status":"open","ping_status":"closed","template":"","meta":[],"product_brand":[],"product_cat":[2011,2025,2152],"product_tag":[2015,2014,2052,2064,2080],"giftcard-category":[],"class_list":{"0":"post-73924","1":"product","2":"type-product","3":"status-publish","4":"has-post-thumbnail","6":"product_cat-billiards","7":"product_cat-pool-tables-2","8":"product_cat-snooker-tables","9":"product_tag-billiard-sales","10":"product_tag-billiards","11":"product_tag-billiards-2","12":"product_tag-snooker","13":"product_tag-snooker-table","14":"pa_koko-2048","15":"pa_koko-2151","16":"pa_koko-2024","17":"pa_koko-2001","18":"pa_koko-2003","19":"pa_vari-black","20":"pa_vari-brown","21":"pa_vari-gray","22":"pa_vari-green","23":"pa_vari-red","24":"pa_vari-white","25":"pa_vari-yellow","27":"first","28":"onbackorder","29":"taxable","30":"shipping-taxable","31":"purchasable","32":"product-type-simple"},"exclude_global_add_ons":true,"addons":[{"name":"Table size","type":"multiple_choice","position":0,"required":false,"title_format":"heading","default":"","description_enable":false,"description":null,"placeholder_enable":false,"placeholder":null,"display":"select","restrictions_type":"any_text","adjust_price":false,"price":"","price_type":"flat_fee","restrictions":false,"min":"0","max":"0","options":[{"label":"8'","price":"400","price_type":"quantity_based","image":0,"visibility":true},{"label":"9'","price":"700","price_type":"quantity_based","image":0,"visibility":true},{"label":"10'","price":"1200","price_type":"quantity_based","image":0,"visibility":true},{"label":"12'","price":"2400","price_type":"quantity_based","image":0,"visibility":true}]},{"name":"Leg model","type":"multiple_choice","position":1,"required":false,"title_format":"heading","default":"","description_enable":false,"description":null,"placeholder_enable":false,"placeholder":null,"display":"select","restrictions_type":"any_text","adjust_price":false,"price":"","price_type":"flat_fee","restrictions":false,"min":"0","max":"0","options":[{"label":"","price":"","price_type":"flat_fee","image":0,"visibility":true},{"label":"","price":"","price_type":"flat_fee","image":0,"visibility":true},{"label":"","price":"","price_type":"flat_fee","image":0,"visibility":true},{"label":"","price":"99","price_type":"flat_fee","image":0,"visibility":true},{"label":"","price":"499","price_type":"flat_fee","image":0,"visibility":true},{"label":"","price":"99","price_type":"flat_fee","image":0,"visibility":true},{"label":"","price":"","price_type":"flat_fee","image":0,"visibility":true},{"label":"","price":"","price_type":"flat_fee","image":0,"visibility":true},{"label":"","price":"199","price_type":"flat_fee","image":0,"visibility":true},{"label":"","price":"499","price_type":"flat_fee","image":0,"visibility":true},{"label":"","price":"699","price_type":"flat_fee","image":0,"visibility":true}]},{"name":"Apron shape","type":"multiple_choice","position":2,"required":false,"title_format":"heading","default":"","description_enable":false,"description":null,"placeholder_enable":false,"placeholder":null,"display":"select","restrictions_type":"any_text","adjust_price":false,"price":"","price_type":"flat_fee","restrictions":false,"min":"0","max":"0","options":[{"label":"","price":"","price_type":"flat_fee","image":0,"visibility":true},{"label":"","price":"","price_type":"flat_fee","image":0,"visibility":true},{"label":"","price":"","price_type":"flat_fee","image":0,"visibility":true},{"label":"","price":"","price_type":"flat_fee","image":0,"visibility":true}]},{"name":"Apron ornaments","type":"multiple_choice","position":3,"required":false,"title_format":"heading","default":"","description_enable":false,"description":null,"placeholder_enable":false,"placeholder":null,"display":"select","restrictions_type":"any_text","adjust_price":false,"price":"","price_type":"flat_fee","restrictions":false,"min":"0","max":"0","options":[{"label":"","price":"199","price_type":"flat_fee","image":0,"visibility":true},{"label":"","price":"299","price_type":"flat_fee","image":0,"visibility":true},{"label":"","price":"299","price_type":"flat_fee","image":0,"visibility":true},{"label":"","price":"399","price_type":"flat_fee","image":0,"visibility":true},{"label":"","price":"399","price_type":"flat_fee","image":0,"visibility":true},{"label":"","price":"399","price_type":"flat_fee","image":0,"visibility":true},{"label":"","price":"499","price_type":"flat_fee","image":0,"visibility":true}]},{"name":"Cushion profile","type":"multiple_choice","position":4,"required":false,"title_format":"heading","default":"","description_enable":false,"description":null,"placeholder_enable":false,"placeholder":null,"display":"select","restrictions_type":"any_text","adjust_price":false,"price":"","price_type":"flat_fee","restrictions":false,"min":"0","max":"0","options":[{"label":"","price":"","price_type":"flat_fee","image":0,"visibility":true},{"label":"","price":"29","price_type":"flat_fee","image":0,"visibility":true},{"label":"","price":"149","price_type":"flat_fee","image":0,"visibility":true}]},{"name":"Cushion corners","type":"multiple_choice","position":5,"required":false,"title_format":"heading","default":"","description_enable":false,"description":null,"placeholder_enable":false,"placeholder":null,"display":"select","restrictions_type":"any_text","adjust_price":false,"price":"","price_type":"flat_fee","restrictions":false,"min":"0","max":"0","options":[{"label":"P2T","price":"39","price_type":"flat_fee","image":0,"visibility":true},{"label":"P2S","price":"39","price_type":"flat_fee","image":0,"visibility":true},{"label":"K3T","price":"","price_type":"flat_fee","image":0,"visibility":true},{"label":"K3S","price":"","price_type":"flat_fee","image":0,"visibility":true},{"label":"P3T","price":"","price_type":"flat_fee","image":0,"visibility":true},{"label":"P3S","price":"","price_type":"flat_fee","image":0,"visibility":true},{"label":"P4T","price":"29","price_type":"flat_fee","image":0,"visibility":true},{"label":"P4S","price":"29","price_type":"flat_fee","image":0,"visibility":true},{"label":"P6T","price":"199","price_type":"flat_fee","image":0,"visibility":true},{"label":"P6S","price":"199","price_type":"flat_fee","image":0,"visibility":true},{"label":"S1T","price":"","price_type":"flat_fee","image":0,"visibility":true},{"label":"S1S","price":"","price_type":"flat_fee","image":0,"visibility":true},{"label":"D2T","price":"39","price_type":"flat_fee","image":0,"visibility":true},{"label":"D2S","price":"39","price_type":"flat_fee","image":0,"visibility":true},{"label":"D3S","price":"199","price_type":"flat_fee","image":0,"visibility":true},{"label":"D3T","price":"199","price_type":"flat_fee","image":0,"visibility":true},{"label":"D4T","price":"99","price_type":"flat_fee","image":0,"visibility":true},{"label":"D4S","price":"99","price_type":"flat_fee","image":0,"visibility":true}]},{"name":"Ball pocket","type":"multiple_choice","position":6,"required":false,"title_format":"heading","default":"","description_enable":false,"description":null,"placeholder_enable":false,"placeholder":null,"display":"select","restrictions_type":"any_text","adjust_price":false,"price":"","price_type":"flat_fee","restrictions":false,"min":"0","max":"0","options":[{"label":"MB (Fabric)","price":"","price_type":"flat_fee","image":0,"visibility":true},{"label":"OT (dark leather)","price":"59","price_type":"flat_fee","image":0,"visibility":true},{"label":"OS (light leather)","price":"59","price_type":"flat_fee","image":0,"visibility":true}]},{"name":"Ball return","type":"multiple_choice","position":7,"required":false,"title_format":"heading","default":"","description_enable":false,"description":null,"placeholder_enable":false,"placeholder":null,"display":"select","restrictions_type":"any_text","adjust_price":false,"price":"","price_type":"flat_fee","restrictions":false,"min":"0","max":"0","options":[{"label":"OS57","price":"99","price_type":"flat_fee","image":0,"visibility":true},{"label":"OT57","price":"99","price_type":"flat_fee","image":0,"visibility":true},{"label":"OSA57","price":"229","price_type":"flat_fee","image":0,"visibility":true},{"label":"OTA57","price":"229","price_type":"flat_fee","image":0,"visibility":true}]},{"name":"Leveling foot","type":"multiple_choice","position":8,"required":false,"title_format":"heading","default":"","description_enable":false,"description":null,"placeholder_enable":false,"placeholder":null,"display":"select","restrictions_type":"any_text","adjust_price":false,"price":"","price_type":"flat_fee","restrictions":false,"min":"0","max":"0","options":[{"label":"A","price":"","price_type":"flat_fee","image":0,"visibility":true},{"label":"B","price":"69","price_type":"flat_fee","image":0,"visibility":true},{"label":"C (discontinued)","price":"129","price_type":"flat_fee","image":0,"visibility":true},{"label":"D","price":"69","price_type":"flat_fee","image":0,"visibility":true}]},{"name":"Material","type":"multiple_choice","position":9,"required":false,"title_format":"heading","default":"","description_enable":false,"description":null,"placeholder_enable":false,"placeholder":null,"display":"select","restrictions_type":"any_text","adjust_price":false,"price":"","price_type":"flat_fee","restrictions":false,"min":"0","max":"0","options":[{"label":"Birch","price":"","price_type":"flat_fee","image":0,"visibility":true},{"label":"Ash","price":"299","price_type":"flat_fee","image":0,"visibility":true},{"label":"Oak","price":"499","price_type":"flat_fee","image":0,"visibility":true},{"label":"Rosewood","price":"1499","price_type":"flat_fee","image":0,"visibility":true},{"label":"Walnut","price":"1999","price_type":"flat_fee","image":0,"visibility":true}]},{"name":"Two-color frame and legs","type":"checkbox","position":10,"required":false,"title_format":"heading","default":"","description_enable":true,"description":null,"placeholder_enable":false,"placeholder":null,"display":"select","restrictions_type":"any_text","adjust_price":false,"price":"","price_type":"flat_fee","restrictions":false,"min":"0","max":"0","options":[{"label":"Dual coloring","price":"299","price_type":"flat_fee","image":0,"visibility":true}]},{"name":"Table color","type":"heading","position":11,"required":false,"title_format":"label","default":"","description_enable":true,"description":"Select the table color from the attached color charts. You can choose a stained or painted finish. If you selected dual coloring, choose two colors. 1. Cushions and ornaments 2. frame and legs (See image).    ","placeholder_enable":false,"placeholder":null,"display":"select","restrictions_type":"any_text","adjust_price":false,"price":"","price_type":"flat_fee","restrictions":false,"min":"0","max":"0","options":[]},{"name":"Table color","type":"custom_textarea","position":12,"required":true,"title_format":"hide","default":"","description_enable":false,"description":null,"placeholder_enable":false,"placeholder":null,"display":"select","restrictions_type":"any_text","adjust_price":false,"price":"","price_type":"quantity_based","restrictions":true,"min":"1","max":"10","options":[]},{"name":"Apron and leg color","type":"custom_text","position":13,"required":false,"title_format":"heading","default":"","description_enable":true,"description":"If dual coloring selected. All colors from the attached color charts available. ","placeholder_enable":false,"placeholder":null,"display":"select","restrictions_type":"any_text","adjust_price":false,"price":"","price_type":"flat_fee","restrictions":true,"min":"0","max":"10","options":[]},{"name":"High gloss finish","type":"checkbox","position":14,"required":false,"title_format":"heading","default":"","description_enable":false,"description":null,"placeholder_enable":false,"placeholder":null,"display":"select","restrictions_type":"any_text","adjust_price":false,"price":"","price_type":"flat_fee","restrictions":false,"min":"0","max":"0","options":[{"label":"High gloss","price":"299","price_type":"flat_fee","image":0,"visibility":true}]},{"name":"Leg steel reinforcements","type":"multiple_choice","position":15,"required":false,"title_format":"heading","default":"","description_enable":true,"description":"Steel reinforcements inside the leg stabilize the table","placeholder_enable":false,"placeholder":null,"display":"select","restrictions_type":"any_text","adjust_price":false,"price":"","price_type":"flat_fee","restrictions":false,"min":"0","max":"0","options":[{"label":"Steel reinforcements","price":"199","price_type":"flat_fee","image":0,"visibility":true}]}],"yoast_head":"<!-- This site is optimized with the Yoast SEO plugin v27.6 - https:\/\/yoast.com\/product\/yoast-seo-wordpress\/ -->\n<title>[wpseo_titles]title-Tuote<\/title>\n<meta name=\"description\" content=\"[wpseo_titles]metadesc-Tuote\" \/>\n<meta name=\"robots\" content=\"index, follow, max-snippet:-1, max-image-preview:large, max-video-preview:-1\" \/>\n<link rel=\"canonical\" href=\"https:\/\/biljardi.fi\/en\/product\/provijus-7-8-9-10-12-snooker-table\/\" \/>\n<meta property=\"og:locale\" content=\"en_US\" \/>\n<meta property=\"og:type\" content=\"article\" \/>\n<meta property=\"og:title\" content=\"[wpseo_titles]title-Tuote\" \/>\n<meta property=\"og:description\" content=\"[wpseo_titles]metadesc-Tuote\" \/>\n<meta property=\"og:url\" content=\"https:\/\/biljardi.fi\/en\/product\/provijus-7-8-9-10-12-snooker-table\/\" \/>\n<meta property=\"og:site_name\" content=\"Suomen Biljardimyynti Oy\" \/>\n<meta property=\"og:image\" content=\"https:\/\/biljardi.fi\/wp-content\/uploads\/2020\/06\/Billiard-table-Provijus-12ft-M_014217-web-removebg-preview.png\" \/>\n\t<meta property=\"og:image:width\" content=\"669\" \/>\n\t<meta property=\"og:image:height\" content=\"373\" \/>\n\t<meta property=\"og:image:type\" content=\"image\/png\" \/>\n<meta name=\"twitter:card\" content=\"summary_large_image\" \/>\n<script type=\"application\/ld+json\" class=\"yoast-schema-graph\">{\"@context\":\"https:\\\/\\\/schema.org\",\"@graph\":[{\"@type\":\"WebPage\",\"@id\":\"https:\\\/\\\/biljardi.fi\\\/en\\\/product\\\/provijus-7-8-9-10-12-snooker-table\\\/\",\"url\":\"https:\\\/\\\/biljardi.fi\\\/en\\\/product\\\/provijus-7-8-9-10-12-snooker-table\\\/\",\"name\":\"[wpseo_titles]title-Tuote\",\"isPartOf\":{\"@id\":\"https:\\\/\\\/biljardi.fi\\\/en\\\/#website\"},\"primaryImageOfPage\":{\"@id\":\"https:\\\/\\\/biljardi.fi\\\/en\\\/product\\\/provijus-7-8-9-10-12-snooker-table\\\/#primaryimage\"},\"image\":{\"@id\":\"https:\\\/\\\/biljardi.fi\\\/en\\\/product\\\/provijus-7-8-9-10-12-snooker-table\\\/#primaryimage\"},\"thumbnailUrl\":\"https:\\\/\\\/biljardi.fi\\\/wp-content\\\/uploads\\\/2020\\\/06\\\/Billiard-table-Provijus-12ft-M_014217-web-removebg-preview.png\",\"datePublished\":\"2020-06-18T20:36:32+00:00\",\"description\":\"[wpseo_titles]metadesc-Tuote\",\"breadcrumb\":{\"@id\":\"https:\\\/\\\/biljardi.fi\\\/en\\\/product\\\/provijus-7-8-9-10-12-snooker-table\\\/#breadcrumb\"},\"inLanguage\":\"en-US\",\"potentialAction\":[{\"@type\":\"ReadAction\",\"target\":[\"https:\\\/\\\/biljardi.fi\\\/en\\\/product\\\/provijus-7-8-9-10-12-snooker-table\\\/\"]}]},{\"@type\":\"ImageObject\",\"inLanguage\":\"en-US\",\"@id\":\"https:\\\/\\\/biljardi.fi\\\/en\\\/product\\\/provijus-7-8-9-10-12-snooker-table\\\/#primaryimage\",\"url\":\"https:\\\/\\\/biljardi.fi\\\/wp-content\\\/uploads\\\/2020\\\/06\\\/Billiard-table-Provijus-12ft-M_014217-web-removebg-preview.png\",\"contentUrl\":\"https:\\\/\\\/biljardi.fi\\\/wp-content\\\/uploads\\\/2020\\\/06\\\/Billiard-table-Provijus-12ft-M_014217-web-removebg-preview.png\",\"width\":669,\"height\":373},{\"@type\":\"BreadcrumbList\",\"@id\":\"https:\\\/\\\/biljardi.fi\\\/en\\\/product\\\/provijus-7-8-9-10-12-snooker-table\\\/#breadcrumb\",\"itemListElement\":[{\"@type\":\"ListItem\",\"position\":1,\"name\":\"Etusivu\",\"item\":\"https:\\\/\\\/biljardi.fi\\\/en\\\/home\\\/\"},{\"@type\":\"ListItem\",\"position\":2,\"name\":\"Shop\",\"item\":\"https:\\\/\\\/biljardi.fi\\\/en\\\/shop\\\/\"},{\"@type\":\"ListItem\",\"position\":3,\"name\":\"Provijus 7&#8242;, 8&#8242;, 9&#8242;, 10&#8242;, 12&#8242; snooker table\"}]},{\"@type\":\"WebSite\",\"@id\":\"https:\\\/\\\/biljardi.fi\\\/en\\\/#website\",\"url\":\"https:\\\/\\\/biljardi.fi\\\/en\\\/\",\"name\":\"Suomen Biljardimyynti Oy\",\"description\":\"Biljardip\u00f6yd\u00e4t, Biljardi, Darts, Ilmakiekko, P\u00f6yt\u00e4jalkapallo\",\"publisher\":{\"@id\":\"https:\\\/\\\/biljardi.fi\\\/en\\\/#organization\"},\"potentialAction\":[{\"@type\":\"SearchAction\",\"target\":{\"@type\":\"EntryPoint\",\"urlTemplate\":\"https:\\\/\\\/biljardi.fi\\\/en\\\/?s={search_term_string}\"},\"query-input\":{\"@type\":\"PropertyValueSpecification\",\"valueRequired\":true,\"valueName\":\"search_term_string\"}}],\"inLanguage\":\"en-US\"},{\"@type\":\"Organization\",\"@id\":\"https:\\\/\\\/biljardi.fi\\\/en\\\/#organization\",\"name\":\"Suomen Biljardimyynti Oy\",\"url\":\"https:\\\/\\\/biljardi.fi\\\/en\\\/\",\"logo\":{\"@type\":\"ImageObject\",\"inLanguage\":\"en-US\",\"@id\":\"https:\\\/\\\/biljardi.fi\\\/en\\\/#\\\/schema\\\/logo\\\/image\\\/\",\"url\":\"https:\\\/\\\/biljardi.fi\\\/wp-content\\\/uploads\\\/2025\\\/10\\\/logo_uus-1.png\",\"contentUrl\":\"https:\\\/\\\/biljardi.fi\\\/wp-content\\\/uploads\\\/2025\\\/10\\\/logo_uus-1.png\",\"width\":360,\"height\":94,\"caption\":\"Suomen Biljardimyynti Oy\"},\"image\":{\"@id\":\"https:\\\/\\\/biljardi.fi\\\/en\\\/#\\\/schema\\\/logo\\\/image\\\/\"}}]}<\/script>\n<!-- \/ Yoast SEO plugin. -->","yoast_head_json":{"title":"[wpseo_titles]title-Tuote","description":"[wpseo_titles]metadesc-Tuote","robots":{"index":"index","follow":"follow","max-snippet":"max-snippet:-1","max-image-preview":"max-image-preview:large","max-video-preview":"max-video-preview:-1"},"canonical":"https:\/\/biljardi.fi\/en\/product\/provijus-7-8-9-10-12-snooker-table\/","og_locale":"en_US","og_type":"article","og_title":"[wpseo_titles]title-Tuote","og_description":"[wpseo_titles]metadesc-Tuote","og_url":"https:\/\/biljardi.fi\/en\/product\/provijus-7-8-9-10-12-snooker-table\/","og_site_name":"Suomen Biljardimyynti Oy","og_image":[{"width":669,"height":373,"url":"https:\/\/biljardi.fi\/wp-content\/uploads\/2020\/06\/Billiard-table-Provijus-12ft-M_014217-web-removebg-preview.png","type":"image\/png"}],"twitter_card":"summary_large_image","schema":{"@context":"https:\/\/schema.org","@graph":[{"@type":"WebPage","@id":"https:\/\/biljardi.fi\/en\/product\/provijus-7-8-9-10-12-snooker-table\/","url":"https:\/\/biljardi.fi\/en\/product\/provijus-7-8-9-10-12-snooker-table\/","name":"[wpseo_titles]title-Tuote","isPartOf":{"@id":"https:\/\/biljardi.fi\/en\/#website"},"primaryImageOfPage":{"@id":"https:\/\/biljardi.fi\/en\/product\/provijus-7-8-9-10-12-snooker-table\/#primaryimage"},"image":{"@id":"https:\/\/biljardi.fi\/en\/product\/provijus-7-8-9-10-12-snooker-table\/#primaryimage"},"thumbnailUrl":"https:\/\/biljardi.fi\/wp-content\/uploads\/2020\/06\/Billiard-table-Provijus-12ft-M_014217-web-removebg-preview.png","datePublished":"2020-06-18T20:36:32+00:00","description":"[wpseo_titles]metadesc-Tuote","breadcrumb":{"@id":"https:\/\/biljardi.fi\/en\/product\/provijus-7-8-9-10-12-snooker-table\/#breadcrumb"},"inLanguage":"en-US","potentialAction":[{"@type":"ReadAction","target":["https:\/\/biljardi.fi\/en\/product\/provijus-7-8-9-10-12-snooker-table\/"]}]},{"@type":"ImageObject","inLanguage":"en-US","@id":"https:\/\/biljardi.fi\/en\/product\/provijus-7-8-9-10-12-snooker-table\/#primaryimage","url":"https:\/\/biljardi.fi\/wp-content\/uploads\/2020\/06\/Billiard-table-Provijus-12ft-M_014217-web-removebg-preview.png","contentUrl":"https:\/\/biljardi.fi\/wp-content\/uploads\/2020\/06\/Billiard-table-Provijus-12ft-M_014217-web-removebg-preview.png","width":669,"height":373},{"@type":"BreadcrumbList","@id":"https:\/\/biljardi.fi\/en\/product\/provijus-7-8-9-10-12-snooker-table\/#breadcrumb","itemListElement":[{"@type":"ListItem","position":1,"name":"Etusivu","item":"https:\/\/biljardi.fi\/en\/home\/"},{"@type":"ListItem","position":2,"name":"Shop","item":"https:\/\/biljardi.fi\/en\/shop\/"},{"@type":"ListItem","position":3,"name":"Provijus 7&#8242;, 8&#8242;, 9&#8242;, 10&#8242;, 12&#8242; snooker table"}]},{"@type":"WebSite","@id":"https:\/\/biljardi.fi\/en\/#website","url":"https:\/\/biljardi.fi\/en\/","name":"Suomen Biljardimyynti Oy","description":"Biljardip\u00f6yd\u00e4t, Biljardi, Darts, Ilmakiekko, P\u00f6yt\u00e4jalkapallo","publisher":{"@id":"https:\/\/biljardi.fi\/en\/#organization"},"potentialAction":[{"@type":"SearchAction","target":{"@type":"EntryPoint","urlTemplate":"https:\/\/biljardi.fi\/en\/?s={search_term_string}"},"query-input":{"@type":"PropertyValueSpecification","valueRequired":true,"valueName":"search_term_string"}}],"inLanguage":"en-US"},{"@type":"Organization","@id":"https:\/\/biljardi.fi\/en\/#organization","name":"Suomen Biljardimyynti Oy","url":"https:\/\/biljardi.fi\/en\/","logo":{"@type":"ImageObject","inLanguage":"en-US","@id":"https:\/\/biljardi.fi\/en\/#\/schema\/logo\/image\/","url":"https:\/\/biljardi.fi\/wp-content\/uploads\/2025\/10\/logo_uus-1.png","contentUrl":"https:\/\/biljardi.fi\/wp-content\/uploads\/2025\/10\/logo_uus-1.png","width":360,"height":94,"caption":"Suomen Biljardimyynti Oy"},"image":{"@id":"https:\/\/biljardi.fi\/en\/#\/schema\/logo\/image\/"}}]}},"_links":{"self":[{"href":"https:\/\/biljardi.fi\/en\/wp-json\/wp\/v2\/product\/73924","targetHints":{"allow":["GET"]}}],"collection":[{"href":"https:\/\/biljardi.fi\/en\/wp-json\/wp\/v2\/product"}],"about":[{"href":"https:\/\/biljardi.fi\/en\/wp-json\/wp\/v2\/types\/product"}],"replies":[{"embeddable":true,"href":"https:\/\/biljardi.fi\/en\/wp-json\/wp\/v2\/comments?post=73924"}],"wp:featuredmedia":[{"embeddable":true,"href":"https:\/\/biljardi.fi\/en\/wp-json\/wp\/v2\/media\/56169"}],"wp:attachment":[{"href":"https:\/\/biljardi.fi\/en\/wp-json\/wp\/v2\/media?parent=73924"}],"wp:term":[{"taxonomy":"product_brand","embeddable":true,"href":"https:\/\/biljardi.fi\/en\/wp-json\/wp\/v2\/product_brand?post=73924"},{"taxonomy":"product_cat","embeddable":true,"href":"https:\/\/biljardi.fi\/en\/wp-json\/wp\/v2\/product_cat?post=73924"},{"taxonomy":"product_tag","embeddable":true,"href":"https:\/\/biljardi.fi\/en\/wp-json\/wp\/v2\/product_tag?post=73924"},{"taxonomy":"giftcard-category","embeddable":true,"href":"https:\/\/biljardi.fi\/en\/wp-json\/wp\/v2\/giftcard-category?post=73924"}],"curies":[{"name":"wp","href":"https:\/\/api.w.org\/{rel}","templated":true}]}}