{"id":73913,"date":"2020-09-08T18:15:26","date_gmt":"2020-09-08T18:15:26","guid":{"rendered":"https:\/\/biljardi.fi\/tuote\/s6-design-7-pool-table\/"},"modified":"2020-09-08T18:15:26","modified_gmt":"2020-09-08T15:15:26","slug":"s6-design-7-pool-table","status":"publish","type":"product","link":"https:\/\/biljardi.fi\/en\/product\/s6-design-7-pool-table\/","title":{"rendered":"S6 Design 7&#8242; Pool Table"},"content":{"rendered":"<p>Brand new S6 Design pool table.<\/p>\n<p>The new Bilijardai S-design table range continues with this stunning innovation!<\/p>\n<div class=\"text-wrap tlid-copy-target\">\n<div class=\"result-shield-container tlid-copy-target\" tabindex=\"0\"><span class=\"tlid-translation translation\" lang=\"fi\">The S6 pool table features a unique design with structural characteristics similar to the Decotech model. The S6&#8217;s shape and visual lightness make this table an exceptional billiard table. The S-design range is manufactured using 3D technology from the automotive industry, which allows testing and optimization of different colors and shapes. All 3D details are finished with highly durable automotive paint. The table has three elements whose colors can be individually customized:    <\/span><\/div>\n<div class=\"result-shield-container tlid-copy-target\" tabindex=\"0\"><span class=\"tlid-translation translation\" lang=\"fi\"><br \/>\n1. Rail top surfaces (all classic RAL colors)<br \/>\n2. Frame metal structures (all classic RAL colors)<br \/>\n3. Frame curved 3D parts (all RAL colors + almost all custom automotive colors)<\/span><\/div>\n<div class=\"result-shield-container tlid-copy-target\" tabindex=\"0\"><span class=\"tlid-translation translation\" lang=\"fi\"><br \/>\nThe versatile color palette provides an excellent opportunity to design a table that perfectly matches different interior colors.<br \/>\n<\/span><\/div>\n<div tabindex=\"0\"><\/div>\n<div class=\"result-shield-container tlid-copy-target\" tabindex=\"0\"><span class=\"tlid-translation translation\" lang=\"fi\">Solid rail rubbers ensure excellent playing feel. The rail top surface is made of extremely hard material (15 mm HPL), other wooden rail parts are birch. The table&#8217;s hidden frame structure is solid steel.  <\/span><\/div>\n<div class=\"result-shield-container tlid-copy-target\" tabindex=\"0\"><span class=\"tlid-translation translation\" lang=\"fi\"><br \/>\nThe playing surface is slate and the cloth is top-tier Simonis of course.<br \/>\n<\/span><\/div>\n<\/div>\n<p>The S-design range offers individuality like never seen before! Ask our sales staff for more information. <\/p>\n<p>Playing accessories package <span style=\"color: #0000ff;\"><a style=\"color: #0000ff;\" href=\"http:\/\/www.suomenbiljardimyynti.fi\/images\/Varustepaketit.htm\" target=\"_blank\" rel=\"noopener noreferrer\">contents<\/a>.<\/span><\/p>\n<p>Simonis 760\/860 cloth <span style=\"color: #0000ff;\"><a style=\"color: #0000ff;\" href=\"http:\/\/www.simoniscloth.com\/simonis-styles\" target=\"_blank\" rel=\"noopener noreferrer\">color options<\/a><\/span><strong>.<\/strong><\/p>\n","protected":false},"excerpt":{"rendered":"<p>Brand new S6 Design pool table. The new Bilijardai S-design table range continues with this stunning innovation! The S6 pool table features a unique design with structural characteristics similar to the Decotech model. The S6&#8217;s shape and visual lightness make this table an exceptional billiard table. The S-design range is manufactured using 3D technology from [&hellip;]<\/p>\n","protected":false},"featured_media":53094,"comment_status":"closed","ping_status":"closed","template":"","meta":[],"product_brand":[],"product_cat":[2011,2110,2013,2025,2012],"product_tag":[2165,2015,2016,2014,2052],"giftcard-category":[],"class_list":{"0":"post-73913","1":"product","2":"type-product","3":"status-publish","4":"has-post-thumbnail","6":"product_cat-billiards","7":"product_cat-diner-tables","8":"product_cat-pool-tables","9":"product_cat-pool-tables-2","10":"product_cat-slate-tables","11":"product_tag-2165","12":"product_tag-billiard-sales","13":"product_tag-billiard-table","14":"product_tag-billiards","15":"product_tag-billiards-2","16":"pa_koko-2024","17":"pa_vari-black","18":"pa_vari-brown","19":"pa_vari-gray","20":"pa_vari-green","21":"pa_vari-red","22":"pa_vari-white","23":"pa_vari-yellow","25":"first","26":"onbackorder","27":"taxable","28":"shipping-taxable","29":"purchasable","30":"product-type-simple"},"exclude_global_add_ons":false,"addons":[{"name":"Rail color","type":"custom_text","position":0,"required":false,"title_format":"heading","default":"","description_enable":true,"description":"Rail surface and top edge.","placeholder_enable":false,"placeholder":null,"display":"select","restrictions_type":"any_text","adjust_price":false,"price":"","price_type":"flat_fee","restrictions":false,"min":"0","max":"0","options":[]},{"name":"Frame metal structure color","type":"custom_text","position":1,"required":false,"title_format":"heading","default":"","description_enable":true,"description":"In the main image, the center part of the leg and possible ball return system.","placeholder_enable":false,"placeholder":null,"display":"select","restrictions_type":"any_text","adjust_price":false,"price":"","price_type":"quantity_based","restrictions":false,"min":"1","max":"10","options":[]},{"name":"3D parts color","type":"custom_text","position":2,"required":false,"title_format":"heading","default":"","description_enable":true,"description":"Parts curving downward from the ends of the table.","placeholder_enable":false,"placeholder":null,"display":"select","restrictions_type":"any_text","adjust_price":false,"price":"","price_type":"flat_fee","restrictions":false,"min":"0","max":"0","options":[]},{"name":"Rail rubber type","type":"multiple_choice","position":3,"required":false,"title_format":"heading","default":"","description_enable":false,"description":null,"placeholder_enable":false,"placeholder":null,"display":"select","restrictions_type":"any_text","adjust_price":false,"price":"","price_type":"flat_fee","restrictions":false,"min":"0","max":"0","options":[{"label":"Standard","price":"","price_type":"quantity_based","image":0,"visibility":true},{"label":"Artemis Pro","price":"199","price_type":"flat_fee","image":0,"visibility":true}]},{"name":"Ball return","type":"checkbox","position":4,"required":false,"title_format":"heading","default":"","description_enable":false,"description":null,"placeholder_enable":false,"placeholder":null,"display":"select","restrictions_type":"any_text","adjust_price":false,"price":"","price_type":"flat_fee","restrictions":false,"min":"0","max":"0","options":[{"label":"Ball return system","price":"999","price_type":"flat_fee","image":0,"visibility":true}]},{"name":"3D parts model","type":"multiple_choice","position":5,"required":false,"title_format":"heading","default":"","description_enable":true,"description":"Skirts curving down from the table ends toward the legs.","placeholder_enable":false,"placeholder":null,"display":"select","restrictions_type":"any_text","adjust_price":false,"price":"","price_type":"flat_fee","restrictions":false,"min":"0","max":"0","options":[{"label":"Solid","price":"","price_type":"flat_fee","image":0,"visibility":true},{"label":"Notched","price":"","price_type":"flat_fee","image":0,"visibility":true}]},{"name":"Cover top","type":"multiple_choice","position":6,"required":false,"title_format":"heading","default":"","description_enable":false,"description":null,"placeholder_enable":false,"placeholder":null,"display":"select","restrictions_type":"any_text","adjust_price":false,"price":"","price_type":"flat_fee","restrictions":false,"min":"0","max":"0","options":[{"label":"Painted wood cover (See attached RAL color chart)","price":"399","price_type":"flat_fee","image":0,"visibility":true},{"label":"Matte glass cover","price":"399","price_type":"flat_fee","image":0,"visibility":true},{"label":"Clear glass cover","price":"399","price_type":"flat_fee","image":0,"visibility":true}]},{"name":"Cover top color","type":"custom_text","position":7,"required":false,"title_format":"heading","default":"","description_enable":true,"description":"If you selected a wooden cover top, all RAL color chart colors are available.","placeholder_enable":false,"placeholder":null,"display":"select","restrictions_type":"any_text","adjust_price":false,"price":"","price_type":"flat_fee","restrictions":false,"min":"0","max":"0","options":[]}],"yoast_head":"<!-- This site is optimized with the Yoast SEO plugin v27.6 - https:\/\/yoast.com\/product\/yoast-seo-wordpress\/ -->\n<title>[wpseo_titles]title-Tuote<\/title>\n<meta name=\"description\" content=\"[wpseo_titles]metadesc-Tuote\" \/>\n<meta name=\"robots\" content=\"index, follow, max-snippet:-1, max-image-preview:large, max-video-preview:-1\" \/>\n<link rel=\"canonical\" href=\"https:\/\/biljardi.fi\/en\/product\/s6-design-7-pool-table\/\" \/>\n<meta property=\"og:locale\" content=\"en_US\" \/>\n<meta property=\"og:type\" content=\"article\" \/>\n<meta property=\"og:title\" content=\"[wpseo_titles]title-Tuote\" \/>\n<meta property=\"og:description\" content=\"[wpseo_titles]metadesc-Tuote\" \/>\n<meta property=\"og:url\" content=\"https:\/\/biljardi.fi\/en\/product\/s6-design-7-pool-table\/\" \/>\n<meta property=\"og:site_name\" content=\"Suomen Biljardimyynti Oy\" \/>\n<meta property=\"og:image\" content=\"https:\/\/biljardi.fi\/wp-content\/uploads\/2020\/09\/Billiard-table-S6-black-mat-2-scaled.jpg\" \/>\n\t<meta property=\"og:image:width\" content=\"2560\" \/>\n\t<meta property=\"og:image:height\" content=\"1387\" \/>\n\t<meta property=\"og:image:type\" content=\"image\/jpeg\" \/>\n<meta name=\"twitter:card\" content=\"summary_large_image\" \/>\n<meta name=\"twitter:label1\" content=\"Est. reading time\" \/>\n\t<meta name=\"twitter:data1\" content=\"1 minute\" \/>\n<script type=\"application\/ld+json\" class=\"yoast-schema-graph\">{\"@context\":\"https:\\\/\\\/schema.org\",\"@graph\":[{\"@type\":\"WebPage\",\"@id\":\"https:\\\/\\\/biljardi.fi\\\/en\\\/product\\\/s6-design-7-pool-table\\\/\",\"url\":\"https:\\\/\\\/biljardi.fi\\\/en\\\/product\\\/s6-design-7-pool-table\\\/\",\"name\":\"[wpseo_titles]title-Tuote\",\"isPartOf\":{\"@id\":\"https:\\\/\\\/biljardi.fi\\\/en\\\/#website\"},\"primaryImageOfPage\":{\"@id\":\"https:\\\/\\\/biljardi.fi\\\/en\\\/product\\\/s6-design-7-pool-table\\\/#primaryimage\"},\"image\":{\"@id\":\"https:\\\/\\\/biljardi.fi\\\/en\\\/product\\\/s6-design-7-pool-table\\\/#primaryimage\"},\"thumbnailUrl\":\"https:\\\/\\\/biljardi.fi\\\/wp-content\\\/uploads\\\/2020\\\/09\\\/Billiard-table-S6-black-mat-2-scaled.jpg\",\"datePublished\":\"2020-09-08T18:15:26+00:00\",\"description\":\"[wpseo_titles]metadesc-Tuote\",\"breadcrumb\":{\"@id\":\"https:\\\/\\\/biljardi.fi\\\/en\\\/product\\\/s6-design-7-pool-table\\\/#breadcrumb\"},\"inLanguage\":\"en-US\",\"potentialAction\":[{\"@type\":\"ReadAction\",\"target\":[\"https:\\\/\\\/biljardi.fi\\\/en\\\/product\\\/s6-design-7-pool-table\\\/\"]}]},{\"@type\":\"ImageObject\",\"inLanguage\":\"en-US\",\"@id\":\"https:\\\/\\\/biljardi.fi\\\/en\\\/product\\\/s6-design-7-pool-table\\\/#primaryimage\",\"url\":\"https:\\\/\\\/biljardi.fi\\\/wp-content\\\/uploads\\\/2020\\\/09\\\/Billiard-table-S6-black-mat-2-scaled.jpg\",\"contentUrl\":\"https:\\\/\\\/biljardi.fi\\\/wp-content\\\/uploads\\\/2020\\\/09\\\/Billiard-table-S6-black-mat-2-scaled.jpg\",\"width\":2560,\"height\":1387},{\"@type\":\"BreadcrumbList\",\"@id\":\"https:\\\/\\\/biljardi.fi\\\/en\\\/product\\\/s6-design-7-pool-table\\\/#breadcrumb\",\"itemListElement\":[{\"@type\":\"ListItem\",\"position\":1,\"name\":\"Etusivu\",\"item\":\"https:\\\/\\\/biljardi.fi\\\/en\\\/home\\\/\"},{\"@type\":\"ListItem\",\"position\":2,\"name\":\"Shop\",\"item\":\"https:\\\/\\\/biljardi.fi\\\/en\\\/shop\\\/\"},{\"@type\":\"ListItem\",\"position\":3,\"name\":\"S6 Design 7&#8242; Pool Table\"}]},{\"@type\":\"WebSite\",\"@id\":\"https:\\\/\\\/biljardi.fi\\\/en\\\/#website\",\"url\":\"https:\\\/\\\/biljardi.fi\\\/en\\\/\",\"name\":\"Suomen Biljardimyynti Oy\",\"description\":\"Biljardip\u00f6yd\u00e4t, Biljardi, Darts, Ilmakiekko, P\u00f6yt\u00e4jalkapallo\",\"publisher\":{\"@id\":\"https:\\\/\\\/biljardi.fi\\\/en\\\/#organization\"},\"potentialAction\":[{\"@type\":\"SearchAction\",\"target\":{\"@type\":\"EntryPoint\",\"urlTemplate\":\"https:\\\/\\\/biljardi.fi\\\/en\\\/?s={search_term_string}\"},\"query-input\":{\"@type\":\"PropertyValueSpecification\",\"valueRequired\":true,\"valueName\":\"search_term_string\"}}],\"inLanguage\":\"en-US\"},{\"@type\":\"Organization\",\"@id\":\"https:\\\/\\\/biljardi.fi\\\/en\\\/#organization\",\"name\":\"Suomen Biljardimyynti Oy\",\"url\":\"https:\\\/\\\/biljardi.fi\\\/en\\\/\",\"logo\":{\"@type\":\"ImageObject\",\"inLanguage\":\"en-US\",\"@id\":\"https:\\\/\\\/biljardi.fi\\\/en\\\/#\\\/schema\\\/logo\\\/image\\\/\",\"url\":\"https:\\\/\\\/biljardi.fi\\\/wp-content\\\/uploads\\\/2025\\\/10\\\/logo_uus-1.png\",\"contentUrl\":\"https:\\\/\\\/biljardi.fi\\\/wp-content\\\/uploads\\\/2025\\\/10\\\/logo_uus-1.png\",\"width\":360,\"height\":94,\"caption\":\"Suomen Biljardimyynti Oy\"},\"image\":{\"@id\":\"https:\\\/\\\/biljardi.fi\\\/en\\\/#\\\/schema\\\/logo\\\/image\\\/\"}}]}<\/script>\n<!-- \/ Yoast SEO plugin. -->","yoast_head_json":{"title":"[wpseo_titles]title-Tuote","description":"[wpseo_titles]metadesc-Tuote","robots":{"index":"index","follow":"follow","max-snippet":"max-snippet:-1","max-image-preview":"max-image-preview:large","max-video-preview":"max-video-preview:-1"},"canonical":"https:\/\/biljardi.fi\/en\/product\/s6-design-7-pool-table\/","og_locale":"en_US","og_type":"article","og_title":"[wpseo_titles]title-Tuote","og_description":"[wpseo_titles]metadesc-Tuote","og_url":"https:\/\/biljardi.fi\/en\/product\/s6-design-7-pool-table\/","og_site_name":"Suomen Biljardimyynti Oy","og_image":[{"width":2560,"height":1387,"url":"https:\/\/biljardi.fi\/wp-content\/uploads\/2020\/09\/Billiard-table-S6-black-mat-2-scaled.jpg","type":"image\/jpeg"}],"twitter_card":"summary_large_image","twitter_misc":{"Est. reading time":"1 minute"},"schema":{"@context":"https:\/\/schema.org","@graph":[{"@type":"WebPage","@id":"https:\/\/biljardi.fi\/en\/product\/s6-design-7-pool-table\/","url":"https:\/\/biljardi.fi\/en\/product\/s6-design-7-pool-table\/","name":"[wpseo_titles]title-Tuote","isPartOf":{"@id":"https:\/\/biljardi.fi\/en\/#website"},"primaryImageOfPage":{"@id":"https:\/\/biljardi.fi\/en\/product\/s6-design-7-pool-table\/#primaryimage"},"image":{"@id":"https:\/\/biljardi.fi\/en\/product\/s6-design-7-pool-table\/#primaryimage"},"thumbnailUrl":"https:\/\/biljardi.fi\/wp-content\/uploads\/2020\/09\/Billiard-table-S6-black-mat-2-scaled.jpg","datePublished":"2020-09-08T18:15:26+00:00","description":"[wpseo_titles]metadesc-Tuote","breadcrumb":{"@id":"https:\/\/biljardi.fi\/en\/product\/s6-design-7-pool-table\/#breadcrumb"},"inLanguage":"en-US","potentialAction":[{"@type":"ReadAction","target":["https:\/\/biljardi.fi\/en\/product\/s6-design-7-pool-table\/"]}]},{"@type":"ImageObject","inLanguage":"en-US","@id":"https:\/\/biljardi.fi\/en\/product\/s6-design-7-pool-table\/#primaryimage","url":"https:\/\/biljardi.fi\/wp-content\/uploads\/2020\/09\/Billiard-table-S6-black-mat-2-scaled.jpg","contentUrl":"https:\/\/biljardi.fi\/wp-content\/uploads\/2020\/09\/Billiard-table-S6-black-mat-2-scaled.jpg","width":2560,"height":1387},{"@type":"BreadcrumbList","@id":"https:\/\/biljardi.fi\/en\/product\/s6-design-7-pool-table\/#breadcrumb","itemListElement":[{"@type":"ListItem","position":1,"name":"Etusivu","item":"https:\/\/biljardi.fi\/en\/home\/"},{"@type":"ListItem","position":2,"name":"Shop","item":"https:\/\/biljardi.fi\/en\/shop\/"},{"@type":"ListItem","position":3,"name":"S6 Design 7&#8242; Pool Table"}]},{"@type":"WebSite","@id":"https:\/\/biljardi.fi\/en\/#website","url":"https:\/\/biljardi.fi\/en\/","name":"Suomen Biljardimyynti Oy","description":"Biljardip\u00f6yd\u00e4t, Biljardi, Darts, Ilmakiekko, P\u00f6yt\u00e4jalkapallo","publisher":{"@id":"https:\/\/biljardi.fi\/en\/#organization"},"potentialAction":[{"@type":"SearchAction","target":{"@type":"EntryPoint","urlTemplate":"https:\/\/biljardi.fi\/en\/?s={search_term_string}"},"query-input":{"@type":"PropertyValueSpecification","valueRequired":true,"valueName":"search_term_string"}}],"inLanguage":"en-US"},{"@type":"Organization","@id":"https:\/\/biljardi.fi\/en\/#organization","name":"Suomen Biljardimyynti Oy","url":"https:\/\/biljardi.fi\/en\/","logo":{"@type":"ImageObject","inLanguage":"en-US","@id":"https:\/\/biljardi.fi\/en\/#\/schema\/logo\/image\/","url":"https:\/\/biljardi.fi\/wp-content\/uploads\/2025\/10\/logo_uus-1.png","contentUrl":"https:\/\/biljardi.fi\/wp-content\/uploads\/2025\/10\/logo_uus-1.png","width":360,"height":94,"caption":"Suomen Biljardimyynti Oy"},"image":{"@id":"https:\/\/biljardi.fi\/en\/#\/schema\/logo\/image\/"}}]}},"_links":{"self":[{"href":"https:\/\/biljardi.fi\/en\/wp-json\/wp\/v2\/product\/73913","targetHints":{"allow":["GET"]}}],"collection":[{"href":"https:\/\/biljardi.fi\/en\/wp-json\/wp\/v2\/product"}],"about":[{"href":"https:\/\/biljardi.fi\/en\/wp-json\/wp\/v2\/types\/product"}],"replies":[{"embeddable":true,"href":"https:\/\/biljardi.fi\/en\/wp-json\/wp\/v2\/comments?post=73913"}],"wp:featuredmedia":[{"embeddable":true,"href":"https:\/\/biljardi.fi\/en\/wp-json\/wp\/v2\/media\/53094"}],"wp:attachment":[{"href":"https:\/\/biljardi.fi\/en\/wp-json\/wp\/v2\/media?parent=73913"}],"wp:term":[{"taxonomy":"product_brand","embeddable":true,"href":"https:\/\/biljardi.fi\/en\/wp-json\/wp\/v2\/product_brand?post=73913"},{"taxonomy":"product_cat","embeddable":true,"href":"https:\/\/biljardi.fi\/en\/wp-json\/wp\/v2\/product_cat?post=73913"},{"taxonomy":"product_tag","embeddable":true,"href":"https:\/\/biljardi.fi\/en\/wp-json\/wp\/v2\/product_tag?post=73913"},{"taxonomy":"giftcard-category","embeddable":true,"href":"https:\/\/biljardi.fi\/en\/wp-json\/wp\/v2\/giftcard-category?post=73913"}],"curies":[{"name":"wp","href":"https:\/\/api.w.org\/{rel}","templated":true}]}}