{"id":73886,"date":"2019-04-14T19:50:30","date_gmt":"2019-04-14T19:50:30","guid":{"rendered":"https:\/\/biljardi.fi\/tuote\/ultra-diner-steel-7-8-pool-table\/"},"modified":"2019-04-14T19:50:30","modified_gmt":"2019-04-14T16:50:30","slug":"ultra-diner-steel-7-8-pool-table","status":"publish","type":"product","link":"https:\/\/biljardi.fi\/en\/product\/ultra-diner-steel-7-8-pool-table\/","title":{"rendered":"Ultra Diner Steel 7&#8242;, 8&#8242; Pool Table"},"content":{"rendered":"<p>Ultra Diner Steel 7&#8242;, 8&#8242; pool table.<\/p>\n<p>Ultra Diner Steel is a pool table unlike anything seen before in the billiards world. Ultra is made of steel, making its frame incredibly thin yet sturdy. The appearance is stunningly sleek. The frame thickness without the top is only 7 cm! Additionally, the extremely thin dining top only adds to the table&#8217;s elegance. Even with the top, the table thickness is only 8 cm. Pronto Ultra is the world&#8217;s thinnest pool table.      <\/p>\n<p>Ultra Diner Steel has legs made of the same thick steel as the frame. On the Ultra, the legs are positioned right in the corners, leaving maximum space underneath for seating. A display table is available to view in our store. Welcome to check it out!   <\/p>\n<p>And NOTE: The table is manufactured in Europe.<\/p>\n<p>You can design your desired Pronto Ultra Diner Steel table <span style=\"color: #0000ff;\"><a style=\"color: #0000ff;\" href=\"https:\/\/bilijardai.lt\/constructors\/ultra\/\" target=\"_blank\" rel=\"noopener noreferrer\">here<\/a>.<\/span><\/p>\n<p>Game accessory packages <span style=\"color: #0000ff;\"><a style=\"color: #0000ff;\" href=\"http:\/\/www.suomenbiljardimyynti.fi\/images\/Varustepaketit.htm\" target=\"_blank\" rel=\"noopener noreferrer\">contents<\/a>.<\/span><\/p>\n<p>Simonis 760\/860 cloth <span style=\"color: #0000ff;\"><a style=\"color: #0000ff;\" href=\"http:\/\/www.simoniscloth.com\/simonis-styles\" target=\"_blank\" rel=\"noopener noreferrer\">color options<\/a><strong>.<\/strong><\/span><\/p>\n<p>Ultra table <span style=\"color: #0000ff;\"><a style=\"color: #0000ff;\" href=\"https:\/\/biljardi.fi\/wp-content\/uploads\/2017\/04\/Billard-Dining-tables-catalog-2016.pdf\" target=\"_blank\" rel=\"noopener noreferrer\">brochure.<\/a><\/span><\/p>\n<p><strong>Display table available to view and test in our store.<\/strong><\/p>\n<div style=\"width: 800px;\" class=\"wp-video\"><video class=\"wp-video-shortcode\" id=\"video-73886-1\" width=\"800\" height=\"450\" preload=\"metadata\" controls=\"controls\"><source type=\"video\/mp4\" src=\"https:\/\/biljardi.fi\/wp-content\/uploads\/2017\/04\/Billiard-dining-table-Pronto-Ultra-Blend-MM-6.mp4?_=1\" \/><a href=\"https:\/\/biljardi.fi\/wp-content\/uploads\/2017\/04\/Billiard-dining-table-Pronto-Ultra-Blend-MM-6.mp4\">https:\/\/biljardi.fi\/wp-content\/uploads\/2017\/04\/Billiard-dining-table-Pronto-Ultra-Blend-MM-6.mp4<\/a><\/video><\/div>\n","protected":false},"excerpt":{"rendered":"<p>Ultra Diner Steel 7&#8242;, 8&#8242; pool table. Ultra Diner Steel is a pool table unlike anything seen before in the billiards world. Ultra is made of steel, making its frame incredibly thin yet sturdy. The appearance is stunningly sleek. The frame thickness without the top is only 7 cm! Additionally, the extremely thin dining top [&hellip;]<\/p>\n","protected":false},"featured_media":47330,"comment_status":"open","ping_status":"closed","template":"","meta":[],"product_brand":[],"product_cat":[2011,2110,2013,2025,2012],"product_tag":[2015,2016,2014,2052,2131],"giftcard-category":[],"class_list":{"0":"post-73886","1":"product","2":"type-product","3":"status-publish","4":"has-post-thumbnail","6":"product_cat-billiards","7":"product_cat-diner-tables","8":"product_cat-pool-tables","9":"product_cat-pool-tables-2","10":"product_cat-slate-tables","11":"product_tag-billiard-sales","12":"product_tag-billiard-table","13":"product_tag-billiards","14":"product_tag-billiards-2","15":"product_tag-dining-pool-table","16":"pa_koko-2024","17":"pa_koko-2001","18":"pa_vari-black","19":"pa_vari-brown","20":"pa_vari-gray","21":"pa_vari-green","22":"pa_vari-red","23":"pa_vari-white","24":"pa_vari-yellow","26":"first","27":"onbackorder","28":"taxable","29":"shipping-taxable","30":"purchasable","31":"product-type-simple"},"exclude_global_add_ons":false,"addons":{"0":{"name":"Table size","type":"multiple_choice","position":0,"required":false,"title_format":"heading","default":"","description_enable":false,"description":null,"placeholder_enable":false,"placeholder":null,"display":"select","restrictions_type":"any_text","adjust_price":false,"price":"","price_type":"flat_fee","restrictions":false,"min":"0","max":"0","options":[{"label":"7'","price":"","price_type":"quantity_based","image":0,"visibility":true},{"label":"8'","price":"1000","price_type":"quantity_based","image":0,"visibility":true}]},"1":{"name":"Frame color","type":"heading","position":1,"required":false,"title_format":"label","default":"","description_enable":true,"description":"Available in all RAL color chart colors","placeholder_enable":false,"placeholder":null,"display":"select","restrictions_type":"any_text","adjust_price":false,"price":"","price_type":"flat_fee","restrictions":false,"min":"0","max":"0","options":[]},"2":{"name":"Frame color","type":"custom_textarea","position":2,"required":true,"title_format":"hide","default":"","description_enable":false,"description":null,"placeholder_enable":false,"placeholder":null,"display":"select","restrictions_type":"any_text","adjust_price":false,"price":"","price_type":"quantity_based","restrictions":true,"min":"1","max":"10","options":[]},"3":{"name":"Frame special colors","type":"multiple_choice","position":3,"required":false,"title_format":"heading","default":"","description_enable":true,"description":"Special colors available only for metal parts","placeholder_enable":false,"placeholder":null,"display":"select","restrictions_type":"any_text","adjust_price":false,"price":"","price_type":"flat_fee","restrictions":false,"min":"0","max":"0","options":[{"label":"Matte finish steel","price":"399","price_type":"flat_fee","image":0,"visibility":true},{"label":"Bright steel","price":"399","price_type":"flat_fee","image":0,"visibility":true},{"label":"Gold colored","price":"399","price_type":"flat_fee","image":0,"visibility":true}]},"4":{"name":"Wood parts color","type":"heading","position":4,"required":false,"title_format":"label","default":"","description_enable":true,"description":"For wooden dining top and top of rail. Available in RAL as well as A and E colors. ","placeholder_enable":false,"placeholder":null,"display":"select","restrictions_type":"any_text","adjust_price":false,"price":"","price_type":"flat_fee","restrictions":false,"min":"0","max":"0","options":[]},"5":{"name":"Wood parts lacquer","type":"multiple_choice","position":5,"required":false,"title_format":"heading","default":"","description_enable":false,"description":null,"placeholder_enable":false,"placeholder":null,"display":"select","restrictions_type":"any_text","adjust_price":false,"price":"","price_type":"flat_fee","restrictions":false,"min":"0","max":"0","options":[{"label":"Matte","price":"","price_type":"quantity_based","image":0,"visibility":true},{"label":"Semi-matte","price":"","price_type":"quantity_based","image":0,"visibility":true},{"label":"Glossy","price":"","price_type":"quantity_based","image":0,"visibility":true},{"label":"Ultra glossy","price":"299","price_type":"quantity_based","image":0,"visibility":true},{"label":"Ultra matte","price":"299","price_type":"quantity_based","image":0,"visibility":true}]},"6":{"name":"Dining top","type":"multiple_choice","position":6,"required":false,"title_format":"heading","default":"","description_enable":false,"description":null,"placeholder_enable":false,"placeholder":null,"display":"select","restrictions_type":"any_text","adjust_price":false,"price":"","price_type":"flat_fee","restrictions":false,"min":"0","max":"0","options":[{"label":"Wood top, veneered (Select color from the color chart provided)","price":"","price_type":"quantity_based","image":0,"visibility":true},{"label":"Clear glass top","price":"","price_type":"quantity_based","image":0,"visibility":true},{"label":"Frosted glass top","price":"","price_type":"flat_fee","image":0,"visibility":true},{"label":"Colored glass top (underside of top laminated with desired color)","price":"","price_type":"quantity_based","image":0,"visibility":true},{"label":"Red-black wave pattern glass top","price":"100","price_type":"quantity_based","image":0,"visibility":true},{"label":"Black-gray wave pattern glass top","price":"100","price_type":"quantity_based","image":0,"visibility":true},{"label":"Black-white wave pattern glass top","price":"100","price_type":"quantity_based","image":0,"visibility":true},{"label":"Frosted glass top, squares","price":"100","price_type":"flat_fee","image":0,"visibility":true},{"label":"Frosted glass top, frames","price":"100","price_type":"flat_fee","image":0,"visibility":true},{"label":"Glass top with chess board","price":"200","price_type":"flat_fee","image":0,"visibility":true},{"label":"Poker top","price":"250","price_type":"flat_fee","image":0,"visibility":true},{"label":"Table tennis top","price":"","price_type":"flat_fee","image":0,"visibility":true}]},"7":{"name":"Painted glass top RAL color","type":"custom_text","position":7,"required":false,"title_format":"heading","default":"","description_enable":true,"description":"Select from the RAL color chart provided","placeholder_enable":false,"placeholder":null,"display":"select","restrictions_type":"any_text","adjust_price":false,"price":"","price_type":"flat_fee","restrictions":true,"min":"0","max":"10","options":[]},"8":{"name":"Poker top fabric color","type":"multiple_choice","position":8,"required":false,"title_format":"heading","default":"","description_enable":false,"description":null,"placeholder_enable":false,"placeholder":null,"display":"select","restrictions_type":"any_text","adjust_price":false,"price":"","price_type":"flat_fee","restrictions":false,"min":"0","max":"0","options":[{"label":"Red","price":"","price_type":"flat_fee","image":0,"visibility":true},{"label":"Green","price":"","price_type":"flat_fee","image":0,"visibility":true}]},"11":{"name":"Cushion rubber type","type":"multiple_choice","position":9,"required":false,"title_format":"heading","default":"","description_enable":false,"description":null,"placeholder_enable":false,"placeholder":null,"display":"select","restrictions_type":"any_text","adjust_price":false,"price":"","price_type":"flat_fee","restrictions":false,"min":"0","max":"0","options":[{"label":"Standard cushion rubber","price":"","price_type":"flat_fee","image":0,"visibility":true},{"label":"Artemis Pro Super Fast","price":"199","price_type":"flat_fee","image":0,"visibility":true}]},"9":{"name":"Easy-Lift system","type":"checkbox","position":10,"required":false,"title_format":"heading","default":"","description_enable":true,"description":"Easy-Lift means a feature that allows you to adjust the table height with one movement.","placeholder_enable":false,"placeholder":null,"display":"select","restrictions_type":"any_text","adjust_price":false,"price":"","price_type":"flat_fee","restrictions":false,"min":"0","max":"0","options":[{"label":"Easy Lift","price":"999","price_type":"quantity_based","image":0,"visibility":true}]},"10":{"name":"Ball return","type":"checkbox","position":11,"required":false,"title_format":"heading","default":"","description_enable":false,"description":null,"placeholder_enable":false,"placeholder":null,"display":"select","restrictions_type":"any_text","adjust_price":false,"price":"","price_type":"flat_fee","restrictions":false,"min":"0","max":"0","options":[{"label":"Ball return system","price":"399","price_type":"flat_fee","image":0,"visibility":true}]}},"yoast_head":"<!-- This site is optimized with the Yoast SEO plugin v27.6 - https:\/\/yoast.com\/product\/yoast-seo-wordpress\/ -->\n<title>[wpseo_titles]title-Tuote<\/title>\n<meta name=\"description\" content=\"[wpseo_titles]metadesc-Tuote\" \/>\n<meta name=\"robots\" content=\"index, follow, max-snippet:-1, max-image-preview:large, max-video-preview:-1\" \/>\n<link rel=\"canonical\" href=\"https:\/\/biljardi.fi\/en\/product\/ultra-diner-steel-7-8-pool-table\/\" \/>\n<meta property=\"og:locale\" content=\"en_US\" \/>\n<meta property=\"og:type\" content=\"article\" \/>\n<meta property=\"og:title\" content=\"[wpseo_titles]title-Tuote\" \/>\n<meta property=\"og:description\" content=\"[wpseo_titles]metadesc-Tuote\" \/>\n<meta property=\"og:url\" content=\"https:\/\/biljardi.fi\/en\/product\/ultra-diner-steel-7-8-pool-table\/\" \/>\n<meta property=\"og:site_name\" content=\"Suomen Biljardimyynti Oy\" \/>\n<meta property=\"og:image\" content=\"https:\/\/biljardi.fi\/wp-content\/uploads\/2017\/04\/Billiard-table-Pronto-ULTRA-Balt_34364084-internet.jpg\" \/>\n\t<meta property=\"og:image:width\" content=\"924\" \/>\n\t<meta property=\"og:image:height\" content=\"593\" \/>\n\t<meta property=\"og:image:type\" content=\"image\/jpeg\" \/>\n<meta name=\"twitter:card\" content=\"summary_large_image\" \/>\n<meta name=\"twitter:label1\" content=\"Est. reading time\" \/>\n\t<meta name=\"twitter:data1\" content=\"1 minute\" \/>\n<script type=\"application\/ld+json\" class=\"yoast-schema-graph\">{\"@context\":\"https:\\\/\\\/schema.org\",\"@graph\":[{\"@type\":\"WebPage\",\"@id\":\"https:\\\/\\\/biljardi.fi\\\/en\\\/product\\\/ultra-diner-steel-7-8-pool-table\\\/\",\"url\":\"https:\\\/\\\/biljardi.fi\\\/en\\\/product\\\/ultra-diner-steel-7-8-pool-table\\\/\",\"name\":\"[wpseo_titles]title-Tuote\",\"isPartOf\":{\"@id\":\"https:\\\/\\\/biljardi.fi\\\/en\\\/#website\"},\"primaryImageOfPage\":{\"@id\":\"https:\\\/\\\/biljardi.fi\\\/en\\\/product\\\/ultra-diner-steel-7-8-pool-table\\\/#primaryimage\"},\"image\":{\"@id\":\"https:\\\/\\\/biljardi.fi\\\/en\\\/product\\\/ultra-diner-steel-7-8-pool-table\\\/#primaryimage\"},\"thumbnailUrl\":\"https:\\\/\\\/biljardi.fi\\\/wp-content\\\/uploads\\\/2017\\\/04\\\/Billiard-table-Pronto-ULTRA-Balt_34364084-internet.jpg\",\"datePublished\":\"2019-04-14T19:50:30+00:00\",\"description\":\"[wpseo_titles]metadesc-Tuote\",\"breadcrumb\":{\"@id\":\"https:\\\/\\\/biljardi.fi\\\/en\\\/product\\\/ultra-diner-steel-7-8-pool-table\\\/#breadcrumb\"},\"inLanguage\":\"en-US\",\"potentialAction\":[{\"@type\":\"ReadAction\",\"target\":[\"https:\\\/\\\/biljardi.fi\\\/en\\\/product\\\/ultra-diner-steel-7-8-pool-table\\\/\"]}]},{\"@type\":\"ImageObject\",\"inLanguage\":\"en-US\",\"@id\":\"https:\\\/\\\/biljardi.fi\\\/en\\\/product\\\/ultra-diner-steel-7-8-pool-table\\\/#primaryimage\",\"url\":\"https:\\\/\\\/biljardi.fi\\\/wp-content\\\/uploads\\\/2017\\\/04\\\/Billiard-table-Pronto-ULTRA-Balt_34364084-internet.jpg\",\"contentUrl\":\"https:\\\/\\\/biljardi.fi\\\/wp-content\\\/uploads\\\/2017\\\/04\\\/Billiard-table-Pronto-ULTRA-Balt_34364084-internet.jpg\",\"width\":924,\"height\":593},{\"@type\":\"BreadcrumbList\",\"@id\":\"https:\\\/\\\/biljardi.fi\\\/en\\\/product\\\/ultra-diner-steel-7-8-pool-table\\\/#breadcrumb\",\"itemListElement\":[{\"@type\":\"ListItem\",\"position\":1,\"name\":\"Etusivu\",\"item\":\"https:\\\/\\\/biljardi.fi\\\/en\\\/home\\\/\"},{\"@type\":\"ListItem\",\"position\":2,\"name\":\"Shop\",\"item\":\"https:\\\/\\\/biljardi.fi\\\/en\\\/shop\\\/\"},{\"@type\":\"ListItem\",\"position\":3,\"name\":\"Ultra Diner Steel 7&#8242;, 8&#8242; Pool Table\"}]},{\"@type\":\"WebSite\",\"@id\":\"https:\\\/\\\/biljardi.fi\\\/en\\\/#website\",\"url\":\"https:\\\/\\\/biljardi.fi\\\/en\\\/\",\"name\":\"Suomen Biljardimyynti Oy\",\"description\":\"Biljardip\u00f6yd\u00e4t, Biljardi, Darts, Ilmakiekko, P\u00f6yt\u00e4jalkapallo\",\"publisher\":{\"@id\":\"https:\\\/\\\/biljardi.fi\\\/en\\\/#organization\"},\"potentialAction\":[{\"@type\":\"SearchAction\",\"target\":{\"@type\":\"EntryPoint\",\"urlTemplate\":\"https:\\\/\\\/biljardi.fi\\\/en\\\/?s={search_term_string}\"},\"query-input\":{\"@type\":\"PropertyValueSpecification\",\"valueRequired\":true,\"valueName\":\"search_term_string\"}}],\"inLanguage\":\"en-US\"},{\"@type\":\"Organization\",\"@id\":\"https:\\\/\\\/biljardi.fi\\\/en\\\/#organization\",\"name\":\"Suomen Biljardimyynti Oy\",\"url\":\"https:\\\/\\\/biljardi.fi\\\/en\\\/\",\"logo\":{\"@type\":\"ImageObject\",\"inLanguage\":\"en-US\",\"@id\":\"https:\\\/\\\/biljardi.fi\\\/en\\\/#\\\/schema\\\/logo\\\/image\\\/\",\"url\":\"https:\\\/\\\/biljardi.fi\\\/wp-content\\\/uploads\\\/2025\\\/10\\\/logo_uus-1.png\",\"contentUrl\":\"https:\\\/\\\/biljardi.fi\\\/wp-content\\\/uploads\\\/2025\\\/10\\\/logo_uus-1.png\",\"width\":360,\"height\":94,\"caption\":\"Suomen Biljardimyynti Oy\"},\"image\":{\"@id\":\"https:\\\/\\\/biljardi.fi\\\/en\\\/#\\\/schema\\\/logo\\\/image\\\/\"}}]}<\/script>\n<!-- \/ Yoast SEO plugin. -->","yoast_head_json":{"title":"[wpseo_titles]title-Tuote","description":"[wpseo_titles]metadesc-Tuote","robots":{"index":"index","follow":"follow","max-snippet":"max-snippet:-1","max-image-preview":"max-image-preview:large","max-video-preview":"max-video-preview:-1"},"canonical":"https:\/\/biljardi.fi\/en\/product\/ultra-diner-steel-7-8-pool-table\/","og_locale":"en_US","og_type":"article","og_title":"[wpseo_titles]title-Tuote","og_description":"[wpseo_titles]metadesc-Tuote","og_url":"https:\/\/biljardi.fi\/en\/product\/ultra-diner-steel-7-8-pool-table\/","og_site_name":"Suomen Biljardimyynti Oy","og_image":[{"width":924,"height":593,"url":"https:\/\/biljardi.fi\/wp-content\/uploads\/2017\/04\/Billiard-table-Pronto-ULTRA-Balt_34364084-internet.jpg","type":"image\/jpeg"}],"twitter_card":"summary_large_image","twitter_misc":{"Est. reading time":"1 minute"},"schema":{"@context":"https:\/\/schema.org","@graph":[{"@type":"WebPage","@id":"https:\/\/biljardi.fi\/en\/product\/ultra-diner-steel-7-8-pool-table\/","url":"https:\/\/biljardi.fi\/en\/product\/ultra-diner-steel-7-8-pool-table\/","name":"[wpseo_titles]title-Tuote","isPartOf":{"@id":"https:\/\/biljardi.fi\/en\/#website"},"primaryImageOfPage":{"@id":"https:\/\/biljardi.fi\/en\/product\/ultra-diner-steel-7-8-pool-table\/#primaryimage"},"image":{"@id":"https:\/\/biljardi.fi\/en\/product\/ultra-diner-steel-7-8-pool-table\/#primaryimage"},"thumbnailUrl":"https:\/\/biljardi.fi\/wp-content\/uploads\/2017\/04\/Billiard-table-Pronto-ULTRA-Balt_34364084-internet.jpg","datePublished":"2019-04-14T19:50:30+00:00","description":"[wpseo_titles]metadesc-Tuote","breadcrumb":{"@id":"https:\/\/biljardi.fi\/en\/product\/ultra-diner-steel-7-8-pool-table\/#breadcrumb"},"inLanguage":"en-US","potentialAction":[{"@type":"ReadAction","target":["https:\/\/biljardi.fi\/en\/product\/ultra-diner-steel-7-8-pool-table\/"]}]},{"@type":"ImageObject","inLanguage":"en-US","@id":"https:\/\/biljardi.fi\/en\/product\/ultra-diner-steel-7-8-pool-table\/#primaryimage","url":"https:\/\/biljardi.fi\/wp-content\/uploads\/2017\/04\/Billiard-table-Pronto-ULTRA-Balt_34364084-internet.jpg","contentUrl":"https:\/\/biljardi.fi\/wp-content\/uploads\/2017\/04\/Billiard-table-Pronto-ULTRA-Balt_34364084-internet.jpg","width":924,"height":593},{"@type":"BreadcrumbList","@id":"https:\/\/biljardi.fi\/en\/product\/ultra-diner-steel-7-8-pool-table\/#breadcrumb","itemListElement":[{"@type":"ListItem","position":1,"name":"Etusivu","item":"https:\/\/biljardi.fi\/en\/home\/"},{"@type":"ListItem","position":2,"name":"Shop","item":"https:\/\/biljardi.fi\/en\/shop\/"},{"@type":"ListItem","position":3,"name":"Ultra Diner Steel 7&#8242;, 8&#8242; Pool Table"}]},{"@type":"WebSite","@id":"https:\/\/biljardi.fi\/en\/#website","url":"https:\/\/biljardi.fi\/en\/","name":"Suomen Biljardimyynti Oy","description":"Biljardip\u00f6yd\u00e4t, Biljardi, Darts, Ilmakiekko, P\u00f6yt\u00e4jalkapallo","publisher":{"@id":"https:\/\/biljardi.fi\/en\/#organization"},"potentialAction":[{"@type":"SearchAction","target":{"@type":"EntryPoint","urlTemplate":"https:\/\/biljardi.fi\/en\/?s={search_term_string}"},"query-input":{"@type":"PropertyValueSpecification","valueRequired":true,"valueName":"search_term_string"}}],"inLanguage":"en-US"},{"@type":"Organization","@id":"https:\/\/biljardi.fi\/en\/#organization","name":"Suomen Biljardimyynti Oy","url":"https:\/\/biljardi.fi\/en\/","logo":{"@type":"ImageObject","inLanguage":"en-US","@id":"https:\/\/biljardi.fi\/en\/#\/schema\/logo\/image\/","url":"https:\/\/biljardi.fi\/wp-content\/uploads\/2025\/10\/logo_uus-1.png","contentUrl":"https:\/\/biljardi.fi\/wp-content\/uploads\/2025\/10\/logo_uus-1.png","width":360,"height":94,"caption":"Suomen Biljardimyynti Oy"},"image":{"@id":"https:\/\/biljardi.fi\/en\/#\/schema\/logo\/image\/"}}]}},"_links":{"self":[{"href":"https:\/\/biljardi.fi\/en\/wp-json\/wp\/v2\/product\/73886","targetHints":{"allow":["GET"]}}],"collection":[{"href":"https:\/\/biljardi.fi\/en\/wp-json\/wp\/v2\/product"}],"about":[{"href":"https:\/\/biljardi.fi\/en\/wp-json\/wp\/v2\/types\/product"}],"replies":[{"embeddable":true,"href":"https:\/\/biljardi.fi\/en\/wp-json\/wp\/v2\/comments?post=73886"}],"wp:featuredmedia":[{"embeddable":true,"href":"https:\/\/biljardi.fi\/en\/wp-json\/wp\/v2\/media\/47330"}],"wp:attachment":[{"href":"https:\/\/biljardi.fi\/en\/wp-json\/wp\/v2\/media?parent=73886"}],"wp:term":[{"taxonomy":"product_brand","embeddable":true,"href":"https:\/\/biljardi.fi\/en\/wp-json\/wp\/v2\/product_brand?post=73886"},{"taxonomy":"product_cat","embeddable":true,"href":"https:\/\/biljardi.fi\/en\/wp-json\/wp\/v2\/product_cat?post=73886"},{"taxonomy":"product_tag","embeddable":true,"href":"https:\/\/biljardi.fi\/en\/wp-json\/wp\/v2\/product_tag?post=73886"},{"taxonomy":"giftcard-category","embeddable":true,"href":"https:\/\/biljardi.fi\/en\/wp-json\/wp\/v2\/giftcard-category?post=73886"}],"curies":[{"name":"wp","href":"https:\/\/api.w.org\/{rel}","templated":true}]}}