{"id":73764,"date":"2021-09-15T00:13:24","date_gmt":"2021-09-14T21:13:24","guid":{"rendered":"https:\/\/biljardi.fi\/tuote\/olhausen-westend-shuffleboard-9-12-14\/"},"modified":"2021-09-15T00:13:24","modified_gmt":"2021-09-14T21:13:24","slug":"olhausen-westend-shuffleboard-9-12-14","status":"publish","type":"product","link":"https:\/\/biljardi.fi\/en\/tuote\/olhausen-westend-shuffleboard-9-12-14\/","title":{"rendered":"Olhausen Westend Shuffleboard 9&#8242;, 12&#8242;, 14&#8242;"},"content":{"rendered":"<p>Olhausen Westend Shuffleboard 9&#8242;, 12&#8242;, 14&#8242;<\/p>\n<p><span class=\"VIiyi\" lang=\"fi\"><span class=\"JLqJ4b ChMk0b\" data-language-for-alternatives=\"fi\" data-language-to-translate-into=\"en\" data-phrase-index=\"15\">Shuffleboard is a rapidly growing leisure activity worldwide.<\/span> <span class=\"JLqJ4b ChMk0b\" data-language-for-alternatives=\"fi\" data-language-to-translate-into=\"en\" data-phrase-index=\"16\">You can play many different games on a shuffleboard table. <\/span><\/span><span class=\"VIiyi\" lang=\"fi\"><span class=\"JLqJ4b ChMk0b\" data-language-for-alternatives=\"fi\" data-language-to-translate-into=\"en\" data-phrase-index=\"21\">Olhausen is an industry-leading manufacturer.<\/span><\/span><\/p>\n<p>The Olhausen Westend 9&#8242;, 12&#8242;, 14&#8242; is a handcrafted, high-quality American solid wood shuffleboard table.<\/p>\n<div id=\"tab-description\" class=\"woocommerce-Tabs-panel woocommerce-Tabs-panel--description panel entry-content wc-tab\" role=\"tabpanel\" aria-labelledby=\"tab-title-description\">\n<div class=\"description\">\n<ul>\n<li>Sizes: 9 ft, 12 ft &amp; 14 ft<\/li>\n<li>Material: North American hard maple<\/li>\n<li>Various colors<\/li>\n<li>Maple playfield with a 6.2 mm polymer coating<\/li>\n<li><a href=\"https:\/\/www.olhausenbilliards.com\/exclusive-accu-lock-leveling-system\/\" target=\"_blank\" rel=\"noopener noreferrer\">Olhausen Accu-lock leveling system<\/a><\/li>\n<li><a href=\"https:\/\/www.olhausenbilliards.com\/made-in-the-usa\/\" target=\"_blank\" rel=\"noopener noreferrer\">Made in the USA<\/a><\/li>\n<li>Lifetime warranty!<\/li>\n<\/ul>\n<\/div>\n<\/div>\n<h4>Main image shown in &#8220;Matte smoke&#8221;.<\/h4>\n<p>Playfield dimensions<\/p>\n<ul>\n<li>9&#8242;: 244 x 41 cm<\/li>\n<li>12&#8242;: 325 x 41 cm<\/li>\n<li>14&#8242;: 386 x 41 cm<\/li>\n<\/ul>\n<p>External dimensions:<\/p>\n<ul>\n<li>9&#8242;: 282 x 66 x 82 cm<\/li>\n<li>12&#8242;: 373 x 66 x 82 cm<\/li>\n<li>14&#8242;: 434 x 66 x 82 cm<\/li>\n<\/ul>\n","protected":false},"excerpt":{"rendered":"<p>Olhausen Westend Shuffleboard 9&#8242;, 12&#8242;, 14&#8242; Shuffleboard is a rapidly growing leisure activity worldwide. You can play many different games on a shuffleboard table. Olhausen is an industry-leading manufacturer. The Olhausen Westend 9&#8242;, 12&#8242;, 14&#8242; is a handcrafted, high-quality American solid wood shuffleboard table. Sizes: 9 ft, 12 ft &amp; 14 ft Material: North American [&hellip;]<\/p>\n","protected":false},"featured_media":57156,"comment_status":"open","ping_status":"closed","template":"","meta":{"_improvement_type_select":"improve_an_existing","_thumb_yes_seoaic":false,"_frame_yes_seoaic":false,"seoaic_generate_description":"","seoaic_improve_instructions_prompt":"","seoaic_rollback_content_improvement":"","seoaic_idea_thumbnail_generator":"","thumbnail_generated":false,"thumbnail_generate_prompt":"","seoaic_article_description":""},"product_brand":[],"product_cat":[2123],"product_tag":[2202],"giftcard-category":[],"class_list":{"0":"post-73764","1":"product","2":"type-product","3":"status-publish","4":"has-post-thumbnail","6":"product_cat-shuffleboard","7":"product_tag-shuffleboard","9":"first","10":"onbackorder","11":"taxable","12":"shipping-taxable","13":"purchasable","14":"product-type-simple"},"exclude_global_add_ons":true,"addons":[{"name":"Size","type":"multiple_choice","position":0,"required":true,"title_format":"heading","default":"","description_enable":false,"description":null,"placeholder_enable":false,"placeholder":null,"display":"select","restrictions_type":"any_text","adjust_price":false,"price":"","price_type":"flat_fee","restrictions":false,"min":"0","max":"0","options":[{"label":"9\u2019","price":"","price_type":"flat_fee","image":0,"visibility":true},{"label":"12'","price":"400","price_type":"flat_fee","image":0,"visibility":true},{"label":"14'","price":"800","price_type":"flat_fee","image":0,"visibility":true}]},{"name":"Frame color","type":"multiple_choice","position":1,"required":false,"title_format":"heading","default":"","description_enable":false,"description":null,"placeholder_enable":false,"placeholder":null,"display":"select","restrictions_type":"any_text","adjust_price":false,"price":"","price_type":"flat_fee","restrictions":false,"min":"0","max":"0","options":[{"label":"Traditional mahogany","price":"","price_type":"flat_fee","image":0,"visibility":true},{"label":"Espresso","price":"","price_type":"flat_fee","image":0,"visibility":true},{"label":"Original cherry","price":"","price_type":"flat_fee","image":0,"visibility":true},{"label":"Matte black lacquer","price":"","price_type":"flat_fee","image":0,"visibility":true},{"label":"Matte charcoal","price":"299","price_type":"flat_fee","image":0,"visibility":true},{"label":"Matte smoke","price":"299","price_type":"flat_fee","image":0,"visibility":true}]}],"yoast_head":"<!-- This site is optimized with the Yoast SEO plugin v27.3 - https:\/\/yoast.com\/product\/yoast-seo-wordpress\/ -->\n<title>[wpseo_titles]title-Tuote<\/title>\n<meta name=\"robots\" content=\"index, follow, max-snippet:-1, max-image-preview:large, max-video-preview:-1\" \/>\n<link rel=\"canonical\" href=\"https:\/\/biljardi.fi\/en\/tuote\/olhausen-westend-shuffleboard-9-12-14\/\" \/>\n<meta property=\"og:locale\" content=\"en_US\" \/>\n<meta property=\"og:type\" content=\"article\" \/>\n<meta property=\"og:title\" content=\"[wpseo_titles]title-Tuote\" \/>\n<meta property=\"og:description\" content=\"Olhausen Westend Shuffleboard 9&#8242;, 12&#8242;, 14&#8242; Shuffleboard is a rapidly growing leisure activity worldwide. You can play many different games on a shuffleboard table. Olhausen is an industry-leading manufacturer. The Olhausen Westend 9&#8242;, 12&#8242;, 14&#8242; is a handcrafted, high-quality American solid wood shuffleboard table. Sizes: 9 ft, 12 ft &amp; 14 ft Material: North American [&hellip;]\" \/>\n<meta property=\"og:url\" content=\"https:\/\/biljardi.fi\/en\/tuote\/olhausen-westend-shuffleboard-9-12-14\/\" \/>\n<meta property=\"og:site_name\" content=\"Suomen Biljardimyynti Oy\" \/>\n<meta property=\"og:image\" content=\"https:\/\/biljardi.fi\/wp-content\/uploads\/2021\/09\/West-End_shuffleboard_main.png\" \/>\n\t<meta property=\"og:image:width\" content=\"800\" \/>\n\t<meta property=\"og:image:height\" content=\"400\" \/>\n\t<meta property=\"og:image:type\" content=\"image\/png\" \/>\n<meta name=\"twitter:card\" content=\"summary_large_image\" \/>\n<meta name=\"twitter:label1\" content=\"Est. reading time\" \/>\n\t<meta name=\"twitter:data1\" content=\"1 minute\" \/>\n<script type=\"application\/ld+json\" class=\"yoast-schema-graph\">{\"@context\":\"https:\\\/\\\/schema.org\",\"@graph\":[{\"@type\":\"WebPage\",\"@id\":\"https:\\\/\\\/biljardi.fi\\\/en\\\/tuote\\\/olhausen-westend-shuffleboard-9-12-14\\\/\",\"url\":\"https:\\\/\\\/biljardi.fi\\\/en\\\/tuote\\\/olhausen-westend-shuffleboard-9-12-14\\\/\",\"name\":\"[wpseo_titles]title-Tuote\",\"isPartOf\":{\"@id\":\"https:\\\/\\\/biljardi.fi\\\/en\\\/#website\"},\"primaryImageOfPage\":{\"@id\":\"https:\\\/\\\/biljardi.fi\\\/en\\\/tuote\\\/olhausen-westend-shuffleboard-9-12-14\\\/#primaryimage\"},\"image\":{\"@id\":\"https:\\\/\\\/biljardi.fi\\\/en\\\/tuote\\\/olhausen-westend-shuffleboard-9-12-14\\\/#primaryimage\"},\"thumbnailUrl\":\"https:\\\/\\\/biljardi.fi\\\/wp-content\\\/uploads\\\/2021\\\/09\\\/West-End_shuffleboard_main.png\",\"datePublished\":\"2021-09-14T21:13:24+00:00\",\"breadcrumb\":{\"@id\":\"https:\\\/\\\/biljardi.fi\\\/en\\\/tuote\\\/olhausen-westend-shuffleboard-9-12-14\\\/#breadcrumb\"},\"inLanguage\":\"en-US\",\"potentialAction\":[{\"@type\":\"ReadAction\",\"target\":[\"https:\\\/\\\/biljardi.fi\\\/en\\\/tuote\\\/olhausen-westend-shuffleboard-9-12-14\\\/\"]}]},{\"@type\":\"ImageObject\",\"inLanguage\":\"en-US\",\"@id\":\"https:\\\/\\\/biljardi.fi\\\/en\\\/tuote\\\/olhausen-westend-shuffleboard-9-12-14\\\/#primaryimage\",\"url\":\"https:\\\/\\\/biljardi.fi\\\/wp-content\\\/uploads\\\/2021\\\/09\\\/West-End_shuffleboard_main.png\",\"contentUrl\":\"https:\\\/\\\/biljardi.fi\\\/wp-content\\\/uploads\\\/2021\\\/09\\\/West-End_shuffleboard_main.png\",\"width\":800,\"height\":400},{\"@type\":\"BreadcrumbList\",\"@id\":\"https:\\\/\\\/biljardi.fi\\\/en\\\/tuote\\\/olhausen-westend-shuffleboard-9-12-14\\\/#breadcrumb\",\"itemListElement\":[{\"@type\":\"ListItem\",\"position\":1,\"name\":\"Home\",\"item\":\"https:\\\/\\\/biljardi.fi\\\/en\\\/home\\\/\"},{\"@type\":\"ListItem\",\"position\":2,\"name\":\"Shop\",\"item\":\"https:\\\/\\\/biljardi.fi\\\/en\\\/shop\\\/\"},{\"@type\":\"ListItem\",\"position\":3,\"name\":\"Olhausen Westend Shuffleboard 9&#8242;, 12&#8242;, 14&#8242;\"}]},{\"@type\":\"WebSite\",\"@id\":\"https:\\\/\\\/biljardi.fi\\\/en\\\/#website\",\"url\":\"https:\\\/\\\/biljardi.fi\\\/en\\\/\",\"name\":\"Suomen Biljardimyynti Oy\",\"description\":\"Biljardip\u00f6yd\u00e4t, Biljardi, Darts, Ilmakiekko, P\u00f6yt\u00e4jalkapallo\",\"publisher\":{\"@id\":\"https:\\\/\\\/biljardi.fi\\\/en\\\/#organization\"},\"potentialAction\":[{\"@type\":\"SearchAction\",\"target\":{\"@type\":\"EntryPoint\",\"urlTemplate\":\"https:\\\/\\\/biljardi.fi\\\/en\\\/?s={search_term_string}\"},\"query-input\":{\"@type\":\"PropertyValueSpecification\",\"valueRequired\":true,\"valueName\":\"search_term_string\"}}],\"inLanguage\":\"en-US\"},{\"@type\":\"Organization\",\"@id\":\"https:\\\/\\\/biljardi.fi\\\/en\\\/#organization\",\"name\":\"Suomen Biljardimyynti Oy\",\"url\":\"https:\\\/\\\/biljardi.fi\\\/en\\\/\",\"logo\":{\"@type\":\"ImageObject\",\"inLanguage\":\"en-US\",\"@id\":\"https:\\\/\\\/biljardi.fi\\\/en\\\/#\\\/schema\\\/logo\\\/image\\\/\",\"url\":\"https:\\\/\\\/biljardi.fi\\\/wp-content\\\/uploads\\\/2025\\\/10\\\/logo_uus-1.png\",\"contentUrl\":\"https:\\\/\\\/biljardi.fi\\\/wp-content\\\/uploads\\\/2025\\\/10\\\/logo_uus-1.png\",\"width\":360,\"height\":94,\"caption\":\"Suomen Biljardimyynti Oy\"},\"image\":{\"@id\":\"https:\\\/\\\/biljardi.fi\\\/en\\\/#\\\/schema\\\/logo\\\/image\\\/\"}}]}<\/script>\n<!-- \/ Yoast SEO plugin. -->","yoast_head_json":{"title":"[wpseo_titles]title-Tuote","robots":{"index":"index","follow":"follow","max-snippet":"max-snippet:-1","max-image-preview":"max-image-preview:large","max-video-preview":"max-video-preview:-1"},"canonical":"https:\/\/biljardi.fi\/en\/tuote\/olhausen-westend-shuffleboard-9-12-14\/","og_locale":"en_US","og_type":"article","og_title":"[wpseo_titles]title-Tuote","og_description":"Olhausen Westend Shuffleboard 9&#8242;, 12&#8242;, 14&#8242; Shuffleboard is a rapidly growing leisure activity worldwide. You can play many different games on a shuffleboard table. Olhausen is an industry-leading manufacturer. The Olhausen Westend 9&#8242;, 12&#8242;, 14&#8242; is a handcrafted, high-quality American solid wood shuffleboard table. Sizes: 9 ft, 12 ft &amp; 14 ft Material: North American [&hellip;]","og_url":"https:\/\/biljardi.fi\/en\/tuote\/olhausen-westend-shuffleboard-9-12-14\/","og_site_name":"Suomen Biljardimyynti Oy","og_image":[{"width":800,"height":400,"url":"https:\/\/biljardi.fi\/wp-content\/uploads\/2021\/09\/West-End_shuffleboard_main.png","type":"image\/png"}],"twitter_card":"summary_large_image","twitter_misc":{"Est. reading time":"1 minute"},"schema":{"@context":"https:\/\/schema.org","@graph":[{"@type":"WebPage","@id":"https:\/\/biljardi.fi\/en\/tuote\/olhausen-westend-shuffleboard-9-12-14\/","url":"https:\/\/biljardi.fi\/en\/tuote\/olhausen-westend-shuffleboard-9-12-14\/","name":"[wpseo_titles]title-Tuote","isPartOf":{"@id":"https:\/\/biljardi.fi\/en\/#website"},"primaryImageOfPage":{"@id":"https:\/\/biljardi.fi\/en\/tuote\/olhausen-westend-shuffleboard-9-12-14\/#primaryimage"},"image":{"@id":"https:\/\/biljardi.fi\/en\/tuote\/olhausen-westend-shuffleboard-9-12-14\/#primaryimage"},"thumbnailUrl":"https:\/\/biljardi.fi\/wp-content\/uploads\/2021\/09\/West-End_shuffleboard_main.png","datePublished":"2021-09-14T21:13:24+00:00","breadcrumb":{"@id":"https:\/\/biljardi.fi\/en\/tuote\/olhausen-westend-shuffleboard-9-12-14\/#breadcrumb"},"inLanguage":"en-US","potentialAction":[{"@type":"ReadAction","target":["https:\/\/biljardi.fi\/en\/tuote\/olhausen-westend-shuffleboard-9-12-14\/"]}]},{"@type":"ImageObject","inLanguage":"en-US","@id":"https:\/\/biljardi.fi\/en\/tuote\/olhausen-westend-shuffleboard-9-12-14\/#primaryimage","url":"https:\/\/biljardi.fi\/wp-content\/uploads\/2021\/09\/West-End_shuffleboard_main.png","contentUrl":"https:\/\/biljardi.fi\/wp-content\/uploads\/2021\/09\/West-End_shuffleboard_main.png","width":800,"height":400},{"@type":"BreadcrumbList","@id":"https:\/\/biljardi.fi\/en\/tuote\/olhausen-westend-shuffleboard-9-12-14\/#breadcrumb","itemListElement":[{"@type":"ListItem","position":1,"name":"Home","item":"https:\/\/biljardi.fi\/en\/home\/"},{"@type":"ListItem","position":2,"name":"Shop","item":"https:\/\/biljardi.fi\/en\/shop\/"},{"@type":"ListItem","position":3,"name":"Olhausen Westend Shuffleboard 9&#8242;, 12&#8242;, 14&#8242;"}]},{"@type":"WebSite","@id":"https:\/\/biljardi.fi\/en\/#website","url":"https:\/\/biljardi.fi\/en\/","name":"Suomen Biljardimyynti Oy","description":"Biljardip\u00f6yd\u00e4t, Biljardi, Darts, Ilmakiekko, P\u00f6yt\u00e4jalkapallo","publisher":{"@id":"https:\/\/biljardi.fi\/en\/#organization"},"potentialAction":[{"@type":"SearchAction","target":{"@type":"EntryPoint","urlTemplate":"https:\/\/biljardi.fi\/en\/?s={search_term_string}"},"query-input":{"@type":"PropertyValueSpecification","valueRequired":true,"valueName":"search_term_string"}}],"inLanguage":"en-US"},{"@type":"Organization","@id":"https:\/\/biljardi.fi\/en\/#organization","name":"Suomen Biljardimyynti Oy","url":"https:\/\/biljardi.fi\/en\/","logo":{"@type":"ImageObject","inLanguage":"en-US","@id":"https:\/\/biljardi.fi\/en\/#\/schema\/logo\/image\/","url":"https:\/\/biljardi.fi\/wp-content\/uploads\/2025\/10\/logo_uus-1.png","contentUrl":"https:\/\/biljardi.fi\/wp-content\/uploads\/2025\/10\/logo_uus-1.png","width":360,"height":94,"caption":"Suomen Biljardimyynti Oy"},"image":{"@id":"https:\/\/biljardi.fi\/en\/#\/schema\/logo\/image\/"}}]}},"_links":{"self":[{"href":"https:\/\/biljardi.fi\/en\/wp-json\/wp\/v2\/product\/73764","targetHints":{"allow":["GET"]}}],"collection":[{"href":"https:\/\/biljardi.fi\/en\/wp-json\/wp\/v2\/product"}],"about":[{"href":"https:\/\/biljardi.fi\/en\/wp-json\/wp\/v2\/types\/product"}],"replies":[{"embeddable":true,"href":"https:\/\/biljardi.fi\/en\/wp-json\/wp\/v2\/comments?post=73764"}],"wp:featuredmedia":[{"embeddable":true,"href":"https:\/\/biljardi.fi\/en\/wp-json\/wp\/v2\/media\/57156"}],"wp:attachment":[{"href":"https:\/\/biljardi.fi\/en\/wp-json\/wp\/v2\/media?parent=73764"}],"wp:term":[{"taxonomy":"product_brand","embeddable":true,"href":"https:\/\/biljardi.fi\/en\/wp-json\/wp\/v2\/product_brand?post=73764"},{"taxonomy":"product_cat","embeddable":true,"href":"https:\/\/biljardi.fi\/en\/wp-json\/wp\/v2\/product_cat?post=73764"},{"taxonomy":"product_tag","embeddable":true,"href":"https:\/\/biljardi.fi\/en\/wp-json\/wp\/v2\/product_tag?post=73764"},{"taxonomy":"giftcard-category","embeddable":true,"href":"https:\/\/biljardi.fi\/en\/wp-json\/wp\/v2\/giftcard-category?post=73764"}],"curies":[{"name":"wp","href":"https:\/\/api.w.org\/{rel}","templated":true}]}}