{"id":73759,"date":"2021-09-09T23:11:11","date_gmt":"2021-09-09T20:11:11","guid":{"rendered":"https:\/\/biljardi.fi\/tuote\/table-curling-pronto-9-12\/"},"modified":"2021-09-09T23:11:11","modified_gmt":"2021-09-09T20:11:11","slug":"table-curling-pronto-9-12","status":"publish","type":"product","link":"https:\/\/biljardi.fi\/en\/tuote\/table-curling-pronto-9-12\/","title":{"rendered":"Table Curling Pronto 9&#8242;, 12&#8242;"},"content":{"rendered":"<p>Table Curling Pronto 9&#8242;, 12&#8242;<\/p>\n<p>Pronto table curling is designed for both home and commercial use. The game is made from genuine natural wood materials and comes in a wide range of color options. The playing surface is 40 mm thick birch and is finished with a special lacquer. The playing surface is adjustable with leveling screws.   <\/p>\n<p>Includes 4 red and 4 blue pucks, 2 scoreboards, shuffleboard powder and maintenance brush.<\/p>\n<p>Cover available at additional cost.<\/p>\n<p>External dimensions:<\/p>\n<ul>\n<li>9&#8242;: 274 x 79 cm<\/li>\n<li>12&#8242;: 366 x 79 cm<\/li>\n<\/ul>\n","protected":false},"excerpt":{"rendered":"<p>Table Curling Pronto 9&#8242;, 12&#8242; Pronto table curling is designed for both home and commercial use. The game is made from genuine natural wood materials and comes in a wide range of color options. The playing surface is 40 mm thick birch and is finished with a special lacquer. The playing surface is adjustable with [&hellip;]<\/p>\n","protected":false},"featured_media":64272,"comment_status":"open","ping_status":"closed","template":"","meta":{"_improvement_type_select":"improve_an_existing","_thumb_yes_seoaic":false,"_frame_yes_seoaic":false,"seoaic_generate_description":"","seoaic_improve_instructions_prompt":"","seoaic_rollback_content_improvement":"","seoaic_idea_thumbnail_generator":"","thumbnail_generated":false,"thumbnail_generate_prompt":"","seoaic_article_description":""},"product_brand":[],"product_cat":[2123],"product_tag":[2202],"giftcard-category":[],"class_list":{"0":"post-73759","1":"product","2":"type-product","3":"status-publish","4":"has-post-thumbnail","6":"product_cat-shuffleboard","7":"product_tag-shuffleboard","9":"first","10":"onbackorder","11":"taxable","12":"shipping-taxable","13":"purchasable","14":"product-type-simple"},"exclude_global_add_ons":true,"addons":[{"name":"Size","type":"multiple_choice","position":0,"required":true,"title_format":"heading","default":"","description_enable":false,"description":null,"placeholder_enable":false,"placeholder":null,"display":"select","restrictions_type":"any_text","adjust_price":false,"price":"","price_type":"flat_fee","restrictions":false,"min":"0","max":"0","options":[{"label":"9\u2019","price":"","price_type":"flat_fee","image":0,"visibility":true},{"label":"12'","price":"700","price_type":"flat_fee","image":0,"visibility":true}],"id":1710848731},{"name":"Material","type":"multiple_choice","position":1,"required":true,"title_format":"heading","default":"","description_enable":false,"description":null,"placeholder_enable":false,"placeholder":null,"display":"select","restrictions_type":"any_text","adjust_price":false,"price":"","price_type":"flat_fee","restrictions":false,"min":"0","max":"0","options":[{"label":"Birch","price":"","price_type":"flat_fee","image":0,"visibility":true},{"label":"Ash","price":"299","price_type":"flat_fee","image":0,"visibility":true},{"label":"Oak","price":"499","price_type":"flat_fee","image":0,"visibility":true}],"id":1710848732},{"name":"Color","type":"custom_text","position":2,"required":true,"title_format":"heading","default":"","description_enable":true,"description":"Select color from the options below.","placeholder_enable":false,"placeholder":null,"display":"select","restrictions_type":"any_text","adjust_price":false,"price":"","price_type":"flat_fee","restrictions":false,"min":"0","max":"0","options":[],"id":1710848733},{"name":"Leg style","type":"multiple_choice","position":3,"required":true,"title_format":"heading","default":"","description_enable":false,"description":null,"placeholder_enable":false,"placeholder":null,"display":"select","restrictions_type":"any_text","adjust_price":false,"price":"","price_type":"flat_fee","restrictions":false,"min":"0","max":"0","options":[{"label":"","price":"","price_type":"flat_fee","image":0,"visibility":true},{"label":"","price":"","price_type":"flat_fee","image":0,"visibility":true},{"label":"","price":"","price_type":"flat_fee","image":0,"visibility":true},{"label":"","price":"","price_type":"flat_fee","image":0,"visibility":true},{"label":"","price":"","price_type":"flat_fee","image":0,"visibility":true},{"label":"","price":"","price_type":"flat_fee","image":0,"visibility":true},{"label":"","price":"","price_type":"flat_fee","image":0,"visibility":true},{"label":"","price":"","price_type":"flat_fee","image":0,"visibility":true},{"label":"","price":"","price_type":"flat_fee","image":0,"visibility":true},{"label":"","price":"","price_type":"flat_fee","image":0,"visibility":true},{"label":"","price":"","price_type":"flat_fee","image":0,"visibility":true},{"label":"","price":"","price_type":"flat_fee","image":0,"visibility":true}],"id":1710848734},{"name":"Cover top","type":"multiple_choice","position":4,"required":false,"title_format":"heading","default":"","description_enable":false,"description":null,"placeholder_enable":false,"placeholder":null,"display":"select","restrictions_type":"any_text","adjust_price":false,"price":"","price_type":"flat_fee","restrictions":false,"min":"0","max":"0","options":[{"label":"9\u2019","price":"399","price_type":"flat_fee","image":0,"visibility":true},{"label":"12'","price":"499","price_type":"flat_fee","image":0,"visibility":true}],"id":1710848735}],"yoast_head":"<!-- This site is optimized with the Yoast SEO plugin v27.3 - https:\/\/yoast.com\/product\/yoast-seo-wordpress\/ -->\n<title>[wpseo_titles]title-Tuote<\/title>\n<meta name=\"robots\" content=\"index, follow, max-snippet:-1, max-image-preview:large, max-video-preview:-1\" \/>\n<link rel=\"canonical\" href=\"https:\/\/biljardi.fi\/en\/tuote\/table-curling-pronto-9-12\/\" \/>\n<meta property=\"og:locale\" content=\"en_US\" \/>\n<meta property=\"og:type\" content=\"article\" \/>\n<meta property=\"og:title\" content=\"[wpseo_titles]title-Tuote\" \/>\n<meta property=\"og:description\" content=\"Table Curling Pronto 9&#8242;, 12&#8242; Pronto table curling is designed for both home and commercial use. The game is made from genuine natural wood materials and comes in a wide range of color options. The playing surface is 40 mm thick birch and is finished with a special lacquer. The playing surface is adjustable with [&hellip;]\" \/>\n<meta property=\"og:url\" content=\"https:\/\/biljardi.fi\/en\/tuote\/table-curling-pronto-9-12\/\" \/>\n<meta property=\"og:site_name\" content=\"Suomen Biljardimyynti Oy\" \/>\n<meta property=\"og:image\" content=\"https:\/\/biljardi.fi\/wp-content\/uploads\/2021\/09\/Shuffleboard-Pronto-12-ft.-2310-web1.jpg.webp\" \/>\n\t<meta property=\"og:image:width\" content=\"1308\" \/>\n\t<meta property=\"og:image:height\" content=\"675\" \/>\n\t<meta property=\"og:image:type\" content=\"image\/webp\" \/>\n<meta name=\"twitter:card\" content=\"summary_large_image\" \/>\n<script type=\"application\/ld+json\" class=\"yoast-schema-graph\">{\"@context\":\"https:\\\/\\\/schema.org\",\"@graph\":[{\"@type\":\"WebPage\",\"@id\":\"https:\\\/\\\/biljardi.fi\\\/en\\\/tuote\\\/table-curling-pronto-9-12\\\/\",\"url\":\"https:\\\/\\\/biljardi.fi\\\/en\\\/tuote\\\/table-curling-pronto-9-12\\\/\",\"name\":\"[wpseo_titles]title-Tuote\",\"isPartOf\":{\"@id\":\"https:\\\/\\\/biljardi.fi\\\/en\\\/#website\"},\"primaryImageOfPage\":{\"@id\":\"https:\\\/\\\/biljardi.fi\\\/en\\\/tuote\\\/table-curling-pronto-9-12\\\/#primaryimage\"},\"image\":{\"@id\":\"https:\\\/\\\/biljardi.fi\\\/en\\\/tuote\\\/table-curling-pronto-9-12\\\/#primaryimage\"},\"thumbnailUrl\":\"https:\\\/\\\/biljardi.fi\\\/wp-content\\\/uploads\\\/2021\\\/09\\\/Shuffleboard-Pronto-12-ft.-2310-web1.jpg.webp\",\"datePublished\":\"2021-09-09T20:11:11+00:00\",\"breadcrumb\":{\"@id\":\"https:\\\/\\\/biljardi.fi\\\/en\\\/tuote\\\/table-curling-pronto-9-12\\\/#breadcrumb\"},\"inLanguage\":\"en-US\",\"potentialAction\":[{\"@type\":\"ReadAction\",\"target\":[\"https:\\\/\\\/biljardi.fi\\\/en\\\/tuote\\\/table-curling-pronto-9-12\\\/\"]}]},{\"@type\":\"ImageObject\",\"inLanguage\":\"en-US\",\"@id\":\"https:\\\/\\\/biljardi.fi\\\/en\\\/tuote\\\/table-curling-pronto-9-12\\\/#primaryimage\",\"url\":\"https:\\\/\\\/biljardi.fi\\\/wp-content\\\/uploads\\\/2021\\\/09\\\/Shuffleboard-Pronto-12-ft.-2310-web1.jpg.webp\",\"contentUrl\":\"https:\\\/\\\/biljardi.fi\\\/wp-content\\\/uploads\\\/2021\\\/09\\\/Shuffleboard-Pronto-12-ft.-2310-web1.jpg.webp\",\"width\":1308,\"height\":675},{\"@type\":\"BreadcrumbList\",\"@id\":\"https:\\\/\\\/biljardi.fi\\\/en\\\/tuote\\\/table-curling-pronto-9-12\\\/#breadcrumb\",\"itemListElement\":[{\"@type\":\"ListItem\",\"position\":1,\"name\":\"Home\",\"item\":\"https:\\\/\\\/biljardi.fi\\\/en\\\/home\\\/\"},{\"@type\":\"ListItem\",\"position\":2,\"name\":\"Shop\",\"item\":\"https:\\\/\\\/biljardi.fi\\\/en\\\/shop\\\/\"},{\"@type\":\"ListItem\",\"position\":3,\"name\":\"Table Curling Pronto 9&#8242;, 12&#8242;\"}]},{\"@type\":\"WebSite\",\"@id\":\"https:\\\/\\\/biljardi.fi\\\/en\\\/#website\",\"url\":\"https:\\\/\\\/biljardi.fi\\\/en\\\/\",\"name\":\"Suomen Biljardimyynti Oy\",\"description\":\"Biljardip\u00f6yd\u00e4t, Biljardi, Darts, Ilmakiekko, P\u00f6yt\u00e4jalkapallo\",\"publisher\":{\"@id\":\"https:\\\/\\\/biljardi.fi\\\/en\\\/#organization\"},\"potentialAction\":[{\"@type\":\"SearchAction\",\"target\":{\"@type\":\"EntryPoint\",\"urlTemplate\":\"https:\\\/\\\/biljardi.fi\\\/en\\\/?s={search_term_string}\"},\"query-input\":{\"@type\":\"PropertyValueSpecification\",\"valueRequired\":true,\"valueName\":\"search_term_string\"}}],\"inLanguage\":\"en-US\"},{\"@type\":\"Organization\",\"@id\":\"https:\\\/\\\/biljardi.fi\\\/en\\\/#organization\",\"name\":\"Suomen Biljardimyynti Oy\",\"url\":\"https:\\\/\\\/biljardi.fi\\\/en\\\/\",\"logo\":{\"@type\":\"ImageObject\",\"inLanguage\":\"en-US\",\"@id\":\"https:\\\/\\\/biljardi.fi\\\/en\\\/#\\\/schema\\\/logo\\\/image\\\/\",\"url\":\"https:\\\/\\\/biljardi.fi\\\/wp-content\\\/uploads\\\/2025\\\/10\\\/logo_uus-1.png\",\"contentUrl\":\"https:\\\/\\\/biljardi.fi\\\/wp-content\\\/uploads\\\/2025\\\/10\\\/logo_uus-1.png\",\"width\":360,\"height\":94,\"caption\":\"Suomen Biljardimyynti Oy\"},\"image\":{\"@id\":\"https:\\\/\\\/biljardi.fi\\\/en\\\/#\\\/schema\\\/logo\\\/image\\\/\"}}]}<\/script>\n<!-- \/ Yoast SEO plugin. -->","yoast_head_json":{"title":"[wpseo_titles]title-Tuote","robots":{"index":"index","follow":"follow","max-snippet":"max-snippet:-1","max-image-preview":"max-image-preview:large","max-video-preview":"max-video-preview:-1"},"canonical":"https:\/\/biljardi.fi\/en\/tuote\/table-curling-pronto-9-12\/","og_locale":"en_US","og_type":"article","og_title":"[wpseo_titles]title-Tuote","og_description":"Table Curling Pronto 9&#8242;, 12&#8242; Pronto table curling is designed for both home and commercial use. The game is made from genuine natural wood materials and comes in a wide range of color options. The playing surface is 40 mm thick birch and is finished with a special lacquer. The playing surface is adjustable with [&hellip;]","og_url":"https:\/\/biljardi.fi\/en\/tuote\/table-curling-pronto-9-12\/","og_site_name":"Suomen Biljardimyynti Oy","og_image":[{"width":1308,"height":675,"url":"https:\/\/biljardi.fi\/wp-content\/uploads\/2021\/09\/Shuffleboard-Pronto-12-ft.-2310-web1.jpg.webp","type":"image\/webp"}],"twitter_card":"summary_large_image","schema":{"@context":"https:\/\/schema.org","@graph":[{"@type":"WebPage","@id":"https:\/\/biljardi.fi\/en\/tuote\/table-curling-pronto-9-12\/","url":"https:\/\/biljardi.fi\/en\/tuote\/table-curling-pronto-9-12\/","name":"[wpseo_titles]title-Tuote","isPartOf":{"@id":"https:\/\/biljardi.fi\/en\/#website"},"primaryImageOfPage":{"@id":"https:\/\/biljardi.fi\/en\/tuote\/table-curling-pronto-9-12\/#primaryimage"},"image":{"@id":"https:\/\/biljardi.fi\/en\/tuote\/table-curling-pronto-9-12\/#primaryimage"},"thumbnailUrl":"https:\/\/biljardi.fi\/wp-content\/uploads\/2021\/09\/Shuffleboard-Pronto-12-ft.-2310-web1.jpg.webp","datePublished":"2021-09-09T20:11:11+00:00","breadcrumb":{"@id":"https:\/\/biljardi.fi\/en\/tuote\/table-curling-pronto-9-12\/#breadcrumb"},"inLanguage":"en-US","potentialAction":[{"@type":"ReadAction","target":["https:\/\/biljardi.fi\/en\/tuote\/table-curling-pronto-9-12\/"]}]},{"@type":"ImageObject","inLanguage":"en-US","@id":"https:\/\/biljardi.fi\/en\/tuote\/table-curling-pronto-9-12\/#primaryimage","url":"https:\/\/biljardi.fi\/wp-content\/uploads\/2021\/09\/Shuffleboard-Pronto-12-ft.-2310-web1.jpg.webp","contentUrl":"https:\/\/biljardi.fi\/wp-content\/uploads\/2021\/09\/Shuffleboard-Pronto-12-ft.-2310-web1.jpg.webp","width":1308,"height":675},{"@type":"BreadcrumbList","@id":"https:\/\/biljardi.fi\/en\/tuote\/table-curling-pronto-9-12\/#breadcrumb","itemListElement":[{"@type":"ListItem","position":1,"name":"Home","item":"https:\/\/biljardi.fi\/en\/home\/"},{"@type":"ListItem","position":2,"name":"Shop","item":"https:\/\/biljardi.fi\/en\/shop\/"},{"@type":"ListItem","position":3,"name":"Table Curling Pronto 9&#8242;, 12&#8242;"}]},{"@type":"WebSite","@id":"https:\/\/biljardi.fi\/en\/#website","url":"https:\/\/biljardi.fi\/en\/","name":"Suomen Biljardimyynti Oy","description":"Biljardip\u00f6yd\u00e4t, Biljardi, Darts, Ilmakiekko, P\u00f6yt\u00e4jalkapallo","publisher":{"@id":"https:\/\/biljardi.fi\/en\/#organization"},"potentialAction":[{"@type":"SearchAction","target":{"@type":"EntryPoint","urlTemplate":"https:\/\/biljardi.fi\/en\/?s={search_term_string}"},"query-input":{"@type":"PropertyValueSpecification","valueRequired":true,"valueName":"search_term_string"}}],"inLanguage":"en-US"},{"@type":"Organization","@id":"https:\/\/biljardi.fi\/en\/#organization","name":"Suomen Biljardimyynti Oy","url":"https:\/\/biljardi.fi\/en\/","logo":{"@type":"ImageObject","inLanguage":"en-US","@id":"https:\/\/biljardi.fi\/en\/#\/schema\/logo\/image\/","url":"https:\/\/biljardi.fi\/wp-content\/uploads\/2025\/10\/logo_uus-1.png","contentUrl":"https:\/\/biljardi.fi\/wp-content\/uploads\/2025\/10\/logo_uus-1.png","width":360,"height":94,"caption":"Suomen Biljardimyynti Oy"},"image":{"@id":"https:\/\/biljardi.fi\/en\/#\/schema\/logo\/image\/"}}]}},"_links":{"self":[{"href":"https:\/\/biljardi.fi\/en\/wp-json\/wp\/v2\/product\/73759","targetHints":{"allow":["GET"]}}],"collection":[{"href":"https:\/\/biljardi.fi\/en\/wp-json\/wp\/v2\/product"}],"about":[{"href":"https:\/\/biljardi.fi\/en\/wp-json\/wp\/v2\/types\/product"}],"replies":[{"embeddable":true,"href":"https:\/\/biljardi.fi\/en\/wp-json\/wp\/v2\/comments?post=73759"}],"wp:featuredmedia":[{"embeddable":true,"href":"https:\/\/biljardi.fi\/en\/wp-json\/wp\/v2\/media\/64272"}],"wp:attachment":[{"href":"https:\/\/biljardi.fi\/en\/wp-json\/wp\/v2\/media?parent=73759"}],"wp:term":[{"taxonomy":"product_brand","embeddable":true,"href":"https:\/\/biljardi.fi\/en\/wp-json\/wp\/v2\/product_brand?post=73759"},{"taxonomy":"product_cat","embeddable":true,"href":"https:\/\/biljardi.fi\/en\/wp-json\/wp\/v2\/product_cat?post=73759"},{"taxonomy":"product_tag","embeddable":true,"href":"https:\/\/biljardi.fi\/en\/wp-json\/wp\/v2\/product_tag?post=73759"},{"taxonomy":"giftcard-category","embeddable":true,"href":"https:\/\/biljardi.fi\/en\/wp-json\/wp\/v2\/giftcard-category?post=73759"}],"curies":[{"name":"wp","href":"https:\/\/api.w.org\/{rel}","templated":true}]}}