{"id":73745,"date":"2021-09-10T19:26:37","date_gmt":"2021-09-10T16:26:37","guid":{"rendered":"https:\/\/biljardi.fi\/tuote\/joy-q8-9-heyball-billiard-table\/"},"modified":"2021-09-10T19:26:37","modified_gmt":"2021-09-10T16:26:37","slug":"joy-q8-9-heyball-billiard-table","status":"publish","type":"product","link":"https:\/\/biljardi.fi\/en\/product\/joy-q8-9-heyball-billiard-table\/","title":{"rendered":"Joy Q8 9&#8242; Heyball billiard table"},"content":{"rendered":"<p>Joy Q8 9&#8242; Chinese-pool billiard table<\/p>\n<p>Qinhuangdao JOY Billiards Group is the world&#8217;s leading manufacturer of high-end Chinese-pool tables. JOY is known for its features and high quality. Premium slate, cushions, and pockets with Anti-rebound feature make Joy tables the number one choice for the best Chinese-pool experience. The Joy Q8 table has a total of 8 different patents.   <\/p>\n<p>Joy is the world leader in rapidly growing Chinese-pool. All major tournaments are played on Joy tables. <\/p>\n<div id=\"comp-jboe4ew6\" class=\"_1Q9if\" data-testid=\"richTextElement\">\n<p>Pockets:<\/p>\n<ul>\n<li>Pocket opening 85 mm<\/li>\n<li>Northern rubber snooker cushion rubbers<\/li>\n<li>Anti-rebound design in pockets<\/li>\n<li>Brass irons and leather trim<\/li>\n<\/ul>\n<p>Slate:<\/p>\n<ul>\n<li>Venus Inkstone slate<\/li>\n<li>3-piece, 45 mm thick<\/li>\n<li>Tolerance &lt;0.01 mm<\/li>\n<\/ul>\n<p>Adjustment:<\/p>\n<ul>\n<li>8-point adjustment system<\/li>\n<li>Easy to install and adjust<\/li>\n<li>Material:<\/li>\n<\/ul>\n<p>Solid wood frame, cushions and legs<\/p>\n<ul>\n<li>Extremely hard maple<\/li>\n<\/ul>\n<p>Price includes:<\/p>\n<ul>\n<li>Strachan No. 10 Tournament Snooker cloth 6811<\/li>\n<li>Aramith Super Pro TV+ ball set<\/li>\n<li>Break cue<\/li>\n<li>Chinese-Pool cue<\/li>\n<li>3\/4 cue<\/li>\n<li>Table cover<\/li>\n<li>Cue rack for 8 cues<\/li>\n<li>Short rest<\/li>\n<li>X-rest head<\/li>\n<li>Cloth brush<\/li>\n<li>Wooden triangle<\/li>\n<li>Ball tray<\/li>\n<li>Tip glue<\/li>\n<li>5 tips<\/li>\n<li>5 chalks<\/li>\n<\/ul>\n<\/div>\n<div id=\"comp-jboe4exd\" class=\"_1Q9if\" data-testid=\"richTextElement\">\n<p><strong>Joy display table available to view and test in our store in October 2021.<\/strong><\/p>\n<\/div>\n","protected":false},"excerpt":{"rendered":"<p>Joy Q8 9&#8242; Chinese-pool billiard table Qinhuangdao JOY Billiards Group is the world&#8217;s leading manufacturer of high-end Chinese-pool tables. JOY is known for its features and high quality. Premium slate, cushions, and pockets with Anti-rebound feature make Joy tables the number one choice for the best Chinese-pool experience. The Joy Q8 table has a total [&hellip;]<\/p>\n","protected":false},"featured_media":57098,"comment_status":"open","ping_status":"closed","template":"","meta":[],"product_brand":[],"product_cat":[2011,2187,2013,2025,2012,2039],"product_tag":[2015,2016,2014,2188],"giftcard-category":[],"class_list":{"0":"post-73745","1":"product","2":"type-product","3":"status-publish","4":"has-post-thumbnail","6":"product_cat-billiards","7":"product_cat-heyball","8":"product_cat-pool-tables","9":"product_cat-pool-tables-2","10":"product_cat-slate-tables","11":"product_cat-tournament-tables","12":"product_tag-billiard-sales","13":"product_tag-billiard-table","14":"product_tag-billiards","15":"product_tag-rasson","16":"pa_koko-2003","18":"first","19":"onbackorder","20":"taxable","21":"shipping-taxable","22":"purchasable","23":"product-type-simple"},"exclude_global_add_ons":[],"addons":[],"yoast_head":"<!-- This site is optimized with the Yoast SEO plugin v27.6 - https:\/\/yoast.com\/product\/yoast-seo-wordpress\/ -->\n<title>[wpseo_titles]title-Tuote<\/title>\n<meta name=\"description\" content=\"[wpseo_titles]metadesc-Tuote\" \/>\n<meta name=\"robots\" content=\"index, follow, max-snippet:-1, max-image-preview:large, max-video-preview:-1\" \/>\n<link rel=\"canonical\" href=\"https:\/\/biljardi.fi\/en\/product\/joy-q8-9-heyball-billiard-table\/\" \/>\n<meta property=\"og:locale\" content=\"en_US\" \/>\n<meta property=\"og:type\" content=\"article\" \/>\n<meta property=\"og:title\" content=\"[wpseo_titles]title-Tuote\" \/>\n<meta property=\"og:description\" content=\"[wpseo_titles]metadesc-Tuote\" \/>\n<meta property=\"og:url\" content=\"https:\/\/biljardi.fi\/en\/product\/joy-q8-9-heyball-billiard-table\/\" \/>\n<meta property=\"og:site_name\" content=\"Suomen Biljardimyynti Oy\" \/>\n<meta property=\"og:image\" content=\"https:\/\/biljardi.fi\/wp-content\/uploads\/2021\/09\/JoyQ8.jpg\" \/>\n\t<meta property=\"og:image:width\" content=\"1157\" \/>\n\t<meta property=\"og:image:height\" content=\"751\" \/>\n\t<meta property=\"og:image:type\" content=\"image\/jpeg\" \/>\n<meta name=\"twitter:card\" content=\"summary_large_image\" \/>\n<meta name=\"twitter:label1\" content=\"Est. reading time\" \/>\n\t<meta name=\"twitter:data1\" content=\"1 minute\" \/>\n<script type=\"application\/ld+json\" class=\"yoast-schema-graph\">{\"@context\":\"https:\\\/\\\/schema.org\",\"@graph\":[{\"@type\":\"WebPage\",\"@id\":\"https:\\\/\\\/biljardi.fi\\\/en\\\/product\\\/joy-q8-9-heyball-billiard-table\\\/\",\"url\":\"https:\\\/\\\/biljardi.fi\\\/en\\\/product\\\/joy-q8-9-heyball-billiard-table\\\/\",\"name\":\"[wpseo_titles]title-Tuote\",\"isPartOf\":{\"@id\":\"https:\\\/\\\/biljardi.fi\\\/en\\\/#website\"},\"primaryImageOfPage\":{\"@id\":\"https:\\\/\\\/biljardi.fi\\\/en\\\/product\\\/joy-q8-9-heyball-billiard-table\\\/#primaryimage\"},\"image\":{\"@id\":\"https:\\\/\\\/biljardi.fi\\\/en\\\/product\\\/joy-q8-9-heyball-billiard-table\\\/#primaryimage\"},\"thumbnailUrl\":\"https:\\\/\\\/biljardi.fi\\\/wp-content\\\/uploads\\\/2021\\\/09\\\/JoyQ8.jpg\",\"datePublished\":\"2021-09-10T16:26:37+00:00\",\"description\":\"[wpseo_titles]metadesc-Tuote\",\"breadcrumb\":{\"@id\":\"https:\\\/\\\/biljardi.fi\\\/en\\\/product\\\/joy-q8-9-heyball-billiard-table\\\/#breadcrumb\"},\"inLanguage\":\"en-US\",\"potentialAction\":[{\"@type\":\"ReadAction\",\"target\":[\"https:\\\/\\\/biljardi.fi\\\/en\\\/product\\\/joy-q8-9-heyball-billiard-table\\\/\"]}]},{\"@type\":\"ImageObject\",\"inLanguage\":\"en-US\",\"@id\":\"https:\\\/\\\/biljardi.fi\\\/en\\\/product\\\/joy-q8-9-heyball-billiard-table\\\/#primaryimage\",\"url\":\"https:\\\/\\\/biljardi.fi\\\/wp-content\\\/uploads\\\/2021\\\/09\\\/JoyQ8.jpg\",\"contentUrl\":\"https:\\\/\\\/biljardi.fi\\\/wp-content\\\/uploads\\\/2021\\\/09\\\/JoyQ8.jpg\",\"width\":1157,\"height\":751},{\"@type\":\"BreadcrumbList\",\"@id\":\"https:\\\/\\\/biljardi.fi\\\/en\\\/product\\\/joy-q8-9-heyball-billiard-table\\\/#breadcrumb\",\"itemListElement\":[{\"@type\":\"ListItem\",\"position\":1,\"name\":\"Etusivu\",\"item\":\"https:\\\/\\\/biljardi.fi\\\/en\\\/home\\\/\"},{\"@type\":\"ListItem\",\"position\":2,\"name\":\"Shop\",\"item\":\"https:\\\/\\\/biljardi.fi\\\/en\\\/shop\\\/\"},{\"@type\":\"ListItem\",\"position\":3,\"name\":\"Joy Q8 9&#8242; Heyball billiard table\"}]},{\"@type\":\"WebSite\",\"@id\":\"https:\\\/\\\/biljardi.fi\\\/en\\\/#website\",\"url\":\"https:\\\/\\\/biljardi.fi\\\/en\\\/\",\"name\":\"Suomen Biljardimyynti Oy\",\"description\":\"Biljardip\u00f6yd\u00e4t, Biljardi, Darts, Ilmakiekko, P\u00f6yt\u00e4jalkapallo\",\"publisher\":{\"@id\":\"https:\\\/\\\/biljardi.fi\\\/en\\\/#organization\"},\"potentialAction\":[{\"@type\":\"SearchAction\",\"target\":{\"@type\":\"EntryPoint\",\"urlTemplate\":\"https:\\\/\\\/biljardi.fi\\\/en\\\/?s={search_term_string}\"},\"query-input\":{\"@type\":\"PropertyValueSpecification\",\"valueRequired\":true,\"valueName\":\"search_term_string\"}}],\"inLanguage\":\"en-US\"},{\"@type\":\"Organization\",\"@id\":\"https:\\\/\\\/biljardi.fi\\\/en\\\/#organization\",\"name\":\"Suomen Biljardimyynti Oy\",\"url\":\"https:\\\/\\\/biljardi.fi\\\/en\\\/\",\"logo\":{\"@type\":\"ImageObject\",\"inLanguage\":\"en-US\",\"@id\":\"https:\\\/\\\/biljardi.fi\\\/en\\\/#\\\/schema\\\/logo\\\/image\\\/\",\"url\":\"https:\\\/\\\/biljardi.fi\\\/wp-content\\\/uploads\\\/2025\\\/10\\\/logo_uus-1.png\",\"contentUrl\":\"https:\\\/\\\/biljardi.fi\\\/wp-content\\\/uploads\\\/2025\\\/10\\\/logo_uus-1.png\",\"width\":360,\"height\":94,\"caption\":\"Suomen Biljardimyynti Oy\"},\"image\":{\"@id\":\"https:\\\/\\\/biljardi.fi\\\/en\\\/#\\\/schema\\\/logo\\\/image\\\/\"}}]}<\/script>\n<!-- \/ Yoast SEO plugin. -->","yoast_head_json":{"title":"[wpseo_titles]title-Tuote","description":"[wpseo_titles]metadesc-Tuote","robots":{"index":"index","follow":"follow","max-snippet":"max-snippet:-1","max-image-preview":"max-image-preview:large","max-video-preview":"max-video-preview:-1"},"canonical":"https:\/\/biljardi.fi\/en\/product\/joy-q8-9-heyball-billiard-table\/","og_locale":"en_US","og_type":"article","og_title":"[wpseo_titles]title-Tuote","og_description":"[wpseo_titles]metadesc-Tuote","og_url":"https:\/\/biljardi.fi\/en\/product\/joy-q8-9-heyball-billiard-table\/","og_site_name":"Suomen Biljardimyynti Oy","og_image":[{"width":1157,"height":751,"url":"https:\/\/biljardi.fi\/wp-content\/uploads\/2021\/09\/JoyQ8.jpg","type":"image\/jpeg"}],"twitter_card":"summary_large_image","twitter_misc":{"Est. reading time":"1 minute"},"schema":{"@context":"https:\/\/schema.org","@graph":[{"@type":"WebPage","@id":"https:\/\/biljardi.fi\/en\/product\/joy-q8-9-heyball-billiard-table\/","url":"https:\/\/biljardi.fi\/en\/product\/joy-q8-9-heyball-billiard-table\/","name":"[wpseo_titles]title-Tuote","isPartOf":{"@id":"https:\/\/biljardi.fi\/en\/#website"},"primaryImageOfPage":{"@id":"https:\/\/biljardi.fi\/en\/product\/joy-q8-9-heyball-billiard-table\/#primaryimage"},"image":{"@id":"https:\/\/biljardi.fi\/en\/product\/joy-q8-9-heyball-billiard-table\/#primaryimage"},"thumbnailUrl":"https:\/\/biljardi.fi\/wp-content\/uploads\/2021\/09\/JoyQ8.jpg","datePublished":"2021-09-10T16:26:37+00:00","description":"[wpseo_titles]metadesc-Tuote","breadcrumb":{"@id":"https:\/\/biljardi.fi\/en\/product\/joy-q8-9-heyball-billiard-table\/#breadcrumb"},"inLanguage":"en-US","potentialAction":[{"@type":"ReadAction","target":["https:\/\/biljardi.fi\/en\/product\/joy-q8-9-heyball-billiard-table\/"]}]},{"@type":"ImageObject","inLanguage":"en-US","@id":"https:\/\/biljardi.fi\/en\/product\/joy-q8-9-heyball-billiard-table\/#primaryimage","url":"https:\/\/biljardi.fi\/wp-content\/uploads\/2021\/09\/JoyQ8.jpg","contentUrl":"https:\/\/biljardi.fi\/wp-content\/uploads\/2021\/09\/JoyQ8.jpg","width":1157,"height":751},{"@type":"BreadcrumbList","@id":"https:\/\/biljardi.fi\/en\/product\/joy-q8-9-heyball-billiard-table\/#breadcrumb","itemListElement":[{"@type":"ListItem","position":1,"name":"Etusivu","item":"https:\/\/biljardi.fi\/en\/home\/"},{"@type":"ListItem","position":2,"name":"Shop","item":"https:\/\/biljardi.fi\/en\/shop\/"},{"@type":"ListItem","position":3,"name":"Joy Q8 9&#8242; Heyball billiard table"}]},{"@type":"WebSite","@id":"https:\/\/biljardi.fi\/en\/#website","url":"https:\/\/biljardi.fi\/en\/","name":"Suomen Biljardimyynti Oy","description":"Biljardip\u00f6yd\u00e4t, Biljardi, Darts, Ilmakiekko, P\u00f6yt\u00e4jalkapallo","publisher":{"@id":"https:\/\/biljardi.fi\/en\/#organization"},"potentialAction":[{"@type":"SearchAction","target":{"@type":"EntryPoint","urlTemplate":"https:\/\/biljardi.fi\/en\/?s={search_term_string}"},"query-input":{"@type":"PropertyValueSpecification","valueRequired":true,"valueName":"search_term_string"}}],"inLanguage":"en-US"},{"@type":"Organization","@id":"https:\/\/biljardi.fi\/en\/#organization","name":"Suomen Biljardimyynti Oy","url":"https:\/\/biljardi.fi\/en\/","logo":{"@type":"ImageObject","inLanguage":"en-US","@id":"https:\/\/biljardi.fi\/en\/#\/schema\/logo\/image\/","url":"https:\/\/biljardi.fi\/wp-content\/uploads\/2025\/10\/logo_uus-1.png","contentUrl":"https:\/\/biljardi.fi\/wp-content\/uploads\/2025\/10\/logo_uus-1.png","width":360,"height":94,"caption":"Suomen Biljardimyynti Oy"},"image":{"@id":"https:\/\/biljardi.fi\/en\/#\/schema\/logo\/image\/"}}]}},"_links":{"self":[{"href":"https:\/\/biljardi.fi\/en\/wp-json\/wp\/v2\/product\/73745","targetHints":{"allow":["GET"]}}],"collection":[{"href":"https:\/\/biljardi.fi\/en\/wp-json\/wp\/v2\/product"}],"about":[{"href":"https:\/\/biljardi.fi\/en\/wp-json\/wp\/v2\/types\/product"}],"replies":[{"embeddable":true,"href":"https:\/\/biljardi.fi\/en\/wp-json\/wp\/v2\/comments?post=73745"}],"wp:featuredmedia":[{"embeddable":true,"href":"https:\/\/biljardi.fi\/en\/wp-json\/wp\/v2\/media\/57098"}],"wp:attachment":[{"href":"https:\/\/biljardi.fi\/en\/wp-json\/wp\/v2\/media?parent=73745"}],"wp:term":[{"taxonomy":"product_brand","embeddable":true,"href":"https:\/\/biljardi.fi\/en\/wp-json\/wp\/v2\/product_brand?post=73745"},{"taxonomy":"product_cat","embeddable":true,"href":"https:\/\/biljardi.fi\/en\/wp-json\/wp\/v2\/product_cat?post=73745"},{"taxonomy":"product_tag","embeddable":true,"href":"https:\/\/biljardi.fi\/en\/wp-json\/wp\/v2\/product_tag?post=73745"},{"taxonomy":"giftcard-category","embeddable":true,"href":"https:\/\/biljardi.fi\/en\/wp-json\/wp\/v2\/giftcard-category?post=73745"}],"curies":[{"name":"wp","href":"https:\/\/api.w.org\/{rel}","templated":true}]}}