{"id":73744,"date":"2021-11-03T19:24:32","date_gmt":"2021-11-03T17:24:32","guid":{"rendered":"https:\/\/biljardi.fi\/tuote\/players-c-801-pool-cue\/"},"modified":"2021-11-03T19:24:32","modified_gmt":"2021-11-03T17:24:32","slug":"players-c-801-pool-cue","status":"publish","type":"product","link":"https:\/\/biljardi.fi\/en\/product\/players-c-801-pool-cue\/","title":{"rendered":"Players C-801 pool cue"},"content":{"rendered":"<p>For over 25 years, Players\u00ae pool cues have been extremely popular among players worldwide. Not least because Players cues offer the same features usually found in cues twice the price. Plus, they come with a lifetime warranty\u2014even against warping!   <\/p>\n<p>Players C-801 pool cue features:<\/p>\n<ul class=\"a-vertical a-spacing-none\">\n<li>100% hand-selected North American hard rock maple ensures maximum quality and straightness.<\/li>\n<li>The wood is dried and treated with a patented system to protect against warping in all conditions.<\/li>\n<li>Extra-hard ferrule with a lifetime warranty against cracking and chipping.<\/li>\n<li>French Le Pro leather tip<\/li>\n<li>High-gloss &#8220;Super-UV&#8221; finish protects the cue&#8217;s surface from fading and chipping.<\/li>\n<li>Adjustable weight<\/li>\n<li>Gloss black butt with cocobolo wood inlay and white imitation ivory.<\/li>\n<li>Wrapless<\/li>\n<li>5\/16 x 18 joint<\/li>\n<li>15&#8243; pro taper<\/li>\n<\/ul>\n<div class=\"brief-descr product-description\" data-inline-editable=\"\" data-model=\"XLiteModelProduct\" data-identifier=\"21573\" data-property=\"briefDescription\" data-inline-editor-config=\"{\"toolbarInline\":true,\"toolbarVisibleWithoutSelection\":true,\"charCounterCount\":false,\"imageUploadURL\":\"https:\/\/www.cueandcase.com\/admin.php?target=files&amp;action=upload_from_file&amp;mode=json&amp;type=image\",\"imageManagerLoadURL\":\"https:\/\/www.cueandcase.com\/admin.php?target=files&amp;action=get_image_manager_list\",\"imageManagerDeleteURL\":\"https:\/\/www.cueandcase.com\/admin.php?target=files&amp;action=remove_from_image_manager\",\"imageUploadParam\":\"file\",\"imageUploadParams\":{\"url_param_name\":\"link\"},\"zIndex\":9990,\"requestHeaders\":{\"X-Requested-With\":\"XMLHttpRequest\"},\"toolbarButtons\":[\"fontFamily\",\"fontSize\",\"|\",\"bold\",\"italic\",\"underline\",\"strikeThrough\",\"color\",\"-\",\"paragraphFormat\",\"paragraphStyle\",\"align\",\"formatOL\",\"formatUL\",\"|\",\"indent\",\"outdent\",\"-\",\"insertImage\",\"insertTable\",\"insertLink\",\"insertVideo\",\"|\",\"undo\",\"redo\",\"html\"],\"toolbarButtonsMD\":[\"fontFamily\",\"fontSize\",\"|\",\"bold\",\"italic\",\"underline\",\"strikeThrough\",\"color\",\"-\",\"paragraphFormat\",\"paragraphStyle\",\"align\",\"formatOL\",\"formatUL\",\"|\",\"indent\",\"outdent\",\"-\",\"insertImage\",\"insertTable\",\"insertLink\",\"insertVideo\",\"|\",\"undo\",\"redo\",\"html\"],\"toolbarButtonsSM\":[\"fontFamily\",\"fontSize\",\"|\",\"bold\",\"italic\",\"underline\",\"strikeThrough\",\"color\",\"-\",\"paragraphFormat\",\"paragraphStyle\",\"align\",\"formatOL\",\"formatUL\",\"|\",\"indent\",\"outdent\",\"-\",\"insertImage\",\"insertTable\",\"insertLink\",\"insertVideo\",\"|\",\"undo\",\"redo\",\"html\"],\"toolbarButtonsXS\":[\"fontFamily\",\"fontSize\",\"|\",\"bold\",\"italic\",\"underline\",\"strikeThrough\",\"color\",\"-\",\"paragraphFormat\",\"paragraphStyle\",\"align\",\"formatOL\",\"formatUL\",\"|\",\"indent\",\"outdent\",\"-\",\"insertImage\",\"insertTable\",\"insertLink\",\"insertVideo\",\"|\",\"undo\",\"redo\",\"html\"]}\"><\/div>\n","protected":false},"excerpt":{"rendered":"<p>For over 25 years, Players\u00ae pool cues have been extremely popular among players worldwide. Not least because Players cues offer the same features usually found in cues twice the price. Plus, they come with a lifetime warranty\u2014even against warping! Players C-801 pool cue features: 100% hand-selected North American hard rock maple ensures maximum quality and [&hellip;]<\/p>\n","protected":false},"featured_media":70981,"comment_status":"open","ping_status":"closed","template":"","meta":[],"product_brand":[],"product_cat":[2071],"product_tag":[2028,2015,2014,2149,2029],"giftcard-category":[],"class_list":{"0":"post-73744","1":"product","2":"type-product","3":"status-publish","4":"has-post-thumbnail","6":"product_cat-pool-cues","7":"product_tag-billiard-cue","8":"product_tag-billiard-sales","9":"product_tag-billiards","10":"product_tag-players","11":"product_tag-pool-cue","13":"first","14":"outofstock","15":"taxable","16":"shipping-taxable","17":"purchasable","18":"product-type-simple"},"exclude_global_add_ons":false,"addons":[],"yoast_head":"<!-- This site is optimized with the Yoast SEO plugin v27.6 - https:\/\/yoast.com\/product\/yoast-seo-wordpress\/ -->\n<title>[wpseo_titles]title-Tuote<\/title>\n<meta name=\"description\" content=\"[wpseo_titles]metadesc-Tuote\" \/>\n<meta name=\"robots\" content=\"index, follow, max-snippet:-1, max-image-preview:large, max-video-preview:-1\" \/>\n<link rel=\"canonical\" href=\"https:\/\/biljardi.fi\/en\/product\/players-c-801-pool-cue\/\" \/>\n<meta property=\"og:locale\" content=\"en_US\" \/>\n<meta property=\"og:type\" content=\"article\" \/>\n<meta property=\"og:title\" content=\"[wpseo_titles]title-Tuote\" \/>\n<meta property=\"og:description\" content=\"[wpseo_titles]metadesc-Tuote\" \/>\n<meta property=\"og:url\" content=\"https:\/\/biljardi.fi\/en\/product\/players-c-801-pool-cue\/\" \/>\n<meta property=\"og:site_name\" content=\"Suomen Biljardimyynti Oy\" \/>\n<meta property=\"og:image\" content=\"https:\/\/biljardi.fi\/wp-content\/uploads\/2021\/11\/batch-1-players-4-point-crimson-wrapless-cue__c-801_1.webp\" \/>\n\t<meta property=\"og:image:width\" content=\"1000\" \/>\n\t<meta property=\"og:image:height\" content=\"1000\" \/>\n\t<meta property=\"og:image:type\" content=\"image\/webp\" \/>\n<meta name=\"twitter:card\" content=\"summary_large_image\" \/>\n<meta name=\"twitter:label1\" content=\"Est. reading time\" \/>\n\t<meta name=\"twitter:data1\" content=\"1 minute\" \/>\n<script type=\"application\/ld+json\" class=\"yoast-schema-graph\">{\"@context\":\"https:\\\/\\\/schema.org\",\"@graph\":[{\"@type\":\"WebPage\",\"@id\":\"https:\\\/\\\/biljardi.fi\\\/en\\\/product\\\/players-c-801-pool-cue\\\/\",\"url\":\"https:\\\/\\\/biljardi.fi\\\/en\\\/product\\\/players-c-801-pool-cue\\\/\",\"name\":\"[wpseo_titles]title-Tuote\",\"isPartOf\":{\"@id\":\"https:\\\/\\\/biljardi.fi\\\/en\\\/#website\"},\"primaryImageOfPage\":{\"@id\":\"https:\\\/\\\/biljardi.fi\\\/en\\\/product\\\/players-c-801-pool-cue\\\/#primaryimage\"},\"image\":{\"@id\":\"https:\\\/\\\/biljardi.fi\\\/en\\\/product\\\/players-c-801-pool-cue\\\/#primaryimage\"},\"thumbnailUrl\":\"https:\\\/\\\/biljardi.fi\\\/wp-content\\\/uploads\\\/2021\\\/11\\\/batch-1-players-4-point-crimson-wrapless-cue__c-801_1.webp\",\"datePublished\":\"2021-11-03T17:24:32+00:00\",\"description\":\"[wpseo_titles]metadesc-Tuote\",\"breadcrumb\":{\"@id\":\"https:\\\/\\\/biljardi.fi\\\/en\\\/product\\\/players-c-801-pool-cue\\\/#breadcrumb\"},\"inLanguage\":\"en-US\",\"potentialAction\":[{\"@type\":\"ReadAction\",\"target\":[\"https:\\\/\\\/biljardi.fi\\\/en\\\/product\\\/players-c-801-pool-cue\\\/\"]}]},{\"@type\":\"ImageObject\",\"inLanguage\":\"en-US\",\"@id\":\"https:\\\/\\\/biljardi.fi\\\/en\\\/product\\\/players-c-801-pool-cue\\\/#primaryimage\",\"url\":\"https:\\\/\\\/biljardi.fi\\\/wp-content\\\/uploads\\\/2021\\\/11\\\/batch-1-players-4-point-crimson-wrapless-cue__c-801_1.webp\",\"contentUrl\":\"https:\\\/\\\/biljardi.fi\\\/wp-content\\\/uploads\\\/2021\\\/11\\\/batch-1-players-4-point-crimson-wrapless-cue__c-801_1.webp\",\"width\":1000,\"height\":1000},{\"@type\":\"BreadcrumbList\",\"@id\":\"https:\\\/\\\/biljardi.fi\\\/en\\\/product\\\/players-c-801-pool-cue\\\/#breadcrumb\",\"itemListElement\":[{\"@type\":\"ListItem\",\"position\":1,\"name\":\"Etusivu\",\"item\":\"https:\\\/\\\/biljardi.fi\\\/en\\\/home\\\/\"},{\"@type\":\"ListItem\",\"position\":2,\"name\":\"Shop\",\"item\":\"https:\\\/\\\/biljardi.fi\\\/en\\\/shop\\\/\"},{\"@type\":\"ListItem\",\"position\":3,\"name\":\"Players C-801 pool cue\"}]},{\"@type\":\"WebSite\",\"@id\":\"https:\\\/\\\/biljardi.fi\\\/en\\\/#website\",\"url\":\"https:\\\/\\\/biljardi.fi\\\/en\\\/\",\"name\":\"Suomen Biljardimyynti Oy\",\"description\":\"Biljardip\u00f6yd\u00e4t, Biljardi, Darts, Ilmakiekko, P\u00f6yt\u00e4jalkapallo\",\"publisher\":{\"@id\":\"https:\\\/\\\/biljardi.fi\\\/en\\\/#organization\"},\"potentialAction\":[{\"@type\":\"SearchAction\",\"target\":{\"@type\":\"EntryPoint\",\"urlTemplate\":\"https:\\\/\\\/biljardi.fi\\\/en\\\/?s={search_term_string}\"},\"query-input\":{\"@type\":\"PropertyValueSpecification\",\"valueRequired\":true,\"valueName\":\"search_term_string\"}}],\"inLanguage\":\"en-US\"},{\"@type\":\"Organization\",\"@id\":\"https:\\\/\\\/biljardi.fi\\\/en\\\/#organization\",\"name\":\"Suomen Biljardimyynti Oy\",\"url\":\"https:\\\/\\\/biljardi.fi\\\/en\\\/\",\"logo\":{\"@type\":\"ImageObject\",\"inLanguage\":\"en-US\",\"@id\":\"https:\\\/\\\/biljardi.fi\\\/en\\\/#\\\/schema\\\/logo\\\/image\\\/\",\"url\":\"https:\\\/\\\/biljardi.fi\\\/wp-content\\\/uploads\\\/2025\\\/10\\\/logo_uus-1.png\",\"contentUrl\":\"https:\\\/\\\/biljardi.fi\\\/wp-content\\\/uploads\\\/2025\\\/10\\\/logo_uus-1.png\",\"width\":360,\"height\":94,\"caption\":\"Suomen Biljardimyynti Oy\"},\"image\":{\"@id\":\"https:\\\/\\\/biljardi.fi\\\/en\\\/#\\\/schema\\\/logo\\\/image\\\/\"}}]}<\/script>\n<!-- \/ Yoast SEO plugin. -->","yoast_head_json":{"title":"[wpseo_titles]title-Tuote","description":"[wpseo_titles]metadesc-Tuote","robots":{"index":"index","follow":"follow","max-snippet":"max-snippet:-1","max-image-preview":"max-image-preview:large","max-video-preview":"max-video-preview:-1"},"canonical":"https:\/\/biljardi.fi\/en\/product\/players-c-801-pool-cue\/","og_locale":"en_US","og_type":"article","og_title":"[wpseo_titles]title-Tuote","og_description":"[wpseo_titles]metadesc-Tuote","og_url":"https:\/\/biljardi.fi\/en\/product\/players-c-801-pool-cue\/","og_site_name":"Suomen Biljardimyynti Oy","og_image":[{"width":1000,"height":1000,"url":"https:\/\/biljardi.fi\/wp-content\/uploads\/2021\/11\/batch-1-players-4-point-crimson-wrapless-cue__c-801_1.webp","type":"image\/webp"}],"twitter_card":"summary_large_image","twitter_misc":{"Est. reading time":"1 minute"},"schema":{"@context":"https:\/\/schema.org","@graph":[{"@type":"WebPage","@id":"https:\/\/biljardi.fi\/en\/product\/players-c-801-pool-cue\/","url":"https:\/\/biljardi.fi\/en\/product\/players-c-801-pool-cue\/","name":"[wpseo_titles]title-Tuote","isPartOf":{"@id":"https:\/\/biljardi.fi\/en\/#website"},"primaryImageOfPage":{"@id":"https:\/\/biljardi.fi\/en\/product\/players-c-801-pool-cue\/#primaryimage"},"image":{"@id":"https:\/\/biljardi.fi\/en\/product\/players-c-801-pool-cue\/#primaryimage"},"thumbnailUrl":"https:\/\/biljardi.fi\/wp-content\/uploads\/2021\/11\/batch-1-players-4-point-crimson-wrapless-cue__c-801_1.webp","datePublished":"2021-11-03T17:24:32+00:00","description":"[wpseo_titles]metadesc-Tuote","breadcrumb":{"@id":"https:\/\/biljardi.fi\/en\/product\/players-c-801-pool-cue\/#breadcrumb"},"inLanguage":"en-US","potentialAction":[{"@type":"ReadAction","target":["https:\/\/biljardi.fi\/en\/product\/players-c-801-pool-cue\/"]}]},{"@type":"ImageObject","inLanguage":"en-US","@id":"https:\/\/biljardi.fi\/en\/product\/players-c-801-pool-cue\/#primaryimage","url":"https:\/\/biljardi.fi\/wp-content\/uploads\/2021\/11\/batch-1-players-4-point-crimson-wrapless-cue__c-801_1.webp","contentUrl":"https:\/\/biljardi.fi\/wp-content\/uploads\/2021\/11\/batch-1-players-4-point-crimson-wrapless-cue__c-801_1.webp","width":1000,"height":1000},{"@type":"BreadcrumbList","@id":"https:\/\/biljardi.fi\/en\/product\/players-c-801-pool-cue\/#breadcrumb","itemListElement":[{"@type":"ListItem","position":1,"name":"Etusivu","item":"https:\/\/biljardi.fi\/en\/home\/"},{"@type":"ListItem","position":2,"name":"Shop","item":"https:\/\/biljardi.fi\/en\/shop\/"},{"@type":"ListItem","position":3,"name":"Players C-801 pool cue"}]},{"@type":"WebSite","@id":"https:\/\/biljardi.fi\/en\/#website","url":"https:\/\/biljardi.fi\/en\/","name":"Suomen Biljardimyynti Oy","description":"Biljardip\u00f6yd\u00e4t, Biljardi, Darts, Ilmakiekko, P\u00f6yt\u00e4jalkapallo","publisher":{"@id":"https:\/\/biljardi.fi\/en\/#organization"},"potentialAction":[{"@type":"SearchAction","target":{"@type":"EntryPoint","urlTemplate":"https:\/\/biljardi.fi\/en\/?s={search_term_string}"},"query-input":{"@type":"PropertyValueSpecification","valueRequired":true,"valueName":"search_term_string"}}],"inLanguage":"en-US"},{"@type":"Organization","@id":"https:\/\/biljardi.fi\/en\/#organization","name":"Suomen Biljardimyynti Oy","url":"https:\/\/biljardi.fi\/en\/","logo":{"@type":"ImageObject","inLanguage":"en-US","@id":"https:\/\/biljardi.fi\/en\/#\/schema\/logo\/image\/","url":"https:\/\/biljardi.fi\/wp-content\/uploads\/2025\/10\/logo_uus-1.png","contentUrl":"https:\/\/biljardi.fi\/wp-content\/uploads\/2025\/10\/logo_uus-1.png","width":360,"height":94,"caption":"Suomen Biljardimyynti Oy"},"image":{"@id":"https:\/\/biljardi.fi\/en\/#\/schema\/logo\/image\/"}}]}},"_links":{"self":[{"href":"https:\/\/biljardi.fi\/en\/wp-json\/wp\/v2\/product\/73744","targetHints":{"allow":["GET"]}}],"collection":[{"href":"https:\/\/biljardi.fi\/en\/wp-json\/wp\/v2\/product"}],"about":[{"href":"https:\/\/biljardi.fi\/en\/wp-json\/wp\/v2\/types\/product"}],"replies":[{"embeddable":true,"href":"https:\/\/biljardi.fi\/en\/wp-json\/wp\/v2\/comments?post=73744"}],"wp:featuredmedia":[{"embeddable":true,"href":"https:\/\/biljardi.fi\/en\/wp-json\/wp\/v2\/media\/70981"}],"wp:attachment":[{"href":"https:\/\/biljardi.fi\/en\/wp-json\/wp\/v2\/media?parent=73744"}],"wp:term":[{"taxonomy":"product_brand","embeddable":true,"href":"https:\/\/biljardi.fi\/en\/wp-json\/wp\/v2\/product_brand?post=73744"},{"taxonomy":"product_cat","embeddable":true,"href":"https:\/\/biljardi.fi\/en\/wp-json\/wp\/v2\/product_cat?post=73744"},{"taxonomy":"product_tag","embeddable":true,"href":"https:\/\/biljardi.fi\/en\/wp-json\/wp\/v2\/product_tag?post=73744"},{"taxonomy":"giftcard-category","embeddable":true,"href":"https:\/\/biljardi.fi\/en\/wp-json\/wp\/v2\/giftcard-category?post=73744"}],"curies":[{"name":"wp","href":"https:\/\/api.w.org\/{rel}","templated":true}]}}