{"id":73724,"date":"2021-11-05T18:12:07","date_gmt":"2021-11-05T16:12:07","guid":{"rendered":"https:\/\/biljardi.fi\/tuote\/holly-butterfly-case-3-5-pool-cue-case\/"},"modified":"2021-11-05T18:12:07","modified_gmt":"2021-11-05T16:12:07","slug":"holly-butterfly-case-3-5-pool-cue-case","status":"publish","type":"product","link":"https:\/\/biljardi.fi\/en\/product\/holly-butterfly-case-3-5-pool-cue-case\/","title":{"rendered":"Holly Butterfly Case 3\/5 pool cue case"},"content":{"rendered":"<p><span class=\"VIiyi\" lang=\"fi\"><span class=\"JLqJ4b ChMk0b\" data-language-for-alternatives=\"fi\" data-language-to-translate-into=\"en\" data-phrase-index=\"0\">Holly Butterfly Case 3\/5 semi-soft pool cue case<\/span><\/span><\/p>\n<p><span class=\"VIiyi\" lang=\"fi\"><span class=\"JLqJ4b ChMk0b\" data-language-for-alternatives=\"fi\" data-language-to-translate-into=\"en\" data-phrase-index=\"0\">Uncompromising craftsmanship at its best,<\/span> <span class=\"JLqJ4b ChMk0b\" data-language-for-alternatives=\"fi\" data-language-to-translate-into=\"en\" data-phrase-index=\"2\">Holly Case dares<\/span> <span class=\"JLqJ4b ChMk0b\" data-language-for-alternatives=\"fi\" data-language-to-translate-into=\"en\" data-phrase-index=\"4\">to stand out from the crowd.<\/span> <span class=\"JLqJ4b ChMk0b\" data-language-for-alternatives=\"fi\" data-language-to-translate-into=\"en\" data-phrase-index=\"5\">Made from synthetic leather. Two pockets for accessories, and a separate compartment for each cue.<\/span> <span class=\"JLqJ4b ChMk0b\" data-language-for-alternatives=\"fi\" data-language-to-translate-into=\"en\" data-phrase-index=\"18\">Available in multiple colors.<\/span><\/span><\/p>\n<p>Holds 3 butts and 5 shafts.<\/p>\n","protected":false},"excerpt":{"rendered":"<p>Holly Butterfly Case 3\/5 semi-soft pool cue case Uncompromising craftsmanship at its best, Holly Case dares to stand out from the crowd. Made from synthetic leather. Two pockets for accessories, and a separate compartment for each cue. Available in multiple colors. Holds 3 butts and 5 shafts.<\/p>\n","protected":false},"featured_media":57679,"comment_status":"open","ping_status":"closed","template":"","meta":[],"product_brand":[],"product_cat":[2027],"product_tag":[2014,2031,2029,2030],"giftcard-category":[],"class_list":{"0":"post-73724","1":"product","2":"type-product","3":"status-publish","4":"has-post-thumbnail","6":"product_cat-cue-cases","7":"product_tag-billiards","8":"product_tag-cue-case","9":"product_tag-pool-cue","10":"product_tag-snooker-cue","11":"pa_vari-black","12":"pa_vari-brown","13":"pa_vari-gray","14":"pa_vari-green","15":"pa_vari-red","16":"pa_vari-white","17":"pa_vari-yellow","19":"first","20":"instock","21":"taxable","22":"shipping-taxable","23":"purchasable","24":"product-type-simple"},"exclude_global_add_ons":false,"addons":[{"name":"Color","type":"multiple_choice","position":0,"required":false,"title_format":"heading","default":"","description_enable":false,"description":null,"placeholder_enable":false,"placeholder":null,"display":"select","restrictions_type":"any_text","adjust_price":false,"price":"","price_type":"flat_fee","restrictions":false,"min":"0","max":"0","options":[{"label":"Black\/black","price":"","price_type":"flat_fee","image":0,"visibility":true},{"label":"Black\/orange","price":"","price_type":"flat_fee","image":0,"visibility":true},{"label":"Black\/yellow","price":"","price_type":"flat_fee","image":0,"visibility":true},{"label":"Black\/red","price":"","price_type":"flat_fee","image":0,"visibility":true},{"label":"Black\/yellow","price":"","price_type":"flat_fee","image":0,"visibility":true},{"label":"Black\/white","price":"","price_type":"flat_fee","image":0,"visibility":true}],"id":1760020968}],"yoast_head":"<!-- This site is optimized with the Yoast SEO plugin v27.6 - https:\/\/yoast.com\/product\/yoast-seo-wordpress\/ -->\n<title>[wpseo_titles]title-Tuote<\/title>\n<meta name=\"description\" content=\"[wpseo_titles]metadesc-Tuote\" \/>\n<meta name=\"robots\" content=\"index, follow, max-snippet:-1, max-image-preview:large, max-video-preview:-1\" \/>\n<link rel=\"canonical\" href=\"https:\/\/biljardi.fi\/en\/product\/holly-butterfly-case-3-5-pool-cue-case\/\" \/>\n<meta property=\"og:locale\" content=\"en_US\" \/>\n<meta property=\"og:type\" content=\"article\" \/>\n<meta property=\"og:title\" content=\"[wpseo_titles]title-Tuote\" \/>\n<meta property=\"og:description\" content=\"[wpseo_titles]metadesc-Tuote\" \/>\n<meta property=\"og:url\" content=\"https:\/\/biljardi.fi\/en\/product\/holly-butterfly-case-3-5-pool-cue-case\/\" \/>\n<meta property=\"og:site_name\" content=\"Suomen Biljardimyynti Oy\" \/>\n<meta property=\"og:image\" content=\"https:\/\/biljardi.fi\/wp-content\/uploads\/2021\/11\/DSC00264-e1636129686773.png\" \/>\n\t<meta property=\"og:image:width\" content=\"1061\" \/>\n\t<meta property=\"og:image:height\" content=\"1591\" \/>\n\t<meta property=\"og:image:type\" content=\"image\/png\" \/>\n<meta name=\"twitter:card\" content=\"summary_large_image\" \/>\n<script type=\"application\/ld+json\" class=\"yoast-schema-graph\">{\"@context\":\"https:\\\/\\\/schema.org\",\"@graph\":[{\"@type\":\"WebPage\",\"@id\":\"https:\\\/\\\/biljardi.fi\\\/en\\\/product\\\/holly-butterfly-case-3-5-pool-cue-case\\\/\",\"url\":\"https:\\\/\\\/biljardi.fi\\\/en\\\/product\\\/holly-butterfly-case-3-5-pool-cue-case\\\/\",\"name\":\"[wpseo_titles]title-Tuote\",\"isPartOf\":{\"@id\":\"https:\\\/\\\/biljardi.fi\\\/en\\\/#website\"},\"primaryImageOfPage\":{\"@id\":\"https:\\\/\\\/biljardi.fi\\\/en\\\/product\\\/holly-butterfly-case-3-5-pool-cue-case\\\/#primaryimage\"},\"image\":{\"@id\":\"https:\\\/\\\/biljardi.fi\\\/en\\\/product\\\/holly-butterfly-case-3-5-pool-cue-case\\\/#primaryimage\"},\"thumbnailUrl\":\"https:\\\/\\\/biljardi.fi\\\/wp-content\\\/uploads\\\/2021\\\/11\\\/DSC00264-e1636129686773.png\",\"datePublished\":\"2021-11-05T16:12:07+00:00\",\"description\":\"[wpseo_titles]metadesc-Tuote\",\"breadcrumb\":{\"@id\":\"https:\\\/\\\/biljardi.fi\\\/en\\\/product\\\/holly-butterfly-case-3-5-pool-cue-case\\\/#breadcrumb\"},\"inLanguage\":\"en-US\",\"potentialAction\":[{\"@type\":\"ReadAction\",\"target\":[\"https:\\\/\\\/biljardi.fi\\\/en\\\/product\\\/holly-butterfly-case-3-5-pool-cue-case\\\/\"]}]},{\"@type\":\"ImageObject\",\"inLanguage\":\"en-US\",\"@id\":\"https:\\\/\\\/biljardi.fi\\\/en\\\/product\\\/holly-butterfly-case-3-5-pool-cue-case\\\/#primaryimage\",\"url\":\"https:\\\/\\\/biljardi.fi\\\/wp-content\\\/uploads\\\/2021\\\/11\\\/DSC00264-e1636129686773.png\",\"contentUrl\":\"https:\\\/\\\/biljardi.fi\\\/wp-content\\\/uploads\\\/2021\\\/11\\\/DSC00264-e1636129686773.png\",\"width\":1061,\"height\":1591},{\"@type\":\"BreadcrumbList\",\"@id\":\"https:\\\/\\\/biljardi.fi\\\/en\\\/product\\\/holly-butterfly-case-3-5-pool-cue-case\\\/#breadcrumb\",\"itemListElement\":[{\"@type\":\"ListItem\",\"position\":1,\"name\":\"Etusivu\",\"item\":\"https:\\\/\\\/biljardi.fi\\\/en\\\/home\\\/\"},{\"@type\":\"ListItem\",\"position\":2,\"name\":\"Shop\",\"item\":\"https:\\\/\\\/biljardi.fi\\\/en\\\/shop\\\/\"},{\"@type\":\"ListItem\",\"position\":3,\"name\":\"Holly Butterfly Case 3\\\/5 pool cue case\"}]},{\"@type\":\"WebSite\",\"@id\":\"https:\\\/\\\/biljardi.fi\\\/en\\\/#website\",\"url\":\"https:\\\/\\\/biljardi.fi\\\/en\\\/\",\"name\":\"Suomen Biljardimyynti Oy\",\"description\":\"Biljardip\u00f6yd\u00e4t, Biljardi, Darts, Ilmakiekko, P\u00f6yt\u00e4jalkapallo\",\"publisher\":{\"@id\":\"https:\\\/\\\/biljardi.fi\\\/en\\\/#organization\"},\"potentialAction\":[{\"@type\":\"SearchAction\",\"target\":{\"@type\":\"EntryPoint\",\"urlTemplate\":\"https:\\\/\\\/biljardi.fi\\\/en\\\/?s={search_term_string}\"},\"query-input\":{\"@type\":\"PropertyValueSpecification\",\"valueRequired\":true,\"valueName\":\"search_term_string\"}}],\"inLanguage\":\"en-US\"},{\"@type\":\"Organization\",\"@id\":\"https:\\\/\\\/biljardi.fi\\\/en\\\/#organization\",\"name\":\"Suomen Biljardimyynti Oy\",\"url\":\"https:\\\/\\\/biljardi.fi\\\/en\\\/\",\"logo\":{\"@type\":\"ImageObject\",\"inLanguage\":\"en-US\",\"@id\":\"https:\\\/\\\/biljardi.fi\\\/en\\\/#\\\/schema\\\/logo\\\/image\\\/\",\"url\":\"https:\\\/\\\/biljardi.fi\\\/wp-content\\\/uploads\\\/2025\\\/10\\\/logo_uus-1.png\",\"contentUrl\":\"https:\\\/\\\/biljardi.fi\\\/wp-content\\\/uploads\\\/2025\\\/10\\\/logo_uus-1.png\",\"width\":360,\"height\":94,\"caption\":\"Suomen Biljardimyynti Oy\"},\"image\":{\"@id\":\"https:\\\/\\\/biljardi.fi\\\/en\\\/#\\\/schema\\\/logo\\\/image\\\/\"}}]}<\/script>\n<!-- \/ Yoast SEO plugin. -->","yoast_head_json":{"title":"[wpseo_titles]title-Tuote","description":"[wpseo_titles]metadesc-Tuote","robots":{"index":"index","follow":"follow","max-snippet":"max-snippet:-1","max-image-preview":"max-image-preview:large","max-video-preview":"max-video-preview:-1"},"canonical":"https:\/\/biljardi.fi\/en\/product\/holly-butterfly-case-3-5-pool-cue-case\/","og_locale":"en_US","og_type":"article","og_title":"[wpseo_titles]title-Tuote","og_description":"[wpseo_titles]metadesc-Tuote","og_url":"https:\/\/biljardi.fi\/en\/product\/holly-butterfly-case-3-5-pool-cue-case\/","og_site_name":"Suomen Biljardimyynti Oy","og_image":[{"width":1061,"height":1591,"url":"https:\/\/biljardi.fi\/wp-content\/uploads\/2021\/11\/DSC00264-e1636129686773.png","type":"image\/png"}],"twitter_card":"summary_large_image","schema":{"@context":"https:\/\/schema.org","@graph":[{"@type":"WebPage","@id":"https:\/\/biljardi.fi\/en\/product\/holly-butterfly-case-3-5-pool-cue-case\/","url":"https:\/\/biljardi.fi\/en\/product\/holly-butterfly-case-3-5-pool-cue-case\/","name":"[wpseo_titles]title-Tuote","isPartOf":{"@id":"https:\/\/biljardi.fi\/en\/#website"},"primaryImageOfPage":{"@id":"https:\/\/biljardi.fi\/en\/product\/holly-butterfly-case-3-5-pool-cue-case\/#primaryimage"},"image":{"@id":"https:\/\/biljardi.fi\/en\/product\/holly-butterfly-case-3-5-pool-cue-case\/#primaryimage"},"thumbnailUrl":"https:\/\/biljardi.fi\/wp-content\/uploads\/2021\/11\/DSC00264-e1636129686773.png","datePublished":"2021-11-05T16:12:07+00:00","description":"[wpseo_titles]metadesc-Tuote","breadcrumb":{"@id":"https:\/\/biljardi.fi\/en\/product\/holly-butterfly-case-3-5-pool-cue-case\/#breadcrumb"},"inLanguage":"en-US","potentialAction":[{"@type":"ReadAction","target":["https:\/\/biljardi.fi\/en\/product\/holly-butterfly-case-3-5-pool-cue-case\/"]}]},{"@type":"ImageObject","inLanguage":"en-US","@id":"https:\/\/biljardi.fi\/en\/product\/holly-butterfly-case-3-5-pool-cue-case\/#primaryimage","url":"https:\/\/biljardi.fi\/wp-content\/uploads\/2021\/11\/DSC00264-e1636129686773.png","contentUrl":"https:\/\/biljardi.fi\/wp-content\/uploads\/2021\/11\/DSC00264-e1636129686773.png","width":1061,"height":1591},{"@type":"BreadcrumbList","@id":"https:\/\/biljardi.fi\/en\/product\/holly-butterfly-case-3-5-pool-cue-case\/#breadcrumb","itemListElement":[{"@type":"ListItem","position":1,"name":"Etusivu","item":"https:\/\/biljardi.fi\/en\/home\/"},{"@type":"ListItem","position":2,"name":"Shop","item":"https:\/\/biljardi.fi\/en\/shop\/"},{"@type":"ListItem","position":3,"name":"Holly Butterfly Case 3\/5 pool cue case"}]},{"@type":"WebSite","@id":"https:\/\/biljardi.fi\/en\/#website","url":"https:\/\/biljardi.fi\/en\/","name":"Suomen Biljardimyynti Oy","description":"Biljardip\u00f6yd\u00e4t, Biljardi, Darts, Ilmakiekko, P\u00f6yt\u00e4jalkapallo","publisher":{"@id":"https:\/\/biljardi.fi\/en\/#organization"},"potentialAction":[{"@type":"SearchAction","target":{"@type":"EntryPoint","urlTemplate":"https:\/\/biljardi.fi\/en\/?s={search_term_string}"},"query-input":{"@type":"PropertyValueSpecification","valueRequired":true,"valueName":"search_term_string"}}],"inLanguage":"en-US"},{"@type":"Organization","@id":"https:\/\/biljardi.fi\/en\/#organization","name":"Suomen Biljardimyynti Oy","url":"https:\/\/biljardi.fi\/en\/","logo":{"@type":"ImageObject","inLanguage":"en-US","@id":"https:\/\/biljardi.fi\/en\/#\/schema\/logo\/image\/","url":"https:\/\/biljardi.fi\/wp-content\/uploads\/2025\/10\/logo_uus-1.png","contentUrl":"https:\/\/biljardi.fi\/wp-content\/uploads\/2025\/10\/logo_uus-1.png","width":360,"height":94,"caption":"Suomen Biljardimyynti Oy"},"image":{"@id":"https:\/\/biljardi.fi\/en\/#\/schema\/logo\/image\/"}}]}},"_links":{"self":[{"href":"https:\/\/biljardi.fi\/en\/wp-json\/wp\/v2\/product\/73724","targetHints":{"allow":["GET"]}}],"collection":[{"href":"https:\/\/biljardi.fi\/en\/wp-json\/wp\/v2\/product"}],"about":[{"href":"https:\/\/biljardi.fi\/en\/wp-json\/wp\/v2\/types\/product"}],"replies":[{"embeddable":true,"href":"https:\/\/biljardi.fi\/en\/wp-json\/wp\/v2\/comments?post=73724"}],"wp:featuredmedia":[{"embeddable":true,"href":"https:\/\/biljardi.fi\/en\/wp-json\/wp\/v2\/media\/57679"}],"wp:attachment":[{"href":"https:\/\/biljardi.fi\/en\/wp-json\/wp\/v2\/media?parent=73724"}],"wp:term":[{"taxonomy":"product_brand","embeddable":true,"href":"https:\/\/biljardi.fi\/en\/wp-json\/wp\/v2\/product_brand?post=73724"},{"taxonomy":"product_cat","embeddable":true,"href":"https:\/\/biljardi.fi\/en\/wp-json\/wp\/v2\/product_cat?post=73724"},{"taxonomy":"product_tag","embeddable":true,"href":"https:\/\/biljardi.fi\/en\/wp-json\/wp\/v2\/product_tag?post=73724"},{"taxonomy":"giftcard-category","embeddable":true,"href":"https:\/\/biljardi.fi\/en\/wp-json\/wp\/v2\/giftcard-category?post=73724"}],"curies":[{"name":"wp","href":"https:\/\/api.w.org\/{rel}","templated":true}]}}