{"id":73632,"date":"2025-03-08T22:37:25","date_gmt":"2025-03-08T20:37:25","guid":{"rendered":"https:\/\/biljardi.fi\/tuote\/air-hockey-table-dino-steel-6\/"},"modified":"2025-03-08T22:37:25","modified_gmt":"2025-03-08T20:37:25","slug":"air-hockey-table-dino-steel-6","status":"publish","type":"product","link":"https:\/\/biljardi.fi\/en\/product\/air-hockey-table-dino-steel-6\/","title":{"rendered":"Air Hockey Table Dino Steel 6&#8242;"},"content":{"rendered":"<p>Air Hockey Table Dino Steel 6&#8242;<\/p>\n<p>High-quality and durable air hockey table for home and commercial use. The Dino Steel air hockey table features a stainless steel playing surface, which provides an exceptionally good playing experience as it repels dirt unlike the plastic typically used in air hockey tables. The Dino Steel air hockey table has steel legs, making it extremely stable.  <\/p>\n<p>The Dino Steel air hockey table has two powerful blowers that ensure good airflow even at the edges of the playing area. Mechanical scorers are included in the price. <\/p>\n<p>A cover is available as an accessory, allowing the table to be used as a dining table. The table is manufactured in the EU. Playing area 90 x 180 cm.  <\/p>\n","protected":false},"excerpt":{"rendered":"<p>Air Hockey Table Dino Steel 6&#8242; High-quality and durable air hockey table for home and commercial use. The Dino Steel air hockey table features a stainless steel playing surface, which provides an exceptionally good playing experience as it repels dirt unlike the plastic typically used in air hockey tables. The Dino Steel air hockey table [&hellip;]<\/p>\n","protected":false},"featured_media":66643,"comment_status":"open","ping_status":"closed","template":"","meta":[],"product_brand":[],"product_cat":[2162],"product_tag":[2198,2164,2015,2052],"giftcard-category":[],"class_list":{"0":"post-73632","1":"product","2":"type-product","3":"status-publish","4":"has-post-thumbnail","6":"product_cat-air-hockey","7":"product_tag-air-hockey","8":"product_tag-air-hockey-table","9":"product_tag-billiard-sales","10":"product_tag-billiards-2","12":"first","13":"instock","14":"taxable","15":"shipping-taxable","16":"purchasable","17":"product-type-simple"},"exclude_global_add_ons":true,"addons":[{"name":"Cover top","type":"checkbox","position":0,"required":false,"title_format":"heading","default":"","description_enable":false,"description":null,"placeholder_enable":false,"placeholder":null,"display":"select","restrictions_type":"any_text","adjust_price":false,"price":"","price_type":"flat_fee","restrictions":false,"min":"0","max":"0","options":[{"label":"Frame-colored wood cover","price":"299","price_type":"quantity_based","image":0,"visibility":true}],"id":1741473809},{"name":"Color","type":"multiple_choice","position":1,"required":false,"title_format":"label","default":"","description_enable":false,"description":null,"placeholder_enable":false,"placeholder":null,"display":"select","restrictions_type":"any_text","adjust_price":false,"price":"","price_type":"flat_fee","restrictions":false,"min":"0","max":"0","options":[{"label":"Black frame, gray legs and rails","price":"","price_type":"flat_fee","image":0,"visibility":true},{"label":"White frame, gray legs and rails","price":"","price_type":"flat_fee","image":0,"visibility":true},{"label":"All black","price":"","price_type":"flat_fee","image":0,"visibility":true}],"id":1741473810}],"yoast_head":"<!-- This site is optimized with the Yoast SEO plugin v27.6 - https:\/\/yoast.com\/product\/yoast-seo-wordpress\/ -->\n<title>[wpseo_titles]title-Tuote<\/title>\n<meta name=\"description\" content=\"[wpseo_titles]metadesc-Tuote\" \/>\n<meta name=\"robots\" content=\"index, follow, max-snippet:-1, max-image-preview:large, max-video-preview:-1\" \/>\n<link rel=\"canonical\" href=\"https:\/\/biljardi.fi\/en\/product\/air-hockey-table-dino-steel-6\/\" \/>\n<meta property=\"og:locale\" content=\"en_US\" \/>\n<meta property=\"og:type\" content=\"article\" \/>\n<meta property=\"og:title\" content=\"[wpseo_titles]title-Tuote\" \/>\n<meta property=\"og:description\" content=\"[wpseo_titles]metadesc-Tuote\" \/>\n<meta property=\"og:url\" content=\"https:\/\/biljardi.fi\/en\/product\/air-hockey-table-dino-steel-6\/\" \/>\n<meta property=\"og:site_name\" content=\"Suomen Biljardimyynti Oy\" \/>\n<meta property=\"og:image\" content=\"https:\/\/biljardi.fi\/wp-content\/uploads\/2025\/03\/AirHockey-table-Dino-OR-BLACK-web1.jpg.webp\" \/>\n\t<meta property=\"og:image:width\" content=\"1307\" \/>\n\t<meta property=\"og:image:height\" content=\"640\" \/>\n\t<meta property=\"og:image:type\" content=\"image\/webp\" \/>\n<meta name=\"twitter:card\" content=\"summary_large_image\" \/>\n<meta name=\"twitter:label1\" content=\"Est. reading time\" \/>\n\t<meta name=\"twitter:data1\" content=\"1 minute\" \/>\n<script type=\"application\/ld+json\" class=\"yoast-schema-graph\">{\"@context\":\"https:\\\/\\\/schema.org\",\"@graph\":[{\"@type\":\"WebPage\",\"@id\":\"https:\\\/\\\/biljardi.fi\\\/en\\\/product\\\/air-hockey-table-dino-steel-6\\\/\",\"url\":\"https:\\\/\\\/biljardi.fi\\\/en\\\/product\\\/air-hockey-table-dino-steel-6\\\/\",\"name\":\"[wpseo_titles]title-Tuote\",\"isPartOf\":{\"@id\":\"https:\\\/\\\/biljardi.fi\\\/en\\\/#website\"},\"primaryImageOfPage\":{\"@id\":\"https:\\\/\\\/biljardi.fi\\\/en\\\/product\\\/air-hockey-table-dino-steel-6\\\/#primaryimage\"},\"image\":{\"@id\":\"https:\\\/\\\/biljardi.fi\\\/en\\\/product\\\/air-hockey-table-dino-steel-6\\\/#primaryimage\"},\"thumbnailUrl\":\"https:\\\/\\\/biljardi.fi\\\/wp-content\\\/uploads\\\/2025\\\/03\\\/AirHockey-table-Dino-OR-BLACK-web1.jpg.webp\",\"datePublished\":\"2025-03-08T20:37:25+00:00\",\"description\":\"[wpseo_titles]metadesc-Tuote\",\"breadcrumb\":{\"@id\":\"https:\\\/\\\/biljardi.fi\\\/en\\\/product\\\/air-hockey-table-dino-steel-6\\\/#breadcrumb\"},\"inLanguage\":\"en-US\",\"potentialAction\":[{\"@type\":\"ReadAction\",\"target\":[\"https:\\\/\\\/biljardi.fi\\\/en\\\/product\\\/air-hockey-table-dino-steel-6\\\/\"]}]},{\"@type\":\"ImageObject\",\"inLanguage\":\"en-US\",\"@id\":\"https:\\\/\\\/biljardi.fi\\\/en\\\/product\\\/air-hockey-table-dino-steel-6\\\/#primaryimage\",\"url\":\"https:\\\/\\\/biljardi.fi\\\/wp-content\\\/uploads\\\/2025\\\/03\\\/AirHockey-table-Dino-OR-BLACK-web1.jpg.webp\",\"contentUrl\":\"https:\\\/\\\/biljardi.fi\\\/wp-content\\\/uploads\\\/2025\\\/03\\\/AirHockey-table-Dino-OR-BLACK-web1.jpg.webp\",\"width\":1307,\"height\":640},{\"@type\":\"BreadcrumbList\",\"@id\":\"https:\\\/\\\/biljardi.fi\\\/en\\\/product\\\/air-hockey-table-dino-steel-6\\\/#breadcrumb\",\"itemListElement\":[{\"@type\":\"ListItem\",\"position\":1,\"name\":\"Etusivu\",\"item\":\"https:\\\/\\\/biljardi.fi\\\/en\\\/home\\\/\"},{\"@type\":\"ListItem\",\"position\":2,\"name\":\"Shop\",\"item\":\"https:\\\/\\\/biljardi.fi\\\/en\\\/shop\\\/\"},{\"@type\":\"ListItem\",\"position\":3,\"name\":\"Air Hockey Table Dino Steel 6&#8242;\"}]},{\"@type\":\"WebSite\",\"@id\":\"https:\\\/\\\/biljardi.fi\\\/en\\\/#website\",\"url\":\"https:\\\/\\\/biljardi.fi\\\/en\\\/\",\"name\":\"Suomen Biljardimyynti Oy\",\"description\":\"Biljardip\u00f6yd\u00e4t, Biljardi, Darts, Ilmakiekko, P\u00f6yt\u00e4jalkapallo\",\"publisher\":{\"@id\":\"https:\\\/\\\/biljardi.fi\\\/en\\\/#organization\"},\"potentialAction\":[{\"@type\":\"SearchAction\",\"target\":{\"@type\":\"EntryPoint\",\"urlTemplate\":\"https:\\\/\\\/biljardi.fi\\\/en\\\/?s={search_term_string}\"},\"query-input\":{\"@type\":\"PropertyValueSpecification\",\"valueRequired\":true,\"valueName\":\"search_term_string\"}}],\"inLanguage\":\"en-US\"},{\"@type\":\"Organization\",\"@id\":\"https:\\\/\\\/biljardi.fi\\\/en\\\/#organization\",\"name\":\"Suomen Biljardimyynti Oy\",\"url\":\"https:\\\/\\\/biljardi.fi\\\/en\\\/\",\"logo\":{\"@type\":\"ImageObject\",\"inLanguage\":\"en-US\",\"@id\":\"https:\\\/\\\/biljardi.fi\\\/en\\\/#\\\/schema\\\/logo\\\/image\\\/\",\"url\":\"https:\\\/\\\/biljardi.fi\\\/wp-content\\\/uploads\\\/2025\\\/10\\\/logo_uus-1.png\",\"contentUrl\":\"https:\\\/\\\/biljardi.fi\\\/wp-content\\\/uploads\\\/2025\\\/10\\\/logo_uus-1.png\",\"width\":360,\"height\":94,\"caption\":\"Suomen Biljardimyynti Oy\"},\"image\":{\"@id\":\"https:\\\/\\\/biljardi.fi\\\/en\\\/#\\\/schema\\\/logo\\\/image\\\/\"}}]}<\/script>\n<!-- \/ Yoast SEO plugin. -->","yoast_head_json":{"title":"[wpseo_titles]title-Tuote","description":"[wpseo_titles]metadesc-Tuote","robots":{"index":"index","follow":"follow","max-snippet":"max-snippet:-1","max-image-preview":"max-image-preview:large","max-video-preview":"max-video-preview:-1"},"canonical":"https:\/\/biljardi.fi\/en\/product\/air-hockey-table-dino-steel-6\/","og_locale":"en_US","og_type":"article","og_title":"[wpseo_titles]title-Tuote","og_description":"[wpseo_titles]metadesc-Tuote","og_url":"https:\/\/biljardi.fi\/en\/product\/air-hockey-table-dino-steel-6\/","og_site_name":"Suomen Biljardimyynti Oy","og_image":[{"width":1307,"height":640,"url":"https:\/\/biljardi.fi\/wp-content\/uploads\/2025\/03\/AirHockey-table-Dino-OR-BLACK-web1.jpg.webp","type":"image\/webp"}],"twitter_card":"summary_large_image","twitter_misc":{"Est. reading time":"1 minute"},"schema":{"@context":"https:\/\/schema.org","@graph":[{"@type":"WebPage","@id":"https:\/\/biljardi.fi\/en\/product\/air-hockey-table-dino-steel-6\/","url":"https:\/\/biljardi.fi\/en\/product\/air-hockey-table-dino-steel-6\/","name":"[wpseo_titles]title-Tuote","isPartOf":{"@id":"https:\/\/biljardi.fi\/en\/#website"},"primaryImageOfPage":{"@id":"https:\/\/biljardi.fi\/en\/product\/air-hockey-table-dino-steel-6\/#primaryimage"},"image":{"@id":"https:\/\/biljardi.fi\/en\/product\/air-hockey-table-dino-steel-6\/#primaryimage"},"thumbnailUrl":"https:\/\/biljardi.fi\/wp-content\/uploads\/2025\/03\/AirHockey-table-Dino-OR-BLACK-web1.jpg.webp","datePublished":"2025-03-08T20:37:25+00:00","description":"[wpseo_titles]metadesc-Tuote","breadcrumb":{"@id":"https:\/\/biljardi.fi\/en\/product\/air-hockey-table-dino-steel-6\/#breadcrumb"},"inLanguage":"en-US","potentialAction":[{"@type":"ReadAction","target":["https:\/\/biljardi.fi\/en\/product\/air-hockey-table-dino-steel-6\/"]}]},{"@type":"ImageObject","inLanguage":"en-US","@id":"https:\/\/biljardi.fi\/en\/product\/air-hockey-table-dino-steel-6\/#primaryimage","url":"https:\/\/biljardi.fi\/wp-content\/uploads\/2025\/03\/AirHockey-table-Dino-OR-BLACK-web1.jpg.webp","contentUrl":"https:\/\/biljardi.fi\/wp-content\/uploads\/2025\/03\/AirHockey-table-Dino-OR-BLACK-web1.jpg.webp","width":1307,"height":640},{"@type":"BreadcrumbList","@id":"https:\/\/biljardi.fi\/en\/product\/air-hockey-table-dino-steel-6\/#breadcrumb","itemListElement":[{"@type":"ListItem","position":1,"name":"Etusivu","item":"https:\/\/biljardi.fi\/en\/home\/"},{"@type":"ListItem","position":2,"name":"Shop","item":"https:\/\/biljardi.fi\/en\/shop\/"},{"@type":"ListItem","position":3,"name":"Air Hockey Table Dino Steel 6&#8242;"}]},{"@type":"WebSite","@id":"https:\/\/biljardi.fi\/en\/#website","url":"https:\/\/biljardi.fi\/en\/","name":"Suomen Biljardimyynti Oy","description":"Biljardip\u00f6yd\u00e4t, Biljardi, Darts, Ilmakiekko, P\u00f6yt\u00e4jalkapallo","publisher":{"@id":"https:\/\/biljardi.fi\/en\/#organization"},"potentialAction":[{"@type":"SearchAction","target":{"@type":"EntryPoint","urlTemplate":"https:\/\/biljardi.fi\/en\/?s={search_term_string}"},"query-input":{"@type":"PropertyValueSpecification","valueRequired":true,"valueName":"search_term_string"}}],"inLanguage":"en-US"},{"@type":"Organization","@id":"https:\/\/biljardi.fi\/en\/#organization","name":"Suomen Biljardimyynti Oy","url":"https:\/\/biljardi.fi\/en\/","logo":{"@type":"ImageObject","inLanguage":"en-US","@id":"https:\/\/biljardi.fi\/en\/#\/schema\/logo\/image\/","url":"https:\/\/biljardi.fi\/wp-content\/uploads\/2025\/10\/logo_uus-1.png","contentUrl":"https:\/\/biljardi.fi\/wp-content\/uploads\/2025\/10\/logo_uus-1.png","width":360,"height":94,"caption":"Suomen Biljardimyynti Oy"},"image":{"@id":"https:\/\/biljardi.fi\/en\/#\/schema\/logo\/image\/"}}]}},"_links":{"self":[{"href":"https:\/\/biljardi.fi\/en\/wp-json\/wp\/v2\/product\/73632","targetHints":{"allow":["GET"]}}],"collection":[{"href":"https:\/\/biljardi.fi\/en\/wp-json\/wp\/v2\/product"}],"about":[{"href":"https:\/\/biljardi.fi\/en\/wp-json\/wp\/v2\/types\/product"}],"replies":[{"embeddable":true,"href":"https:\/\/biljardi.fi\/en\/wp-json\/wp\/v2\/comments?post=73632"}],"wp:featuredmedia":[{"embeddable":true,"href":"https:\/\/biljardi.fi\/en\/wp-json\/wp\/v2\/media\/66643"}],"wp:attachment":[{"href":"https:\/\/biljardi.fi\/en\/wp-json\/wp\/v2\/media?parent=73632"}],"wp:term":[{"taxonomy":"product_brand","embeddable":true,"href":"https:\/\/biljardi.fi\/en\/wp-json\/wp\/v2\/product_brand?post=73632"},{"taxonomy":"product_cat","embeddable":true,"href":"https:\/\/biljardi.fi\/en\/wp-json\/wp\/v2\/product_cat?post=73632"},{"taxonomy":"product_tag","embeddable":true,"href":"https:\/\/biljardi.fi\/en\/wp-json\/wp\/v2\/product_tag?post=73632"},{"taxonomy":"giftcard-category","embeddable":true,"href":"https:\/\/biljardi.fi\/en\/wp-json\/wp\/v2\/giftcard-category?post=73632"}],"curies":[{"name":"wp","href":"https:\/\/api.w.org\/{rel}","templated":true}]}}