{"id":73462,"date":"2025-06-16T13:03:18","date_gmt":"2025-06-16T10:03:18","guid":{"rendered":"https:\/\/biljardi.fi\/tuote\/mirai-f3-turbo-pool-cue\/"},"modified":"2025-06-16T13:03:18","modified_gmt":"2025-06-16T10:03:18","slug":"mirai-f3-turbo-pool-cue","status":"publish","type":"product","link":"https:\/\/biljardi.fi\/en\/tuote\/mirai-f3-turbo-pool-cue\/","title":{"rendered":"Mirai F3 Turbo Pool Cue"},"content":{"rendered":"<div class=\"lRu31\" dir=\"ltr\"><span class=\"HwtZe\" lang=\"fi\"><span class=\"jCAhz ChMk0b\"><span class=\"ryNqvb\">Mirai F3 Turbo Pool Cue<\/span><\/span><\/span><\/div>\n<div dir=\"ltr\"><\/div>\n<div class=\"lRu31\" dir=\"ltr\"><span class=\"HwtZe\" lang=\"fi\"><span class=\"jCAhz ChMk0b\"><span class=\"ryNqvb\">The Mirai Turbo new billiard cue is designed for players who demand top performance in precision, control, and power.<\/span><\/span> <span class=\"jCAhz ChMk0b\"><span class=\"ryNqvb\">Thanks to the premium Mirai F1 shaft, the billiard cue minimizes deflection and enables unparalleled accuracy with every shot.<\/span><\/span> <\/span><\/div>\n<div dir=\"ltr\"><\/div>\n<div class=\"lRu31\" dir=\"ltr\"><span class=\"HwtZe\" lang=\"fi\"><span class=\"jCAhz ChMk0b\"><span class=\"ryNqvb\">Key Features: <\/span><\/span><\/span><\/div>\n<div class=\"lRu31\" dir=\"ltr\"><span class=\"HwtZe\" lang=\"fi\"><span class=\"jCAhz ChMk0b\"><span class=\"ryNqvb\">Shaft: Mirai F1 Low Deflection Technology <\/span><\/span><\/span><\/div>\n<div class=\"lRu31\" dir=\"ltr\"><span class=\"HwtZe\" lang=\"fi\"><span class=\"jCAhz ChMk0b\"><span class=\"ryNqvb\">Tip: Everest Tip \u2013 premium grip and long-lasting performance, <\/span><\/span><\/span><span class=\"HwtZe\" lang=\"fi\"><span class=\"jCAhz ChMk0b\"><span class=\"ryNqvb\">diameter: 12.5 mm<\/span><\/span><\/span> <\/div>\n<div class=\"lRu31\" dir=\"ltr\"><span class=\"HwtZe\" lang=\"fi\"><span class=\"jCAhz ChMk0b\"><span class=\"ryNqvb\">Shaft Length: 29&#8243; <\/span><\/span><\/span><\/div>\n<div class=\"lRu31\" dir=\"ltr\"><span class=\"HwtZe\" lang=\"fi\"><span class=\"jCAhz ChMk0b\"><span class=\"ryNqvb\">Total Weight: 19\u201319.5 oz <\/span><\/span><\/span><\/div>\n<div class=\"lRu31\" dir=\"ltr\"><span class=\"HwtZe\" lang=\"fi\"><span class=\"jCAhz ChMk0b\"><span class=\"ryNqvb\">Butt: Irish linen wrap grip<\/span><\/span><\/span><\/div>\n<div class=\"lRu31\" dir=\"ltr\"><span class=\"HwtZe\" lang=\"fi\"><span class=\"jCAhz ChMk0b\"><span class=\"ryNqvb\">Joint: Radial<\/span><\/span><\/span><\/div>\n","protected":false},"excerpt":{"rendered":"<p>Mirai F3 Turbo Pool Cue The Mirai Turbo new billiard cue is designed for players who demand top performance in precision, control, and power. Thanks to the premium Mirai F1 shaft, the billiard cue minimizes deflection and enables unparalleled accuracy with every shot. Key Features: Shaft: Mirai F1 Low Deflection Technology Tip: Everest Tip \u2013 [&hellip;]<\/p>\n","protected":false},"featured_media":67770,"comment_status":"closed","ping_status":"closed","template":"","meta":{"_improvement_type_select":"improve_an_existing","_thumb_yes_seoaic":false,"_frame_yes_seoaic":false,"seoaic_generate_description":"","seoaic_improve_instructions_prompt":"","seoaic_rollback_content_improvement":"","seoaic_idea_thumbnail_generator":"","thumbnail_generated":false,"thumbnail_generate_prompt":"","seoaic_article_description":""},"product_brand":[],"product_cat":[2071],"product_tag":[],"giftcard-category":[],"class_list":{"0":"post-73462","1":"product","2":"type-product","3":"status-publish","4":"has-post-thumbnail","6":"product_cat-pool-cues","8":"first","9":"instock","10":"taxable","11":"shipping-taxable","12":"purchasable","13":"product-type-simple"},"exclude_global_add_ons":false,"addons":[],"yoast_head":"<!-- This site is optimized with the Yoast SEO plugin v27.3 - https:\/\/yoast.com\/product\/yoast-seo-wordpress\/ -->\n<title>[wpseo_titles]title-Tuote<\/title>\n<meta name=\"robots\" content=\"index, follow, max-snippet:-1, max-image-preview:large, max-video-preview:-1\" \/>\n<link rel=\"canonical\" href=\"https:\/\/biljardi.fi\/en\/tuote\/mirai-f3-turbo-pool-cue\/\" \/>\n<meta property=\"og:locale\" content=\"en_US\" \/>\n<meta property=\"og:type\" content=\"article\" \/>\n<meta property=\"og:title\" content=\"[wpseo_titles]title-Tuote\" \/>\n<meta property=\"og:description\" content=\"Mirai F3 Turbo Pool Cue The Mirai Turbo new billiard cue is designed for players who demand top performance in precision, control, and power. Thanks to the premium Mirai F1 shaft, the billiard cue minimizes deflection and enables unparalleled accuracy with every shot. Key Features: Shaft: Mirai F1 Low Deflection Technology Tip: Everest Tip \u2013 [&hellip;]\" \/>\n<meta property=\"og:url\" content=\"https:\/\/biljardi.fi\/en\/tuote\/mirai-f3-turbo-pool-cue\/\" \/>\n<meta property=\"og:site_name\" content=\"Suomen Biljardimyynti Oy\" \/>\n<meta property=\"og:image\" content=\"https:\/\/biljardi.fi\/wp-content\/uploads\/2025\/06\/cue_mirai_f3.webp\" \/>\n\t<meta property=\"og:image:width\" content=\"1000\" \/>\n\t<meta property=\"og:image:height\" content=\"1000\" \/>\n\t<meta property=\"og:image:type\" content=\"image\/webp\" \/>\n<meta name=\"twitter:card\" content=\"summary_large_image\" \/>\n<script type=\"application\/ld+json\" class=\"yoast-schema-graph\">{\"@context\":\"https:\\\/\\\/schema.org\",\"@graph\":[{\"@type\":\"WebPage\",\"@id\":\"https:\\\/\\\/biljardi.fi\\\/en\\\/tuote\\\/mirai-f3-turbo-pool-cue\\\/\",\"url\":\"https:\\\/\\\/biljardi.fi\\\/en\\\/tuote\\\/mirai-f3-turbo-pool-cue\\\/\",\"name\":\"[wpseo_titles]title-Tuote\",\"isPartOf\":{\"@id\":\"https:\\\/\\\/biljardi.fi\\\/en\\\/#website\"},\"primaryImageOfPage\":{\"@id\":\"https:\\\/\\\/biljardi.fi\\\/en\\\/tuote\\\/mirai-f3-turbo-pool-cue\\\/#primaryimage\"},\"image\":{\"@id\":\"https:\\\/\\\/biljardi.fi\\\/en\\\/tuote\\\/mirai-f3-turbo-pool-cue\\\/#primaryimage\"},\"thumbnailUrl\":\"https:\\\/\\\/biljardi.fi\\\/wp-content\\\/uploads\\\/2025\\\/06\\\/cue_mirai_f3.webp\",\"datePublished\":\"2025-06-16T10:03:18+00:00\",\"breadcrumb\":{\"@id\":\"https:\\\/\\\/biljardi.fi\\\/en\\\/tuote\\\/mirai-f3-turbo-pool-cue\\\/#breadcrumb\"},\"inLanguage\":\"en-US\",\"potentialAction\":[{\"@type\":\"ReadAction\",\"target\":[\"https:\\\/\\\/biljardi.fi\\\/en\\\/tuote\\\/mirai-f3-turbo-pool-cue\\\/\"]}]},{\"@type\":\"ImageObject\",\"inLanguage\":\"en-US\",\"@id\":\"https:\\\/\\\/biljardi.fi\\\/en\\\/tuote\\\/mirai-f3-turbo-pool-cue\\\/#primaryimage\",\"url\":\"https:\\\/\\\/biljardi.fi\\\/wp-content\\\/uploads\\\/2025\\\/06\\\/cue_mirai_f3.webp\",\"contentUrl\":\"https:\\\/\\\/biljardi.fi\\\/wp-content\\\/uploads\\\/2025\\\/06\\\/cue_mirai_f3.webp\",\"width\":1000,\"height\":1000},{\"@type\":\"BreadcrumbList\",\"@id\":\"https:\\\/\\\/biljardi.fi\\\/en\\\/tuote\\\/mirai-f3-turbo-pool-cue\\\/#breadcrumb\",\"itemListElement\":[{\"@type\":\"ListItem\",\"position\":1,\"name\":\"Home\",\"item\":\"https:\\\/\\\/biljardi.fi\\\/en\\\/home\\\/\"},{\"@type\":\"ListItem\",\"position\":2,\"name\":\"Shop\",\"item\":\"https:\\\/\\\/biljardi.fi\\\/en\\\/shop\\\/\"},{\"@type\":\"ListItem\",\"position\":3,\"name\":\"Mirai F3 Turbo Pool Cue\"}]},{\"@type\":\"WebSite\",\"@id\":\"https:\\\/\\\/biljardi.fi\\\/en\\\/#website\",\"url\":\"https:\\\/\\\/biljardi.fi\\\/en\\\/\",\"name\":\"Suomen Biljardimyynti Oy\",\"description\":\"Biljardip\u00f6yd\u00e4t, Biljardi, Darts, Ilmakiekko, P\u00f6yt\u00e4jalkapallo\",\"publisher\":{\"@id\":\"https:\\\/\\\/biljardi.fi\\\/en\\\/#organization\"},\"potentialAction\":[{\"@type\":\"SearchAction\",\"target\":{\"@type\":\"EntryPoint\",\"urlTemplate\":\"https:\\\/\\\/biljardi.fi\\\/en\\\/?s={search_term_string}\"},\"query-input\":{\"@type\":\"PropertyValueSpecification\",\"valueRequired\":true,\"valueName\":\"search_term_string\"}}],\"inLanguage\":\"en-US\"},{\"@type\":\"Organization\",\"@id\":\"https:\\\/\\\/biljardi.fi\\\/en\\\/#organization\",\"name\":\"Suomen Biljardimyynti Oy\",\"url\":\"https:\\\/\\\/biljardi.fi\\\/en\\\/\",\"logo\":{\"@type\":\"ImageObject\",\"inLanguage\":\"en-US\",\"@id\":\"https:\\\/\\\/biljardi.fi\\\/en\\\/#\\\/schema\\\/logo\\\/image\\\/\",\"url\":\"https:\\\/\\\/biljardi.fi\\\/wp-content\\\/uploads\\\/2025\\\/10\\\/logo_uus-1.png\",\"contentUrl\":\"https:\\\/\\\/biljardi.fi\\\/wp-content\\\/uploads\\\/2025\\\/10\\\/logo_uus-1.png\",\"width\":360,\"height\":94,\"caption\":\"Suomen Biljardimyynti Oy\"},\"image\":{\"@id\":\"https:\\\/\\\/biljardi.fi\\\/en\\\/#\\\/schema\\\/logo\\\/image\\\/\"}}]}<\/script>\n<!-- \/ Yoast SEO plugin. -->","yoast_head_json":{"title":"[wpseo_titles]title-Tuote","robots":{"index":"index","follow":"follow","max-snippet":"max-snippet:-1","max-image-preview":"max-image-preview:large","max-video-preview":"max-video-preview:-1"},"canonical":"https:\/\/biljardi.fi\/en\/tuote\/mirai-f3-turbo-pool-cue\/","og_locale":"en_US","og_type":"article","og_title":"[wpseo_titles]title-Tuote","og_description":"Mirai F3 Turbo Pool Cue The Mirai Turbo new billiard cue is designed for players who demand top performance in precision, control, and power. Thanks to the premium Mirai F1 shaft, the billiard cue minimizes deflection and enables unparalleled accuracy with every shot. Key Features: Shaft: Mirai F1 Low Deflection Technology Tip: Everest Tip \u2013 [&hellip;]","og_url":"https:\/\/biljardi.fi\/en\/tuote\/mirai-f3-turbo-pool-cue\/","og_site_name":"Suomen Biljardimyynti Oy","og_image":[{"width":1000,"height":1000,"url":"https:\/\/biljardi.fi\/wp-content\/uploads\/2025\/06\/cue_mirai_f3.webp","type":"image\/webp"}],"twitter_card":"summary_large_image","schema":{"@context":"https:\/\/schema.org","@graph":[{"@type":"WebPage","@id":"https:\/\/biljardi.fi\/en\/tuote\/mirai-f3-turbo-pool-cue\/","url":"https:\/\/biljardi.fi\/en\/tuote\/mirai-f3-turbo-pool-cue\/","name":"[wpseo_titles]title-Tuote","isPartOf":{"@id":"https:\/\/biljardi.fi\/en\/#website"},"primaryImageOfPage":{"@id":"https:\/\/biljardi.fi\/en\/tuote\/mirai-f3-turbo-pool-cue\/#primaryimage"},"image":{"@id":"https:\/\/biljardi.fi\/en\/tuote\/mirai-f3-turbo-pool-cue\/#primaryimage"},"thumbnailUrl":"https:\/\/biljardi.fi\/wp-content\/uploads\/2025\/06\/cue_mirai_f3.webp","datePublished":"2025-06-16T10:03:18+00:00","breadcrumb":{"@id":"https:\/\/biljardi.fi\/en\/tuote\/mirai-f3-turbo-pool-cue\/#breadcrumb"},"inLanguage":"en-US","potentialAction":[{"@type":"ReadAction","target":["https:\/\/biljardi.fi\/en\/tuote\/mirai-f3-turbo-pool-cue\/"]}]},{"@type":"ImageObject","inLanguage":"en-US","@id":"https:\/\/biljardi.fi\/en\/tuote\/mirai-f3-turbo-pool-cue\/#primaryimage","url":"https:\/\/biljardi.fi\/wp-content\/uploads\/2025\/06\/cue_mirai_f3.webp","contentUrl":"https:\/\/biljardi.fi\/wp-content\/uploads\/2025\/06\/cue_mirai_f3.webp","width":1000,"height":1000},{"@type":"BreadcrumbList","@id":"https:\/\/biljardi.fi\/en\/tuote\/mirai-f3-turbo-pool-cue\/#breadcrumb","itemListElement":[{"@type":"ListItem","position":1,"name":"Home","item":"https:\/\/biljardi.fi\/en\/home\/"},{"@type":"ListItem","position":2,"name":"Shop","item":"https:\/\/biljardi.fi\/en\/shop\/"},{"@type":"ListItem","position":3,"name":"Mirai F3 Turbo Pool Cue"}]},{"@type":"WebSite","@id":"https:\/\/biljardi.fi\/en\/#website","url":"https:\/\/biljardi.fi\/en\/","name":"Suomen Biljardimyynti Oy","description":"Biljardip\u00f6yd\u00e4t, Biljardi, Darts, Ilmakiekko, P\u00f6yt\u00e4jalkapallo","publisher":{"@id":"https:\/\/biljardi.fi\/en\/#organization"},"potentialAction":[{"@type":"SearchAction","target":{"@type":"EntryPoint","urlTemplate":"https:\/\/biljardi.fi\/en\/?s={search_term_string}"},"query-input":{"@type":"PropertyValueSpecification","valueRequired":true,"valueName":"search_term_string"}}],"inLanguage":"en-US"},{"@type":"Organization","@id":"https:\/\/biljardi.fi\/en\/#organization","name":"Suomen Biljardimyynti Oy","url":"https:\/\/biljardi.fi\/en\/","logo":{"@type":"ImageObject","inLanguage":"en-US","@id":"https:\/\/biljardi.fi\/en\/#\/schema\/logo\/image\/","url":"https:\/\/biljardi.fi\/wp-content\/uploads\/2025\/10\/logo_uus-1.png","contentUrl":"https:\/\/biljardi.fi\/wp-content\/uploads\/2025\/10\/logo_uus-1.png","width":360,"height":94,"caption":"Suomen Biljardimyynti Oy"},"image":{"@id":"https:\/\/biljardi.fi\/en\/#\/schema\/logo\/image\/"}}]}},"_links":{"self":[{"href":"https:\/\/biljardi.fi\/en\/wp-json\/wp\/v2\/product\/73462","targetHints":{"allow":["GET"]}}],"collection":[{"href":"https:\/\/biljardi.fi\/en\/wp-json\/wp\/v2\/product"}],"about":[{"href":"https:\/\/biljardi.fi\/en\/wp-json\/wp\/v2\/types\/product"}],"replies":[{"embeddable":true,"href":"https:\/\/biljardi.fi\/en\/wp-json\/wp\/v2\/comments?post=73462"}],"wp:featuredmedia":[{"embeddable":true,"href":"https:\/\/biljardi.fi\/en\/wp-json\/wp\/v2\/media\/67770"}],"wp:attachment":[{"href":"https:\/\/biljardi.fi\/en\/wp-json\/wp\/v2\/media?parent=73462"}],"wp:term":[{"taxonomy":"product_brand","embeddable":true,"href":"https:\/\/biljardi.fi\/en\/wp-json\/wp\/v2\/product_brand?post=73462"},{"taxonomy":"product_cat","embeddable":true,"href":"https:\/\/biljardi.fi\/en\/wp-json\/wp\/v2\/product_cat?post=73462"},{"taxonomy":"product_tag","embeddable":true,"href":"https:\/\/biljardi.fi\/en\/wp-json\/wp\/v2\/product_tag?post=73462"},{"taxonomy":"giftcard-category","embeddable":true,"href":"https:\/\/biljardi.fi\/en\/wp-json\/wp\/v2\/giftcard-category?post=73462"}],"curies":[{"name":"wp","href":"https:\/\/api.w.org\/{rel}","templated":true}]}}