{"id":73428,"date":"2025-06-30T16:00:17","date_gmt":"2025-06-30T13:00:17","guid":{"rendered":"https:\/\/biljardi.fi\/tuote\/peradon-chiltern-3-4-snooker-cue\/"},"modified":"2025-06-30T16:00:17","modified_gmt":"2025-06-30T13:00:17","slug":"peradon-chiltern-3-4-snooker-cue","status":"publish","type":"product","link":"https:\/\/biljardi.fi\/en\/product\/peradon-chiltern-3-4-snooker-cue\/","title":{"rendered":"Peradon Chiltern 3\/4 Snooker Cue"},"content":{"rendered":"<p><strong>Peradon Chiltern 3\/4 <\/strong>is a full-size 147.5 cm, 3\/4 joint snooker cue. The cue is made in England. The cue combines North American ash and ebony. Mini butt not included in the price.   <\/p>\n<table border=\"1\" cellspacing=\"0\" cellpadding=\"0\">\n<tbody>\n<tr>\n<td valign=\"top\" width=\"178\">\n<p class=\"TableContents\">Length<\/p>\n<\/td>\n<td valign=\"top\" width=\"465\">\n<p class=\"TableContents\">58&#8243; (147.5cm) Full Size<\/p>\n<\/td>\n<\/tr>\n<tr>\n<td valign=\"top\" width=\"178\">\n<p class=\"TableContents\">Shaft Length<\/p>\n<\/td>\n<td valign=\"top\" width=\"465\">\n<p class=\"TableContents\">42&#8243; (107cm)<\/p>\n<\/td>\n<\/tr>\n<tr>\n<td valign=\"top\" width=\"178\">\n<p class=\"TableContents\">Butt Length<\/p>\n<\/td>\n<td valign=\"top\" width=\"465\">\n<p class=\"TableContents\">16&#8243; (40.5cm) +1&#8243; male joint<\/p>\n<\/td>\n<\/tr>\n<tr>\n<td valign=\"top\" width=\"178\">\n<p class=\"TableContents\">Tip<\/p>\n<\/td>\n<td valign=\"top\" width=\"465\">\n<p class=\"TableContents\">10mm Elkmaster<\/p>\n<\/td>\n<\/tr>\n<tr>\n<td valign=\"top\" width=\"178\">\n<p class=\"TableContents\">Shaft<\/p>\n<\/td>\n<td valign=\"top\" width=\"465\">\n<p class=\"TableContents\">Ash<\/p>\n<\/td>\n<\/tr>\n<tr>\n<td valign=\"top\" width=\"178\">\n<p class=\"TableContents\">Butt<\/p>\n<\/td>\n<td valign=\"top\" width=\"465\">\n<p class=\"TableContents\">Ebony<\/p>\n<\/td>\n<\/tr>\n<tr>\n<td valign=\"top\" width=\"178\">\n<p class=\"TableContents\">Butt Decoration<\/p>\n<\/td>\n<td valign=\"top\" width=\"465\">\n<p class=\"TableContents\">Zebrano splice<\/p>\n<\/td>\n<\/tr>\n<tr>\n<td valign=\"top\" width=\"178\">\n<p class=\"TableContents\">Joint<\/p>\n<\/td>\n<td valign=\"top\" width=\"465\">\n<p class=\"TableContents\">Brass, Quick Action<\/p>\n<\/td>\n<\/tr>\n<tr>\n<td valign=\"top\" width=\"178\">\n<p class=\"TableContents\">Butt Rear Joint<\/p>\n<\/td>\n<td valign=\"top\" width=\"465\">\n<p class=\"TableContents\">Yes, Quick Action<\/p>\n<\/td>\n<\/tr>\n<tr>\n<td valign=\"top\" width=\"178\">\n<p class=\"TableContents\">Weight<\/p>\n<\/td>\n<td valign=\"top\" width=\"465\">\n<p class=\"TableContents\">Medium (18oz &#8211; 18 \u00bdoz), Heavy (18 \u00bdoz up to 21oz)<\/p>\n<\/td>\n<\/tr>\n<\/tbody>\n<\/table>\n","protected":false},"excerpt":{"rendered":"<p>Peradon Chiltern 3\/4 is a full-size 147.5 cm, 3\/4 joint snooker cue. The cue is made in England. The cue combines North American ash and ebony. Mini butt not included in the price. Length 58&#8243; (147.5cm) Full Size Shaft Length 42&#8243; (107cm) Butt Length 16&#8243; (40.5cm) +1&#8243; male joint Tip 10mm Elkmaster Shaft Ash Butt [&hellip;]<\/p>\n","protected":false},"featured_media":73437,"comment_status":"open","ping_status":"closed","template":"","meta":[],"product_brand":[],"product_cat":[2122],"product_tag":[2028,2069,2064,2030],"giftcard-category":[],"class_list":{"0":"post-73428","1":"product","2":"type-product","3":"status-publish","4":"has-post-thumbnail","6":"product_cat-snooker-cues","7":"product_tag-billiard-cue","8":"product_tag-peradon","9":"product_tag-snooker","10":"product_tag-snooker-cue","12":"first","13":"instock","14":"sale","15":"taxable","16":"shipping-taxable","17":"purchasable","18":"product-type-simple"},"exclude_global_add_ons":true,"addons":[{"name":"Weight, primary","type":"multiple_choice","position":0,"required":false,"title_format":"heading","default":"","description_enable":false,"description":null,"placeholder_enable":false,"placeholder":null,"display":"select","restrictions_type":"any_text","adjust_price":false,"price":"","price_type":"flat_fee","restrictions":false,"min":"0","max":"0","options":[{"label":"H","price":"","price_type":"quantity_based","image":0,"visibility":true},{"label":"M","price":"","price_type":"quantity_based","image":0,"visibility":true}],"id":1708438514},{"name":"Weight, alternative","type":"multiple_choice","position":1,"required":false,"title_format":"heading","default":"","description_enable":false,"description":null,"placeholder_enable":false,"placeholder":null,"display":"select","restrictions_type":"any_text","adjust_price":false,"price":"","price_type":"flat_fee","restrictions":false,"min":"0","max":"0","options":[{"label":"M","price":"","price_type":"quantity_based","image":0,"visibility":true},{"label":"H","price":"","price_type":"quantity_based","image":0,"visibility":true}],"id":1708438515}],"yoast_head":"<!-- This site is optimized with the Yoast SEO plugin v27.6 - https:\/\/yoast.com\/product\/yoast-seo-wordpress\/ -->\n<title>[wpseo_titles]title-Tuote<\/title>\n<meta name=\"description\" content=\"[wpseo_titles]metadesc-Tuote\" \/>\n<meta name=\"robots\" content=\"index, follow, max-snippet:-1, max-image-preview:large, max-video-preview:-1\" \/>\n<link rel=\"canonical\" href=\"https:\/\/biljardi.fi\/en\/product\/peradon-chiltern-3-4-snooker-cue\/\" \/>\n<meta property=\"og:locale\" content=\"en_US\" \/>\n<meta property=\"og:type\" content=\"article\" \/>\n<meta property=\"og:title\" content=\"[wpseo_titles]title-Tuote\" \/>\n<meta property=\"og:description\" content=\"[wpseo_titles]metadesc-Tuote\" \/>\n<meta property=\"og:url\" content=\"https:\/\/biljardi.fi\/en\/product\/peradon-chiltern-3-4-snooker-cue\/\" \/>\n<meta property=\"og:site_name\" content=\"Suomen Biljardimyynti Oy\" \/>\n<meta property=\"og:image\" content=\"https:\/\/biljardi.fi\/wp-content\/uploads\/2025\/06\/1390-on-angle_thumb_431.jpg\" \/>\n\t<meta property=\"og:image:width\" content=\"431\" \/>\n\t<meta property=\"og:image:height\" content=\"278\" \/>\n\t<meta property=\"og:image:type\" content=\"image\/jpeg\" \/>\n<meta name=\"twitter:card\" content=\"summary_large_image\" \/>\n<script type=\"application\/ld+json\" class=\"yoast-schema-graph\">{\"@context\":\"https:\\\/\\\/schema.org\",\"@graph\":[{\"@type\":\"WebPage\",\"@id\":\"https:\\\/\\\/biljardi.fi\\\/en\\\/product\\\/peradon-chiltern-3-4-snooker-cue\\\/\",\"url\":\"https:\\\/\\\/biljardi.fi\\\/en\\\/product\\\/peradon-chiltern-3-4-snooker-cue\\\/\",\"name\":\"[wpseo_titles]title-Tuote\",\"isPartOf\":{\"@id\":\"https:\\\/\\\/biljardi.fi\\\/en\\\/#website\"},\"primaryImageOfPage\":{\"@id\":\"https:\\\/\\\/biljardi.fi\\\/en\\\/product\\\/peradon-chiltern-3-4-snooker-cue\\\/#primaryimage\"},\"image\":{\"@id\":\"https:\\\/\\\/biljardi.fi\\\/en\\\/product\\\/peradon-chiltern-3-4-snooker-cue\\\/#primaryimage\"},\"thumbnailUrl\":\"https:\\\/\\\/biljardi.fi\\\/wp-content\\\/uploads\\\/2025\\\/06\\\/1390-on-angle_thumb_431.jpg\",\"datePublished\":\"2025-06-30T13:00:17+00:00\",\"description\":\"[wpseo_titles]metadesc-Tuote\",\"breadcrumb\":{\"@id\":\"https:\\\/\\\/biljardi.fi\\\/en\\\/product\\\/peradon-chiltern-3-4-snooker-cue\\\/#breadcrumb\"},\"inLanguage\":\"en-US\",\"potentialAction\":[{\"@type\":\"ReadAction\",\"target\":[\"https:\\\/\\\/biljardi.fi\\\/en\\\/product\\\/peradon-chiltern-3-4-snooker-cue\\\/\"]}]},{\"@type\":\"ImageObject\",\"inLanguage\":\"en-US\",\"@id\":\"https:\\\/\\\/biljardi.fi\\\/en\\\/product\\\/peradon-chiltern-3-4-snooker-cue\\\/#primaryimage\",\"url\":\"https:\\\/\\\/biljardi.fi\\\/wp-content\\\/uploads\\\/2025\\\/06\\\/1390-on-angle_thumb_431.jpg\",\"contentUrl\":\"https:\\\/\\\/biljardi.fi\\\/wp-content\\\/uploads\\\/2025\\\/06\\\/1390-on-angle_thumb_431.jpg\",\"width\":431,\"height\":278},{\"@type\":\"BreadcrumbList\",\"@id\":\"https:\\\/\\\/biljardi.fi\\\/en\\\/product\\\/peradon-chiltern-3-4-snooker-cue\\\/#breadcrumb\",\"itemListElement\":[{\"@type\":\"ListItem\",\"position\":1,\"name\":\"Etusivu\",\"item\":\"https:\\\/\\\/biljardi.fi\\\/en\\\/home\\\/\"},{\"@type\":\"ListItem\",\"position\":2,\"name\":\"Shop\",\"item\":\"https:\\\/\\\/biljardi.fi\\\/en\\\/shop\\\/\"},{\"@type\":\"ListItem\",\"position\":3,\"name\":\"Peradon Chiltern 3\\\/4 Snooker Cue\"}]},{\"@type\":\"WebSite\",\"@id\":\"https:\\\/\\\/biljardi.fi\\\/en\\\/#website\",\"url\":\"https:\\\/\\\/biljardi.fi\\\/en\\\/\",\"name\":\"Suomen Biljardimyynti Oy\",\"description\":\"Biljardip\u00f6yd\u00e4t, Biljardi, Darts, Ilmakiekko, P\u00f6yt\u00e4jalkapallo\",\"publisher\":{\"@id\":\"https:\\\/\\\/biljardi.fi\\\/en\\\/#organization\"},\"potentialAction\":[{\"@type\":\"SearchAction\",\"target\":{\"@type\":\"EntryPoint\",\"urlTemplate\":\"https:\\\/\\\/biljardi.fi\\\/en\\\/?s={search_term_string}\"},\"query-input\":{\"@type\":\"PropertyValueSpecification\",\"valueRequired\":true,\"valueName\":\"search_term_string\"}}],\"inLanguage\":\"en-US\"},{\"@type\":\"Organization\",\"@id\":\"https:\\\/\\\/biljardi.fi\\\/en\\\/#organization\",\"name\":\"Suomen Biljardimyynti Oy\",\"url\":\"https:\\\/\\\/biljardi.fi\\\/en\\\/\",\"logo\":{\"@type\":\"ImageObject\",\"inLanguage\":\"en-US\",\"@id\":\"https:\\\/\\\/biljardi.fi\\\/en\\\/#\\\/schema\\\/logo\\\/image\\\/\",\"url\":\"https:\\\/\\\/biljardi.fi\\\/wp-content\\\/uploads\\\/2025\\\/10\\\/logo_uus-1.png\",\"contentUrl\":\"https:\\\/\\\/biljardi.fi\\\/wp-content\\\/uploads\\\/2025\\\/10\\\/logo_uus-1.png\",\"width\":360,\"height\":94,\"caption\":\"Suomen Biljardimyynti Oy\"},\"image\":{\"@id\":\"https:\\\/\\\/biljardi.fi\\\/en\\\/#\\\/schema\\\/logo\\\/image\\\/\"}}]}<\/script>\n<!-- \/ Yoast SEO plugin. -->","yoast_head_json":{"title":"[wpseo_titles]title-Tuote","description":"[wpseo_titles]metadesc-Tuote","robots":{"index":"index","follow":"follow","max-snippet":"max-snippet:-1","max-image-preview":"max-image-preview:large","max-video-preview":"max-video-preview:-1"},"canonical":"https:\/\/biljardi.fi\/en\/product\/peradon-chiltern-3-4-snooker-cue\/","og_locale":"en_US","og_type":"article","og_title":"[wpseo_titles]title-Tuote","og_description":"[wpseo_titles]metadesc-Tuote","og_url":"https:\/\/biljardi.fi\/en\/product\/peradon-chiltern-3-4-snooker-cue\/","og_site_name":"Suomen Biljardimyynti Oy","og_image":[{"width":431,"height":278,"url":"https:\/\/biljardi.fi\/wp-content\/uploads\/2025\/06\/1390-on-angle_thumb_431.jpg","type":"image\/jpeg"}],"twitter_card":"summary_large_image","schema":{"@context":"https:\/\/schema.org","@graph":[{"@type":"WebPage","@id":"https:\/\/biljardi.fi\/en\/product\/peradon-chiltern-3-4-snooker-cue\/","url":"https:\/\/biljardi.fi\/en\/product\/peradon-chiltern-3-4-snooker-cue\/","name":"[wpseo_titles]title-Tuote","isPartOf":{"@id":"https:\/\/biljardi.fi\/en\/#website"},"primaryImageOfPage":{"@id":"https:\/\/biljardi.fi\/en\/product\/peradon-chiltern-3-4-snooker-cue\/#primaryimage"},"image":{"@id":"https:\/\/biljardi.fi\/en\/product\/peradon-chiltern-3-4-snooker-cue\/#primaryimage"},"thumbnailUrl":"https:\/\/biljardi.fi\/wp-content\/uploads\/2025\/06\/1390-on-angle_thumb_431.jpg","datePublished":"2025-06-30T13:00:17+00:00","description":"[wpseo_titles]metadesc-Tuote","breadcrumb":{"@id":"https:\/\/biljardi.fi\/en\/product\/peradon-chiltern-3-4-snooker-cue\/#breadcrumb"},"inLanguage":"en-US","potentialAction":[{"@type":"ReadAction","target":["https:\/\/biljardi.fi\/en\/product\/peradon-chiltern-3-4-snooker-cue\/"]}]},{"@type":"ImageObject","inLanguage":"en-US","@id":"https:\/\/biljardi.fi\/en\/product\/peradon-chiltern-3-4-snooker-cue\/#primaryimage","url":"https:\/\/biljardi.fi\/wp-content\/uploads\/2025\/06\/1390-on-angle_thumb_431.jpg","contentUrl":"https:\/\/biljardi.fi\/wp-content\/uploads\/2025\/06\/1390-on-angle_thumb_431.jpg","width":431,"height":278},{"@type":"BreadcrumbList","@id":"https:\/\/biljardi.fi\/en\/product\/peradon-chiltern-3-4-snooker-cue\/#breadcrumb","itemListElement":[{"@type":"ListItem","position":1,"name":"Etusivu","item":"https:\/\/biljardi.fi\/en\/home\/"},{"@type":"ListItem","position":2,"name":"Shop","item":"https:\/\/biljardi.fi\/en\/shop\/"},{"@type":"ListItem","position":3,"name":"Peradon Chiltern 3\/4 Snooker Cue"}]},{"@type":"WebSite","@id":"https:\/\/biljardi.fi\/en\/#website","url":"https:\/\/biljardi.fi\/en\/","name":"Suomen Biljardimyynti Oy","description":"Biljardip\u00f6yd\u00e4t, Biljardi, Darts, Ilmakiekko, P\u00f6yt\u00e4jalkapallo","publisher":{"@id":"https:\/\/biljardi.fi\/en\/#organization"},"potentialAction":[{"@type":"SearchAction","target":{"@type":"EntryPoint","urlTemplate":"https:\/\/biljardi.fi\/en\/?s={search_term_string}"},"query-input":{"@type":"PropertyValueSpecification","valueRequired":true,"valueName":"search_term_string"}}],"inLanguage":"en-US"},{"@type":"Organization","@id":"https:\/\/biljardi.fi\/en\/#organization","name":"Suomen Biljardimyynti Oy","url":"https:\/\/biljardi.fi\/en\/","logo":{"@type":"ImageObject","inLanguage":"en-US","@id":"https:\/\/biljardi.fi\/en\/#\/schema\/logo\/image\/","url":"https:\/\/biljardi.fi\/wp-content\/uploads\/2025\/10\/logo_uus-1.png","contentUrl":"https:\/\/biljardi.fi\/wp-content\/uploads\/2025\/10\/logo_uus-1.png","width":360,"height":94,"caption":"Suomen Biljardimyynti Oy"},"image":{"@id":"https:\/\/biljardi.fi\/en\/#\/schema\/logo\/image\/"}}]}},"_links":{"self":[{"href":"https:\/\/biljardi.fi\/en\/wp-json\/wp\/v2\/product\/73428","targetHints":{"allow":["GET"]}}],"collection":[{"href":"https:\/\/biljardi.fi\/en\/wp-json\/wp\/v2\/product"}],"about":[{"href":"https:\/\/biljardi.fi\/en\/wp-json\/wp\/v2\/types\/product"}],"replies":[{"embeddable":true,"href":"https:\/\/biljardi.fi\/en\/wp-json\/wp\/v2\/comments?post=73428"}],"wp:featuredmedia":[{"embeddable":true,"href":"https:\/\/biljardi.fi\/en\/wp-json\/wp\/v2\/media\/73437"}],"wp:attachment":[{"href":"https:\/\/biljardi.fi\/en\/wp-json\/wp\/v2\/media?parent=73428"}],"wp:term":[{"taxonomy":"product_brand","embeddable":true,"href":"https:\/\/biljardi.fi\/en\/wp-json\/wp\/v2\/product_brand?post=73428"},{"taxonomy":"product_cat","embeddable":true,"href":"https:\/\/biljardi.fi\/en\/wp-json\/wp\/v2\/product_cat?post=73428"},{"taxonomy":"product_tag","embeddable":true,"href":"https:\/\/biljardi.fi\/en\/wp-json\/wp\/v2\/product_tag?post=73428"},{"taxonomy":"giftcard-category","embeddable":true,"href":"https:\/\/biljardi.fi\/en\/wp-json\/wp\/v2\/giftcard-category?post=73428"}],"curies":[{"name":"wp","href":"https:\/\/api.w.org\/{rel}","templated":true}]}}