{"id":73177,"date":"2017-01-15T18:52:45","date_gmt":"2017-01-15T16:52:45","guid":{"rendered":"https:\/\/biljardi.fi\/tuote\/vision-diner-6-7-8-pool-table\/"},"modified":"2017-01-15T18:52:45","modified_gmt":"2017-01-15T16:52:45","slug":"vision-diner-6-7-8-pool-table","status":"publish","type":"product","link":"https:\/\/biljardi.fi\/en\/product\/vision-diner-6-7-8-pool-table\/","title":{"rendered":"Vision Diner 6&#8242;, 7&#8242;, 8&#8242; pool table"},"content":{"rendered":"<p>Vision Diner 6&#8242;, 7&#8242;, 8&#8242; pool table.<\/p>\n<p>Stunning Vision Diner pool table with plenty of great features. The table functions as a regular dining or even conference table, and when you lift off the top, it reveals a full-fledged slate pool table underneath! You no longer need a separate room for billiards. If a table fits in your space, a pool table fits too!   <\/p>\n<p>The Vision Diner table features a beautiful combination of hardwood and metal materials. The table color can be chosen from numerous options in many different colors. The table is very high-quality finished and the materials are top-grade. The table can also be equipped with an optional Easy Lift feature, which allows you to adjust the height by about 7 cm simply by lifting and lowering from the table ends. This provides extra comfort for dining table use, for example. Matching benches in the same color are also available for the table. A display table is available to view in our store. And NOTE: The table is manufactured in the EU.         <\/p>\n<p>You can design your desired Pronto Vision Diner table <span style=\"color: #0000ff;\"><a style=\"color: #0000ff;\" href=\"https:\/\/bilijardai.lt\/constructors\/vision\/\" target=\"_blank\" rel=\"noopener noreferrer\">here<\/a><\/span>.<\/p>\n<p>Game equipment packages <span style=\"color: #0000ff;\"><a style=\"color: #0000ff;\" href=\"http:\/\/www.suomenbiljardimyynti.fi\/images\/Varustepaketit.htm\" target=\"_blank\" rel=\"noopener noreferrer\">contents<\/a><\/span>.<\/p>\n<p>Simonis 760\/860 cloth <span style=\"color: #0000ff;\"><a style=\"color: #0000ff;\" href=\"http:\/\/www.simoniscloth.com\/simonis-styles\" target=\"_blank\" rel=\"noopener noreferrer\">color options<\/a><strong>.<\/strong><\/span><\/p>\n<p>Download <span style=\"color: #0000ff;\"><a style=\"color: #0000ff;\" href=\"https:\/\/biljardi.fi\/wp-content\/uploads\/2017\/04\/Billard-Dining-tables-catalog-2016.pdf\" target=\"_blank\" rel=\"noopener noreferrer\">brochure.<\/a><\/span><\/p>\n<p><strong>Display table available to view and test in our store.<\/strong><\/p>\n<div style=\"width: 800px;\" class=\"wp-video\"><video class=\"wp-video-shortcode\" id=\"video-73177-1\" width=\"800\" height=\"450\" preload=\"metadata\" controls=\"controls\"><source type=\"video\/mp4\" src=\"https:\/\/biljardi.fi\/wp-content\/uploads\/2017\/01\/Billiard-table-Pronto-Vision.mp4?_=1\" \/><a href=\"https:\/\/biljardi.fi\/wp-content\/uploads\/2017\/01\/Billiard-table-Pronto-Vision.mp4\">https:\/\/biljardi.fi\/wp-content\/uploads\/2017\/01\/Billiard-table-Pronto-Vision.mp4<\/a><\/video><\/div>\n","protected":false},"excerpt":{"rendered":"<p>Vision Diner 6&#8242;, 7&#8242;, 8&#8242; pool table. Stunning Vision Diner pool table with plenty of great features. The table functions as a regular dining or even conference table, and when you lift off the top, it reveals a full-fledged slate pool table underneath! You no longer need a separate room for billiards. If a table [&hellip;]<\/p>\n","protected":false},"featured_media":47336,"comment_status":"open","ping_status":"closed","template":"","meta":[],"product_brand":[],"product_cat":[2011,2110,2013,2025,2012],"product_tag":[2015,2016,2014,2052],"giftcard-category":[],"class_list":{"0":"post-73177","1":"product","2":"type-product","3":"status-publish","4":"has-post-thumbnail","6":"product_cat-billiards","7":"product_cat-diner-tables","8":"product_cat-pool-tables","9":"product_cat-pool-tables-2","10":"product_cat-slate-tables","11":"product_tag-billiard-sales","12":"product_tag-billiard-table","13":"product_tag-billiards","14":"product_tag-billiards-2","15":"pa_koko-2067","16":"pa_koko-2024","17":"pa_koko-2001","18":"pa_vari-black","19":"pa_vari-brown","20":"pa_vari-gray","21":"pa_vari-green","22":"pa_vari-red","23":"pa_vari-white","24":"pa_vari-yellow","26":"first","27":"onbackorder","28":"taxable","29":"shipping-taxable","30":"purchasable","31":"product-type-simple"},"exclude_global_add_ons":false,"addons":[{"name":"Table size","type":"multiple_choice","position":0,"required":false,"title_format":"heading","default":"","description_enable":false,"description":null,"placeholder_enable":false,"placeholder":null,"display":"select","restrictions_type":"any_text","adjust_price":false,"price":"","price_type":"flat_fee","restrictions":false,"min":"0","max":"0","options":[{"label":"6'","price":"","price_type":"quantity_based","image":0,"visibility":true},{"label":"7'","price":"400","price_type":"quantity_based","image":0,"visibility":true},{"label":"8'","price":"900","price_type":"quantity_based","image":0,"visibility":true}],"id":1695912458},{"name":"Leg type","type":"multiple_choice","position":1,"required":false,"title_format":"heading","default":"","description_enable":false,"description":null,"placeholder_enable":false,"placeholder":null,"display":"select","restrictions_type":"any_text","adjust_price":false,"price":"","price_type":"flat_fee","restrictions":false,"min":"0","max":"0","options":[{"label":"Wood, no grooves","price":"","price_type":"quantity_based","image":0,"visibility":true},{"label":"Wood, grooves on outer edges","price":"","price_type":"quantity_based","image":0,"visibility":true},{"label":"Wood, steel decoration","price":"49","price_type":"quantity_based","image":0,"visibility":true},{"label":"Wood, LEDs on outer edge","price":"499","price_type":"quantity_based","image":0,"visibility":true},{"label":"Acrylic, with LEDs","price":"999","price_type":"quantity_based","image":0,"visibility":true},{"label":"With wheels","price":"499","price_type":"quantity_based","image":0,"visibility":true}],"id":1695912459},{"name":"Material","type":"multiple_choice","position":2,"required":false,"title_format":"heading","default":"","description_enable":false,"description":null,"placeholder_enable":false,"placeholder":null,"display":"select","restrictions_type":"any_text","adjust_price":false,"price":"","price_type":"flat_fee","restrictions":false,"min":"0","max":"0","options":[{"label":"Birch","price":"","price_type":"quantity_based","image":0,"visibility":true},{"label":"Ash","price":"199","price_type":"quantity_based","image":0,"visibility":true},{"label":"Oak","price":"299","price_type":"quantity_based","image":0,"visibility":true}],"id":1695912460},{"name":"Dining top","type":"multiple_choice","position":3,"required":false,"title_format":"heading","default":"","description_enable":false,"description":null,"placeholder_enable":false,"placeholder":null,"display":"select","restrictions_type":"any_text","adjust_price":false,"price":"","price_type":"flat_fee","restrictions":false,"min":"0","max":"0","options":[{"label":"Wood top in frame color","price":"","price_type":"quantity_based","image":0,"visibility":true},{"label":"Frosted glass top","price":"","price_type":"quantity_based","image":0,"visibility":true},{"label":"Clear glass top","price":"","price_type":"quantity_based","image":0,"visibility":true},{"label":"Colored glass top (underside laminated with optional RAL color)","price":"","price_type":"flat_fee","image":0,"visibility":true},{"label":"Wood top in frame color with metal decoration (squares)","price":"150","price_type":"flat_fee","image":0,"visibility":true},{"label":"Wood top in frame color with metal decoration (lines in corners)","price":"150","price_type":"flat_fee","image":0,"visibility":true},{"label":"Patterned frosted glass top (squares)","price":"100","price_type":"flat_fee","image":0,"visibility":true},{"label":"Patterned frosted glass top (frames)","price":"100","price_type":"flat_fee","image":0,"visibility":true},{"label":"Glass top with chess board","price":"200","price_type":"flat_fee","image":0,"visibility":true},{"label":"Glass top, black-red wave pattern (sizes 7' and 8' only)","price":"100","price_type":"flat_fee","image":0,"visibility":true},{"label":"Glass top, black-white wave pattern (sizes 7' and 8' only)","price":"100","price_type":"flat_fee","image":0,"visibility":true},{"label":"Glass top, black-gray wave pattern (sizes 7' and 8' only)","price":"100","price_type":"flat_fee","image":0,"visibility":true},{"label":"Poker top (Sizes 6', 7' and 8' only)","price":"250","price_type":"quantity_based","image":0,"visibility":true},{"label":"Table tennis top","price":"","price_type":"quantity_based","image":0,"visibility":true}],"id":1695912461},{"name":"Poker top cloth color","type":"multiple_choice","position":4,"required":false,"title_format":"heading","default":"","description_enable":false,"description":null,"placeholder_enable":false,"placeholder":null,"display":"select","restrictions_type":"any_text","adjust_price":false,"price":"","price_type":"flat_fee","restrictions":false,"min":"0","max":"0","options":[{"label":"Green","price":"","price_type":"quantity_based","image":0,"visibility":true},{"label":"Red","price":"","price_type":"quantity_based","image":0,"visibility":true}],"id":1695912462},{"name":"Painted glass top RAL color","type":"custom_text","position":5,"required":true,"title_format":"heading","default":"","description_enable":true,"description":"Select color from the attached color chart","placeholder_enable":false,"placeholder":null,"display":"select","restrictions_type":"any_text","adjust_price":false,"price":"","price_type":"flat_fee","restrictions":true,"min":"0","max":"10","options":[],"id":1695912463},{"name":"Table color","type":"heading","position":6,"required":false,"title_format":"label","default":"","description_enable":true,"description":"Select table color from the color charts in the image gallery. Available in both lacquer-stained and painted finish (RAL colors). ","placeholder_enable":false,"placeholder":null,"display":"select","restrictions_type":"any_text","adjust_price":false,"price":"","price_type":"flat_fee","restrictions":false,"min":"0","max":"0","options":[],"id":1695912464},{"name":"Table color","type":"custom_textarea","position":7,"required":true,"title_format":"hide","default":"","description_enable":false,"description":null,"placeholder_enable":false,"placeholder":null,"display":"select","restrictions_type":"any_text","adjust_price":false,"price":"","price_type":"quantity_based","restrictions":true,"min":"1","max":"10","options":[],"id":1695912465},{"name":"Finish","type":"multiple_choice","position":8,"required":false,"title_format":"heading","default":"","description_enable":false,"description":null,"placeholder_enable":false,"placeholder":null,"display":"select","restrictions_type":"any_text","adjust_price":false,"price":"","price_type":"flat_fee","restrictions":false,"min":"0","max":"0","options":[{"label":"Lacquered, matte","price":"","price_type":"quantity_based","image":0,"visibility":true},{"label":"Lacquered, semi-matte","price":"","price_type":"quantity_based","image":0,"visibility":true},{"label":"Natural, unstained oiled wood","price":"","price_type":"quantity_based","image":0,"visibility":true},{"label":"Lacquered, glossy","price":"299","price_type":"quantity_based","image":0,"visibility":true},{"label":"Lacquered, ultra-glossy","price":"699","price_type":"quantity_based","image":0,"visibility":true}],"id":1695912466},{"name":"LED lighting color","type":"multiple_choice","position":9,"required":false,"title_format":"heading","default":"","description_enable":false,"description":null,"placeholder_enable":false,"placeholder":null,"display":"select","restrictions_type":"any_text","adjust_price":false,"price":"","price_type":"flat_fee","restrictions":false,"min":"0","max":"0","options":[{"label":"Red","price":"","price_type":"quantity_based","image":0,"visibility":true},{"label":"Blue","price":"","price_type":"quantity_based","image":0,"visibility":true},{"label":"Green","price":"","price_type":"quantity_based","image":0,"visibility":true},{"label":"Changing\/multicolor","price":"49","price_type":"quantity_based","image":0,"visibility":true}],"id":1695912467},{"name":"Ball return","type":"checkbox","position":10,"required":false,"title_format":"heading","default":"","description_enable":false,"description":null,"placeholder_enable":false,"placeholder":null,"display":"select","restrictions_type":"any_text","adjust_price":false,"price":"","price_type":"flat_fee","restrictions":false,"min":"0","max":"0","options":[{"label":"Ball return","price":"279","price_type":"quantity_based","image":0,"visibility":true}],"id":1695912468},{"name":"Easy-lift-system","type":"checkbox","position":11,"required":false,"title_format":"heading","default":"","description_enable":false,"description":null,"placeholder_enable":false,"placeholder":null,"display":"select","restrictions_type":"any_text","adjust_price":false,"price":"","price_type":"flat_fee","restrictions":false,"min":"0","max":"0","options":[{"label":"Easy-lift-system","price":"799","price_type":"quantity_based","image":0,"visibility":true}],"id":1695912469},{"name":"Playing area LED lighting","type":"checkbox","position":12,"required":false,"title_format":"heading","default":"","description_enable":false,"description":null,"placeholder_enable":false,"placeholder":null,"display":"select","restrictions_type":"any_text","adjust_price":false,"price":"","price_type":"flat_fee","restrictions":false,"min":"0","max":"0","options":[{"label":"Playing area LED lighting","price":"199","price_type":"quantity_based","image":0,"visibility":true}],"id":1695912470},{"name":"Power source for LEDs","type":"multiple_choice","position":13,"required":false,"title_format":"heading","default":"","description_enable":false,"description":null,"placeholder_enable":false,"placeholder":null,"display":"select","restrictions_type":"any_text","adjust_price":false,"price":"","price_type":"flat_fee","restrictions":false,"min":"0","max":"0","options":[{"label":"Transformer","price":"","price_type":"quantity_based","image":0,"visibility":true},{"label":"Battery 7Ah","price":"79","price_type":"quantity_based","image":0,"visibility":true},{"label":"Battery 17 Ah","price":"149","price_type":"quantity_based","image":0,"visibility":true}],"id":1695912471},{"name":"Sight points in cushions","type":"checkbox","position":14,"required":false,"title_format":"heading","default":"","description_enable":false,"description":null,"placeholder_enable":false,"placeholder":null,"display":"select","restrictions_type":"any_text","adjust_price":false,"price":"","price_type":"flat_fee","restrictions":false,"min":"0","max":"0","options":[{"label":"Sight points","price":"79","price_type":"flat_fee","image":0,"visibility":true}],"id":1695912472}],"yoast_head":"<!-- This site is optimized with the Yoast SEO plugin v27.6 - https:\/\/yoast.com\/product\/yoast-seo-wordpress\/ -->\n<title>[wpseo_titles]title-Tuote<\/title>\n<meta name=\"description\" content=\"[wpseo_titles]metadesc-Tuote\" \/>\n<meta name=\"robots\" content=\"index, follow, max-snippet:-1, max-image-preview:large, max-video-preview:-1\" \/>\n<link rel=\"canonical\" href=\"https:\/\/biljardi.fi\/en\/product\/vision-diner-6-7-8-pool-table\/\" \/>\n<meta property=\"og:locale\" content=\"en_US\" \/>\n<meta property=\"og:type\" content=\"article\" \/>\n<meta property=\"og:title\" content=\"[wpseo_titles]title-Tuote\" \/>\n<meta property=\"og:description\" content=\"[wpseo_titles]metadesc-Tuote\" \/>\n<meta property=\"og:url\" content=\"https:\/\/biljardi.fi\/en\/product\/vision-diner-6-7-8-pool-table\/\" \/>\n<meta property=\"og:site_name\" content=\"Suomen Biljardimyynti Oy\" \/>\n<meta property=\"og:image\" content=\"https:\/\/biljardi.fi\/wp-content\/uploads\/2017\/01\/Billiard-dining-table-Pronto-Vision-3.jpg\" \/>\n\t<meta property=\"og:image:width\" content=\"2560\" \/>\n\t<meta property=\"og:image:height\" content=\"1695\" \/>\n\t<meta property=\"og:image:type\" content=\"image\/jpeg\" \/>\n<meta name=\"twitter:card\" content=\"summary_large_image\" \/>\n<meta name=\"twitter:label1\" content=\"Est. reading time\" \/>\n\t<meta name=\"twitter:data1\" content=\"1 minute\" \/>\n<script type=\"application\/ld+json\" class=\"yoast-schema-graph\">{\"@context\":\"https:\\\/\\\/schema.org\",\"@graph\":[{\"@type\":\"WebPage\",\"@id\":\"https:\\\/\\\/biljardi.fi\\\/en\\\/product\\\/vision-diner-6-7-8-pool-table\\\/\",\"url\":\"https:\\\/\\\/biljardi.fi\\\/en\\\/product\\\/vision-diner-6-7-8-pool-table\\\/\",\"name\":\"[wpseo_titles]title-Tuote\",\"isPartOf\":{\"@id\":\"https:\\\/\\\/biljardi.fi\\\/en\\\/#website\"},\"primaryImageOfPage\":{\"@id\":\"https:\\\/\\\/biljardi.fi\\\/en\\\/product\\\/vision-diner-6-7-8-pool-table\\\/#primaryimage\"},\"image\":{\"@id\":\"https:\\\/\\\/biljardi.fi\\\/en\\\/product\\\/vision-diner-6-7-8-pool-table\\\/#primaryimage\"},\"thumbnailUrl\":\"https:\\\/\\\/biljardi.fi\\\/wp-content\\\/uploads\\\/2017\\\/01\\\/Billiard-dining-table-Pronto-Vision-3.jpg\",\"datePublished\":\"2017-01-15T16:52:45+00:00\",\"description\":\"[wpseo_titles]metadesc-Tuote\",\"breadcrumb\":{\"@id\":\"https:\\\/\\\/biljardi.fi\\\/en\\\/product\\\/vision-diner-6-7-8-pool-table\\\/#breadcrumb\"},\"inLanguage\":\"en-US\",\"potentialAction\":[{\"@type\":\"ReadAction\",\"target\":[\"https:\\\/\\\/biljardi.fi\\\/en\\\/product\\\/vision-diner-6-7-8-pool-table\\\/\"]}]},{\"@type\":\"ImageObject\",\"inLanguage\":\"en-US\",\"@id\":\"https:\\\/\\\/biljardi.fi\\\/en\\\/product\\\/vision-diner-6-7-8-pool-table\\\/#primaryimage\",\"url\":\"https:\\\/\\\/biljardi.fi\\\/wp-content\\\/uploads\\\/2017\\\/01\\\/Billiard-dining-table-Pronto-Vision-3.jpg\",\"contentUrl\":\"https:\\\/\\\/biljardi.fi\\\/wp-content\\\/uploads\\\/2017\\\/01\\\/Billiard-dining-table-Pronto-Vision-3.jpg\",\"width\":2560,\"height\":1695},{\"@type\":\"BreadcrumbList\",\"@id\":\"https:\\\/\\\/biljardi.fi\\\/en\\\/product\\\/vision-diner-6-7-8-pool-table\\\/#breadcrumb\",\"itemListElement\":[{\"@type\":\"ListItem\",\"position\":1,\"name\":\"Etusivu\",\"item\":\"https:\\\/\\\/biljardi.fi\\\/en\\\/home\\\/\"},{\"@type\":\"ListItem\",\"position\":2,\"name\":\"Shop\",\"item\":\"https:\\\/\\\/biljardi.fi\\\/en\\\/shop\\\/\"},{\"@type\":\"ListItem\",\"position\":3,\"name\":\"Vision Diner 6&#8242;, 7&#8242;, 8&#8242; pool table\"}]},{\"@type\":\"WebSite\",\"@id\":\"https:\\\/\\\/biljardi.fi\\\/en\\\/#website\",\"url\":\"https:\\\/\\\/biljardi.fi\\\/en\\\/\",\"name\":\"Suomen Biljardimyynti Oy\",\"description\":\"Biljardip\u00f6yd\u00e4t, Biljardi, Darts, Ilmakiekko, P\u00f6yt\u00e4jalkapallo\",\"publisher\":{\"@id\":\"https:\\\/\\\/biljardi.fi\\\/en\\\/#organization\"},\"potentialAction\":[{\"@type\":\"SearchAction\",\"target\":{\"@type\":\"EntryPoint\",\"urlTemplate\":\"https:\\\/\\\/biljardi.fi\\\/en\\\/?s={search_term_string}\"},\"query-input\":{\"@type\":\"PropertyValueSpecification\",\"valueRequired\":true,\"valueName\":\"search_term_string\"}}],\"inLanguage\":\"en-US\"},{\"@type\":\"Organization\",\"@id\":\"https:\\\/\\\/biljardi.fi\\\/en\\\/#organization\",\"name\":\"Suomen Biljardimyynti Oy\",\"url\":\"https:\\\/\\\/biljardi.fi\\\/en\\\/\",\"logo\":{\"@type\":\"ImageObject\",\"inLanguage\":\"en-US\",\"@id\":\"https:\\\/\\\/biljardi.fi\\\/en\\\/#\\\/schema\\\/logo\\\/image\\\/\",\"url\":\"https:\\\/\\\/biljardi.fi\\\/wp-content\\\/uploads\\\/2025\\\/10\\\/logo_uus-1.png\",\"contentUrl\":\"https:\\\/\\\/biljardi.fi\\\/wp-content\\\/uploads\\\/2025\\\/10\\\/logo_uus-1.png\",\"width\":360,\"height\":94,\"caption\":\"Suomen Biljardimyynti Oy\"},\"image\":{\"@id\":\"https:\\\/\\\/biljardi.fi\\\/en\\\/#\\\/schema\\\/logo\\\/image\\\/\"}}]}<\/script>\n<!-- \/ Yoast SEO plugin. -->","yoast_head_json":{"title":"[wpseo_titles]title-Tuote","description":"[wpseo_titles]metadesc-Tuote","robots":{"index":"index","follow":"follow","max-snippet":"max-snippet:-1","max-image-preview":"max-image-preview:large","max-video-preview":"max-video-preview:-1"},"canonical":"https:\/\/biljardi.fi\/en\/product\/vision-diner-6-7-8-pool-table\/","og_locale":"en_US","og_type":"article","og_title":"[wpseo_titles]title-Tuote","og_description":"[wpseo_titles]metadesc-Tuote","og_url":"https:\/\/biljardi.fi\/en\/product\/vision-diner-6-7-8-pool-table\/","og_site_name":"Suomen Biljardimyynti Oy","og_image":[{"width":2560,"height":1695,"url":"https:\/\/biljardi.fi\/wp-content\/uploads\/2017\/01\/Billiard-dining-table-Pronto-Vision-3.jpg","type":"image\/jpeg"}],"twitter_card":"summary_large_image","twitter_misc":{"Est. reading time":"1 minute"},"schema":{"@context":"https:\/\/schema.org","@graph":[{"@type":"WebPage","@id":"https:\/\/biljardi.fi\/en\/product\/vision-diner-6-7-8-pool-table\/","url":"https:\/\/biljardi.fi\/en\/product\/vision-diner-6-7-8-pool-table\/","name":"[wpseo_titles]title-Tuote","isPartOf":{"@id":"https:\/\/biljardi.fi\/en\/#website"},"primaryImageOfPage":{"@id":"https:\/\/biljardi.fi\/en\/product\/vision-diner-6-7-8-pool-table\/#primaryimage"},"image":{"@id":"https:\/\/biljardi.fi\/en\/product\/vision-diner-6-7-8-pool-table\/#primaryimage"},"thumbnailUrl":"https:\/\/biljardi.fi\/wp-content\/uploads\/2017\/01\/Billiard-dining-table-Pronto-Vision-3.jpg","datePublished":"2017-01-15T16:52:45+00:00","description":"[wpseo_titles]metadesc-Tuote","breadcrumb":{"@id":"https:\/\/biljardi.fi\/en\/product\/vision-diner-6-7-8-pool-table\/#breadcrumb"},"inLanguage":"en-US","potentialAction":[{"@type":"ReadAction","target":["https:\/\/biljardi.fi\/en\/product\/vision-diner-6-7-8-pool-table\/"]}]},{"@type":"ImageObject","inLanguage":"en-US","@id":"https:\/\/biljardi.fi\/en\/product\/vision-diner-6-7-8-pool-table\/#primaryimage","url":"https:\/\/biljardi.fi\/wp-content\/uploads\/2017\/01\/Billiard-dining-table-Pronto-Vision-3.jpg","contentUrl":"https:\/\/biljardi.fi\/wp-content\/uploads\/2017\/01\/Billiard-dining-table-Pronto-Vision-3.jpg","width":2560,"height":1695},{"@type":"BreadcrumbList","@id":"https:\/\/biljardi.fi\/en\/product\/vision-diner-6-7-8-pool-table\/#breadcrumb","itemListElement":[{"@type":"ListItem","position":1,"name":"Etusivu","item":"https:\/\/biljardi.fi\/en\/home\/"},{"@type":"ListItem","position":2,"name":"Shop","item":"https:\/\/biljardi.fi\/en\/shop\/"},{"@type":"ListItem","position":3,"name":"Vision Diner 6&#8242;, 7&#8242;, 8&#8242; pool table"}]},{"@type":"WebSite","@id":"https:\/\/biljardi.fi\/en\/#website","url":"https:\/\/biljardi.fi\/en\/","name":"Suomen Biljardimyynti Oy","description":"Biljardip\u00f6yd\u00e4t, Biljardi, Darts, Ilmakiekko, P\u00f6yt\u00e4jalkapallo","publisher":{"@id":"https:\/\/biljardi.fi\/en\/#organization"},"potentialAction":[{"@type":"SearchAction","target":{"@type":"EntryPoint","urlTemplate":"https:\/\/biljardi.fi\/en\/?s={search_term_string}"},"query-input":{"@type":"PropertyValueSpecification","valueRequired":true,"valueName":"search_term_string"}}],"inLanguage":"en-US"},{"@type":"Organization","@id":"https:\/\/biljardi.fi\/en\/#organization","name":"Suomen Biljardimyynti Oy","url":"https:\/\/biljardi.fi\/en\/","logo":{"@type":"ImageObject","inLanguage":"en-US","@id":"https:\/\/biljardi.fi\/en\/#\/schema\/logo\/image\/","url":"https:\/\/biljardi.fi\/wp-content\/uploads\/2025\/10\/logo_uus-1.png","contentUrl":"https:\/\/biljardi.fi\/wp-content\/uploads\/2025\/10\/logo_uus-1.png","width":360,"height":94,"caption":"Suomen Biljardimyynti Oy"},"image":{"@id":"https:\/\/biljardi.fi\/en\/#\/schema\/logo\/image\/"}}]}},"_links":{"self":[{"href":"https:\/\/biljardi.fi\/en\/wp-json\/wp\/v2\/product\/73177","targetHints":{"allow":["GET"]}}],"collection":[{"href":"https:\/\/biljardi.fi\/en\/wp-json\/wp\/v2\/product"}],"about":[{"href":"https:\/\/biljardi.fi\/en\/wp-json\/wp\/v2\/types\/product"}],"replies":[{"embeddable":true,"href":"https:\/\/biljardi.fi\/en\/wp-json\/wp\/v2\/comments?post=73177"}],"wp:featuredmedia":[{"embeddable":true,"href":"https:\/\/biljardi.fi\/en\/wp-json\/wp\/v2\/media\/47336"}],"wp:attachment":[{"href":"https:\/\/biljardi.fi\/en\/wp-json\/wp\/v2\/media?parent=73177"}],"wp:term":[{"taxonomy":"product_brand","embeddable":true,"href":"https:\/\/biljardi.fi\/en\/wp-json\/wp\/v2\/product_brand?post=73177"},{"taxonomy":"product_cat","embeddable":true,"href":"https:\/\/biljardi.fi\/en\/wp-json\/wp\/v2\/product_cat?post=73177"},{"taxonomy":"product_tag","embeddable":true,"href":"https:\/\/biljardi.fi\/en\/wp-json\/wp\/v2\/product_tag?post=73177"},{"taxonomy":"giftcard-category","embeddable":true,"href":"https:\/\/biljardi.fi\/en\/wp-json\/wp\/v2\/giftcard-category?post=73177"}],"curies":[{"name":"wp","href":"https:\/\/api.w.org\/{rel}","templated":true}]}}