{"id":73152,"date":"2018-11-03T23:25:05","date_gmt":"2018-11-03T23:25:05","guid":{"rendered":"https:\/\/biljardi.fi\/tuote\/pronto-poker-table-for-7-10-players\/"},"modified":"2018-11-03T23:25:05","modified_gmt":"2018-11-03T21:25:05","slug":"pronto-poker-table-for-7-10-players","status":"publish","type":"product","link":"https:\/\/biljardi.fi\/en\/tuote\/pronto-poker-table-for-7-10-players\/","title":{"rendered":"Pronto poker table for 7\/10 players"},"content":{"rendered":"<p>Pronto poker table for 7\/10 players.<\/p>\n<p>Pronto is a high-quality poker table with a solid wood frame. The table is extremely stable and, thanks to the leveling feet, can be perfectly balanced even on uneven floors. <\/p>\n<p>The playing surface is made of poker cloth specifically designed for the game. The rail padding is high-quality synthetic leather with a genuine feel. The Pronto poker table meets all technical requirements for poker tables. Additionally, you can customize the look by choosing the wood material, color, and rail color.   <\/p>\n<p>The 10-player model features a dealer cutout in the center. The 7-player table is symmetrical. <\/p>\n<p>Dimensions:<\/p>\n<ul>\n<li>7-player model 220 x 117 cm<\/li>\n<li>10-player model 270 x 142 cm<\/li>\n<li>Height 78 cm<\/li>\n<\/ul>\n","protected":false},"excerpt":{"rendered":"<p>Pronto poker table for 7\/10 players. Pronto is a high-quality poker table with a solid wood frame. The table is extremely stable and, thanks to the leveling feet, can be perfectly balanced even on uneven floors. The playing surface is made of poker cloth specifically designed for the game. The rail padding is high-quality synthetic [&hellip;]<\/p>\n","protected":false},"featured_media":48172,"comment_status":"open","ping_status":"closed","template":"","meta":{"_improvement_type_select":"improve_an_existing","_thumb_yes_seoaic":false,"_frame_yes_seoaic":false,"seoaic_generate_description":"","seoaic_improve_instructions_prompt":"","seoaic_rollback_content_improvement":"","seoaic_idea_thumbnail_generator":"","thumbnail_generated":false,"thumbnail_generate_prompt":"","seoaic_article_description":""},"product_brand":[],"product_cat":[2021,2059],"product_tag":[],"giftcard-category":[],"class_list":{"0":"post-73152","1":"product","2":"type-product","3":"status-publish","4":"has-post-thumbnail","6":"product_cat-furniture","7":"product_cat-poker","9":"first","10":"instock","11":"taxable","12":"shipping-taxable","13":"purchasable","14":"product-type-simple"},"exclude_global_add_ons":true,"addons":[{"name":"Size","type":"multiple_choice","position":0,"required":false,"title_format":"heading","default":"","description_enable":false,"description":null,"placeholder_enable":false,"placeholder":null,"display":"select","restrictions_type":"any_text","adjust_price":false,"price":"","price_type":"flat_fee","restrictions":false,"min":"0","max":"0","options":[{"label":"7 players","price":"","price_type":"quantity_based","image":0,"visibility":true},{"label":"10 players","price":"300","price_type":"quantity_based","image":0,"visibility":true}],"id":1769696900},{"name":"Frame material","type":"multiple_choice","position":1,"required":false,"title_format":"heading","default":"","description_enable":false,"description":null,"placeholder_enable":false,"placeholder":null,"display":"select","restrictions_type":"any_text","adjust_price":false,"price":"","price_type":"flat_fee","restrictions":false,"min":"0","max":"0","options":[{"label":"Birch","price":"","price_type":"flat_fee","image":0,"visibility":true},{"label":"Ash","price":"199","price_type":"flat_fee","image":0,"visibility":true},{"label":"Oak","price":"299","price_type":"flat_fee","image":0,"visibility":true}],"id":1769696901},{"name":"Frame color","type":"custom_text","position":2,"required":false,"title_format":"heading","default":"","description_enable":true,"description":"Choose the wood type and color from the color charts in the image menu. Available in stained lacquer and painted finishes. ","placeholder_enable":false,"placeholder":null,"display":"select","restrictions_type":"any_text","adjust_price":false,"price":"","price_type":"flat_fee","restrictions":false,"min":"0","max":"0","options":[],"id":1769696902},{"name":"Leg style","type":"custom_text","position":3,"required":false,"title_format":"heading","default":"","description_enable":true,"description":"Choose from the options below. Leg styles 1\u201316 are available. ","placeholder_enable":false,"placeholder":null,"display":"select","restrictions_type":"any_text","adjust_price":false,"price":"","price_type":"flat_fee","restrictions":false,"min":"0","max":"0","options":[],"id":1769696903},{"name":"Rail color","type":"custom_text","position":4,"required":false,"title_format":"label","default":"","description_enable":true,"description":"Choose from the options below.","placeholder_enable":false,"placeholder":null,"display":"select","restrictions_type":"any_text","adjust_price":false,"price":"","price_type":"flat_fee","restrictions":false,"min":"0","max":"0","options":[],"id":1769696904}],"yoast_head":"<!-- This site is optimized with the Yoast SEO plugin v27.3 - https:\/\/yoast.com\/product\/yoast-seo-wordpress\/ -->\n<title>[wpseo_titles]title-Tuote<\/title>\n<meta name=\"robots\" content=\"index, follow, max-snippet:-1, max-image-preview:large, max-video-preview:-1\" \/>\n<link rel=\"canonical\" href=\"https:\/\/biljardi.fi\/en\/tuote\/pronto-poker-table-for-7-10-players\/\" \/>\n<meta property=\"og:locale\" content=\"en_US\" \/>\n<meta property=\"og:type\" content=\"article\" \/>\n<meta property=\"og:title\" content=\"[wpseo_titles]title-Tuote\" \/>\n<meta property=\"og:description\" content=\"Pronto poker table for 7\/10 players. Pronto is a high-quality poker table with a solid wood frame. The table is extremely stable and, thanks to the leveling feet, can be perfectly balanced even on uneven floors. The playing surface is made of poker cloth specifically designed for the game. The rail padding is high-quality synthetic [&hellip;]\" \/>\n<meta property=\"og:url\" content=\"https:\/\/biljardi.fi\/en\/tuote\/pronto-poker-table-for-7-10-players\/\" \/>\n<meta property=\"og:site_name\" content=\"Suomen Biljardimyynti Oy\" \/>\n<meta property=\"og:image\" content=\"https:\/\/biljardi.fi\/wp-content\/uploads\/2018\/11\/Poker-Pronto-10-places-2.jpg\" \/>\n\t<meta property=\"og:image:width\" content=\"960\" \/>\n\t<meta property=\"og:image:height\" content=\"643\" \/>\n\t<meta property=\"og:image:type\" content=\"image\/jpeg\" \/>\n<meta name=\"twitter:card\" content=\"summary_large_image\" \/>\n<meta name=\"twitter:label1\" content=\"Est. reading time\" \/>\n\t<meta name=\"twitter:data1\" content=\"1 minute\" \/>\n<script type=\"application\/ld+json\" class=\"yoast-schema-graph\">{\"@context\":\"https:\\\/\\\/schema.org\",\"@graph\":[{\"@type\":\"WebPage\",\"@id\":\"https:\\\/\\\/biljardi.fi\\\/en\\\/tuote\\\/pronto-poker-table-for-7-10-players\\\/\",\"url\":\"https:\\\/\\\/biljardi.fi\\\/en\\\/tuote\\\/pronto-poker-table-for-7-10-players\\\/\",\"name\":\"[wpseo_titles]title-Tuote\",\"isPartOf\":{\"@id\":\"https:\\\/\\\/biljardi.fi\\\/en\\\/#website\"},\"primaryImageOfPage\":{\"@id\":\"https:\\\/\\\/biljardi.fi\\\/en\\\/tuote\\\/pronto-poker-table-for-7-10-players\\\/#primaryimage\"},\"image\":{\"@id\":\"https:\\\/\\\/biljardi.fi\\\/en\\\/tuote\\\/pronto-poker-table-for-7-10-players\\\/#primaryimage\"},\"thumbnailUrl\":\"https:\\\/\\\/biljardi.fi\\\/wp-content\\\/uploads\\\/2018\\\/11\\\/Poker-Pronto-10-places-2.jpg\",\"datePublished\":\"2018-11-03T23:25:05+00:00\",\"breadcrumb\":{\"@id\":\"https:\\\/\\\/biljardi.fi\\\/en\\\/tuote\\\/pronto-poker-table-for-7-10-players\\\/#breadcrumb\"},\"inLanguage\":\"en-US\",\"potentialAction\":[{\"@type\":\"ReadAction\",\"target\":[\"https:\\\/\\\/biljardi.fi\\\/en\\\/tuote\\\/pronto-poker-table-for-7-10-players\\\/\"]}]},{\"@type\":\"ImageObject\",\"inLanguage\":\"en-US\",\"@id\":\"https:\\\/\\\/biljardi.fi\\\/en\\\/tuote\\\/pronto-poker-table-for-7-10-players\\\/#primaryimage\",\"url\":\"https:\\\/\\\/biljardi.fi\\\/wp-content\\\/uploads\\\/2018\\\/11\\\/Poker-Pronto-10-places-2.jpg\",\"contentUrl\":\"https:\\\/\\\/biljardi.fi\\\/wp-content\\\/uploads\\\/2018\\\/11\\\/Poker-Pronto-10-places-2.jpg\",\"width\":960,\"height\":643},{\"@type\":\"BreadcrumbList\",\"@id\":\"https:\\\/\\\/biljardi.fi\\\/en\\\/tuote\\\/pronto-poker-table-for-7-10-players\\\/#breadcrumb\",\"itemListElement\":[{\"@type\":\"ListItem\",\"position\":1,\"name\":\"Home\",\"item\":\"https:\\\/\\\/biljardi.fi\\\/en\\\/home\\\/\"},{\"@type\":\"ListItem\",\"position\":2,\"name\":\"Shop\",\"item\":\"https:\\\/\\\/biljardi.fi\\\/en\\\/shop\\\/\"},{\"@type\":\"ListItem\",\"position\":3,\"name\":\"Pronto poker table for 7\\\/10 players\"}]},{\"@type\":\"WebSite\",\"@id\":\"https:\\\/\\\/biljardi.fi\\\/en\\\/#website\",\"url\":\"https:\\\/\\\/biljardi.fi\\\/en\\\/\",\"name\":\"Suomen Biljardimyynti Oy\",\"description\":\"Biljardip\u00f6yd\u00e4t, Biljardi, Darts, Ilmakiekko, P\u00f6yt\u00e4jalkapallo\",\"publisher\":{\"@id\":\"https:\\\/\\\/biljardi.fi\\\/en\\\/#organization\"},\"potentialAction\":[{\"@type\":\"SearchAction\",\"target\":{\"@type\":\"EntryPoint\",\"urlTemplate\":\"https:\\\/\\\/biljardi.fi\\\/en\\\/?s={search_term_string}\"},\"query-input\":{\"@type\":\"PropertyValueSpecification\",\"valueRequired\":true,\"valueName\":\"search_term_string\"}}],\"inLanguage\":\"en-US\"},{\"@type\":\"Organization\",\"@id\":\"https:\\\/\\\/biljardi.fi\\\/en\\\/#organization\",\"name\":\"Suomen Biljardimyynti Oy\",\"url\":\"https:\\\/\\\/biljardi.fi\\\/en\\\/\",\"logo\":{\"@type\":\"ImageObject\",\"inLanguage\":\"en-US\",\"@id\":\"https:\\\/\\\/biljardi.fi\\\/en\\\/#\\\/schema\\\/logo\\\/image\\\/\",\"url\":\"https:\\\/\\\/biljardi.fi\\\/wp-content\\\/uploads\\\/2025\\\/10\\\/logo_uus-1.png\",\"contentUrl\":\"https:\\\/\\\/biljardi.fi\\\/wp-content\\\/uploads\\\/2025\\\/10\\\/logo_uus-1.png\",\"width\":360,\"height\":94,\"caption\":\"Suomen Biljardimyynti Oy\"},\"image\":{\"@id\":\"https:\\\/\\\/biljardi.fi\\\/en\\\/#\\\/schema\\\/logo\\\/image\\\/\"}}]}<\/script>\n<!-- \/ Yoast SEO plugin. -->","yoast_head_json":{"title":"[wpseo_titles]title-Tuote","robots":{"index":"index","follow":"follow","max-snippet":"max-snippet:-1","max-image-preview":"max-image-preview:large","max-video-preview":"max-video-preview:-1"},"canonical":"https:\/\/biljardi.fi\/en\/tuote\/pronto-poker-table-for-7-10-players\/","og_locale":"en_US","og_type":"article","og_title":"[wpseo_titles]title-Tuote","og_description":"Pronto poker table for 7\/10 players. Pronto is a high-quality poker table with a solid wood frame. The table is extremely stable and, thanks to the leveling feet, can be perfectly balanced even on uneven floors. The playing surface is made of poker cloth specifically designed for the game. The rail padding is high-quality synthetic [&hellip;]","og_url":"https:\/\/biljardi.fi\/en\/tuote\/pronto-poker-table-for-7-10-players\/","og_site_name":"Suomen Biljardimyynti Oy","og_image":[{"width":960,"height":643,"url":"https:\/\/biljardi.fi\/wp-content\/uploads\/2018\/11\/Poker-Pronto-10-places-2.jpg","type":"image\/jpeg"}],"twitter_card":"summary_large_image","twitter_misc":{"Est. reading time":"1 minute"},"schema":{"@context":"https:\/\/schema.org","@graph":[{"@type":"WebPage","@id":"https:\/\/biljardi.fi\/en\/tuote\/pronto-poker-table-for-7-10-players\/","url":"https:\/\/biljardi.fi\/en\/tuote\/pronto-poker-table-for-7-10-players\/","name":"[wpseo_titles]title-Tuote","isPartOf":{"@id":"https:\/\/biljardi.fi\/en\/#website"},"primaryImageOfPage":{"@id":"https:\/\/biljardi.fi\/en\/tuote\/pronto-poker-table-for-7-10-players\/#primaryimage"},"image":{"@id":"https:\/\/biljardi.fi\/en\/tuote\/pronto-poker-table-for-7-10-players\/#primaryimage"},"thumbnailUrl":"https:\/\/biljardi.fi\/wp-content\/uploads\/2018\/11\/Poker-Pronto-10-places-2.jpg","datePublished":"2018-11-03T23:25:05+00:00","breadcrumb":{"@id":"https:\/\/biljardi.fi\/en\/tuote\/pronto-poker-table-for-7-10-players\/#breadcrumb"},"inLanguage":"en-US","potentialAction":[{"@type":"ReadAction","target":["https:\/\/biljardi.fi\/en\/tuote\/pronto-poker-table-for-7-10-players\/"]}]},{"@type":"ImageObject","inLanguage":"en-US","@id":"https:\/\/biljardi.fi\/en\/tuote\/pronto-poker-table-for-7-10-players\/#primaryimage","url":"https:\/\/biljardi.fi\/wp-content\/uploads\/2018\/11\/Poker-Pronto-10-places-2.jpg","contentUrl":"https:\/\/biljardi.fi\/wp-content\/uploads\/2018\/11\/Poker-Pronto-10-places-2.jpg","width":960,"height":643},{"@type":"BreadcrumbList","@id":"https:\/\/biljardi.fi\/en\/tuote\/pronto-poker-table-for-7-10-players\/#breadcrumb","itemListElement":[{"@type":"ListItem","position":1,"name":"Home","item":"https:\/\/biljardi.fi\/en\/home\/"},{"@type":"ListItem","position":2,"name":"Shop","item":"https:\/\/biljardi.fi\/en\/shop\/"},{"@type":"ListItem","position":3,"name":"Pronto poker table for 7\/10 players"}]},{"@type":"WebSite","@id":"https:\/\/biljardi.fi\/en\/#website","url":"https:\/\/biljardi.fi\/en\/","name":"Suomen Biljardimyynti Oy","description":"Biljardip\u00f6yd\u00e4t, Biljardi, Darts, Ilmakiekko, P\u00f6yt\u00e4jalkapallo","publisher":{"@id":"https:\/\/biljardi.fi\/en\/#organization"},"potentialAction":[{"@type":"SearchAction","target":{"@type":"EntryPoint","urlTemplate":"https:\/\/biljardi.fi\/en\/?s={search_term_string}"},"query-input":{"@type":"PropertyValueSpecification","valueRequired":true,"valueName":"search_term_string"}}],"inLanguage":"en-US"},{"@type":"Organization","@id":"https:\/\/biljardi.fi\/en\/#organization","name":"Suomen Biljardimyynti Oy","url":"https:\/\/biljardi.fi\/en\/","logo":{"@type":"ImageObject","inLanguage":"en-US","@id":"https:\/\/biljardi.fi\/en\/#\/schema\/logo\/image\/","url":"https:\/\/biljardi.fi\/wp-content\/uploads\/2025\/10\/logo_uus-1.png","contentUrl":"https:\/\/biljardi.fi\/wp-content\/uploads\/2025\/10\/logo_uus-1.png","width":360,"height":94,"caption":"Suomen Biljardimyynti Oy"},"image":{"@id":"https:\/\/biljardi.fi\/en\/#\/schema\/logo\/image\/"}}]}},"_links":{"self":[{"href":"https:\/\/biljardi.fi\/en\/wp-json\/wp\/v2\/product\/73152","targetHints":{"allow":["GET"]}}],"collection":[{"href":"https:\/\/biljardi.fi\/en\/wp-json\/wp\/v2\/product"}],"about":[{"href":"https:\/\/biljardi.fi\/en\/wp-json\/wp\/v2\/types\/product"}],"replies":[{"embeddable":true,"href":"https:\/\/biljardi.fi\/en\/wp-json\/wp\/v2\/comments?post=73152"}],"wp:featuredmedia":[{"embeddable":true,"href":"https:\/\/biljardi.fi\/en\/wp-json\/wp\/v2\/media\/48172"}],"wp:attachment":[{"href":"https:\/\/biljardi.fi\/en\/wp-json\/wp\/v2\/media?parent=73152"}],"wp:term":[{"taxonomy":"product_brand","embeddable":true,"href":"https:\/\/biljardi.fi\/en\/wp-json\/wp\/v2\/product_brand?post=73152"},{"taxonomy":"product_cat","embeddable":true,"href":"https:\/\/biljardi.fi\/en\/wp-json\/wp\/v2\/product_cat?post=73152"},{"taxonomy":"product_tag","embeddable":true,"href":"https:\/\/biljardi.fi\/en\/wp-json\/wp\/v2\/product_tag?post=73152"},{"taxonomy":"giftcard-category","embeddable":true,"href":"https:\/\/biljardi.fi\/en\/wp-json\/wp\/v2\/giftcard-category?post=73152"}],"curies":[{"name":"wp","href":"https:\/\/api.w.org\/{rel}","templated":true}]}}