{"id":73087,"date":"2020-09-09T09:24:09","date_gmt":"2020-09-09T09:24:09","guid":{"rendered":"https:\/\/biljardi.fi\/tuote\/pronto-ultra-bench\/"},"modified":"2020-09-09T09:24:09","modified_gmt":"2020-09-09T06:24:09","slug":"pronto-ultra-bench","status":"publish","type":"product","link":"https:\/\/biljardi.fi\/en\/tuote\/pronto-ultra-bench\/","title":{"rendered":"Pronto Ultra bench"},"content":{"rendered":"<p>The Ultra bench is a furniture piece compatible with the Bilijardai Pronto Ultra series. Its design matches the sleek Ultra billiard table, and the same color options are available. It features a steel frame and a padded seat upholstered in faux leather.  <\/p>\n<p>Size 1.9 x 0.4 m. Fits both 7&#8242; and 8&#8242; tables. <\/p>\n","protected":false},"excerpt":{"rendered":"<p>The Ultra bench is a furniture piece compatible with the Bilijardai Pronto Ultra series. Its design matches the sleek Ultra billiard table, and the same color options are available. It features a steel frame and a padded seat upholstered in faux leather. Size 1.9 x 0.4 m. Fits both 7&#8242; and 8&#8242; tables.<\/p>\n","protected":false},"featured_media":53135,"comment_status":"open","ping_status":"closed","template":"","meta":{"_improvement_type_select":"improve_an_existing","_thumb_yes_seoaic":false,"_frame_yes_seoaic":false,"seoaic_generate_description":"","seoaic_improve_instructions_prompt":"","seoaic_rollback_content_improvement":"","seoaic_idea_thumbnail_generator":"","thumbnail_generated":false,"thumbnail_generate_prompt":"","seoaic_article_description":""},"product_brand":[],"product_cat":[2011,2021],"product_tag":[],"giftcard-category":[],"class_list":{"0":"post-73087","1":"product","2":"type-product","3":"status-publish","4":"has-post-thumbnail","6":"product_cat-billiards","7":"product_cat-furniture","9":"first","10":"instock","11":"taxable","12":"shipping-taxable","13":"purchasable","14":"product-type-simple"},"exclude_global_add_ons":true,"addons":[{"name":"Frame color","type":"heading","position":0,"required":false,"title_format":"label","default":"","description_enable":true,"description":"Colors from the RAL chart in the image menu.","placeholder_enable":false,"placeholder":null,"display":"select","restrictions_type":"any_text","adjust_price":false,"price":"","price_type":"flat_fee","restrictions":false,"min":"0","max":"0","options":[]},{"name":"Color","type":"custom_textarea","position":1,"required":true,"title_format":"hide","default":"","description_enable":false,"description":null,"placeholder_enable":false,"placeholder":null,"display":"select","restrictions_type":"any_text","adjust_price":false,"price":"","price_type":"quantity_based","restrictions":true,"min":"1","max":"10","options":[]},{"name":"Seat color","type":"multiple_choice","position":2,"required":false,"title_format":"heading","default":"","description_enable":false,"description":null,"placeholder_enable":false,"placeholder":null,"display":"select","restrictions_type":"any_text","adjust_price":false,"price":"","price_type":"quantity_based","restrictions":true,"min":"1","max":"10","options":[{"label":"N1","price":"","price_type":"flat_fee","image":0,"visibility":true},{"label":"N7","price":"","price_type":"flat_fee","image":0,"visibility":true},{"label":"BR2","price":"","price_type":"flat_fee","image":0,"visibility":true},{"label":"BR5","price":"","price_type":"flat_fee","image":0,"visibility":true},{"label":"CZ Casco","price":"","price_type":"flat_fee","image":0,"visibility":true},{"label":"CZ Dolaro","price":"","price_type":"flat_fee","image":0,"visibility":true},{"label":"BRC-11","price":"","price_type":"flat_fee","image":0,"visibility":true},{"label":"SA-4","price":"","price_type":"flat_fee","image":0,"visibility":true},{"label":"SA-2 Casco","price":"","price_type":"flat_fee","image":0,"visibility":true},{"label":"SA-2 Dolaro","price":"","price_type":"flat_fee","image":0,"visibility":true},{"label":"BE-9","price":"","price_type":"flat_fee","image":0,"visibility":true},{"label":"BR-4","price":"","price_type":"flat_fee","image":0,"visibility":true},{"label":"BE-6","price":"","price_type":"flat_fee","image":0,"visibility":true},{"label":"BE-5","price":"","price_type":"flat_fee","image":0,"visibility":true},{"label":"BE-1","price":"","price_type":"flat_fee","image":0,"visibility":true},{"label":"BA-1","price":"","price_type":"flat_fee","image":0,"visibility":true}]}],"yoast_head":"<!-- This site is optimized with the Yoast SEO plugin v27.3 - https:\/\/yoast.com\/product\/yoast-seo-wordpress\/ -->\n<title>[wpseo_titles]title-Tuote<\/title>\n<meta name=\"robots\" content=\"index, follow, max-snippet:-1, max-image-preview:large, max-video-preview:-1\" \/>\n<link rel=\"canonical\" href=\"https:\/\/biljardi.fi\/en\/tuote\/pronto-ultra-bench\/\" \/>\n<meta property=\"og:locale\" content=\"en_US\" \/>\n<meta property=\"og:type\" content=\"article\" \/>\n<meta property=\"og:title\" content=\"[wpseo_titles]title-Tuote\" \/>\n<meta property=\"og:description\" content=\"The Ultra bench is a furniture piece compatible with the Bilijardai Pronto Ultra series. Its design matches the sleek Ultra billiard table, and the same color options are available. It features a steel frame and a padded seat upholstered in faux leather. Size 1.9 x 0.4 m. Fits both 7&#8242; and 8&#8242; tables.\" \/>\n<meta property=\"og:url\" content=\"https:\/\/biljardi.fi\/en\/tuote\/pronto-ultra-bench\/\" \/>\n<meta property=\"og:site_name\" content=\"Suomen Biljardimyynti Oy\" \/>\n<meta property=\"og:image\" content=\"https:\/\/biljardi.fi\/wp-content\/uploads\/2020\/09\/Bench-Ultra-1.9m-Metal-M_014264-screen-scaled.jpg\" \/>\n\t<meta property=\"og:image:width\" content=\"2560\" \/>\n\t<meta property=\"og:image:height\" content=\"1422\" \/>\n\t<meta property=\"og:image:type\" content=\"image\/jpeg\" \/>\n<meta name=\"twitter:card\" content=\"summary_large_image\" \/>\n<script type=\"application\/ld+json\" class=\"yoast-schema-graph\">{\"@context\":\"https:\\\/\\\/schema.org\",\"@graph\":[{\"@type\":\"WebPage\",\"@id\":\"https:\\\/\\\/biljardi.fi\\\/en\\\/tuote\\\/pronto-ultra-bench\\\/\",\"url\":\"https:\\\/\\\/biljardi.fi\\\/en\\\/tuote\\\/pronto-ultra-bench\\\/\",\"name\":\"[wpseo_titles]title-Tuote\",\"isPartOf\":{\"@id\":\"https:\\\/\\\/biljardi.fi\\\/en\\\/#website\"},\"primaryImageOfPage\":{\"@id\":\"https:\\\/\\\/biljardi.fi\\\/en\\\/tuote\\\/pronto-ultra-bench\\\/#primaryimage\"},\"image\":{\"@id\":\"https:\\\/\\\/biljardi.fi\\\/en\\\/tuote\\\/pronto-ultra-bench\\\/#primaryimage\"},\"thumbnailUrl\":\"https:\\\/\\\/biljardi.fi\\\/wp-content\\\/uploads\\\/2020\\\/09\\\/Bench-Ultra-1.9m-Metal-M_014264-screen-scaled.jpg\",\"datePublished\":\"2020-09-09T09:24:09+00:00\",\"breadcrumb\":{\"@id\":\"https:\\\/\\\/biljardi.fi\\\/en\\\/tuote\\\/pronto-ultra-bench\\\/#breadcrumb\"},\"inLanguage\":\"en-US\",\"potentialAction\":[{\"@type\":\"ReadAction\",\"target\":[\"https:\\\/\\\/biljardi.fi\\\/en\\\/tuote\\\/pronto-ultra-bench\\\/\"]}]},{\"@type\":\"ImageObject\",\"inLanguage\":\"en-US\",\"@id\":\"https:\\\/\\\/biljardi.fi\\\/en\\\/tuote\\\/pronto-ultra-bench\\\/#primaryimage\",\"url\":\"https:\\\/\\\/biljardi.fi\\\/wp-content\\\/uploads\\\/2020\\\/09\\\/Bench-Ultra-1.9m-Metal-M_014264-screen-scaled.jpg\",\"contentUrl\":\"https:\\\/\\\/biljardi.fi\\\/wp-content\\\/uploads\\\/2020\\\/09\\\/Bench-Ultra-1.9m-Metal-M_014264-screen-scaled.jpg\",\"width\":2560,\"height\":1422},{\"@type\":\"BreadcrumbList\",\"@id\":\"https:\\\/\\\/biljardi.fi\\\/en\\\/tuote\\\/pronto-ultra-bench\\\/#breadcrumb\",\"itemListElement\":[{\"@type\":\"ListItem\",\"position\":1,\"name\":\"Home\",\"item\":\"https:\\\/\\\/biljardi.fi\\\/en\\\/home\\\/\"},{\"@type\":\"ListItem\",\"position\":2,\"name\":\"Shop\",\"item\":\"https:\\\/\\\/biljardi.fi\\\/en\\\/shop\\\/\"},{\"@type\":\"ListItem\",\"position\":3,\"name\":\"Pronto Ultra bench\"}]},{\"@type\":\"WebSite\",\"@id\":\"https:\\\/\\\/biljardi.fi\\\/en\\\/#website\",\"url\":\"https:\\\/\\\/biljardi.fi\\\/en\\\/\",\"name\":\"Suomen Biljardimyynti Oy\",\"description\":\"Biljardip\u00f6yd\u00e4t, Biljardi, Darts, Ilmakiekko, P\u00f6yt\u00e4jalkapallo\",\"publisher\":{\"@id\":\"https:\\\/\\\/biljardi.fi\\\/en\\\/#organization\"},\"potentialAction\":[{\"@type\":\"SearchAction\",\"target\":{\"@type\":\"EntryPoint\",\"urlTemplate\":\"https:\\\/\\\/biljardi.fi\\\/en\\\/?s={search_term_string}\"},\"query-input\":{\"@type\":\"PropertyValueSpecification\",\"valueRequired\":true,\"valueName\":\"search_term_string\"}}],\"inLanguage\":\"en-US\"},{\"@type\":\"Organization\",\"@id\":\"https:\\\/\\\/biljardi.fi\\\/en\\\/#organization\",\"name\":\"Suomen Biljardimyynti Oy\",\"url\":\"https:\\\/\\\/biljardi.fi\\\/en\\\/\",\"logo\":{\"@type\":\"ImageObject\",\"inLanguage\":\"en-US\",\"@id\":\"https:\\\/\\\/biljardi.fi\\\/en\\\/#\\\/schema\\\/logo\\\/image\\\/\",\"url\":\"https:\\\/\\\/biljardi.fi\\\/wp-content\\\/uploads\\\/2025\\\/10\\\/logo_uus-1.png\",\"contentUrl\":\"https:\\\/\\\/biljardi.fi\\\/wp-content\\\/uploads\\\/2025\\\/10\\\/logo_uus-1.png\",\"width\":360,\"height\":94,\"caption\":\"Suomen Biljardimyynti Oy\"},\"image\":{\"@id\":\"https:\\\/\\\/biljardi.fi\\\/en\\\/#\\\/schema\\\/logo\\\/image\\\/\"}}]}<\/script>\n<!-- \/ Yoast SEO plugin. -->","yoast_head_json":{"title":"[wpseo_titles]title-Tuote","robots":{"index":"index","follow":"follow","max-snippet":"max-snippet:-1","max-image-preview":"max-image-preview:large","max-video-preview":"max-video-preview:-1"},"canonical":"https:\/\/biljardi.fi\/en\/tuote\/pronto-ultra-bench\/","og_locale":"en_US","og_type":"article","og_title":"[wpseo_titles]title-Tuote","og_description":"The Ultra bench is a furniture piece compatible with the Bilijardai Pronto Ultra series. Its design matches the sleek Ultra billiard table, and the same color options are available. It features a steel frame and a padded seat upholstered in faux leather. Size 1.9 x 0.4 m. Fits both 7&#8242; and 8&#8242; tables.","og_url":"https:\/\/biljardi.fi\/en\/tuote\/pronto-ultra-bench\/","og_site_name":"Suomen Biljardimyynti Oy","og_image":[{"width":2560,"height":1422,"url":"https:\/\/biljardi.fi\/wp-content\/uploads\/2020\/09\/Bench-Ultra-1.9m-Metal-M_014264-screen-scaled.jpg","type":"image\/jpeg"}],"twitter_card":"summary_large_image","schema":{"@context":"https:\/\/schema.org","@graph":[{"@type":"WebPage","@id":"https:\/\/biljardi.fi\/en\/tuote\/pronto-ultra-bench\/","url":"https:\/\/biljardi.fi\/en\/tuote\/pronto-ultra-bench\/","name":"[wpseo_titles]title-Tuote","isPartOf":{"@id":"https:\/\/biljardi.fi\/en\/#website"},"primaryImageOfPage":{"@id":"https:\/\/biljardi.fi\/en\/tuote\/pronto-ultra-bench\/#primaryimage"},"image":{"@id":"https:\/\/biljardi.fi\/en\/tuote\/pronto-ultra-bench\/#primaryimage"},"thumbnailUrl":"https:\/\/biljardi.fi\/wp-content\/uploads\/2020\/09\/Bench-Ultra-1.9m-Metal-M_014264-screen-scaled.jpg","datePublished":"2020-09-09T09:24:09+00:00","breadcrumb":{"@id":"https:\/\/biljardi.fi\/en\/tuote\/pronto-ultra-bench\/#breadcrumb"},"inLanguage":"en-US","potentialAction":[{"@type":"ReadAction","target":["https:\/\/biljardi.fi\/en\/tuote\/pronto-ultra-bench\/"]}]},{"@type":"ImageObject","inLanguage":"en-US","@id":"https:\/\/biljardi.fi\/en\/tuote\/pronto-ultra-bench\/#primaryimage","url":"https:\/\/biljardi.fi\/wp-content\/uploads\/2020\/09\/Bench-Ultra-1.9m-Metal-M_014264-screen-scaled.jpg","contentUrl":"https:\/\/biljardi.fi\/wp-content\/uploads\/2020\/09\/Bench-Ultra-1.9m-Metal-M_014264-screen-scaled.jpg","width":2560,"height":1422},{"@type":"BreadcrumbList","@id":"https:\/\/biljardi.fi\/en\/tuote\/pronto-ultra-bench\/#breadcrumb","itemListElement":[{"@type":"ListItem","position":1,"name":"Home","item":"https:\/\/biljardi.fi\/en\/home\/"},{"@type":"ListItem","position":2,"name":"Shop","item":"https:\/\/biljardi.fi\/en\/shop\/"},{"@type":"ListItem","position":3,"name":"Pronto Ultra bench"}]},{"@type":"WebSite","@id":"https:\/\/biljardi.fi\/en\/#website","url":"https:\/\/biljardi.fi\/en\/","name":"Suomen Biljardimyynti Oy","description":"Biljardip\u00f6yd\u00e4t, Biljardi, Darts, Ilmakiekko, P\u00f6yt\u00e4jalkapallo","publisher":{"@id":"https:\/\/biljardi.fi\/en\/#organization"},"potentialAction":[{"@type":"SearchAction","target":{"@type":"EntryPoint","urlTemplate":"https:\/\/biljardi.fi\/en\/?s={search_term_string}"},"query-input":{"@type":"PropertyValueSpecification","valueRequired":true,"valueName":"search_term_string"}}],"inLanguage":"en-US"},{"@type":"Organization","@id":"https:\/\/biljardi.fi\/en\/#organization","name":"Suomen Biljardimyynti Oy","url":"https:\/\/biljardi.fi\/en\/","logo":{"@type":"ImageObject","inLanguage":"en-US","@id":"https:\/\/biljardi.fi\/en\/#\/schema\/logo\/image\/","url":"https:\/\/biljardi.fi\/wp-content\/uploads\/2025\/10\/logo_uus-1.png","contentUrl":"https:\/\/biljardi.fi\/wp-content\/uploads\/2025\/10\/logo_uus-1.png","width":360,"height":94,"caption":"Suomen Biljardimyynti Oy"},"image":{"@id":"https:\/\/biljardi.fi\/en\/#\/schema\/logo\/image\/"}}]}},"_links":{"self":[{"href":"https:\/\/biljardi.fi\/en\/wp-json\/wp\/v2\/product\/73087","targetHints":{"allow":["GET"]}}],"collection":[{"href":"https:\/\/biljardi.fi\/en\/wp-json\/wp\/v2\/product"}],"about":[{"href":"https:\/\/biljardi.fi\/en\/wp-json\/wp\/v2\/types\/product"}],"replies":[{"embeddable":true,"href":"https:\/\/biljardi.fi\/en\/wp-json\/wp\/v2\/comments?post=73087"}],"wp:featuredmedia":[{"embeddable":true,"href":"https:\/\/biljardi.fi\/en\/wp-json\/wp\/v2\/media\/53135"}],"wp:attachment":[{"href":"https:\/\/biljardi.fi\/en\/wp-json\/wp\/v2\/media?parent=73087"}],"wp:term":[{"taxonomy":"product_brand","embeddable":true,"href":"https:\/\/biljardi.fi\/en\/wp-json\/wp\/v2\/product_brand?post=73087"},{"taxonomy":"product_cat","embeddable":true,"href":"https:\/\/biljardi.fi\/en\/wp-json\/wp\/v2\/product_cat?post=73087"},{"taxonomy":"product_tag","embeddable":true,"href":"https:\/\/biljardi.fi\/en\/wp-json\/wp\/v2\/product_tag?post=73087"},{"taxonomy":"giftcard-category","embeddable":true,"href":"https:\/\/biljardi.fi\/en\/wp-json\/wp\/v2\/giftcard-category?post=73087"}],"curies":[{"name":"wp","href":"https:\/\/api.w.org\/{rel}","templated":true}]}}