{"id":73062,"date":"2021-01-20T17:05:57","date_gmt":"2021-01-20T15:05:57","guid":{"rendered":"https:\/\/biljardi.fi\/tuote\/marathon-black-white-2124-pool-cue\/"},"modified":"2021-01-20T17:05:57","modified_gmt":"2021-01-20T15:05:57","slug":"marathon-black-white-2124-pool-cue","status":"publish","type":"product","link":"https:\/\/biljardi.fi\/en\/product\/marathon-black-white-2124-pool-cue\/","title":{"rendered":"Marathon Black &amp; White 2124 Pool Cue"},"content":{"rendered":"<p>Marathon Black &amp; White 2124 pool cue for the more advanced player.<\/p>\n<ul>\n<li>Maple<\/li>\n<li>2-piece<\/li>\n<li>Irish Linen wrap<\/li>\n<li>Length 147 cm<\/li>\n<li>13 mm tip<\/li>\n<\/ul>\n","protected":false},"excerpt":{"rendered":"<p>Marathon Black &amp; White 2124 pool cue for the more advanced player. Maple 2-piece Irish Linen wrap Length 147 cm 13 mm tip<\/p>\n","protected":false},"featured_media":54332,"comment_status":"open","ping_status":"closed","template":"","meta":[],"product_brand":[],"product_cat":[2011,2071,2083],"product_tag":[2028,2015,2014,2125,2029],"giftcard-category":[],"class_list":{"0":"post-73062","1":"product","2":"type-product","3":"status-publish","4":"has-post-thumbnail","6":"product_cat-billiards","7":"product_cat-pool-cues","8":"product_cat-pool-cues-2","9":"product_tag-billiard-cue","10":"product_tag-billiard-sales","11":"product_tag-billiards","12":"product_tag-marathon","13":"product_tag-pool-cue","15":"first","16":"instock","17":"taxable","18":"shipping-taxable","19":"purchasable","20":"product-type-simple"},"exclude_global_add_ons":false,"addons":[],"yoast_head":"<!-- This site is optimized with the Yoast SEO plugin v27.6 - https:\/\/yoast.com\/product\/yoast-seo-wordpress\/ -->\n<title>[wpseo_titles]title-Tuote<\/title>\n<meta name=\"description\" content=\"[wpseo_titles]metadesc-Tuote\" \/>\n<meta name=\"robots\" content=\"index, follow, max-snippet:-1, max-image-preview:large, max-video-preview:-1\" \/>\n<link rel=\"canonical\" href=\"https:\/\/biljardi.fi\/en\/product\/marathon-black-white-2124-pool-cue\/\" \/>\n<meta property=\"og:locale\" content=\"en_US\" \/>\n<meta property=\"og:type\" content=\"article\" \/>\n<meta property=\"og:title\" content=\"[wpseo_titles]title-Tuote\" \/>\n<meta property=\"og:description\" content=\"[wpseo_titles]metadesc-Tuote\" \/>\n<meta property=\"og:url\" content=\"https:\/\/biljardi.fi\/en\/product\/marathon-black-white-2124-pool-cue\/\" \/>\n<meta property=\"og:site_name\" content=\"Suomen Biljardimyynti Oy\" \/>\n<meta property=\"og:image\" content=\"https:\/\/biljardi.fi\/wp-content\/uploads\/2021\/01\/102.0044keppi-e1611155606454.jpg\" \/>\n\t<meta property=\"og:image:width\" content=\"1450\" \/>\n\t<meta property=\"og:image:height\" content=\"500\" \/>\n\t<meta property=\"og:image:type\" content=\"image\/jpeg\" \/>\n<meta name=\"twitter:card\" content=\"summary_large_image\" \/>\n<script type=\"application\/ld+json\" class=\"yoast-schema-graph\">{\"@context\":\"https:\\\/\\\/schema.org\",\"@graph\":[{\"@type\":\"WebPage\",\"@id\":\"https:\\\/\\\/biljardi.fi\\\/en\\\/product\\\/marathon-black-white-2124-pool-cue\\\/\",\"url\":\"https:\\\/\\\/biljardi.fi\\\/en\\\/product\\\/marathon-black-white-2124-pool-cue\\\/\",\"name\":\"[wpseo_titles]title-Tuote\",\"isPartOf\":{\"@id\":\"https:\\\/\\\/biljardi.fi\\\/en\\\/#website\"},\"primaryImageOfPage\":{\"@id\":\"https:\\\/\\\/biljardi.fi\\\/en\\\/product\\\/marathon-black-white-2124-pool-cue\\\/#primaryimage\"},\"image\":{\"@id\":\"https:\\\/\\\/biljardi.fi\\\/en\\\/product\\\/marathon-black-white-2124-pool-cue\\\/#primaryimage\"},\"thumbnailUrl\":\"https:\\\/\\\/biljardi.fi\\\/wp-content\\\/uploads\\\/2021\\\/01\\\/102.0044keppi-e1611155606454.jpg\",\"datePublished\":\"2021-01-20T15:05:57+00:00\",\"description\":\"[wpseo_titles]metadesc-Tuote\",\"breadcrumb\":{\"@id\":\"https:\\\/\\\/biljardi.fi\\\/en\\\/product\\\/marathon-black-white-2124-pool-cue\\\/#breadcrumb\"},\"inLanguage\":\"en-US\",\"potentialAction\":[{\"@type\":\"ReadAction\",\"target\":[\"https:\\\/\\\/biljardi.fi\\\/en\\\/product\\\/marathon-black-white-2124-pool-cue\\\/\"]}]},{\"@type\":\"ImageObject\",\"inLanguage\":\"en-US\",\"@id\":\"https:\\\/\\\/biljardi.fi\\\/en\\\/product\\\/marathon-black-white-2124-pool-cue\\\/#primaryimage\",\"url\":\"https:\\\/\\\/biljardi.fi\\\/wp-content\\\/uploads\\\/2021\\\/01\\\/102.0044keppi-e1611155606454.jpg\",\"contentUrl\":\"https:\\\/\\\/biljardi.fi\\\/wp-content\\\/uploads\\\/2021\\\/01\\\/102.0044keppi-e1611155606454.jpg\",\"width\":1450,\"height\":500},{\"@type\":\"BreadcrumbList\",\"@id\":\"https:\\\/\\\/biljardi.fi\\\/en\\\/product\\\/marathon-black-white-2124-pool-cue\\\/#breadcrumb\",\"itemListElement\":[{\"@type\":\"ListItem\",\"position\":1,\"name\":\"Etusivu\",\"item\":\"https:\\\/\\\/biljardi.fi\\\/en\\\/home\\\/\"},{\"@type\":\"ListItem\",\"position\":2,\"name\":\"Shop\",\"item\":\"https:\\\/\\\/biljardi.fi\\\/en\\\/shop\\\/\"},{\"@type\":\"ListItem\",\"position\":3,\"name\":\"Marathon Black &amp; White 2124 Pool Cue\"}]},{\"@type\":\"WebSite\",\"@id\":\"https:\\\/\\\/biljardi.fi\\\/en\\\/#website\",\"url\":\"https:\\\/\\\/biljardi.fi\\\/en\\\/\",\"name\":\"Suomen Biljardimyynti Oy\",\"description\":\"Biljardip\u00f6yd\u00e4t, Biljardi, Darts, Ilmakiekko, P\u00f6yt\u00e4jalkapallo\",\"publisher\":{\"@id\":\"https:\\\/\\\/biljardi.fi\\\/en\\\/#organization\"},\"potentialAction\":[{\"@type\":\"SearchAction\",\"target\":{\"@type\":\"EntryPoint\",\"urlTemplate\":\"https:\\\/\\\/biljardi.fi\\\/en\\\/?s={search_term_string}\"},\"query-input\":{\"@type\":\"PropertyValueSpecification\",\"valueRequired\":true,\"valueName\":\"search_term_string\"}}],\"inLanguage\":\"en-US\"},{\"@type\":\"Organization\",\"@id\":\"https:\\\/\\\/biljardi.fi\\\/en\\\/#organization\",\"name\":\"Suomen Biljardimyynti Oy\",\"url\":\"https:\\\/\\\/biljardi.fi\\\/en\\\/\",\"logo\":{\"@type\":\"ImageObject\",\"inLanguage\":\"en-US\",\"@id\":\"https:\\\/\\\/biljardi.fi\\\/en\\\/#\\\/schema\\\/logo\\\/image\\\/\",\"url\":\"https:\\\/\\\/biljardi.fi\\\/wp-content\\\/uploads\\\/2025\\\/10\\\/logo_uus-1.png\",\"contentUrl\":\"https:\\\/\\\/biljardi.fi\\\/wp-content\\\/uploads\\\/2025\\\/10\\\/logo_uus-1.png\",\"width\":360,\"height\":94,\"caption\":\"Suomen Biljardimyynti Oy\"},\"image\":{\"@id\":\"https:\\\/\\\/biljardi.fi\\\/en\\\/#\\\/schema\\\/logo\\\/image\\\/\"}}]}<\/script>\n<!-- \/ Yoast SEO plugin. -->","yoast_head_json":{"title":"[wpseo_titles]title-Tuote","description":"[wpseo_titles]metadesc-Tuote","robots":{"index":"index","follow":"follow","max-snippet":"max-snippet:-1","max-image-preview":"max-image-preview:large","max-video-preview":"max-video-preview:-1"},"canonical":"https:\/\/biljardi.fi\/en\/product\/marathon-black-white-2124-pool-cue\/","og_locale":"en_US","og_type":"article","og_title":"[wpseo_titles]title-Tuote","og_description":"[wpseo_titles]metadesc-Tuote","og_url":"https:\/\/biljardi.fi\/en\/product\/marathon-black-white-2124-pool-cue\/","og_site_name":"Suomen Biljardimyynti Oy","og_image":[{"width":1450,"height":500,"url":"https:\/\/biljardi.fi\/wp-content\/uploads\/2021\/01\/102.0044keppi-e1611155606454.jpg","type":"image\/jpeg"}],"twitter_card":"summary_large_image","schema":{"@context":"https:\/\/schema.org","@graph":[{"@type":"WebPage","@id":"https:\/\/biljardi.fi\/en\/product\/marathon-black-white-2124-pool-cue\/","url":"https:\/\/biljardi.fi\/en\/product\/marathon-black-white-2124-pool-cue\/","name":"[wpseo_titles]title-Tuote","isPartOf":{"@id":"https:\/\/biljardi.fi\/en\/#website"},"primaryImageOfPage":{"@id":"https:\/\/biljardi.fi\/en\/product\/marathon-black-white-2124-pool-cue\/#primaryimage"},"image":{"@id":"https:\/\/biljardi.fi\/en\/product\/marathon-black-white-2124-pool-cue\/#primaryimage"},"thumbnailUrl":"https:\/\/biljardi.fi\/wp-content\/uploads\/2021\/01\/102.0044keppi-e1611155606454.jpg","datePublished":"2021-01-20T15:05:57+00:00","description":"[wpseo_titles]metadesc-Tuote","breadcrumb":{"@id":"https:\/\/biljardi.fi\/en\/product\/marathon-black-white-2124-pool-cue\/#breadcrumb"},"inLanguage":"en-US","potentialAction":[{"@type":"ReadAction","target":["https:\/\/biljardi.fi\/en\/product\/marathon-black-white-2124-pool-cue\/"]}]},{"@type":"ImageObject","inLanguage":"en-US","@id":"https:\/\/biljardi.fi\/en\/product\/marathon-black-white-2124-pool-cue\/#primaryimage","url":"https:\/\/biljardi.fi\/wp-content\/uploads\/2021\/01\/102.0044keppi-e1611155606454.jpg","contentUrl":"https:\/\/biljardi.fi\/wp-content\/uploads\/2021\/01\/102.0044keppi-e1611155606454.jpg","width":1450,"height":500},{"@type":"BreadcrumbList","@id":"https:\/\/biljardi.fi\/en\/product\/marathon-black-white-2124-pool-cue\/#breadcrumb","itemListElement":[{"@type":"ListItem","position":1,"name":"Etusivu","item":"https:\/\/biljardi.fi\/en\/home\/"},{"@type":"ListItem","position":2,"name":"Shop","item":"https:\/\/biljardi.fi\/en\/shop\/"},{"@type":"ListItem","position":3,"name":"Marathon Black &amp; White 2124 Pool Cue"}]},{"@type":"WebSite","@id":"https:\/\/biljardi.fi\/en\/#website","url":"https:\/\/biljardi.fi\/en\/","name":"Suomen Biljardimyynti Oy","description":"Biljardip\u00f6yd\u00e4t, Biljardi, Darts, Ilmakiekko, P\u00f6yt\u00e4jalkapallo","publisher":{"@id":"https:\/\/biljardi.fi\/en\/#organization"},"potentialAction":[{"@type":"SearchAction","target":{"@type":"EntryPoint","urlTemplate":"https:\/\/biljardi.fi\/en\/?s={search_term_string}"},"query-input":{"@type":"PropertyValueSpecification","valueRequired":true,"valueName":"search_term_string"}}],"inLanguage":"en-US"},{"@type":"Organization","@id":"https:\/\/biljardi.fi\/en\/#organization","name":"Suomen Biljardimyynti Oy","url":"https:\/\/biljardi.fi\/en\/","logo":{"@type":"ImageObject","inLanguage":"en-US","@id":"https:\/\/biljardi.fi\/en\/#\/schema\/logo\/image\/","url":"https:\/\/biljardi.fi\/wp-content\/uploads\/2025\/10\/logo_uus-1.png","contentUrl":"https:\/\/biljardi.fi\/wp-content\/uploads\/2025\/10\/logo_uus-1.png","width":360,"height":94,"caption":"Suomen Biljardimyynti Oy"},"image":{"@id":"https:\/\/biljardi.fi\/en\/#\/schema\/logo\/image\/"}}]}},"_links":{"self":[{"href":"https:\/\/biljardi.fi\/en\/wp-json\/wp\/v2\/product\/73062","targetHints":{"allow":["GET"]}}],"collection":[{"href":"https:\/\/biljardi.fi\/en\/wp-json\/wp\/v2\/product"}],"about":[{"href":"https:\/\/biljardi.fi\/en\/wp-json\/wp\/v2\/types\/product"}],"replies":[{"embeddable":true,"href":"https:\/\/biljardi.fi\/en\/wp-json\/wp\/v2\/comments?post=73062"}],"wp:featuredmedia":[{"embeddable":true,"href":"https:\/\/biljardi.fi\/en\/wp-json\/wp\/v2\/media\/54332"}],"wp:attachment":[{"href":"https:\/\/biljardi.fi\/en\/wp-json\/wp\/v2\/media?parent=73062"}],"wp:term":[{"taxonomy":"product_brand","embeddable":true,"href":"https:\/\/biljardi.fi\/en\/wp-json\/wp\/v2\/product_brand?post=73062"},{"taxonomy":"product_cat","embeddable":true,"href":"https:\/\/biljardi.fi\/en\/wp-json\/wp\/v2\/product_cat?post=73062"},{"taxonomy":"product_tag","embeddable":true,"href":"https:\/\/biljardi.fi\/en\/wp-json\/wp\/v2\/product_tag?post=73062"},{"taxonomy":"giftcard-category","embeddable":true,"href":"https:\/\/biljardi.fi\/en\/wp-json\/wp\/v2\/giftcard-category?post=73062"}],"curies":[{"name":"wp","href":"https:\/\/api.w.org\/{rel}","templated":true}]}}