{"id":72822,"date":"2025-03-03T22:37:11","date_gmt":"2025-03-03T20:37:11","guid":{"rendered":"https:\/\/biljardi.fi\/tuote\/modular-10-and-12-snooker-table\/"},"modified":"2025-03-03T22:37:11","modified_gmt":"2025-03-03T20:37:11","slug":"modular-10-and-12-snooker-table","status":"publish","type":"product","link":"https:\/\/biljardi.fi\/en\/product\/modular-10-and-12-snooker-table\/","title":{"rendered":"Modular 10 and 12&#8242; snooker table"},"content":{"rendered":"<p>Modular 10&#8242; and 12&#8242; snooker table<\/p>\n<p>The new Modular billiard table is designed for various interior needs. The Modular billiard has a dynamic structure; the frame can be fitted with several different leg options, completely transforming its appearance. <\/p>\n<p>The Modular billiard table is solidly built with quality materials: the cushions are solid oak. The frame is steel, and the visible parts of the frame are veneered plywood. <\/p>\n<p>The Modular billiard table is modern and stylish, a completely unique and unprecedented designer table, but at the same time a full-blooded billiard table with 25 mm precision-ground slate, Strachan cloth, and optionally available Northern Rubber cushion rubbers!<\/p>\n<p>Ask our sales staff for more information. And NOTE: The table is manufactured in Europe. <\/p>\n<p>Modular table brochure: <a href=\"https:\/\/biljardi.fi\/wp-content\/uploads\/2022\/04\/Modular-surinkimo-instrukcija.pdf\">Modular surinkimo instrukcija<\/a><\/p>\n","protected":false},"excerpt":{"rendered":"<p>Modular 10&#8242; and 12&#8242; snooker table The new Modular billiard table is designed for various interior needs. The Modular billiard has a dynamic structure; the frame can be fitted with several different leg options, completely transforming its appearance. The Modular billiard table is solidly built with quality materials: the cushions are solid oak. The frame [&hellip;]<\/p>\n","protected":false},"featured_media":66571,"comment_status":"open","ping_status":"closed","template":"","meta":[],"product_brand":[],"product_cat":[2011,2025,2152],"product_tag":[2015,2016,2014,2052],"giftcard-category":[],"class_list":{"0":"post-72822","1":"product","2":"type-product","3":"status-publish","4":"has-post-thumbnail","6":"product_cat-billiards","7":"product_cat-pool-tables-2","8":"product_cat-snooker-tables","9":"product_tag-billiard-sales","10":"product_tag-billiard-table","11":"product_tag-billiards","12":"product_tag-billiards-2","13":"pa_koko-2001","14":"pa_koko-2003","15":"pa_vari-black","16":"pa_vari-brown","17":"pa_vari-gray","18":"pa_vari-green","19":"pa_vari-red","20":"pa_vari-white","21":"pa_vari-yellow","23":"first","24":"onbackorder","25":"taxable","26":"shipping-taxable","27":"purchasable","28":"product-type-simple"},"exclude_global_add_ons":true,"addons":[{"name":"Table size","type":"multiple_choice","position":0,"required":false,"title_format":"heading","default":"","description_enable":false,"description":null,"placeholder_enable":false,"placeholder":null,"display":"select","restrictions_type":"any_text","adjust_price":false,"price":"","price_type":"flat_fee","restrictions":false,"min":"0","max":"0","options":[{"label":"10'","price":"","price_type":"quantity_based","image":0,"visibility":true},{"label":"12'","price":"2000","price_type":"quantity_based","image":0,"visibility":true}],"id":1741042824},{"name":"Frame color","type":"heading","position":1,"required":false,"title_format":"label","default":"","description_enable":true,"description":"Available in RAL and A and E colors. See images.  ","placeholder_enable":false,"placeholder":null,"display":"select","restrictions_type":"any_text","adjust_price":false,"price":"","price_type":"flat_fee","restrictions":false,"min":"0","max":"0","options":[],"id":1741042825},{"name":"Frame color","type":"custom_textarea","position":2,"required":true,"title_format":"hide","default":"","description_enable":false,"description":null,"placeholder_enable":false,"placeholder":null,"display":"select","restrictions_type":"any_text","adjust_price":false,"price":"","price_type":"quantity_based","restrictions":true,"min":"1","max":"10","options":[],"id":1741042826},{"name":"Leg options","type":"multiple_choice","position":3,"required":true,"title_format":"heading","default":"","description_enable":true,"description":"See image.","placeholder_enable":false,"placeholder":null,"display":"select","restrictions_type":"any_text","adjust_price":false,"price":"","price_type":"flat_fee","restrictions":false,"min":"0","max":"0","options":[{"label":"","price":"1500","price_type":"quantity_based","image":0,"visibility":true},{"label":"","price":"1500","price_type":"quantity_based","image":0,"visibility":true},{"label":"","price":"1500","price_type":"quantity_based","image":0,"visibility":true},{"label":"","price":"1500","price_type":"quantity_based","image":0,"visibility":true},{"label":"","price":"1700","price_type":"quantity_based","image":0,"visibility":true},{"label":"","price":"1700","price_type":"quantity_based","image":0,"visibility":true},{"label":"","price":"1700","price_type":"flat_fee","image":0,"visibility":true},{"label":"","price":"2000","price_type":"flat_fee","image":0,"visibility":true},{"label":"","price":"2000","price_type":"flat_fee","image":0,"visibility":true},{"label":"","price":"1800","price_type":"flat_fee","image":0,"visibility":true},{"label":"","price":"1800","price_type":"flat_fee","image":0,"visibility":true},{"label":"","price":"2000","price_type":"flat_fee","image":0,"visibility":true},{"label":"","price":"1800","price_type":"flat_fee","image":0,"visibility":true},{"label":"","price":"1800","price_type":"flat_fee","image":0,"visibility":true},{"label":"","price":"1800","price_type":"flat_fee","image":0,"visibility":true},{"label":"","price":"1800","price_type":"flat_fee","image":0,"visibility":true}],"id":1741042827},{"name":"Leg element color","type":"custom_textarea","position":4,"required":false,"title_format":"heading","default":"","description_enable":true,"description":"Available in RAL and A and E colors. See images.  ","placeholder_enable":false,"placeholder":null,"display":"select","restrictions_type":"any_text","adjust_price":false,"price":"","price_type":"flat_fee","restrictions":true,"min":"0","max":"10","options":[],"id":1741042828},{"name":"Cushion decorative trim","type":"multiple_choice","position":5,"required":false,"title_format":"heading","default":"","description_enable":false,"description":null,"placeholder_enable":false,"placeholder":null,"display":"select","restrictions_type":"any_text","adjust_price":false,"price":"","price_type":"flat_fee","restrictions":false,"min":"0","max":"0","options":[{"label":"1. Straight","price":"","price_type":"flat_fee","image":0,"visibility":true},{"label":"2. Curved","price":"","price_type":"flat_fee","image":0,"visibility":true}],"id":1741042829},{"name":"Trim color","type":"custom_text","position":6,"required":false,"title_format":"heading","default":"","description_enable":true,"description":"RAL color options","placeholder_enable":false,"placeholder":null,"display":"select","restrictions_type":"any_text","adjust_price":false,"price":"","price_type":"flat_fee","restrictions":true,"min":"0","max":"10","options":[],"id":1741042830},{"name":"Wood finish","type":"multiple_choice","position":7,"required":false,"title_format":"heading","default":"","description_enable":false,"description":null,"placeholder_enable":false,"placeholder":null,"display":"select","restrictions_type":"any_text","adjust_price":false,"price":"","price_type":"flat_fee","restrictions":false,"min":"0","max":"0","options":[{"label":"Matte","price":"","price_type":"quantity_based","image":0,"visibility":true},{"label":"Semi-gloss","price":"","price_type":"quantity_based","image":0,"visibility":true},{"label":"Gloss","price":"299","price_type":"quantity_based","image":0,"visibility":true},{"label":"Ultra gloss","price":"399","price_type":"quantity_based","image":0,"visibility":true}],"id":1741042831},{"name":"Cushion rubber type","type":"multiple_choice","position":8,"required":false,"title_format":"heading","default":"","description_enable":false,"description":null,"placeholder_enable":false,"placeholder":null,"display":"select","restrictions_type":"any_text","adjust_price":false,"price":"","price_type":"flat_fee","restrictions":false,"min":"0","max":"0","options":[{"label":"Standard cushion rubber","price":"","price_type":"flat_fee","image":0,"visibility":true},{"label":"Northern Rubber cushion rubber","price":"400","price_type":"flat_fee","image":0,"visibility":true}],"id":1741042832},{"name":"Leg with custom logo","type":"checkbox","position":9,"required":false,"title_format":"heading","default":"","description_enable":true,"description":"Leg option D can be equipped with your own logo or other image. Ask our sales staff for more information. ","placeholder_enable":false,"placeholder":null,"display":"select","restrictions_type":"any_text","adjust_price":false,"price":"","price_type":"flat_fee","restrictions":false,"min":"0","max":"0","options":[{"label":"Custom logo","price":"200","price_type":"flat_fee","image":0,"visibility":true}],"id":1741042833}],"yoast_head":"<!-- This site is optimized with the Yoast SEO plugin v27.6 - https:\/\/yoast.com\/product\/yoast-seo-wordpress\/ -->\n<title>[wpseo_titles]title-Tuote<\/title>\n<meta name=\"description\" content=\"[wpseo_titles]metadesc-Tuote\" \/>\n<meta name=\"robots\" content=\"index, follow, max-snippet:-1, max-image-preview:large, max-video-preview:-1\" \/>\n<link rel=\"canonical\" href=\"https:\/\/biljardi.fi\/en\/product\/modular-10-and-12-snooker-table\/\" \/>\n<meta property=\"og:locale\" content=\"en_US\" \/>\n<meta property=\"og:type\" content=\"article\" \/>\n<meta property=\"og:title\" content=\"[wpseo_titles]title-Tuote\" \/>\n<meta property=\"og:description\" content=\"[wpseo_titles]metadesc-Tuote\" \/>\n<meta property=\"og:url\" content=\"https:\/\/biljardi.fi\/en\/product\/modular-10-and-12-snooker-table\/\" \/>\n<meta property=\"og:site_name\" content=\"Suomen Biljardimyynti Oy\" \/>\n<meta property=\"og:image\" content=\"https:\/\/biljardi.fi\/wp-content\/uploads\/2025\/03\/Billiard-table-MODULAR-12ft-5P_RAL_web1.jpg.webp\" \/>\n\t<meta property=\"og:image:width\" content=\"1310\" \/>\n\t<meta property=\"og:image:height\" content=\"635\" \/>\n\t<meta property=\"og:image:type\" content=\"image\/webp\" \/>\n<meta name=\"twitter:card\" content=\"summary_large_image\" \/>\n<meta name=\"twitter:label1\" content=\"Est. reading time\" \/>\n\t<meta name=\"twitter:data1\" content=\"1 minute\" \/>\n<script type=\"application\/ld+json\" class=\"yoast-schema-graph\">{\"@context\":\"https:\\\/\\\/schema.org\",\"@graph\":[{\"@type\":\"WebPage\",\"@id\":\"https:\\\/\\\/biljardi.fi\\\/en\\\/product\\\/modular-10-and-12-snooker-table\\\/\",\"url\":\"https:\\\/\\\/biljardi.fi\\\/en\\\/product\\\/modular-10-and-12-snooker-table\\\/\",\"name\":\"[wpseo_titles]title-Tuote\",\"isPartOf\":{\"@id\":\"https:\\\/\\\/biljardi.fi\\\/en\\\/#website\"},\"primaryImageOfPage\":{\"@id\":\"https:\\\/\\\/biljardi.fi\\\/en\\\/product\\\/modular-10-and-12-snooker-table\\\/#primaryimage\"},\"image\":{\"@id\":\"https:\\\/\\\/biljardi.fi\\\/en\\\/product\\\/modular-10-and-12-snooker-table\\\/#primaryimage\"},\"thumbnailUrl\":\"https:\\\/\\\/biljardi.fi\\\/wp-content\\\/uploads\\\/2025\\\/03\\\/Billiard-table-MODULAR-12ft-5P_RAL_web1.jpg.webp\",\"datePublished\":\"2025-03-03T20:37:11+00:00\",\"description\":\"[wpseo_titles]metadesc-Tuote\",\"breadcrumb\":{\"@id\":\"https:\\\/\\\/biljardi.fi\\\/en\\\/product\\\/modular-10-and-12-snooker-table\\\/#breadcrumb\"},\"inLanguage\":\"en-US\",\"potentialAction\":[{\"@type\":\"ReadAction\",\"target\":[\"https:\\\/\\\/biljardi.fi\\\/en\\\/product\\\/modular-10-and-12-snooker-table\\\/\"]}]},{\"@type\":\"ImageObject\",\"inLanguage\":\"en-US\",\"@id\":\"https:\\\/\\\/biljardi.fi\\\/en\\\/product\\\/modular-10-and-12-snooker-table\\\/#primaryimage\",\"url\":\"https:\\\/\\\/biljardi.fi\\\/wp-content\\\/uploads\\\/2025\\\/03\\\/Billiard-table-MODULAR-12ft-5P_RAL_web1.jpg.webp\",\"contentUrl\":\"https:\\\/\\\/biljardi.fi\\\/wp-content\\\/uploads\\\/2025\\\/03\\\/Billiard-table-MODULAR-12ft-5P_RAL_web1.jpg.webp\",\"width\":1310,\"height\":635},{\"@type\":\"BreadcrumbList\",\"@id\":\"https:\\\/\\\/biljardi.fi\\\/en\\\/product\\\/modular-10-and-12-snooker-table\\\/#breadcrumb\",\"itemListElement\":[{\"@type\":\"ListItem\",\"position\":1,\"name\":\"Etusivu\",\"item\":\"https:\\\/\\\/biljardi.fi\\\/en\\\/home\\\/\"},{\"@type\":\"ListItem\",\"position\":2,\"name\":\"Shop\",\"item\":\"https:\\\/\\\/biljardi.fi\\\/en\\\/shop\\\/\"},{\"@type\":\"ListItem\",\"position\":3,\"name\":\"Modular 10 and 12&#8242; snooker table\"}]},{\"@type\":\"WebSite\",\"@id\":\"https:\\\/\\\/biljardi.fi\\\/en\\\/#website\",\"url\":\"https:\\\/\\\/biljardi.fi\\\/en\\\/\",\"name\":\"Suomen Biljardimyynti Oy\",\"description\":\"Biljardip\u00f6yd\u00e4t, Biljardi, Darts, Ilmakiekko, P\u00f6yt\u00e4jalkapallo\",\"publisher\":{\"@id\":\"https:\\\/\\\/biljardi.fi\\\/en\\\/#organization\"},\"potentialAction\":[{\"@type\":\"SearchAction\",\"target\":{\"@type\":\"EntryPoint\",\"urlTemplate\":\"https:\\\/\\\/biljardi.fi\\\/en\\\/?s={search_term_string}\"},\"query-input\":{\"@type\":\"PropertyValueSpecification\",\"valueRequired\":true,\"valueName\":\"search_term_string\"}}],\"inLanguage\":\"en-US\"},{\"@type\":\"Organization\",\"@id\":\"https:\\\/\\\/biljardi.fi\\\/en\\\/#organization\",\"name\":\"Suomen Biljardimyynti Oy\",\"url\":\"https:\\\/\\\/biljardi.fi\\\/en\\\/\",\"logo\":{\"@type\":\"ImageObject\",\"inLanguage\":\"en-US\",\"@id\":\"https:\\\/\\\/biljardi.fi\\\/en\\\/#\\\/schema\\\/logo\\\/image\\\/\",\"url\":\"https:\\\/\\\/biljardi.fi\\\/wp-content\\\/uploads\\\/2025\\\/10\\\/logo_uus-1.png\",\"contentUrl\":\"https:\\\/\\\/biljardi.fi\\\/wp-content\\\/uploads\\\/2025\\\/10\\\/logo_uus-1.png\",\"width\":360,\"height\":94,\"caption\":\"Suomen Biljardimyynti Oy\"},\"image\":{\"@id\":\"https:\\\/\\\/biljardi.fi\\\/en\\\/#\\\/schema\\\/logo\\\/image\\\/\"}}]}<\/script>\n<!-- \/ Yoast SEO plugin. -->","yoast_head_json":{"title":"[wpseo_titles]title-Tuote","description":"[wpseo_titles]metadesc-Tuote","robots":{"index":"index","follow":"follow","max-snippet":"max-snippet:-1","max-image-preview":"max-image-preview:large","max-video-preview":"max-video-preview:-1"},"canonical":"https:\/\/biljardi.fi\/en\/product\/modular-10-and-12-snooker-table\/","og_locale":"en_US","og_type":"article","og_title":"[wpseo_titles]title-Tuote","og_description":"[wpseo_titles]metadesc-Tuote","og_url":"https:\/\/biljardi.fi\/en\/product\/modular-10-and-12-snooker-table\/","og_site_name":"Suomen Biljardimyynti Oy","og_image":[{"width":1310,"height":635,"url":"https:\/\/biljardi.fi\/wp-content\/uploads\/2025\/03\/Billiard-table-MODULAR-12ft-5P_RAL_web1.jpg.webp","type":"image\/webp"}],"twitter_card":"summary_large_image","twitter_misc":{"Est. reading time":"1 minute"},"schema":{"@context":"https:\/\/schema.org","@graph":[{"@type":"WebPage","@id":"https:\/\/biljardi.fi\/en\/product\/modular-10-and-12-snooker-table\/","url":"https:\/\/biljardi.fi\/en\/product\/modular-10-and-12-snooker-table\/","name":"[wpseo_titles]title-Tuote","isPartOf":{"@id":"https:\/\/biljardi.fi\/en\/#website"},"primaryImageOfPage":{"@id":"https:\/\/biljardi.fi\/en\/product\/modular-10-and-12-snooker-table\/#primaryimage"},"image":{"@id":"https:\/\/biljardi.fi\/en\/product\/modular-10-and-12-snooker-table\/#primaryimage"},"thumbnailUrl":"https:\/\/biljardi.fi\/wp-content\/uploads\/2025\/03\/Billiard-table-MODULAR-12ft-5P_RAL_web1.jpg.webp","datePublished":"2025-03-03T20:37:11+00:00","description":"[wpseo_titles]metadesc-Tuote","breadcrumb":{"@id":"https:\/\/biljardi.fi\/en\/product\/modular-10-and-12-snooker-table\/#breadcrumb"},"inLanguage":"en-US","potentialAction":[{"@type":"ReadAction","target":["https:\/\/biljardi.fi\/en\/product\/modular-10-and-12-snooker-table\/"]}]},{"@type":"ImageObject","inLanguage":"en-US","@id":"https:\/\/biljardi.fi\/en\/product\/modular-10-and-12-snooker-table\/#primaryimage","url":"https:\/\/biljardi.fi\/wp-content\/uploads\/2025\/03\/Billiard-table-MODULAR-12ft-5P_RAL_web1.jpg.webp","contentUrl":"https:\/\/biljardi.fi\/wp-content\/uploads\/2025\/03\/Billiard-table-MODULAR-12ft-5P_RAL_web1.jpg.webp","width":1310,"height":635},{"@type":"BreadcrumbList","@id":"https:\/\/biljardi.fi\/en\/product\/modular-10-and-12-snooker-table\/#breadcrumb","itemListElement":[{"@type":"ListItem","position":1,"name":"Etusivu","item":"https:\/\/biljardi.fi\/en\/home\/"},{"@type":"ListItem","position":2,"name":"Shop","item":"https:\/\/biljardi.fi\/en\/shop\/"},{"@type":"ListItem","position":3,"name":"Modular 10 and 12&#8242; snooker table"}]},{"@type":"WebSite","@id":"https:\/\/biljardi.fi\/en\/#website","url":"https:\/\/biljardi.fi\/en\/","name":"Suomen Biljardimyynti Oy","description":"Biljardip\u00f6yd\u00e4t, Biljardi, Darts, Ilmakiekko, P\u00f6yt\u00e4jalkapallo","publisher":{"@id":"https:\/\/biljardi.fi\/en\/#organization"},"potentialAction":[{"@type":"SearchAction","target":{"@type":"EntryPoint","urlTemplate":"https:\/\/biljardi.fi\/en\/?s={search_term_string}"},"query-input":{"@type":"PropertyValueSpecification","valueRequired":true,"valueName":"search_term_string"}}],"inLanguage":"en-US"},{"@type":"Organization","@id":"https:\/\/biljardi.fi\/en\/#organization","name":"Suomen Biljardimyynti Oy","url":"https:\/\/biljardi.fi\/en\/","logo":{"@type":"ImageObject","inLanguage":"en-US","@id":"https:\/\/biljardi.fi\/en\/#\/schema\/logo\/image\/","url":"https:\/\/biljardi.fi\/wp-content\/uploads\/2025\/10\/logo_uus-1.png","contentUrl":"https:\/\/biljardi.fi\/wp-content\/uploads\/2025\/10\/logo_uus-1.png","width":360,"height":94,"caption":"Suomen Biljardimyynti Oy"},"image":{"@id":"https:\/\/biljardi.fi\/en\/#\/schema\/logo\/image\/"}}]}},"_links":{"self":[{"href":"https:\/\/biljardi.fi\/en\/wp-json\/wp\/v2\/product\/72822","targetHints":{"allow":["GET"]}}],"collection":[{"href":"https:\/\/biljardi.fi\/en\/wp-json\/wp\/v2\/product"}],"about":[{"href":"https:\/\/biljardi.fi\/en\/wp-json\/wp\/v2\/types\/product"}],"replies":[{"embeddable":true,"href":"https:\/\/biljardi.fi\/en\/wp-json\/wp\/v2\/comments?post=72822"}],"wp:featuredmedia":[{"embeddable":true,"href":"https:\/\/biljardi.fi\/en\/wp-json\/wp\/v2\/media\/66571"}],"wp:attachment":[{"href":"https:\/\/biljardi.fi\/en\/wp-json\/wp\/v2\/media?parent=72822"}],"wp:term":[{"taxonomy":"product_brand","embeddable":true,"href":"https:\/\/biljardi.fi\/en\/wp-json\/wp\/v2\/product_brand?post=72822"},{"taxonomy":"product_cat","embeddable":true,"href":"https:\/\/biljardi.fi\/en\/wp-json\/wp\/v2\/product_cat?post=72822"},{"taxonomy":"product_tag","embeddable":true,"href":"https:\/\/biljardi.fi\/en\/wp-json\/wp\/v2\/product_tag?post=72822"},{"taxonomy":"giftcard-category","embeddable":true,"href":"https:\/\/biljardi.fi\/en\/wp-json\/wp\/v2\/giftcard-category?post=72822"}],"curies":[{"name":"wp","href":"https:\/\/api.w.org\/{rel}","templated":true}]}}