{"id":72786,"date":"2026-02-04T14:54:09","date_gmt":"2026-02-04T12:54:09","guid":{"rendered":"https:\/\/biljardi.fi\/tuote\/unicorn-eclipse-ultra-2-0-dartboard\/"},"modified":"2026-02-04T14:54:09","modified_gmt":"2026-02-04T12:54:09","slug":"unicorn-eclipse-ultra-2-0-dartboard","status":"publish","type":"product","link":"https:\/\/biljardi.fi\/en\/tuote\/unicorn-eclipse-ultra-2-0-dartboard\/","title":{"rendered":"Unicorn Eclipse Ultra 2.0 Dartboard"},"content":{"rendered":"<p>Unicorn Eclipse Ultra 2.0 Dartboard<\/p>\n<p>The Unicorn Eclipse Ultra 2.0 is an updated version of Unicorn&#8217;s flagship board. It&#8217;s made from high-quality sisal and comes with a professional mounting system. Metal segments have been reduced to maximize the playing area. The board is staple-free.    <\/p>\n<p><span class=\"HwtZe\" lang=\"fi\"><span class=\"jCAhz ChMk0b\"><span class=\"ryNqvb\">Abyss Surface Technology: Printed, seamless, and high-contrast graphics<\/span><\/span><\/span><\/p>\n<p><span class=\"HwtZe\" lang=\"fi\"><span class=\"jCAhz ChMk0b\"><span class=\"ryNqvb\">Black Venom Spider: Ultra-thin wiring, up to 33% fewer bounce-outs.<\/span><\/span> <\/span><\/p>\n<p><span class=\"HwtZe\" lang=\"fi\"><span class=\"jCAhz ChMk0b\"><span class=\"ryNqvb\">Ultra Bullseye: Reinforced for better accuracy and flexibility.<\/span><\/span> <\/span><\/p>\n<p><span class=\"HwtZe\" lang=\"fi\"><span class=\"jCAhz ChMk0b\"><span class=\"ryNqvb\">Ultra-Vis Number Ring: White steel ring for maximum contrast and clarity.<\/span><\/span> <\/span><\/p>\n<p><span class=\"HwtZe\" lang=\"fi\"><span class=\"jCAhz ChMk0b\"><span class=\"ryNqvb\">UniLock System: Revolutionary mounting mechanism for perfect alignment.<\/span><\/span><\/span><\/p>\n","protected":false},"excerpt":{"rendered":"<p>Unicorn Eclipse Ultra 2.0 Dartboard The Unicorn Eclipse Ultra 2.0 is an updated version of Unicorn&#8217;s flagship board. It&#8217;s made from high-quality sisal and comes with a professional mounting system. Metal segments have been reduced to maximize the playing area. The board is staple-free. Abyss Surface Technology: Printed, seamless, and high-contrast graphics Black Venom Spider: [&hellip;]<\/p>\n","protected":false},"featured_media":70952,"comment_status":"open","ping_status":"closed","template":"","meta":{"_improvement_type_select":"improve_an_existing","_thumb_yes_seoaic":false,"_frame_yes_seoaic":false,"seoaic_generate_description":"","seoaic_improve_instructions_prompt":"","seoaic_rollback_content_improvement":"","seoaic_idea_thumbnail_generator":"","thumbnail_generated":false,"thumbnail_generate_prompt":"","seoaic_article_description":""},"product_brand":[],"product_cat":[2060,2146,2035],"product_tag":[],"giftcard-category":[],"class_list":{"0":"post-72786","1":"product","2":"type-product","3":"status-publish","4":"has-post-thumbnail","6":"product_cat-black-friday","7":"product_cat-dartboards","8":"product_cat-darts","10":"first","11":"instock","12":"taxable","13":"shipping-taxable","14":"purchasable","15":"product-type-simple"},"exclude_global_add_ons":[],"addons":[],"yoast_head":"<!-- This site is optimized with the Yoast SEO plugin v27.3 - https:\/\/yoast.com\/product\/yoast-seo-wordpress\/ -->\n<title>[wpseo_titles]title-Tuote<\/title>\n<meta name=\"robots\" content=\"index, follow, max-snippet:-1, max-image-preview:large, max-video-preview:-1\" \/>\n<link rel=\"canonical\" href=\"https:\/\/biljardi.fi\/en\/tuote\/unicorn-eclipse-ultra-2-0-dartboard\/\" \/>\n<meta property=\"og:locale\" content=\"en_US\" \/>\n<meta property=\"og:type\" content=\"article\" \/>\n<meta property=\"og:title\" content=\"[wpseo_titles]title-Tuote\" \/>\n<meta property=\"og:description\" content=\"Unicorn Eclipse Ultra 2.0 Dartboard The Unicorn Eclipse Ultra 2.0 is an updated version of Unicorn&#8217;s flagship board. It&#8217;s made from high-quality sisal and comes with a professional mounting system. Metal segments have been reduced to maximize the playing area. The board is staple-free. Abyss Surface Technology: Printed, seamless, and high-contrast graphics Black Venom Spider: [&hellip;]\" \/>\n<meta property=\"og:url\" content=\"https:\/\/biljardi.fi\/en\/tuote\/unicorn-eclipse-ultra-2-0-dartboard\/\" \/>\n<meta property=\"og:site_name\" content=\"Suomen Biljardimyynti Oy\" \/>\n<meta property=\"og:image\" content=\"https:\/\/biljardi.fi\/wp-content\/uploads\/2026\/02\/unicorn-eclipse-ultra-2-0-dartboard-1.jpg\" \/>\n\t<meta property=\"og:image:width\" content=\"1200\" \/>\n\t<meta property=\"og:image:height\" content=\"1200\" \/>\n\t<meta property=\"og:image:type\" content=\"image\/jpeg\" \/>\n<meta name=\"twitter:card\" content=\"summary_large_image\" \/>\n<script type=\"application\/ld+json\" class=\"yoast-schema-graph\">{\"@context\":\"https:\\\/\\\/schema.org\",\"@graph\":[{\"@type\":\"WebPage\",\"@id\":\"https:\\\/\\\/biljardi.fi\\\/en\\\/tuote\\\/unicorn-eclipse-ultra-2-0-dartboard\\\/\",\"url\":\"https:\\\/\\\/biljardi.fi\\\/en\\\/tuote\\\/unicorn-eclipse-ultra-2-0-dartboard\\\/\",\"name\":\"[wpseo_titles]title-Tuote\",\"isPartOf\":{\"@id\":\"https:\\\/\\\/biljardi.fi\\\/en\\\/#website\"},\"primaryImageOfPage\":{\"@id\":\"https:\\\/\\\/biljardi.fi\\\/en\\\/tuote\\\/unicorn-eclipse-ultra-2-0-dartboard\\\/#primaryimage\"},\"image\":{\"@id\":\"https:\\\/\\\/biljardi.fi\\\/en\\\/tuote\\\/unicorn-eclipse-ultra-2-0-dartboard\\\/#primaryimage\"},\"thumbnailUrl\":\"https:\\\/\\\/biljardi.fi\\\/wp-content\\\/uploads\\\/2026\\\/02\\\/unicorn-eclipse-ultra-2-0-dartboard-1.jpg\",\"datePublished\":\"2026-02-04T12:54:09+00:00\",\"breadcrumb\":{\"@id\":\"https:\\\/\\\/biljardi.fi\\\/en\\\/tuote\\\/unicorn-eclipse-ultra-2-0-dartboard\\\/#breadcrumb\"},\"inLanguage\":\"en-US\",\"potentialAction\":[{\"@type\":\"ReadAction\",\"target\":[\"https:\\\/\\\/biljardi.fi\\\/en\\\/tuote\\\/unicorn-eclipse-ultra-2-0-dartboard\\\/\"]}]},{\"@type\":\"ImageObject\",\"inLanguage\":\"en-US\",\"@id\":\"https:\\\/\\\/biljardi.fi\\\/en\\\/tuote\\\/unicorn-eclipse-ultra-2-0-dartboard\\\/#primaryimage\",\"url\":\"https:\\\/\\\/biljardi.fi\\\/wp-content\\\/uploads\\\/2026\\\/02\\\/unicorn-eclipse-ultra-2-0-dartboard-1.jpg\",\"contentUrl\":\"https:\\\/\\\/biljardi.fi\\\/wp-content\\\/uploads\\\/2026\\\/02\\\/unicorn-eclipse-ultra-2-0-dartboard-1.jpg\",\"width\":1200,\"height\":1200},{\"@type\":\"BreadcrumbList\",\"@id\":\"https:\\\/\\\/biljardi.fi\\\/en\\\/tuote\\\/unicorn-eclipse-ultra-2-0-dartboard\\\/#breadcrumb\",\"itemListElement\":[{\"@type\":\"ListItem\",\"position\":1,\"name\":\"Home\",\"item\":\"https:\\\/\\\/biljardi.fi\\\/en\\\/home\\\/\"},{\"@type\":\"ListItem\",\"position\":2,\"name\":\"Shop\",\"item\":\"https:\\\/\\\/biljardi.fi\\\/en\\\/shop\\\/\"},{\"@type\":\"ListItem\",\"position\":3,\"name\":\"Unicorn Eclipse Ultra 2.0 Dartboard\"}]},{\"@type\":\"WebSite\",\"@id\":\"https:\\\/\\\/biljardi.fi\\\/en\\\/#website\",\"url\":\"https:\\\/\\\/biljardi.fi\\\/en\\\/\",\"name\":\"Suomen Biljardimyynti Oy\",\"description\":\"Biljardip\u00f6yd\u00e4t, Biljardi, Darts, Ilmakiekko, P\u00f6yt\u00e4jalkapallo\",\"publisher\":{\"@id\":\"https:\\\/\\\/biljardi.fi\\\/en\\\/#organization\"},\"potentialAction\":[{\"@type\":\"SearchAction\",\"target\":{\"@type\":\"EntryPoint\",\"urlTemplate\":\"https:\\\/\\\/biljardi.fi\\\/en\\\/?s={search_term_string}\"},\"query-input\":{\"@type\":\"PropertyValueSpecification\",\"valueRequired\":true,\"valueName\":\"search_term_string\"}}],\"inLanguage\":\"en-US\"},{\"@type\":\"Organization\",\"@id\":\"https:\\\/\\\/biljardi.fi\\\/en\\\/#organization\",\"name\":\"Suomen Biljardimyynti Oy\",\"url\":\"https:\\\/\\\/biljardi.fi\\\/en\\\/\",\"logo\":{\"@type\":\"ImageObject\",\"inLanguage\":\"en-US\",\"@id\":\"https:\\\/\\\/biljardi.fi\\\/en\\\/#\\\/schema\\\/logo\\\/image\\\/\",\"url\":\"https:\\\/\\\/biljardi.fi\\\/wp-content\\\/uploads\\\/2025\\\/10\\\/logo_uus-1.png\",\"contentUrl\":\"https:\\\/\\\/biljardi.fi\\\/wp-content\\\/uploads\\\/2025\\\/10\\\/logo_uus-1.png\",\"width\":360,\"height\":94,\"caption\":\"Suomen Biljardimyynti Oy\"},\"image\":{\"@id\":\"https:\\\/\\\/biljardi.fi\\\/en\\\/#\\\/schema\\\/logo\\\/image\\\/\"}}]}<\/script>\n<!-- \/ Yoast SEO plugin. -->","yoast_head_json":{"title":"[wpseo_titles]title-Tuote","robots":{"index":"index","follow":"follow","max-snippet":"max-snippet:-1","max-image-preview":"max-image-preview:large","max-video-preview":"max-video-preview:-1"},"canonical":"https:\/\/biljardi.fi\/en\/tuote\/unicorn-eclipse-ultra-2-0-dartboard\/","og_locale":"en_US","og_type":"article","og_title":"[wpseo_titles]title-Tuote","og_description":"Unicorn Eclipse Ultra 2.0 Dartboard The Unicorn Eclipse Ultra 2.0 is an updated version of Unicorn&#8217;s flagship board. It&#8217;s made from high-quality sisal and comes with a professional mounting system. Metal segments have been reduced to maximize the playing area. The board is staple-free. Abyss Surface Technology: Printed, seamless, and high-contrast graphics Black Venom Spider: [&hellip;]","og_url":"https:\/\/biljardi.fi\/en\/tuote\/unicorn-eclipse-ultra-2-0-dartboard\/","og_site_name":"Suomen Biljardimyynti Oy","og_image":[{"width":1200,"height":1200,"url":"https:\/\/biljardi.fi\/wp-content\/uploads\/2026\/02\/unicorn-eclipse-ultra-2-0-dartboard-1.jpg","type":"image\/jpeg"}],"twitter_card":"summary_large_image","schema":{"@context":"https:\/\/schema.org","@graph":[{"@type":"WebPage","@id":"https:\/\/biljardi.fi\/en\/tuote\/unicorn-eclipse-ultra-2-0-dartboard\/","url":"https:\/\/biljardi.fi\/en\/tuote\/unicorn-eclipse-ultra-2-0-dartboard\/","name":"[wpseo_titles]title-Tuote","isPartOf":{"@id":"https:\/\/biljardi.fi\/en\/#website"},"primaryImageOfPage":{"@id":"https:\/\/biljardi.fi\/en\/tuote\/unicorn-eclipse-ultra-2-0-dartboard\/#primaryimage"},"image":{"@id":"https:\/\/biljardi.fi\/en\/tuote\/unicorn-eclipse-ultra-2-0-dartboard\/#primaryimage"},"thumbnailUrl":"https:\/\/biljardi.fi\/wp-content\/uploads\/2026\/02\/unicorn-eclipse-ultra-2-0-dartboard-1.jpg","datePublished":"2026-02-04T12:54:09+00:00","breadcrumb":{"@id":"https:\/\/biljardi.fi\/en\/tuote\/unicorn-eclipse-ultra-2-0-dartboard\/#breadcrumb"},"inLanguage":"en-US","potentialAction":[{"@type":"ReadAction","target":["https:\/\/biljardi.fi\/en\/tuote\/unicorn-eclipse-ultra-2-0-dartboard\/"]}]},{"@type":"ImageObject","inLanguage":"en-US","@id":"https:\/\/biljardi.fi\/en\/tuote\/unicorn-eclipse-ultra-2-0-dartboard\/#primaryimage","url":"https:\/\/biljardi.fi\/wp-content\/uploads\/2026\/02\/unicorn-eclipse-ultra-2-0-dartboard-1.jpg","contentUrl":"https:\/\/biljardi.fi\/wp-content\/uploads\/2026\/02\/unicorn-eclipse-ultra-2-0-dartboard-1.jpg","width":1200,"height":1200},{"@type":"BreadcrumbList","@id":"https:\/\/biljardi.fi\/en\/tuote\/unicorn-eclipse-ultra-2-0-dartboard\/#breadcrumb","itemListElement":[{"@type":"ListItem","position":1,"name":"Home","item":"https:\/\/biljardi.fi\/en\/home\/"},{"@type":"ListItem","position":2,"name":"Shop","item":"https:\/\/biljardi.fi\/en\/shop\/"},{"@type":"ListItem","position":3,"name":"Unicorn Eclipse Ultra 2.0 Dartboard"}]},{"@type":"WebSite","@id":"https:\/\/biljardi.fi\/en\/#website","url":"https:\/\/biljardi.fi\/en\/","name":"Suomen Biljardimyynti Oy","description":"Biljardip\u00f6yd\u00e4t, Biljardi, Darts, Ilmakiekko, P\u00f6yt\u00e4jalkapallo","publisher":{"@id":"https:\/\/biljardi.fi\/en\/#organization"},"potentialAction":[{"@type":"SearchAction","target":{"@type":"EntryPoint","urlTemplate":"https:\/\/biljardi.fi\/en\/?s={search_term_string}"},"query-input":{"@type":"PropertyValueSpecification","valueRequired":true,"valueName":"search_term_string"}}],"inLanguage":"en-US"},{"@type":"Organization","@id":"https:\/\/biljardi.fi\/en\/#organization","name":"Suomen Biljardimyynti Oy","url":"https:\/\/biljardi.fi\/en\/","logo":{"@type":"ImageObject","inLanguage":"en-US","@id":"https:\/\/biljardi.fi\/en\/#\/schema\/logo\/image\/","url":"https:\/\/biljardi.fi\/wp-content\/uploads\/2025\/10\/logo_uus-1.png","contentUrl":"https:\/\/biljardi.fi\/wp-content\/uploads\/2025\/10\/logo_uus-1.png","width":360,"height":94,"caption":"Suomen Biljardimyynti Oy"},"image":{"@id":"https:\/\/biljardi.fi\/en\/#\/schema\/logo\/image\/"}}]}},"_links":{"self":[{"href":"https:\/\/biljardi.fi\/en\/wp-json\/wp\/v2\/product\/72786","targetHints":{"allow":["GET"]}}],"collection":[{"href":"https:\/\/biljardi.fi\/en\/wp-json\/wp\/v2\/product"}],"about":[{"href":"https:\/\/biljardi.fi\/en\/wp-json\/wp\/v2\/types\/product"}],"replies":[{"embeddable":true,"href":"https:\/\/biljardi.fi\/en\/wp-json\/wp\/v2\/comments?post=72786"}],"wp:featuredmedia":[{"embeddable":true,"href":"https:\/\/biljardi.fi\/en\/wp-json\/wp\/v2\/media\/70952"}],"wp:attachment":[{"href":"https:\/\/biljardi.fi\/en\/wp-json\/wp\/v2\/media?parent=72786"}],"wp:term":[{"taxonomy":"product_brand","embeddable":true,"href":"https:\/\/biljardi.fi\/en\/wp-json\/wp\/v2\/product_brand?post=72786"},{"taxonomy":"product_cat","embeddable":true,"href":"https:\/\/biljardi.fi\/en\/wp-json\/wp\/v2\/product_cat?post=72786"},{"taxonomy":"product_tag","embeddable":true,"href":"https:\/\/biljardi.fi\/en\/wp-json\/wp\/v2\/product_tag?post=72786"},{"taxonomy":"giftcard-category","embeddable":true,"href":"https:\/\/biljardi.fi\/en\/wp-json\/wp\/v2\/giftcard-category?post=72786"}],"curies":[{"name":"wp","href":"https:\/\/api.w.org\/{rel}","templated":true}]}}