{"id":72783,"date":"2026-02-05T15:19:37","date_gmt":"2026-02-05T13:19:37","guid":{"rendered":"https:\/\/biljardi.fi\/tuote\/purex-hxtc24-pool-cue\/"},"modified":"2026-02-05T15:19:37","modified_gmt":"2026-02-05T13:19:37","slug":"purex-hxtc24-pool-cue","status":"publish","type":"product","link":"https:\/\/biljardi.fi\/en\/tuote\/purex-hxtc24-pool-cue\/","title":{"rendered":"PureX HXTC24 pool cue"},"content":{"rendered":"<div class=\"description product-description\" data-inline-editable=\"\" data-model=\"XLiteModelProduct\" data-identifier=\"22880\" data-property=\"description\" data-inline-editor-config=\"{\"toolbarInline\":true,\"toolbarVisibleWithoutSelection\":true,\"charCounterCount\":false,\"imageUploadURL\":\"https:\/\/www.cueandcase.com\/admin.php?target=files&amp;action=upload_from_file&amp;mode=json&amp;type=image\",\"imageManagerLoadURL\":\"https:\/\/www.cueandcase.com\/admin.php?target=files&amp;action=get_image_manager_list\",\"imageManagerDeleteURL\":\"https:\/\/www.cueandcase.com\/admin.php?target=files&amp;action=remove_from_image_manager\",\"imageUploadParam\":\"file\",\"imageUploadParams\":{\"url_param_name\":\"link\"},\"zIndex\":9990,\"requestHeaders\":{\"X-Requested-With\":\"XMLHttpRequest\"},\"toolbarButtons\":[\"fontFamily\",\"fontSize\",\"|\",\"bold\",\"italic\",\"underline\",\"strikeThrough\",\"color\",\"-\",\"paragraphFormat\",\"paragraphStyle\",\"align\",\"formatOL\",\"formatUL\",\"|\",\"indent\",\"outdent\",\"-\",\"insertImage\",\"insertTable\",\"insertLink\",\"insertVideo\",\"|\",\"undo\",\"redo\",\"html\"],\"toolbarButtonsMD\":[\"fontFamily\",\"fontSize\",\"|\",\"bold\",\"italic\",\"underline\",\"strikeThrough\",\"color\",\"-\",\"paragraphFormat\",\"paragraphStyle\",\"align\",\"formatOL\",\"formatUL\",\"|\",\"indent\",\"outdent\",\"-\",\"insertImage\",\"insertTable\",\"insertLink\",\"insertVideo\",\"|\",\"undo\",\"redo\",\"html\"],\"toolbarButtonsSM\":[\"fontFamily\",\"fontSize\",\"|\",\"bold\",\"italic\",\"underline\",\"strikeThrough\",\"color\",\"-\",\"paragraphFormat\",\"paragraphStyle\",\"align\",\"formatOL\",\"formatUL\",\"|\",\"indent\",\"outdent\",\"-\",\"insertImage\",\"insertTable\",\"insertLink\",\"insertVideo\",\"|\",\"undo\",\"redo\",\"html\"],\"toolbarButtonsXS\":[\"fontFamily\",\"fontSize\",\"|\",\"bold\",\"italic\",\"underline\",\"strikeThrough\",\"color\",\"-\",\"paragraphFormat\",\"paragraphStyle\",\"align\",\"formatOL\",\"formatUL\",\"|\",\"indent\",\"outdent\",\"-\",\"insertImage\",\"insertTable\",\"insertLink\",\"insertVideo\",\"|\",\"undo\",\"redo\",\"html\"]}\">\n<p>Billiards is a sport, but improving your game is a science. Pure-X<sup>\u00ae<\/sup> low deflection is packed with cutting-edge technology. The cue may look familiar, but it performs like a finely tuned machine. PureX HXCT24 pool cue features:   <\/p>\n<ul>\n<li style=\"list-style-type: none;\">\n<ul class=\"a-vertical a-spacing-none\">\n<li>HXT Low Deflection shaft<\/li>\n<li>HXT high-tech low deflection ferrule with polymer core<\/li>\n<li>Kamui<sup>\u2122<\/sup> Black Soft laminated tip<\/li>\n<li>MZ Multi-Zone wrap<\/li>\n<li>Adjustable weight<\/li>\n<li><strong>Lifetime warranty<\/strong><\/li>\n<\/ul>\n<\/li>\n<\/ul>\n<\/div>\n<div class=\"brief-descr product-description\" data-inline-editable=\"\" data-model=\"XLiteModelProduct\" data-identifier=\"21573\" data-property=\"briefDescription\" data-inline-editor-config=\"{\"toolbarInline\":true,\"toolbarVisibleWithoutSelection\":true,\"charCounterCount\":false,\"imageUploadURL\":\"https:\/\/www.cueandcase.com\/admin.php?target=files&amp;action=upload_from_file&amp;mode=json&amp;type=image\",\"imageManagerLoadURL\":\"https:\/\/www.cueandcase.com\/admin.php?target=files&amp;action=get_image_manager_list\",\"imageManagerDeleteURL\":\"https:\/\/www.cueandcase.com\/admin.php?target=files&amp;action=remove_from_image_manager\",\"imageUploadParam\":\"file\",\"imageUploadParams\":{\"url_param_name\":\"link\"},\"zIndex\":9990,\"requestHeaders\":{\"X-Requested-With\":\"XMLHttpRequest\"},\"toolbarButtons\":[\"fontFamily\",\"fontSize\",\"|\",\"bold\",\"italic\",\"underline\",\"strikeThrough\",\"color\",\"-\",\"paragraphFormat\",\"paragraphStyle\",\"align\",\"formatOL\",\"formatUL\",\"|\",\"indent\",\"outdent\",\"-\",\"insertImage\",\"insertTable\",\"insertLink\",\"insertVideo\",\"|\",\"undo\",\"redo\",\"html\"],\"toolbarButtonsMD\":[\"fontFamily\",\"fontSize\",\"|\",\"bold\",\"italic\",\"underline\",\"strikeThrough\",\"color\",\"-\",\"paragraphFormat\",\"paragraphStyle\",\"align\",\"formatOL\",\"formatUL\",\"|\",\"indent\",\"outdent\",\"-\",\"insertImage\",\"insertTable\",\"insertLink\",\"insertVideo\",\"|\",\"undo\",\"redo\",\"html\"],\"toolbarButtonsSM\":[\"fontFamily\",\"fontSize\",\"|\",\"bold\",\"italic\",\"underline\",\"strikeThrough\",\"color\",\"-\",\"paragraphFormat\",\"paragraphStyle\",\"align\",\"formatOL\",\"formatUL\",\"|\",\"indent\",\"outdent\",\"-\",\"insertImage\",\"insertTable\",\"insertLink\",\"insertVideo\",\"|\",\"undo\",\"redo\",\"html\"],\"toolbarButtonsXS\":[\"fontFamily\",\"fontSize\",\"|\",\"bold\",\"italic\",\"underline\",\"strikeThrough\",\"color\",\"-\",\"paragraphFormat\",\"paragraphStyle\",\"align\",\"formatOL\",\"formatUL\",\"|\",\"indent\",\"outdent\",\"-\",\"insertImage\",\"insertTable\",\"insertLink\",\"insertVideo\",\"|\",\"undo\",\"redo\",\"html\"]}\"><\/div>\n","protected":false},"excerpt":{"rendered":"<p>Billiards is a sport, but improving your game is a science. Pure-X\u00ae low deflection is packed with cutting-edge technology. The cue may look familiar, but it performs like a finely tuned machine. PureX HXCT24 pool cue features: HXT Low Deflection shaft HXT high-tech low deflection ferrule with polymer core Kamui\u2122 Black Soft laminated tip MZ [&hellip;]<\/p>\n","protected":false},"featured_media":70968,"comment_status":"open","ping_status":"closed","template":"","meta":{"_improvement_type_select":"improve_an_existing","_thumb_yes_seoaic":false,"_frame_yes_seoaic":false,"seoaic_generate_description":"","seoaic_improve_instructions_prompt":"","seoaic_rollback_content_improvement":"","seoaic_idea_thumbnail_generator":"","thumbnail_generated":false,"thumbnail_generate_prompt":"","seoaic_article_description":""},"product_brand":[],"product_cat":[2071],"product_tag":[2028,2015,2014,2029],"giftcard-category":[],"class_list":{"0":"post-72783","1":"product","2":"type-product","3":"status-publish","4":"has-post-thumbnail","6":"product_cat-pool-cues","7":"product_tag-billiard-cue","8":"product_tag-billiard-sales","9":"product_tag-billiards","10":"product_tag-pool-cue","12":"first","13":"instock","14":"taxable","15":"shipping-taxable","16":"purchasable","17":"product-type-simple"},"exclude_global_add_ons":false,"addons":[],"yoast_head":"<!-- This site is optimized with the Yoast SEO plugin v27.3 - https:\/\/yoast.com\/product\/yoast-seo-wordpress\/ -->\n<title>[wpseo_titles]title-Tuote<\/title>\n<meta name=\"robots\" content=\"index, follow, max-snippet:-1, max-image-preview:large, max-video-preview:-1\" \/>\n<link rel=\"canonical\" href=\"https:\/\/biljardi.fi\/en\/tuote\/purex-hxtc24-pool-cue\/\" \/>\n<meta property=\"og:locale\" content=\"en_US\" \/>\n<meta property=\"og:type\" content=\"article\" \/>\n<meta property=\"og:title\" content=\"[wpseo_titles]title-Tuote\" \/>\n<meta property=\"og:description\" content=\"Billiards is a sport, but improving your game is a science. Pure-X\u00ae low deflection is packed with cutting-edge technology. The cue may look familiar, but it performs like a finely tuned machine. PureX HXCT24 pool cue features: HXT Low Deflection shaft HXT high-tech low deflection ferrule with polymer core Kamui\u2122 Black Soft laminated tip MZ [&hellip;]\" \/>\n<meta property=\"og:url\" content=\"https:\/\/biljardi.fi\/en\/tuote\/purex-hxtc24-pool-cue\/\" \/>\n<meta property=\"og:site_name\" content=\"Suomen Biljardimyynti Oy\" \/>\n<meta property=\"og:image\" content=\"https:\/\/biljardi.fi\/wp-content\/uploads\/2026\/02\/batch-1-pure-x-rosewood-matte-finish-cue-with-mz-grip__hxtc24_1.webp\" \/>\n\t<meta property=\"og:image:width\" content=\"1000\" \/>\n\t<meta property=\"og:image:height\" content=\"1000\" \/>\n\t<meta property=\"og:image:type\" content=\"image\/webp\" \/>\n<meta name=\"twitter:card\" content=\"summary_large_image\" \/>\n<script type=\"application\/ld+json\" class=\"yoast-schema-graph\">{\"@context\":\"https:\\\/\\\/schema.org\",\"@graph\":[{\"@type\":\"WebPage\",\"@id\":\"https:\\\/\\\/biljardi.fi\\\/en\\\/tuote\\\/purex-hxtc24-pool-cue\\\/\",\"url\":\"https:\\\/\\\/biljardi.fi\\\/en\\\/tuote\\\/purex-hxtc24-pool-cue\\\/\",\"name\":\"[wpseo_titles]title-Tuote\",\"isPartOf\":{\"@id\":\"https:\\\/\\\/biljardi.fi\\\/en\\\/#website\"},\"primaryImageOfPage\":{\"@id\":\"https:\\\/\\\/biljardi.fi\\\/en\\\/tuote\\\/purex-hxtc24-pool-cue\\\/#primaryimage\"},\"image\":{\"@id\":\"https:\\\/\\\/biljardi.fi\\\/en\\\/tuote\\\/purex-hxtc24-pool-cue\\\/#primaryimage\"},\"thumbnailUrl\":\"https:\\\/\\\/biljardi.fi\\\/wp-content\\\/uploads\\\/2026\\\/02\\\/batch-1-pure-x-rosewood-matte-finish-cue-with-mz-grip__hxtc24_1.webp\",\"datePublished\":\"2026-02-05T13:19:37+00:00\",\"breadcrumb\":{\"@id\":\"https:\\\/\\\/biljardi.fi\\\/en\\\/tuote\\\/purex-hxtc24-pool-cue\\\/#breadcrumb\"},\"inLanguage\":\"en-US\",\"potentialAction\":[{\"@type\":\"ReadAction\",\"target\":[\"https:\\\/\\\/biljardi.fi\\\/en\\\/tuote\\\/purex-hxtc24-pool-cue\\\/\"]}]},{\"@type\":\"ImageObject\",\"inLanguage\":\"en-US\",\"@id\":\"https:\\\/\\\/biljardi.fi\\\/en\\\/tuote\\\/purex-hxtc24-pool-cue\\\/#primaryimage\",\"url\":\"https:\\\/\\\/biljardi.fi\\\/wp-content\\\/uploads\\\/2026\\\/02\\\/batch-1-pure-x-rosewood-matte-finish-cue-with-mz-grip__hxtc24_1.webp\",\"contentUrl\":\"https:\\\/\\\/biljardi.fi\\\/wp-content\\\/uploads\\\/2026\\\/02\\\/batch-1-pure-x-rosewood-matte-finish-cue-with-mz-grip__hxtc24_1.webp\",\"width\":1000,\"height\":1000},{\"@type\":\"BreadcrumbList\",\"@id\":\"https:\\\/\\\/biljardi.fi\\\/en\\\/tuote\\\/purex-hxtc24-pool-cue\\\/#breadcrumb\",\"itemListElement\":[{\"@type\":\"ListItem\",\"position\":1,\"name\":\"Home\",\"item\":\"https:\\\/\\\/biljardi.fi\\\/en\\\/home\\\/\"},{\"@type\":\"ListItem\",\"position\":2,\"name\":\"Shop\",\"item\":\"https:\\\/\\\/biljardi.fi\\\/en\\\/shop\\\/\"},{\"@type\":\"ListItem\",\"position\":3,\"name\":\"PureX HXTC24 pool cue\"}]},{\"@type\":\"WebSite\",\"@id\":\"https:\\\/\\\/biljardi.fi\\\/en\\\/#website\",\"url\":\"https:\\\/\\\/biljardi.fi\\\/en\\\/\",\"name\":\"Suomen Biljardimyynti Oy\",\"description\":\"Biljardip\u00f6yd\u00e4t, Biljardi, Darts, Ilmakiekko, P\u00f6yt\u00e4jalkapallo\",\"publisher\":{\"@id\":\"https:\\\/\\\/biljardi.fi\\\/en\\\/#organization\"},\"potentialAction\":[{\"@type\":\"SearchAction\",\"target\":{\"@type\":\"EntryPoint\",\"urlTemplate\":\"https:\\\/\\\/biljardi.fi\\\/en\\\/?s={search_term_string}\"},\"query-input\":{\"@type\":\"PropertyValueSpecification\",\"valueRequired\":true,\"valueName\":\"search_term_string\"}}],\"inLanguage\":\"en-US\"},{\"@type\":\"Organization\",\"@id\":\"https:\\\/\\\/biljardi.fi\\\/en\\\/#organization\",\"name\":\"Suomen Biljardimyynti Oy\",\"url\":\"https:\\\/\\\/biljardi.fi\\\/en\\\/\",\"logo\":{\"@type\":\"ImageObject\",\"inLanguage\":\"en-US\",\"@id\":\"https:\\\/\\\/biljardi.fi\\\/en\\\/#\\\/schema\\\/logo\\\/image\\\/\",\"url\":\"https:\\\/\\\/biljardi.fi\\\/wp-content\\\/uploads\\\/2025\\\/10\\\/logo_uus-1.png\",\"contentUrl\":\"https:\\\/\\\/biljardi.fi\\\/wp-content\\\/uploads\\\/2025\\\/10\\\/logo_uus-1.png\",\"width\":360,\"height\":94,\"caption\":\"Suomen Biljardimyynti Oy\"},\"image\":{\"@id\":\"https:\\\/\\\/biljardi.fi\\\/en\\\/#\\\/schema\\\/logo\\\/image\\\/\"}}]}<\/script>\n<!-- \/ Yoast SEO plugin. -->","yoast_head_json":{"title":"[wpseo_titles]title-Tuote","robots":{"index":"index","follow":"follow","max-snippet":"max-snippet:-1","max-image-preview":"max-image-preview:large","max-video-preview":"max-video-preview:-1"},"canonical":"https:\/\/biljardi.fi\/en\/tuote\/purex-hxtc24-pool-cue\/","og_locale":"en_US","og_type":"article","og_title":"[wpseo_titles]title-Tuote","og_description":"Billiards is a sport, but improving your game is a science. Pure-X\u00ae low deflection is packed with cutting-edge technology. The cue may look familiar, but it performs like a finely tuned machine. PureX HXCT24 pool cue features: HXT Low Deflection shaft HXT high-tech low deflection ferrule with polymer core Kamui\u2122 Black Soft laminated tip MZ [&hellip;]","og_url":"https:\/\/biljardi.fi\/en\/tuote\/purex-hxtc24-pool-cue\/","og_site_name":"Suomen Biljardimyynti Oy","og_image":[{"width":1000,"height":1000,"url":"https:\/\/biljardi.fi\/wp-content\/uploads\/2026\/02\/batch-1-pure-x-rosewood-matte-finish-cue-with-mz-grip__hxtc24_1.webp","type":"image\/webp"}],"twitter_card":"summary_large_image","schema":{"@context":"https:\/\/schema.org","@graph":[{"@type":"WebPage","@id":"https:\/\/biljardi.fi\/en\/tuote\/purex-hxtc24-pool-cue\/","url":"https:\/\/biljardi.fi\/en\/tuote\/purex-hxtc24-pool-cue\/","name":"[wpseo_titles]title-Tuote","isPartOf":{"@id":"https:\/\/biljardi.fi\/en\/#website"},"primaryImageOfPage":{"@id":"https:\/\/biljardi.fi\/en\/tuote\/purex-hxtc24-pool-cue\/#primaryimage"},"image":{"@id":"https:\/\/biljardi.fi\/en\/tuote\/purex-hxtc24-pool-cue\/#primaryimage"},"thumbnailUrl":"https:\/\/biljardi.fi\/wp-content\/uploads\/2026\/02\/batch-1-pure-x-rosewood-matte-finish-cue-with-mz-grip__hxtc24_1.webp","datePublished":"2026-02-05T13:19:37+00:00","breadcrumb":{"@id":"https:\/\/biljardi.fi\/en\/tuote\/purex-hxtc24-pool-cue\/#breadcrumb"},"inLanguage":"en-US","potentialAction":[{"@type":"ReadAction","target":["https:\/\/biljardi.fi\/en\/tuote\/purex-hxtc24-pool-cue\/"]}]},{"@type":"ImageObject","inLanguage":"en-US","@id":"https:\/\/biljardi.fi\/en\/tuote\/purex-hxtc24-pool-cue\/#primaryimage","url":"https:\/\/biljardi.fi\/wp-content\/uploads\/2026\/02\/batch-1-pure-x-rosewood-matte-finish-cue-with-mz-grip__hxtc24_1.webp","contentUrl":"https:\/\/biljardi.fi\/wp-content\/uploads\/2026\/02\/batch-1-pure-x-rosewood-matte-finish-cue-with-mz-grip__hxtc24_1.webp","width":1000,"height":1000},{"@type":"BreadcrumbList","@id":"https:\/\/biljardi.fi\/en\/tuote\/purex-hxtc24-pool-cue\/#breadcrumb","itemListElement":[{"@type":"ListItem","position":1,"name":"Home","item":"https:\/\/biljardi.fi\/en\/home\/"},{"@type":"ListItem","position":2,"name":"Shop","item":"https:\/\/biljardi.fi\/en\/shop\/"},{"@type":"ListItem","position":3,"name":"PureX HXTC24 pool cue"}]},{"@type":"WebSite","@id":"https:\/\/biljardi.fi\/en\/#website","url":"https:\/\/biljardi.fi\/en\/","name":"Suomen Biljardimyynti Oy","description":"Biljardip\u00f6yd\u00e4t, Biljardi, Darts, Ilmakiekko, P\u00f6yt\u00e4jalkapallo","publisher":{"@id":"https:\/\/biljardi.fi\/en\/#organization"},"potentialAction":[{"@type":"SearchAction","target":{"@type":"EntryPoint","urlTemplate":"https:\/\/biljardi.fi\/en\/?s={search_term_string}"},"query-input":{"@type":"PropertyValueSpecification","valueRequired":true,"valueName":"search_term_string"}}],"inLanguage":"en-US"},{"@type":"Organization","@id":"https:\/\/biljardi.fi\/en\/#organization","name":"Suomen Biljardimyynti Oy","url":"https:\/\/biljardi.fi\/en\/","logo":{"@type":"ImageObject","inLanguage":"en-US","@id":"https:\/\/biljardi.fi\/en\/#\/schema\/logo\/image\/","url":"https:\/\/biljardi.fi\/wp-content\/uploads\/2025\/10\/logo_uus-1.png","contentUrl":"https:\/\/biljardi.fi\/wp-content\/uploads\/2025\/10\/logo_uus-1.png","width":360,"height":94,"caption":"Suomen Biljardimyynti Oy"},"image":{"@id":"https:\/\/biljardi.fi\/en\/#\/schema\/logo\/image\/"}}]}},"_links":{"self":[{"href":"https:\/\/biljardi.fi\/en\/wp-json\/wp\/v2\/product\/72783","targetHints":{"allow":["GET"]}}],"collection":[{"href":"https:\/\/biljardi.fi\/en\/wp-json\/wp\/v2\/product"}],"about":[{"href":"https:\/\/biljardi.fi\/en\/wp-json\/wp\/v2\/types\/product"}],"replies":[{"embeddable":true,"href":"https:\/\/biljardi.fi\/en\/wp-json\/wp\/v2\/comments?post=72783"}],"wp:featuredmedia":[{"embeddable":true,"href":"https:\/\/biljardi.fi\/en\/wp-json\/wp\/v2\/media\/70968"}],"wp:attachment":[{"href":"https:\/\/biljardi.fi\/en\/wp-json\/wp\/v2\/media?parent=72783"}],"wp:term":[{"taxonomy":"product_brand","embeddable":true,"href":"https:\/\/biljardi.fi\/en\/wp-json\/wp\/v2\/product_brand?post=72783"},{"taxonomy":"product_cat","embeddable":true,"href":"https:\/\/biljardi.fi\/en\/wp-json\/wp\/v2\/product_cat?post=72783"},{"taxonomy":"product_tag","embeddable":true,"href":"https:\/\/biljardi.fi\/en\/wp-json\/wp\/v2\/product_tag?post=72783"},{"taxonomy":"giftcard-category","embeddable":true,"href":"https:\/\/biljardi.fi\/en\/wp-json\/wp\/v2\/giftcard-category?post=72783"}],"curies":[{"name":"wp","href":"https:\/\/api.w.org\/{rel}","templated":true}]}}