{"id":72689,"date":"2026-02-26T11:08:33","date_gmt":"2026-02-26T09:08:33","guid":{"rendered":"https:\/\/biljardi.fi\/tuote\/mezz-cp-26cmk-pool-cue\/"},"modified":"2026-02-26T11:08:33","modified_gmt":"2026-02-26T09:08:33","slug":"mezz-cp-26cmk-pool-cue","status":"publish","type":"product","link":"https:\/\/biljardi.fi\/en\/product\/mezz-cp-26cmk-pool-cue\/","title":{"rendered":"Mezz CP-26CMK Pool Cue"},"content":{"rendered":"<p>Mezz CP-26CMK Pool Cue<\/p>\n<p><span class=\"HwtZe\" lang=\"fi\"><span class=\"jCAhz ChMk0b\"><span class=\"ryNqvb\">Vibrant colors, unmatched performance! <\/span><\/span><\/span><\/p>\n<p><span class=\"HwtZe\" lang=\"fi\"><span class=\"jCAhz ChMk0b\"><span class=\"ryNqvb\">The CP-26 series continues the elegant line of its predecessor, bringing vibrant, modern energy. This new generation of CP cues features lively and bright colors with maple inlays.<\/span><\/span> <span class=\"jCAhz ChMk0b\"><span class=\"ryNqvb\">Beyond visual features, the CP-26 delivers solid and consistent performance.<\/span><\/span> <span class=\"jCAhz ChMk0b\"><span class=\"ryNqvb\">Equipped with the renowned Wavy 2 joint, which ensures the butt and shaft unite as one.<\/span><\/span><\/span><\/p>\n<ul>\n<li>Shaft: WX-\u03a3 12.5mm<\/li>\n<li>Shaft length: 737mm (29.0inch)<\/li>\n<li>Butt length: 737mm (29.0inch)<\/li>\n<li>Tip: Kamui original (S)<\/li>\n<li>Tip ferrule: XJ Powerplate<\/li>\n<li>Joint: Wavy 2<\/li>\n<li>Grip: Irish linen<\/li>\n<li>Weight: 538\u2013552g (19.0\u201319.5oz)<\/li>\n<li>Butt: Composite wood<\/li>\n<\/ul>\n","protected":false},"excerpt":{"rendered":"<p>Mezz CP-26CMK Pool Cue Vibrant colors, unmatched performance! The CP-26 series continues the elegant line of its predecessor, bringing vibrant, modern energy. This new generation of CP cues features lively and bright colors with maple inlays. Beyond visual features, the CP-26 delivers solid and consistent performance. Equipped with the renowned Wavy 2 joint, which ensures [&hellip;]<\/p>\n","protected":false},"featured_media":71199,"comment_status":"open","ping_status":"closed","template":"","meta":[],"product_brand":[],"product_cat":[2071],"product_tag":[2028,2014,2072,2029],"giftcard-category":[],"class_list":{"0":"post-72689","1":"product","2":"type-product","3":"status-publish","4":"has-post-thumbnail","6":"product_cat-pool-cues","7":"product_tag-billiard-cue","8":"product_tag-billiards","9":"product_tag-mezz","10":"product_tag-pool-cue","12":"first","13":"outofstock","14":"taxable","15":"shipping-taxable","16":"purchasable","17":"product-type-simple"},"exclude_global_add_ons":false,"addons":[],"yoast_head":"<!-- This site is optimized with the Yoast SEO plugin v27.6 - https:\/\/yoast.com\/product\/yoast-seo-wordpress\/ -->\n<title>[wpseo_titles]title-Tuote<\/title>\n<meta name=\"description\" content=\"[wpseo_titles]metadesc-Tuote\" \/>\n<meta name=\"robots\" content=\"index, follow, max-snippet:-1, max-image-preview:large, max-video-preview:-1\" \/>\n<link rel=\"canonical\" href=\"https:\/\/biljardi.fi\/en\/product\/mezz-cp-26cmk-pool-cue\/\" \/>\n<meta property=\"og:locale\" content=\"en_US\" \/>\n<meta property=\"og:type\" content=\"article\" \/>\n<meta property=\"og:title\" content=\"[wpseo_titles]title-Tuote\" \/>\n<meta property=\"og:description\" content=\"[wpseo_titles]metadesc-Tuote\" \/>\n<meta property=\"og:url\" content=\"https:\/\/biljardi.fi\/en\/product\/mezz-cp-26cmk-pool-cue\/\" \/>\n<meta property=\"og:site_name\" content=\"Suomen Biljardimyynti Oy\" \/>\n<meta property=\"og:image\" content=\"https:\/\/biljardi.fi\/wp-content\/uploads\/2026\/02\/CP-26CMK.png\" \/>\n\t<meta property=\"og:image:width\" content=\"1920\" \/>\n\t<meta property=\"og:image:height\" content=\"897\" \/>\n\t<meta property=\"og:image:type\" content=\"image\/png\" \/>\n<meta name=\"twitter:card\" content=\"summary_large_image\" \/>\n<script type=\"application\/ld+json\" class=\"yoast-schema-graph\">{\"@context\":\"https:\\\/\\\/schema.org\",\"@graph\":[{\"@type\":\"WebPage\",\"@id\":\"https:\\\/\\\/biljardi.fi\\\/en\\\/product\\\/mezz-cp-26cmk-pool-cue\\\/\",\"url\":\"https:\\\/\\\/biljardi.fi\\\/en\\\/product\\\/mezz-cp-26cmk-pool-cue\\\/\",\"name\":\"[wpseo_titles]title-Tuote\",\"isPartOf\":{\"@id\":\"https:\\\/\\\/biljardi.fi\\\/en\\\/#website\"},\"primaryImageOfPage\":{\"@id\":\"https:\\\/\\\/biljardi.fi\\\/en\\\/product\\\/mezz-cp-26cmk-pool-cue\\\/#primaryimage\"},\"image\":{\"@id\":\"https:\\\/\\\/biljardi.fi\\\/en\\\/product\\\/mezz-cp-26cmk-pool-cue\\\/#primaryimage\"},\"thumbnailUrl\":\"https:\\\/\\\/biljardi.fi\\\/wp-content\\\/uploads\\\/2026\\\/02\\\/CP-26CMK.png\",\"datePublished\":\"2026-02-26T09:08:33+00:00\",\"description\":\"[wpseo_titles]metadesc-Tuote\",\"breadcrumb\":{\"@id\":\"https:\\\/\\\/biljardi.fi\\\/en\\\/product\\\/mezz-cp-26cmk-pool-cue\\\/#breadcrumb\"},\"inLanguage\":\"en-US\",\"potentialAction\":[{\"@type\":\"ReadAction\",\"target\":[\"https:\\\/\\\/biljardi.fi\\\/en\\\/product\\\/mezz-cp-26cmk-pool-cue\\\/\"]}]},{\"@type\":\"ImageObject\",\"inLanguage\":\"en-US\",\"@id\":\"https:\\\/\\\/biljardi.fi\\\/en\\\/product\\\/mezz-cp-26cmk-pool-cue\\\/#primaryimage\",\"url\":\"https:\\\/\\\/biljardi.fi\\\/wp-content\\\/uploads\\\/2026\\\/02\\\/CP-26CMK.png\",\"contentUrl\":\"https:\\\/\\\/biljardi.fi\\\/wp-content\\\/uploads\\\/2026\\\/02\\\/CP-26CMK.png\",\"width\":1920,\"height\":897},{\"@type\":\"BreadcrumbList\",\"@id\":\"https:\\\/\\\/biljardi.fi\\\/en\\\/product\\\/mezz-cp-26cmk-pool-cue\\\/#breadcrumb\",\"itemListElement\":[{\"@type\":\"ListItem\",\"position\":1,\"name\":\"Etusivu\",\"item\":\"https:\\\/\\\/biljardi.fi\\\/en\\\/home\\\/\"},{\"@type\":\"ListItem\",\"position\":2,\"name\":\"Shop\",\"item\":\"https:\\\/\\\/biljardi.fi\\\/en\\\/shop\\\/\"},{\"@type\":\"ListItem\",\"position\":3,\"name\":\"Mezz CP-26CMK Pool Cue\"}]},{\"@type\":\"WebSite\",\"@id\":\"https:\\\/\\\/biljardi.fi\\\/en\\\/#website\",\"url\":\"https:\\\/\\\/biljardi.fi\\\/en\\\/\",\"name\":\"Suomen Biljardimyynti Oy\",\"description\":\"Biljardip\u00f6yd\u00e4t, Biljardi, Darts, Ilmakiekko, P\u00f6yt\u00e4jalkapallo\",\"publisher\":{\"@id\":\"https:\\\/\\\/biljardi.fi\\\/en\\\/#organization\"},\"potentialAction\":[{\"@type\":\"SearchAction\",\"target\":{\"@type\":\"EntryPoint\",\"urlTemplate\":\"https:\\\/\\\/biljardi.fi\\\/en\\\/?s={search_term_string}\"},\"query-input\":{\"@type\":\"PropertyValueSpecification\",\"valueRequired\":true,\"valueName\":\"search_term_string\"}}],\"inLanguage\":\"en-US\"},{\"@type\":\"Organization\",\"@id\":\"https:\\\/\\\/biljardi.fi\\\/en\\\/#organization\",\"name\":\"Suomen Biljardimyynti Oy\",\"url\":\"https:\\\/\\\/biljardi.fi\\\/en\\\/\",\"logo\":{\"@type\":\"ImageObject\",\"inLanguage\":\"en-US\",\"@id\":\"https:\\\/\\\/biljardi.fi\\\/en\\\/#\\\/schema\\\/logo\\\/image\\\/\",\"url\":\"https:\\\/\\\/biljardi.fi\\\/wp-content\\\/uploads\\\/2025\\\/10\\\/logo_uus-1.png\",\"contentUrl\":\"https:\\\/\\\/biljardi.fi\\\/wp-content\\\/uploads\\\/2025\\\/10\\\/logo_uus-1.png\",\"width\":360,\"height\":94,\"caption\":\"Suomen Biljardimyynti Oy\"},\"image\":{\"@id\":\"https:\\\/\\\/biljardi.fi\\\/en\\\/#\\\/schema\\\/logo\\\/image\\\/\"}}]}<\/script>\n<!-- \/ Yoast SEO plugin. -->","yoast_head_json":{"title":"[wpseo_titles]title-Tuote","description":"[wpseo_titles]metadesc-Tuote","robots":{"index":"index","follow":"follow","max-snippet":"max-snippet:-1","max-image-preview":"max-image-preview:large","max-video-preview":"max-video-preview:-1"},"canonical":"https:\/\/biljardi.fi\/en\/product\/mezz-cp-26cmk-pool-cue\/","og_locale":"en_US","og_type":"article","og_title":"[wpseo_titles]title-Tuote","og_description":"[wpseo_titles]metadesc-Tuote","og_url":"https:\/\/biljardi.fi\/en\/product\/mezz-cp-26cmk-pool-cue\/","og_site_name":"Suomen Biljardimyynti Oy","og_image":[{"width":1920,"height":897,"url":"https:\/\/biljardi.fi\/wp-content\/uploads\/2026\/02\/CP-26CMK.png","type":"image\/png"}],"twitter_card":"summary_large_image","schema":{"@context":"https:\/\/schema.org","@graph":[{"@type":"WebPage","@id":"https:\/\/biljardi.fi\/en\/product\/mezz-cp-26cmk-pool-cue\/","url":"https:\/\/biljardi.fi\/en\/product\/mezz-cp-26cmk-pool-cue\/","name":"[wpseo_titles]title-Tuote","isPartOf":{"@id":"https:\/\/biljardi.fi\/en\/#website"},"primaryImageOfPage":{"@id":"https:\/\/biljardi.fi\/en\/product\/mezz-cp-26cmk-pool-cue\/#primaryimage"},"image":{"@id":"https:\/\/biljardi.fi\/en\/product\/mezz-cp-26cmk-pool-cue\/#primaryimage"},"thumbnailUrl":"https:\/\/biljardi.fi\/wp-content\/uploads\/2026\/02\/CP-26CMK.png","datePublished":"2026-02-26T09:08:33+00:00","description":"[wpseo_titles]metadesc-Tuote","breadcrumb":{"@id":"https:\/\/biljardi.fi\/en\/product\/mezz-cp-26cmk-pool-cue\/#breadcrumb"},"inLanguage":"en-US","potentialAction":[{"@type":"ReadAction","target":["https:\/\/biljardi.fi\/en\/product\/mezz-cp-26cmk-pool-cue\/"]}]},{"@type":"ImageObject","inLanguage":"en-US","@id":"https:\/\/biljardi.fi\/en\/product\/mezz-cp-26cmk-pool-cue\/#primaryimage","url":"https:\/\/biljardi.fi\/wp-content\/uploads\/2026\/02\/CP-26CMK.png","contentUrl":"https:\/\/biljardi.fi\/wp-content\/uploads\/2026\/02\/CP-26CMK.png","width":1920,"height":897},{"@type":"BreadcrumbList","@id":"https:\/\/biljardi.fi\/en\/product\/mezz-cp-26cmk-pool-cue\/#breadcrumb","itemListElement":[{"@type":"ListItem","position":1,"name":"Etusivu","item":"https:\/\/biljardi.fi\/en\/home\/"},{"@type":"ListItem","position":2,"name":"Shop","item":"https:\/\/biljardi.fi\/en\/shop\/"},{"@type":"ListItem","position":3,"name":"Mezz CP-26CMK Pool Cue"}]},{"@type":"WebSite","@id":"https:\/\/biljardi.fi\/en\/#website","url":"https:\/\/biljardi.fi\/en\/","name":"Suomen Biljardimyynti Oy","description":"Biljardip\u00f6yd\u00e4t, Biljardi, Darts, Ilmakiekko, P\u00f6yt\u00e4jalkapallo","publisher":{"@id":"https:\/\/biljardi.fi\/en\/#organization"},"potentialAction":[{"@type":"SearchAction","target":{"@type":"EntryPoint","urlTemplate":"https:\/\/biljardi.fi\/en\/?s={search_term_string}"},"query-input":{"@type":"PropertyValueSpecification","valueRequired":true,"valueName":"search_term_string"}}],"inLanguage":"en-US"},{"@type":"Organization","@id":"https:\/\/biljardi.fi\/en\/#organization","name":"Suomen Biljardimyynti Oy","url":"https:\/\/biljardi.fi\/en\/","logo":{"@type":"ImageObject","inLanguage":"en-US","@id":"https:\/\/biljardi.fi\/en\/#\/schema\/logo\/image\/","url":"https:\/\/biljardi.fi\/wp-content\/uploads\/2025\/10\/logo_uus-1.png","contentUrl":"https:\/\/biljardi.fi\/wp-content\/uploads\/2025\/10\/logo_uus-1.png","width":360,"height":94,"caption":"Suomen Biljardimyynti Oy"},"image":{"@id":"https:\/\/biljardi.fi\/en\/#\/schema\/logo\/image\/"}}]}},"_links":{"self":[{"href":"https:\/\/biljardi.fi\/en\/wp-json\/wp\/v2\/product\/72689","targetHints":{"allow":["GET"]}}],"collection":[{"href":"https:\/\/biljardi.fi\/en\/wp-json\/wp\/v2\/product"}],"about":[{"href":"https:\/\/biljardi.fi\/en\/wp-json\/wp\/v2\/types\/product"}],"replies":[{"embeddable":true,"href":"https:\/\/biljardi.fi\/en\/wp-json\/wp\/v2\/comments?post=72689"}],"wp:featuredmedia":[{"embeddable":true,"href":"https:\/\/biljardi.fi\/en\/wp-json\/wp\/v2\/media\/71199"}],"wp:attachment":[{"href":"https:\/\/biljardi.fi\/en\/wp-json\/wp\/v2\/media?parent=72689"}],"wp:term":[{"taxonomy":"product_brand","embeddable":true,"href":"https:\/\/biljardi.fi\/en\/wp-json\/wp\/v2\/product_brand?post=72689"},{"taxonomy":"product_cat","embeddable":true,"href":"https:\/\/biljardi.fi\/en\/wp-json\/wp\/v2\/product_cat?post=72689"},{"taxonomy":"product_tag","embeddable":true,"href":"https:\/\/biljardi.fi\/en\/wp-json\/wp\/v2\/product_tag?post=72689"},{"taxonomy":"giftcard-category","embeddable":true,"href":"https:\/\/biljardi.fi\/en\/wp-json\/wp\/v2\/giftcard-category?post=72689"}],"curies":[{"name":"wp","href":"https:\/\/api.w.org\/{rel}","templated":true}]}}