{"id":72576,"date":"2018-09-28T23:32:53","date_gmt":"2018-09-28T20:32:53","guid":{"rendered":"https:\/\/biljardi.fi\/tuote\/olhausen-chicago-7-8-8%c2%bd-9-pool-table\/"},"modified":"2018-09-28T23:32:53","modified_gmt":"2018-09-28T20:32:53","slug":"olhausen-chicago-7-8-8%c2%bd-9-pool-table","status":"publish","type":"product","link":"https:\/\/biljardi.fi\/en\/product\/olhausen-chicago-7-8-8%c2%bd-9-pool-table\/","title":{"rendered":"Olhausen Chicago 7&#8242;, 8&#8242;, 8\u00bd&#8217;, 9&#8242; Pool Table"},"content":{"rendered":"<p>Olhausen Chicago 7&#8242;, 8&#8242;, 8\u00bd&#8217;, 9&#8242; pool table.<\/p>\n<p>Olhausen is a legendary American billiards brand whose pool tables, meeting extremely high quality standards, are suitable for the most demanding users. All Olhausen tables are manufactured in the United States, and the brand has earned the title &#8220;The Best in Billiards!&#8221; in the USA through decades of experience, quality, selection, and service.  <strong>Suomen Biljardimyynti Oy is the only authorized representative of Olhausen pool tables in Finland.<\/strong><\/p>\n<p>Olhausen&#8217;s finish and materials are top-class. The supporting structure is solid hardwood and the precision-ground slate is 3-piece and 25 mm thick. The slate in Olhausen tables is always genuine Italian slate. The tables come with a lifetime warranty.   <\/p>\n<p>Price for the configuration shown. Some color and material choices may affect the price. You can customize your table&#8217;s details by designing it on Olhausen&#8217;s <span style=\"color: #0000ff;\"><a style=\"color: #0000ff;\" href=\"https:\/\/www.olhausenbilliards.com\/builder-models\/\">design page<\/a>,<\/span> where you&#8217;ll also find other table models.  <\/p>\n<p>Game accessory packages <span style=\"color: #0000ff;\"><a style=\"color: #0000ff;\" href=\"http:\/\/www.suomenbiljardimyynti.fi\/images\/Varustepaketit.htm\">contents<\/a>.<\/span><\/p>\n<p>Simonis 760\/860 cloth <span style=\"color: #0000ff;\"><a style=\"color: #0000ff;\" href=\"http:\/\/www.simoniscloth.com\/simonis-styles\">color options<\/a><strong>.<\/strong><\/span><\/p>\n","protected":false},"excerpt":{"rendered":"<p>Olhausen Chicago 7&#8242;, 8&#8242;, 8\u00bd&#8217;, 9&#8242; pool table. Olhausen is a legendary American billiards brand whose pool tables, meeting extremely high quality standards, are suitable for the most demanding users. All Olhausen tables are manufactured in the United States, and the brand has earned the title &#8220;The Best in Billiards!&#8221; in the USA through decades [&hellip;]<\/p>\n","protected":false},"featured_media":47790,"comment_status":"open","ping_status":"closed","template":"","meta":[],"product_brand":[],"product_cat":[2011,2013,2025,2012],"product_tag":[2015,2016,2014,2143,2017],"giftcard-category":[],"class_list":{"0":"post-72576","1":"product","2":"type-product","3":"status-publish","4":"has-post-thumbnail","6":"product_cat-billiards","7":"product_cat-pool-tables","8":"product_cat-pool-tables-2","9":"product_cat-slate-tables","10":"product_tag-billiard-sales","11":"product_tag-billiard-table","12":"product_tag-billiards","13":"product_tag-brunswick","14":"product_tag-olhausen","15":"pa_koko-2024","16":"pa_koko-2001","17":"pa_koko-2002","18":"pa_koko-2003","19":"pa_vari-black","20":"pa_vari-brown","21":"pa_vari-gray","22":"pa_vari-green","23":"pa_vari-red","24":"pa_vari-white","25":"pa_vari-yellow","27":"first","28":"onbackorder","29":"taxable","30":"shipping-taxable","31":"purchasable","32":"product-type-simple"},"exclude_global_add_ons":false,"addons":[{"name":"Size","type":"multiple_choice","position":0,"required":false,"title_format":"heading","default":"","description_enable":false,"description":null,"placeholder_enable":false,"placeholder":null,"display":"select","restrictions_type":"any_text","adjust_price":false,"price":"","price_type":"flat_fee","restrictions":false,"min":"0","max":"0","options":[{"label":"7'","price":"","price_type":"quantity_based","image":0,"visibility":true},{"label":"8'","price":"200","price_type":"quantity_based","image":0,"visibility":true},{"label":"8\u00bd'","price":"600","price_type":"quantity_based","image":0,"visibility":true},{"label":"9'","price":"1000","price_type":"quantity_based","image":0,"visibility":true}]}],"yoast_head":"<!-- This site is optimized with the Yoast SEO plugin v27.6 - https:\/\/yoast.com\/product\/yoast-seo-wordpress\/ -->\n<title>[wpseo_titles]title-Tuote<\/title>\n<meta name=\"description\" content=\"[wpseo_titles]metadesc-Tuote\" \/>\n<meta name=\"robots\" content=\"index, follow, max-snippet:-1, max-image-preview:large, max-video-preview:-1\" \/>\n<link rel=\"canonical\" href=\"https:\/\/biljardi.fi\/en\/product\/olhausen-chicago-7-8-8%c2%bd-9-pool-table\/\" \/>\n<meta property=\"og:locale\" content=\"en_US\" \/>\n<meta property=\"og:type\" content=\"article\" \/>\n<meta property=\"og:title\" content=\"[wpseo_titles]title-Tuote\" \/>\n<meta property=\"og:description\" content=\"[wpseo_titles]metadesc-Tuote\" \/>\n<meta property=\"og:url\" content=\"https:\/\/biljardi.fi\/en\/product\/olhausen-chicago-7-8-8%c2%bd-9-pool-table\/\" \/>\n<meta property=\"og:site_name\" content=\"Suomen Biljardimyynti Oy\" \/>\n<meta property=\"og:image\" content=\"https:\/\/biljardi.fi\/wp-content\/uploads\/2005\/09\/Chicago.png\" \/>\n\t<meta property=\"og:image:width\" content=\"1800\" \/>\n\t<meta property=\"og:image:height\" content=\"850\" \/>\n\t<meta property=\"og:image:type\" content=\"image\/png\" \/>\n<meta name=\"twitter:card\" content=\"summary_large_image\" \/>\n<meta name=\"twitter:label1\" content=\"Est. reading time\" \/>\n\t<meta name=\"twitter:data1\" content=\"1 minute\" \/>\n<script type=\"application\/ld+json\" class=\"yoast-schema-graph\">{\"@context\":\"https:\\\/\\\/schema.org\",\"@graph\":[{\"@type\":\"WebPage\",\"@id\":\"https:\\\/\\\/biljardi.fi\\\/en\\\/product\\\/olhausen-chicago-7-8-8%c2%bd-9-pool-table\\\/\",\"url\":\"https:\\\/\\\/biljardi.fi\\\/en\\\/product\\\/olhausen-chicago-7-8-8%c2%bd-9-pool-table\\\/\",\"name\":\"[wpseo_titles]title-Tuote\",\"isPartOf\":{\"@id\":\"https:\\\/\\\/biljardi.fi\\\/en\\\/#website\"},\"primaryImageOfPage\":{\"@id\":\"https:\\\/\\\/biljardi.fi\\\/en\\\/product\\\/olhausen-chicago-7-8-8%c2%bd-9-pool-table\\\/#primaryimage\"},\"image\":{\"@id\":\"https:\\\/\\\/biljardi.fi\\\/en\\\/product\\\/olhausen-chicago-7-8-8%c2%bd-9-pool-table\\\/#primaryimage\"},\"thumbnailUrl\":\"https:\\\/\\\/biljardi.fi\\\/wp-content\\\/uploads\\\/2005\\\/09\\\/Chicago.png\",\"datePublished\":\"2018-09-28T20:32:53+00:00\",\"description\":\"[wpseo_titles]metadesc-Tuote\",\"breadcrumb\":{\"@id\":\"https:\\\/\\\/biljardi.fi\\\/en\\\/product\\\/olhausen-chicago-7-8-8%c2%bd-9-pool-table\\\/#breadcrumb\"},\"inLanguage\":\"en-US\",\"potentialAction\":[{\"@type\":\"ReadAction\",\"target\":[\"https:\\\/\\\/biljardi.fi\\\/en\\\/product\\\/olhausen-chicago-7-8-8%c2%bd-9-pool-table\\\/\"]}]},{\"@type\":\"ImageObject\",\"inLanguage\":\"en-US\",\"@id\":\"https:\\\/\\\/biljardi.fi\\\/en\\\/product\\\/olhausen-chicago-7-8-8%c2%bd-9-pool-table\\\/#primaryimage\",\"url\":\"https:\\\/\\\/biljardi.fi\\\/wp-content\\\/uploads\\\/2005\\\/09\\\/Chicago.png\",\"contentUrl\":\"https:\\\/\\\/biljardi.fi\\\/wp-content\\\/uploads\\\/2005\\\/09\\\/Chicago.png\",\"width\":1800,\"height\":850},{\"@type\":\"BreadcrumbList\",\"@id\":\"https:\\\/\\\/biljardi.fi\\\/en\\\/product\\\/olhausen-chicago-7-8-8%c2%bd-9-pool-table\\\/#breadcrumb\",\"itemListElement\":[{\"@type\":\"ListItem\",\"position\":1,\"name\":\"Etusivu\",\"item\":\"https:\\\/\\\/biljardi.fi\\\/en\\\/home\\\/\"},{\"@type\":\"ListItem\",\"position\":2,\"name\":\"Shop\",\"item\":\"https:\\\/\\\/biljardi.fi\\\/en\\\/shop\\\/\"},{\"@type\":\"ListItem\",\"position\":3,\"name\":\"Olhausen Chicago 7&#8242;, 8&#8242;, 8\u00bd&#8217;, 9&#8242; Pool Table\"}]},{\"@type\":\"WebSite\",\"@id\":\"https:\\\/\\\/biljardi.fi\\\/en\\\/#website\",\"url\":\"https:\\\/\\\/biljardi.fi\\\/en\\\/\",\"name\":\"Suomen Biljardimyynti Oy\",\"description\":\"Biljardip\u00f6yd\u00e4t, Biljardi, Darts, Ilmakiekko, P\u00f6yt\u00e4jalkapallo\",\"publisher\":{\"@id\":\"https:\\\/\\\/biljardi.fi\\\/en\\\/#organization\"},\"potentialAction\":[{\"@type\":\"SearchAction\",\"target\":{\"@type\":\"EntryPoint\",\"urlTemplate\":\"https:\\\/\\\/biljardi.fi\\\/en\\\/?s={search_term_string}\"},\"query-input\":{\"@type\":\"PropertyValueSpecification\",\"valueRequired\":true,\"valueName\":\"search_term_string\"}}],\"inLanguage\":\"en-US\"},{\"@type\":\"Organization\",\"@id\":\"https:\\\/\\\/biljardi.fi\\\/en\\\/#organization\",\"name\":\"Suomen Biljardimyynti Oy\",\"url\":\"https:\\\/\\\/biljardi.fi\\\/en\\\/\",\"logo\":{\"@type\":\"ImageObject\",\"inLanguage\":\"en-US\",\"@id\":\"https:\\\/\\\/biljardi.fi\\\/en\\\/#\\\/schema\\\/logo\\\/image\\\/\",\"url\":\"https:\\\/\\\/biljardi.fi\\\/wp-content\\\/uploads\\\/2025\\\/10\\\/logo_uus-1.png\",\"contentUrl\":\"https:\\\/\\\/biljardi.fi\\\/wp-content\\\/uploads\\\/2025\\\/10\\\/logo_uus-1.png\",\"width\":360,\"height\":94,\"caption\":\"Suomen Biljardimyynti Oy\"},\"image\":{\"@id\":\"https:\\\/\\\/biljardi.fi\\\/en\\\/#\\\/schema\\\/logo\\\/image\\\/\"}}]}<\/script>\n<!-- \/ Yoast SEO plugin. -->","yoast_head_json":{"title":"[wpseo_titles]title-Tuote","description":"[wpseo_titles]metadesc-Tuote","robots":{"index":"index","follow":"follow","max-snippet":"max-snippet:-1","max-image-preview":"max-image-preview:large","max-video-preview":"max-video-preview:-1"},"canonical":"https:\/\/biljardi.fi\/en\/product\/olhausen-chicago-7-8-8%c2%bd-9-pool-table\/","og_locale":"en_US","og_type":"article","og_title":"[wpseo_titles]title-Tuote","og_description":"[wpseo_titles]metadesc-Tuote","og_url":"https:\/\/biljardi.fi\/en\/product\/olhausen-chicago-7-8-8%c2%bd-9-pool-table\/","og_site_name":"Suomen Biljardimyynti Oy","og_image":[{"width":1800,"height":850,"url":"https:\/\/biljardi.fi\/wp-content\/uploads\/2005\/09\/Chicago.png","type":"image\/png"}],"twitter_card":"summary_large_image","twitter_misc":{"Est. reading time":"1 minute"},"schema":{"@context":"https:\/\/schema.org","@graph":[{"@type":"WebPage","@id":"https:\/\/biljardi.fi\/en\/product\/olhausen-chicago-7-8-8%c2%bd-9-pool-table\/","url":"https:\/\/biljardi.fi\/en\/product\/olhausen-chicago-7-8-8%c2%bd-9-pool-table\/","name":"[wpseo_titles]title-Tuote","isPartOf":{"@id":"https:\/\/biljardi.fi\/en\/#website"},"primaryImageOfPage":{"@id":"https:\/\/biljardi.fi\/en\/product\/olhausen-chicago-7-8-8%c2%bd-9-pool-table\/#primaryimage"},"image":{"@id":"https:\/\/biljardi.fi\/en\/product\/olhausen-chicago-7-8-8%c2%bd-9-pool-table\/#primaryimage"},"thumbnailUrl":"https:\/\/biljardi.fi\/wp-content\/uploads\/2005\/09\/Chicago.png","datePublished":"2018-09-28T20:32:53+00:00","description":"[wpseo_titles]metadesc-Tuote","breadcrumb":{"@id":"https:\/\/biljardi.fi\/en\/product\/olhausen-chicago-7-8-8%c2%bd-9-pool-table\/#breadcrumb"},"inLanguage":"en-US","potentialAction":[{"@type":"ReadAction","target":["https:\/\/biljardi.fi\/en\/product\/olhausen-chicago-7-8-8%c2%bd-9-pool-table\/"]}]},{"@type":"ImageObject","inLanguage":"en-US","@id":"https:\/\/biljardi.fi\/en\/product\/olhausen-chicago-7-8-8%c2%bd-9-pool-table\/#primaryimage","url":"https:\/\/biljardi.fi\/wp-content\/uploads\/2005\/09\/Chicago.png","contentUrl":"https:\/\/biljardi.fi\/wp-content\/uploads\/2005\/09\/Chicago.png","width":1800,"height":850},{"@type":"BreadcrumbList","@id":"https:\/\/biljardi.fi\/en\/product\/olhausen-chicago-7-8-8%c2%bd-9-pool-table\/#breadcrumb","itemListElement":[{"@type":"ListItem","position":1,"name":"Etusivu","item":"https:\/\/biljardi.fi\/en\/home\/"},{"@type":"ListItem","position":2,"name":"Shop","item":"https:\/\/biljardi.fi\/en\/shop\/"},{"@type":"ListItem","position":3,"name":"Olhausen Chicago 7&#8242;, 8&#8242;, 8\u00bd&#8217;, 9&#8242; Pool Table"}]},{"@type":"WebSite","@id":"https:\/\/biljardi.fi\/en\/#website","url":"https:\/\/biljardi.fi\/en\/","name":"Suomen Biljardimyynti Oy","description":"Biljardip\u00f6yd\u00e4t, Biljardi, Darts, Ilmakiekko, P\u00f6yt\u00e4jalkapallo","publisher":{"@id":"https:\/\/biljardi.fi\/en\/#organization"},"potentialAction":[{"@type":"SearchAction","target":{"@type":"EntryPoint","urlTemplate":"https:\/\/biljardi.fi\/en\/?s={search_term_string}"},"query-input":{"@type":"PropertyValueSpecification","valueRequired":true,"valueName":"search_term_string"}}],"inLanguage":"en-US"},{"@type":"Organization","@id":"https:\/\/biljardi.fi\/en\/#organization","name":"Suomen Biljardimyynti Oy","url":"https:\/\/biljardi.fi\/en\/","logo":{"@type":"ImageObject","inLanguage":"en-US","@id":"https:\/\/biljardi.fi\/en\/#\/schema\/logo\/image\/","url":"https:\/\/biljardi.fi\/wp-content\/uploads\/2025\/10\/logo_uus-1.png","contentUrl":"https:\/\/biljardi.fi\/wp-content\/uploads\/2025\/10\/logo_uus-1.png","width":360,"height":94,"caption":"Suomen Biljardimyynti Oy"},"image":{"@id":"https:\/\/biljardi.fi\/en\/#\/schema\/logo\/image\/"}}]}},"_links":{"self":[{"href":"https:\/\/biljardi.fi\/en\/wp-json\/wp\/v2\/product\/72576","targetHints":{"allow":["GET"]}}],"collection":[{"href":"https:\/\/biljardi.fi\/en\/wp-json\/wp\/v2\/product"}],"about":[{"href":"https:\/\/biljardi.fi\/en\/wp-json\/wp\/v2\/types\/product"}],"replies":[{"embeddable":true,"href":"https:\/\/biljardi.fi\/en\/wp-json\/wp\/v2\/comments?post=72576"}],"wp:featuredmedia":[{"embeddable":true,"href":"https:\/\/biljardi.fi\/en\/wp-json\/wp\/v2\/media\/47790"}],"wp:attachment":[{"href":"https:\/\/biljardi.fi\/en\/wp-json\/wp\/v2\/media?parent=72576"}],"wp:term":[{"taxonomy":"product_brand","embeddable":true,"href":"https:\/\/biljardi.fi\/en\/wp-json\/wp\/v2\/product_brand?post=72576"},{"taxonomy":"product_cat","embeddable":true,"href":"https:\/\/biljardi.fi\/en\/wp-json\/wp\/v2\/product_cat?post=72576"},{"taxonomy":"product_tag","embeddable":true,"href":"https:\/\/biljardi.fi\/en\/wp-json\/wp\/v2\/product_tag?post=72576"},{"taxonomy":"giftcard-category","embeddable":true,"href":"https:\/\/biljardi.fi\/en\/wp-json\/wp\/v2\/giftcard-category?post=72576"}],"curies":[{"name":"wp","href":"https:\/\/api.w.org\/{rel}","templated":true}]}}