{"id":72452,"date":"2017-05-11T22:23:49","date_gmt":"2017-05-11T22:23:49","guid":{"rendered":"https:\/\/biljardi.fi\/tuote\/deko-royal-10-carom-table\/"},"modified":"2017-05-11T22:23:49","modified_gmt":"2017-05-11T19:23:49","slug":"deko-royal-10-carom-table","status":"publish","type":"product","link":"https:\/\/biljardi.fi\/en\/tuote\/deko-royal-10-carom-table\/","title":{"rendered":"Deko Royal 10&#8242; Carom Table"},"content":{"rendered":"<p>Deko Royal 10&#8242; carom table. The world&#8217;s best carom table! <\/p>\n<p>Deko Royal is the official tournament table for the carom world championships. <strong>Deko carom table meets the latest competition standards.<\/strong><\/p>\n<p>Frame is solid birch. Rail wood options: birch, ash, and oak. Artemis rail rubbers, Italian slate and stone adjustment screws. Strong steel rods inside the legs for structural reinforcement.   <\/p>\n<p>Price includes Simonis 760 cloth.<\/p>\n<p>Suomen Biljardimyynti Oy is the official representative of Deko carom tables in Finland.<\/p>\n<p>Deko Royal is manufactured in the EU.<\/p>\n<p><strong>Display table available to view and test in our store.<\/strong><\/p>\n","protected":false},"excerpt":{"rendered":"<p>Deko Royal 10&#8242; carom table. The world&#8217;s best carom table! Deko Royal is the official tournament table for the carom world championships. Deko carom table meets the latest competition standards. Frame is solid birch. Rail wood options: birch, ash, and oak. Artemis rail rubbers, Italian slate and stone adjustment screws. Strong steel rods inside the [&hellip;]<\/p>\n","protected":false},"featured_media":50759,"comment_status":"open","ping_status":"closed","template":"","meta":{"_improvement_type_select":"improve_an_existing","_thumb_yes_seoaic":false,"_frame_yes_seoaic":false,"seoaic_generate_description":"","seoaic_improve_instructions_prompt":"","seoaic_rollback_content_improvement":"","seoaic_idea_thumbnail_generator":"","thumbnail_generated":false,"thumbnail_generate_prompt":"","seoaic_article_description":""},"product_brand":[],"product_cat":[2011,2025,2169,2039],"product_tag":[2015,2016,2014,2052,2170],"giftcard-category":[],"class_list":{"0":"post-72452","1":"product","2":"type-product","3":"status-publish","4":"has-post-thumbnail","6":"product_cat-billiards","7":"product_cat-pool-tables-2","8":"product_cat-pyramid-carom-tables","9":"product_cat-tournament-tables","10":"product_tag-billiard-sales","11":"product_tag-billiard-table","12":"product_tag-billiards","13":"product_tag-billiards-2","14":"product_tag-deko","15":"pa_koko-2048","16":"pa_vari-black","17":"pa_vari-brown","18":"pa_vari-gray","19":"pa_vari-green","20":"pa_vari-red","21":"pa_vari-white","22":"pa_vari-yellow","24":"first","25":"onbackorder","26":"taxable","27":"shipping-taxable","28":"purchasable","29":"product-type-simple"},"exclude_global_add_ons":true,"addons":[{"name":"Leg Model","type":"multiple_choice","position":0,"required":false,"title_format":"heading","default":"","description_enable":false,"description":null,"placeholder_enable":false,"placeholder":null,"display":"select","restrictions_type":"any_text","adjust_price":false,"price":"","price_type":"flat_fee","restrictions":false,"min":"0","max":"0","options":[{"label":"","price":"","price_type":"flat_fee","image":0,"visibility":true},{"label":"","price":"","price_type":"flat_fee","image":0,"visibility":true},{"label":"13 (Legs and frame decorated)","price":"799","price_type":"flat_fee","image":0,"visibility":true}]},{"name":"Leveler Model","type":"multiple_choice","position":1,"required":false,"title_format":"heading","default":"","description_enable":false,"description":null,"placeholder_enable":false,"placeholder":null,"display":"select","restrictions_type":"any_text","adjust_price":false,"price":"","price_type":"flat_fee","restrictions":false,"min":"0","max":"0","options":[{"label":"B (black metal)","price":"","price_type":"flat_fee","image":0,"visibility":true},{"label":"C (brass colored metal) (discontinued)","price":"","price_type":"flat_fee","image":0,"visibility":true},{"label":"D (frame colored wood)","price":"","price_type":"flat_fee","image":0,"visibility":true}]},{"name":"Ball Returns and Rails","type":"multiple_choice","position":2,"required":false,"title_format":"heading","default":"","description_enable":false,"description":null,"placeholder_enable":false,"placeholder":null,"display":"select","restrictions_type":"any_text","adjust_price":false,"price":"","price_type":"flat_fee","restrictions":false,"min":"0","max":"0","options":[{"label":"OT68 (black leather\/black rail)","price":"","price_type":"flat_fee","image":0,"visibility":true},{"label":"OTA68 (black leather\/brass rail)","price":"","price_type":"flat_fee","image":0,"visibility":true},{"label":"OSA68 (light leather\/brass rail)","price":"","price_type":"flat_fee","image":0,"visibility":true},{"label":"OS68 (light leather\/black rail)","price":"","price_type":"flat_fee","image":0,"visibility":true}]},{"name":"Rail Corners","type":"multiple_choice","position":3,"required":false,"title_format":"heading","default":"","description_enable":false,"description":null,"placeholder_enable":false,"placeholder":null,"display":"select","restrictions_type":"any_text","adjust_price":false,"price":"","price_type":"flat_fee","restrictions":false,"min":"0","max":"0","options":[{"label":"P2T","price":"","price_type":"quantity_based","image":0,"visibility":true},{"label":"P2S","price":"","price_type":"quantity_based","image":0,"visibility":true},{"label":"P6T","price":"","price_type":"quantity_based","image":0,"visibility":true},{"label":"P6S","price":"","price_type":"quantity_based","image":0,"visibility":true}]},{"name":"Rail Material","type":"multiple_choice","position":4,"required":false,"title_format":"heading","default":"","description_enable":true,"description":"Rail material options. Rest of frame always birch. ","placeholder_enable":false,"placeholder":null,"display":"select","restrictions_type":"any_text","adjust_price":false,"price":"","price_type":"flat_fee","restrictions":false,"min":"0","max":"0","options":[{"label":"Birch","price":"","price_type":"quantity_based","image":0,"visibility":true},{"label":"Ash","price":"299","price_type":"quantity_based","image":0,"visibility":true},{"label":"Oak","price":"499","price_type":"quantity_based","image":0,"visibility":true}]},{"name":"Frame Two-Tone","type":"checkbox","position":5,"required":false,"title_format":"heading","default":"","description_enable":true,"description":null,"placeholder_enable":false,"placeholder":null,"display":"select","restrictions_type":"any_text","adjust_price":false,"price":"","price_type":"flat_fee","restrictions":false,"min":"0","max":"0","options":[{"label":"Two-Tone","price":"299","price_type":"flat_fee","image":0,"visibility":true}]},{"name":"Frame Color","type":"custom_text","position":6,"required":true,"title_format":"heading","default":"","description_enable":true,"description":"Select from the color chart in the image gallery. If you selected two-tone, choose two colors. 1. Rails and trim 2. frame and legs (See image).   ","placeholder_enable":false,"placeholder":null,"display":"select","restrictions_type":"only_letters_numbers","adjust_price":false,"price":"","price_type":"quantity_based","restrictions":true,"min":"1","max":"10","options":[]}],"yoast_head":"<!-- This site is optimized with the Yoast SEO plugin v27.3 - https:\/\/yoast.com\/product\/yoast-seo-wordpress\/ -->\n<title>[wpseo_titles]title-Tuote<\/title>\n<meta name=\"robots\" content=\"index, follow, max-snippet:-1, max-image-preview:large, max-video-preview:-1\" \/>\n<link rel=\"canonical\" href=\"https:\/\/biljardi.fi\/en\/tuote\/deko-royal-10-carom-table\/\" \/>\n<meta property=\"og:locale\" content=\"en_US\" \/>\n<meta property=\"og:type\" content=\"article\" \/>\n<meta property=\"og:title\" content=\"[wpseo_titles]title-Tuote\" \/>\n<meta property=\"og:description\" content=\"Deko Royal 10&#8242; carom table. The world&#8217;s best carom table! Deko Royal is the official tournament table for the carom world championships. Deko carom table meets the latest competition standards. Frame is solid birch. Rail wood options: birch, ash, and oak. Artemis rail rubbers, Italian slate and stone adjustment screws. Strong steel rods inside the [&hellip;]\" \/>\n<meta property=\"og:url\" content=\"https:\/\/biljardi.fi\/en\/tuote\/deko-royal-10-carom-table\/\" \/>\n<meta property=\"og:site_name\" content=\"Suomen Biljardimyynti Oy\" \/>\n<meta property=\"og:image\" content=\"https:\/\/biljardi.fi\/wp-content\/uploads\/2017\/05\/Kaiza.jpg\" \/>\n\t<meta property=\"og:image:width\" content=\"924\" \/>\n\t<meta property=\"og:image:height\" content=\"576\" \/>\n\t<meta property=\"og:image:type\" content=\"image\/jpeg\" \/>\n<meta name=\"twitter:card\" content=\"summary_large_image\" \/>\n<script type=\"application\/ld+json\" class=\"yoast-schema-graph\">{\"@context\":\"https:\\\/\\\/schema.org\",\"@graph\":[{\"@type\":\"WebPage\",\"@id\":\"https:\\\/\\\/biljardi.fi\\\/en\\\/tuote\\\/deko-royal-10-carom-table\\\/\",\"url\":\"https:\\\/\\\/biljardi.fi\\\/en\\\/tuote\\\/deko-royal-10-carom-table\\\/\",\"name\":\"[wpseo_titles]title-Tuote\",\"isPartOf\":{\"@id\":\"https:\\\/\\\/biljardi.fi\\\/en\\\/#website\"},\"primaryImageOfPage\":{\"@id\":\"https:\\\/\\\/biljardi.fi\\\/en\\\/tuote\\\/deko-royal-10-carom-table\\\/#primaryimage\"},\"image\":{\"@id\":\"https:\\\/\\\/biljardi.fi\\\/en\\\/tuote\\\/deko-royal-10-carom-table\\\/#primaryimage\"},\"thumbnailUrl\":\"https:\\\/\\\/biljardi.fi\\\/wp-content\\\/uploads\\\/2017\\\/05\\\/Kaiza.jpg\",\"datePublished\":\"2017-05-11T22:23:49+00:00\",\"breadcrumb\":{\"@id\":\"https:\\\/\\\/biljardi.fi\\\/en\\\/tuote\\\/deko-royal-10-carom-table\\\/#breadcrumb\"},\"inLanguage\":\"en-US\",\"potentialAction\":[{\"@type\":\"ReadAction\",\"target\":[\"https:\\\/\\\/biljardi.fi\\\/en\\\/tuote\\\/deko-royal-10-carom-table\\\/\"]}]},{\"@type\":\"ImageObject\",\"inLanguage\":\"en-US\",\"@id\":\"https:\\\/\\\/biljardi.fi\\\/en\\\/tuote\\\/deko-royal-10-carom-table\\\/#primaryimage\",\"url\":\"https:\\\/\\\/biljardi.fi\\\/wp-content\\\/uploads\\\/2017\\\/05\\\/Kaiza.jpg\",\"contentUrl\":\"https:\\\/\\\/biljardi.fi\\\/wp-content\\\/uploads\\\/2017\\\/05\\\/Kaiza.jpg\",\"width\":924,\"height\":576},{\"@type\":\"BreadcrumbList\",\"@id\":\"https:\\\/\\\/biljardi.fi\\\/en\\\/tuote\\\/deko-royal-10-carom-table\\\/#breadcrumb\",\"itemListElement\":[{\"@type\":\"ListItem\",\"position\":1,\"name\":\"Home\",\"item\":\"https:\\\/\\\/biljardi.fi\\\/en\\\/home\\\/\"},{\"@type\":\"ListItem\",\"position\":2,\"name\":\"Shop\",\"item\":\"https:\\\/\\\/biljardi.fi\\\/en\\\/shop\\\/\"},{\"@type\":\"ListItem\",\"position\":3,\"name\":\"Deko Royal 10&#8242; Carom Table\"}]},{\"@type\":\"WebSite\",\"@id\":\"https:\\\/\\\/biljardi.fi\\\/en\\\/#website\",\"url\":\"https:\\\/\\\/biljardi.fi\\\/en\\\/\",\"name\":\"Suomen Biljardimyynti Oy\",\"description\":\"Biljardip\u00f6yd\u00e4t, Biljardi, Darts, Ilmakiekko, P\u00f6yt\u00e4jalkapallo\",\"publisher\":{\"@id\":\"https:\\\/\\\/biljardi.fi\\\/en\\\/#organization\"},\"potentialAction\":[{\"@type\":\"SearchAction\",\"target\":{\"@type\":\"EntryPoint\",\"urlTemplate\":\"https:\\\/\\\/biljardi.fi\\\/en\\\/?s={search_term_string}\"},\"query-input\":{\"@type\":\"PropertyValueSpecification\",\"valueRequired\":true,\"valueName\":\"search_term_string\"}}],\"inLanguage\":\"en-US\"},{\"@type\":\"Organization\",\"@id\":\"https:\\\/\\\/biljardi.fi\\\/en\\\/#organization\",\"name\":\"Suomen Biljardimyynti Oy\",\"url\":\"https:\\\/\\\/biljardi.fi\\\/en\\\/\",\"logo\":{\"@type\":\"ImageObject\",\"inLanguage\":\"en-US\",\"@id\":\"https:\\\/\\\/biljardi.fi\\\/en\\\/#\\\/schema\\\/logo\\\/image\\\/\",\"url\":\"https:\\\/\\\/biljardi.fi\\\/wp-content\\\/uploads\\\/2025\\\/10\\\/logo_uus-1.png\",\"contentUrl\":\"https:\\\/\\\/biljardi.fi\\\/wp-content\\\/uploads\\\/2025\\\/10\\\/logo_uus-1.png\",\"width\":360,\"height\":94,\"caption\":\"Suomen Biljardimyynti Oy\"},\"image\":{\"@id\":\"https:\\\/\\\/biljardi.fi\\\/en\\\/#\\\/schema\\\/logo\\\/image\\\/\"}}]}<\/script>\n<!-- \/ Yoast SEO plugin. -->","yoast_head_json":{"title":"[wpseo_titles]title-Tuote","robots":{"index":"index","follow":"follow","max-snippet":"max-snippet:-1","max-image-preview":"max-image-preview:large","max-video-preview":"max-video-preview:-1"},"canonical":"https:\/\/biljardi.fi\/en\/tuote\/deko-royal-10-carom-table\/","og_locale":"en_US","og_type":"article","og_title":"[wpseo_titles]title-Tuote","og_description":"Deko Royal 10&#8242; carom table. The world&#8217;s best carom table! Deko Royal is the official tournament table for the carom world championships. Deko carom table meets the latest competition standards. Frame is solid birch. Rail wood options: birch, ash, and oak. Artemis rail rubbers, Italian slate and stone adjustment screws. Strong steel rods inside the [&hellip;]","og_url":"https:\/\/biljardi.fi\/en\/tuote\/deko-royal-10-carom-table\/","og_site_name":"Suomen Biljardimyynti Oy","og_image":[{"width":924,"height":576,"url":"https:\/\/biljardi.fi\/wp-content\/uploads\/2017\/05\/Kaiza.jpg","type":"image\/jpeg"}],"twitter_card":"summary_large_image","schema":{"@context":"https:\/\/schema.org","@graph":[{"@type":"WebPage","@id":"https:\/\/biljardi.fi\/en\/tuote\/deko-royal-10-carom-table\/","url":"https:\/\/biljardi.fi\/en\/tuote\/deko-royal-10-carom-table\/","name":"[wpseo_titles]title-Tuote","isPartOf":{"@id":"https:\/\/biljardi.fi\/en\/#website"},"primaryImageOfPage":{"@id":"https:\/\/biljardi.fi\/en\/tuote\/deko-royal-10-carom-table\/#primaryimage"},"image":{"@id":"https:\/\/biljardi.fi\/en\/tuote\/deko-royal-10-carom-table\/#primaryimage"},"thumbnailUrl":"https:\/\/biljardi.fi\/wp-content\/uploads\/2017\/05\/Kaiza.jpg","datePublished":"2017-05-11T22:23:49+00:00","breadcrumb":{"@id":"https:\/\/biljardi.fi\/en\/tuote\/deko-royal-10-carom-table\/#breadcrumb"},"inLanguage":"en-US","potentialAction":[{"@type":"ReadAction","target":["https:\/\/biljardi.fi\/en\/tuote\/deko-royal-10-carom-table\/"]}]},{"@type":"ImageObject","inLanguage":"en-US","@id":"https:\/\/biljardi.fi\/en\/tuote\/deko-royal-10-carom-table\/#primaryimage","url":"https:\/\/biljardi.fi\/wp-content\/uploads\/2017\/05\/Kaiza.jpg","contentUrl":"https:\/\/biljardi.fi\/wp-content\/uploads\/2017\/05\/Kaiza.jpg","width":924,"height":576},{"@type":"BreadcrumbList","@id":"https:\/\/biljardi.fi\/en\/tuote\/deko-royal-10-carom-table\/#breadcrumb","itemListElement":[{"@type":"ListItem","position":1,"name":"Home","item":"https:\/\/biljardi.fi\/en\/home\/"},{"@type":"ListItem","position":2,"name":"Shop","item":"https:\/\/biljardi.fi\/en\/shop\/"},{"@type":"ListItem","position":3,"name":"Deko Royal 10&#8242; Carom Table"}]},{"@type":"WebSite","@id":"https:\/\/biljardi.fi\/en\/#website","url":"https:\/\/biljardi.fi\/en\/","name":"Suomen Biljardimyynti Oy","description":"Biljardip\u00f6yd\u00e4t, Biljardi, Darts, Ilmakiekko, P\u00f6yt\u00e4jalkapallo","publisher":{"@id":"https:\/\/biljardi.fi\/en\/#organization"},"potentialAction":[{"@type":"SearchAction","target":{"@type":"EntryPoint","urlTemplate":"https:\/\/biljardi.fi\/en\/?s={search_term_string}"},"query-input":{"@type":"PropertyValueSpecification","valueRequired":true,"valueName":"search_term_string"}}],"inLanguage":"en-US"},{"@type":"Organization","@id":"https:\/\/biljardi.fi\/en\/#organization","name":"Suomen Biljardimyynti Oy","url":"https:\/\/biljardi.fi\/en\/","logo":{"@type":"ImageObject","inLanguage":"en-US","@id":"https:\/\/biljardi.fi\/en\/#\/schema\/logo\/image\/","url":"https:\/\/biljardi.fi\/wp-content\/uploads\/2025\/10\/logo_uus-1.png","contentUrl":"https:\/\/biljardi.fi\/wp-content\/uploads\/2025\/10\/logo_uus-1.png","width":360,"height":94,"caption":"Suomen Biljardimyynti Oy"},"image":{"@id":"https:\/\/biljardi.fi\/en\/#\/schema\/logo\/image\/"}}]}},"_links":{"self":[{"href":"https:\/\/biljardi.fi\/en\/wp-json\/wp\/v2\/product\/72452","targetHints":{"allow":["GET"]}}],"collection":[{"href":"https:\/\/biljardi.fi\/en\/wp-json\/wp\/v2\/product"}],"about":[{"href":"https:\/\/biljardi.fi\/en\/wp-json\/wp\/v2\/types\/product"}],"replies":[{"embeddable":true,"href":"https:\/\/biljardi.fi\/en\/wp-json\/wp\/v2\/comments?post=72452"}],"wp:featuredmedia":[{"embeddable":true,"href":"https:\/\/biljardi.fi\/en\/wp-json\/wp\/v2\/media\/50759"}],"wp:attachment":[{"href":"https:\/\/biljardi.fi\/en\/wp-json\/wp\/v2\/media?parent=72452"}],"wp:term":[{"taxonomy":"product_brand","embeddable":true,"href":"https:\/\/biljardi.fi\/en\/wp-json\/wp\/v2\/product_brand?post=72452"},{"taxonomy":"product_cat","embeddable":true,"href":"https:\/\/biljardi.fi\/en\/wp-json\/wp\/v2\/product_cat?post=72452"},{"taxonomy":"product_tag","embeddable":true,"href":"https:\/\/biljardi.fi\/en\/wp-json\/wp\/v2\/product_tag?post=72452"},{"taxonomy":"giftcard-category","embeddable":true,"href":"https:\/\/biljardi.fi\/en\/wp-json\/wp\/v2\/giftcard-category?post=72452"}],"curies":[{"name":"wp","href":"https:\/\/api.w.org\/{rel}","templated":true}]}}