{"id":72416,"date":"2015-04-07T23:34:06","date_gmt":"2015-04-07T23:34:06","guid":{"rendered":"https:\/\/biljardi.fi\/tuote\/vision-outdoor-7-8-pool-table\/"},"modified":"2015-04-07T23:34:06","modified_gmt":"2015-04-07T20:34:06","slug":"vision-outdoor-7-8-pool-table","status":"publish","type":"product","link":"https:\/\/biljardi.fi\/en\/product\/vision-outdoor-7-8-pool-table\/","title":{"rendered":"Vision Outdoor 7&#8242;, 8&#8242; Pool Table"},"content":{"rendered":"<p>Vision Outdoor 7&#8242;, 8&#8242; pool table.<\/p>\n<p>Stunning Vision Outdoor pool table for outdoor use! Surprise your guests and make your neighbors jealous. <\/p>\n<p>The Vision Outdoor pool table is made from oil-treated water-resistant oak, and the cloth is water-repellent. You just need to oil the wooden parts every couple of years like wooden patio furniture. In direct sunlight, the wooden parts should be treated annually with two coats of wood oil.  <\/p>\n<p>The Vision Outdoor pool table has adjustable legs, making it easy to level. Adjustable wheels are also available as an accessory, making it easy to move. For extremely demanding conditions, you can choose legs made from aluminum.  <\/p>\n<p>For an additional cost, a weather-resistant dining top is available, combining the features of a quality dining table and a high-end slate pool table in the Vision Outdoor pool table.<\/p>\n<p>The cloth included in the price is always blue (Simonis Outdoor). NOTE: The table is manufactured in the EU. <\/p>\n<p>Game accessory package <span style=\"color: #0000ff;\"><a style=\"color: #0000ff;\" href=\"http:\/\/www.suomenbiljardimyynti.fi\/images\/Varustepaketit.htm\">contents<\/a><\/span>.<\/p>\n<p>Download <span style=\"color: #0000ff;\"><a style=\"color: #0000ff;\" href=\"https:\/\/biljardi.fi\/wp-content\/uploads\/2017\/04\/Billard-Dining-tables-catalog-2016.pdf\" target=\"_blank\" rel=\"noopener noreferrer\">brochure.<\/a><\/span><\/p>\n<p><iframe title=\"Vision Outdoor \u2013  dual purpose pool\/dining table for outdoor\" width=\"800\" height=\"600\" src=\"https:\/\/www.youtube.com\/embed\/5G8I7njVDog?feature=oembed\" frameborder=\"0\" allow=\"accelerometer; autoplay; clipboard-write; encrypted-media; gyroscope; picture-in-picture; web-share\" referrerpolicy=\"strict-origin-when-cross-origin\" allowfullscreen loading=\"lazy\"><\/iframe><\/p>\n","protected":false},"excerpt":{"rendered":"<p>Vision Outdoor 7&#8242;, 8&#8242; pool table. Stunning Vision Outdoor pool table for outdoor use! Surprise your guests and make your neighbors jealous. The Vision Outdoor pool table is made from oil-treated water-resistant oak, and the cloth is water-repellent. You just need to oil the wooden parts every couple of years like wooden patio furniture. In [&hellip;]<\/p>\n","protected":false},"featured_media":47371,"comment_status":"open","ping_status":"closed","template":"","meta":[],"product_brand":[],"product_cat":[2011,2110,2013,2025,2012],"product_tag":[2165,2167,2015,2016,2014,2052,2131,2168],"giftcard-category":[],"class_list":{"0":"post-72416","1":"product","2":"type-product","3":"status-publish","4":"has-post-thumbnail","6":"product_cat-billiards","7":"product_cat-diner-tables","8":"product_cat-pool-tables","9":"product_cat-pool-tables-2","10":"product_cat-slate-tables","11":"product_tag-2165","12":"product_tag-2167","13":"product_tag-billiard-sales","14":"product_tag-billiard-table","15":"product_tag-billiards","16":"product_tag-billiards-2","17":"product_tag-dining-pool-table","18":"product_tag-outdoor-pool-table","19":"pa_koko-2024","20":"pa_koko-2001","21":"pa_vari-brown","22":"pa_vari-gray","23":"pa_vari-white","25":"first","26":"instock","27":"taxable","28":"shipping-taxable","29":"purchasable","30":"product-type-simple"},"exclude_global_add_ons":true,"addons":[{"name":"Table Size","type":"multiple_choice","position":0,"required":false,"title_format":"heading","default":"","description_enable":false,"description":null,"placeholder_enable":false,"placeholder":null,"display":"select","restrictions_type":"any_text","adjust_price":false,"price":"","price_type":"flat_fee","restrictions":false,"min":"0","max":"0","options":[{"label":"7'","price":"","price_type":"quantity_based","image":0,"visibility":true},{"label":"8'","price":"500","price_type":"quantity_based","image":0,"visibility":true}],"id":1710502790},{"name":"Table Color","type":"multiple_choice","position":1,"required":false,"title_format":"heading","default":"","description_enable":false,"description":null,"placeholder_enable":false,"placeholder":null,"display":"select","restrictions_type":"any_text","adjust_price":false,"price":"","price_type":"flat_fee","restrictions":false,"min":"0","max":"0","options":[{"label":"Natural oak","price":"","price_type":"quantity_based","image":0,"visibility":true},{"label":"Gray-stained oak","price":"","price_type":"quantity_based","image":0,"visibility":true},{"label":"White-lacquered oak","price":"","price_type":"quantity_based","image":0,"visibility":true}],"id":1710502791},{"name":"Wheels for legs","type":"checkbox","position":2,"required":false,"title_format":"heading","default":"","description_enable":false,"description":null,"placeholder_enable":false,"placeholder":null,"display":"select","restrictions_type":"any_text","adjust_price":false,"price":"","price_type":"flat_fee","restrictions":false,"min":"0","max":"0","options":[{"label":"Adjustable wheels","price":"499","price_type":"quantity_based","image":0,"visibility":true}],"id":1710502792},{"name":"Cover","type":"multiple_choice","position":3,"required":false,"title_format":"heading","default":"","description_enable":false,"description":null,"placeholder_enable":false,"placeholder":null,"display":"select","restrictions_type":"any_text","adjust_price":false,"price":"","price_type":"flat_fee","restrictions":false,"min":"0","max":"0","options":[{"label":"Wood cover (Moisture-resistant, color gray)","price":"999","price_type":"quantity_based","image":0,"visibility":true},{"label":"Clear glass cover","price":"499","price_type":"quantity_based","image":0,"visibility":true},{"label":"Frosted glass cover","price":"499","price_type":"quantity_based","image":0,"visibility":true},{"label":"Frosted glass cover, squares","price":"499","price_type":"quantity_based","image":0,"visibility":true},{"label":"Frosted glass cover, frames","price":"499","price_type":"quantity_based","image":0,"visibility":true},{"label":"Glass cover with chess board","price":"599","price_type":"flat_fee","image":0,"visibility":true}],"id":1710502793},{"name":"Table cover","type":"checkbox","position":4,"required":false,"title_format":"heading","default":"","description_enable":false,"description":null,"placeholder_enable":false,"placeholder":null,"display":"select","restrictions_type":"any_text","adjust_price":false,"price":"","price_type":"flat_fee","restrictions":false,"min":"0","max":"0","options":[{"label":"Gray weather-resistant cover tarp","price":"179","price_type":"flat_fee","image":0,"visibility":true}],"id":1710502794},{"name":"Game Accessories","type":"multiple_choice","position":5,"required":false,"title_format":"heading","default":"","description_enable":false,"description":null,"placeholder_enable":false,"placeholder":null,"display":"select","restrictions_type":"any_text","adjust_price":false,"price":"","price_type":"flat_fee","restrictions":false,"min":"0","max":"0","options":[{"label":"Aramith Standard","price":"349","price_type":"quantity_based","image":0,"visibility":true},{"label":"Aramith Pro-Cup","price":"579","price_type":"quantity_based","image":0,"visibility":true}],"id":1710502795},{"name":"Leg material","type":"multiple_choice","position":6,"required":true,"title_format":"heading","default":"","description_enable":false,"description":null,"placeholder_enable":false,"placeholder":null,"display":"select","restrictions_type":"any_text","adjust_price":false,"price":"","price_type":"flat_fee","restrictions":false,"min":"0","max":"0","options":[{"label":"Solid wood","price":"","price_type":"quantity_based","image":0,"visibility":true},{"label":"Aluminum","price":"500","price_type":"quantity_based","image":0,"visibility":true}],"id":1741471937},{"name":"Aluminum leg color (see color chart)","type":"multiple_choice","position":7,"required":false,"title_format":"heading","default":"","description_enable":false,"description":null,"placeholder_enable":false,"placeholder":null,"display":"select","restrictions_type":"any_text","adjust_price":false,"price":"","price_type":"flat_fee","restrictions":false,"min":"0","max":"0","options":[{"label":"RAL7032","price":"","price_type":"flat_fee","image":0,"visibility":true},{"label":"RAL7006","price":"","price_type":"flat_fee","image":0,"visibility":true},{"label":"RAL1011","price":"","price_type":"flat_fee","image":0,"visibility":true}],"id":1741471938}],"yoast_head":"<!-- This site is optimized with the Yoast SEO plugin v27.6 - https:\/\/yoast.com\/product\/yoast-seo-wordpress\/ -->\n<title>[wpseo_titles]title-Tuote<\/title>\n<meta name=\"description\" content=\"[wpseo_titles]metadesc-Tuote\" \/>\n<meta name=\"robots\" content=\"index, follow, max-snippet:-1, max-image-preview:large, max-video-preview:-1\" \/>\n<link rel=\"canonical\" href=\"https:\/\/biljardi.fi\/en\/product\/vision-outdoor-7-8-pool-table\/\" \/>\n<meta property=\"og:locale\" content=\"en_US\" \/>\n<meta property=\"og:type\" content=\"article\" \/>\n<meta property=\"og:title\" content=\"[wpseo_titles]title-Tuote\" \/>\n<meta property=\"og:description\" content=\"[wpseo_titles]metadesc-Tuote\" \/>\n<meta property=\"og:url\" content=\"https:\/\/biljardi.fi\/en\/product\/vision-outdoor-7-8-pool-table\/\" \/>\n<meta property=\"og:site_name\" content=\"Suomen Biljardimyynti Oy\" \/>\n<meta property=\"og:image\" content=\"https:\/\/biljardi.fi\/wp-content\/uploads\/2015\/04\/Vision-Outdoor-L1025260min.jpg\" \/>\n\t<meta property=\"og:image:width\" content=\"1200\" \/>\n\t<meta property=\"og:image:height\" content=\"843\" \/>\n\t<meta property=\"og:image:type\" content=\"image\/jpeg\" \/>\n<meta name=\"twitter:card\" content=\"summary_large_image\" \/>\n<meta name=\"twitter:label1\" content=\"Est. reading time\" \/>\n\t<meta name=\"twitter:data1\" content=\"1 minute\" \/>\n<script type=\"application\/ld+json\" class=\"yoast-schema-graph\">{\"@context\":\"https:\\\/\\\/schema.org\",\"@graph\":[{\"@type\":\"WebPage\",\"@id\":\"https:\\\/\\\/biljardi.fi\\\/en\\\/product\\\/vision-outdoor-7-8-pool-table\\\/\",\"url\":\"https:\\\/\\\/biljardi.fi\\\/en\\\/product\\\/vision-outdoor-7-8-pool-table\\\/\",\"name\":\"[wpseo_titles]title-Tuote\",\"isPartOf\":{\"@id\":\"https:\\\/\\\/biljardi.fi\\\/en\\\/#website\"},\"primaryImageOfPage\":{\"@id\":\"https:\\\/\\\/biljardi.fi\\\/en\\\/product\\\/vision-outdoor-7-8-pool-table\\\/#primaryimage\"},\"image\":{\"@id\":\"https:\\\/\\\/biljardi.fi\\\/en\\\/product\\\/vision-outdoor-7-8-pool-table\\\/#primaryimage\"},\"thumbnailUrl\":\"https:\\\/\\\/biljardi.fi\\\/wp-content\\\/uploads\\\/2015\\\/04\\\/Vision-Outdoor-L1025260min.jpg\",\"datePublished\":\"2015-04-07T23:34:06+00:00\",\"description\":\"[wpseo_titles]metadesc-Tuote\",\"breadcrumb\":{\"@id\":\"https:\\\/\\\/biljardi.fi\\\/en\\\/product\\\/vision-outdoor-7-8-pool-table\\\/#breadcrumb\"},\"inLanguage\":\"en-US\",\"potentialAction\":[{\"@type\":\"ReadAction\",\"target\":[\"https:\\\/\\\/biljardi.fi\\\/en\\\/product\\\/vision-outdoor-7-8-pool-table\\\/\"]}]},{\"@type\":\"ImageObject\",\"inLanguage\":\"en-US\",\"@id\":\"https:\\\/\\\/biljardi.fi\\\/en\\\/product\\\/vision-outdoor-7-8-pool-table\\\/#primaryimage\",\"url\":\"https:\\\/\\\/biljardi.fi\\\/wp-content\\\/uploads\\\/2015\\\/04\\\/Vision-Outdoor-L1025260min.jpg\",\"contentUrl\":\"https:\\\/\\\/biljardi.fi\\\/wp-content\\\/uploads\\\/2015\\\/04\\\/Vision-Outdoor-L1025260min.jpg\",\"width\":1200,\"height\":843},{\"@type\":\"BreadcrumbList\",\"@id\":\"https:\\\/\\\/biljardi.fi\\\/en\\\/product\\\/vision-outdoor-7-8-pool-table\\\/#breadcrumb\",\"itemListElement\":[{\"@type\":\"ListItem\",\"position\":1,\"name\":\"Etusivu\",\"item\":\"https:\\\/\\\/biljardi.fi\\\/en\\\/home\\\/\"},{\"@type\":\"ListItem\",\"position\":2,\"name\":\"Shop\",\"item\":\"https:\\\/\\\/biljardi.fi\\\/en\\\/shop\\\/\"},{\"@type\":\"ListItem\",\"position\":3,\"name\":\"Vision Outdoor 7&#8242;, 8&#8242; Pool Table\"}]},{\"@type\":\"WebSite\",\"@id\":\"https:\\\/\\\/biljardi.fi\\\/en\\\/#website\",\"url\":\"https:\\\/\\\/biljardi.fi\\\/en\\\/\",\"name\":\"Suomen Biljardimyynti Oy\",\"description\":\"Biljardip\u00f6yd\u00e4t, Biljardi, Darts, Ilmakiekko, P\u00f6yt\u00e4jalkapallo\",\"publisher\":{\"@id\":\"https:\\\/\\\/biljardi.fi\\\/en\\\/#organization\"},\"potentialAction\":[{\"@type\":\"SearchAction\",\"target\":{\"@type\":\"EntryPoint\",\"urlTemplate\":\"https:\\\/\\\/biljardi.fi\\\/en\\\/?s={search_term_string}\"},\"query-input\":{\"@type\":\"PropertyValueSpecification\",\"valueRequired\":true,\"valueName\":\"search_term_string\"}}],\"inLanguage\":\"en-US\"},{\"@type\":\"Organization\",\"@id\":\"https:\\\/\\\/biljardi.fi\\\/en\\\/#organization\",\"name\":\"Suomen Biljardimyynti Oy\",\"url\":\"https:\\\/\\\/biljardi.fi\\\/en\\\/\",\"logo\":{\"@type\":\"ImageObject\",\"inLanguage\":\"en-US\",\"@id\":\"https:\\\/\\\/biljardi.fi\\\/en\\\/#\\\/schema\\\/logo\\\/image\\\/\",\"url\":\"https:\\\/\\\/biljardi.fi\\\/wp-content\\\/uploads\\\/2025\\\/10\\\/logo_uus-1.png\",\"contentUrl\":\"https:\\\/\\\/biljardi.fi\\\/wp-content\\\/uploads\\\/2025\\\/10\\\/logo_uus-1.png\",\"width\":360,\"height\":94,\"caption\":\"Suomen Biljardimyynti Oy\"},\"image\":{\"@id\":\"https:\\\/\\\/biljardi.fi\\\/en\\\/#\\\/schema\\\/logo\\\/image\\\/\"}}]}<\/script>\n<!-- \/ Yoast SEO plugin. -->","yoast_head_json":{"title":"[wpseo_titles]title-Tuote","description":"[wpseo_titles]metadesc-Tuote","robots":{"index":"index","follow":"follow","max-snippet":"max-snippet:-1","max-image-preview":"max-image-preview:large","max-video-preview":"max-video-preview:-1"},"canonical":"https:\/\/biljardi.fi\/en\/product\/vision-outdoor-7-8-pool-table\/","og_locale":"en_US","og_type":"article","og_title":"[wpseo_titles]title-Tuote","og_description":"[wpseo_titles]metadesc-Tuote","og_url":"https:\/\/biljardi.fi\/en\/product\/vision-outdoor-7-8-pool-table\/","og_site_name":"Suomen Biljardimyynti Oy","og_image":[{"width":1200,"height":843,"url":"https:\/\/biljardi.fi\/wp-content\/uploads\/2015\/04\/Vision-Outdoor-L1025260min.jpg","type":"image\/jpeg"}],"twitter_card":"summary_large_image","twitter_misc":{"Est. reading time":"1 minute"},"schema":{"@context":"https:\/\/schema.org","@graph":[{"@type":"WebPage","@id":"https:\/\/biljardi.fi\/en\/product\/vision-outdoor-7-8-pool-table\/","url":"https:\/\/biljardi.fi\/en\/product\/vision-outdoor-7-8-pool-table\/","name":"[wpseo_titles]title-Tuote","isPartOf":{"@id":"https:\/\/biljardi.fi\/en\/#website"},"primaryImageOfPage":{"@id":"https:\/\/biljardi.fi\/en\/product\/vision-outdoor-7-8-pool-table\/#primaryimage"},"image":{"@id":"https:\/\/biljardi.fi\/en\/product\/vision-outdoor-7-8-pool-table\/#primaryimage"},"thumbnailUrl":"https:\/\/biljardi.fi\/wp-content\/uploads\/2015\/04\/Vision-Outdoor-L1025260min.jpg","datePublished":"2015-04-07T23:34:06+00:00","description":"[wpseo_titles]metadesc-Tuote","breadcrumb":{"@id":"https:\/\/biljardi.fi\/en\/product\/vision-outdoor-7-8-pool-table\/#breadcrumb"},"inLanguage":"en-US","potentialAction":[{"@type":"ReadAction","target":["https:\/\/biljardi.fi\/en\/product\/vision-outdoor-7-8-pool-table\/"]}]},{"@type":"ImageObject","inLanguage":"en-US","@id":"https:\/\/biljardi.fi\/en\/product\/vision-outdoor-7-8-pool-table\/#primaryimage","url":"https:\/\/biljardi.fi\/wp-content\/uploads\/2015\/04\/Vision-Outdoor-L1025260min.jpg","contentUrl":"https:\/\/biljardi.fi\/wp-content\/uploads\/2015\/04\/Vision-Outdoor-L1025260min.jpg","width":1200,"height":843},{"@type":"BreadcrumbList","@id":"https:\/\/biljardi.fi\/en\/product\/vision-outdoor-7-8-pool-table\/#breadcrumb","itemListElement":[{"@type":"ListItem","position":1,"name":"Etusivu","item":"https:\/\/biljardi.fi\/en\/home\/"},{"@type":"ListItem","position":2,"name":"Shop","item":"https:\/\/biljardi.fi\/en\/shop\/"},{"@type":"ListItem","position":3,"name":"Vision Outdoor 7&#8242;, 8&#8242; Pool Table"}]},{"@type":"WebSite","@id":"https:\/\/biljardi.fi\/en\/#website","url":"https:\/\/biljardi.fi\/en\/","name":"Suomen Biljardimyynti Oy","description":"Biljardip\u00f6yd\u00e4t, Biljardi, Darts, Ilmakiekko, P\u00f6yt\u00e4jalkapallo","publisher":{"@id":"https:\/\/biljardi.fi\/en\/#organization"},"potentialAction":[{"@type":"SearchAction","target":{"@type":"EntryPoint","urlTemplate":"https:\/\/biljardi.fi\/en\/?s={search_term_string}"},"query-input":{"@type":"PropertyValueSpecification","valueRequired":true,"valueName":"search_term_string"}}],"inLanguage":"en-US"},{"@type":"Organization","@id":"https:\/\/biljardi.fi\/en\/#organization","name":"Suomen Biljardimyynti Oy","url":"https:\/\/biljardi.fi\/en\/","logo":{"@type":"ImageObject","inLanguage":"en-US","@id":"https:\/\/biljardi.fi\/en\/#\/schema\/logo\/image\/","url":"https:\/\/biljardi.fi\/wp-content\/uploads\/2025\/10\/logo_uus-1.png","contentUrl":"https:\/\/biljardi.fi\/wp-content\/uploads\/2025\/10\/logo_uus-1.png","width":360,"height":94,"caption":"Suomen Biljardimyynti Oy"},"image":{"@id":"https:\/\/biljardi.fi\/en\/#\/schema\/logo\/image\/"}}]}},"_links":{"self":[{"href":"https:\/\/biljardi.fi\/en\/wp-json\/wp\/v2\/product\/72416","targetHints":{"allow":["GET"]}}],"collection":[{"href":"https:\/\/biljardi.fi\/en\/wp-json\/wp\/v2\/product"}],"about":[{"href":"https:\/\/biljardi.fi\/en\/wp-json\/wp\/v2\/types\/product"}],"replies":[{"embeddable":true,"href":"https:\/\/biljardi.fi\/en\/wp-json\/wp\/v2\/comments?post=72416"}],"wp:featuredmedia":[{"embeddable":true,"href":"https:\/\/biljardi.fi\/en\/wp-json\/wp\/v2\/media\/47371"}],"wp:attachment":[{"href":"https:\/\/biljardi.fi\/en\/wp-json\/wp\/v2\/media?parent=72416"}],"wp:term":[{"taxonomy":"product_brand","embeddable":true,"href":"https:\/\/biljardi.fi\/en\/wp-json\/wp\/v2\/product_brand?post=72416"},{"taxonomy":"product_cat","embeddable":true,"href":"https:\/\/biljardi.fi\/en\/wp-json\/wp\/v2\/product_cat?post=72416"},{"taxonomy":"product_tag","embeddable":true,"href":"https:\/\/biljardi.fi\/en\/wp-json\/wp\/v2\/product_tag?post=72416"},{"taxonomy":"giftcard-category","embeddable":true,"href":"https:\/\/biljardi.fi\/en\/wp-json\/wp\/v2\/giftcard-category?post=72416"}],"curies":[{"name":"wp","href":"https:\/\/api.w.org\/{rel}","templated":true}]}}