{"id":72356,"date":"2018-09-23T20:00:28","date_gmt":"2018-09-23T20:00:28","guid":{"rendered":"https:\/\/biljardi.fi\/tuote\/dijonas-custom-6-7-8-9-10-12-snooker-table\/"},"modified":"2026-04-24T14:43:46","modified_gmt":"2026-04-24T11:43:46","slug":"dijonas-custom-6-7-8-9-10-12-snooker-table","status":"publish","type":"product","link":"https:\/\/biljardi.fi\/en\/product\/dijonas-custom-6-7-8-9-10-12-snooker-table\/","title":{"rendered":"Dijonas Custom 6&#8242;, 7&#8242;, 8&#8242;, 9&#8242;, 10&#8242;, 12&#8242; snooker table"},"content":{"rendered":"<p>Dijonas Custom 6&#8242;, 7&#8242;, 8&#8242;, 9&#8242;, 10&#8242;, 12&#8242; snooker table for clubs and home.<\/p>\n<p>The magnificent Dijonas Custom is a high-quality snooker table designed for club and home use. The table&#8217;s color and materials can be chosen from numerous options and in many different colors. Dijonas is a top-class snooker table with solid wood construction, quality slate, and Northern Rubber cushions. No chipboard, no MDF, just solid wood! The table exudes European quality and classic appearance.    <\/p>\n<p>Price includes Strachan Tournament snooker cloth.<\/p>\n<p>Display table can be viewed in our store.<\/p>\n<p>You can design your own Dijonas Custom <span style=\"color: #0000ff;\"><a style=\"color: #0000ff;\" href=\"https:\/\/bilijardai.lt\/constructors\/dijonas\/\" target=\"_blank\" rel=\"noopener noreferrer\">snooker table<\/a>.<\/span><\/p>\n<p>Download Dijonas brochure <a href=\"https:\/\/biljardi.fi\/wp-content\/uploads\/2018\/09\/Billiard-table-Dijonas.pdf\" target=\"_blank\" rel=\"noopener noreferrer\"><span style=\"color: #0000ff;\">here.<\/span><\/a><\/p>\n","protected":false},"excerpt":{"rendered":"<p>Dijonas Custom 6&#8242;, 7&#8242;, 8&#8242;, 9&#8242;, 10&#8242;, 12&#8242; snooker table for clubs and home. The magnificent Dijonas Custom is a high-quality snooker table designed for club and home use. The table&#8217;s color and materials can be chosen from numerous options and in many different colors. Dijonas is a top-class snooker table with solid wood construction, [&hellip;]<\/p>\n","protected":false},"featured_media":72365,"comment_status":"open","ping_status":"closed","template":"","meta":[],"product_brand":[],"product_cat":[2011,2025,2152],"product_tag":[2015,2014,2052,2064,2080],"giftcard-category":[],"class_list":{"0":"post-72356","1":"product","2":"type-product","3":"status-publish","4":"has-post-thumbnail","6":"product_cat-billiards","7":"product_cat-pool-tables-2","8":"product_cat-snooker-tables","9":"product_tag-billiard-sales","10":"product_tag-billiards","11":"product_tag-billiards-2","12":"product_tag-snooker","13":"product_tag-snooker-table","14":"pa_koko-2048","15":"pa_koko-2151","16":"pa_koko-2067","17":"pa_koko-2024","18":"pa_koko-2001","19":"pa_koko-2003","20":"pa_vari-black","21":"pa_vari-brown","22":"pa_vari-gray","23":"pa_vari-green","24":"pa_vari-red","25":"pa_vari-white","26":"pa_vari-yellow","28":"first","29":"onbackorder","30":"taxable","31":"shipping-taxable","32":"purchasable","33":"product-type-simple"},"exclude_global_add_ons":true,"addons":[{"name":"Table size","type":"multiple_choice","position":0,"required":false,"title_format":"heading","default":"","description_enable":false,"description":null,"placeholder_enable":false,"placeholder":null,"display":"select","restrictions_type":"any_text","adjust_price":false,"price":"","price_type":"flat_fee","restrictions":false,"min":"0","max":"0","options":[{"label":"6'","price":"","price_type":"quantity_based","image":0,"visibility":true},{"label":"7\u2019","price":"400","price_type":"quantity_based","image":0,"visibility":true},{"label":"8'","price":"700","price_type":"quantity_based","image":0,"visibility":true},{"label":"9'","price":"1500","price_type":"quantity_based","image":0,"visibility":true},{"label":"10'","price":"1900","price_type":"quantity_based","image":0,"visibility":true},{"label":"12'","price":"3500","price_type":"quantity_based","image":0,"visibility":true}],"id":1777041795},{"name":"Leg style","type":"multiple_choice","position":1,"required":false,"title_format":"heading","default":"","description_enable":false,"description":null,"placeholder_enable":false,"placeholder":null,"display":"select","restrictions_type":"any_text","adjust_price":false,"price":"","price_type":"flat_fee","restrictions":false,"min":"0","max":"0","options":[{"label":"","price":"","price_type":"quantity_based","image":0,"visibility":true},{"label":"","price":"","price_type":"quantity_based","image":0,"visibility":true},{"label":"","price":"","price_type":"quantity_based","image":0,"visibility":true},{"label":"","price":"","price_type":"quantity_based","image":0,"visibility":true},{"label":"","price":"","price_type":"quantity_based","image":0,"visibility":true},{"label":"","price":"","price_type":"quantity_based","image":0,"visibility":true},{"label":"","price":"","price_type":"quantity_based","image":0,"visibility":true},{"label":"","price":"","price_type":"quantity_based","image":0,"visibility":true},{"label":"","price":"","price_type":"quantity_based","image":0,"visibility":true},{"label":"","price":"","price_type":"quantity_based","image":0,"visibility":true},{"label":"","price":"","price_type":"quantity_based","image":0,"visibility":true},{"label":"","price":"","price_type":"quantity_based","image":0,"visibility":true},{"label":"","price":"","price_type":"quantity_based","image":0,"visibility":true},{"label":"","price":"","price_type":"quantity_based","image":0,"visibility":true},{"label":"","price":"","price_type":"quantity_based","image":0,"visibility":true},{"label":"","price":"","price_type":"quantity_based","image":0,"visibility":true}],"id":1777041796},{"name":"Cushion rail model","type":"multiple_choice","position":2,"required":false,"title_format":"heading","default":"","description_enable":true,"description":"In the picture from top to bottom.","placeholder_enable":false,"placeholder":null,"display":"select","restrictions_type":"any_text","adjust_price":false,"price":"","price_type":"flat_fee","restrictions":false,"min":"0","max":"0","options":[{"label":"","price":"","price_type":"quantity_based","image":0,"visibility":true},{"label":"","price":"","price_type":"quantity_based","image":0,"visibility":true},{"label":"","price":"","price_type":"quantity_based","image":0,"visibility":true},{"label":"","price":"","price_type":"quantity_based","image":0,"visibility":true},{"label":"","price":"","price_type":"quantity_based","image":0,"visibility":true}],"id":1777041797},{"name":"Ball pocket corners","type":"multiple_choice","position":3,"required":false,"title_format":"heading","default":"","description_enable":false,"description":null,"placeholder_enable":false,"placeholder":null,"display":"select","restrictions_type":"any_text","adjust_price":false,"price":"","price_type":"flat_fee","restrictions":false,"min":"0","max":"0","options":[{"label":"D1T","price":"","price_type":"quantity_based","image":0,"visibility":true},{"label":"D2S","price":"","price_type":"quantity_based","image":0,"visibility":true},{"label":"D2T","price":"","price_type":"quantity_based","image":0,"visibility":true},{"label":"D3S","price":"","price_type":"quantity_based","image":0,"visibility":true},{"label":"D3T","price":"","price_type":"quantity_based","image":0,"visibility":true},{"label":"D4S","price":"","price_type":"quantity_based","image":0,"visibility":true},{"label":"D4T","price":"","price_type":"quantity_based","image":0,"visibility":true},{"label":"D5S","price":"","price_type":"quantity_based","image":0,"visibility":true},{"label":"D5T","price":"","price_type":"quantity_based","image":0,"visibility":true},{"label":"D6S","price":"","price_type":"quantity_based","image":0,"visibility":true},{"label":"D6T","price":"","price_type":"quantity_based","image":0,"visibility":true},{"label":"D7S","price":"","price_type":"quantity_based","image":0,"visibility":true},{"label":"D7T","price":"","price_type":"quantity_based","image":0,"visibility":true},{"label":"S1S","price":"","price_type":"quantity_based","image":0,"visibility":true},{"label":"S1T","price":"","price_type":"quantity_based","image":0,"visibility":true},{"label":"U5S","price":"","price_type":"quantity_based","image":0,"visibility":true},{"label":"U6S","price":"","price_type":"quantity_based","image":0,"visibility":true},{"label":"U6T","price":"","price_type":"quantity_based","image":0,"visibility":true}],"id":1777041798},{"name":"Frame lower edge model","type":"multiple_choice","position":4,"required":false,"title_format":"heading","default":"","description_enable":true,"description":"In the picture from top to bottom.","placeholder_enable":false,"placeholder":null,"display":"select","restrictions_type":"any_text","adjust_price":false,"price":"","price_type":"flat_fee","restrictions":false,"min":"0","max":"0","options":[{"label":"","price":"","price_type":"quantity_based","image":0,"visibility":true},{"label":"","price":"","price_type":"quantity_based","image":0,"visibility":true},{"label":"","price":"","price_type":"quantity_based","image":0,"visibility":true},{"label":"","price":"","price_type":"quantity_based","image":0,"visibility":true},{"label":"","price":"","price_type":"quantity_based","image":0,"visibility":true}],"id":1777041799},{"name":"Frame decoration","type":"multiple_choice","position":5,"required":false,"title_format":"heading","default":"","description_enable":false,"description":null,"placeholder_enable":false,"placeholder":null,"display":"select","restrictions_type":"any_text","adjust_price":false,"price":"","price_type":"flat_fee","restrictions":false,"min":"0","max":"0","options":[{"label":"Decor 1","price":"","price_type":"quantity_based","image":0,"visibility":true},{"label":"Decor 2","price":"","price_type":"quantity_based","image":0,"visibility":true},{"label":"Decor 3","price":"","price_type":"quantity_based","image":0,"visibility":true},{"label":"Decor 4","price":"","price_type":"quantity_based","image":0,"visibility":true}],"id":1777041800},{"name":"Ball pocket and rail","type":"multiple_choice","position":6,"required":false,"title_format":"heading","default":"","description_enable":false,"description":null,"placeholder_enable":false,"placeholder":null,"display":"select","restrictions_type":"any_text","adjust_price":false,"price":"","price_type":"flat_fee","restrictions":false,"min":"0","max":"0","options":[{"label":"OS (light)","price":"","price_type":"quantity_based","image":0,"visibility":true},{"label":"OT (dark)","price":"","price_type":"quantity_based","image":0,"visibility":true},{"label":"M68","price":"","price_type":"flat_fee","image":0,"visibility":true},{"label":"KT68","price":"","price_type":"flat_fee","image":0,"visibility":true},{"label":"OS57","price":"99","price_type":"flat_fee","image":0,"visibility":true},{"label":"OT57","price":"99","price_type":"flat_fee","image":0,"visibility":true},{"label":"OSA57","price":"199","price_type":"flat_fee","image":0,"visibility":true},{"label":"OTA57","price":"199","price_type":"flat_fee","image":0,"visibility":true}],"id":1777041801},{"name":"Material","type":"multiple_choice","position":7,"required":false,"title_format":"heading","default":"","description_enable":false,"description":null,"placeholder_enable":false,"placeholder":null,"display":"select","restrictions_type":"any_text","adjust_price":false,"price":"","price_type":"flat_fee","restrictions":false,"min":"0","max":"0","options":[{"label":"Birch","price":"","price_type":"flat_fee","image":0,"visibility":true},{"label":"Ash","price":"299","price_type":"flat_fee","image":0,"visibility":true},{"label":"Oak","price":"499","price_type":"flat_fee","image":0,"visibility":true},{"label":"Rosewood","price":"1499","price_type":"flat_fee","image":0,"visibility":true},{"label":"Walnut","price":"2299","price_type":"flat_fee","image":0,"visibility":true}],"id":1777041802},{"name":"Table color","type":"heading","position":8,"required":false,"title_format":"label","default":"","description_enable":true,"description":"Select the table color from the attached color charts.","placeholder_enable":false,"placeholder":null,"display":"select","restrictions_type":"any_text","adjust_price":false,"price":"","price_type":"flat_fee","restrictions":false,"min":"0","max":"0","options":[],"id":1777041803},{"name":"Table color","type":"custom_textarea","position":9,"required":true,"title_format":"hide","default":"","description_enable":false,"description":null,"placeholder_enable":false,"placeholder":null,"display":"select","restrictions_type":"any_text","adjust_price":false,"price":"","price_type":"quantity_based","restrictions":true,"min":"1","max":"10","options":[],"id":1777041804},{"name":"Ultra gloss finish","type":"checkbox","position":10,"required":false,"title_format":"heading","default":"","description_enable":false,"description":null,"placeholder_enable":false,"placeholder":null,"display":"select","restrictions_type":"any_text","adjust_price":false,"price":"","price_type":"flat_fee","restrictions":false,"min":"0","max":"0","options":[{"label":"Ultra gloss","price":"399","price_type":"flat_fee","image":0,"visibility":true}],"id":1777041805},{"name":"Leg steel reinforcement","type":"checkbox","position":11,"required":false,"title_format":"heading","default":"","description_enable":false,"description":null,"placeholder_enable":false,"placeholder":null,"display":"select","restrictions_type":"any_text","adjust_price":false,"price":"","price_type":"flat_fee","restrictions":false,"min":"0","max":"0","options":[{"label":"Steel reinforcement","price":"199","price_type":"flat_fee","image":0,"visibility":true}],"id":1777041806},{"name":"Leveling feet","type":"multiple_choice","position":12,"required":false,"title_format":"heading","default":"","description_enable":false,"description":null,"placeholder_enable":false,"placeholder":null,"display":"select","restrictions_type":"any_text","adjust_price":false,"price":"","price_type":"flat_fee","restrictions":false,"min":"0","max":"0","options":[{"label":"No leveling feet (A)","price":"","price_type":"flat_fee","image":0,"visibility":true},{"label":"Metal, painted (B)","price":"49","price_type":"flat_fee","image":0,"visibility":true},{"label":"Brass (C) (Discontinued)","price":"49","price_type":"flat_fee","image":0,"visibility":true},{"label":"Wooden, frame color (D)","price":"49","price_type":"flat_fee","image":0,"visibility":true}],"id":1777041807}],"yoast_head":"<!-- This site is optimized with the Yoast SEO plugin v27.6 - https:\/\/yoast.com\/product\/yoast-seo-wordpress\/ -->\n<title>[wpseo_titles]title-Tuote<\/title>\n<meta name=\"description\" content=\"[wpseo_titles]metadesc-Tuote\" \/>\n<meta name=\"robots\" content=\"index, follow, max-snippet:-1, max-image-preview:large, max-video-preview:-1\" \/>\n<link rel=\"canonical\" href=\"https:\/\/biljardi.fi\/en\/product\/dijonas-custom-6-7-8-9-10-12-snooker-table\/\" \/>\n<meta property=\"og:locale\" content=\"en_US\" \/>\n<meta property=\"og:type\" content=\"article\" \/>\n<meta property=\"og:title\" content=\"[wpseo_titles]title-Tuote\" \/>\n<meta property=\"og:description\" content=\"[wpseo_titles]metadesc-Tuote\" \/>\n<meta property=\"og:url\" content=\"https:\/\/biljardi.fi\/en\/product\/dijonas-custom-6-7-8-9-10-12-snooker-table\/\" \/>\n<meta property=\"og:site_name\" content=\"Suomen Biljardimyynti Oy\" \/>\n<meta property=\"article:modified_time\" content=\"2026-04-24T11:43:46+00:00\" \/>\n<meta property=\"og:image\" content=\"https:\/\/biljardi.fi\/wp-content\/uploads\/2018\/09\/Billiard-table-Dijonas-Roy_M_010812_snuk_screen.png\" \/>\n\t<meta property=\"og:image:width\" content=\"2560\" \/>\n\t<meta property=\"og:image:height\" content=\"1522\" \/>\n\t<meta property=\"og:image:type\" content=\"image\/png\" \/>\n<meta name=\"twitter:card\" content=\"summary_large_image\" \/>\n<meta name=\"twitter:label1\" content=\"Est. reading time\" \/>\n\t<meta name=\"twitter:data1\" content=\"1 minute\" \/>\n<script type=\"application\/ld+json\" class=\"yoast-schema-graph\">{\"@context\":\"https:\\\/\\\/schema.org\",\"@graph\":[{\"@type\":\"WebPage\",\"@id\":\"https:\\\/\\\/biljardi.fi\\\/en\\\/product\\\/dijonas-custom-6-7-8-9-10-12-snooker-table\\\/\",\"url\":\"https:\\\/\\\/biljardi.fi\\\/en\\\/product\\\/dijonas-custom-6-7-8-9-10-12-snooker-table\\\/\",\"name\":\"[wpseo_titles]title-Tuote\",\"isPartOf\":{\"@id\":\"https:\\\/\\\/biljardi.fi\\\/en\\\/#website\"},\"primaryImageOfPage\":{\"@id\":\"https:\\\/\\\/biljardi.fi\\\/en\\\/product\\\/dijonas-custom-6-7-8-9-10-12-snooker-table\\\/#primaryimage\"},\"image\":{\"@id\":\"https:\\\/\\\/biljardi.fi\\\/en\\\/product\\\/dijonas-custom-6-7-8-9-10-12-snooker-table\\\/#primaryimage\"},\"thumbnailUrl\":\"https:\\\/\\\/biljardi.fi\\\/wp-content\\\/uploads\\\/2018\\\/09\\\/Billiard-table-Dijonas-Roy_M_010812_snuk_screen.png\",\"datePublished\":\"2018-09-23T20:00:28+00:00\",\"dateModified\":\"2026-04-24T11:43:46+00:00\",\"description\":\"[wpseo_titles]metadesc-Tuote\",\"breadcrumb\":{\"@id\":\"https:\\\/\\\/biljardi.fi\\\/en\\\/product\\\/dijonas-custom-6-7-8-9-10-12-snooker-table\\\/#breadcrumb\"},\"inLanguage\":\"en-US\",\"potentialAction\":[{\"@type\":\"ReadAction\",\"target\":[\"https:\\\/\\\/biljardi.fi\\\/en\\\/product\\\/dijonas-custom-6-7-8-9-10-12-snooker-table\\\/\"]}]},{\"@type\":\"ImageObject\",\"inLanguage\":\"en-US\",\"@id\":\"https:\\\/\\\/biljardi.fi\\\/en\\\/product\\\/dijonas-custom-6-7-8-9-10-12-snooker-table\\\/#primaryimage\",\"url\":\"https:\\\/\\\/biljardi.fi\\\/wp-content\\\/uploads\\\/2018\\\/09\\\/Billiard-table-Dijonas-Roy_M_010812_snuk_screen.png\",\"contentUrl\":\"https:\\\/\\\/biljardi.fi\\\/wp-content\\\/uploads\\\/2018\\\/09\\\/Billiard-table-Dijonas-Roy_M_010812_snuk_screen.png\",\"width\":2560,\"height\":1522},{\"@type\":\"BreadcrumbList\",\"@id\":\"https:\\\/\\\/biljardi.fi\\\/en\\\/product\\\/dijonas-custom-6-7-8-9-10-12-snooker-table\\\/#breadcrumb\",\"itemListElement\":[{\"@type\":\"ListItem\",\"position\":1,\"name\":\"Etusivu\",\"item\":\"https:\\\/\\\/biljardi.fi\\\/en\\\/home\\\/\"},{\"@type\":\"ListItem\",\"position\":2,\"name\":\"Shop\",\"item\":\"https:\\\/\\\/biljardi.fi\\\/en\\\/shop\\\/\"},{\"@type\":\"ListItem\",\"position\":3,\"name\":\"Dijonas Custom 6&#8242;, 7&#8242;, 8&#8242;, 9&#8242;, 10&#8242;, 12&#8242; snooker table\"}]},{\"@type\":\"WebSite\",\"@id\":\"https:\\\/\\\/biljardi.fi\\\/en\\\/#website\",\"url\":\"https:\\\/\\\/biljardi.fi\\\/en\\\/\",\"name\":\"Suomen Biljardimyynti Oy\",\"description\":\"Biljardip\u00f6yd\u00e4t, Biljardi, Darts, Ilmakiekko, P\u00f6yt\u00e4jalkapallo\",\"publisher\":{\"@id\":\"https:\\\/\\\/biljardi.fi\\\/en\\\/#organization\"},\"potentialAction\":[{\"@type\":\"SearchAction\",\"target\":{\"@type\":\"EntryPoint\",\"urlTemplate\":\"https:\\\/\\\/biljardi.fi\\\/en\\\/?s={search_term_string}\"},\"query-input\":{\"@type\":\"PropertyValueSpecification\",\"valueRequired\":true,\"valueName\":\"search_term_string\"}}],\"inLanguage\":\"en-US\"},{\"@type\":\"Organization\",\"@id\":\"https:\\\/\\\/biljardi.fi\\\/en\\\/#organization\",\"name\":\"Suomen Biljardimyynti Oy\",\"url\":\"https:\\\/\\\/biljardi.fi\\\/en\\\/\",\"logo\":{\"@type\":\"ImageObject\",\"inLanguage\":\"en-US\",\"@id\":\"https:\\\/\\\/biljardi.fi\\\/en\\\/#\\\/schema\\\/logo\\\/image\\\/\",\"url\":\"https:\\\/\\\/biljardi.fi\\\/wp-content\\\/uploads\\\/2025\\\/10\\\/logo_uus-1.png\",\"contentUrl\":\"https:\\\/\\\/biljardi.fi\\\/wp-content\\\/uploads\\\/2025\\\/10\\\/logo_uus-1.png\",\"width\":360,\"height\":94,\"caption\":\"Suomen Biljardimyynti Oy\"},\"image\":{\"@id\":\"https:\\\/\\\/biljardi.fi\\\/en\\\/#\\\/schema\\\/logo\\\/image\\\/\"}}]}<\/script>\n<!-- \/ Yoast SEO plugin. -->","yoast_head_json":{"title":"[wpseo_titles]title-Tuote","description":"[wpseo_titles]metadesc-Tuote","robots":{"index":"index","follow":"follow","max-snippet":"max-snippet:-1","max-image-preview":"max-image-preview:large","max-video-preview":"max-video-preview:-1"},"canonical":"https:\/\/biljardi.fi\/en\/product\/dijonas-custom-6-7-8-9-10-12-snooker-table\/","og_locale":"en_US","og_type":"article","og_title":"[wpseo_titles]title-Tuote","og_description":"[wpseo_titles]metadesc-Tuote","og_url":"https:\/\/biljardi.fi\/en\/product\/dijonas-custom-6-7-8-9-10-12-snooker-table\/","og_site_name":"Suomen Biljardimyynti Oy","article_modified_time":"2026-04-24T11:43:46+00:00","og_image":[{"width":2560,"height":1522,"url":"https:\/\/biljardi.fi\/wp-content\/uploads\/2018\/09\/Billiard-table-Dijonas-Roy_M_010812_snuk_screen.png","type":"image\/png"}],"twitter_card":"summary_large_image","twitter_misc":{"Est. reading time":"1 minute"},"schema":{"@context":"https:\/\/schema.org","@graph":[{"@type":"WebPage","@id":"https:\/\/biljardi.fi\/en\/product\/dijonas-custom-6-7-8-9-10-12-snooker-table\/","url":"https:\/\/biljardi.fi\/en\/product\/dijonas-custom-6-7-8-9-10-12-snooker-table\/","name":"[wpseo_titles]title-Tuote","isPartOf":{"@id":"https:\/\/biljardi.fi\/en\/#website"},"primaryImageOfPage":{"@id":"https:\/\/biljardi.fi\/en\/product\/dijonas-custom-6-7-8-9-10-12-snooker-table\/#primaryimage"},"image":{"@id":"https:\/\/biljardi.fi\/en\/product\/dijonas-custom-6-7-8-9-10-12-snooker-table\/#primaryimage"},"thumbnailUrl":"https:\/\/biljardi.fi\/wp-content\/uploads\/2018\/09\/Billiard-table-Dijonas-Roy_M_010812_snuk_screen.png","datePublished":"2018-09-23T20:00:28+00:00","dateModified":"2026-04-24T11:43:46+00:00","description":"[wpseo_titles]metadesc-Tuote","breadcrumb":{"@id":"https:\/\/biljardi.fi\/en\/product\/dijonas-custom-6-7-8-9-10-12-snooker-table\/#breadcrumb"},"inLanguage":"en-US","potentialAction":[{"@type":"ReadAction","target":["https:\/\/biljardi.fi\/en\/product\/dijonas-custom-6-7-8-9-10-12-snooker-table\/"]}]},{"@type":"ImageObject","inLanguage":"en-US","@id":"https:\/\/biljardi.fi\/en\/product\/dijonas-custom-6-7-8-9-10-12-snooker-table\/#primaryimage","url":"https:\/\/biljardi.fi\/wp-content\/uploads\/2018\/09\/Billiard-table-Dijonas-Roy_M_010812_snuk_screen.png","contentUrl":"https:\/\/biljardi.fi\/wp-content\/uploads\/2018\/09\/Billiard-table-Dijonas-Roy_M_010812_snuk_screen.png","width":2560,"height":1522},{"@type":"BreadcrumbList","@id":"https:\/\/biljardi.fi\/en\/product\/dijonas-custom-6-7-8-9-10-12-snooker-table\/#breadcrumb","itemListElement":[{"@type":"ListItem","position":1,"name":"Etusivu","item":"https:\/\/biljardi.fi\/en\/home\/"},{"@type":"ListItem","position":2,"name":"Shop","item":"https:\/\/biljardi.fi\/en\/shop\/"},{"@type":"ListItem","position":3,"name":"Dijonas Custom 6&#8242;, 7&#8242;, 8&#8242;, 9&#8242;, 10&#8242;, 12&#8242; snooker table"}]},{"@type":"WebSite","@id":"https:\/\/biljardi.fi\/en\/#website","url":"https:\/\/biljardi.fi\/en\/","name":"Suomen Biljardimyynti Oy","description":"Biljardip\u00f6yd\u00e4t, Biljardi, Darts, Ilmakiekko, P\u00f6yt\u00e4jalkapallo","publisher":{"@id":"https:\/\/biljardi.fi\/en\/#organization"},"potentialAction":[{"@type":"SearchAction","target":{"@type":"EntryPoint","urlTemplate":"https:\/\/biljardi.fi\/en\/?s={search_term_string}"},"query-input":{"@type":"PropertyValueSpecification","valueRequired":true,"valueName":"search_term_string"}}],"inLanguage":"en-US"},{"@type":"Organization","@id":"https:\/\/biljardi.fi\/en\/#organization","name":"Suomen Biljardimyynti Oy","url":"https:\/\/biljardi.fi\/en\/","logo":{"@type":"ImageObject","inLanguage":"en-US","@id":"https:\/\/biljardi.fi\/en\/#\/schema\/logo\/image\/","url":"https:\/\/biljardi.fi\/wp-content\/uploads\/2025\/10\/logo_uus-1.png","contentUrl":"https:\/\/biljardi.fi\/wp-content\/uploads\/2025\/10\/logo_uus-1.png","width":360,"height":94,"caption":"Suomen Biljardimyynti Oy"},"image":{"@id":"https:\/\/biljardi.fi\/en\/#\/schema\/logo\/image\/"}}]}},"_links":{"self":[{"href":"https:\/\/biljardi.fi\/en\/wp-json\/wp\/v2\/product\/72356","targetHints":{"allow":["GET"]}}],"collection":[{"href":"https:\/\/biljardi.fi\/en\/wp-json\/wp\/v2\/product"}],"about":[{"href":"https:\/\/biljardi.fi\/en\/wp-json\/wp\/v2\/types\/product"}],"replies":[{"embeddable":true,"href":"https:\/\/biljardi.fi\/en\/wp-json\/wp\/v2\/comments?post=72356"}],"wp:featuredmedia":[{"embeddable":true,"href":"https:\/\/biljardi.fi\/en\/wp-json\/wp\/v2\/media\/72365"}],"wp:attachment":[{"href":"https:\/\/biljardi.fi\/en\/wp-json\/wp\/v2\/media?parent=72356"}],"wp:term":[{"taxonomy":"product_brand","embeddable":true,"href":"https:\/\/biljardi.fi\/en\/wp-json\/wp\/v2\/product_brand?post=72356"},{"taxonomy":"product_cat","embeddable":true,"href":"https:\/\/biljardi.fi\/en\/wp-json\/wp\/v2\/product_cat?post=72356"},{"taxonomy":"product_tag","embeddable":true,"href":"https:\/\/biljardi.fi\/en\/wp-json\/wp\/v2\/product_tag?post=72356"},{"taxonomy":"giftcard-category","embeddable":true,"href":"https:\/\/biljardi.fi\/en\/wp-json\/wp\/v2\/giftcard-category?post=72356"}],"curies":[{"name":"wp","href":"https:\/\/api.w.org\/{rel}","templated":true}]}}