{"id":72326,"date":"2017-04-24T21:33:31","date_gmt":"2017-04-24T21:33:31","guid":{"rendered":"https:\/\/biljardi.fi\/tuote\/rustic-6-7-8-9-pool-table\/"},"modified":"2017-04-24T21:33:31","modified_gmt":"2017-04-24T18:33:31","slug":"rustic-6-7-8-9-pool-table","status":"publish","type":"product","link":"https:\/\/biljardi.fi\/en\/product\/rustic-6-7-8-9-pool-table\/","title":{"rendered":"Rustic 6&#8242;, 7&#8242;, 8&#8242;, 9&#8242; pool table"},"content":{"rendered":"<p>Rustic 6&#8242;, 7&#8242;, 8&#8242;, 9&#8242; pool table.<\/p>\n<p>Rustic is Bilijardai&#8217;s stylishly rugged specialty pool table. The wood surface is treated to look very old, giving a beautiful nostalgic impression. You can choose the table&#8217;s color and materials from many options. Rustic is unpretentious, yet top-quality billiards with solid wood construction, high-quality slate, and cushions. The table has adjustable feet, allowing leveling on almost any floor.    <\/p>\n<p>No chipboard, no MDF &#8211; just solid wood! The table exudes European quality and a new kind of natural appearance. <\/p>\n<p><span style=\"color: #0000ff;\"><a style=\"color: #0000ff;\" href=\"http:\/\/www.suomenbiljardimyynti.fi\/images\/Varustepaketit.htm\">Contents<\/a><\/span> of game accessory packages.<\/p>\n<p>Simonis 760\/860 cloth <span style=\"color: #0000ff;\"><a style=\"color: #0000ff;\" href=\"http:\/\/www.simoniscloth.com\/simonis-styles\">color options<\/a><\/span><strong>.<\/strong><\/p>\n<p>Download<span style=\"color: #0000ff;\"> <a style=\"color: #0000ff;\" href=\"https:\/\/biljardi.fi\/en\/billiard-table-rustic-a4\/\" target=\"_blank\" rel=\"attachment noopener wp-att-47889\">Rustic brochure.<\/a><\/span><\/p>\n<p><strong>Display table can be viewed and tested in our store.<\/strong><\/p>\n","protected":false},"excerpt":{"rendered":"<p>Rustic 6&#8242;, 7&#8242;, 8&#8242;, 9&#8242; pool table. Rustic is Bilijardai&#8217;s stylishly rugged specialty pool table. The wood surface is treated to look very old, giving a beautiful nostalgic impression. You can choose the table&#8217;s color and materials from many options. Rustic is unpretentious, yet top-quality billiards with solid wood construction, high-quality slate, and cushions. The [&hellip;]<\/p>\n","protected":false},"featured_media":47484,"comment_status":"open","ping_status":"closed","template":"","meta":[],"product_brand":[],"product_cat":[2011,2013,2025,2012],"product_tag":[2015,2016,2014,2052],"giftcard-category":[],"class_list":{"0":"post-72326","1":"product","2":"type-product","3":"status-publish","4":"has-post-thumbnail","6":"product_cat-billiards","7":"product_cat-pool-tables","8":"product_cat-pool-tables-2","9":"product_cat-slate-tables","10":"product_tag-billiard-sales","11":"product_tag-billiard-table","12":"product_tag-billiards","13":"product_tag-billiards-2","14":"pa_koko-2067","15":"pa_koko-2024","16":"pa_koko-2001","17":"pa_koko-2003","18":"pa_vari-black","19":"pa_vari-brown","20":"pa_vari-gray","21":"pa_vari-green","22":"pa_vari-red","23":"pa_vari-white","24":"pa_vari-yellow","26":"first","27":"onbackorder","28":"taxable","29":"shipping-taxable","30":"purchasable","31":"product-type-simple"},"exclude_global_add_ons":false,"addons":[{"name":"Table size","type":"multiple_choice","position":0,"required":false,"title_format":"heading","default":"","description_enable":false,"description":null,"placeholder_enable":false,"placeholder":null,"display":"select","restrictions_type":"any_text","adjust_price":false,"price":"","price_type":"flat_fee","restrictions":false,"min":"0","max":"0","options":[{"label":"6'","price":"","price_type":"quantity_based","image":0,"visibility":true},{"label":"7'","price":"200","price_type":"quantity_based","image":0,"visibility":true},{"label":"8'","price":"400","price_type":"quantity_based","image":0,"visibility":true},{"label":"9'","price":"900","price_type":"quantity_based","image":0,"visibility":true}]},{"name":"Frame color","type":"heading","position":1,"required":false,"title_format":"label","default":"","description_enable":true,"description":"Select frame color from the color chart in the image gallery.","placeholder_enable":false,"placeholder":null,"display":"select","restrictions_type":"any_text","adjust_price":false,"price":"","price_type":"flat_fee","restrictions":false,"min":"0","max":"0","options":[]},{"name":"Frame color","type":"custom_textarea","position":2,"required":true,"title_format":"hide","default":"","description_enable":false,"description":null,"placeholder_enable":false,"placeholder":null,"display":"select","restrictions_type":"any_text","adjust_price":false,"price":"","price_type":"quantity_based","restrictions":true,"min":"1","max":"10","options":[]},{"name":"Rail model","type":"multiple_choice","position":3,"required":false,"title_format":"heading","default":"","description_enable":true,"description":"See brochure. ","placeholder_enable":false,"placeholder":null,"display":"select","restrictions_type":"any_text","adjust_price":false,"price":"","price_type":"flat_fee","restrictions":false,"min":"0","max":"0","options":[{"label":"","price":"","price_type":"quantity_based","image":0,"visibility":true},{"label":"","price":"","price_type":"quantity_based","image":0,"visibility":true}]},{"name":"Cushion model","type":"multiple_choice","position":4,"required":false,"title_format":"heading","default":"","description_enable":true,"description":"See brochure. ","placeholder_enable":false,"placeholder":null,"display":"select","restrictions_type":"any_text","adjust_price":false,"price":"","price_type":"flat_fee","restrictions":false,"min":"0","max":"0","options":[{"label":"","price":"","price_type":"quantity_based","image":0,"visibility":true},{"label":"","price":"","price_type":"quantity_based","image":0,"visibility":true}]},{"name":"Leg model","type":"multiple_choice","position":5,"required":false,"title_format":"heading","default":"","description_enable":true,"description":"See model ","placeholder_enable":false,"placeholder":null,"display":"select","restrictions_type":"any_text","adjust_price":false,"price":"","price_type":"flat_fee","restrictions":false,"min":"0","max":"0","options":[{"label":"","price":"","price_type":"quantity_based","image":0,"visibility":true},{"label":"","price":"","price_type":"quantity_based","image":0,"visibility":true}]},{"name":"Metal decorations on rails and legs","type":"multiple_choice","position":6,"required":false,"title_format":"heading","default":"","description_enable":true,"description":"See brochure. ","placeholder_enable":false,"placeholder":null,"display":"select","restrictions_type":"any_text","adjust_price":false,"price":"","price_type":"flat_fee","restrictions":false,"min":"0","max":"0","options":[{"label":"A","price":"299","price_type":"quantity_based","image":0,"visibility":true},{"label":"B","price":"299","price_type":"quantity_based","image":0,"visibility":true}]},{"name":"Ball pocket color","type":"multiple_choice","position":7,"required":false,"title_format":"heading","default":"","description_enable":false,"description":null,"placeholder_enable":false,"placeholder":null,"display":"select","restrictions_type":"any_text","adjust_price":false,"price":"","price_type":"flat_fee","restrictions":false,"min":"0","max":"0","options":[{"label":"Light","price":"","price_type":"quantity_based","image":0,"visibility":true},{"label":"Black","price":"","price_type":"quantity_based","image":0,"visibility":true}]},{"name":"Corner plate model","type":"multiple_choice","position":8,"required":false,"title_format":"heading","default":"","description_enable":true,"description":"See brochure. ","placeholder_enable":false,"placeholder":null,"display":"select","restrictions_type":"any_text","adjust_price":false,"price":"","price_type":"flat_fee","restrictions":false,"min":"0","max":"0","options":[{"label":"D1T","price":"","price_type":"quantity_based","image":0,"visibility":true},{"label":"D4S","price":"","price_type":"quantity_based","image":0,"visibility":true},{"label":"D4T","price":"","price_type":"quantity_based","image":0,"visibility":true},{"label":"D3S","price":"","price_type":"quantity_based","image":0,"visibility":true},{"label":"D3T","price":"","price_type":"quantity_based","image":0,"visibility":true},{"label":"D5S\/U5S","price":"","price_type":"quantity_based","image":0,"visibility":true},{"label":"D5T\/U5T","price":"","price_type":"quantity_based","image":0,"visibility":true},{"label":"D7S\/U7S","price":"","price_type":"quantity_based","image":0,"visibility":true},{"label":"D7T\/U7T","price":"","price_type":"quantity_based","image":0,"visibility":true},{"label":"D6S\/U6S","price":"","price_type":"quantity_based","image":0,"visibility":true},{"label":"D6T\/U6T","price":"","price_type":"quantity_based","image":0,"visibility":true}]},{"name":"Cushion rubber type","type":"multiple_choice","position":9,"required":false,"title_format":"heading","default":"","description_enable":false,"description":null,"placeholder_enable":false,"placeholder":null,"display":"select","restrictions_type":"any_text","adjust_price":false,"price":"","price_type":"flat_fee","restrictions":false,"min":"0","max":"0","options":[{"label":"Marathon std","price":"","price_type":"quantity_based","image":0,"visibility":true},{"label":"Artemis Pro Super Fast","price":"199","price_type":"quantity_based","image":0,"visibility":true}]},{"name":"Leg steel reinforcements","type":"checkbox","position":10,"required":false,"title_format":"heading","default":"","description_enable":false,"description":null,"placeholder_enable":false,"placeholder":null,"display":"select","restrictions_type":"any_text","adjust_price":false,"price":"","price_type":"flat_fee","restrictions":false,"min":"0","max":"0","options":[{"label":"Steel reinforcements","price":"199","price_type":"flat_fee","image":0,"visibility":true}]}],"yoast_head":"<!-- This site is optimized with the Yoast SEO plugin v27.6 - https:\/\/yoast.com\/product\/yoast-seo-wordpress\/ -->\n<title>[wpseo_titles]title-Tuote<\/title>\n<meta name=\"description\" content=\"[wpseo_titles]metadesc-Tuote\" \/>\n<meta name=\"robots\" content=\"index, follow, max-snippet:-1, max-image-preview:large, max-video-preview:-1\" \/>\n<link rel=\"canonical\" href=\"https:\/\/biljardi.fi\/en\/product\/rustic-6-7-8-9-pool-table\/\" \/>\n<meta property=\"og:locale\" content=\"en_US\" \/>\n<meta property=\"og:type\" content=\"article\" \/>\n<meta property=\"og:title\" content=\"[wpseo_titles]title-Tuote\" \/>\n<meta property=\"og:description\" content=\"[wpseo_titles]metadesc-Tuote\" \/>\n<meta property=\"og:url\" content=\"https:\/\/biljardi.fi\/en\/product\/rustic-6-7-8-9-pool-table\/\" \/>\n<meta property=\"og:site_name\" content=\"Suomen Biljardimyynti Oy\" \/>\n<meta property=\"og:image\" content=\"https:\/\/biljardi.fi\/wp-content\/uploads\/2017\/04\/Billiard-table-Rustic-Ranch-4.jpg\" \/>\n\t<meta property=\"og:image:width\" content=\"1200\" \/>\n\t<meta property=\"og:image:height\" content=\"756\" \/>\n\t<meta property=\"og:image:type\" content=\"image\/jpeg\" \/>\n<meta name=\"twitter:card\" content=\"summary_large_image\" \/>\n<meta name=\"twitter:label1\" content=\"Est. reading time\" \/>\n\t<meta name=\"twitter:data1\" content=\"1 minute\" \/>\n<script type=\"application\/ld+json\" class=\"yoast-schema-graph\">{\"@context\":\"https:\\\/\\\/schema.org\",\"@graph\":[{\"@type\":\"WebPage\",\"@id\":\"https:\\\/\\\/biljardi.fi\\\/en\\\/product\\\/rustic-6-7-8-9-pool-table\\\/\",\"url\":\"https:\\\/\\\/biljardi.fi\\\/en\\\/product\\\/rustic-6-7-8-9-pool-table\\\/\",\"name\":\"[wpseo_titles]title-Tuote\",\"isPartOf\":{\"@id\":\"https:\\\/\\\/biljardi.fi\\\/en\\\/#website\"},\"primaryImageOfPage\":{\"@id\":\"https:\\\/\\\/biljardi.fi\\\/en\\\/product\\\/rustic-6-7-8-9-pool-table\\\/#primaryimage\"},\"image\":{\"@id\":\"https:\\\/\\\/biljardi.fi\\\/en\\\/product\\\/rustic-6-7-8-9-pool-table\\\/#primaryimage\"},\"thumbnailUrl\":\"https:\\\/\\\/biljardi.fi\\\/wp-content\\\/uploads\\\/2017\\\/04\\\/Billiard-table-Rustic-Ranch-4.jpg\",\"datePublished\":\"2017-04-24T21:33:31+00:00\",\"description\":\"[wpseo_titles]metadesc-Tuote\",\"breadcrumb\":{\"@id\":\"https:\\\/\\\/biljardi.fi\\\/en\\\/product\\\/rustic-6-7-8-9-pool-table\\\/#breadcrumb\"},\"inLanguage\":\"en-US\",\"potentialAction\":[{\"@type\":\"ReadAction\",\"target\":[\"https:\\\/\\\/biljardi.fi\\\/en\\\/product\\\/rustic-6-7-8-9-pool-table\\\/\"]}]},{\"@type\":\"ImageObject\",\"inLanguage\":\"en-US\",\"@id\":\"https:\\\/\\\/biljardi.fi\\\/en\\\/product\\\/rustic-6-7-8-9-pool-table\\\/#primaryimage\",\"url\":\"https:\\\/\\\/biljardi.fi\\\/wp-content\\\/uploads\\\/2017\\\/04\\\/Billiard-table-Rustic-Ranch-4.jpg\",\"contentUrl\":\"https:\\\/\\\/biljardi.fi\\\/wp-content\\\/uploads\\\/2017\\\/04\\\/Billiard-table-Rustic-Ranch-4.jpg\",\"width\":1200,\"height\":756},{\"@type\":\"BreadcrumbList\",\"@id\":\"https:\\\/\\\/biljardi.fi\\\/en\\\/product\\\/rustic-6-7-8-9-pool-table\\\/#breadcrumb\",\"itemListElement\":[{\"@type\":\"ListItem\",\"position\":1,\"name\":\"Etusivu\",\"item\":\"https:\\\/\\\/biljardi.fi\\\/en\\\/home\\\/\"},{\"@type\":\"ListItem\",\"position\":2,\"name\":\"Shop\",\"item\":\"https:\\\/\\\/biljardi.fi\\\/en\\\/shop\\\/\"},{\"@type\":\"ListItem\",\"position\":3,\"name\":\"Rustic 6&#8242;, 7&#8242;, 8&#8242;, 9&#8242; pool table\"}]},{\"@type\":\"WebSite\",\"@id\":\"https:\\\/\\\/biljardi.fi\\\/en\\\/#website\",\"url\":\"https:\\\/\\\/biljardi.fi\\\/en\\\/\",\"name\":\"Suomen Biljardimyynti Oy\",\"description\":\"Biljardip\u00f6yd\u00e4t, Biljardi, Darts, Ilmakiekko, P\u00f6yt\u00e4jalkapallo\",\"publisher\":{\"@id\":\"https:\\\/\\\/biljardi.fi\\\/en\\\/#organization\"},\"potentialAction\":[{\"@type\":\"SearchAction\",\"target\":{\"@type\":\"EntryPoint\",\"urlTemplate\":\"https:\\\/\\\/biljardi.fi\\\/en\\\/?s={search_term_string}\"},\"query-input\":{\"@type\":\"PropertyValueSpecification\",\"valueRequired\":true,\"valueName\":\"search_term_string\"}}],\"inLanguage\":\"en-US\"},{\"@type\":\"Organization\",\"@id\":\"https:\\\/\\\/biljardi.fi\\\/en\\\/#organization\",\"name\":\"Suomen Biljardimyynti Oy\",\"url\":\"https:\\\/\\\/biljardi.fi\\\/en\\\/\",\"logo\":{\"@type\":\"ImageObject\",\"inLanguage\":\"en-US\",\"@id\":\"https:\\\/\\\/biljardi.fi\\\/en\\\/#\\\/schema\\\/logo\\\/image\\\/\",\"url\":\"https:\\\/\\\/biljardi.fi\\\/wp-content\\\/uploads\\\/2025\\\/10\\\/logo_uus-1.png\",\"contentUrl\":\"https:\\\/\\\/biljardi.fi\\\/wp-content\\\/uploads\\\/2025\\\/10\\\/logo_uus-1.png\",\"width\":360,\"height\":94,\"caption\":\"Suomen Biljardimyynti Oy\"},\"image\":{\"@id\":\"https:\\\/\\\/biljardi.fi\\\/en\\\/#\\\/schema\\\/logo\\\/image\\\/\"}}]}<\/script>\n<!-- \/ Yoast SEO plugin. -->","yoast_head_json":{"title":"[wpseo_titles]title-Tuote","description":"[wpseo_titles]metadesc-Tuote","robots":{"index":"index","follow":"follow","max-snippet":"max-snippet:-1","max-image-preview":"max-image-preview:large","max-video-preview":"max-video-preview:-1"},"canonical":"https:\/\/biljardi.fi\/en\/product\/rustic-6-7-8-9-pool-table\/","og_locale":"en_US","og_type":"article","og_title":"[wpseo_titles]title-Tuote","og_description":"[wpseo_titles]metadesc-Tuote","og_url":"https:\/\/biljardi.fi\/en\/product\/rustic-6-7-8-9-pool-table\/","og_site_name":"Suomen Biljardimyynti Oy","og_image":[{"width":1200,"height":756,"url":"https:\/\/biljardi.fi\/wp-content\/uploads\/2017\/04\/Billiard-table-Rustic-Ranch-4.jpg","type":"image\/jpeg"}],"twitter_card":"summary_large_image","twitter_misc":{"Est. reading time":"1 minute"},"schema":{"@context":"https:\/\/schema.org","@graph":[{"@type":"WebPage","@id":"https:\/\/biljardi.fi\/en\/product\/rustic-6-7-8-9-pool-table\/","url":"https:\/\/biljardi.fi\/en\/product\/rustic-6-7-8-9-pool-table\/","name":"[wpseo_titles]title-Tuote","isPartOf":{"@id":"https:\/\/biljardi.fi\/en\/#website"},"primaryImageOfPage":{"@id":"https:\/\/biljardi.fi\/en\/product\/rustic-6-7-8-9-pool-table\/#primaryimage"},"image":{"@id":"https:\/\/biljardi.fi\/en\/product\/rustic-6-7-8-9-pool-table\/#primaryimage"},"thumbnailUrl":"https:\/\/biljardi.fi\/wp-content\/uploads\/2017\/04\/Billiard-table-Rustic-Ranch-4.jpg","datePublished":"2017-04-24T21:33:31+00:00","description":"[wpseo_titles]metadesc-Tuote","breadcrumb":{"@id":"https:\/\/biljardi.fi\/en\/product\/rustic-6-7-8-9-pool-table\/#breadcrumb"},"inLanguage":"en-US","potentialAction":[{"@type":"ReadAction","target":["https:\/\/biljardi.fi\/en\/product\/rustic-6-7-8-9-pool-table\/"]}]},{"@type":"ImageObject","inLanguage":"en-US","@id":"https:\/\/biljardi.fi\/en\/product\/rustic-6-7-8-9-pool-table\/#primaryimage","url":"https:\/\/biljardi.fi\/wp-content\/uploads\/2017\/04\/Billiard-table-Rustic-Ranch-4.jpg","contentUrl":"https:\/\/biljardi.fi\/wp-content\/uploads\/2017\/04\/Billiard-table-Rustic-Ranch-4.jpg","width":1200,"height":756},{"@type":"BreadcrumbList","@id":"https:\/\/biljardi.fi\/en\/product\/rustic-6-7-8-9-pool-table\/#breadcrumb","itemListElement":[{"@type":"ListItem","position":1,"name":"Etusivu","item":"https:\/\/biljardi.fi\/en\/home\/"},{"@type":"ListItem","position":2,"name":"Shop","item":"https:\/\/biljardi.fi\/en\/shop\/"},{"@type":"ListItem","position":3,"name":"Rustic 6&#8242;, 7&#8242;, 8&#8242;, 9&#8242; pool table"}]},{"@type":"WebSite","@id":"https:\/\/biljardi.fi\/en\/#website","url":"https:\/\/biljardi.fi\/en\/","name":"Suomen Biljardimyynti Oy","description":"Biljardip\u00f6yd\u00e4t, Biljardi, Darts, Ilmakiekko, P\u00f6yt\u00e4jalkapallo","publisher":{"@id":"https:\/\/biljardi.fi\/en\/#organization"},"potentialAction":[{"@type":"SearchAction","target":{"@type":"EntryPoint","urlTemplate":"https:\/\/biljardi.fi\/en\/?s={search_term_string}"},"query-input":{"@type":"PropertyValueSpecification","valueRequired":true,"valueName":"search_term_string"}}],"inLanguage":"en-US"},{"@type":"Organization","@id":"https:\/\/biljardi.fi\/en\/#organization","name":"Suomen Biljardimyynti Oy","url":"https:\/\/biljardi.fi\/en\/","logo":{"@type":"ImageObject","inLanguage":"en-US","@id":"https:\/\/biljardi.fi\/en\/#\/schema\/logo\/image\/","url":"https:\/\/biljardi.fi\/wp-content\/uploads\/2025\/10\/logo_uus-1.png","contentUrl":"https:\/\/biljardi.fi\/wp-content\/uploads\/2025\/10\/logo_uus-1.png","width":360,"height":94,"caption":"Suomen Biljardimyynti Oy"},"image":{"@id":"https:\/\/biljardi.fi\/en\/#\/schema\/logo\/image\/"}}]}},"_links":{"self":[{"href":"https:\/\/biljardi.fi\/en\/wp-json\/wp\/v2\/product\/72326","targetHints":{"allow":["GET"]}}],"collection":[{"href":"https:\/\/biljardi.fi\/en\/wp-json\/wp\/v2\/product"}],"about":[{"href":"https:\/\/biljardi.fi\/en\/wp-json\/wp\/v2\/types\/product"}],"replies":[{"embeddable":true,"href":"https:\/\/biljardi.fi\/en\/wp-json\/wp\/v2\/comments?post=72326"}],"wp:featuredmedia":[{"embeddable":true,"href":"https:\/\/biljardi.fi\/en\/wp-json\/wp\/v2\/media\/47484"}],"wp:attachment":[{"href":"https:\/\/biljardi.fi\/en\/wp-json\/wp\/v2\/media?parent=72326"}],"wp:term":[{"taxonomy":"product_brand","embeddable":true,"href":"https:\/\/biljardi.fi\/en\/wp-json\/wp\/v2\/product_brand?post=72326"},{"taxonomy":"product_cat","embeddable":true,"href":"https:\/\/biljardi.fi\/en\/wp-json\/wp\/v2\/product_cat?post=72326"},{"taxonomy":"product_tag","embeddable":true,"href":"https:\/\/biljardi.fi\/en\/wp-json\/wp\/v2\/product_tag?post=72326"},{"taxonomy":"giftcard-category","embeddable":true,"href":"https:\/\/biljardi.fi\/en\/wp-json\/wp\/v2\/giftcard-category?post=72326"}],"curies":[{"name":"wp","href":"https:\/\/api.w.org\/{rel}","templated":true}]}}