{"id":72235,"date":"2025-03-08T22:16:34","date_gmt":"2025-03-08T20:16:34","guid":{"rendered":"https:\/\/biljardi.fi\/tuote\/vision-led-billiard-light-for-all-table-sizes\/"},"modified":"2025-03-08T22:16:34","modified_gmt":"2025-03-08T20:16:34","slug":"vision-led-billiard-light-for-all-table-sizes","status":"publish","type":"product","link":"https:\/\/biljardi.fi\/en\/product\/vision-led-billiard-light-for-all-table-sizes\/","title":{"rendered":"Vision LED Billiard Light for All Table Sizes"},"content":{"rendered":"<p>Vision LED Billiard Light<\/p>\n<p>Vision LED billiard light. The light is designed to be compatible with Vision-diner billiard tables, but with countless color options, it suits any other table as well. The light frame is aluminum and the color can be selected from the attached RAL color chart. 3500 Kelvin.   <\/p>\n<p>Size 140 x 45 cm. Suitable for 7&#8242; and 8&#8242; tables. <\/p>\n<p>Size 193 x 67 cm. Suitable for 9&#8242; and 10&#8242; tables. <\/p>\n<p>For 12&#8242; tables, 2 pcs of 140 x 45 lights in a row are suitable.<\/p>\n<p>Features:<br \/>\n\u2022 Even and shadowless 3500 K neutral light<br \/>\n\u2022 Adjustable height (10\u2013150 cm)<br \/>\n\u2022 Pre-assembled. Just needs to be mounted to the ceiling and connected to the power supply.<br \/>\n\u2022 Freely selectable color from RAL color chart<br \/>\n\u2022 Packed in a highly durable MDF box for transport.<br \/>\n\u2022 Designed and manufactured in the EU. <\/p>\n","protected":false},"excerpt":{"rendered":"<p>Vision LED Billiard Light Vision LED billiard light. The light is designed to be compatible with Vision-diner billiard tables, but with countless color options, it suits any other table as well. The light frame is aluminum and the color can be selected from the attached RAL color chart. 3500 Kelvin. Size 140 x 45 cm. [&hellip;]<\/p>\n","protected":false},"featured_media":66635,"comment_status":"open","ping_status":"closed","template":"","meta":[],"product_brand":[],"product_cat":[2019,2021],"product_tag":[2023,2015,2014,2052,2022],"giftcard-category":[],"class_list":{"0":"post-72235","1":"product","2":"type-product","3":"status-publish","4":"has-post-thumbnail","6":"product_cat-fixtures","7":"product_cat-furniture","8":"product_tag-billiard-fixture","9":"product_tag-billiard-sales","10":"product_tag-billiards","11":"product_tag-billiards-2","12":"product_tag-fixture","14":"first","15":"instock","16":"taxable","17":"shipping-taxable","18":"purchasable","19":"product-type-simple"},"exclude_global_add_ons":true,"addons":[{"name":"Size","type":"multiple_choice","position":0,"required":false,"title_format":"heading","default":"","description_enable":false,"description":null,"placeholder_enable":false,"placeholder":null,"display":"select","restrictions_type":"any_text","adjust_price":false,"price":"","price_type":"flat_fee","restrictions":false,"min":"0","max":"0","options":[{"label":"140 x 45 cm","price":"","price_type":"quantity_based","image":0,"visibility":true},{"label":"193 x 67 cm","price":"200","price_type":"quantity_based","image":0,"visibility":true}],"id":1774534569},{"name":"Frame Color","type":"heading","position":1,"required":false,"title_format":"label","default":"","description_enable":true,"description":"Select the frame color from the attached color chart. ","placeholder_enable":false,"placeholder":null,"display":"select","restrictions_type":"any_text","adjust_price":false,"price":"","price_type":"flat_fee","restrictions":false,"min":"0","max":"0","options":[],"id":1741472451},{"name":"Frame Color","type":"custom_text","position":2,"required":true,"title_format":"hide","default":"","description_enable":false,"description":null,"placeholder_enable":false,"placeholder":null,"display":"select","restrictions_type":"any_text","adjust_price":false,"price":"","price_type":"quantity_based","restrictions":true,"min":"1","max":"10","options":[],"id":1741472452}],"yoast_head":"<!-- This site is optimized with the Yoast SEO plugin v27.6 - https:\/\/yoast.com\/product\/yoast-seo-wordpress\/ -->\n<title>[wpseo_titles]title-Tuote<\/title>\n<meta name=\"description\" content=\"[wpseo_titles]metadesc-Tuote\" \/>\n<meta name=\"robots\" content=\"index, follow, max-snippet:-1, max-image-preview:large, max-video-preview:-1\" \/>\n<link rel=\"canonical\" href=\"https:\/\/biljardi.fi\/en\/product\/vision-led-billiard-light-for-all-table-sizes\/\" \/>\n<meta property=\"og:locale\" content=\"en_US\" \/>\n<meta property=\"og:type\" content=\"article\" \/>\n<meta property=\"og:title\" content=\"[wpseo_titles]title-Tuote\" \/>\n<meta property=\"og:description\" content=\"[wpseo_titles]metadesc-Tuote\" \/>\n<meta property=\"og:url\" content=\"https:\/\/biljardi.fi\/en\/product\/vision-led-billiard-light-for-all-table-sizes\/\" \/>\n<meta property=\"og:site_name\" content=\"Suomen Biljardimyynti Oy\" \/>\n<meta property=\"og:image\" content=\"https:\/\/biljardi.fi\/wp-content\/uploads\/2025\/03\/Billiard-Lamp-Vision-web1.jpg.webp\" \/>\n\t<meta property=\"og:image:width\" content=\"1310\" \/>\n\t<meta property=\"og:image:height\" content=\"546\" \/>\n\t<meta property=\"og:image:type\" content=\"image\/webp\" \/>\n<meta name=\"twitter:card\" content=\"summary_large_image\" \/>\n<meta name=\"twitter:label1\" content=\"Est. reading time\" \/>\n\t<meta name=\"twitter:data1\" content=\"1 minute\" \/>\n<script type=\"application\/ld+json\" class=\"yoast-schema-graph\">{\"@context\":\"https:\\\/\\\/schema.org\",\"@graph\":[{\"@type\":\"WebPage\",\"@id\":\"https:\\\/\\\/biljardi.fi\\\/en\\\/product\\\/vision-led-billiard-light-for-all-table-sizes\\\/\",\"url\":\"https:\\\/\\\/biljardi.fi\\\/en\\\/product\\\/vision-led-billiard-light-for-all-table-sizes\\\/\",\"name\":\"[wpseo_titles]title-Tuote\",\"isPartOf\":{\"@id\":\"https:\\\/\\\/biljardi.fi\\\/en\\\/#website\"},\"primaryImageOfPage\":{\"@id\":\"https:\\\/\\\/biljardi.fi\\\/en\\\/product\\\/vision-led-billiard-light-for-all-table-sizes\\\/#primaryimage\"},\"image\":{\"@id\":\"https:\\\/\\\/biljardi.fi\\\/en\\\/product\\\/vision-led-billiard-light-for-all-table-sizes\\\/#primaryimage\"},\"thumbnailUrl\":\"https:\\\/\\\/biljardi.fi\\\/wp-content\\\/uploads\\\/2025\\\/03\\\/Billiard-Lamp-Vision-web1.jpg.webp\",\"datePublished\":\"2025-03-08T20:16:34+00:00\",\"description\":\"[wpseo_titles]metadesc-Tuote\",\"breadcrumb\":{\"@id\":\"https:\\\/\\\/biljardi.fi\\\/en\\\/product\\\/vision-led-billiard-light-for-all-table-sizes\\\/#breadcrumb\"},\"inLanguage\":\"en-US\",\"potentialAction\":[{\"@type\":\"ReadAction\",\"target\":[\"https:\\\/\\\/biljardi.fi\\\/en\\\/product\\\/vision-led-billiard-light-for-all-table-sizes\\\/\"]}]},{\"@type\":\"ImageObject\",\"inLanguage\":\"en-US\",\"@id\":\"https:\\\/\\\/biljardi.fi\\\/en\\\/product\\\/vision-led-billiard-light-for-all-table-sizes\\\/#primaryimage\",\"url\":\"https:\\\/\\\/biljardi.fi\\\/wp-content\\\/uploads\\\/2025\\\/03\\\/Billiard-Lamp-Vision-web1.jpg.webp\",\"contentUrl\":\"https:\\\/\\\/biljardi.fi\\\/wp-content\\\/uploads\\\/2025\\\/03\\\/Billiard-Lamp-Vision-web1.jpg.webp\",\"width\":1310,\"height\":546},{\"@type\":\"BreadcrumbList\",\"@id\":\"https:\\\/\\\/biljardi.fi\\\/en\\\/product\\\/vision-led-billiard-light-for-all-table-sizes\\\/#breadcrumb\",\"itemListElement\":[{\"@type\":\"ListItem\",\"position\":1,\"name\":\"Etusivu\",\"item\":\"https:\\\/\\\/biljardi.fi\\\/en\\\/home\\\/\"},{\"@type\":\"ListItem\",\"position\":2,\"name\":\"Shop\",\"item\":\"https:\\\/\\\/biljardi.fi\\\/en\\\/shop\\\/\"},{\"@type\":\"ListItem\",\"position\":3,\"name\":\"Vision LED Billiard Light for All Table Sizes\"}]},{\"@type\":\"WebSite\",\"@id\":\"https:\\\/\\\/biljardi.fi\\\/en\\\/#website\",\"url\":\"https:\\\/\\\/biljardi.fi\\\/en\\\/\",\"name\":\"Suomen Biljardimyynti Oy\",\"description\":\"Biljardip\u00f6yd\u00e4t, Biljardi, Darts, Ilmakiekko, P\u00f6yt\u00e4jalkapallo\",\"publisher\":{\"@id\":\"https:\\\/\\\/biljardi.fi\\\/en\\\/#organization\"},\"potentialAction\":[{\"@type\":\"SearchAction\",\"target\":{\"@type\":\"EntryPoint\",\"urlTemplate\":\"https:\\\/\\\/biljardi.fi\\\/en\\\/?s={search_term_string}\"},\"query-input\":{\"@type\":\"PropertyValueSpecification\",\"valueRequired\":true,\"valueName\":\"search_term_string\"}}],\"inLanguage\":\"en-US\"},{\"@type\":\"Organization\",\"@id\":\"https:\\\/\\\/biljardi.fi\\\/en\\\/#organization\",\"name\":\"Suomen Biljardimyynti Oy\",\"url\":\"https:\\\/\\\/biljardi.fi\\\/en\\\/\",\"logo\":{\"@type\":\"ImageObject\",\"inLanguage\":\"en-US\",\"@id\":\"https:\\\/\\\/biljardi.fi\\\/en\\\/#\\\/schema\\\/logo\\\/image\\\/\",\"url\":\"https:\\\/\\\/biljardi.fi\\\/wp-content\\\/uploads\\\/2025\\\/10\\\/logo_uus-1.png\",\"contentUrl\":\"https:\\\/\\\/biljardi.fi\\\/wp-content\\\/uploads\\\/2025\\\/10\\\/logo_uus-1.png\",\"width\":360,\"height\":94,\"caption\":\"Suomen Biljardimyynti Oy\"},\"image\":{\"@id\":\"https:\\\/\\\/biljardi.fi\\\/en\\\/#\\\/schema\\\/logo\\\/image\\\/\"}}]}<\/script>\n<!-- \/ Yoast SEO plugin. -->","yoast_head_json":{"title":"[wpseo_titles]title-Tuote","description":"[wpseo_titles]metadesc-Tuote","robots":{"index":"index","follow":"follow","max-snippet":"max-snippet:-1","max-image-preview":"max-image-preview:large","max-video-preview":"max-video-preview:-1"},"canonical":"https:\/\/biljardi.fi\/en\/product\/vision-led-billiard-light-for-all-table-sizes\/","og_locale":"en_US","og_type":"article","og_title":"[wpseo_titles]title-Tuote","og_description":"[wpseo_titles]metadesc-Tuote","og_url":"https:\/\/biljardi.fi\/en\/product\/vision-led-billiard-light-for-all-table-sizes\/","og_site_name":"Suomen Biljardimyynti Oy","og_image":[{"width":1310,"height":546,"url":"https:\/\/biljardi.fi\/wp-content\/uploads\/2025\/03\/Billiard-Lamp-Vision-web1.jpg.webp","type":"image\/webp"}],"twitter_card":"summary_large_image","twitter_misc":{"Est. reading time":"1 minute"},"schema":{"@context":"https:\/\/schema.org","@graph":[{"@type":"WebPage","@id":"https:\/\/biljardi.fi\/en\/product\/vision-led-billiard-light-for-all-table-sizes\/","url":"https:\/\/biljardi.fi\/en\/product\/vision-led-billiard-light-for-all-table-sizes\/","name":"[wpseo_titles]title-Tuote","isPartOf":{"@id":"https:\/\/biljardi.fi\/en\/#website"},"primaryImageOfPage":{"@id":"https:\/\/biljardi.fi\/en\/product\/vision-led-billiard-light-for-all-table-sizes\/#primaryimage"},"image":{"@id":"https:\/\/biljardi.fi\/en\/product\/vision-led-billiard-light-for-all-table-sizes\/#primaryimage"},"thumbnailUrl":"https:\/\/biljardi.fi\/wp-content\/uploads\/2025\/03\/Billiard-Lamp-Vision-web1.jpg.webp","datePublished":"2025-03-08T20:16:34+00:00","description":"[wpseo_titles]metadesc-Tuote","breadcrumb":{"@id":"https:\/\/biljardi.fi\/en\/product\/vision-led-billiard-light-for-all-table-sizes\/#breadcrumb"},"inLanguage":"en-US","potentialAction":[{"@type":"ReadAction","target":["https:\/\/biljardi.fi\/en\/product\/vision-led-billiard-light-for-all-table-sizes\/"]}]},{"@type":"ImageObject","inLanguage":"en-US","@id":"https:\/\/biljardi.fi\/en\/product\/vision-led-billiard-light-for-all-table-sizes\/#primaryimage","url":"https:\/\/biljardi.fi\/wp-content\/uploads\/2025\/03\/Billiard-Lamp-Vision-web1.jpg.webp","contentUrl":"https:\/\/biljardi.fi\/wp-content\/uploads\/2025\/03\/Billiard-Lamp-Vision-web1.jpg.webp","width":1310,"height":546},{"@type":"BreadcrumbList","@id":"https:\/\/biljardi.fi\/en\/product\/vision-led-billiard-light-for-all-table-sizes\/#breadcrumb","itemListElement":[{"@type":"ListItem","position":1,"name":"Etusivu","item":"https:\/\/biljardi.fi\/en\/home\/"},{"@type":"ListItem","position":2,"name":"Shop","item":"https:\/\/biljardi.fi\/en\/shop\/"},{"@type":"ListItem","position":3,"name":"Vision LED Billiard Light for All Table Sizes"}]},{"@type":"WebSite","@id":"https:\/\/biljardi.fi\/en\/#website","url":"https:\/\/biljardi.fi\/en\/","name":"Suomen Biljardimyynti Oy","description":"Biljardip\u00f6yd\u00e4t, Biljardi, Darts, Ilmakiekko, P\u00f6yt\u00e4jalkapallo","publisher":{"@id":"https:\/\/biljardi.fi\/en\/#organization"},"potentialAction":[{"@type":"SearchAction","target":{"@type":"EntryPoint","urlTemplate":"https:\/\/biljardi.fi\/en\/?s={search_term_string}"},"query-input":{"@type":"PropertyValueSpecification","valueRequired":true,"valueName":"search_term_string"}}],"inLanguage":"en-US"},{"@type":"Organization","@id":"https:\/\/biljardi.fi\/en\/#organization","name":"Suomen Biljardimyynti Oy","url":"https:\/\/biljardi.fi\/en\/","logo":{"@type":"ImageObject","inLanguage":"en-US","@id":"https:\/\/biljardi.fi\/en\/#\/schema\/logo\/image\/","url":"https:\/\/biljardi.fi\/wp-content\/uploads\/2025\/10\/logo_uus-1.png","contentUrl":"https:\/\/biljardi.fi\/wp-content\/uploads\/2025\/10\/logo_uus-1.png","width":360,"height":94,"caption":"Suomen Biljardimyynti Oy"},"image":{"@id":"https:\/\/biljardi.fi\/en\/#\/schema\/logo\/image\/"}}]}},"_links":{"self":[{"href":"https:\/\/biljardi.fi\/en\/wp-json\/wp\/v2\/product\/72235","targetHints":{"allow":["GET"]}}],"collection":[{"href":"https:\/\/biljardi.fi\/en\/wp-json\/wp\/v2\/product"}],"about":[{"href":"https:\/\/biljardi.fi\/en\/wp-json\/wp\/v2\/types\/product"}],"replies":[{"embeddable":true,"href":"https:\/\/biljardi.fi\/en\/wp-json\/wp\/v2\/comments?post=72235"}],"wp:featuredmedia":[{"embeddable":true,"href":"https:\/\/biljardi.fi\/en\/wp-json\/wp\/v2\/media\/66635"}],"wp:attachment":[{"href":"https:\/\/biljardi.fi\/en\/wp-json\/wp\/v2\/media?parent=72235"}],"wp:term":[{"taxonomy":"product_brand","embeddable":true,"href":"https:\/\/biljardi.fi\/en\/wp-json\/wp\/v2\/product_brand?post=72235"},{"taxonomy":"product_cat","embeddable":true,"href":"https:\/\/biljardi.fi\/en\/wp-json\/wp\/v2\/product_cat?post=72235"},{"taxonomy":"product_tag","embeddable":true,"href":"https:\/\/biljardi.fi\/en\/wp-json\/wp\/v2\/product_tag?post=72235"},{"taxonomy":"giftcard-category","embeddable":true,"href":"https:\/\/biljardi.fi\/en\/wp-json\/wp\/v2\/giftcard-category?post=72235"}],"curies":[{"name":"wp","href":"https:\/\/api.w.org\/{rel}","templated":true}]}}