{"id":72182,"date":"2025-11-28T11:36:18","date_gmt":"2025-11-28T09:36:18","guid":{"rendered":"https:\/\/biljardi.fi\/tuote\/star-wars-millennium-falcon-dart-board-and-surround-gift-set\/"},"modified":"2025-11-28T11:36:18","modified_gmt":"2025-11-28T09:36:18","slug":"star-wars-millennium-falcon-dart-board-and-surround-gift-set","status":"publish","type":"product","link":"https:\/\/biljardi.fi\/en\/tuote\/star-wars-millennium-falcon-dart-board-and-surround-gift-set\/","title":{"rendered":"Star Wars Millennium Falcon Dart Board and Surround Gift Set"},"content":{"rendered":"<div class=\"lRu31\" dir=\"ltr\"><span class=\"HwtZe\" lang=\"fi\"><span class=\"jCAhz ChMk0b\"><span class=\"ryNqvb\">STAR WARS\u2122 |<\/span><\/span> <span class=\"jCAhz ChMk0b\"><span class=\"ryNqvb\">TARGET TOR dart board and Millennium Falcon surround gift set<\/span><\/span> <\/span><\/div>\n<div dir=\"ltr\"><\/div>\n<div class=\"lRu31\" dir=\"ltr\"><span class=\"HwtZe\" lang=\"fi\"><span class=\"jCAhz ChMk0b\"><span class=\"ryNqvb\">Experience the STAR WARS\u2122 |<\/span><\/span> <span class=\"jCAhz ChMk0b\"><span class=\"ryNqvb\">TARGET TOR dart board and Millennium Falcon surround set, created in collaboration with The Walt Disney Company.<\/span><\/span> <span class=\"jCAhz ChMk0b\"><span class=\"ryNqvb\">This official setup is designed as a tribute to the galaxy&#8217;s fastest ship and transforms your home into the Millennium Falcon&#8217;s cockpit \u2013 offering a cinematic view of the stars while delivering professional-level performance.<\/span><\/span> <\/span><\/div>\n<div dir=\"ltr\"><\/div>\n<div class=\"lRu31\" dir=\"ltr\"><span class=\"HwtZe\" lang=\"fi\"><span class=\"jCAhz ChMk0b\"><span class=\"ryNqvb\">TOR \u2013 Precision Technology Meets Galactic Design The TOR dart board is made from premium 215-MDG sisal with excellent self-healing properties and long-lasting durability.<\/span><\/span> <span class=\"jCAhz ChMk0b\"><span class=\"ryNqvb\">The polished surface ensures a flawless finish, while bold, vibrant colors enhance visibility and accuracy.<\/span><\/span> <span class=\"jCAhz ChMk0b\"><span class=\"ryNqvb\">Ultra-thin stainless steel wire system \u2013 60% thinner than traditional wires \u2013 minimizes bounce-outs and maximizes scoring potential.<\/span><\/span> <span class=\"jCAhz ChMk0b\"><span class=\"ryNqvb\">Equipped with Peak-Fix locking and leveling system (with adjustable feet) and innovative 36XTEN rotating number ring, TOR ensures secure and level wall mounting while extending board life through ten even 36-degree rotations.<\/span><\/span> <\/span><\/div>\n<div dir=\"ltr\"><\/div>\n<div class=\"lRu31\" dir=\"ltr\"><span class=\"HwtZe\" lang=\"fi\"><span class=\"jCAhz ChMk0b\"><span class=\"ryNqvb\">Millennium Falcon Surround \u2013 Iconic Design Meets Darts! Inspired by the Falcon&#8217;s legendary cockpit, this themed surround is made from dense polymer with a grooved rear profile that provides active wall protection. <\/span><\/span> <span class=\"jCAhz ChMk0b\"><span class=\"ryNqvb\">It&#8217;s designed to fit perfectly around the TOR dart board and requires no wall mounting \u2013 offering easy installation and a stunning finish that suits every Star Wars fan&#8217;s setup.<\/span><\/span><span class=\"jCAhz ChMk0b\"><span class=\"ryNqvb\"> This official Star Wars home set is a tribute to the Millennium Falcon&#8217;s timeless design and star-filled excitement!<\/span><\/span><\/span><\/div>\n<div class=\"lRu31\" dir=\"ltr\">\n<div><\/div>\n<div class=\"OvtS8d\">This unique and stunning dart set includes the following products:<\/div>\n<ul>\n<li>STAR WARS | TARGET TOR Dart Board<\/li>\n<li>Millennium Falcon Surround<\/li>\n<li>Mounting Hardware<\/li>\n<\/ul>\n<\/div>\n","protected":false},"excerpt":{"rendered":"<p>STAR WARS\u2122 | TARGET TOR dart board and Millennium Falcon surround gift set Experience the STAR WARS\u2122 | TARGET TOR dart board and Millennium Falcon surround set, created in collaboration with The Walt Disney Company. This official setup is designed as a tribute to the galaxy&#8217;s fastest ship and transforms your home into the Millennium [&hellip;]<\/p>\n","protected":false},"featured_media":69853,"comment_status":"open","ping_status":"closed","template":"","meta":{"_improvement_type_select":"improve_an_existing","_thumb_yes_seoaic":false,"_frame_yes_seoaic":false,"seoaic_generate_description":"","seoaic_improve_instructions_prompt":"","seoaic_rollback_content_improvement":"","seoaic_idea_thumbnail_generator":"","thumbnail_generated":false,"thumbnail_generate_prompt":"","seoaic_article_description":""},"product_brand":[],"product_cat":[2146,2150],"product_tag":[],"giftcard-category":[],"class_list":{"0":"post-72182","1":"product","2":"type-product","3":"status-publish","4":"has-post-thumbnail","6":"product_cat-dartboards","7":"product_cat-surrounds-cabinets-lights","9":"first","10":"instock","11":"taxable","12":"shipping-taxable","13":"purchasable","14":"product-type-simple"},"exclude_global_add_ons":[],"addons":[],"yoast_head":"<!-- This site is optimized with the Yoast SEO plugin v27.3 - https:\/\/yoast.com\/product\/yoast-seo-wordpress\/ -->\n<title>[wpseo_titles]title-Tuote<\/title>\n<meta name=\"robots\" content=\"index, follow, max-snippet:-1, max-image-preview:large, max-video-preview:-1\" \/>\n<link rel=\"canonical\" href=\"https:\/\/biljardi.fi\/en\/tuote\/star-wars-millennium-falcon-dart-board-and-surround-gift-set\/\" \/>\n<meta property=\"og:locale\" content=\"en_US\" \/>\n<meta property=\"og:type\" content=\"article\" \/>\n<meta property=\"og:title\" content=\"[wpseo_titles]title-Tuote\" \/>\n<meta property=\"og:description\" content=\"STAR WARS\u2122 | TARGET TOR dart board and Millennium Falcon surround gift set Experience the STAR WARS\u2122 | TARGET TOR dart board and Millennium Falcon surround set, created in collaboration with The Walt Disney Company. This official setup is designed as a tribute to the galaxy&#8217;s fastest ship and transforms your home into the Millennium [&hellip;]\" \/>\n<meta property=\"og:url\" content=\"https:\/\/biljardi.fi\/en\/tuote\/star-wars-millennium-falcon-dart-board-and-surround-gift-set\/\" \/>\n<meta property=\"og:site_name\" content=\"Suomen Biljardimyynti Oy\" \/>\n<meta property=\"og:image\" content=\"https:\/\/biljardi.fi\/wp-content\/uploads\/2025\/11\/target-darts-star-wars-millenium-falcon-surround-and-board_1_.webp\" \/>\n\t<meta property=\"og:image:width\" content=\"1600\" \/>\n\t<meta property=\"og:image:height\" content=\"1600\" \/>\n\t<meta property=\"og:image:type\" content=\"image\/webp\" \/>\n<meta name=\"twitter:card\" content=\"summary_large_image\" \/>\n<meta name=\"twitter:label1\" content=\"Est. reading time\" \/>\n\t<meta name=\"twitter:data1\" content=\"1 minute\" \/>\n<script type=\"application\/ld+json\" class=\"yoast-schema-graph\">{\"@context\":\"https:\\\/\\\/schema.org\",\"@graph\":[{\"@type\":\"WebPage\",\"@id\":\"https:\\\/\\\/biljardi.fi\\\/en\\\/tuote\\\/star-wars-millennium-falcon-dart-board-and-surround-gift-set\\\/\",\"url\":\"https:\\\/\\\/biljardi.fi\\\/en\\\/tuote\\\/star-wars-millennium-falcon-dart-board-and-surround-gift-set\\\/\",\"name\":\"[wpseo_titles]title-Tuote\",\"isPartOf\":{\"@id\":\"https:\\\/\\\/biljardi.fi\\\/en\\\/#website\"},\"primaryImageOfPage\":{\"@id\":\"https:\\\/\\\/biljardi.fi\\\/en\\\/tuote\\\/star-wars-millennium-falcon-dart-board-and-surround-gift-set\\\/#primaryimage\"},\"image\":{\"@id\":\"https:\\\/\\\/biljardi.fi\\\/en\\\/tuote\\\/star-wars-millennium-falcon-dart-board-and-surround-gift-set\\\/#primaryimage\"},\"thumbnailUrl\":\"https:\\\/\\\/biljardi.fi\\\/wp-content\\\/uploads\\\/2025\\\/11\\\/target-darts-star-wars-millenium-falcon-surround-and-board_1_.webp\",\"datePublished\":\"2025-11-28T09:36:18+00:00\",\"breadcrumb\":{\"@id\":\"https:\\\/\\\/biljardi.fi\\\/en\\\/tuote\\\/star-wars-millennium-falcon-dart-board-and-surround-gift-set\\\/#breadcrumb\"},\"inLanguage\":\"en-US\",\"potentialAction\":[{\"@type\":\"ReadAction\",\"target\":[\"https:\\\/\\\/biljardi.fi\\\/en\\\/tuote\\\/star-wars-millennium-falcon-dart-board-and-surround-gift-set\\\/\"]}]},{\"@type\":\"ImageObject\",\"inLanguage\":\"en-US\",\"@id\":\"https:\\\/\\\/biljardi.fi\\\/en\\\/tuote\\\/star-wars-millennium-falcon-dart-board-and-surround-gift-set\\\/#primaryimage\",\"url\":\"https:\\\/\\\/biljardi.fi\\\/wp-content\\\/uploads\\\/2025\\\/11\\\/target-darts-star-wars-millenium-falcon-surround-and-board_1_.webp\",\"contentUrl\":\"https:\\\/\\\/biljardi.fi\\\/wp-content\\\/uploads\\\/2025\\\/11\\\/target-darts-star-wars-millenium-falcon-surround-and-board_1_.webp\",\"width\":1600,\"height\":1600},{\"@type\":\"BreadcrumbList\",\"@id\":\"https:\\\/\\\/biljardi.fi\\\/en\\\/tuote\\\/star-wars-millennium-falcon-dart-board-and-surround-gift-set\\\/#breadcrumb\",\"itemListElement\":[{\"@type\":\"ListItem\",\"position\":1,\"name\":\"Home\",\"item\":\"https:\\\/\\\/biljardi.fi\\\/en\\\/home\\\/\"},{\"@type\":\"ListItem\",\"position\":2,\"name\":\"Shop\",\"item\":\"https:\\\/\\\/biljardi.fi\\\/en\\\/shop\\\/\"},{\"@type\":\"ListItem\",\"position\":3,\"name\":\"Star Wars Millennium Falcon Dart Board and Surround Gift Set\"}]},{\"@type\":\"WebSite\",\"@id\":\"https:\\\/\\\/biljardi.fi\\\/en\\\/#website\",\"url\":\"https:\\\/\\\/biljardi.fi\\\/en\\\/\",\"name\":\"Suomen Biljardimyynti Oy\",\"description\":\"Biljardip\u00f6yd\u00e4t, Biljardi, Darts, Ilmakiekko, P\u00f6yt\u00e4jalkapallo\",\"publisher\":{\"@id\":\"https:\\\/\\\/biljardi.fi\\\/en\\\/#organization\"},\"potentialAction\":[{\"@type\":\"SearchAction\",\"target\":{\"@type\":\"EntryPoint\",\"urlTemplate\":\"https:\\\/\\\/biljardi.fi\\\/en\\\/?s={search_term_string}\"},\"query-input\":{\"@type\":\"PropertyValueSpecification\",\"valueRequired\":true,\"valueName\":\"search_term_string\"}}],\"inLanguage\":\"en-US\"},{\"@type\":\"Organization\",\"@id\":\"https:\\\/\\\/biljardi.fi\\\/en\\\/#organization\",\"name\":\"Suomen Biljardimyynti Oy\",\"url\":\"https:\\\/\\\/biljardi.fi\\\/en\\\/\",\"logo\":{\"@type\":\"ImageObject\",\"inLanguage\":\"en-US\",\"@id\":\"https:\\\/\\\/biljardi.fi\\\/en\\\/#\\\/schema\\\/logo\\\/image\\\/\",\"url\":\"https:\\\/\\\/biljardi.fi\\\/wp-content\\\/uploads\\\/2025\\\/10\\\/logo_uus-1.png\",\"contentUrl\":\"https:\\\/\\\/biljardi.fi\\\/wp-content\\\/uploads\\\/2025\\\/10\\\/logo_uus-1.png\",\"width\":360,\"height\":94,\"caption\":\"Suomen Biljardimyynti Oy\"},\"image\":{\"@id\":\"https:\\\/\\\/biljardi.fi\\\/en\\\/#\\\/schema\\\/logo\\\/image\\\/\"}}]}<\/script>\n<!-- \/ Yoast SEO plugin. -->","yoast_head_json":{"title":"[wpseo_titles]title-Tuote","robots":{"index":"index","follow":"follow","max-snippet":"max-snippet:-1","max-image-preview":"max-image-preview:large","max-video-preview":"max-video-preview:-1"},"canonical":"https:\/\/biljardi.fi\/en\/tuote\/star-wars-millennium-falcon-dart-board-and-surround-gift-set\/","og_locale":"en_US","og_type":"article","og_title":"[wpseo_titles]title-Tuote","og_description":"STAR WARS\u2122 | TARGET TOR dart board and Millennium Falcon surround gift set Experience the STAR WARS\u2122 | TARGET TOR dart board and Millennium Falcon surround set, created in collaboration with The Walt Disney Company. This official setup is designed as a tribute to the galaxy&#8217;s fastest ship and transforms your home into the Millennium [&hellip;]","og_url":"https:\/\/biljardi.fi\/en\/tuote\/star-wars-millennium-falcon-dart-board-and-surround-gift-set\/","og_site_name":"Suomen Biljardimyynti Oy","og_image":[{"width":1600,"height":1600,"url":"https:\/\/biljardi.fi\/wp-content\/uploads\/2025\/11\/target-darts-star-wars-millenium-falcon-surround-and-board_1_.webp","type":"image\/webp"}],"twitter_card":"summary_large_image","twitter_misc":{"Est. reading time":"1 minute"},"schema":{"@context":"https:\/\/schema.org","@graph":[{"@type":"WebPage","@id":"https:\/\/biljardi.fi\/en\/tuote\/star-wars-millennium-falcon-dart-board-and-surround-gift-set\/","url":"https:\/\/biljardi.fi\/en\/tuote\/star-wars-millennium-falcon-dart-board-and-surround-gift-set\/","name":"[wpseo_titles]title-Tuote","isPartOf":{"@id":"https:\/\/biljardi.fi\/en\/#website"},"primaryImageOfPage":{"@id":"https:\/\/biljardi.fi\/en\/tuote\/star-wars-millennium-falcon-dart-board-and-surround-gift-set\/#primaryimage"},"image":{"@id":"https:\/\/biljardi.fi\/en\/tuote\/star-wars-millennium-falcon-dart-board-and-surround-gift-set\/#primaryimage"},"thumbnailUrl":"https:\/\/biljardi.fi\/wp-content\/uploads\/2025\/11\/target-darts-star-wars-millenium-falcon-surround-and-board_1_.webp","datePublished":"2025-11-28T09:36:18+00:00","breadcrumb":{"@id":"https:\/\/biljardi.fi\/en\/tuote\/star-wars-millennium-falcon-dart-board-and-surround-gift-set\/#breadcrumb"},"inLanguage":"en-US","potentialAction":[{"@type":"ReadAction","target":["https:\/\/biljardi.fi\/en\/tuote\/star-wars-millennium-falcon-dart-board-and-surround-gift-set\/"]}]},{"@type":"ImageObject","inLanguage":"en-US","@id":"https:\/\/biljardi.fi\/en\/tuote\/star-wars-millennium-falcon-dart-board-and-surround-gift-set\/#primaryimage","url":"https:\/\/biljardi.fi\/wp-content\/uploads\/2025\/11\/target-darts-star-wars-millenium-falcon-surround-and-board_1_.webp","contentUrl":"https:\/\/biljardi.fi\/wp-content\/uploads\/2025\/11\/target-darts-star-wars-millenium-falcon-surround-and-board_1_.webp","width":1600,"height":1600},{"@type":"BreadcrumbList","@id":"https:\/\/biljardi.fi\/en\/tuote\/star-wars-millennium-falcon-dart-board-and-surround-gift-set\/#breadcrumb","itemListElement":[{"@type":"ListItem","position":1,"name":"Home","item":"https:\/\/biljardi.fi\/en\/home\/"},{"@type":"ListItem","position":2,"name":"Shop","item":"https:\/\/biljardi.fi\/en\/shop\/"},{"@type":"ListItem","position":3,"name":"Star Wars Millennium Falcon Dart Board and Surround Gift Set"}]},{"@type":"WebSite","@id":"https:\/\/biljardi.fi\/en\/#website","url":"https:\/\/biljardi.fi\/en\/","name":"Suomen Biljardimyynti Oy","description":"Biljardip\u00f6yd\u00e4t, Biljardi, Darts, Ilmakiekko, P\u00f6yt\u00e4jalkapallo","publisher":{"@id":"https:\/\/biljardi.fi\/en\/#organization"},"potentialAction":[{"@type":"SearchAction","target":{"@type":"EntryPoint","urlTemplate":"https:\/\/biljardi.fi\/en\/?s={search_term_string}"},"query-input":{"@type":"PropertyValueSpecification","valueRequired":true,"valueName":"search_term_string"}}],"inLanguage":"en-US"},{"@type":"Organization","@id":"https:\/\/biljardi.fi\/en\/#organization","name":"Suomen Biljardimyynti Oy","url":"https:\/\/biljardi.fi\/en\/","logo":{"@type":"ImageObject","inLanguage":"en-US","@id":"https:\/\/biljardi.fi\/en\/#\/schema\/logo\/image\/","url":"https:\/\/biljardi.fi\/wp-content\/uploads\/2025\/10\/logo_uus-1.png","contentUrl":"https:\/\/biljardi.fi\/wp-content\/uploads\/2025\/10\/logo_uus-1.png","width":360,"height":94,"caption":"Suomen Biljardimyynti Oy"},"image":{"@id":"https:\/\/biljardi.fi\/en\/#\/schema\/logo\/image\/"}}]}},"_links":{"self":[{"href":"https:\/\/biljardi.fi\/en\/wp-json\/wp\/v2\/product\/72182","targetHints":{"allow":["GET"]}}],"collection":[{"href":"https:\/\/biljardi.fi\/en\/wp-json\/wp\/v2\/product"}],"about":[{"href":"https:\/\/biljardi.fi\/en\/wp-json\/wp\/v2\/types\/product"}],"replies":[{"embeddable":true,"href":"https:\/\/biljardi.fi\/en\/wp-json\/wp\/v2\/comments?post=72182"}],"wp:featuredmedia":[{"embeddable":true,"href":"https:\/\/biljardi.fi\/en\/wp-json\/wp\/v2\/media\/69853"}],"wp:attachment":[{"href":"https:\/\/biljardi.fi\/en\/wp-json\/wp\/v2\/media?parent=72182"}],"wp:term":[{"taxonomy":"product_brand","embeddable":true,"href":"https:\/\/biljardi.fi\/en\/wp-json\/wp\/v2\/product_brand?post=72182"},{"taxonomy":"product_cat","embeddable":true,"href":"https:\/\/biljardi.fi\/en\/wp-json\/wp\/v2\/product_cat?post=72182"},{"taxonomy":"product_tag","embeddable":true,"href":"https:\/\/biljardi.fi\/en\/wp-json\/wp\/v2\/product_tag?post=72182"},{"taxonomy":"giftcard-category","embeddable":true,"href":"https:\/\/biljardi.fi\/en\/wp-json\/wp\/v2\/giftcard-category?post=72182"}],"curies":[{"name":"wp","href":"https:\/\/api.w.org\/{rel}","templated":true}]}}