{"id":72142,"date":"2025-12-17T14:03:39","date_gmt":"2025-12-17T12:03:39","guid":{"rendered":"https:\/\/biljardi.fi\/tuote\/konllen-3-88-12-5mm-carbon-fiber-shaft\/"},"modified":"2025-12-17T14:03:39","modified_gmt":"2025-12-17T12:03:39","slug":"konllen-3-88-12-5mm-carbon-fiber-shaft","status":"publish","type":"product","link":"https:\/\/biljardi.fi\/en\/product\/konllen-3-88-12-5mm-carbon-fiber-shaft\/","title":{"rendered":"Konllen 3\/8*8 12.5mm carbon fiber shaft"},"content":{"rendered":"<div>\n<div class=\"J0lOec\">Konllen 3\/8*10 12.5mm carbon fiber shaft<\/div>\n<div><\/div>\n<div><span class=\"HwtZe\" lang=\"fi\"><span class=\"jCAhz ChMk0b\"><span class=\"ryNqvb\">KONLLEN Low deflection carbon fiber shaft <\/span><\/span><span class=\"jCAhz ChMk0b\"><span class=\"ryNqvb\">is m<\/span><\/span><span class=\"jCAhz ChMk0b\"><span class=\"ryNqvb\">ade from aerospace carbon fiber, which is lightweight yet extremely strong to ensure power transfer when striking the ball and provide sensitive shot feel.<\/span><\/span><span class=\"jCAhz\"><span class=\"ryNqvb\"> The shaft surface is extremely smooth yet durable.<\/span><\/span><\/span><\/div>\n<div><\/div>\n<div>Tip diameter: 12.5 mm<\/div>\n<div>Shaft length: 29 inches<\/div>\n<div>Joint: 3\/8*8<\/div>\n<div>Tip: 9-layer leather laminate (M)<\/div>\n<\/div>\n<p><strong>Come test it in our store!<\/strong><\/p>\n","protected":false},"excerpt":{"rendered":"<p>Konllen 3\/8*10 12.5mm carbon fiber shaft KONLLEN Low deflection carbon fiber shaft is made from aerospace carbon fiber, which is lightweight yet extremely strong to ensure power transfer when striking the ball and provide sensitive shot feel. The shaft surface is extremely smooth yet durable. Tip diameter: 12.5 mm Shaft length: 29 inches Joint: 3\/8*8 [&hellip;]<\/p>\n","protected":false},"featured_media":70174,"comment_status":"open","ping_status":"closed","template":"","meta":[],"product_brand":[],"product_cat":[2128],"product_tag":[2028,2015,2014,2029,2095],"giftcard-category":[],"class_list":{"0":"post-72142","1":"product","2":"type-product","3":"status-publish","4":"has-post-thumbnail","6":"product_cat-pool-shafts","7":"product_tag-billiard-cue","8":"product_tag-billiard-sales","9":"product_tag-billiards","10":"product_tag-pool-cue","11":"product_tag-pool-shaft","13":"first","14":"instock","15":"sold-individually","16":"taxable","17":"shipping-taxable","18":"purchasable","19":"product-type-simple"},"exclude_global_add_ons":[],"addons":[],"yoast_head":"<!-- This site is optimized with the Yoast SEO plugin v27.6 - https:\/\/yoast.com\/product\/yoast-seo-wordpress\/ -->\n<title>[wpseo_titles]title-Tuote<\/title>\n<meta name=\"description\" content=\"[wpseo_titles]metadesc-Tuote\" \/>\n<meta name=\"robots\" content=\"index, follow, max-snippet:-1, max-image-preview:large, max-video-preview:-1\" \/>\n<link rel=\"canonical\" href=\"https:\/\/biljardi.fi\/en\/product\/konllen-3-88-12-5mm-carbon-fiber-shaft\/\" \/>\n<meta property=\"og:locale\" content=\"en_US\" \/>\n<meta property=\"og:type\" content=\"article\" \/>\n<meta property=\"og:title\" content=\"[wpseo_titles]title-Tuote\" \/>\n<meta property=\"og:description\" content=\"[wpseo_titles]metadesc-Tuote\" \/>\n<meta property=\"og:url\" content=\"https:\/\/biljardi.fi\/en\/product\/konllen-3-88-12-5mm-carbon-fiber-shaft\/\" \/>\n<meta property=\"og:site_name\" content=\"Suomen Biljardimyynti Oy\" \/>\n<meta property=\"og:image\" content=\"https:\/\/biljardi.fi\/wp-content\/uploads\/2025\/12\/1_e4f2f296-4753-4dbd-8495-ac21cd859612.webp\" \/>\n\t<meta property=\"og:image:width\" content=\"800\" \/>\n\t<meta property=\"og:image:height\" content=\"800\" \/>\n\t<meta property=\"og:image:type\" content=\"image\/webp\" \/>\n<meta name=\"twitter:card\" content=\"summary_large_image\" \/>\n<script type=\"application\/ld+json\" class=\"yoast-schema-graph\">{\"@context\":\"https:\\\/\\\/schema.org\",\"@graph\":[{\"@type\":\"WebPage\",\"@id\":\"https:\\\/\\\/biljardi.fi\\\/en\\\/product\\\/konllen-3-88-12-5mm-carbon-fiber-shaft\\\/\",\"url\":\"https:\\\/\\\/biljardi.fi\\\/en\\\/product\\\/konllen-3-88-12-5mm-carbon-fiber-shaft\\\/\",\"name\":\"[wpseo_titles]title-Tuote\",\"isPartOf\":{\"@id\":\"https:\\\/\\\/biljardi.fi\\\/en\\\/#website\"},\"primaryImageOfPage\":{\"@id\":\"https:\\\/\\\/biljardi.fi\\\/en\\\/product\\\/konllen-3-88-12-5mm-carbon-fiber-shaft\\\/#primaryimage\"},\"image\":{\"@id\":\"https:\\\/\\\/biljardi.fi\\\/en\\\/product\\\/konllen-3-88-12-5mm-carbon-fiber-shaft\\\/#primaryimage\"},\"thumbnailUrl\":\"https:\\\/\\\/biljardi.fi\\\/wp-content\\\/uploads\\\/2025\\\/12\\\/1_e4f2f296-4753-4dbd-8495-ac21cd859612.webp\",\"datePublished\":\"2025-12-17T12:03:39+00:00\",\"description\":\"[wpseo_titles]metadesc-Tuote\",\"breadcrumb\":{\"@id\":\"https:\\\/\\\/biljardi.fi\\\/en\\\/product\\\/konllen-3-88-12-5mm-carbon-fiber-shaft\\\/#breadcrumb\"},\"inLanguage\":\"en-US\",\"potentialAction\":[{\"@type\":\"ReadAction\",\"target\":[\"https:\\\/\\\/biljardi.fi\\\/en\\\/product\\\/konllen-3-88-12-5mm-carbon-fiber-shaft\\\/\"]}]},{\"@type\":\"ImageObject\",\"inLanguage\":\"en-US\",\"@id\":\"https:\\\/\\\/biljardi.fi\\\/en\\\/product\\\/konllen-3-88-12-5mm-carbon-fiber-shaft\\\/#primaryimage\",\"url\":\"https:\\\/\\\/biljardi.fi\\\/wp-content\\\/uploads\\\/2025\\\/12\\\/1_e4f2f296-4753-4dbd-8495-ac21cd859612.webp\",\"contentUrl\":\"https:\\\/\\\/biljardi.fi\\\/wp-content\\\/uploads\\\/2025\\\/12\\\/1_e4f2f296-4753-4dbd-8495-ac21cd859612.webp\",\"width\":800,\"height\":800},{\"@type\":\"BreadcrumbList\",\"@id\":\"https:\\\/\\\/biljardi.fi\\\/en\\\/product\\\/konllen-3-88-12-5mm-carbon-fiber-shaft\\\/#breadcrumb\",\"itemListElement\":[{\"@type\":\"ListItem\",\"position\":1,\"name\":\"Etusivu\",\"item\":\"https:\\\/\\\/biljardi.fi\\\/en\\\/home\\\/\"},{\"@type\":\"ListItem\",\"position\":2,\"name\":\"Shop\",\"item\":\"https:\\\/\\\/biljardi.fi\\\/en\\\/shop\\\/\"},{\"@type\":\"ListItem\",\"position\":3,\"name\":\"Konllen 3\\\/8*8 12.5mm carbon fiber shaft\"}]},{\"@type\":\"WebSite\",\"@id\":\"https:\\\/\\\/biljardi.fi\\\/en\\\/#website\",\"url\":\"https:\\\/\\\/biljardi.fi\\\/en\\\/\",\"name\":\"Suomen Biljardimyynti Oy\",\"description\":\"Biljardip\u00f6yd\u00e4t, Biljardi, Darts, Ilmakiekko, P\u00f6yt\u00e4jalkapallo\",\"publisher\":{\"@id\":\"https:\\\/\\\/biljardi.fi\\\/en\\\/#organization\"},\"potentialAction\":[{\"@type\":\"SearchAction\",\"target\":{\"@type\":\"EntryPoint\",\"urlTemplate\":\"https:\\\/\\\/biljardi.fi\\\/en\\\/?s={search_term_string}\"},\"query-input\":{\"@type\":\"PropertyValueSpecification\",\"valueRequired\":true,\"valueName\":\"search_term_string\"}}],\"inLanguage\":\"en-US\"},{\"@type\":\"Organization\",\"@id\":\"https:\\\/\\\/biljardi.fi\\\/en\\\/#organization\",\"name\":\"Suomen Biljardimyynti Oy\",\"url\":\"https:\\\/\\\/biljardi.fi\\\/en\\\/\",\"logo\":{\"@type\":\"ImageObject\",\"inLanguage\":\"en-US\",\"@id\":\"https:\\\/\\\/biljardi.fi\\\/en\\\/#\\\/schema\\\/logo\\\/image\\\/\",\"url\":\"https:\\\/\\\/biljardi.fi\\\/wp-content\\\/uploads\\\/2025\\\/10\\\/logo_uus-1.png\",\"contentUrl\":\"https:\\\/\\\/biljardi.fi\\\/wp-content\\\/uploads\\\/2025\\\/10\\\/logo_uus-1.png\",\"width\":360,\"height\":94,\"caption\":\"Suomen Biljardimyynti Oy\"},\"image\":{\"@id\":\"https:\\\/\\\/biljardi.fi\\\/en\\\/#\\\/schema\\\/logo\\\/image\\\/\"}}]}<\/script>\n<!-- \/ Yoast SEO plugin. -->","yoast_head_json":{"title":"[wpseo_titles]title-Tuote","description":"[wpseo_titles]metadesc-Tuote","robots":{"index":"index","follow":"follow","max-snippet":"max-snippet:-1","max-image-preview":"max-image-preview:large","max-video-preview":"max-video-preview:-1"},"canonical":"https:\/\/biljardi.fi\/en\/product\/konllen-3-88-12-5mm-carbon-fiber-shaft\/","og_locale":"en_US","og_type":"article","og_title":"[wpseo_titles]title-Tuote","og_description":"[wpseo_titles]metadesc-Tuote","og_url":"https:\/\/biljardi.fi\/en\/product\/konllen-3-88-12-5mm-carbon-fiber-shaft\/","og_site_name":"Suomen Biljardimyynti Oy","og_image":[{"width":800,"height":800,"url":"https:\/\/biljardi.fi\/wp-content\/uploads\/2025\/12\/1_e4f2f296-4753-4dbd-8495-ac21cd859612.webp","type":"image\/webp"}],"twitter_card":"summary_large_image","schema":{"@context":"https:\/\/schema.org","@graph":[{"@type":"WebPage","@id":"https:\/\/biljardi.fi\/en\/product\/konllen-3-88-12-5mm-carbon-fiber-shaft\/","url":"https:\/\/biljardi.fi\/en\/product\/konllen-3-88-12-5mm-carbon-fiber-shaft\/","name":"[wpseo_titles]title-Tuote","isPartOf":{"@id":"https:\/\/biljardi.fi\/en\/#website"},"primaryImageOfPage":{"@id":"https:\/\/biljardi.fi\/en\/product\/konllen-3-88-12-5mm-carbon-fiber-shaft\/#primaryimage"},"image":{"@id":"https:\/\/biljardi.fi\/en\/product\/konllen-3-88-12-5mm-carbon-fiber-shaft\/#primaryimage"},"thumbnailUrl":"https:\/\/biljardi.fi\/wp-content\/uploads\/2025\/12\/1_e4f2f296-4753-4dbd-8495-ac21cd859612.webp","datePublished":"2025-12-17T12:03:39+00:00","description":"[wpseo_titles]metadesc-Tuote","breadcrumb":{"@id":"https:\/\/biljardi.fi\/en\/product\/konllen-3-88-12-5mm-carbon-fiber-shaft\/#breadcrumb"},"inLanguage":"en-US","potentialAction":[{"@type":"ReadAction","target":["https:\/\/biljardi.fi\/en\/product\/konllen-3-88-12-5mm-carbon-fiber-shaft\/"]}]},{"@type":"ImageObject","inLanguage":"en-US","@id":"https:\/\/biljardi.fi\/en\/product\/konllen-3-88-12-5mm-carbon-fiber-shaft\/#primaryimage","url":"https:\/\/biljardi.fi\/wp-content\/uploads\/2025\/12\/1_e4f2f296-4753-4dbd-8495-ac21cd859612.webp","contentUrl":"https:\/\/biljardi.fi\/wp-content\/uploads\/2025\/12\/1_e4f2f296-4753-4dbd-8495-ac21cd859612.webp","width":800,"height":800},{"@type":"BreadcrumbList","@id":"https:\/\/biljardi.fi\/en\/product\/konllen-3-88-12-5mm-carbon-fiber-shaft\/#breadcrumb","itemListElement":[{"@type":"ListItem","position":1,"name":"Etusivu","item":"https:\/\/biljardi.fi\/en\/home\/"},{"@type":"ListItem","position":2,"name":"Shop","item":"https:\/\/biljardi.fi\/en\/shop\/"},{"@type":"ListItem","position":3,"name":"Konllen 3\/8*8 12.5mm carbon fiber shaft"}]},{"@type":"WebSite","@id":"https:\/\/biljardi.fi\/en\/#website","url":"https:\/\/biljardi.fi\/en\/","name":"Suomen Biljardimyynti Oy","description":"Biljardip\u00f6yd\u00e4t, Biljardi, Darts, Ilmakiekko, P\u00f6yt\u00e4jalkapallo","publisher":{"@id":"https:\/\/biljardi.fi\/en\/#organization"},"potentialAction":[{"@type":"SearchAction","target":{"@type":"EntryPoint","urlTemplate":"https:\/\/biljardi.fi\/en\/?s={search_term_string}"},"query-input":{"@type":"PropertyValueSpecification","valueRequired":true,"valueName":"search_term_string"}}],"inLanguage":"en-US"},{"@type":"Organization","@id":"https:\/\/biljardi.fi\/en\/#organization","name":"Suomen Biljardimyynti Oy","url":"https:\/\/biljardi.fi\/en\/","logo":{"@type":"ImageObject","inLanguage":"en-US","@id":"https:\/\/biljardi.fi\/en\/#\/schema\/logo\/image\/","url":"https:\/\/biljardi.fi\/wp-content\/uploads\/2025\/10\/logo_uus-1.png","contentUrl":"https:\/\/biljardi.fi\/wp-content\/uploads\/2025\/10\/logo_uus-1.png","width":360,"height":94,"caption":"Suomen Biljardimyynti Oy"},"image":{"@id":"https:\/\/biljardi.fi\/en\/#\/schema\/logo\/image\/"}}]}},"_links":{"self":[{"href":"https:\/\/biljardi.fi\/en\/wp-json\/wp\/v2\/product\/72142","targetHints":{"allow":["GET"]}}],"collection":[{"href":"https:\/\/biljardi.fi\/en\/wp-json\/wp\/v2\/product"}],"about":[{"href":"https:\/\/biljardi.fi\/en\/wp-json\/wp\/v2\/types\/product"}],"replies":[{"embeddable":true,"href":"https:\/\/biljardi.fi\/en\/wp-json\/wp\/v2\/comments?post=72142"}],"wp:featuredmedia":[{"embeddable":true,"href":"https:\/\/biljardi.fi\/en\/wp-json\/wp\/v2\/media\/70174"}],"wp:attachment":[{"href":"https:\/\/biljardi.fi\/en\/wp-json\/wp\/v2\/media?parent=72142"}],"wp:term":[{"taxonomy":"product_brand","embeddable":true,"href":"https:\/\/biljardi.fi\/en\/wp-json\/wp\/v2\/product_brand?post=72142"},{"taxonomy":"product_cat","embeddable":true,"href":"https:\/\/biljardi.fi\/en\/wp-json\/wp\/v2\/product_cat?post=72142"},{"taxonomy":"product_tag","embeddable":true,"href":"https:\/\/biljardi.fi\/en\/wp-json\/wp\/v2\/product_tag?post=72142"},{"taxonomy":"giftcard-category","embeddable":true,"href":"https:\/\/biljardi.fi\/en\/wp-json\/wp\/v2\/giftcard-category?post=72142"}],"curies":[{"name":"wp","href":"https:\/\/api.w.org\/{rel}","templated":true}]}}