{"id":72059,"date":"2021-02-22T15:03:37","date_gmt":"2021-02-22T13:03:37","guid":{"rendered":"https:\/\/biljardi.fi\/tuote\/glass-tinted-cover-top-for-billiard-table\/"},"modified":"2021-02-22T15:03:37","modified_gmt":"2021-02-22T13:03:37","slug":"glass-tinted-cover-top-for-billiard-table","status":"publish","type":"product","link":"https:\/\/biljardi.fi\/en\/tuote\/glass-tinted-cover-top-for-billiard-table\/","title":{"rendered":"Glass tinted cover top for billiard table"},"content":{"rendered":"<p>Glass cover top for billiard table, colored.<\/p>\n<p>Clear glass top with permanently printed color film on the underside. You can choose the color from the color chart below. <\/p>\n<p>Available for many table sizes. The top is two-piece, except for 9&#8242; size which is four-piece. <\/p>\n<p>Top thickness is 6 mm, except for 8&#8242; and 9&#8242; sizes which are 8 mm.<\/p>\n<p>Made to order. Delivery time approx. 6 weeks.  <\/p>\n<p>Sizes cm:<\/p>\n<ul>\n<li>5&#8242; 194 x 111.5<\/li>\n<li>6&#8242; 209 x 119<\/li>\n<li>7&#8242; 228 x 128.5<\/li>\n<li>8&#8242; 253 x 141<\/li>\n<li>9&#8242; 285 x 158<\/li>\n<\/ul>\n","protected":false},"excerpt":{"rendered":"<p>Glass cover top for billiard table, colored. Clear glass top with permanently printed color film on the underside. You can choose the color from the color chart below. Available for many table sizes. The top is two-piece, except for 9&#8242; size which is four-piece. Top thickness is 6 mm, except for 8&#8242; and 9&#8242; sizes [&hellip;]<\/p>\n","protected":false},"featured_media":53211,"comment_status":"open","ping_status":"closed","template":"","meta":{"_improvement_type_select":"improve_an_existing","_thumb_yes_seoaic":false,"_frame_yes_seoaic":false,"seoaic_generate_description":"","seoaic_improve_instructions_prompt":"","seoaic_rollback_content_improvement":"","seoaic_idea_thumbnail_generator":"","thumbnail_generated":false,"thumbnail_generate_prompt":"","seoaic_article_description":""},"product_brand":[],"product_cat":[2020,2011,2021,2073],"product_tag":[2138,2140,2139,2137],"giftcard-category":[],"class_list":{"0":"post-72059","1":"product","2":"type-product","3":"status-publish","4":"has-post-thumbnail","6":"product_cat-accessories","7":"product_cat-billiards","8":"product_cat-furniture","9":"product_cat-table-parts","10":"product_tag-cover-top","11":"product_tag-dining-top","12":"product_tag-top","13":"product_tag-top-panel","15":"first","16":"instock","17":"taxable","18":"shipping-taxable","19":"purchasable","20":"product-type-simple"},"exclude_global_add_ons":true,"addons":[{"name":"Size","type":"multiple_choice","position":0,"required":false,"title_format":"heading","default":"","description_enable":false,"description":null,"placeholder_enable":false,"placeholder":null,"display":"select","restrictions_type":"any_text","adjust_price":false,"price":"","price_type":"flat_fee","restrictions":false,"min":"0","max":"0","options":[{"label":"5'","price":"","price_type":"quantity_based","image":0,"visibility":true},{"label":"6'","price":"50","price_type":"quantity_based","image":0,"visibility":true},{"label":"7\u2019","price":"100","price_type":"quantity_based","image":0,"visibility":true},{"label":"8\u2019","price":"250","price_type":"quantity_based","image":0,"visibility":true},{"label":"9\u2019","price":"500","price_type":"quantity_based","image":0,"visibility":true}]},{"name":"Color","type":"custom_text","position":1,"required":false,"title_format":"heading","default":"","description_enable":true,"description":"Select the film color from the color chart below.","placeholder_enable":false,"placeholder":null,"display":"select","restrictions_type":"any_text","adjust_price":false,"price":"","price_type":"flat_fee","restrictions":false,"min":"0","max":"0","options":[]}],"yoast_head":"<!-- This site is optimized with the Yoast SEO plugin v27.3 - https:\/\/yoast.com\/product\/yoast-seo-wordpress\/ -->\n<title>[wpseo_titles]title-Tuote<\/title>\n<meta name=\"robots\" content=\"index, follow, max-snippet:-1, max-image-preview:large, max-video-preview:-1\" \/>\n<link rel=\"canonical\" href=\"https:\/\/biljardi.fi\/en\/tuote\/glass-tinted-cover-top-for-billiard-table\/\" \/>\n<meta property=\"og:locale\" content=\"en_US\" \/>\n<meta property=\"og:type\" content=\"article\" \/>\n<meta property=\"og:title\" content=\"[wpseo_titles]title-Tuote\" \/>\n<meta property=\"og:description\" content=\"Glass cover top for billiard table, colored. Clear glass top with permanently printed color film on the underside. You can choose the color from the color chart below. Available for many table sizes. The top is two-piece, except for 9&#8242; size which is four-piece. Top thickness is 6 mm, except for 8&#8242; and 9&#8242; sizes [&hellip;]\" \/>\n<meta property=\"og:url\" content=\"https:\/\/biljardi.fi\/en\/tuote\/glass-tinted-cover-top-for-billiard-table\/\" \/>\n<meta property=\"og:site_name\" content=\"Suomen Biljardimyynti Oy\" \/>\n<meta property=\"og:image\" content=\"https:\/\/biljardi.fi\/wp-content\/uploads\/2005\/08\/DECOTECH-Glass-dining-top-with-color-decor.jpg\" \/>\n\t<meta property=\"og:image:width\" content=\"1984\" \/>\n\t<meta property=\"og:image:height\" content=\"1417\" \/>\n\t<meta property=\"og:image:type\" content=\"image\/jpeg\" \/>\n<meta name=\"twitter:card\" content=\"summary_large_image\" \/>\n<script type=\"application\/ld+json\" class=\"yoast-schema-graph\">{\"@context\":\"https:\\\/\\\/schema.org\",\"@graph\":[{\"@type\":\"WebPage\",\"@id\":\"https:\\\/\\\/biljardi.fi\\\/en\\\/tuote\\\/glass-tinted-cover-top-for-billiard-table\\\/\",\"url\":\"https:\\\/\\\/biljardi.fi\\\/en\\\/tuote\\\/glass-tinted-cover-top-for-billiard-table\\\/\",\"name\":\"[wpseo_titles]title-Tuote\",\"isPartOf\":{\"@id\":\"https:\\\/\\\/biljardi.fi\\\/en\\\/#website\"},\"primaryImageOfPage\":{\"@id\":\"https:\\\/\\\/biljardi.fi\\\/en\\\/tuote\\\/glass-tinted-cover-top-for-billiard-table\\\/#primaryimage\"},\"image\":{\"@id\":\"https:\\\/\\\/biljardi.fi\\\/en\\\/tuote\\\/glass-tinted-cover-top-for-billiard-table\\\/#primaryimage\"},\"thumbnailUrl\":\"https:\\\/\\\/biljardi.fi\\\/wp-content\\\/uploads\\\/2005\\\/08\\\/DECOTECH-Glass-dining-top-with-color-decor.jpg\",\"datePublished\":\"2021-02-22T13:03:37+00:00\",\"breadcrumb\":{\"@id\":\"https:\\\/\\\/biljardi.fi\\\/en\\\/tuote\\\/glass-tinted-cover-top-for-billiard-table\\\/#breadcrumb\"},\"inLanguage\":\"en-US\",\"potentialAction\":[{\"@type\":\"ReadAction\",\"target\":[\"https:\\\/\\\/biljardi.fi\\\/en\\\/tuote\\\/glass-tinted-cover-top-for-billiard-table\\\/\"]}]},{\"@type\":\"ImageObject\",\"inLanguage\":\"en-US\",\"@id\":\"https:\\\/\\\/biljardi.fi\\\/en\\\/tuote\\\/glass-tinted-cover-top-for-billiard-table\\\/#primaryimage\",\"url\":\"https:\\\/\\\/biljardi.fi\\\/wp-content\\\/uploads\\\/2005\\\/08\\\/DECOTECH-Glass-dining-top-with-color-decor.jpg\",\"contentUrl\":\"https:\\\/\\\/biljardi.fi\\\/wp-content\\\/uploads\\\/2005\\\/08\\\/DECOTECH-Glass-dining-top-with-color-decor.jpg\",\"width\":1984,\"height\":1417},{\"@type\":\"BreadcrumbList\",\"@id\":\"https:\\\/\\\/biljardi.fi\\\/en\\\/tuote\\\/glass-tinted-cover-top-for-billiard-table\\\/#breadcrumb\",\"itemListElement\":[{\"@type\":\"ListItem\",\"position\":1,\"name\":\"Home\",\"item\":\"https:\\\/\\\/biljardi.fi\\\/en\\\/home\\\/\"},{\"@type\":\"ListItem\",\"position\":2,\"name\":\"Shop\",\"item\":\"https:\\\/\\\/biljardi.fi\\\/en\\\/shop\\\/\"},{\"@type\":\"ListItem\",\"position\":3,\"name\":\"Glass tinted cover top for billiard table\"}]},{\"@type\":\"WebSite\",\"@id\":\"https:\\\/\\\/biljardi.fi\\\/en\\\/#website\",\"url\":\"https:\\\/\\\/biljardi.fi\\\/en\\\/\",\"name\":\"Suomen Biljardimyynti Oy\",\"description\":\"Biljardip\u00f6yd\u00e4t, Biljardi, Darts, Ilmakiekko, P\u00f6yt\u00e4jalkapallo\",\"publisher\":{\"@id\":\"https:\\\/\\\/biljardi.fi\\\/en\\\/#organization\"},\"potentialAction\":[{\"@type\":\"SearchAction\",\"target\":{\"@type\":\"EntryPoint\",\"urlTemplate\":\"https:\\\/\\\/biljardi.fi\\\/en\\\/?s={search_term_string}\"},\"query-input\":{\"@type\":\"PropertyValueSpecification\",\"valueRequired\":true,\"valueName\":\"search_term_string\"}}],\"inLanguage\":\"en-US\"},{\"@type\":\"Organization\",\"@id\":\"https:\\\/\\\/biljardi.fi\\\/en\\\/#organization\",\"name\":\"Suomen Biljardimyynti Oy\",\"url\":\"https:\\\/\\\/biljardi.fi\\\/en\\\/\",\"logo\":{\"@type\":\"ImageObject\",\"inLanguage\":\"en-US\",\"@id\":\"https:\\\/\\\/biljardi.fi\\\/en\\\/#\\\/schema\\\/logo\\\/image\\\/\",\"url\":\"https:\\\/\\\/biljardi.fi\\\/wp-content\\\/uploads\\\/2025\\\/10\\\/logo_uus-1.png\",\"contentUrl\":\"https:\\\/\\\/biljardi.fi\\\/wp-content\\\/uploads\\\/2025\\\/10\\\/logo_uus-1.png\",\"width\":360,\"height\":94,\"caption\":\"Suomen Biljardimyynti Oy\"},\"image\":{\"@id\":\"https:\\\/\\\/biljardi.fi\\\/en\\\/#\\\/schema\\\/logo\\\/image\\\/\"}}]}<\/script>\n<!-- \/ Yoast SEO plugin. -->","yoast_head_json":{"title":"[wpseo_titles]title-Tuote","robots":{"index":"index","follow":"follow","max-snippet":"max-snippet:-1","max-image-preview":"max-image-preview:large","max-video-preview":"max-video-preview:-1"},"canonical":"https:\/\/biljardi.fi\/en\/tuote\/glass-tinted-cover-top-for-billiard-table\/","og_locale":"en_US","og_type":"article","og_title":"[wpseo_titles]title-Tuote","og_description":"Glass cover top for billiard table, colored. Clear glass top with permanently printed color film on the underside. You can choose the color from the color chart below. Available for many table sizes. The top is two-piece, except for 9&#8242; size which is four-piece. Top thickness is 6 mm, except for 8&#8242; and 9&#8242; sizes [&hellip;]","og_url":"https:\/\/biljardi.fi\/en\/tuote\/glass-tinted-cover-top-for-billiard-table\/","og_site_name":"Suomen Biljardimyynti Oy","og_image":[{"width":1984,"height":1417,"url":"https:\/\/biljardi.fi\/wp-content\/uploads\/2005\/08\/DECOTECH-Glass-dining-top-with-color-decor.jpg","type":"image\/jpeg"}],"twitter_card":"summary_large_image","schema":{"@context":"https:\/\/schema.org","@graph":[{"@type":"WebPage","@id":"https:\/\/biljardi.fi\/en\/tuote\/glass-tinted-cover-top-for-billiard-table\/","url":"https:\/\/biljardi.fi\/en\/tuote\/glass-tinted-cover-top-for-billiard-table\/","name":"[wpseo_titles]title-Tuote","isPartOf":{"@id":"https:\/\/biljardi.fi\/en\/#website"},"primaryImageOfPage":{"@id":"https:\/\/biljardi.fi\/en\/tuote\/glass-tinted-cover-top-for-billiard-table\/#primaryimage"},"image":{"@id":"https:\/\/biljardi.fi\/en\/tuote\/glass-tinted-cover-top-for-billiard-table\/#primaryimage"},"thumbnailUrl":"https:\/\/biljardi.fi\/wp-content\/uploads\/2005\/08\/DECOTECH-Glass-dining-top-with-color-decor.jpg","datePublished":"2021-02-22T13:03:37+00:00","breadcrumb":{"@id":"https:\/\/biljardi.fi\/en\/tuote\/glass-tinted-cover-top-for-billiard-table\/#breadcrumb"},"inLanguage":"en-US","potentialAction":[{"@type":"ReadAction","target":["https:\/\/biljardi.fi\/en\/tuote\/glass-tinted-cover-top-for-billiard-table\/"]}]},{"@type":"ImageObject","inLanguage":"en-US","@id":"https:\/\/biljardi.fi\/en\/tuote\/glass-tinted-cover-top-for-billiard-table\/#primaryimage","url":"https:\/\/biljardi.fi\/wp-content\/uploads\/2005\/08\/DECOTECH-Glass-dining-top-with-color-decor.jpg","contentUrl":"https:\/\/biljardi.fi\/wp-content\/uploads\/2005\/08\/DECOTECH-Glass-dining-top-with-color-decor.jpg","width":1984,"height":1417},{"@type":"BreadcrumbList","@id":"https:\/\/biljardi.fi\/en\/tuote\/glass-tinted-cover-top-for-billiard-table\/#breadcrumb","itemListElement":[{"@type":"ListItem","position":1,"name":"Home","item":"https:\/\/biljardi.fi\/en\/home\/"},{"@type":"ListItem","position":2,"name":"Shop","item":"https:\/\/biljardi.fi\/en\/shop\/"},{"@type":"ListItem","position":3,"name":"Glass tinted cover top for billiard table"}]},{"@type":"WebSite","@id":"https:\/\/biljardi.fi\/en\/#website","url":"https:\/\/biljardi.fi\/en\/","name":"Suomen Biljardimyynti Oy","description":"Biljardip\u00f6yd\u00e4t, Biljardi, Darts, Ilmakiekko, P\u00f6yt\u00e4jalkapallo","publisher":{"@id":"https:\/\/biljardi.fi\/en\/#organization"},"potentialAction":[{"@type":"SearchAction","target":{"@type":"EntryPoint","urlTemplate":"https:\/\/biljardi.fi\/en\/?s={search_term_string}"},"query-input":{"@type":"PropertyValueSpecification","valueRequired":true,"valueName":"search_term_string"}}],"inLanguage":"en-US"},{"@type":"Organization","@id":"https:\/\/biljardi.fi\/en\/#organization","name":"Suomen Biljardimyynti Oy","url":"https:\/\/biljardi.fi\/en\/","logo":{"@type":"ImageObject","inLanguage":"en-US","@id":"https:\/\/biljardi.fi\/en\/#\/schema\/logo\/image\/","url":"https:\/\/biljardi.fi\/wp-content\/uploads\/2025\/10\/logo_uus-1.png","contentUrl":"https:\/\/biljardi.fi\/wp-content\/uploads\/2025\/10\/logo_uus-1.png","width":360,"height":94,"caption":"Suomen Biljardimyynti Oy"},"image":{"@id":"https:\/\/biljardi.fi\/en\/#\/schema\/logo\/image\/"}}]}},"_links":{"self":[{"href":"https:\/\/biljardi.fi\/en\/wp-json\/wp\/v2\/product\/72059","targetHints":{"allow":["GET"]}}],"collection":[{"href":"https:\/\/biljardi.fi\/en\/wp-json\/wp\/v2\/product"}],"about":[{"href":"https:\/\/biljardi.fi\/en\/wp-json\/wp\/v2\/types\/product"}],"replies":[{"embeddable":true,"href":"https:\/\/biljardi.fi\/en\/wp-json\/wp\/v2\/comments?post=72059"}],"wp:featuredmedia":[{"embeddable":true,"href":"https:\/\/biljardi.fi\/en\/wp-json\/wp\/v2\/media\/53211"}],"wp:attachment":[{"href":"https:\/\/biljardi.fi\/en\/wp-json\/wp\/v2\/media?parent=72059"}],"wp:term":[{"taxonomy":"product_brand","embeddable":true,"href":"https:\/\/biljardi.fi\/en\/wp-json\/wp\/v2\/product_brand?post=72059"},{"taxonomy":"product_cat","embeddable":true,"href":"https:\/\/biljardi.fi\/en\/wp-json\/wp\/v2\/product_cat?post=72059"},{"taxonomy":"product_tag","embeddable":true,"href":"https:\/\/biljardi.fi\/en\/wp-json\/wp\/v2\/product_tag?post=72059"},{"taxonomy":"giftcard-category","embeddable":true,"href":"https:\/\/biljardi.fi\/en\/wp-json\/wp\/v2\/giftcard-category?post=72059"}],"curies":[{"name":"wp","href":"https:\/\/api.w.org\/{rel}","templated":true}]}}