{"id":72029,"date":"2021-04-28T09:55:45","date_gmt":"2021-04-28T06:55:45","guid":{"rendered":"https:\/\/biljardi.fi\/tuote\/century-pro-ti-f-snooker-cue-titanium-ferrule\/"},"modified":"2021-04-28T09:55:45","modified_gmt":"2021-04-28T06:55:45","slug":"century-pro-ti-f-snooker-cue-titanium-ferrule","status":"publish","type":"product","link":"https:\/\/biljardi.fi\/en\/product\/century-pro-ti-f-snooker-cue-titanium-ferrule\/","title":{"rendered":"Century Pro Ti-F snooker cue titanium ferrule"},"content":{"rendered":"<p>Century Pro snooker cue titanium ferrule.<\/p>\n<p><span class=\"VIiyi\" lang=\"fi\"><span class=\"JLqJ4b ChMk0b\" data-language-for-alternatives=\"fi\" data-language-to-translate-into=\"en\" data-phrase-index=\"0\">The world&#8217;s first low-deflection snooker cue ferrule made from titanium alloy.<\/span> CC&#8217;s titanium ferrule is a unique innovation in the snooker cue market. <\/span><\/p>\n<p><span class=\"VIiyi\" lang=\"fi\"><span class=\"JLqJ4b ChMk0b\" data-language-for-alternatives=\"fi\" data-language-to-translate-into=\"en\" data-phrase-index=\"3\">Traditional brass has been the material of choice for snooker ferrules for over a century, but it&#8217;s far from ideal.<\/span> <span class=\"JLqJ4b ChMk0b\" data-language-for-alternatives=\"fi\" data-language-to-translate-into=\"en\" data-phrase-index=\"4\">Due to the relative softness of brass, every tip change reduces the ferrule&#8217;s diameter and ruins its shape.<\/span> <span class=\"JLqJ4b ChMk0b\" data-language-for-alternatives=\"fi\" data-language-to-translate-into=\"en\" data-phrase-index=\"5\">Even a light polish at the end of the job removes material.<\/span> <span class=\"JLqJ4b ChMk0b\" data-language-for-alternatives=\"fi\" data-language-to-translate-into=\"en\" data-phrase-index=\"6\">This inevitably changes the cue&#8217;s playability and compromises its consistent performance.<\/span> <span class=\"JLqJ4b ChMk0b\" data-language-for-alternatives=\"fi\" data-language-to-translate-into=\"en\" data-phrase-index=\"7\">Imagine a ferrule where this can&#8217;t happen.<\/span> <span class=\"JLqJ4b ChMk0b\" data-language-for-alternatives=\"fi\" data-language-to-translate-into=\"en\" data-phrase-index=\"8\">A ferrule that maintains its structural integrity for a lifetime, no matter how many times you change the tip.<\/span> <span class=\"JLqJ4b ChMk0b\" data-language-for-alternatives=\"fi\" data-language-to-translate-into=\"en\" data-phrase-index=\"9\">This ferrule is the Century Pro Ti-F.<\/span> <\/span><\/p>\n<p><strong>In the video below, Top 10 snooker professional Kyren Wilson demonstrates the difference between titanium and brass ferrules. <\/strong><\/p>\n<div style=\"width: 800px;\" class=\"wp-video\"><video class=\"wp-video-shortcode\" id=\"video-72029-1\" width=\"800\" height=\"453\" preload=\"metadata\" controls=\"controls\"><source type=\"video\/mp4\" src=\"https:\/\/biljardi.fi\/wp-content\/uploads\/2021\/04\/Kyren-Wilson-CC-Tif-DEMO-video-2020.mp4?_=1\" \/><a href=\"https:\/\/biljardi.fi\/wp-content\/uploads\/2021\/04\/Kyren-Wilson-CC-Tif-DEMO-video-2020.mp4\">https:\/\/biljardi.fi\/wp-content\/uploads\/2021\/04\/Kyren-Wilson-CC-Tif-DEMO-video-2020.mp4<\/a><\/video><\/div>\n<p><strong>The following top professionals, among others, already play with the Century Cues titanium ferrule: <\/strong><\/p>\n<ul>\n<li>Kyren Wilson<\/li>\n<li>John Higgins<\/li>\n<li>Stephen Maguire<\/li>\n<li>Gary Wilson<\/li>\n<li>Anthony McGill<\/li>\n<li>Jimmy White<\/li>\n<li>and many others.<\/li>\n<\/ul>\n","protected":false},"excerpt":{"rendered":"<p>Century Pro snooker cue titanium ferrule. The world&#8217;s first low-deflection snooker cue ferrule made from titanium alloy. CC&#8217;s titanium ferrule is a unique innovation in the snooker cue market. Traditional brass has been the material of choice for snooker ferrules for over a century, but it&#8217;s far from ideal. Due to the relative softness of [&hellip;]<\/p>\n","protected":false},"featured_media":56383,"comment_status":"closed","ping_status":"closed","template":"","meta":[],"product_brand":[],"product_cat":[2032,2063,2033],"product_tag":[2028,2014,2065,2134,2064,2136],"giftcard-category":[],"class_list":{"0":"post-72029","1":"product","2":"type-product","3":"status-publish","4":"has-post-thumbnail","6":"product_cat-cue-maintenance-tools","7":"product_cat-laminates-and-leathers","8":"product_cat-other-accessories","9":"product_tag-billiard-cue","10":"product_tag-billiards","11":"product_tag-ferrule","12":"product_tag-ferrule-2","13":"product_tag-snooker","14":"product_tag-titanium","16":"first","17":"instock","18":"taxable","19":"shipping-taxable","20":"purchasable","21":"product-type-simple"},"exclude_global_add_ons":false,"addons":[{"name":"Size","type":"multiple_choice","position":0,"required":false,"title_format":"heading","default":"","description_enable":false,"description":null,"placeholder_enable":false,"placeholder":null,"display":"select","restrictions_type":"any_text","adjust_price":false,"price":"","price_type":"flat_fee","restrictions":false,"min":"0","max":"0","options":[{"label":"9.5 mm","price":"","price_type":"quantity_based","image":0,"visibility":true},{"label":"9.7 mm","price":"","price_type":"flat_fee","image":0,"visibility":true},{"label":"9.9 mm","price":"","price_type":"quantity_based","image":0,"visibility":true},{"label":"10 mm","price":"","price_type":"flat_fee","image":0,"visibility":true}],"id":1760098237}],"yoast_head":"<!-- This site is optimized with the Yoast SEO plugin v27.6 - https:\/\/yoast.com\/product\/yoast-seo-wordpress\/ -->\n<title>[wpseo_titles]title-Tuote<\/title>\n<meta name=\"description\" content=\"[wpseo_titles]metadesc-Tuote\" \/>\n<meta name=\"robots\" content=\"index, follow, max-snippet:-1, max-image-preview:large, max-video-preview:-1\" \/>\n<link rel=\"canonical\" href=\"https:\/\/biljardi.fi\/en\/product\/century-pro-ti-f-snooker-cue-titanium-ferrule\/\" \/>\n<meta property=\"og:locale\" content=\"en_US\" \/>\n<meta property=\"og:type\" content=\"article\" \/>\n<meta property=\"og:title\" content=\"[wpseo_titles]title-Tuote\" \/>\n<meta property=\"og:description\" content=\"[wpseo_titles]metadesc-Tuote\" \/>\n<meta property=\"og:url\" content=\"https:\/\/biljardi.fi\/en\/product\/century-pro-ti-f-snooker-cue-titanium-ferrule\/\" \/>\n<meta property=\"og:site_name\" content=\"Suomen Biljardimyynti Oy\" \/>\n<meta property=\"og:image\" content=\"https:\/\/biljardi.fi\/wp-content\/uploads\/2021\/04\/CENTURY-PRO-T_F-LOW-DEFLECTION-TITANIUM-FERRULE.jpg\" \/>\n\t<meta property=\"og:image:width\" content=\"625\" \/>\n\t<meta property=\"og:image:height\" content=\"625\" \/>\n\t<meta property=\"og:image:type\" content=\"image\/jpeg\" \/>\n<meta name=\"twitter:card\" content=\"summary_large_image\" \/>\n<meta name=\"twitter:label1\" content=\"Est. reading time\" \/>\n\t<meta name=\"twitter:data1\" content=\"1 minute\" \/>\n<script type=\"application\/ld+json\" class=\"yoast-schema-graph\">{\"@context\":\"https:\\\/\\\/schema.org\",\"@graph\":[{\"@type\":\"WebPage\",\"@id\":\"https:\\\/\\\/biljardi.fi\\\/en\\\/product\\\/century-pro-ti-f-snooker-cue-titanium-ferrule\\\/\",\"url\":\"https:\\\/\\\/biljardi.fi\\\/en\\\/product\\\/century-pro-ti-f-snooker-cue-titanium-ferrule\\\/\",\"name\":\"[wpseo_titles]title-Tuote\",\"isPartOf\":{\"@id\":\"https:\\\/\\\/biljardi.fi\\\/en\\\/#website\"},\"primaryImageOfPage\":{\"@id\":\"https:\\\/\\\/biljardi.fi\\\/en\\\/product\\\/century-pro-ti-f-snooker-cue-titanium-ferrule\\\/#primaryimage\"},\"image\":{\"@id\":\"https:\\\/\\\/biljardi.fi\\\/en\\\/product\\\/century-pro-ti-f-snooker-cue-titanium-ferrule\\\/#primaryimage\"},\"thumbnailUrl\":\"https:\\\/\\\/biljardi.fi\\\/wp-content\\\/uploads\\\/2021\\\/04\\\/CENTURY-PRO-T_F-LOW-DEFLECTION-TITANIUM-FERRULE.jpg\",\"datePublished\":\"2021-04-28T06:55:45+00:00\",\"description\":\"[wpseo_titles]metadesc-Tuote\",\"breadcrumb\":{\"@id\":\"https:\\\/\\\/biljardi.fi\\\/en\\\/product\\\/century-pro-ti-f-snooker-cue-titanium-ferrule\\\/#breadcrumb\"},\"inLanguage\":\"en-US\",\"potentialAction\":[{\"@type\":\"ReadAction\",\"target\":[\"https:\\\/\\\/biljardi.fi\\\/en\\\/product\\\/century-pro-ti-f-snooker-cue-titanium-ferrule\\\/\"]}]},{\"@type\":\"ImageObject\",\"inLanguage\":\"en-US\",\"@id\":\"https:\\\/\\\/biljardi.fi\\\/en\\\/product\\\/century-pro-ti-f-snooker-cue-titanium-ferrule\\\/#primaryimage\",\"url\":\"https:\\\/\\\/biljardi.fi\\\/wp-content\\\/uploads\\\/2021\\\/04\\\/CENTURY-PRO-T_F-LOW-DEFLECTION-TITANIUM-FERRULE.jpg\",\"contentUrl\":\"https:\\\/\\\/biljardi.fi\\\/wp-content\\\/uploads\\\/2021\\\/04\\\/CENTURY-PRO-T_F-LOW-DEFLECTION-TITANIUM-FERRULE.jpg\",\"width\":625,\"height\":625},{\"@type\":\"BreadcrumbList\",\"@id\":\"https:\\\/\\\/biljardi.fi\\\/en\\\/product\\\/century-pro-ti-f-snooker-cue-titanium-ferrule\\\/#breadcrumb\",\"itemListElement\":[{\"@type\":\"ListItem\",\"position\":1,\"name\":\"Etusivu\",\"item\":\"https:\\\/\\\/biljardi.fi\\\/en\\\/home\\\/\"},{\"@type\":\"ListItem\",\"position\":2,\"name\":\"Shop\",\"item\":\"https:\\\/\\\/biljardi.fi\\\/en\\\/shop\\\/\"},{\"@type\":\"ListItem\",\"position\":3,\"name\":\"Century Pro Ti-F snooker cue titanium ferrule\"}]},{\"@type\":\"WebSite\",\"@id\":\"https:\\\/\\\/biljardi.fi\\\/en\\\/#website\",\"url\":\"https:\\\/\\\/biljardi.fi\\\/en\\\/\",\"name\":\"Suomen Biljardimyynti Oy\",\"description\":\"Biljardip\u00f6yd\u00e4t, Biljardi, Darts, Ilmakiekko, P\u00f6yt\u00e4jalkapallo\",\"publisher\":{\"@id\":\"https:\\\/\\\/biljardi.fi\\\/en\\\/#organization\"},\"potentialAction\":[{\"@type\":\"SearchAction\",\"target\":{\"@type\":\"EntryPoint\",\"urlTemplate\":\"https:\\\/\\\/biljardi.fi\\\/en\\\/?s={search_term_string}\"},\"query-input\":{\"@type\":\"PropertyValueSpecification\",\"valueRequired\":true,\"valueName\":\"search_term_string\"}}],\"inLanguage\":\"en-US\"},{\"@type\":\"Organization\",\"@id\":\"https:\\\/\\\/biljardi.fi\\\/en\\\/#organization\",\"name\":\"Suomen Biljardimyynti Oy\",\"url\":\"https:\\\/\\\/biljardi.fi\\\/en\\\/\",\"logo\":{\"@type\":\"ImageObject\",\"inLanguage\":\"en-US\",\"@id\":\"https:\\\/\\\/biljardi.fi\\\/en\\\/#\\\/schema\\\/logo\\\/image\\\/\",\"url\":\"https:\\\/\\\/biljardi.fi\\\/wp-content\\\/uploads\\\/2025\\\/10\\\/logo_uus-1.png\",\"contentUrl\":\"https:\\\/\\\/biljardi.fi\\\/wp-content\\\/uploads\\\/2025\\\/10\\\/logo_uus-1.png\",\"width\":360,\"height\":94,\"caption\":\"Suomen Biljardimyynti Oy\"},\"image\":{\"@id\":\"https:\\\/\\\/biljardi.fi\\\/en\\\/#\\\/schema\\\/logo\\\/image\\\/\"}}]}<\/script>\n<!-- \/ Yoast SEO plugin. -->","yoast_head_json":{"title":"[wpseo_titles]title-Tuote","description":"[wpseo_titles]metadesc-Tuote","robots":{"index":"index","follow":"follow","max-snippet":"max-snippet:-1","max-image-preview":"max-image-preview:large","max-video-preview":"max-video-preview:-1"},"canonical":"https:\/\/biljardi.fi\/en\/product\/century-pro-ti-f-snooker-cue-titanium-ferrule\/","og_locale":"en_US","og_type":"article","og_title":"[wpseo_titles]title-Tuote","og_description":"[wpseo_titles]metadesc-Tuote","og_url":"https:\/\/biljardi.fi\/en\/product\/century-pro-ti-f-snooker-cue-titanium-ferrule\/","og_site_name":"Suomen Biljardimyynti Oy","og_image":[{"width":625,"height":625,"url":"https:\/\/biljardi.fi\/wp-content\/uploads\/2021\/04\/CENTURY-PRO-T_F-LOW-DEFLECTION-TITANIUM-FERRULE.jpg","type":"image\/jpeg"}],"twitter_card":"summary_large_image","twitter_misc":{"Est. reading time":"1 minute"},"schema":{"@context":"https:\/\/schema.org","@graph":[{"@type":"WebPage","@id":"https:\/\/biljardi.fi\/en\/product\/century-pro-ti-f-snooker-cue-titanium-ferrule\/","url":"https:\/\/biljardi.fi\/en\/product\/century-pro-ti-f-snooker-cue-titanium-ferrule\/","name":"[wpseo_titles]title-Tuote","isPartOf":{"@id":"https:\/\/biljardi.fi\/en\/#website"},"primaryImageOfPage":{"@id":"https:\/\/biljardi.fi\/en\/product\/century-pro-ti-f-snooker-cue-titanium-ferrule\/#primaryimage"},"image":{"@id":"https:\/\/biljardi.fi\/en\/product\/century-pro-ti-f-snooker-cue-titanium-ferrule\/#primaryimage"},"thumbnailUrl":"https:\/\/biljardi.fi\/wp-content\/uploads\/2021\/04\/CENTURY-PRO-T_F-LOW-DEFLECTION-TITANIUM-FERRULE.jpg","datePublished":"2021-04-28T06:55:45+00:00","description":"[wpseo_titles]metadesc-Tuote","breadcrumb":{"@id":"https:\/\/biljardi.fi\/en\/product\/century-pro-ti-f-snooker-cue-titanium-ferrule\/#breadcrumb"},"inLanguage":"en-US","potentialAction":[{"@type":"ReadAction","target":["https:\/\/biljardi.fi\/en\/product\/century-pro-ti-f-snooker-cue-titanium-ferrule\/"]}]},{"@type":"ImageObject","inLanguage":"en-US","@id":"https:\/\/biljardi.fi\/en\/product\/century-pro-ti-f-snooker-cue-titanium-ferrule\/#primaryimage","url":"https:\/\/biljardi.fi\/wp-content\/uploads\/2021\/04\/CENTURY-PRO-T_F-LOW-DEFLECTION-TITANIUM-FERRULE.jpg","contentUrl":"https:\/\/biljardi.fi\/wp-content\/uploads\/2021\/04\/CENTURY-PRO-T_F-LOW-DEFLECTION-TITANIUM-FERRULE.jpg","width":625,"height":625},{"@type":"BreadcrumbList","@id":"https:\/\/biljardi.fi\/en\/product\/century-pro-ti-f-snooker-cue-titanium-ferrule\/#breadcrumb","itemListElement":[{"@type":"ListItem","position":1,"name":"Etusivu","item":"https:\/\/biljardi.fi\/en\/home\/"},{"@type":"ListItem","position":2,"name":"Shop","item":"https:\/\/biljardi.fi\/en\/shop\/"},{"@type":"ListItem","position":3,"name":"Century Pro Ti-F snooker cue titanium ferrule"}]},{"@type":"WebSite","@id":"https:\/\/biljardi.fi\/en\/#website","url":"https:\/\/biljardi.fi\/en\/","name":"Suomen Biljardimyynti Oy","description":"Biljardip\u00f6yd\u00e4t, Biljardi, Darts, Ilmakiekko, P\u00f6yt\u00e4jalkapallo","publisher":{"@id":"https:\/\/biljardi.fi\/en\/#organization"},"potentialAction":[{"@type":"SearchAction","target":{"@type":"EntryPoint","urlTemplate":"https:\/\/biljardi.fi\/en\/?s={search_term_string}"},"query-input":{"@type":"PropertyValueSpecification","valueRequired":true,"valueName":"search_term_string"}}],"inLanguage":"en-US"},{"@type":"Organization","@id":"https:\/\/biljardi.fi\/en\/#organization","name":"Suomen Biljardimyynti Oy","url":"https:\/\/biljardi.fi\/en\/","logo":{"@type":"ImageObject","inLanguage":"en-US","@id":"https:\/\/biljardi.fi\/en\/#\/schema\/logo\/image\/","url":"https:\/\/biljardi.fi\/wp-content\/uploads\/2025\/10\/logo_uus-1.png","contentUrl":"https:\/\/biljardi.fi\/wp-content\/uploads\/2025\/10\/logo_uus-1.png","width":360,"height":94,"caption":"Suomen Biljardimyynti Oy"},"image":{"@id":"https:\/\/biljardi.fi\/en\/#\/schema\/logo\/image\/"}}]}},"_links":{"self":[{"href":"https:\/\/biljardi.fi\/en\/wp-json\/wp\/v2\/product\/72029","targetHints":{"allow":["GET"]}}],"collection":[{"href":"https:\/\/biljardi.fi\/en\/wp-json\/wp\/v2\/product"}],"about":[{"href":"https:\/\/biljardi.fi\/en\/wp-json\/wp\/v2\/types\/product"}],"replies":[{"embeddable":true,"href":"https:\/\/biljardi.fi\/en\/wp-json\/wp\/v2\/comments?post=72029"}],"wp:featuredmedia":[{"embeddable":true,"href":"https:\/\/biljardi.fi\/en\/wp-json\/wp\/v2\/media\/56383"}],"wp:attachment":[{"href":"https:\/\/biljardi.fi\/en\/wp-json\/wp\/v2\/media?parent=72029"}],"wp:term":[{"taxonomy":"product_brand","embeddable":true,"href":"https:\/\/biljardi.fi\/en\/wp-json\/wp\/v2\/product_brand?post=72029"},{"taxonomy":"product_cat","embeddable":true,"href":"https:\/\/biljardi.fi\/en\/wp-json\/wp\/v2\/product_cat?post=72029"},{"taxonomy":"product_tag","embeddable":true,"href":"https:\/\/biljardi.fi\/en\/wp-json\/wp\/v2\/product_tag?post=72029"},{"taxonomy":"giftcard-category","embeddable":true,"href":"https:\/\/biljardi.fi\/en\/wp-json\/wp\/v2\/giftcard-category?post=72029"}],"curies":[{"name":"wp","href":"https:\/\/api.w.org\/{rel}","templated":true}]}}