{"id":71951,"date":"2022-04-21T23:02:41","date_gmt":"2022-04-21T20:02:41","guid":{"rendered":"https:\/\/biljardi.fi\/tuote\/becue-engage-12-3-mm-b-lock-carbon-fiber-shaft\/"},"modified":"2022-04-21T23:02:41","modified_gmt":"2022-04-21T20:02:41","slug":"becue-engage-12-3-mm-b-lock-carbon-fiber-shaft","status":"publish","type":"product","link":"https:\/\/biljardi.fi\/en\/product\/becue-engage-12-3-mm-b-lock-carbon-fiber-shaft\/","title":{"rendered":"Becue Engage 12.3 mm B-lock carbon fiber shaft"},"content":{"rendered":"<div>\n<div class=\"J0lOec\">Becue Engage 12.3 mm B-lock carbon fiber shaft<\/div>\n<div><\/div>\n<div>The complete carbon fiber experience. Engage is made entirely of straight-fiber carbon fiber, featuring multiple layers of specific sizes and orientations combined together to maximize the positive characteristics of carbon in relation to gameplay. The lamination used, combined with an 18&#8243; pro taper and the famous patented AURORA technology, provides extremely high stiffness and excellent response speed while keeping the hit very light. This results in very low deflection and the ability to transfer momentum to the cue ball.   <\/div>\n<div><\/div>\n<div>Tip diameter: 12.3 mm<\/div>\n<div>Joint diameter: 21.3 mm<\/div>\n<div>Tip: AURORA-patented, Vision ferrule<\/div>\n<div>Shaft length: 29 inches<\/div>\n<div>Weight: 120 g<\/div>\n<div>Joint: B-Loc (Becue cues)<\/div>\n<div>Tip: Becue CORE type M<\/div>\n<\/div>\n<p><strong>Come test it in our store!<\/strong><\/p>\n","protected":false},"excerpt":{"rendered":"<p>Becue Engage 12.3 mm B-lock carbon fiber shaft The complete carbon fiber experience. Engage is made entirely of straight-fiber carbon fiber, featuring multiple layers of specific sizes and orientations combined together to maximize the positive characteristics of carbon in relation to gameplay. The lamination used, combined with an 18&#8243; pro taper and the famous patented [&hellip;]<\/p>\n","protected":false},"featured_media":59227,"comment_status":"open","ping_status":"closed","template":"","meta":[],"product_brand":[],"product_cat":[2128],"product_tag":[2028,2015,2014,2029,2095],"giftcard-category":[],"class_list":{"0":"post-71951","1":"product","2":"type-product","3":"status-publish","4":"has-post-thumbnail","6":"product_cat-pool-shafts","7":"product_tag-billiard-cue","8":"product_tag-billiard-sales","9":"product_tag-billiards","10":"product_tag-pool-cue","11":"product_tag-pool-shaft","13":"first","14":"instock","15":"sale","16":"sold-individually","17":"taxable","18":"shipping-taxable","19":"purchasable","20":"product-type-simple"},"exclude_global_add_ons":[],"addons":[],"yoast_head":"<!-- This site is optimized with the Yoast SEO plugin v27.6 - https:\/\/yoast.com\/product\/yoast-seo-wordpress\/ -->\n<title>[wpseo_titles]title-Tuote<\/title>\n<meta name=\"description\" content=\"[wpseo_titles]metadesc-Tuote\" \/>\n<meta name=\"robots\" content=\"index, follow, max-snippet:-1, max-image-preview:large, max-video-preview:-1\" \/>\n<link rel=\"canonical\" href=\"https:\/\/biljardi.fi\/en\/product\/becue-engage-12-3-mm-b-lock-carbon-fiber-shaft\/\" \/>\n<meta property=\"og:locale\" content=\"en_US\" \/>\n<meta property=\"og:type\" content=\"article\" \/>\n<meta property=\"og:title\" content=\"[wpseo_titles]title-Tuote\" \/>\n<meta property=\"og:description\" content=\"[wpseo_titles]metadesc-Tuote\" \/>\n<meta property=\"og:url\" content=\"https:\/\/biljardi.fi\/en\/product\/becue-engage-12-3-mm-b-lock-carbon-fiber-shaft\/\" \/>\n<meta property=\"og:site_name\" content=\"Suomen Biljardimyynti Oy\" \/>\n<meta property=\"og:image\" content=\"https:\/\/biljardi.fi\/wp-content\/uploads\/2022\/04\/Engage_01.webp\" \/>\n\t<meta property=\"og:image:width\" content=\"1560\" \/>\n\t<meta property=\"og:image:height\" content=\"1280\" \/>\n\t<meta property=\"og:image:type\" content=\"image\/webp\" \/>\n<meta name=\"twitter:card\" content=\"summary_large_image\" \/>\n<meta name=\"twitter:label1\" content=\"Est. reading time\" \/>\n\t<meta name=\"twitter:data1\" content=\"1 minute\" \/>\n<script type=\"application\/ld+json\" class=\"yoast-schema-graph\">{\"@context\":\"https:\\\/\\\/schema.org\",\"@graph\":[{\"@type\":\"WebPage\",\"@id\":\"https:\\\/\\\/biljardi.fi\\\/en\\\/product\\\/becue-engage-12-3-mm-b-lock-carbon-fiber-shaft\\\/\",\"url\":\"https:\\\/\\\/biljardi.fi\\\/en\\\/product\\\/becue-engage-12-3-mm-b-lock-carbon-fiber-shaft\\\/\",\"name\":\"[wpseo_titles]title-Tuote\",\"isPartOf\":{\"@id\":\"https:\\\/\\\/biljardi.fi\\\/en\\\/#website\"},\"primaryImageOfPage\":{\"@id\":\"https:\\\/\\\/biljardi.fi\\\/en\\\/product\\\/becue-engage-12-3-mm-b-lock-carbon-fiber-shaft\\\/#primaryimage\"},\"image\":{\"@id\":\"https:\\\/\\\/biljardi.fi\\\/en\\\/product\\\/becue-engage-12-3-mm-b-lock-carbon-fiber-shaft\\\/#primaryimage\"},\"thumbnailUrl\":\"https:\\\/\\\/biljardi.fi\\\/wp-content\\\/uploads\\\/2022\\\/04\\\/Engage_01.webp\",\"datePublished\":\"2022-04-21T20:02:41+00:00\",\"description\":\"[wpseo_titles]metadesc-Tuote\",\"breadcrumb\":{\"@id\":\"https:\\\/\\\/biljardi.fi\\\/en\\\/product\\\/becue-engage-12-3-mm-b-lock-carbon-fiber-shaft\\\/#breadcrumb\"},\"inLanguage\":\"en-US\",\"potentialAction\":[{\"@type\":\"ReadAction\",\"target\":[\"https:\\\/\\\/biljardi.fi\\\/en\\\/product\\\/becue-engage-12-3-mm-b-lock-carbon-fiber-shaft\\\/\"]}]},{\"@type\":\"ImageObject\",\"inLanguage\":\"en-US\",\"@id\":\"https:\\\/\\\/biljardi.fi\\\/en\\\/product\\\/becue-engage-12-3-mm-b-lock-carbon-fiber-shaft\\\/#primaryimage\",\"url\":\"https:\\\/\\\/biljardi.fi\\\/wp-content\\\/uploads\\\/2022\\\/04\\\/Engage_01.webp\",\"contentUrl\":\"https:\\\/\\\/biljardi.fi\\\/wp-content\\\/uploads\\\/2022\\\/04\\\/Engage_01.webp\",\"width\":1560,\"height\":1280},{\"@type\":\"BreadcrumbList\",\"@id\":\"https:\\\/\\\/biljardi.fi\\\/en\\\/product\\\/becue-engage-12-3-mm-b-lock-carbon-fiber-shaft\\\/#breadcrumb\",\"itemListElement\":[{\"@type\":\"ListItem\",\"position\":1,\"name\":\"Etusivu\",\"item\":\"https:\\\/\\\/biljardi.fi\\\/en\\\/home\\\/\"},{\"@type\":\"ListItem\",\"position\":2,\"name\":\"Shop\",\"item\":\"https:\\\/\\\/biljardi.fi\\\/en\\\/shop\\\/\"},{\"@type\":\"ListItem\",\"position\":3,\"name\":\"Becue Engage 12.3 mm B-lock carbon fiber shaft\"}]},{\"@type\":\"WebSite\",\"@id\":\"https:\\\/\\\/biljardi.fi\\\/en\\\/#website\",\"url\":\"https:\\\/\\\/biljardi.fi\\\/en\\\/\",\"name\":\"Suomen Biljardimyynti Oy\",\"description\":\"Biljardip\u00f6yd\u00e4t, Biljardi, Darts, Ilmakiekko, P\u00f6yt\u00e4jalkapallo\",\"publisher\":{\"@id\":\"https:\\\/\\\/biljardi.fi\\\/en\\\/#organization\"},\"potentialAction\":[{\"@type\":\"SearchAction\",\"target\":{\"@type\":\"EntryPoint\",\"urlTemplate\":\"https:\\\/\\\/biljardi.fi\\\/en\\\/?s={search_term_string}\"},\"query-input\":{\"@type\":\"PropertyValueSpecification\",\"valueRequired\":true,\"valueName\":\"search_term_string\"}}],\"inLanguage\":\"en-US\"},{\"@type\":\"Organization\",\"@id\":\"https:\\\/\\\/biljardi.fi\\\/en\\\/#organization\",\"name\":\"Suomen Biljardimyynti Oy\",\"url\":\"https:\\\/\\\/biljardi.fi\\\/en\\\/\",\"logo\":{\"@type\":\"ImageObject\",\"inLanguage\":\"en-US\",\"@id\":\"https:\\\/\\\/biljardi.fi\\\/en\\\/#\\\/schema\\\/logo\\\/image\\\/\",\"url\":\"https:\\\/\\\/biljardi.fi\\\/wp-content\\\/uploads\\\/2025\\\/10\\\/logo_uus-1.png\",\"contentUrl\":\"https:\\\/\\\/biljardi.fi\\\/wp-content\\\/uploads\\\/2025\\\/10\\\/logo_uus-1.png\",\"width\":360,\"height\":94,\"caption\":\"Suomen Biljardimyynti Oy\"},\"image\":{\"@id\":\"https:\\\/\\\/biljardi.fi\\\/en\\\/#\\\/schema\\\/logo\\\/image\\\/\"}}]}<\/script>\n<!-- \/ Yoast SEO plugin. -->","yoast_head_json":{"title":"[wpseo_titles]title-Tuote","description":"[wpseo_titles]metadesc-Tuote","robots":{"index":"index","follow":"follow","max-snippet":"max-snippet:-1","max-image-preview":"max-image-preview:large","max-video-preview":"max-video-preview:-1"},"canonical":"https:\/\/biljardi.fi\/en\/product\/becue-engage-12-3-mm-b-lock-carbon-fiber-shaft\/","og_locale":"en_US","og_type":"article","og_title":"[wpseo_titles]title-Tuote","og_description":"[wpseo_titles]metadesc-Tuote","og_url":"https:\/\/biljardi.fi\/en\/product\/becue-engage-12-3-mm-b-lock-carbon-fiber-shaft\/","og_site_name":"Suomen Biljardimyynti Oy","og_image":[{"width":1560,"height":1280,"url":"https:\/\/biljardi.fi\/wp-content\/uploads\/2022\/04\/Engage_01.webp","type":"image\/webp"}],"twitter_card":"summary_large_image","twitter_misc":{"Est. reading time":"1 minute"},"schema":{"@context":"https:\/\/schema.org","@graph":[{"@type":"WebPage","@id":"https:\/\/biljardi.fi\/en\/product\/becue-engage-12-3-mm-b-lock-carbon-fiber-shaft\/","url":"https:\/\/biljardi.fi\/en\/product\/becue-engage-12-3-mm-b-lock-carbon-fiber-shaft\/","name":"[wpseo_titles]title-Tuote","isPartOf":{"@id":"https:\/\/biljardi.fi\/en\/#website"},"primaryImageOfPage":{"@id":"https:\/\/biljardi.fi\/en\/product\/becue-engage-12-3-mm-b-lock-carbon-fiber-shaft\/#primaryimage"},"image":{"@id":"https:\/\/biljardi.fi\/en\/product\/becue-engage-12-3-mm-b-lock-carbon-fiber-shaft\/#primaryimage"},"thumbnailUrl":"https:\/\/biljardi.fi\/wp-content\/uploads\/2022\/04\/Engage_01.webp","datePublished":"2022-04-21T20:02:41+00:00","description":"[wpseo_titles]metadesc-Tuote","breadcrumb":{"@id":"https:\/\/biljardi.fi\/en\/product\/becue-engage-12-3-mm-b-lock-carbon-fiber-shaft\/#breadcrumb"},"inLanguage":"en-US","potentialAction":[{"@type":"ReadAction","target":["https:\/\/biljardi.fi\/en\/product\/becue-engage-12-3-mm-b-lock-carbon-fiber-shaft\/"]}]},{"@type":"ImageObject","inLanguage":"en-US","@id":"https:\/\/biljardi.fi\/en\/product\/becue-engage-12-3-mm-b-lock-carbon-fiber-shaft\/#primaryimage","url":"https:\/\/biljardi.fi\/wp-content\/uploads\/2022\/04\/Engage_01.webp","contentUrl":"https:\/\/biljardi.fi\/wp-content\/uploads\/2022\/04\/Engage_01.webp","width":1560,"height":1280},{"@type":"BreadcrumbList","@id":"https:\/\/biljardi.fi\/en\/product\/becue-engage-12-3-mm-b-lock-carbon-fiber-shaft\/#breadcrumb","itemListElement":[{"@type":"ListItem","position":1,"name":"Etusivu","item":"https:\/\/biljardi.fi\/en\/home\/"},{"@type":"ListItem","position":2,"name":"Shop","item":"https:\/\/biljardi.fi\/en\/shop\/"},{"@type":"ListItem","position":3,"name":"Becue Engage 12.3 mm B-lock carbon fiber shaft"}]},{"@type":"WebSite","@id":"https:\/\/biljardi.fi\/en\/#website","url":"https:\/\/biljardi.fi\/en\/","name":"Suomen Biljardimyynti Oy","description":"Biljardip\u00f6yd\u00e4t, Biljardi, Darts, Ilmakiekko, P\u00f6yt\u00e4jalkapallo","publisher":{"@id":"https:\/\/biljardi.fi\/en\/#organization"},"potentialAction":[{"@type":"SearchAction","target":{"@type":"EntryPoint","urlTemplate":"https:\/\/biljardi.fi\/en\/?s={search_term_string}"},"query-input":{"@type":"PropertyValueSpecification","valueRequired":true,"valueName":"search_term_string"}}],"inLanguage":"en-US"},{"@type":"Organization","@id":"https:\/\/biljardi.fi\/en\/#organization","name":"Suomen Biljardimyynti Oy","url":"https:\/\/biljardi.fi\/en\/","logo":{"@type":"ImageObject","inLanguage":"en-US","@id":"https:\/\/biljardi.fi\/en\/#\/schema\/logo\/image\/","url":"https:\/\/biljardi.fi\/wp-content\/uploads\/2025\/10\/logo_uus-1.png","contentUrl":"https:\/\/biljardi.fi\/wp-content\/uploads\/2025\/10\/logo_uus-1.png","width":360,"height":94,"caption":"Suomen Biljardimyynti Oy"},"image":{"@id":"https:\/\/biljardi.fi\/en\/#\/schema\/logo\/image\/"}}]}},"_links":{"self":[{"href":"https:\/\/biljardi.fi\/en\/wp-json\/wp\/v2\/product\/71951","targetHints":{"allow":["GET"]}}],"collection":[{"href":"https:\/\/biljardi.fi\/en\/wp-json\/wp\/v2\/product"}],"about":[{"href":"https:\/\/biljardi.fi\/en\/wp-json\/wp\/v2\/types\/product"}],"replies":[{"embeddable":true,"href":"https:\/\/biljardi.fi\/en\/wp-json\/wp\/v2\/comments?post=71951"}],"wp:featuredmedia":[{"embeddable":true,"href":"https:\/\/biljardi.fi\/en\/wp-json\/wp\/v2\/media\/59227"}],"wp:attachment":[{"href":"https:\/\/biljardi.fi\/en\/wp-json\/wp\/v2\/media?parent=71951"}],"wp:term":[{"taxonomy":"product_brand","embeddable":true,"href":"https:\/\/biljardi.fi\/en\/wp-json\/wp\/v2\/product_brand?post=71951"},{"taxonomy":"product_cat","embeddable":true,"href":"https:\/\/biljardi.fi\/en\/wp-json\/wp\/v2\/product_cat?post=71951"},{"taxonomy":"product_tag","embeddable":true,"href":"https:\/\/biljardi.fi\/en\/wp-json\/wp\/v2\/product_tag?post=71951"},{"taxonomy":"giftcard-category","embeddable":true,"href":"https:\/\/biljardi.fi\/en\/wp-json\/wp\/v2\/giftcard-category?post=71951"}],"curies":[{"name":"wp","href":"https:\/\/api.w.org\/{rel}","templated":true}]}}