{"id":71917,"date":"2022-04-22T00:11:53","date_gmt":"2022-04-21T21:11:53","guid":{"rendered":"https:\/\/biljardi.fi\/tuote\/becue-y-glove-billiard-glove\/"},"modified":"2026-03-31T12:49:48","modified_gmt":"2026-03-31T09:49:48","slug":"becue-y-glove-billiard-glove","status":"publish","type":"product","link":"https:\/\/biljardi.fi\/en\/product\/becue-y-glove-billiard-glove\/","title":{"rendered":"Becue Y-Glove billiard glove"},"content":{"rendered":"<div class=\"product--description\">\n<div>Becue Y-Glove billiard glove<\/div>\n<div><\/div>\n<div class=\"J0lOec\"><span class=\"VIiyi\" lang=\"fi\"><span class=\"JLqJ4b ChMk0b\" data-language-for-alternatives=\"fi\" data-language-to-translate-into=\"en\" data-phrase-index=\"2\" data-number-of-phrases=\"16\"><span class=\"Q4iAWc\">The Y-Glove is designed to fit every hand perfectly.<\/span><\/span> <span class=\"JLqJ4b ChMk0b\" data-language-for-alternatives=\"fi\" data-language-to-translate-into=\"en\" data-phrase-index=\"4\" data-number-of-phrases=\"16\"><span class=\"Q4iAWc\">Made from high-quality materials, the Becue Y-Glove is built to last.<\/span><\/span> <span class=\"JLqJ4b ChMk0b\" data-language-for-alternatives=\"fi\" data-language-to-translate-into=\"en\" data-phrase-index=\"6\" data-number-of-phrases=\"16\"><span class=\"Q4iAWc\">Thanks to its comfort and smooth glide, your next shot is the only thing on your mind.<\/span><\/span> <span class=\"JLqJ4b ChMk0b\" data-language-for-alternatives=\"fi\" data-language-to-translate-into=\"en\" data-phrase-index=\"8\" data-number-of-phrases=\"16\"><span class=\"Q4iAWc\">The only glove on the market that lets you choose whether to remove the thumb-covering section or not.<\/span><\/span> <span class=\"JLqJ4b ChMk0b\" data-language-for-alternatives=\"fi\" data-language-to-translate-into=\"en\" data-phrase-index=\"10\" data-number-of-phrases=\"16\"><span class=\"Q4iAWc\">Thanks to a special technique, the fabric over the red inner seams can be safely cut off with regular scissors.<\/span><\/span> <span class=\"JLqJ4b ChMk0b\" data-language-for-alternatives=\"fi\" data-language-to-translate-into=\"en\" data-phrase-index=\"11\" data-number-of-phrases=\"16\"><span class=\"Q4iAWc\">The fabric in the cut area stays intact, with no wear issues, thanks to its properties and the glove\u2019s construction system.<\/span><\/span> <span class=\"JLqJ4b ChMk0b\" data-language-for-alternatives=\"fi\" data-language-to-translate-into=\"en\" data-phrase-index=\"13\" data-number-of-phrases=\"16\"><span class=\"Q4iAWc\">If you want, you can use the included glove with the thumb covered, as many players prefer.<\/span><\/span> <span class=\"JLqJ4b ChMk0b\" data-language-for-alternatives=\"fi\" data-language-to-translate-into=\"en\" data-phrase-index=\"15\" data-number-of-phrases=\"16\"><span class=\"Q4iAWc\">Available for left and right hand.<\/span><\/span><\/span><\/div>\n<div class=\"UdTY9 Yb6eTe\" aria-hidden=\"true\" data-location=\"2\">\n<div class=\"kO6q6e\"><\/div>\n<\/div>\n<div class=\"BdDRKe\">\n<div class=\"aJIq1d DSmisd\" data-language-code=\"fi\" data-language-name=\"suomi\" data-text=\"2 K\u00c4SINEET 1:ss\u00e4 Y Glove on suunniteltu mukautumaan t\u00e4ydellisesti jokaiseen k\u00e4teen. Laadukkaista materiaaleista valmistettu Becue Y Glove on syntynyt pitk\u00e4kestoiseen k\u00e4ytt\u00f6\u00f6n vihre\u00e4n kankaan kosketuspisteiden vahvistettujen pintojen ansiosta. Mukavuuden ja sileyden ansiosta seuraava laukaus on ainoa ajateltava asia. Se on markkinoiden ainoa hansikas, jonka avulla voit valita, poistetaanko peukalon sormen peitt\u00e4v\u00e4 osa vai ei. T\u00e4h\u00e4n erikoiseen esineeseen sovelletun tekniikan ansiosta hansikkaan sis\u00e4puolen punaisten saumojen yli oleva kangasosa voidaan poistaa turvallisesti ja tavallisilla saksilla. Kangas leikkausalueella pysyy ominaisuuksiensa ja k\u00e4sineen rakennej\u00e4rjestelm\u00e4n ansiosta ehj\u00e4n\u00e4 ja ilman kulumisongelmia. Jos haluat, voit k\u00e4ytt\u00e4\u00e4 mukana toimitettua k\u00e4sinett\u00e4 peukalon peitt\u00e4en, kuten monet pelaajat haluavat. Saatavana vasemmalle ja oikealle k\u00e4delle.\" data-crosslingual-hint=\"\" data-location=\"2\" data-enable-toggle-playback-speed=\"true\">\n<div data-show-delay-ms=\"250\" data-append-to-body=\"true\" data-propagate-tooltip-mouseover-events=\"true\" data-anchor-corner=\"bottom-left\" data-enable-skip-handler=\"false\" data-popup-corner=\"top-left\">\n<div><\/div>\n<\/div>\n<\/div>\n<\/div>\n<div class=\"aJIq1d DSmisd\" data-language-code=\"fi\" data-language-name=\"suomi\" data-text=\"2 K\u00c4SINEET 1:ss\u00e4 Y Glove on suunniteltu mukautumaan t\u00e4ydellisesti jokaiseen k\u00e4teen. Laadukkaista materiaaleista valmistettu Becue Y Glove on syntynyt pitk\u00e4kestoiseen k\u00e4ytt\u00f6\u00f6n vihre\u00e4n kankaan kosketuspisteiden vahvistettujen pintojen ansiosta. Mukavuuden ja sileyden ansiosta seuraava laukaus on ainoa ajateltava asia. Se on markkinoiden ainoa hansikas, jonka avulla voit valita, poistetaanko peukalon sormen peitt\u00e4v\u00e4 osa vai ei. T\u00e4h\u00e4n erikoiseen esineeseen sovelletun tekniikan ansiosta hansikkaan sis\u00e4puolen punaisten saumojen yli oleva kangasosa voidaan poistaa turvallisesti ja tavallisilla saksilla. Kangas leikkausalueella pysyy ominaisuuksiensa ja k\u00e4sineen rakennej\u00e4rjestelm\u00e4n ansiosta ehj\u00e4n\u00e4 ja ilman kulumisongelmia. Jos haluat, voit k\u00e4ytt\u00e4\u00e4 mukana toimitettua k\u00e4sinett\u00e4 peukalon peitt\u00e4en, kuten monet pelaajat haluavat. Saatavana vasemmalle ja oikealle k\u00e4delle.\" data-crosslingual-hint=\"\" data-location=\"2\" data-enable-toggle-playback-speed=\"true\">\n<div data-show-delay-ms=\"250\" data-append-to-body=\"true\" data-propagate-tooltip-mouseover-events=\"true\" data-anchor-corner=\"bottom-left\" data-enable-skip-handler=\"false\" data-popup-corner=\"top-left\"><\/div>\n<\/div>\n<div data-show-delay-ms=\"250\" data-append-to-body=\"true\" data-propagate-tooltip-mouseover-events=\"true\" data-anchor-corner=\"bottom-left\" data-enable-skip-handler=\"false\" data-popup-corner=\"top-left\">\n<div><\/div>\n<\/div>\n<\/div>\n","protected":false},"excerpt":{"rendered":"<p>Becue Y-Glove billiard glove The Y-Glove is designed to fit every hand perfectly. Made from high-quality materials, the Becue Y-Glove is built to last. Thanks to its comfort and smooth glide, your next shot is the only thing on your mind. The only glove on the market that lets you choose whether to remove the [&hellip;]<\/p>\n","protected":false},"featured_media":71941,"comment_status":"open","ping_status":"closed","template":"","meta":[],"product_brand":[],"product_cat":[2057,2033],"product_tag":[2015,2014,2124],"giftcard-category":[],"class_list":{"0":"post-71917","1":"product","2":"type-product","3":"status-publish","4":"has-post-thumbnail","6":"product_cat-accessories","7":"product_cat-other-accessories","8":"product_tag-billiard-sales","9":"product_tag-billiards","10":"product_tag-kamui","12":"first","13":"instock","14":"sale","15":"taxable","16":"shipping-taxable","17":"purchasable","18":"product-type-simple"},"exclude_global_add_ons":false,"addons":[{"name":"Size, color, handedness","type":"multiple_choice","position":0,"required":true,"title_format":"heading","default":"","description_enable":false,"description":null,"placeholder_enable":false,"placeholder":null,"display":"select","restrictions_type":"any_text","adjust_price":false,"price":"","price_type":"flat_fee","restrictions":false,"min":"0","max":"0","options":[{"label":"Right grey Medium","price":"","price_type":"flat_fee","image":0,"visibility":true}],"id":1767788582}],"yoast_head":"<!-- This site is optimized with the Yoast SEO plugin v27.6 - https:\/\/yoast.com\/product\/yoast-seo-wordpress\/ -->\n<title>[wpseo_titles]title-Tuote<\/title>\n<meta name=\"description\" content=\"[wpseo_titles]metadesc-Tuote\" \/>\n<meta name=\"robots\" content=\"index, follow, max-snippet:-1, max-image-preview:large, max-video-preview:-1\" \/>\n<link rel=\"canonical\" href=\"https:\/\/biljardi.fi\/en\/product\/becue-y-glove-billiard-glove\/\" \/>\n<meta property=\"og:locale\" content=\"en_US\" \/>\n<meta property=\"og:type\" content=\"article\" \/>\n<meta property=\"og:title\" content=\"[wpseo_titles]title-Tuote\" \/>\n<meta property=\"og:description\" content=\"[wpseo_titles]metadesc-Tuote\" \/>\n<meta property=\"og:url\" content=\"https:\/\/biljardi.fi\/en\/product\/becue-y-glove-billiard-glove\/\" \/>\n<meta property=\"og:site_name\" content=\"Suomen Biljardimyynti Oy\" \/>\n<meta property=\"article:modified_time\" content=\"2026-03-31T09:49:48+00:00\" \/>\n<meta property=\"og:image\" content=\"https:\/\/biljardi.fi\/wp-content\/uploads\/2022\/04\/BecueGlove_01_0903c6a1-bfc9-432f-a623-ca471990ffff.webp\" \/>\n\t<meta property=\"og:image:width\" content=\"1560\" \/>\n\t<meta property=\"og:image:height\" content=\"1280\" \/>\n\t<meta property=\"og:image:type\" content=\"image\/webp\" \/>\n<meta name=\"twitter:card\" content=\"summary_large_image\" \/>\n<meta name=\"twitter:label1\" content=\"Est. reading time\" \/>\n\t<meta name=\"twitter:data1\" content=\"1 minute\" \/>\n<script type=\"application\/ld+json\" class=\"yoast-schema-graph\">{\"@context\":\"https:\\\/\\\/schema.org\",\"@graph\":[{\"@type\":\"WebPage\",\"@id\":\"https:\\\/\\\/biljardi.fi\\\/en\\\/product\\\/becue-y-glove-billiard-glove\\\/\",\"url\":\"https:\\\/\\\/biljardi.fi\\\/en\\\/product\\\/becue-y-glove-billiard-glove\\\/\",\"name\":\"[wpseo_titles]title-Tuote\",\"isPartOf\":{\"@id\":\"https:\\\/\\\/biljardi.fi\\\/en\\\/#website\"},\"primaryImageOfPage\":{\"@id\":\"https:\\\/\\\/biljardi.fi\\\/en\\\/product\\\/becue-y-glove-billiard-glove\\\/#primaryimage\"},\"image\":{\"@id\":\"https:\\\/\\\/biljardi.fi\\\/en\\\/product\\\/becue-y-glove-billiard-glove\\\/#primaryimage\"},\"thumbnailUrl\":\"https:\\\/\\\/biljardi.fi\\\/wp-content\\\/uploads\\\/2022\\\/04\\\/BecueGlove_01_0903c6a1-bfc9-432f-a623-ca471990ffff.webp\",\"datePublished\":\"2022-04-21T21:11:53+00:00\",\"dateModified\":\"2026-03-31T09:49:48+00:00\",\"description\":\"[wpseo_titles]metadesc-Tuote\",\"breadcrumb\":{\"@id\":\"https:\\\/\\\/biljardi.fi\\\/en\\\/product\\\/becue-y-glove-billiard-glove\\\/#breadcrumb\"},\"inLanguage\":\"en-US\",\"potentialAction\":[{\"@type\":\"ReadAction\",\"target\":[\"https:\\\/\\\/biljardi.fi\\\/en\\\/product\\\/becue-y-glove-billiard-glove\\\/\"]}]},{\"@type\":\"ImageObject\",\"inLanguage\":\"en-US\",\"@id\":\"https:\\\/\\\/biljardi.fi\\\/en\\\/product\\\/becue-y-glove-billiard-glove\\\/#primaryimage\",\"url\":\"https:\\\/\\\/biljardi.fi\\\/wp-content\\\/uploads\\\/2022\\\/04\\\/BecueGlove_01_0903c6a1-bfc9-432f-a623-ca471990ffff.webp\",\"contentUrl\":\"https:\\\/\\\/biljardi.fi\\\/wp-content\\\/uploads\\\/2022\\\/04\\\/BecueGlove_01_0903c6a1-bfc9-432f-a623-ca471990ffff.webp\",\"width\":1560,\"height\":1280},{\"@type\":\"BreadcrumbList\",\"@id\":\"https:\\\/\\\/biljardi.fi\\\/en\\\/product\\\/becue-y-glove-billiard-glove\\\/#breadcrumb\",\"itemListElement\":[{\"@type\":\"ListItem\",\"position\":1,\"name\":\"Etusivu\",\"item\":\"https:\\\/\\\/biljardi.fi\\\/en\\\/home\\\/\"},{\"@type\":\"ListItem\",\"position\":2,\"name\":\"Shop\",\"item\":\"https:\\\/\\\/biljardi.fi\\\/en\\\/shop\\\/\"},{\"@type\":\"ListItem\",\"position\":3,\"name\":\"Becue Y-Glove billiard glove\"}]},{\"@type\":\"WebSite\",\"@id\":\"https:\\\/\\\/biljardi.fi\\\/en\\\/#website\",\"url\":\"https:\\\/\\\/biljardi.fi\\\/en\\\/\",\"name\":\"Suomen Biljardimyynti Oy\",\"description\":\"Biljardip\u00f6yd\u00e4t, Biljardi, Darts, Ilmakiekko, P\u00f6yt\u00e4jalkapallo\",\"publisher\":{\"@id\":\"https:\\\/\\\/biljardi.fi\\\/en\\\/#organization\"},\"potentialAction\":[{\"@type\":\"SearchAction\",\"target\":{\"@type\":\"EntryPoint\",\"urlTemplate\":\"https:\\\/\\\/biljardi.fi\\\/en\\\/?s={search_term_string}\"},\"query-input\":{\"@type\":\"PropertyValueSpecification\",\"valueRequired\":true,\"valueName\":\"search_term_string\"}}],\"inLanguage\":\"en-US\"},{\"@type\":\"Organization\",\"@id\":\"https:\\\/\\\/biljardi.fi\\\/en\\\/#organization\",\"name\":\"Suomen Biljardimyynti Oy\",\"url\":\"https:\\\/\\\/biljardi.fi\\\/en\\\/\",\"logo\":{\"@type\":\"ImageObject\",\"inLanguage\":\"en-US\",\"@id\":\"https:\\\/\\\/biljardi.fi\\\/en\\\/#\\\/schema\\\/logo\\\/image\\\/\",\"url\":\"https:\\\/\\\/biljardi.fi\\\/wp-content\\\/uploads\\\/2025\\\/10\\\/logo_uus-1.png\",\"contentUrl\":\"https:\\\/\\\/biljardi.fi\\\/wp-content\\\/uploads\\\/2025\\\/10\\\/logo_uus-1.png\",\"width\":360,\"height\":94,\"caption\":\"Suomen Biljardimyynti Oy\"},\"image\":{\"@id\":\"https:\\\/\\\/biljardi.fi\\\/en\\\/#\\\/schema\\\/logo\\\/image\\\/\"}}]}<\/script>\n<!-- \/ Yoast SEO plugin. -->","yoast_head_json":{"title":"[wpseo_titles]title-Tuote","description":"[wpseo_titles]metadesc-Tuote","robots":{"index":"index","follow":"follow","max-snippet":"max-snippet:-1","max-image-preview":"max-image-preview:large","max-video-preview":"max-video-preview:-1"},"canonical":"https:\/\/biljardi.fi\/en\/product\/becue-y-glove-billiard-glove\/","og_locale":"en_US","og_type":"article","og_title":"[wpseo_titles]title-Tuote","og_description":"[wpseo_titles]metadesc-Tuote","og_url":"https:\/\/biljardi.fi\/en\/product\/becue-y-glove-billiard-glove\/","og_site_name":"Suomen Biljardimyynti Oy","article_modified_time":"2026-03-31T09:49:48+00:00","og_image":[{"width":1560,"height":1280,"url":"https:\/\/biljardi.fi\/wp-content\/uploads\/2022\/04\/BecueGlove_01_0903c6a1-bfc9-432f-a623-ca471990ffff.webp","type":"image\/webp"}],"twitter_card":"summary_large_image","twitter_misc":{"Est. reading time":"1 minute"},"schema":{"@context":"https:\/\/schema.org","@graph":[{"@type":"WebPage","@id":"https:\/\/biljardi.fi\/en\/product\/becue-y-glove-billiard-glove\/","url":"https:\/\/biljardi.fi\/en\/product\/becue-y-glove-billiard-glove\/","name":"[wpseo_titles]title-Tuote","isPartOf":{"@id":"https:\/\/biljardi.fi\/en\/#website"},"primaryImageOfPage":{"@id":"https:\/\/biljardi.fi\/en\/product\/becue-y-glove-billiard-glove\/#primaryimage"},"image":{"@id":"https:\/\/biljardi.fi\/en\/product\/becue-y-glove-billiard-glove\/#primaryimage"},"thumbnailUrl":"https:\/\/biljardi.fi\/wp-content\/uploads\/2022\/04\/BecueGlove_01_0903c6a1-bfc9-432f-a623-ca471990ffff.webp","datePublished":"2022-04-21T21:11:53+00:00","dateModified":"2026-03-31T09:49:48+00:00","description":"[wpseo_titles]metadesc-Tuote","breadcrumb":{"@id":"https:\/\/biljardi.fi\/en\/product\/becue-y-glove-billiard-glove\/#breadcrumb"},"inLanguage":"en-US","potentialAction":[{"@type":"ReadAction","target":["https:\/\/biljardi.fi\/en\/product\/becue-y-glove-billiard-glove\/"]}]},{"@type":"ImageObject","inLanguage":"en-US","@id":"https:\/\/biljardi.fi\/en\/product\/becue-y-glove-billiard-glove\/#primaryimage","url":"https:\/\/biljardi.fi\/wp-content\/uploads\/2022\/04\/BecueGlove_01_0903c6a1-bfc9-432f-a623-ca471990ffff.webp","contentUrl":"https:\/\/biljardi.fi\/wp-content\/uploads\/2022\/04\/BecueGlove_01_0903c6a1-bfc9-432f-a623-ca471990ffff.webp","width":1560,"height":1280},{"@type":"BreadcrumbList","@id":"https:\/\/biljardi.fi\/en\/product\/becue-y-glove-billiard-glove\/#breadcrumb","itemListElement":[{"@type":"ListItem","position":1,"name":"Etusivu","item":"https:\/\/biljardi.fi\/en\/home\/"},{"@type":"ListItem","position":2,"name":"Shop","item":"https:\/\/biljardi.fi\/en\/shop\/"},{"@type":"ListItem","position":3,"name":"Becue Y-Glove billiard glove"}]},{"@type":"WebSite","@id":"https:\/\/biljardi.fi\/en\/#website","url":"https:\/\/biljardi.fi\/en\/","name":"Suomen Biljardimyynti Oy","description":"Biljardip\u00f6yd\u00e4t, Biljardi, Darts, Ilmakiekko, P\u00f6yt\u00e4jalkapallo","publisher":{"@id":"https:\/\/biljardi.fi\/en\/#organization"},"potentialAction":[{"@type":"SearchAction","target":{"@type":"EntryPoint","urlTemplate":"https:\/\/biljardi.fi\/en\/?s={search_term_string}"},"query-input":{"@type":"PropertyValueSpecification","valueRequired":true,"valueName":"search_term_string"}}],"inLanguage":"en-US"},{"@type":"Organization","@id":"https:\/\/biljardi.fi\/en\/#organization","name":"Suomen Biljardimyynti Oy","url":"https:\/\/biljardi.fi\/en\/","logo":{"@type":"ImageObject","inLanguage":"en-US","@id":"https:\/\/biljardi.fi\/en\/#\/schema\/logo\/image\/","url":"https:\/\/biljardi.fi\/wp-content\/uploads\/2025\/10\/logo_uus-1.png","contentUrl":"https:\/\/biljardi.fi\/wp-content\/uploads\/2025\/10\/logo_uus-1.png","width":360,"height":94,"caption":"Suomen Biljardimyynti Oy"},"image":{"@id":"https:\/\/biljardi.fi\/en\/#\/schema\/logo\/image\/"}}]}},"_links":{"self":[{"href":"https:\/\/biljardi.fi\/en\/wp-json\/wp\/v2\/product\/71917","targetHints":{"allow":["GET"]}}],"collection":[{"href":"https:\/\/biljardi.fi\/en\/wp-json\/wp\/v2\/product"}],"about":[{"href":"https:\/\/biljardi.fi\/en\/wp-json\/wp\/v2\/types\/product"}],"replies":[{"embeddable":true,"href":"https:\/\/biljardi.fi\/en\/wp-json\/wp\/v2\/comments?post=71917"}],"wp:featuredmedia":[{"embeddable":true,"href":"https:\/\/biljardi.fi\/en\/wp-json\/wp\/v2\/media\/71941"}],"wp:attachment":[{"href":"https:\/\/biljardi.fi\/en\/wp-json\/wp\/v2\/media?parent=71917"}],"wp:term":[{"taxonomy":"product_brand","embeddable":true,"href":"https:\/\/biljardi.fi\/en\/wp-json\/wp\/v2\/product_brand?post=71917"},{"taxonomy":"product_cat","embeddable":true,"href":"https:\/\/biljardi.fi\/en\/wp-json\/wp\/v2\/product_cat?post=71917"},{"taxonomy":"product_tag","embeddable":true,"href":"https:\/\/biljardi.fi\/en\/wp-json\/wp\/v2\/product_tag?post=71917"},{"taxonomy":"giftcard-category","embeddable":true,"href":"https:\/\/biljardi.fi\/en\/wp-json\/wp\/v2\/giftcard-category?post=71917"}],"curies":[{"name":"wp","href":"https:\/\/api.w.org\/{rel}","templated":true}]}}