{"id":71850,"date":"2021-01-28T20:16:31","date_gmt":"2021-01-28T18:16:31","guid":{"rendered":"https:\/\/biljardi.fi\/tuote\/cosmo-fit-shaft-metal-titanium-slim-spinning-burnt-shafts\/"},"modified":"2021-01-28T20:16:31","modified_gmt":"2021-01-28T18:16:31","slug":"cosmo-fit-shaft-metal-titanium-slim-spinning-burnt-shafts","status":"publish","type":"product","link":"https:\/\/biljardi.fi\/en\/tuote\/cosmo-fit-shaft-metal-titanium-slim-spinning-burnt-shafts\/","title":{"rendered":"Cosmo Fit Shaft METAL \/ Titanium \/ Slim \/ Spinning \/ Burnt shafts"},"content":{"rendered":"<p>Cosmo Fit Shaft METAL \/ Titanium \/ Slim \/ Spinning \/ Burnt shafts. 3 pcs. <\/p>\n<p>&nbsp;<\/p>\n","protected":false},"excerpt":{"rendered":"<p>Cosmo Fit Shaft METAL \/ Titanium \/ Slim \/ Spinning \/ Burnt shafts. 3 pcs. &nbsp;<\/p>\n","protected":false},"featured_media":54690,"comment_status":"closed","ping_status":"closed","template":"","meta":{"_improvement_type_select":"improve_an_existing","_thumb_yes_seoaic":false,"_frame_yes_seoaic":false,"seoaic_generate_description":"","seoaic_improve_instructions_prompt":"","seoaic_rollback_content_improvement":"","seoaic_idea_thumbnail_generator":"","thumbnail_generated":false,"thumbnail_generate_prompt":"","seoaic_article_description":""},"product_brand":[],"product_cat":[2035,2036],"product_tag":[2038,2037],"giftcard-category":[],"class_list":{"0":"post-71850","1":"product","2":"type-product","3":"status-publish","4":"has-post-thumbnail","6":"product_cat-darts","7":"product_cat-shafts","8":"product_tag-cosmo","9":"product_tag-darts","11":"first","12":"instock","13":"taxable","14":"shipping-taxable","15":"purchasable","16":"product-type-simple"},"exclude_global_add_ons":false,"addons":[{"name":"Size","type":"multiple_choice","position":0,"required":false,"title_format":"heading","default":"","description_enable":false,"description":null,"placeholder_enable":false,"placeholder":null,"display":"radiobutton","restrictions_type":"any_text","adjust_price":false,"price":"","price_type":"flat_fee","restrictions":false,"min":"0","max":"0","options":[{"label":"4 (28.5 mm)","price":"","price_type":"flat_fee","image":0,"visibility":false},{"label":"5 (31 mm)","price":"","price_type":"flat_fee","image":0,"visibility":true},{"label":"6 (35 mm)","price":"","price_type":"flat_fee","image":0,"visibility":true}],"id":1752078593}],"yoast_head":"<!-- This site is optimized with the Yoast SEO plugin v27.3 - https:\/\/yoast.com\/product\/yoast-seo-wordpress\/ -->\n<title>[wpseo_titles]title-Tuote<\/title>\n<meta name=\"robots\" content=\"index, follow, max-snippet:-1, max-image-preview:large, max-video-preview:-1\" \/>\n<link rel=\"canonical\" href=\"https:\/\/biljardi.fi\/en\/tuote\/cosmo-fit-shaft-metal-titanium-slim-spinning-burnt-shafts\/\" \/>\n<meta property=\"og:locale\" content=\"en_US\" \/>\n<meta property=\"og:type\" content=\"article\" \/>\n<meta property=\"og:title\" content=\"[wpseo_titles]title-Tuote\" \/>\n<meta property=\"og:description\" content=\"Cosmo Fit Shaft METAL \/ Titanium \/ Slim \/ Spinning \/ Burnt shafts. 3 pcs. &nbsp;\" \/>\n<meta property=\"og:url\" content=\"https:\/\/biljardi.fi\/en\/tuote\/cosmo-fit-shaft-metal-titanium-slim-spinning-burnt-shafts\/\" \/>\n<meta property=\"og:site_name\" content=\"Suomen Biljardimyynti Oy\" \/>\n<meta property=\"og:image\" content=\"https:\/\/biljardi.fi\/wp-content\/uploads\/2021\/01\/fs_t_s_bcolor_main_1459_51_21_main.jpeg\" \/>\n\t<meta property=\"og:image:width\" content=\"300\" \/>\n\t<meta property=\"og:image:height\" content=\"300\" \/>\n\t<meta property=\"og:image:type\" content=\"image\/jpeg\" \/>\n<meta name=\"twitter:card\" content=\"summary_large_image\" \/>\n<script type=\"application\/ld+json\" class=\"yoast-schema-graph\">{\"@context\":\"https:\\\/\\\/schema.org\",\"@graph\":[{\"@type\":\"WebPage\",\"@id\":\"https:\\\/\\\/biljardi.fi\\\/en\\\/tuote\\\/cosmo-fit-shaft-metal-titanium-slim-spinning-burnt-shafts\\\/\",\"url\":\"https:\\\/\\\/biljardi.fi\\\/en\\\/tuote\\\/cosmo-fit-shaft-metal-titanium-slim-spinning-burnt-shafts\\\/\",\"name\":\"[wpseo_titles]title-Tuote\",\"isPartOf\":{\"@id\":\"https:\\\/\\\/biljardi.fi\\\/en\\\/#website\"},\"primaryImageOfPage\":{\"@id\":\"https:\\\/\\\/biljardi.fi\\\/en\\\/tuote\\\/cosmo-fit-shaft-metal-titanium-slim-spinning-burnt-shafts\\\/#primaryimage\"},\"image\":{\"@id\":\"https:\\\/\\\/biljardi.fi\\\/en\\\/tuote\\\/cosmo-fit-shaft-metal-titanium-slim-spinning-burnt-shafts\\\/#primaryimage\"},\"thumbnailUrl\":\"https:\\\/\\\/biljardi.fi\\\/wp-content\\\/uploads\\\/2021\\\/01\\\/fs_t_s_bcolor_main_1459_51_21_main.jpeg\",\"datePublished\":\"2021-01-28T18:16:31+00:00\",\"breadcrumb\":{\"@id\":\"https:\\\/\\\/biljardi.fi\\\/en\\\/tuote\\\/cosmo-fit-shaft-metal-titanium-slim-spinning-burnt-shafts\\\/#breadcrumb\"},\"inLanguage\":\"en-US\",\"potentialAction\":[{\"@type\":\"ReadAction\",\"target\":[\"https:\\\/\\\/biljardi.fi\\\/en\\\/tuote\\\/cosmo-fit-shaft-metal-titanium-slim-spinning-burnt-shafts\\\/\"]}]},{\"@type\":\"ImageObject\",\"inLanguage\":\"en-US\",\"@id\":\"https:\\\/\\\/biljardi.fi\\\/en\\\/tuote\\\/cosmo-fit-shaft-metal-titanium-slim-spinning-burnt-shafts\\\/#primaryimage\",\"url\":\"https:\\\/\\\/biljardi.fi\\\/wp-content\\\/uploads\\\/2021\\\/01\\\/fs_t_s_bcolor_main_1459_51_21_main.jpeg\",\"contentUrl\":\"https:\\\/\\\/biljardi.fi\\\/wp-content\\\/uploads\\\/2021\\\/01\\\/fs_t_s_bcolor_main_1459_51_21_main.jpeg\",\"width\":300,\"height\":300},{\"@type\":\"BreadcrumbList\",\"@id\":\"https:\\\/\\\/biljardi.fi\\\/en\\\/tuote\\\/cosmo-fit-shaft-metal-titanium-slim-spinning-burnt-shafts\\\/#breadcrumb\",\"itemListElement\":[{\"@type\":\"ListItem\",\"position\":1,\"name\":\"Home\",\"item\":\"https:\\\/\\\/biljardi.fi\\\/en\\\/home\\\/\"},{\"@type\":\"ListItem\",\"position\":2,\"name\":\"Shop\",\"item\":\"https:\\\/\\\/biljardi.fi\\\/en\\\/shop\\\/\"},{\"@type\":\"ListItem\",\"position\":3,\"name\":\"Cosmo Fit Shaft METAL \\\/ Titanium \\\/ Slim \\\/ Spinning \\\/ Burnt shafts\"}]},{\"@type\":\"WebSite\",\"@id\":\"https:\\\/\\\/biljardi.fi\\\/en\\\/#website\",\"url\":\"https:\\\/\\\/biljardi.fi\\\/en\\\/\",\"name\":\"Suomen Biljardimyynti Oy\",\"description\":\"Biljardip\u00f6yd\u00e4t, Biljardi, Darts, Ilmakiekko, P\u00f6yt\u00e4jalkapallo\",\"publisher\":{\"@id\":\"https:\\\/\\\/biljardi.fi\\\/en\\\/#organization\"},\"potentialAction\":[{\"@type\":\"SearchAction\",\"target\":{\"@type\":\"EntryPoint\",\"urlTemplate\":\"https:\\\/\\\/biljardi.fi\\\/en\\\/?s={search_term_string}\"},\"query-input\":{\"@type\":\"PropertyValueSpecification\",\"valueRequired\":true,\"valueName\":\"search_term_string\"}}],\"inLanguage\":\"en-US\"},{\"@type\":\"Organization\",\"@id\":\"https:\\\/\\\/biljardi.fi\\\/en\\\/#organization\",\"name\":\"Suomen Biljardimyynti Oy\",\"url\":\"https:\\\/\\\/biljardi.fi\\\/en\\\/\",\"logo\":{\"@type\":\"ImageObject\",\"inLanguage\":\"en-US\",\"@id\":\"https:\\\/\\\/biljardi.fi\\\/en\\\/#\\\/schema\\\/logo\\\/image\\\/\",\"url\":\"https:\\\/\\\/biljardi.fi\\\/wp-content\\\/uploads\\\/2025\\\/10\\\/logo_uus-1.png\",\"contentUrl\":\"https:\\\/\\\/biljardi.fi\\\/wp-content\\\/uploads\\\/2025\\\/10\\\/logo_uus-1.png\",\"width\":360,\"height\":94,\"caption\":\"Suomen Biljardimyynti Oy\"},\"image\":{\"@id\":\"https:\\\/\\\/biljardi.fi\\\/en\\\/#\\\/schema\\\/logo\\\/image\\\/\"}}]}<\/script>\n<!-- \/ Yoast SEO plugin. -->","yoast_head_json":{"title":"[wpseo_titles]title-Tuote","robots":{"index":"index","follow":"follow","max-snippet":"max-snippet:-1","max-image-preview":"max-image-preview:large","max-video-preview":"max-video-preview:-1"},"canonical":"https:\/\/biljardi.fi\/en\/tuote\/cosmo-fit-shaft-metal-titanium-slim-spinning-burnt-shafts\/","og_locale":"en_US","og_type":"article","og_title":"[wpseo_titles]title-Tuote","og_description":"Cosmo Fit Shaft METAL \/ Titanium \/ Slim \/ Spinning \/ Burnt shafts. 3 pcs. &nbsp;","og_url":"https:\/\/biljardi.fi\/en\/tuote\/cosmo-fit-shaft-metal-titanium-slim-spinning-burnt-shafts\/","og_site_name":"Suomen Biljardimyynti Oy","og_image":[{"width":300,"height":300,"url":"https:\/\/biljardi.fi\/wp-content\/uploads\/2021\/01\/fs_t_s_bcolor_main_1459_51_21_main.jpeg","type":"image\/jpeg"}],"twitter_card":"summary_large_image","schema":{"@context":"https:\/\/schema.org","@graph":[{"@type":"WebPage","@id":"https:\/\/biljardi.fi\/en\/tuote\/cosmo-fit-shaft-metal-titanium-slim-spinning-burnt-shafts\/","url":"https:\/\/biljardi.fi\/en\/tuote\/cosmo-fit-shaft-metal-titanium-slim-spinning-burnt-shafts\/","name":"[wpseo_titles]title-Tuote","isPartOf":{"@id":"https:\/\/biljardi.fi\/en\/#website"},"primaryImageOfPage":{"@id":"https:\/\/biljardi.fi\/en\/tuote\/cosmo-fit-shaft-metal-titanium-slim-spinning-burnt-shafts\/#primaryimage"},"image":{"@id":"https:\/\/biljardi.fi\/en\/tuote\/cosmo-fit-shaft-metal-titanium-slim-spinning-burnt-shafts\/#primaryimage"},"thumbnailUrl":"https:\/\/biljardi.fi\/wp-content\/uploads\/2021\/01\/fs_t_s_bcolor_main_1459_51_21_main.jpeg","datePublished":"2021-01-28T18:16:31+00:00","breadcrumb":{"@id":"https:\/\/biljardi.fi\/en\/tuote\/cosmo-fit-shaft-metal-titanium-slim-spinning-burnt-shafts\/#breadcrumb"},"inLanguage":"en-US","potentialAction":[{"@type":"ReadAction","target":["https:\/\/biljardi.fi\/en\/tuote\/cosmo-fit-shaft-metal-titanium-slim-spinning-burnt-shafts\/"]}]},{"@type":"ImageObject","inLanguage":"en-US","@id":"https:\/\/biljardi.fi\/en\/tuote\/cosmo-fit-shaft-metal-titanium-slim-spinning-burnt-shafts\/#primaryimage","url":"https:\/\/biljardi.fi\/wp-content\/uploads\/2021\/01\/fs_t_s_bcolor_main_1459_51_21_main.jpeg","contentUrl":"https:\/\/biljardi.fi\/wp-content\/uploads\/2021\/01\/fs_t_s_bcolor_main_1459_51_21_main.jpeg","width":300,"height":300},{"@type":"BreadcrumbList","@id":"https:\/\/biljardi.fi\/en\/tuote\/cosmo-fit-shaft-metal-titanium-slim-spinning-burnt-shafts\/#breadcrumb","itemListElement":[{"@type":"ListItem","position":1,"name":"Home","item":"https:\/\/biljardi.fi\/en\/home\/"},{"@type":"ListItem","position":2,"name":"Shop","item":"https:\/\/biljardi.fi\/en\/shop\/"},{"@type":"ListItem","position":3,"name":"Cosmo Fit Shaft METAL \/ Titanium \/ Slim \/ Spinning \/ Burnt shafts"}]},{"@type":"WebSite","@id":"https:\/\/biljardi.fi\/en\/#website","url":"https:\/\/biljardi.fi\/en\/","name":"Suomen Biljardimyynti Oy","description":"Biljardip\u00f6yd\u00e4t, Biljardi, Darts, Ilmakiekko, P\u00f6yt\u00e4jalkapallo","publisher":{"@id":"https:\/\/biljardi.fi\/en\/#organization"},"potentialAction":[{"@type":"SearchAction","target":{"@type":"EntryPoint","urlTemplate":"https:\/\/biljardi.fi\/en\/?s={search_term_string}"},"query-input":{"@type":"PropertyValueSpecification","valueRequired":true,"valueName":"search_term_string"}}],"inLanguage":"en-US"},{"@type":"Organization","@id":"https:\/\/biljardi.fi\/en\/#organization","name":"Suomen Biljardimyynti Oy","url":"https:\/\/biljardi.fi\/en\/","logo":{"@type":"ImageObject","inLanguage":"en-US","@id":"https:\/\/biljardi.fi\/en\/#\/schema\/logo\/image\/","url":"https:\/\/biljardi.fi\/wp-content\/uploads\/2025\/10\/logo_uus-1.png","contentUrl":"https:\/\/biljardi.fi\/wp-content\/uploads\/2025\/10\/logo_uus-1.png","width":360,"height":94,"caption":"Suomen Biljardimyynti Oy"},"image":{"@id":"https:\/\/biljardi.fi\/en\/#\/schema\/logo\/image\/"}}]}},"_links":{"self":[{"href":"https:\/\/biljardi.fi\/en\/wp-json\/wp\/v2\/product\/71850","targetHints":{"allow":["GET"]}}],"collection":[{"href":"https:\/\/biljardi.fi\/en\/wp-json\/wp\/v2\/product"}],"about":[{"href":"https:\/\/biljardi.fi\/en\/wp-json\/wp\/v2\/types\/product"}],"replies":[{"embeddable":true,"href":"https:\/\/biljardi.fi\/en\/wp-json\/wp\/v2\/comments?post=71850"}],"wp:featuredmedia":[{"embeddable":true,"href":"https:\/\/biljardi.fi\/en\/wp-json\/wp\/v2\/media\/54690"}],"wp:attachment":[{"href":"https:\/\/biljardi.fi\/en\/wp-json\/wp\/v2\/media?parent=71850"}],"wp:term":[{"taxonomy":"product_brand","embeddable":true,"href":"https:\/\/biljardi.fi\/en\/wp-json\/wp\/v2\/product_brand?post=71850"},{"taxonomy":"product_cat","embeddable":true,"href":"https:\/\/biljardi.fi\/en\/wp-json\/wp\/v2\/product_cat?post=71850"},{"taxonomy":"product_tag","embeddable":true,"href":"https:\/\/biljardi.fi\/en\/wp-json\/wp\/v2\/product_tag?post=71850"},{"taxonomy":"giftcard-category","embeddable":true,"href":"https:\/\/biljardi.fi\/en\/wp-json\/wp\/v2\/giftcard-category?post=71850"}],"curies":[{"name":"wp","href":"https:\/\/api.w.org\/{rel}","templated":true}]}}