{"id":71820,"date":"2020-09-08T13:16:39","date_gmt":"2020-09-08T13:16:39","guid":{"rendered":"https:\/\/biljardi.fi\/tuote\/modular-8-9-pool-table\/"},"modified":"2020-09-08T13:16:39","modified_gmt":"2020-09-08T10:16:39","slug":"modular-8-9-pool-table","status":"publish","type":"product","link":"https:\/\/biljardi.fi\/en\/product\/modular-8-9-pool-table\/","title":{"rendered":"Modular 8&#8242;, 9&#8242; Pool Table"},"content":{"rendered":"<p>Modular 8&#8242;, 9&#8242; pool table.<\/p>\n<p>The new Modular pool table is designed for various interior needs. The Modular pool table has a dynamic structure; the frame can be fitted with several different leg options, completely transforming its appearance. <\/p>\n<p>The Modular pool table is solidly built with quality materials: the cushions are solid oak. The frame is steel, and the visible parts of the frame are veneered plywood. <\/p>\n<p>The Modular pool table is modern and stylish, a completely unique and unprecedented designer table, yet at the same time a full-blooded pool table with 25 mm precision-ground slate, Simonis cloth, and optionally available Artemis Pro cushion rubbers!<\/p>\n<p>Ask our sales staff for more information. And NOTE: The table is manufactured in Europe. <\/p>\n<p>Game accessory package <span style=\"color: #0000ff;\"><a style=\"color: #0000ff;\" href=\"http:\/\/www.suomenbiljardimyynti.fi\/images\/Varustepaketit.htm\" target=\"_blank\" rel=\"noopener noreferrer\">contents<\/a>.<\/span><\/p>\n<p>Simonis 760\/860 cloth <span style=\"color: #0000ff;\">color options<strong>.<\/strong><\/span><\/p>\n<p>Modular table brochure: <a href=\"https:\/\/biljardi.fi\/wp-content\/uploads\/2022\/04\/Modular-surinkimo-instrukcija.pdf\">Click here<\/a><\/p>\n","protected":false},"excerpt":{"rendered":"<p>Modular 8&#8242;, 9&#8242; pool table. The new Modular pool table is designed for various interior needs. The Modular pool table has a dynamic structure; the frame can be fitted with several different leg options, completely transforming its appearance. The Modular pool table is solidly built with quality materials: the cushions are solid oak. The frame [&hellip;]<\/p>\n","protected":false},"featured_media":53753,"comment_status":"open","ping_status":"closed","template":"","meta":[],"product_brand":[],"product_cat":[2011,2013,2025,2012],"product_tag":[2015,2016,2014,2052],"giftcard-category":[],"class_list":{"0":"post-71820","1":"product","2":"type-product","3":"status-publish","4":"has-post-thumbnail","6":"product_cat-billiards","7":"product_cat-pool-tables","8":"product_cat-pool-tables-2","9":"product_cat-slate-tables","10":"product_tag-billiard-sales","11":"product_tag-billiard-table","12":"product_tag-billiards","13":"product_tag-billiards-2","14":"pa_koko-2001","15":"pa_koko-2003","16":"pa_vari-black","17":"pa_vari-brown","18":"pa_vari-gray","19":"pa_vari-green","20":"pa_vari-red","21":"pa_vari-white","22":"pa_vari-yellow","24":"first","25":"onbackorder","26":"taxable","27":"shipping-taxable","28":"purchasable","29":"product-type-simple"},"exclude_global_add_ons":false,"addons":[{"name":"Table size","type":"multiple_choice","position":0,"required":false,"title_format":"heading","default":"","description_enable":false,"description":null,"placeholder_enable":false,"placeholder":null,"display":"select","restrictions_type":"any_text","adjust_price":false,"price":"","price_type":"flat_fee","restrictions":false,"min":"0","max":"0","options":[{"label":"8'","price":"","price_type":"quantity_based","image":0,"visibility":true},{"label":"9'","price":"300","price_type":"quantity_based","image":0,"visibility":true}],"id":1741474429},{"name":"Frame color","type":"heading","position":1,"required":false,"title_format":"label","default":"","description_enable":true,"description":"Available in RAL and A and E colors. See images.  ","placeholder_enable":false,"placeholder":null,"display":"select","restrictions_type":"any_text","adjust_price":false,"price":"","price_type":"flat_fee","restrictions":false,"min":"0","max":"0","options":[],"id":1741474430},{"name":"Frame color","type":"custom_textarea","position":2,"required":true,"title_format":"hide","default":"","description_enable":false,"description":null,"placeholder_enable":false,"placeholder":null,"display":"select","restrictions_type":"any_text","adjust_price":false,"price":"","price_type":"quantity_based","restrictions":true,"min":"1","max":"10","options":[],"id":1741474431},{"name":"Leg options","type":"multiple_choice","position":3,"required":true,"title_format":"heading","default":"","description_enable":true,"description":"See image.","placeholder_enable":false,"placeholder":null,"display":"select","restrictions_type":"any_text","adjust_price":false,"price":"","price_type":"flat_fee","restrictions":false,"min":"0","max":"0","options":[{"label":"","price":"","price_type":"quantity_based","image":0,"visibility":true},{"label":"","price":"","price_type":"quantity_based","image":0,"visibility":true},{"label":"","price":"","price_type":"quantity_based","image":0,"visibility":true},{"label":"","price":"","price_type":"quantity_based","image":0,"visibility":true},{"label":"","price":"","price_type":"quantity_based","image":0,"visibility":true},{"label":"","price":"","price_type":"quantity_based","image":0,"visibility":true},{"label":"","price":"","price_type":"flat_fee","image":0,"visibility":true},{"label":"","price":"","price_type":"flat_fee","image":0,"visibility":true},{"label":"","price":"","price_type":"flat_fee","image":0,"visibility":true},{"label":"","price":"","price_type":"flat_fee","image":0,"visibility":true},{"label":"","price":"","price_type":"flat_fee","image":0,"visibility":true},{"label":"","price":"","price_type":"flat_fee","image":0,"visibility":true},{"label":"","price":"","price_type":"flat_fee","image":0,"visibility":true},{"label":"","price":"","price_type":"flat_fee","image":0,"visibility":true},{"label":"","price":"","price_type":"flat_fee","image":0,"visibility":true},{"label":"","price":"","price_type":"flat_fee","image":0,"visibility":true},{"label":"","price":"","price_type":"flat_fee","image":0,"visibility":true},{"label":"","price":"","price_type":"flat_fee","image":0,"visibility":true},{"label":"","price":"","price_type":"flat_fee","image":0,"visibility":true},{"label":"","price":"","price_type":"flat_fee","image":0,"visibility":true}],"id":1741474432},{"name":"Leg element color","type":"custom_textarea","position":4,"required":false,"title_format":"heading","default":"","description_enable":true,"description":"Available in RAL and A and E colors. See images.  ","placeholder_enable":false,"placeholder":null,"display":"select","restrictions_type":"any_text","adjust_price":false,"price":"","price_type":"flat_fee","restrictions":true,"min":"0","max":"10","options":[],"id":1741474433},{"name":"Cushion decorative trim","type":"multiple_choice","position":5,"required":false,"title_format":"heading","default":"","description_enable":false,"description":null,"placeholder_enable":false,"placeholder":null,"display":"select","restrictions_type":"any_text","adjust_price":false,"price":"","price_type":"flat_fee","restrictions":false,"min":"0","max":"0","options":[{"label":"1. Straight","price":"","price_type":"flat_fee","image":0,"visibility":true},{"label":"2. Curved","price":"","price_type":"flat_fee","image":0,"visibility":true}],"id":1741474434},{"name":"Trim color","type":"custom_text","position":6,"required":false,"title_format":"heading","default":"","description_enable":true,"description":"RAL color options","placeholder_enable":false,"placeholder":null,"display":"select","restrictions_type":"any_text","adjust_price":false,"price":"","price_type":"flat_fee","restrictions":true,"min":"0","max":"10","options":[],"id":1741474435},{"name":"Wood finish","type":"multiple_choice","position":7,"required":false,"title_format":"heading","default":"","description_enable":false,"description":null,"placeholder_enable":false,"placeholder":null,"display":"select","restrictions_type":"any_text","adjust_price":false,"price":"","price_type":"flat_fee","restrictions":false,"min":"0","max":"0","options":[{"label":"Matte","price":"","price_type":"quantity_based","image":0,"visibility":true},{"label":"Semi-gloss","price":"","price_type":"quantity_based","image":0,"visibility":true},{"label":"Gloss","price":"299","price_type":"quantity_based","image":0,"visibility":true},{"label":"Ultra gloss","price":"399","price_type":"quantity_based","image":0,"visibility":true}],"id":1741474436},{"name":"Cushion rubber type","type":"multiple_choice","position":8,"required":false,"title_format":"heading","default":"","description_enable":false,"description":null,"placeholder_enable":false,"placeholder":null,"display":"select","restrictions_type":"any_text","adjust_price":false,"price":"","price_type":"flat_fee","restrictions":false,"min":"0","max":"0","options":[{"label":"Standard cushion rubber","price":"","price_type":"flat_fee","image":0,"visibility":true},{"label":"Artemis Pro cushion rubber","price":"199","price_type":"flat_fee","image":0,"visibility":true}],"id":1741474437},{"name":"Leg with custom logo","type":"checkbox","position":9,"required":false,"title_format":"heading","default":"","description_enable":true,"description":"Leg option D can be equipped with your own logo or other image. Ask our sales staff for more information. ","placeholder_enable":false,"placeholder":null,"display":"select","restrictions_type":"any_text","adjust_price":false,"price":"","price_type":"flat_fee","restrictions":false,"min":"0","max":"0","options":[{"label":"Custom logo","price":"99","price_type":"flat_fee","image":0,"visibility":true}],"id":1741474438}],"yoast_head":"<!-- This site is optimized with the Yoast SEO plugin v27.6 - https:\/\/yoast.com\/product\/yoast-seo-wordpress\/ -->\n<title>[wpseo_titles]title-Tuote<\/title>\n<meta name=\"description\" content=\"[wpseo_titles]metadesc-Tuote\" \/>\n<meta name=\"robots\" content=\"index, follow, max-snippet:-1, max-image-preview:large, max-video-preview:-1\" \/>\n<link rel=\"canonical\" href=\"https:\/\/biljardi.fi\/en\/product\/modular-8-9-pool-table\/\" \/>\n<meta property=\"og:locale\" content=\"en_US\" \/>\n<meta property=\"og:type\" content=\"article\" \/>\n<meta property=\"og:title\" content=\"[wpseo_titles]title-Tuote\" \/>\n<meta property=\"og:description\" content=\"[wpseo_titles]metadesc-Tuote\" \/>\n<meta property=\"og:url\" content=\"https:\/\/biljardi.fi\/en\/product\/modular-8-9-pool-table\/\" \/>\n<meta property=\"og:site_name\" content=\"Suomen Biljardimyynti Oy\" \/>\n<meta property=\"og:image\" content=\"https:\/\/biljardi.fi\/wp-content\/uploads\/2020\/09\/Billiard-tables-Modular-RAL1019-web.jpg\" \/>\n\t<meta property=\"og:image:width\" content=\"1340\" \/>\n\t<meta property=\"og:image:height\" content=\"870\" \/>\n\t<meta property=\"og:image:type\" content=\"image\/jpeg\" \/>\n<meta name=\"twitter:card\" content=\"summary_large_image\" \/>\n<meta name=\"twitter:label1\" content=\"Est. reading time\" \/>\n\t<meta name=\"twitter:data1\" content=\"1 minute\" \/>\n<script type=\"application\/ld+json\" class=\"yoast-schema-graph\">{\"@context\":\"https:\\\/\\\/schema.org\",\"@graph\":[{\"@type\":\"WebPage\",\"@id\":\"https:\\\/\\\/biljardi.fi\\\/en\\\/product\\\/modular-8-9-pool-table\\\/\",\"url\":\"https:\\\/\\\/biljardi.fi\\\/en\\\/product\\\/modular-8-9-pool-table\\\/\",\"name\":\"[wpseo_titles]title-Tuote\",\"isPartOf\":{\"@id\":\"https:\\\/\\\/biljardi.fi\\\/en\\\/#website\"},\"primaryImageOfPage\":{\"@id\":\"https:\\\/\\\/biljardi.fi\\\/en\\\/product\\\/modular-8-9-pool-table\\\/#primaryimage\"},\"image\":{\"@id\":\"https:\\\/\\\/biljardi.fi\\\/en\\\/product\\\/modular-8-9-pool-table\\\/#primaryimage\"},\"thumbnailUrl\":\"https:\\\/\\\/biljardi.fi\\\/wp-content\\\/uploads\\\/2020\\\/09\\\/Billiard-tables-Modular-RAL1019-web.jpg\",\"datePublished\":\"2020-09-08T13:16:39+00:00\",\"description\":\"[wpseo_titles]metadesc-Tuote\",\"breadcrumb\":{\"@id\":\"https:\\\/\\\/biljardi.fi\\\/en\\\/product\\\/modular-8-9-pool-table\\\/#breadcrumb\"},\"inLanguage\":\"en-US\",\"potentialAction\":[{\"@type\":\"ReadAction\",\"target\":[\"https:\\\/\\\/biljardi.fi\\\/en\\\/product\\\/modular-8-9-pool-table\\\/\"]}]},{\"@type\":\"ImageObject\",\"inLanguage\":\"en-US\",\"@id\":\"https:\\\/\\\/biljardi.fi\\\/en\\\/product\\\/modular-8-9-pool-table\\\/#primaryimage\",\"url\":\"https:\\\/\\\/biljardi.fi\\\/wp-content\\\/uploads\\\/2020\\\/09\\\/Billiard-tables-Modular-RAL1019-web.jpg\",\"contentUrl\":\"https:\\\/\\\/biljardi.fi\\\/wp-content\\\/uploads\\\/2020\\\/09\\\/Billiard-tables-Modular-RAL1019-web.jpg\",\"width\":1340,\"height\":870,\"caption\":\"Sliding door system in modern living room and kitchen, california living room\"},{\"@type\":\"BreadcrumbList\",\"@id\":\"https:\\\/\\\/biljardi.fi\\\/en\\\/product\\\/modular-8-9-pool-table\\\/#breadcrumb\",\"itemListElement\":[{\"@type\":\"ListItem\",\"position\":1,\"name\":\"Etusivu\",\"item\":\"https:\\\/\\\/biljardi.fi\\\/en\\\/home\\\/\"},{\"@type\":\"ListItem\",\"position\":2,\"name\":\"Shop\",\"item\":\"https:\\\/\\\/biljardi.fi\\\/en\\\/shop\\\/\"},{\"@type\":\"ListItem\",\"position\":3,\"name\":\"Modular 8&#8242;, 9&#8242; Pool Table\"}]},{\"@type\":\"WebSite\",\"@id\":\"https:\\\/\\\/biljardi.fi\\\/en\\\/#website\",\"url\":\"https:\\\/\\\/biljardi.fi\\\/en\\\/\",\"name\":\"Suomen Biljardimyynti Oy\",\"description\":\"Biljardip\u00f6yd\u00e4t, Biljardi, Darts, Ilmakiekko, P\u00f6yt\u00e4jalkapallo\",\"publisher\":{\"@id\":\"https:\\\/\\\/biljardi.fi\\\/en\\\/#organization\"},\"potentialAction\":[{\"@type\":\"SearchAction\",\"target\":{\"@type\":\"EntryPoint\",\"urlTemplate\":\"https:\\\/\\\/biljardi.fi\\\/en\\\/?s={search_term_string}\"},\"query-input\":{\"@type\":\"PropertyValueSpecification\",\"valueRequired\":true,\"valueName\":\"search_term_string\"}}],\"inLanguage\":\"en-US\"},{\"@type\":\"Organization\",\"@id\":\"https:\\\/\\\/biljardi.fi\\\/en\\\/#organization\",\"name\":\"Suomen Biljardimyynti Oy\",\"url\":\"https:\\\/\\\/biljardi.fi\\\/en\\\/\",\"logo\":{\"@type\":\"ImageObject\",\"inLanguage\":\"en-US\",\"@id\":\"https:\\\/\\\/biljardi.fi\\\/en\\\/#\\\/schema\\\/logo\\\/image\\\/\",\"url\":\"https:\\\/\\\/biljardi.fi\\\/wp-content\\\/uploads\\\/2025\\\/10\\\/logo_uus-1.png\",\"contentUrl\":\"https:\\\/\\\/biljardi.fi\\\/wp-content\\\/uploads\\\/2025\\\/10\\\/logo_uus-1.png\",\"width\":360,\"height\":94,\"caption\":\"Suomen Biljardimyynti Oy\"},\"image\":{\"@id\":\"https:\\\/\\\/biljardi.fi\\\/en\\\/#\\\/schema\\\/logo\\\/image\\\/\"}}]}<\/script>\n<!-- \/ Yoast SEO plugin. -->","yoast_head_json":{"title":"[wpseo_titles]title-Tuote","description":"[wpseo_titles]metadesc-Tuote","robots":{"index":"index","follow":"follow","max-snippet":"max-snippet:-1","max-image-preview":"max-image-preview:large","max-video-preview":"max-video-preview:-1"},"canonical":"https:\/\/biljardi.fi\/en\/product\/modular-8-9-pool-table\/","og_locale":"en_US","og_type":"article","og_title":"[wpseo_titles]title-Tuote","og_description":"[wpseo_titles]metadesc-Tuote","og_url":"https:\/\/biljardi.fi\/en\/product\/modular-8-9-pool-table\/","og_site_name":"Suomen Biljardimyynti Oy","og_image":[{"width":1340,"height":870,"url":"https:\/\/biljardi.fi\/wp-content\/uploads\/2020\/09\/Billiard-tables-Modular-RAL1019-web.jpg","type":"image\/jpeg"}],"twitter_card":"summary_large_image","twitter_misc":{"Est. reading time":"1 minute"},"schema":{"@context":"https:\/\/schema.org","@graph":[{"@type":"WebPage","@id":"https:\/\/biljardi.fi\/en\/product\/modular-8-9-pool-table\/","url":"https:\/\/biljardi.fi\/en\/product\/modular-8-9-pool-table\/","name":"[wpseo_titles]title-Tuote","isPartOf":{"@id":"https:\/\/biljardi.fi\/en\/#website"},"primaryImageOfPage":{"@id":"https:\/\/biljardi.fi\/en\/product\/modular-8-9-pool-table\/#primaryimage"},"image":{"@id":"https:\/\/biljardi.fi\/en\/product\/modular-8-9-pool-table\/#primaryimage"},"thumbnailUrl":"https:\/\/biljardi.fi\/wp-content\/uploads\/2020\/09\/Billiard-tables-Modular-RAL1019-web.jpg","datePublished":"2020-09-08T13:16:39+00:00","description":"[wpseo_titles]metadesc-Tuote","breadcrumb":{"@id":"https:\/\/biljardi.fi\/en\/product\/modular-8-9-pool-table\/#breadcrumb"},"inLanguage":"en-US","potentialAction":[{"@type":"ReadAction","target":["https:\/\/biljardi.fi\/en\/product\/modular-8-9-pool-table\/"]}]},{"@type":"ImageObject","inLanguage":"en-US","@id":"https:\/\/biljardi.fi\/en\/product\/modular-8-9-pool-table\/#primaryimage","url":"https:\/\/biljardi.fi\/wp-content\/uploads\/2020\/09\/Billiard-tables-Modular-RAL1019-web.jpg","contentUrl":"https:\/\/biljardi.fi\/wp-content\/uploads\/2020\/09\/Billiard-tables-Modular-RAL1019-web.jpg","width":1340,"height":870,"caption":"Sliding door system in modern living room and kitchen, california living room"},{"@type":"BreadcrumbList","@id":"https:\/\/biljardi.fi\/en\/product\/modular-8-9-pool-table\/#breadcrumb","itemListElement":[{"@type":"ListItem","position":1,"name":"Etusivu","item":"https:\/\/biljardi.fi\/en\/home\/"},{"@type":"ListItem","position":2,"name":"Shop","item":"https:\/\/biljardi.fi\/en\/shop\/"},{"@type":"ListItem","position":3,"name":"Modular 8&#8242;, 9&#8242; Pool Table"}]},{"@type":"WebSite","@id":"https:\/\/biljardi.fi\/en\/#website","url":"https:\/\/biljardi.fi\/en\/","name":"Suomen Biljardimyynti Oy","description":"Biljardip\u00f6yd\u00e4t, Biljardi, Darts, Ilmakiekko, P\u00f6yt\u00e4jalkapallo","publisher":{"@id":"https:\/\/biljardi.fi\/en\/#organization"},"potentialAction":[{"@type":"SearchAction","target":{"@type":"EntryPoint","urlTemplate":"https:\/\/biljardi.fi\/en\/?s={search_term_string}"},"query-input":{"@type":"PropertyValueSpecification","valueRequired":true,"valueName":"search_term_string"}}],"inLanguage":"en-US"},{"@type":"Organization","@id":"https:\/\/biljardi.fi\/en\/#organization","name":"Suomen Biljardimyynti Oy","url":"https:\/\/biljardi.fi\/en\/","logo":{"@type":"ImageObject","inLanguage":"en-US","@id":"https:\/\/biljardi.fi\/en\/#\/schema\/logo\/image\/","url":"https:\/\/biljardi.fi\/wp-content\/uploads\/2025\/10\/logo_uus-1.png","contentUrl":"https:\/\/biljardi.fi\/wp-content\/uploads\/2025\/10\/logo_uus-1.png","width":360,"height":94,"caption":"Suomen Biljardimyynti Oy"},"image":{"@id":"https:\/\/biljardi.fi\/en\/#\/schema\/logo\/image\/"}}]}},"_links":{"self":[{"href":"https:\/\/biljardi.fi\/en\/wp-json\/wp\/v2\/product\/71820","targetHints":{"allow":["GET"]}}],"collection":[{"href":"https:\/\/biljardi.fi\/en\/wp-json\/wp\/v2\/product"}],"about":[{"href":"https:\/\/biljardi.fi\/en\/wp-json\/wp\/v2\/types\/product"}],"replies":[{"embeddable":true,"href":"https:\/\/biljardi.fi\/en\/wp-json\/wp\/v2\/comments?post=71820"}],"wp:featuredmedia":[{"embeddable":true,"href":"https:\/\/biljardi.fi\/en\/wp-json\/wp\/v2\/media\/53753"}],"wp:attachment":[{"href":"https:\/\/biljardi.fi\/en\/wp-json\/wp\/v2\/media?parent=71820"}],"wp:term":[{"taxonomy":"product_brand","embeddable":true,"href":"https:\/\/biljardi.fi\/en\/wp-json\/wp\/v2\/product_brand?post=71820"},{"taxonomy":"product_cat","embeddable":true,"href":"https:\/\/biljardi.fi\/en\/wp-json\/wp\/v2\/product_cat?post=71820"},{"taxonomy":"product_tag","embeddable":true,"href":"https:\/\/biljardi.fi\/en\/wp-json\/wp\/v2\/product_tag?post=71820"},{"taxonomy":"giftcard-category","embeddable":true,"href":"https:\/\/biljardi.fi\/en\/wp-json\/wp\/v2\/giftcard-category?post=71820"}],"curies":[{"name":"wp","href":"https:\/\/api.w.org\/{rel}","templated":true}]}}