{"id":71743,"date":"2009-03-06T12:01:56","date_gmt":"2009-03-06T10:01:56","guid":{"rendered":"https:\/\/biljardi.fi\/tuote\/aramith-fusion-diner-7-pool-table\/"},"modified":"2026-03-30T15:49:23","modified_gmt":"2026-03-30T12:49:23","slug":"aramith-fusion-diner-7-pool-table","status":"publish","type":"product","link":"https:\/\/biljardi.fi\/en\/product\/aramith-fusion-diner-7-pool-table\/","title":{"rendered":"Aramith Fusion Diner 7&#8242; Pool Table"},"content":{"rendered":"<p>Luxury-level Aramith Fusion pool table with dining top. Finish and materials for demanding taste. <\/p>\n<p>Fusion comes standard with a quick height adjustment mechanism (Easy-lift-system), allowing you to instantly add height for dining table use.<\/p>\n<p>Ask us for more information. Suomen Biljardimyynti is the official Fusion table representative in Finland! <\/p>\n<p>Game accessory packages <span style=\"color: #0000ff;\"><a style=\"color: #0000ff;\" href=\"\/images\/Varustepaketit.htm\" target=\"_blank\" rel=\"noopener noreferrer\">contents<\/a><\/span>.<\/p>\n<p>Simonis 760\/860 cloth <span style=\"color: #0000ff;\"><a style=\"color: #0000ff;\" href=\"http:\/\/www.simoniscloth.com\/simonis-styles\" target=\"_blank\" rel=\"noopener noreferrer\">color options<\/a><\/span>.<\/p>\n<p>View <a href=\"https:\/\/biljardi.fi\/?attachment_id=47966\" target=\"_blank\" rel=\"attachment noopener wp-att-47966 noreferrer\">brochure.<\/a><\/p>\n","protected":false},"excerpt":{"rendered":"<p>Luxury-level Aramith Fusion pool table with dining top. Finish and materials for demanding taste. Fusion comes standard with a quick height adjustment mechanism (Easy-lift-system), allowing you to instantly add height for dining table use. Ask us for more information. Suomen Biljardimyynti is the official Fusion table representative in Finland! Game accessory packages contents. Simonis 760\/860 [&hellip;]<\/p>\n","protected":false},"featured_media":47956,"comment_status":"open","ping_status":"closed","template":"","meta":[],"product_brand":[],"product_cat":[2011,2110,2025,2012],"product_tag":[2015,2016,2014],"giftcard-category":[],"class_list":{"0":"post-71743","1":"product","2":"type-product","3":"status-publish","4":"has-post-thumbnail","6":"product_cat-billiards","7":"product_cat-diner-tables","8":"product_cat-pool-tables-2","9":"product_cat-slate-tables","10":"product_tag-billiard-sales","11":"product_tag-billiard-table","12":"product_tag-billiards","13":"pa_koko-2024","14":"pa_vari-black","15":"pa_vari-brown","16":"pa_vari-gray","17":"pa_vari-green","18":"pa_vari-red","19":"pa_vari-white","20":"pa_vari-yellow","22":"first","23":"instock","24":"taxable","25":"shipping-taxable","26":"purchasable","27":"product-type-simple"},"exclude_global_add_ons":false,"addons":[{"name":"Leg and frame material and color","type":"multiple_choice","position":0,"required":false,"title_format":"heading","default":"","description_enable":false,"description":null,"placeholder_enable":false,"placeholder":null,"display":"select","restrictions_type":"any_text","adjust_price":false,"price":"","price_type":"flat_fee","restrictions":false,"min":"0","max":"0","options":[{"label":"Walnut","price":"","price_type":"quantity_based","image":0,"visibility":true},{"label":"Black lacquer stained oak","price":"","price_type":"quantity_based","image":0,"visibility":true},{"label":"White oak","price":"","price_type":"quantity_based","image":0,"visibility":true},{"label":"Gray oak","price":"","price_type":"quantity_based","image":0,"visibility":true},{"label":"Black painted metal","price":"","price_type":"quantity_based","image":0,"visibility":true},{"label":"White painted metal","price":"","price_type":"quantity_based","image":0,"visibility":true},{"label":"Aluminum gray painted metal","price":"","price_type":"quantity_based","image":0,"visibility":true},{"label":"Brushed stainless steel","price":"1500","price_type":"quantity_based","image":0,"visibility":true}]},{"name":"Rail top color","type":"multiple_choice","position":1,"required":false,"title_format":"heading","default":"","description_enable":true,"description":"Rail top is always veneered wood","placeholder_enable":false,"placeholder":null,"display":"select","restrictions_type":"any_text","adjust_price":false,"price":"","price_type":"flat_fee","restrictions":false,"min":"0","max":"0","options":[{"label":"Walnut","price":"","price_type":"quantity_based","image":0,"visibility":true},{"label":"Black lacquer stained oak","price":"","price_type":"quantity_based","image":0,"visibility":true},{"label":"White oak","price":"","price_type":"quantity_based","image":0,"visibility":true},{"label":"Gray oak","price":"","price_type":"quantity_based","image":0,"visibility":true},{"label":"Matte black","price":"","price_type":"quantity_based","image":0,"visibility":true},{"label":"Matte white","price":"","price_type":"quantity_based","image":0,"visibility":true},{"label":"High gloss white","price":"300","price_type":"quantity_based","image":0,"visibility":true},{"label":"High gloss black","price":"300","price_type":"quantity_based","image":0,"visibility":true},{"label":"Vintage (see brochure)","price":"300","price_type":"quantity_based","image":0,"visibility":true}]},{"name":"Cover top color","type":"multiple_choice","position":2,"required":false,"title_format":"heading","default":"","description_enable":false,"description":null,"placeholder_enable":false,"placeholder":null,"display":"select","restrictions_type":"any_text","adjust_price":false,"price":"","price_type":"flat_fee","restrictions":false,"min":"0","max":"0","options":[{"label":"Walnut","price":"","price_type":"quantity_based","image":0,"visibility":true},{"label":"Black lacquer stained oak","price":"","price_type":"quantity_based","image":0,"visibility":true},{"label":"White oak","price":"","price_type":"quantity_based","image":0,"visibility":true},{"label":"Gray oak","price":"","price_type":"quantity_based","image":0,"visibility":true},{"label":"Matte black","price":"","price_type":"quantity_based","image":0,"visibility":true},{"label":"Matte white","price":"","price_type":"quantity_based","image":0,"visibility":true},{"label":"High gloss black","price":"100","price_type":"quantity_based","image":0,"visibility":true},{"label":"High gloss white","price":"100","price_type":"quantity_based","image":0,"visibility":true},{"label":"Vintage (see brochure)","price":"100","price_type":"quantity_based","image":0,"visibility":true},{"label":"Techlam (Reversible. One side imitates stone surface)","price":"800","price_type":"quantity_based","image":0,"visibility":true}]}],"yoast_head":"<!-- This site is optimized with the Yoast SEO plugin v27.6 - https:\/\/yoast.com\/product\/yoast-seo-wordpress\/ -->\n<title>[wpseo_titles]title-Tuote<\/title>\n<meta name=\"description\" content=\"[wpseo_titles]metadesc-Tuote\" \/>\n<meta name=\"robots\" content=\"index, follow, max-snippet:-1, max-image-preview:large, max-video-preview:-1\" \/>\n<link rel=\"canonical\" href=\"https:\/\/biljardi.fi\/en\/product\/aramith-fusion-diner-7-pool-table\/\" \/>\n<meta property=\"og:locale\" content=\"en_US\" \/>\n<meta property=\"og:type\" content=\"article\" \/>\n<meta property=\"og:title\" content=\"[wpseo_titles]title-Tuote\" \/>\n<meta property=\"og:description\" content=\"[wpseo_titles]metadesc-Tuote\" \/>\n<meta property=\"og:url\" content=\"https:\/\/biljardi.fi\/en\/product\/aramith-fusion-diner-7-pool-table\/\" \/>\n<meta property=\"og:site_name\" content=\"Suomen Biljardimyynti Oy\" \/>\n<meta property=\"article:modified_time\" content=\"2026-03-30T12:49:23+00:00\" \/>\n<meta property=\"og:image\" content=\"https:\/\/biljardi.fi\/wp-content\/uploads\/2009\/03\/fusioninterieur4_0.jpg\" \/>\n\t<meta property=\"og:image:width\" content=\"1000\" \/>\n\t<meta property=\"og:image:height\" content=\"664\" \/>\n\t<meta property=\"og:image:type\" content=\"image\/jpeg\" \/>\n<meta name=\"twitter:card\" content=\"summary_large_image\" \/>\n<script type=\"application\/ld+json\" class=\"yoast-schema-graph\">{\"@context\":\"https:\\\/\\\/schema.org\",\"@graph\":[{\"@type\":\"WebPage\",\"@id\":\"https:\\\/\\\/biljardi.fi\\\/en\\\/product\\\/aramith-fusion-diner-7-pool-table\\\/\",\"url\":\"https:\\\/\\\/biljardi.fi\\\/en\\\/product\\\/aramith-fusion-diner-7-pool-table\\\/\",\"name\":\"[wpseo_titles]title-Tuote\",\"isPartOf\":{\"@id\":\"https:\\\/\\\/biljardi.fi\\\/en\\\/#website\"},\"primaryImageOfPage\":{\"@id\":\"https:\\\/\\\/biljardi.fi\\\/en\\\/product\\\/aramith-fusion-diner-7-pool-table\\\/#primaryimage\"},\"image\":{\"@id\":\"https:\\\/\\\/biljardi.fi\\\/en\\\/product\\\/aramith-fusion-diner-7-pool-table\\\/#primaryimage\"},\"thumbnailUrl\":\"https:\\\/\\\/biljardi.fi\\\/wp-content\\\/uploads\\\/2009\\\/03\\\/fusioninterieur4_0.jpg\",\"datePublished\":\"2009-03-06T10:01:56+00:00\",\"dateModified\":\"2026-03-30T12:49:23+00:00\",\"description\":\"[wpseo_titles]metadesc-Tuote\",\"breadcrumb\":{\"@id\":\"https:\\\/\\\/biljardi.fi\\\/en\\\/product\\\/aramith-fusion-diner-7-pool-table\\\/#breadcrumb\"},\"inLanguage\":\"en-US\",\"potentialAction\":[{\"@type\":\"ReadAction\",\"target\":[\"https:\\\/\\\/biljardi.fi\\\/en\\\/product\\\/aramith-fusion-diner-7-pool-table\\\/\"]}]},{\"@type\":\"ImageObject\",\"inLanguage\":\"en-US\",\"@id\":\"https:\\\/\\\/biljardi.fi\\\/en\\\/product\\\/aramith-fusion-diner-7-pool-table\\\/#primaryimage\",\"url\":\"https:\\\/\\\/biljardi.fi\\\/wp-content\\\/uploads\\\/2009\\\/03\\\/fusioninterieur4_0.jpg\",\"contentUrl\":\"https:\\\/\\\/biljardi.fi\\\/wp-content\\\/uploads\\\/2009\\\/03\\\/fusioninterieur4_0.jpg\",\"width\":1000,\"height\":664},{\"@type\":\"BreadcrumbList\",\"@id\":\"https:\\\/\\\/biljardi.fi\\\/en\\\/product\\\/aramith-fusion-diner-7-pool-table\\\/#breadcrumb\",\"itemListElement\":[{\"@type\":\"ListItem\",\"position\":1,\"name\":\"Etusivu\",\"item\":\"https:\\\/\\\/biljardi.fi\\\/en\\\/home\\\/\"},{\"@type\":\"ListItem\",\"position\":2,\"name\":\"Shop\",\"item\":\"https:\\\/\\\/biljardi.fi\\\/en\\\/shop\\\/\"},{\"@type\":\"ListItem\",\"position\":3,\"name\":\"Aramith Fusion Diner 7&#8242; Pool Table\"}]},{\"@type\":\"WebSite\",\"@id\":\"https:\\\/\\\/biljardi.fi\\\/en\\\/#website\",\"url\":\"https:\\\/\\\/biljardi.fi\\\/en\\\/\",\"name\":\"Suomen Biljardimyynti Oy\",\"description\":\"Biljardip\u00f6yd\u00e4t, Biljardi, Darts, Ilmakiekko, P\u00f6yt\u00e4jalkapallo\",\"publisher\":{\"@id\":\"https:\\\/\\\/biljardi.fi\\\/en\\\/#organization\"},\"potentialAction\":[{\"@type\":\"SearchAction\",\"target\":{\"@type\":\"EntryPoint\",\"urlTemplate\":\"https:\\\/\\\/biljardi.fi\\\/en\\\/?s={search_term_string}\"},\"query-input\":{\"@type\":\"PropertyValueSpecification\",\"valueRequired\":true,\"valueName\":\"search_term_string\"}}],\"inLanguage\":\"en-US\"},{\"@type\":\"Organization\",\"@id\":\"https:\\\/\\\/biljardi.fi\\\/en\\\/#organization\",\"name\":\"Suomen Biljardimyynti Oy\",\"url\":\"https:\\\/\\\/biljardi.fi\\\/en\\\/\",\"logo\":{\"@type\":\"ImageObject\",\"inLanguage\":\"en-US\",\"@id\":\"https:\\\/\\\/biljardi.fi\\\/en\\\/#\\\/schema\\\/logo\\\/image\\\/\",\"url\":\"https:\\\/\\\/biljardi.fi\\\/wp-content\\\/uploads\\\/2025\\\/10\\\/logo_uus-1.png\",\"contentUrl\":\"https:\\\/\\\/biljardi.fi\\\/wp-content\\\/uploads\\\/2025\\\/10\\\/logo_uus-1.png\",\"width\":360,\"height\":94,\"caption\":\"Suomen Biljardimyynti Oy\"},\"image\":{\"@id\":\"https:\\\/\\\/biljardi.fi\\\/en\\\/#\\\/schema\\\/logo\\\/image\\\/\"}}]}<\/script>\n<!-- \/ Yoast SEO plugin. -->","yoast_head_json":{"title":"[wpseo_titles]title-Tuote","description":"[wpseo_titles]metadesc-Tuote","robots":{"index":"index","follow":"follow","max-snippet":"max-snippet:-1","max-image-preview":"max-image-preview:large","max-video-preview":"max-video-preview:-1"},"canonical":"https:\/\/biljardi.fi\/en\/product\/aramith-fusion-diner-7-pool-table\/","og_locale":"en_US","og_type":"article","og_title":"[wpseo_titles]title-Tuote","og_description":"[wpseo_titles]metadesc-Tuote","og_url":"https:\/\/biljardi.fi\/en\/product\/aramith-fusion-diner-7-pool-table\/","og_site_name":"Suomen Biljardimyynti Oy","article_modified_time":"2026-03-30T12:49:23+00:00","og_image":[{"width":1000,"height":664,"url":"https:\/\/biljardi.fi\/wp-content\/uploads\/2009\/03\/fusioninterieur4_0.jpg","type":"image\/jpeg"}],"twitter_card":"summary_large_image","schema":{"@context":"https:\/\/schema.org","@graph":[{"@type":"WebPage","@id":"https:\/\/biljardi.fi\/en\/product\/aramith-fusion-diner-7-pool-table\/","url":"https:\/\/biljardi.fi\/en\/product\/aramith-fusion-diner-7-pool-table\/","name":"[wpseo_titles]title-Tuote","isPartOf":{"@id":"https:\/\/biljardi.fi\/en\/#website"},"primaryImageOfPage":{"@id":"https:\/\/biljardi.fi\/en\/product\/aramith-fusion-diner-7-pool-table\/#primaryimage"},"image":{"@id":"https:\/\/biljardi.fi\/en\/product\/aramith-fusion-diner-7-pool-table\/#primaryimage"},"thumbnailUrl":"https:\/\/biljardi.fi\/wp-content\/uploads\/2009\/03\/fusioninterieur4_0.jpg","datePublished":"2009-03-06T10:01:56+00:00","dateModified":"2026-03-30T12:49:23+00:00","description":"[wpseo_titles]metadesc-Tuote","breadcrumb":{"@id":"https:\/\/biljardi.fi\/en\/product\/aramith-fusion-diner-7-pool-table\/#breadcrumb"},"inLanguage":"en-US","potentialAction":[{"@type":"ReadAction","target":["https:\/\/biljardi.fi\/en\/product\/aramith-fusion-diner-7-pool-table\/"]}]},{"@type":"ImageObject","inLanguage":"en-US","@id":"https:\/\/biljardi.fi\/en\/product\/aramith-fusion-diner-7-pool-table\/#primaryimage","url":"https:\/\/biljardi.fi\/wp-content\/uploads\/2009\/03\/fusioninterieur4_0.jpg","contentUrl":"https:\/\/biljardi.fi\/wp-content\/uploads\/2009\/03\/fusioninterieur4_0.jpg","width":1000,"height":664},{"@type":"BreadcrumbList","@id":"https:\/\/biljardi.fi\/en\/product\/aramith-fusion-diner-7-pool-table\/#breadcrumb","itemListElement":[{"@type":"ListItem","position":1,"name":"Etusivu","item":"https:\/\/biljardi.fi\/en\/home\/"},{"@type":"ListItem","position":2,"name":"Shop","item":"https:\/\/biljardi.fi\/en\/shop\/"},{"@type":"ListItem","position":3,"name":"Aramith Fusion Diner 7&#8242; Pool Table"}]},{"@type":"WebSite","@id":"https:\/\/biljardi.fi\/en\/#website","url":"https:\/\/biljardi.fi\/en\/","name":"Suomen Biljardimyynti Oy","description":"Biljardip\u00f6yd\u00e4t, Biljardi, Darts, Ilmakiekko, P\u00f6yt\u00e4jalkapallo","publisher":{"@id":"https:\/\/biljardi.fi\/en\/#organization"},"potentialAction":[{"@type":"SearchAction","target":{"@type":"EntryPoint","urlTemplate":"https:\/\/biljardi.fi\/en\/?s={search_term_string}"},"query-input":{"@type":"PropertyValueSpecification","valueRequired":true,"valueName":"search_term_string"}}],"inLanguage":"en-US"},{"@type":"Organization","@id":"https:\/\/biljardi.fi\/en\/#organization","name":"Suomen Biljardimyynti Oy","url":"https:\/\/biljardi.fi\/en\/","logo":{"@type":"ImageObject","inLanguage":"en-US","@id":"https:\/\/biljardi.fi\/en\/#\/schema\/logo\/image\/","url":"https:\/\/biljardi.fi\/wp-content\/uploads\/2025\/10\/logo_uus-1.png","contentUrl":"https:\/\/biljardi.fi\/wp-content\/uploads\/2025\/10\/logo_uus-1.png","width":360,"height":94,"caption":"Suomen Biljardimyynti Oy"},"image":{"@id":"https:\/\/biljardi.fi\/en\/#\/schema\/logo\/image\/"}}]}},"_links":{"self":[{"href":"https:\/\/biljardi.fi\/en\/wp-json\/wp\/v2\/product\/71743","targetHints":{"allow":["GET"]}}],"collection":[{"href":"https:\/\/biljardi.fi\/en\/wp-json\/wp\/v2\/product"}],"about":[{"href":"https:\/\/biljardi.fi\/en\/wp-json\/wp\/v2\/types\/product"}],"replies":[{"embeddable":true,"href":"https:\/\/biljardi.fi\/en\/wp-json\/wp\/v2\/comments?post=71743"}],"wp:featuredmedia":[{"embeddable":true,"href":"https:\/\/biljardi.fi\/en\/wp-json\/wp\/v2\/media\/47956"}],"wp:attachment":[{"href":"https:\/\/biljardi.fi\/en\/wp-json\/wp\/v2\/media?parent=71743"}],"wp:term":[{"taxonomy":"product_brand","embeddable":true,"href":"https:\/\/biljardi.fi\/en\/wp-json\/wp\/v2\/product_brand?post=71743"},{"taxonomy":"product_cat","embeddable":true,"href":"https:\/\/biljardi.fi\/en\/wp-json\/wp\/v2\/product_cat?post=71743"},{"taxonomy":"product_tag","embeddable":true,"href":"https:\/\/biljardi.fi\/en\/wp-json\/wp\/v2\/product_tag?post=71743"},{"taxonomy":"giftcard-category","embeddable":true,"href":"https:\/\/biljardi.fi\/en\/wp-json\/wp\/v2\/giftcard-category?post=71743"}],"curies":[{"name":"wp","href":"https:\/\/api.w.org\/{rel}","templated":true}]}}