{"id":71447,"date":"2018-05-18T12:07:50","date_gmt":"2018-05-18T09:07:50","guid":{"rendered":"https:\/\/biljardi.fi\/privacy-policy-2\/"},"modified":"2018-05-18T12:07:50","modified_gmt":"2018-05-18T09:07:50","slug":"privacy-policy-2","status":"publish","type":"page","link":"https:\/\/biljardi.fi\/en\/privacy-policy-2\/","title":{"rendered":"Privacy Policy"},"content":{"rendered":"<h1 class=\"entry-title\">Privacy Policy<\/h1>\n<p>Privacy Policy May 24, 2018<\/p>\n<p>Data Controller:<br \/>\nSuomen Biljardimyynti Oy<br \/>\n(Business ID 1770973-7)<br \/>\nS\u00e4hk\u00f6tie 8,<br \/>\n01510 Vantaa<br \/>\n<a href=\"mailto:info@biljardi.fi\">info@biljardi.fi  <\/a><\/p>\n<p>We collect personal data for the purpose of managing customer relationships. The legal basis for processing personal data is the contract between us and the resulting legal obligations. Providing personal data is a prerequisite for entering into a contract. In other words, you cannot order goods from our online store if you do not provide your personal data.<\/p>\n<p>We also collect personal data for marketing purposes. The legal basis for processing personal data is consent.<\/p>\n<p>We do not use profiling or automated decision-making concerning you.<\/p>\n<p>Recipients of your personal data:<br \/>\n\u2013 our company and its employees<br \/>\n\u2013 the payment processor who receives your payment<br \/>\n\u2013 the transport company that delivers the goods to you<br \/>\n\u2013 the accounting firm that records the order in our books<br \/>\n\u2013 the auditor who inspects our accounts<br \/>\n\u2013 the IT company that maintains our website<\/p>\n<p>We store your personal data:<br \/>\n\u2013 in the online store for five years<br \/>\n\u2013 in the email archive for seven years<br \/>\n\u2013 in the accounting records for seven years<\/p>\n<p>You have the following rights:<br \/>\n\u2013 the right to inspect personal data concerning yourself<br \/>\n\u2013 the right to rectify data<br \/>\n\u2013 the right to restrict processing (for example, you can opt out of marketing)<br \/>\n\u2013 the right to object to processing<br \/>\n\u2013 the right to withdraw consent (for example, you can withdraw your consent for marketing)<br \/>\n\u2013 the right to lodge a complaint with a supervisory authority<\/p>\n<p>Please note that you have the \u201cright to be forgotten\u201d only if we do not have legal obligations to continue processing your personal data.<\/p>\n<p>We use cookies on the site to improve the user experience.<\/p>\n","protected":false},"excerpt":{"rendered":"<p>Privacy Policy Privacy Policy May 24, 2018 Data Controller: Suomen Biljardimyynti Oy (Business ID 1770973-7) S\u00e4hk\u00f6tie 8, 01510 Vantaa info@biljardi.fi We collect personal data for the purpose of managing customer relationships. The legal basis for processing personal data is the contract between us and the resulting legal obligations. Providing personal data is a prerequisite for [&hellip;]<\/p>\n","protected":false},"author":1,"featured_media":0,"parent":0,"menu_order":0,"comment_status":"closed","ping_status":"closed","template":"","meta":{"_improvement_type_select":"improve_an_existing","_thumb_yes_seoaic":false,"_frame_yes_seoaic":false,"seoaic_generate_description":"","seoaic_improve_instructions_prompt":"","seoaic_rollback_content_improvement":"","seoaic_idea_thumbnail_generator":"","thumbnail_generated":false,"thumbnail_generate_prompt":"","seoaic_article_description":"","footnotes":""},"class_list":["post-71447","page","type-page","status-publish","hentry"],"yoast_head":"<!-- This site is optimized with the Yoast SEO plugin v27.4 - https:\/\/yoast.com\/product\/yoast-seo-wordpress\/ -->\n<title>Privacy Policy - Suomen Biljardimyynti Oy<\/title>\n<meta name=\"robots\" content=\"index, follow, max-snippet:-1, max-image-preview:large, max-video-preview:-1\" \/>\n<link rel=\"canonical\" href=\"https:\/\/biljardi.fi\/en\/privacy-policy-2\/\" \/>\n<meta property=\"og:locale\" content=\"en_US\" \/>\n<meta property=\"og:type\" content=\"article\" \/>\n<meta property=\"og:title\" content=\"Privacy Policy - Suomen Biljardimyynti Oy\" \/>\n<meta property=\"og:description\" content=\"Privacy Policy Privacy Policy May 24, 2018 Data Controller: Suomen Biljardimyynti Oy (Business ID 1770973-7) S\u00e4hk\u00f6tie 8, 01510 Vantaa info@biljardi.fi We collect personal data for the purpose of managing customer relationships. The legal basis for processing personal data is the contract between us and the resulting legal obligations. Providing personal data is a prerequisite for [&hellip;]\" \/>\n<meta property=\"og:url\" content=\"https:\/\/biljardi.fi\/en\/privacy-policy-2\/\" \/>\n<meta property=\"og:site_name\" content=\"Suomen Biljardimyynti Oy\" \/>\n<meta name=\"twitter:card\" content=\"summary_large_image\" \/>\n<meta name=\"twitter:label1\" content=\"Est. reading time\" \/>\n\t<meta name=\"twitter:data1\" content=\"1 minute\" \/>\n<script type=\"application\/ld+json\" class=\"yoast-schema-graph\">{\"@context\":\"https:\\\/\\\/schema.org\",\"@graph\":[{\"@type\":\"WebPage\",\"@id\":\"https:\\\/\\\/biljardi.fi\\\/en\\\/privacy-policy-2\\\/\",\"url\":\"https:\\\/\\\/biljardi.fi\\\/en\\\/privacy-policy-2\\\/\",\"name\":\"Privacy Policy - Suomen Biljardimyynti Oy\",\"isPartOf\":{\"@id\":\"https:\\\/\\\/biljardi.fi\\\/en\\\/#website\"},\"datePublished\":\"2018-05-18T09:07:50+00:00\",\"breadcrumb\":{\"@id\":\"https:\\\/\\\/biljardi.fi\\\/en\\\/privacy-policy-2\\\/#breadcrumb\"},\"inLanguage\":\"en-US\",\"potentialAction\":[{\"@type\":\"ReadAction\",\"target\":[\"https:\\\/\\\/biljardi.fi\\\/en\\\/privacy-policy-2\\\/\"]}]},{\"@type\":\"BreadcrumbList\",\"@id\":\"https:\\\/\\\/biljardi.fi\\\/en\\\/privacy-policy-2\\\/#breadcrumb\",\"itemListElement\":[{\"@type\":\"ListItem\",\"position\":1,\"name\":\"Home\",\"item\":\"https:\\\/\\\/biljardi.fi\\\/en\\\/home\\\/\"},{\"@type\":\"ListItem\",\"position\":2,\"name\":\"Privacy Policy\"}]},{\"@type\":\"WebSite\",\"@id\":\"https:\\\/\\\/biljardi.fi\\\/en\\\/#website\",\"url\":\"https:\\\/\\\/biljardi.fi\\\/en\\\/\",\"name\":\"Suomen Biljardimyynti Oy\",\"description\":\"Biljardip\u00f6yd\u00e4t, Biljardi, Darts, Ilmakiekko, P\u00f6yt\u00e4jalkapallo\",\"publisher\":{\"@id\":\"https:\\\/\\\/biljardi.fi\\\/en\\\/#organization\"},\"potentialAction\":[{\"@type\":\"SearchAction\",\"target\":{\"@type\":\"EntryPoint\",\"urlTemplate\":\"https:\\\/\\\/biljardi.fi\\\/en\\\/?s={search_term_string}\"},\"query-input\":{\"@type\":\"PropertyValueSpecification\",\"valueRequired\":true,\"valueName\":\"search_term_string\"}}],\"inLanguage\":\"en-US\"},{\"@type\":\"Organization\",\"@id\":\"https:\\\/\\\/biljardi.fi\\\/en\\\/#organization\",\"name\":\"Suomen Biljardimyynti Oy\",\"url\":\"https:\\\/\\\/biljardi.fi\\\/en\\\/\",\"logo\":{\"@type\":\"ImageObject\",\"inLanguage\":\"en-US\",\"@id\":\"https:\\\/\\\/biljardi.fi\\\/en\\\/#\\\/schema\\\/logo\\\/image\\\/\",\"url\":\"https:\\\/\\\/biljardi.fi\\\/wp-content\\\/uploads\\\/2025\\\/10\\\/logo_uus-1.png\",\"contentUrl\":\"https:\\\/\\\/biljardi.fi\\\/wp-content\\\/uploads\\\/2025\\\/10\\\/logo_uus-1.png\",\"width\":360,\"height\":94,\"caption\":\"Suomen Biljardimyynti Oy\"},\"image\":{\"@id\":\"https:\\\/\\\/biljardi.fi\\\/en\\\/#\\\/schema\\\/logo\\\/image\\\/\"}}]}<\/script>\n<!-- \/ Yoast SEO plugin. -->","yoast_head_json":{"title":"Privacy Policy - Suomen Biljardimyynti Oy","robots":{"index":"index","follow":"follow","max-snippet":"max-snippet:-1","max-image-preview":"max-image-preview:large","max-video-preview":"max-video-preview:-1"},"canonical":"https:\/\/biljardi.fi\/en\/privacy-policy-2\/","og_locale":"en_US","og_type":"article","og_title":"Privacy Policy - Suomen Biljardimyynti Oy","og_description":"Privacy Policy Privacy Policy May 24, 2018 Data Controller: Suomen Biljardimyynti Oy (Business ID 1770973-7) S\u00e4hk\u00f6tie 8, 01510 Vantaa info@biljardi.fi We collect personal data for the purpose of managing customer relationships. The legal basis for processing personal data is the contract between us and the resulting legal obligations. Providing personal data is a prerequisite for [&hellip;]","og_url":"https:\/\/biljardi.fi\/en\/privacy-policy-2\/","og_site_name":"Suomen Biljardimyynti Oy","twitter_card":"summary_large_image","twitter_misc":{"Est. reading time":"1 minute"},"schema":{"@context":"https:\/\/schema.org","@graph":[{"@type":"WebPage","@id":"https:\/\/biljardi.fi\/en\/privacy-policy-2\/","url":"https:\/\/biljardi.fi\/en\/privacy-policy-2\/","name":"Privacy Policy - Suomen Biljardimyynti Oy","isPartOf":{"@id":"https:\/\/biljardi.fi\/en\/#website"},"datePublished":"2018-05-18T09:07:50+00:00","breadcrumb":{"@id":"https:\/\/biljardi.fi\/en\/privacy-policy-2\/#breadcrumb"},"inLanguage":"en-US","potentialAction":[{"@type":"ReadAction","target":["https:\/\/biljardi.fi\/en\/privacy-policy-2\/"]}]},{"@type":"BreadcrumbList","@id":"https:\/\/biljardi.fi\/en\/privacy-policy-2\/#breadcrumb","itemListElement":[{"@type":"ListItem","position":1,"name":"Home","item":"https:\/\/biljardi.fi\/en\/home\/"},{"@type":"ListItem","position":2,"name":"Privacy Policy"}]},{"@type":"WebSite","@id":"https:\/\/biljardi.fi\/en\/#website","url":"https:\/\/biljardi.fi\/en\/","name":"Suomen Biljardimyynti Oy","description":"Biljardip\u00f6yd\u00e4t, Biljardi, Darts, Ilmakiekko, P\u00f6yt\u00e4jalkapallo","publisher":{"@id":"https:\/\/biljardi.fi\/en\/#organization"},"potentialAction":[{"@type":"SearchAction","target":{"@type":"EntryPoint","urlTemplate":"https:\/\/biljardi.fi\/en\/?s={search_term_string}"},"query-input":{"@type":"PropertyValueSpecification","valueRequired":true,"valueName":"search_term_string"}}],"inLanguage":"en-US"},{"@type":"Organization","@id":"https:\/\/biljardi.fi\/en\/#organization","name":"Suomen Biljardimyynti Oy","url":"https:\/\/biljardi.fi\/en\/","logo":{"@type":"ImageObject","inLanguage":"en-US","@id":"https:\/\/biljardi.fi\/en\/#\/schema\/logo\/image\/","url":"https:\/\/biljardi.fi\/wp-content\/uploads\/2025\/10\/logo_uus-1.png","contentUrl":"https:\/\/biljardi.fi\/wp-content\/uploads\/2025\/10\/logo_uus-1.png","width":360,"height":94,"caption":"Suomen Biljardimyynti Oy"},"image":{"@id":"https:\/\/biljardi.fi\/en\/#\/schema\/logo\/image\/"}}]}},"_links":{"self":[{"href":"https:\/\/biljardi.fi\/en\/wp-json\/wp\/v2\/pages\/71447","targetHints":{"allow":["GET"]}}],"collection":[{"href":"https:\/\/biljardi.fi\/en\/wp-json\/wp\/v2\/pages"}],"about":[{"href":"https:\/\/biljardi.fi\/en\/wp-json\/wp\/v2\/types\/page"}],"author":[{"embeddable":true,"href":"https:\/\/biljardi.fi\/en\/wp-json\/wp\/v2\/users\/1"}],"replies":[{"embeddable":true,"href":"https:\/\/biljardi.fi\/en\/wp-json\/wp\/v2\/comments?post=71447"}],"version-history":[{"count":0,"href":"https:\/\/biljardi.fi\/en\/wp-json\/wp\/v2\/pages\/71447\/revisions"}],"wp:attachment":[{"href":"https:\/\/biljardi.fi\/en\/wp-json\/wp\/v2\/media?parent=71447"}],"curies":[{"name":"wp","href":"https:\/\/api.w.org\/{rel}","templated":true}]}}