{"id":71444,"date":"2017-10-31T22:00:15","date_gmt":"2017-10-31T20:00:15","guid":{"rendered":"https:\/\/biljardi.fi\/privacy-policy\/"},"modified":"2017-10-31T22:00:15","modified_gmt":"2017-10-31T20:00:15","slug":"privacy-policy","status":"publish","type":"page","link":"https:\/\/biljardi.fi\/en\/privacy-policy\/","title":{"rendered":"Privacy policy"},"content":{"rendered":"<div id=\"pl-46419\" class=\"panel-layout\">\n<div id=\"pg-46419-0\" class=\"panel-grid panel-no-style\">\n<div id=\"pgc-46419-0-0\" class=\"panel-grid-cell\" data-weight=\"1\">\n<div id=\"panel-46419-0-0-0\" class=\"so-panel widget widget_sow-editor panel-first-child panel-last-child\" data-index=\"0\" data-style=\"{\"background_image_attachment\":false,\"background_display\":\"tile\",\"iw-visible-screen\":\"iw-all\",\"iw-visible-layout\":\"iw-all\"}\">\n<div class=\"so-widget-sow-editor so-widget-sow-editor-base\">\n<div class=\"siteorigin-widget-tinymce textwidget\">\n<p><strong>1. Data controller<\/strong><\/p>\n<p>Name: Suomen Biljardimyynti Oy (Business ID 1770973-7)<br \/>Contact details: S\u00e4hk\u00f6tie 8 (Tammisto Shopping Center)<br \/>01510 Vantaa, Finland<\/p>\n<p><strong>2. Person responsible for register matters and\/or contact person<\/strong><\/p>\n<p>Heikki Lehto, <a href=\"tel:09%205882494\">09 5882494<\/a> or <a href=\"tel:040%205244859\">040 5244859<\/a><\/p>\n<p><strong>3. Name of the register<\/strong><\/p>\n<p>Suomen Biljardimyynti, customer register &#8211; Finland. The register consists of several sub-registers. <\/p>\n<p><strong>4. Purpose of processing personal data (intended use of the register)<\/strong><\/p>\n<p>The register is used for managing customer relationships, customer communications, and marketing. The register data is used for Suomen Biljardimyynti\u2019s own direct marketing unless the customer has opted out of direct marketing. The register\u2019s name and address details may be disclosed for direct marketing purposes unless the customer has prohibited such disclosure. However, customer data is not disclosed to external parties. Suomen Biljardimyynti uses this and other data generated during the customer relationship to plan its product and service offering and to target that offering. The aim is to operate in a customer-oriented way and also take into account the customer\u2019s different purchasing-channel habits.     <\/p>\n<p><strong>5. Contents of the register<\/strong><\/p>\n<p>The customer register consists of several separate registers compiled according to their main purpose of use. Together, the customer data in these registers forms the stored data sets for each customer as follows: <\/p>\n<p>1. Billing customer contact details and information required to place orders: The customer\u2019s contact details (last name, first names, street address, postal code, city) and other customer-specific information. Any prohibition by the customer on disclosing their address or other data to other companies for direct marketing. Any prohibition by the customer on sending them any promotional mail.<br \/>Information required for processing and delivering billing customers\u2019 orders: The phone number provided by the customer for contact purposes, personal identity code, and credit terms.  <\/p>\n<p>2. Contact details and information required to place orders for customers of Suomen Biljardimyynti Oy\u2019s online store:<\/p>\n<p>a) Online store customer details: The customer register stores the information the customer has entered on the registration form when registering. Mandatory registration details are first name, last name, street address, postal code, city, username, and password. Optional details include other contact information and other information provided by the customer.  <\/p>\n<p>b) Customer data collected from online store orders: Information required for processing and delivering online store orders at the time of ordering: contact details, phone number, as well as date of birth and other information required for credit purchases.<\/p>\n<p>3. Information required to maintain credit purchases: Information required for credit monitoring and maintaining credit entitlement.<\/p>\n<p>4. Information required for processing, delivering, and returning orders: Information on billing customers\u2019 and online store customers\u2019 orders, deliveries, and returns.<\/p>\n<p><strong>6. Regular sources of data<\/strong><\/p>\n<p>The register\u2019s contact and customer relationship data is obtained from notifications made by the customer to the data controller when the customer relationship is created and during it.<\/p>\n<p>A customer relationship is created<br \/>1) when the customer requests a catalogue,<br \/>2) registers in the online store, or<br \/>3) orders goods.<\/p>\n<p>The name and address details of mail-order customers are updated from the Population Information System. A direct marketing opt-out and a prohibition on disclosing address details to other companies are recorded based on the customer\u2019s separate notification. Separate consent is requested from the customer for electronic direct marketing (such as email, text messages) in accordance with the Personal Data Act. Information on creditworthiness at the time of ordering is obtained from Asiakastieto Oy\u2019s system.   <\/p>\n<p><strong>7. Regular disclosures of data and transfer of data outside the EU or the European Economic Area<\/strong><\/p>\n<p>Name and address details may be disclosed from the customer register for direct marketing purposes. The data disclosed from the register may then include name and address details.<br \/>The customer has the right to prohibit disclosure of data. Online store customer data is not disclosed to parties outside the group. Data is not transferred outside the EU or the European Economic Area.   <\/p>\n<p><strong>8. Principles of register protection<\/strong><\/p>\n<p>Manual material is stored in a locked area and access is limited to authorized persons only. Electronic material: Only specifically designated employees are authorized to use the system containing customer data and to modify customer data. Each user has their own username and password for the system. Through personal database access rights and different user levels, access is restricted only to the data necessary for performing the person\u2019s work tasks. The customer register and the IT system hardware used to process it are located in locked and guarded premises. To prepare for disruptions, data is backed up regularly by copying. The system is protected by a firewall against external connections. Employees handling customer register data are bound by confidentiality. Data is only shared with or disclosed to external parties due to a statutory duty to report, such as at the customer\u2019s own request or at the request of an authority based on law.        <\/p>\n<\/div>\n<\/div>\n<\/div>\n<\/div>\n<\/div>\n<\/div>\n","protected":false},"excerpt":{"rendered":"<p>1. Data controller Name: Suomen Biljardimyynti Oy (Business ID 1770973-7)Contact details: S\u00e4hk\u00f6tie 8 (Tammisto Shopping Center)01510 Vantaa, Finland 2. Person responsible for register matters and\/or contact person Heikki Lehto, 09 5882494 or 040 5244859 3. Name of the register Suomen Biljardimyynti, customer register &#8211; Finland. The register consists of several sub-registers. 4. Purpose of processing [&hellip;]<\/p>\n","protected":false},"author":1,"featured_media":0,"parent":0,"menu_order":0,"comment_status":"closed","ping_status":"closed","template":"","meta":{"_improvement_type_select":"improve_an_existing","_thumb_yes_seoaic":false,"_frame_yes_seoaic":false,"seoaic_generate_description":"","seoaic_improve_instructions_prompt":"","seoaic_rollback_content_improvement":"","seoaic_idea_thumbnail_generator":"","thumbnail_generated":false,"thumbnail_generate_prompt":"","seoaic_article_description":"","footnotes":""},"class_list":["post-71444","page","type-page","status-publish","hentry"],"yoast_head":"<!-- This site is optimized with the Yoast SEO plugin v27.4 - https:\/\/yoast.com\/product\/yoast-seo-wordpress\/ -->\n<title>Privacy policy - Suomen Biljardimyynti Oy<\/title>\n<meta name=\"robots\" content=\"index, follow, max-snippet:-1, max-image-preview:large, max-video-preview:-1\" \/>\n<link rel=\"canonical\" href=\"https:\/\/biljardi.fi\/en\/privacy-policy\/\" \/>\n<meta property=\"og:locale\" content=\"en_US\" \/>\n<meta property=\"og:type\" content=\"article\" \/>\n<meta property=\"og:title\" content=\"Privacy policy - Suomen Biljardimyynti Oy\" \/>\n<meta property=\"og:description\" content=\"1. Data controller Name: Suomen Biljardimyynti Oy (Business ID 1770973-7)Contact details: S\u00e4hk\u00f6tie 8 (Tammisto Shopping Center)01510 Vantaa, Finland 2. Person responsible for register matters and\/or contact person Heikki Lehto, 09 5882494 or 040 5244859 3. Name of the register Suomen Biljardimyynti, customer register &#8211; Finland. The register consists of several sub-registers. 4. Purpose of processing [&hellip;]\" \/>\n<meta property=\"og:url\" content=\"https:\/\/biljardi.fi\/en\/privacy-policy\/\" \/>\n<meta property=\"og:site_name\" content=\"Suomen Biljardimyynti Oy\" \/>\n<meta name=\"twitter:card\" content=\"summary_large_image\" \/>\n<meta name=\"twitter:label1\" content=\"Est. reading time\" \/>\n\t<meta name=\"twitter:data1\" content=\"4 minutes\" \/>\n<script type=\"application\/ld+json\" class=\"yoast-schema-graph\">{\"@context\":\"https:\\\/\\\/schema.org\",\"@graph\":[{\"@type\":\"WebPage\",\"@id\":\"https:\\\/\\\/biljardi.fi\\\/en\\\/privacy-policy\\\/\",\"url\":\"https:\\\/\\\/biljardi.fi\\\/en\\\/privacy-policy\\\/\",\"name\":\"Privacy policy - Suomen Biljardimyynti Oy\",\"isPartOf\":{\"@id\":\"https:\\\/\\\/biljardi.fi\\\/en\\\/#website\"},\"datePublished\":\"2017-10-31T20:00:15+00:00\",\"breadcrumb\":{\"@id\":\"https:\\\/\\\/biljardi.fi\\\/en\\\/privacy-policy\\\/#breadcrumb\"},\"inLanguage\":\"en-US\",\"potentialAction\":[{\"@type\":\"ReadAction\",\"target\":[\"https:\\\/\\\/biljardi.fi\\\/en\\\/privacy-policy\\\/\"]}]},{\"@type\":\"BreadcrumbList\",\"@id\":\"https:\\\/\\\/biljardi.fi\\\/en\\\/privacy-policy\\\/#breadcrumb\",\"itemListElement\":[{\"@type\":\"ListItem\",\"position\":1,\"name\":\"Home\",\"item\":\"https:\\\/\\\/biljardi.fi\\\/en\\\/home\\\/\"},{\"@type\":\"ListItem\",\"position\":2,\"name\":\"Privacy policy\"}]},{\"@type\":\"WebSite\",\"@id\":\"https:\\\/\\\/biljardi.fi\\\/en\\\/#website\",\"url\":\"https:\\\/\\\/biljardi.fi\\\/en\\\/\",\"name\":\"Suomen Biljardimyynti Oy\",\"description\":\"Biljardip\u00f6yd\u00e4t, Biljardi, Darts, Ilmakiekko, P\u00f6yt\u00e4jalkapallo\",\"publisher\":{\"@id\":\"https:\\\/\\\/biljardi.fi\\\/en\\\/#organization\"},\"potentialAction\":[{\"@type\":\"SearchAction\",\"target\":{\"@type\":\"EntryPoint\",\"urlTemplate\":\"https:\\\/\\\/biljardi.fi\\\/en\\\/?s={search_term_string}\"},\"query-input\":{\"@type\":\"PropertyValueSpecification\",\"valueRequired\":true,\"valueName\":\"search_term_string\"}}],\"inLanguage\":\"en-US\"},{\"@type\":\"Organization\",\"@id\":\"https:\\\/\\\/biljardi.fi\\\/en\\\/#organization\",\"name\":\"Suomen Biljardimyynti Oy\",\"url\":\"https:\\\/\\\/biljardi.fi\\\/en\\\/\",\"logo\":{\"@type\":\"ImageObject\",\"inLanguage\":\"en-US\",\"@id\":\"https:\\\/\\\/biljardi.fi\\\/en\\\/#\\\/schema\\\/logo\\\/image\\\/\",\"url\":\"https:\\\/\\\/biljardi.fi\\\/wp-content\\\/uploads\\\/2025\\\/10\\\/logo_uus-1.png\",\"contentUrl\":\"https:\\\/\\\/biljardi.fi\\\/wp-content\\\/uploads\\\/2025\\\/10\\\/logo_uus-1.png\",\"width\":360,\"height\":94,\"caption\":\"Suomen Biljardimyynti Oy\"},\"image\":{\"@id\":\"https:\\\/\\\/biljardi.fi\\\/en\\\/#\\\/schema\\\/logo\\\/image\\\/\"}}]}<\/script>\n<!-- \/ Yoast SEO plugin. -->","yoast_head_json":{"title":"Privacy policy - Suomen Biljardimyynti Oy","robots":{"index":"index","follow":"follow","max-snippet":"max-snippet:-1","max-image-preview":"max-image-preview:large","max-video-preview":"max-video-preview:-1"},"canonical":"https:\/\/biljardi.fi\/en\/privacy-policy\/","og_locale":"en_US","og_type":"article","og_title":"Privacy policy - Suomen Biljardimyynti Oy","og_description":"1. Data controller Name: Suomen Biljardimyynti Oy (Business ID 1770973-7)Contact details: S\u00e4hk\u00f6tie 8 (Tammisto Shopping Center)01510 Vantaa, Finland 2. Person responsible for register matters and\/or contact person Heikki Lehto, 09 5882494 or 040 5244859 3. Name of the register Suomen Biljardimyynti, customer register &#8211; Finland. The register consists of several sub-registers. 4. Purpose of processing [&hellip;]","og_url":"https:\/\/biljardi.fi\/en\/privacy-policy\/","og_site_name":"Suomen Biljardimyynti Oy","twitter_card":"summary_large_image","twitter_misc":{"Est. reading time":"4 minutes"},"schema":{"@context":"https:\/\/schema.org","@graph":[{"@type":"WebPage","@id":"https:\/\/biljardi.fi\/en\/privacy-policy\/","url":"https:\/\/biljardi.fi\/en\/privacy-policy\/","name":"Privacy policy - Suomen Biljardimyynti Oy","isPartOf":{"@id":"https:\/\/biljardi.fi\/en\/#website"},"datePublished":"2017-10-31T20:00:15+00:00","breadcrumb":{"@id":"https:\/\/biljardi.fi\/en\/privacy-policy\/#breadcrumb"},"inLanguage":"en-US","potentialAction":[{"@type":"ReadAction","target":["https:\/\/biljardi.fi\/en\/privacy-policy\/"]}]},{"@type":"BreadcrumbList","@id":"https:\/\/biljardi.fi\/en\/privacy-policy\/#breadcrumb","itemListElement":[{"@type":"ListItem","position":1,"name":"Home","item":"https:\/\/biljardi.fi\/en\/home\/"},{"@type":"ListItem","position":2,"name":"Privacy policy"}]},{"@type":"WebSite","@id":"https:\/\/biljardi.fi\/en\/#website","url":"https:\/\/biljardi.fi\/en\/","name":"Suomen Biljardimyynti Oy","description":"Biljardip\u00f6yd\u00e4t, Biljardi, Darts, Ilmakiekko, P\u00f6yt\u00e4jalkapallo","publisher":{"@id":"https:\/\/biljardi.fi\/en\/#organization"},"potentialAction":[{"@type":"SearchAction","target":{"@type":"EntryPoint","urlTemplate":"https:\/\/biljardi.fi\/en\/?s={search_term_string}"},"query-input":{"@type":"PropertyValueSpecification","valueRequired":true,"valueName":"search_term_string"}}],"inLanguage":"en-US"},{"@type":"Organization","@id":"https:\/\/biljardi.fi\/en\/#organization","name":"Suomen Biljardimyynti Oy","url":"https:\/\/biljardi.fi\/en\/","logo":{"@type":"ImageObject","inLanguage":"en-US","@id":"https:\/\/biljardi.fi\/en\/#\/schema\/logo\/image\/","url":"https:\/\/biljardi.fi\/wp-content\/uploads\/2025\/10\/logo_uus-1.png","contentUrl":"https:\/\/biljardi.fi\/wp-content\/uploads\/2025\/10\/logo_uus-1.png","width":360,"height":94,"caption":"Suomen Biljardimyynti Oy"},"image":{"@id":"https:\/\/biljardi.fi\/en\/#\/schema\/logo\/image\/"}}]}},"_links":{"self":[{"href":"https:\/\/biljardi.fi\/en\/wp-json\/wp\/v2\/pages\/71444","targetHints":{"allow":["GET"]}}],"collection":[{"href":"https:\/\/biljardi.fi\/en\/wp-json\/wp\/v2\/pages"}],"about":[{"href":"https:\/\/biljardi.fi\/en\/wp-json\/wp\/v2\/types\/page"}],"author":[{"embeddable":true,"href":"https:\/\/biljardi.fi\/en\/wp-json\/wp\/v2\/users\/1"}],"replies":[{"embeddable":true,"href":"https:\/\/biljardi.fi\/en\/wp-json\/wp\/v2\/comments?post=71444"}],"version-history":[{"count":0,"href":"https:\/\/biljardi.fi\/en\/wp-json\/wp\/v2\/pages\/71444\/revisions"}],"wp:attachment":[{"href":"https:\/\/biljardi.fi\/en\/wp-json\/wp\/v2\/media?parent=71444"}],"curies":[{"name":"wp","href":"https:\/\/api.w.org\/{rel}","templated":true}]}}