{"id":71433,"date":"2017-10-30T16:36:50","date_gmt":"2017-10-30T14:36:50","guid":{"rendered":"https:\/\/biljardi.fi\/brands\/"},"modified":"2026-03-30T15:36:54","modified_gmt":"2026-03-30T12:36:54","slug":"brands","status":"publish","type":"page","link":"https:\/\/biljardi.fi\/en\/brands\/","title":{"rendered":"Brands"},"content":{"rendered":"\t\t<div data-elementor-type=\"wp-page\" data-elementor-id=\"71433\" class=\"elementor elementor-71433 elementor-46389\" data-elementor-post-type=\"page\">\n\t\t\t\t<div class=\"elementor-element elementor-element-3462432 e-flex e-con-boxed e-con e-parent\" data-id=\"3462432\" data-element_type=\"container\" data-e-type=\"container\">\n\t\t\t\t\t<div class=\"e-con-inner\">\n\t\t\t\t<div class=\"elementor-element elementor-element-42dd834b elementor-widget elementor-widget-text-editor\" data-id=\"42dd834b\" data-element_type=\"widget\" data-e-type=\"widget\" data-widget_type=\"text-editor.default\">\n\t\t\t\t\t\t\t\t\t<div id=\"pl-46389\" class=\"panel-layout\"><div id=\"pg-46389-0\" class=\"panel-grid panel-no-style\" data-style=\"{\"background_display\":\"tile\",\"collapse_behaviour\":\"no_collapse\",\"cell_alignment\":\"flex-start\",\"iw-visible-screen\":\"iw-all\",\"iw-visible-layout\":\"iw-all\"}\" data-ratio=\"1\" data-ratio-direction=\"right\"><div id=\"pgc-46389-0-0\" class=\"panel-grid-cell\" data-weight=\"0.16666666666667\"><div id=\"panel-46389-0-5-3\" class=\"so-panel widget widget_sow-image panel-last-child\" data-index=\"23\" data-style=\"{\"background_image_attachment\":false,\"background_display\":\"tile\",\"iw-visible-screen\":\"iw-all\",\"iw-visible-layout\":\"iw-all\"}\"><div id=\"pgc-46389-1-0\" class=\"panel-grid-cell\" data-weight=\"1\"><div id=\"panel-46389-1-0-0\" class=\"so-panel widget widget_sow-editor panel-first-child panel-last-child\" data-index=\"24\" data-style=\"{\"background_display\":\"tile\",\"iw-visible-screen\":\"iw-all\",\"iw-visible-layout\":\"iw-all\"}\"><div class=\"so-widget-sow-editor so-widget-sow-editor-base\"><div class=\"siteorigin-widget-tinymce textwidget\"><p><div id=\"brands_a_z\">\n\n\t<ul class=\"brands_index\">\n\t\t<li><span>a<\/span><\/li><li><a href=\"#brands-b\">b<\/a><\/li><li><span>c<\/span><\/li><li><a href=\"#brands-d\">d<\/a><\/li><li><span>e<\/span><\/li><li><span>f<\/span><\/li><li><span>g<\/span><\/li><li><span>h<\/span><\/li><li><a href=\"#brands-i\">i<\/a><\/li><li><span>j<\/span><\/li><li><span>k<\/span><\/li><li><span>l<\/span><\/li><li><a href=\"#brands-m\">m<\/a><\/li><li><span>n<\/span><\/li><li><span>o<\/span><\/li><li><a href=\"#brands-p\">p<\/a><\/li><li><span>q<\/span><\/li><li><span>r<\/span><\/li><li><span>s<\/span><\/li><li><a href=\"#brands-t\">t<\/a><\/li><li><span>u<\/span><\/li><li><span>v<\/span><\/li><li><span>w<\/span><\/li><li><span>x<\/span><\/li><li><span>y<\/span><\/li><li><span>z<\/span><\/li><li><span>0-9<\/span><\/li>\t<\/ul>\n\n\t\n\t\t\t<h3 id=\"brands-b\">b<\/h3>\n\n\t\t\t<ul class=\"brands\">\n\t\t\t\t<li><a href=\"https:\/\/biljardi.fi\/tuotemerkit\/bulls\/\">Bull&#8217;s<\/a><\/li>\t\t\t<\/ul>\n\n\t\t\t\t\t\t\t<a class=\"top\" href=\"#brands_a_z\">&uarr; Top<\/a>\n\t\t\t\n\t\t\t\n\t\t\t<h3 id=\"brands-d\">d<\/h3>\n\n\t\t\t<ul class=\"brands\">\n\t\t\t\t<li><a href=\"https:\/\/biljardi.fi\/tuotemerkit\/dynamic\/\">Dynamic<\/a><\/li>\t\t\t<\/ul>\n\n\t\t\t\t\t\t\t<a class=\"top\" href=\"#brands_a_z\">&uarr; Top<\/a>\n\t\t\t\n\t\t\t\n\t\t\t<h3 id=\"brands-i\">i<\/h3>\n\n\t\t\t<ul class=\"brands\">\n\t\t\t\t<li><a href=\"https:\/\/biljardi.fi\/tuotemerkit\/ignite\/\">Ignite<\/a><\/li>\t\t\t<\/ul>\n\n\t\t\t\t\t\t\t<a class=\"top\" href=\"#brands_a_z\">&uarr; Top<\/a>\n\t\t\t\n\t\t\t\n\t\t\t<h3 id=\"brands-m\">m<\/h3>\n\n\t\t\t<ul class=\"brands\">\n\t\t\t\t<li><a href=\"https:\/\/biljardi.fi\/tuotemerkit\/mezz\/\">Mezz<\/a><\/li>\t\t\t<\/ul>\n\n\t\t\t\t\t\t\t<a class=\"top\" href=\"#brands_a_z\">&uarr; Top<\/a>\n\t\t\t\n\t\t\t\n\t\t\t<h3 id=\"brands-p\">p<\/h3>\n\n\t\t\t<ul class=\"brands\">\n\t\t\t\t<li><a href=\"https:\/\/biljardi.fi\/tuotemerkit\/players-2\/\">Players<\/a><\/li><li><a href=\"https:\/\/biljardi.fi\/tuotemerkit\/players\/\">Players<\/a><\/li>\t\t\t<\/ul>\n\n\t\t\t\t\t\t\t<a class=\"top\" href=\"#brands_a_z\">&uarr; Top<\/a>\n\t\t\t\n\t\t\t\n\t\t\t<h3 id=\"brands-t\">t<\/h3>\n\n\t\t\t<ul class=\"brands\">\n\t\t\t\t<li><a href=\"https:\/\/biljardi.fi\/tuotemerkit\/taom\/\">Taom<\/a><\/li><li><a href=\"https:\/\/biljardi.fi\/tuotemerkit\/target-darts\/\">Target Darts<\/a><\/li>\t\t\t<\/ul>\n\n\t\t\t\t\t\t\t<a class=\"top\" href=\"#brands_a_z\">&uarr; Top<\/a>\n\t\t\t\n\t\t\t\n<\/div>\n<\/p><\/div><\/div><\/div><\/div><\/div><\/div><\/div><\/div>\t\t\t\t\t\t\t\t<\/div>\n\t\t\t\t\t<\/div>\n\t\t\t\t<\/div>\n\t\t\t\t<\/div>\n\t\t","protected":false},"excerpt":{"rendered":"","protected":false},"author":1,"featured_media":0,"parent":0,"menu_order":0,"comment_status":"closed","ping_status":"closed","template":"","meta":{"footnotes":""},"class_list":["post-71433","page","type-page","status-publish","hentry"],"yoast_head":"<!-- This site is optimized with the Yoast SEO plugin v27.6 - https:\/\/yoast.com\/product\/yoast-seo-wordpress\/ -->\n<title>Brands - Suomen Biljardimyynti Oy<\/title>\n<meta name=\"robots\" content=\"index, follow, max-snippet:-1, max-image-preview:large, max-video-preview:-1\" \/>\n<link rel=\"canonical\" href=\"https:\/\/biljardi.fi\/en\/brands\/\" \/>\n<meta property=\"og:locale\" content=\"en_US\" \/>\n<meta property=\"og:type\" content=\"article\" \/>\n<meta property=\"og:title\" content=\"Brands - Suomen Biljardimyynti Oy\" \/>\n<meta property=\"og:url\" content=\"https:\/\/biljardi.fi\/en\/brands\/\" \/>\n<meta property=\"og:site_name\" content=\"Suomen Biljardimyynti Oy\" \/>\n<meta property=\"article:modified_time\" content=\"2026-03-30T12:36:54+00:00\" \/>\n<meta name=\"twitter:card\" content=\"summary_large_image\" \/>\n<script type=\"application\/ld+json\" class=\"yoast-schema-graph\">{\"@context\":\"https:\\\/\\\/schema.org\",\"@graph\":[{\"@type\":\"WebPage\",\"@id\":\"https:\\\/\\\/biljardi.fi\\\/en\\\/brands\\\/\",\"url\":\"https:\\\/\\\/biljardi.fi\\\/en\\\/brands\\\/\",\"name\":\"Brands - Suomen Biljardimyynti Oy\",\"isPartOf\":{\"@id\":\"https:\\\/\\\/biljardi.fi\\\/en\\\/#website\"},\"datePublished\":\"2017-10-30T14:36:50+00:00\",\"dateModified\":\"2026-03-30T12:36:54+00:00\",\"breadcrumb\":{\"@id\":\"https:\\\/\\\/biljardi.fi\\\/en\\\/brands\\\/#breadcrumb\"},\"inLanguage\":\"en-US\",\"potentialAction\":[{\"@type\":\"ReadAction\",\"target\":[\"https:\\\/\\\/biljardi.fi\\\/en\\\/brands\\\/\"]}]},{\"@type\":\"BreadcrumbList\",\"@id\":\"https:\\\/\\\/biljardi.fi\\\/en\\\/brands\\\/#breadcrumb\",\"itemListElement\":[{\"@type\":\"ListItem\",\"position\":1,\"name\":\"Etusivu\",\"item\":\"https:\\\/\\\/biljardi.fi\\\/en\\\/home\\\/\"},{\"@type\":\"ListItem\",\"position\":2,\"name\":\"Brands\"}]},{\"@type\":\"WebSite\",\"@id\":\"https:\\\/\\\/biljardi.fi\\\/en\\\/#website\",\"url\":\"https:\\\/\\\/biljardi.fi\\\/en\\\/\",\"name\":\"Suomen Biljardimyynti Oy\",\"description\":\"Biljardip\u00f6yd\u00e4t, Biljardi, Darts, Ilmakiekko, P\u00f6yt\u00e4jalkapallo\",\"publisher\":{\"@id\":\"https:\\\/\\\/biljardi.fi\\\/en\\\/#organization\"},\"potentialAction\":[{\"@type\":\"SearchAction\",\"target\":{\"@type\":\"EntryPoint\",\"urlTemplate\":\"https:\\\/\\\/biljardi.fi\\\/en\\\/?s={search_term_string}\"},\"query-input\":{\"@type\":\"PropertyValueSpecification\",\"valueRequired\":true,\"valueName\":\"search_term_string\"}}],\"inLanguage\":\"en-US\"},{\"@type\":\"Organization\",\"@id\":\"https:\\\/\\\/biljardi.fi\\\/en\\\/#organization\",\"name\":\"Suomen Biljardimyynti Oy\",\"url\":\"https:\\\/\\\/biljardi.fi\\\/en\\\/\",\"logo\":{\"@type\":\"ImageObject\",\"inLanguage\":\"en-US\",\"@id\":\"https:\\\/\\\/biljardi.fi\\\/en\\\/#\\\/schema\\\/logo\\\/image\\\/\",\"url\":\"https:\\\/\\\/biljardi.fi\\\/wp-content\\\/uploads\\\/2025\\\/10\\\/logo_uus-1.png\",\"contentUrl\":\"https:\\\/\\\/biljardi.fi\\\/wp-content\\\/uploads\\\/2025\\\/10\\\/logo_uus-1.png\",\"width\":360,\"height\":94,\"caption\":\"Suomen Biljardimyynti Oy\"},\"image\":{\"@id\":\"https:\\\/\\\/biljardi.fi\\\/en\\\/#\\\/schema\\\/logo\\\/image\\\/\"}}]}<\/script>\n<!-- \/ Yoast SEO plugin. -->","yoast_head_json":{"title":"Brands - Suomen Biljardimyynti Oy","robots":{"index":"index","follow":"follow","max-snippet":"max-snippet:-1","max-image-preview":"max-image-preview:large","max-video-preview":"max-video-preview:-1"},"canonical":"https:\/\/biljardi.fi\/en\/brands\/","og_locale":"en_US","og_type":"article","og_title":"Brands - Suomen Biljardimyynti Oy","og_url":"https:\/\/biljardi.fi\/en\/brands\/","og_site_name":"Suomen Biljardimyynti Oy","article_modified_time":"2026-03-30T12:36:54+00:00","twitter_card":"summary_large_image","schema":{"@context":"https:\/\/schema.org","@graph":[{"@type":"WebPage","@id":"https:\/\/biljardi.fi\/en\/brands\/","url":"https:\/\/biljardi.fi\/en\/brands\/","name":"Brands - Suomen Biljardimyynti Oy","isPartOf":{"@id":"https:\/\/biljardi.fi\/en\/#website"},"datePublished":"2017-10-30T14:36:50+00:00","dateModified":"2026-03-30T12:36:54+00:00","breadcrumb":{"@id":"https:\/\/biljardi.fi\/en\/brands\/#breadcrumb"},"inLanguage":"en-US","potentialAction":[{"@type":"ReadAction","target":["https:\/\/biljardi.fi\/en\/brands\/"]}]},{"@type":"BreadcrumbList","@id":"https:\/\/biljardi.fi\/en\/brands\/#breadcrumb","itemListElement":[{"@type":"ListItem","position":1,"name":"Etusivu","item":"https:\/\/biljardi.fi\/en\/home\/"},{"@type":"ListItem","position":2,"name":"Brands"}]},{"@type":"WebSite","@id":"https:\/\/biljardi.fi\/en\/#website","url":"https:\/\/biljardi.fi\/en\/","name":"Suomen Biljardimyynti Oy","description":"Biljardip\u00f6yd\u00e4t, Biljardi, Darts, Ilmakiekko, P\u00f6yt\u00e4jalkapallo","publisher":{"@id":"https:\/\/biljardi.fi\/en\/#organization"},"potentialAction":[{"@type":"SearchAction","target":{"@type":"EntryPoint","urlTemplate":"https:\/\/biljardi.fi\/en\/?s={search_term_string}"},"query-input":{"@type":"PropertyValueSpecification","valueRequired":true,"valueName":"search_term_string"}}],"inLanguage":"en-US"},{"@type":"Organization","@id":"https:\/\/biljardi.fi\/en\/#organization","name":"Suomen Biljardimyynti Oy","url":"https:\/\/biljardi.fi\/en\/","logo":{"@type":"ImageObject","inLanguage":"en-US","@id":"https:\/\/biljardi.fi\/en\/#\/schema\/logo\/image\/","url":"https:\/\/biljardi.fi\/wp-content\/uploads\/2025\/10\/logo_uus-1.png","contentUrl":"https:\/\/biljardi.fi\/wp-content\/uploads\/2025\/10\/logo_uus-1.png","width":360,"height":94,"caption":"Suomen Biljardimyynti Oy"},"image":{"@id":"https:\/\/biljardi.fi\/en\/#\/schema\/logo\/image\/"}}]}},"_links":{"self":[{"href":"https:\/\/biljardi.fi\/en\/wp-json\/wp\/v2\/pages\/71433","targetHints":{"allow":["GET"]}}],"collection":[{"href":"https:\/\/biljardi.fi\/en\/wp-json\/wp\/v2\/pages"}],"about":[{"href":"https:\/\/biljardi.fi\/en\/wp-json\/wp\/v2\/types\/page"}],"author":[{"embeddable":true,"href":"https:\/\/biljardi.fi\/en\/wp-json\/wp\/v2\/users\/1"}],"replies":[{"embeddable":true,"href":"https:\/\/biljardi.fi\/en\/wp-json\/wp\/v2\/comments?post=71433"}],"version-history":[{"count":0,"href":"https:\/\/biljardi.fi\/en\/wp-json\/wp\/v2\/pages\/71433\/revisions"}],"wp:attachment":[{"href":"https:\/\/biljardi.fi\/en\/wp-json\/wp\/v2\/media?parent=71433"}],"curies":[{"name":"wp","href":"https:\/\/api.w.org\/{rel}","templated":true}]}}